{"id":39034,"date":"2023-10-11T15:11:24","date_gmt":"2023-10-11T13:11:24","guid":{"rendered":"https:\/\/antersystem.com\/novinky\/product-of-the-year-2019\/"},"modified":"2026-02-02T15:24:52","modified_gmt":"2026-02-02T14:24:52","slug":"product-of-the-year-2019","status":"publish","type":"page","link":"https:\/\/antersystem.com\/cs\/novinky\/product-of-the-year-2019\/","title":{"rendered":"V\u00fdrobek roku 2019"},"content":{"rendered":"\n<div class=\"wp-block-columns is-layout-flex wp-container-core-columns-is-layout-9d6595d7 wp-block-columns-is-layout-flex\">\n<div class=\"wp-block-column is-layout-flow wp-block-column-is-layout-flow\" style=\"flex-basis:10%\"><\/div>\n\n\n\n<div class=\"wp-block-column is-layout-flow wp-block-column-is-layout-flow\">\n<h3 class=\"wp-block-heading\">Podp\u011bra n\u00e1v\u011bsu JST 1.2 zv\u00edt\u011bzila v anket\u011b Technika a \u00fadr\u017eba &#8211; v\u00fdrobek roku 2019<\/h3>\n\n\n\n<p style=\"text-align: left;\">Podp\u011bra n\u00e1v\u011bsu JST 1.2 je ur\u010dena k zaji\u0161t\u011bn\u00ed bezpe\u010dnosti p\u0159i nakl\u00e1d\u00e1n\u00ed a vykl\u00e1d\u00e1n\u00ed zbo\u017e\u00ed z n\u00e1v\u011bsu bez pou\u017eit\u00ed taha\u010de. Podp\u011bra \u00fa\u010dinn\u011b zabra\u0148uje naklon\u011bn\u00ed nebo p\u0159evr\u00e1cen\u00ed n\u00e1v\u011bsu, \u010d\u00edm\u017e minimalizuje riziko nehod. <strong>V\u00fdhody investic do spr\u00e1vn\u00fdch bezpe\u010dnostn\u00edch \u0159e\u0161en\u00ed na nakl\u00e1dac\u00edch stanic\u00edch byly ocen\u011bny v anket\u011b Engineering &amp; Maintenance a <a href=\"https:\/\/utrzymanieruchu.pl\/konkurs-produkt-roku-2019-rozstrzygniety\/\">podp\u011bra n\u00e1v\u011bsu JST 1.2 z\u00edskala v t\u00e9to kategorii ocen\u011bn\u00ed Produkt roku 2019: Dopravn\u00ed za\u0159\u00edzen\u00ed.<\/a><\/strong> <\/p>\n<p style=\"text-align: left;\">V\u00fdrobek je vybaven samonivela\u010dn\u00edm syst\u00e9mem a jeho v\u00fd\u0161ku lze nastavit podle pot\u0159eby. D\u00edky pohybliv\u00e9mu syst\u00e9mu lze podp\u011bru snadno um\u00edstit pod n\u00e1v\u011bs. V\u00fdrobci n\u00e1v\u011bs\u016f doporu\u010duj\u00ed pou\u017e\u00edvat podp\u011bry p\u0159i nakl\u00e1d\u00e1n\u00ed bez taha\u010d\u016f &#8211; na n\u011bkter\u00fdch n\u00e1v\u011bsech lze nav\u00edc nal\u00e9zt v\u00fdstra\u017en\u00e9 n\u00e1lepky doporu\u010duj\u00edc\u00ed pou\u017eit\u00ed p\u0159\u00eddavn\u00fdch podp\u011br.  <\/p>\n\n\n<div class=\"wp-block-image\">\n<figure class=\"aligncenter size-full is-resized\"><img loading=\"lazy\" decoding=\"async\" src=\"https:\/\/antersystem.com\/wp-content\/uploads\/Produkt-roku-2019-1.png\" alt=\"\" class=\"wp-image-2832\" style=\"width:485px;height:451px\" width=\"485\" height=\"451\" srcset=\"https:\/\/antersystem.com\/wp-content\/uploads\/Produkt-roku-2019-1.png 648w, https:\/\/antersystem.com\/wp-content\/uploads\/Produkt-roku-2019-1-300x279.png 300w, https:\/\/antersystem.com\/wp-content\/uploads\/Produkt-roku-2019-1-450x419.png 450w, https:\/\/antersystem.com\/wp-content\/uploads\/Produkt-roku-2019-1-330x307.png 330w\" sizes=\"auto, (max-width: 485px) 100vw, 485px\" \/><\/figure><\/div><\/div>\n\n\n\n<div class=\"wp-block-column is-layout-flow wp-block-column-is-layout-flow\" style=\"flex-basis:10%\"><\/div>\n<\/div>\n","protected":false},"excerpt":{"rendered":"<p>Podp\u011bra n\u00e1v\u011bsu JST 1.2 zv\u00edt\u011bzila v anket\u011b Technika a \u00fadr\u017eba &#8211; v\u00fdrobek roku 2019 Podp\u011bra n\u00e1v\u011bsu JST 1.2 je ur\u010dena k zaji\u0161t\u011bn\u00ed bezpe\u010dnosti p\u0159i nakl\u00e1d\u00e1n\u00ed a vykl\u00e1d\u00e1n\u00ed zbo\u017e\u00ed z n\u00e1v\u011bsu bez pou\u017eit\u00ed taha\u010de. Podp\u011bra \u00fa\u010dinn\u011b zabra\u0148uje naklon\u011bn\u00ed nebo p\u0159evr\u00e1cen\u00ed n\u00e1v\u011bsu, \u010d\u00edm\u017e minimalizuje riziko nehod. V\u00fdhody investic do spr\u00e1vn\u00fdch bezpe\u010dnostn\u00edch \u0159e\u0161en\u00ed na nakl\u00e1dac\u00edch stanic\u00edch byly ocen\u011bny [&hellip;]<\/p>\n","protected":false},"author":1,"featured_media":0,"parent":30524,"menu_order":0,"comment_status":"closed","ping_status":"closed","template":"","meta":{"inline_featured_image":false,"ngg_post_thumbnail":0,"footnotes":""},"class_list":["post-39034","page","type-page","status-publish","hentry"],"acf":[],"yoast_head":"<!-- This site is optimized with the Yoast SEO plugin v27.0 - https:\/\/yoast.com\/product\/yoast-seo-wordpress\/ -->\n<title>V\u00fdrobek roku 2019 - Anter System<\/title>\n<meta name=\"description\" content=\"Podp\u011bra n\u00e1v\u011bsu JST 1.2 zv\u00edt\u011bzila v anket\u011b Technika a \u00fadr\u017eba - v\u00fdrobek roku 2019 Podp\u011bra n\u00e1v\u011bsu JST 1.2 je ur\u010dena k zaji\u0161t\u011bn\u00ed bezpe\u010dnosti p\u0159i nakl\u00e1d\u00e1n\u00ed a\" \/>\n<meta name=\"robots\" content=\"index, follow, max-snippet:-1, max-image-preview:large, max-video-preview:-1\" \/>\n<link rel=\"canonical\" href=\"https:\/\/antersystem.com\/cs\/novinky\/product-of-the-year-2019\/\" \/>\n<meta property=\"og:locale\" content=\"cs_CZ\" \/>\n<meta property=\"og:type\" content=\"article\" \/>\n<meta property=\"og:title\" content=\"V\u00fdrobek roku 2019 - Anter System\" \/>\n<meta property=\"og:description\" content=\"Podp\u011bra n\u00e1v\u011bsu JST 1.2 zv\u00edt\u011bzila v anket\u011b Technika a \u00fadr\u017eba - v\u00fdrobek roku 2019 Podp\u011bra n\u00e1v\u011bsu JST 1.2 je ur\u010dena k zaji\u0161t\u011bn\u00ed bezpe\u010dnosti p\u0159i nakl\u00e1d\u00e1n\u00ed a\" \/>\n<meta property=\"og:url\" content=\"https:\/\/antersystem.com\/cs\/novinky\/product-of-the-year-2019\/\" \/>\n<meta property=\"og:site_name\" content=\"Anter System\" \/>\n<meta property=\"article:modified_time\" content=\"2026-02-02T14:24:52+00:00\" \/>\n<meta property=\"og:image\" content=\"https:\/\/antersystem.com\/wp-content\/uploads\/Produkt-roku-2019-1.png\" \/>\n<meta name=\"twitter:card\" content=\"summary_large_image\" \/>\n<meta name=\"twitter:label1\" content=\"Odhadovan\u00e1 doba \u010dten\u00ed\" \/>\n\t<meta name=\"twitter:data1\" content=\"1 minuta\" \/>\n<script type=\"application\/ld+json\" class=\"yoast-schema-graph\">{\"@context\":\"https:\/\/schema.org\",\"@graph\":[{\"@type\":\"WebPage\",\"@id\":\"https:\/\/antersystem.com\/cs\/novinky\/product-of-the-year-2019\/\",\"url\":\"https:\/\/antersystem.com\/cs\/novinky\/product-of-the-year-2019\/\",\"name\":\"V\u00fdrobek roku 2019 - Anter System\",\"isPartOf\":{\"@id\":\"https:\/\/antersystem.com\/cs\/#website\"},\"primaryImageOfPage\":{\"@id\":\"https:\/\/antersystem.com\/cs\/novinky\/product-of-the-year-2019\/#primaryimage\"},\"image\":{\"@id\":\"https:\/\/antersystem.com\/cs\/novinky\/product-of-the-year-2019\/#primaryimage\"},\"thumbnailUrl\":\"https:\/\/antersystem.com\/wp-content\/uploads\/Produkt-roku-2019-1.png\",\"datePublished\":\"2023-10-11T13:11:24+00:00\",\"dateModified\":\"2026-02-02T14:24:52+00:00\",\"description\":\"Podp\u011bra n\u00e1v\u011bsu JST 1.2 zv\u00edt\u011bzila v anket\u011b Technika a \u00fadr\u017eba - v\u00fdrobek roku 2019 Podp\u011bra n\u00e1v\u011bsu JST 1.2 je ur\u010dena k zaji\u0161t\u011bn\u00ed bezpe\u010dnosti p\u0159i nakl\u00e1d\u00e1n\u00ed a\",\"breadcrumb\":{\"@id\":\"https:\/\/antersystem.com\/cs\/novinky\/product-of-the-year-2019\/#breadcrumb\"},\"inLanguage\":\"cs\",\"potentialAction\":[{\"@type\":\"ReadAction\",\"target\":[\"https:\/\/antersystem.com\/cs\/novinky\/product-of-the-year-2019\/\"]}]},{\"@type\":\"ImageObject\",\"inLanguage\":\"cs\",\"@id\":\"https:\/\/antersystem.com\/cs\/novinky\/product-of-the-year-2019\/#primaryimage\",\"url\":\"https:\/\/antersystem.com\/wp-content\/uploads\/Produkt-roku-2019-1.png\",\"contentUrl\":\"https:\/\/antersystem.com\/wp-content\/uploads\/Produkt-roku-2019-1.png\"},{\"@type\":\"BreadcrumbList\",\"@id\":\"https:\/\/antersystem.com\/cs\/novinky\/product-of-the-year-2019\/#breadcrumb\",\"itemListElement\":[{\"@type\":\"ListItem\",\"position\":1,\"name\":\"AnterSystem\",\"item\":\"https:\/\/antersystem.com\/cs\/\"},{\"@type\":\"ListItem\",\"position\":2,\"name\":\"Zpr\u00e1vy\",\"item\":\"https:\/\/antersystem.com\/cs\/novinky\/\"},{\"@type\":\"ListItem\",\"position\":3,\"name\":\"V\u00fdrobek roku 2019\"}]},{\"@type\":\"WebSite\",\"@id\":\"https:\/\/antersystem.com\/cs\/#website\",\"url\":\"https:\/\/antersystem.com\/cs\/\",\"name\":\"Anter System\",\"description\":\"Jeste\u015bmy polskim producentem elastycznych barier ochronnych wykonywanych z polimerowych tworzyw sztucznych. Na rynku krajowym i zagranicznym dzia\u0142amy od ponad 15 lat dbaj\u0105c o zapewnienie bezpiecze\u0144stwa w zak\u0142adach produkcyjnych, magazynach oraz centrach logistycznych.\",\"potentialAction\":[{\"@type\":\"SearchAction\",\"target\":{\"@type\":\"EntryPoint\",\"urlTemplate\":\"https:\/\/antersystem.com\/cs\/?s={search_term_string}\"},\"query-input\":{\"@type\":\"PropertyValueSpecification\",\"valueRequired\":true,\"valueName\":\"search_term_string\"}}],\"inLanguage\":\"cs\"}]}<\/script>\n<!-- \/ Yoast SEO plugin. -->","yoast_head_json":{"title":"V\u00fdrobek roku 2019 - Anter System","description":"Podp\u011bra n\u00e1v\u011bsu JST 1.2 zv\u00edt\u011bzila v anket\u011b Technika a \u00fadr\u017eba - v\u00fdrobek roku 2019 Podp\u011bra n\u00e1v\u011bsu JST 1.2 je ur\u010dena k zaji\u0161t\u011bn\u00ed bezpe\u010dnosti p\u0159i nakl\u00e1d\u00e1n\u00ed a","robots":{"index":"index","follow":"follow","max-snippet":"max-snippet:-1","max-image-preview":"max-image-preview:large","max-video-preview":"max-video-preview:-1"},"canonical":"https:\/\/antersystem.com\/cs\/novinky\/product-of-the-year-2019\/","og_locale":"cs_CZ","og_type":"article","og_title":"V\u00fdrobek roku 2019 - Anter System","og_description":"Podp\u011bra n\u00e1v\u011bsu JST 1.2 zv\u00edt\u011bzila v anket\u011b Technika a \u00fadr\u017eba - v\u00fdrobek roku 2019 Podp\u011bra n\u00e1v\u011bsu JST 1.2 je ur\u010dena k zaji\u0161t\u011bn\u00ed bezpe\u010dnosti p\u0159i nakl\u00e1d\u00e1n\u00ed a","og_url":"https:\/\/antersystem.com\/cs\/novinky\/product-of-the-year-2019\/","og_site_name":"Anter System","article_modified_time":"2026-02-02T14:24:52+00:00","og_image":[{"url":"https:\/\/antersystem.com\/wp-content\/uploads\/Produkt-roku-2019-1.png","type":"","width":"","height":""}],"twitter_card":"summary_large_image","twitter_misc":{"Odhadovan\u00e1 doba \u010dten\u00ed":"1 minuta"},"schema":{"@context":"https:\/\/schema.org","@graph":[{"@type":"WebPage","@id":"https:\/\/antersystem.com\/cs\/novinky\/product-of-the-year-2019\/","url":"https:\/\/antersystem.com\/cs\/novinky\/product-of-the-year-2019\/","name":"V\u00fdrobek roku 2019 - Anter System","isPartOf":{"@id":"https:\/\/antersystem.com\/cs\/#website"},"primaryImageOfPage":{"@id":"https:\/\/antersystem.com\/cs\/novinky\/product-of-the-year-2019\/#primaryimage"},"image":{"@id":"https:\/\/antersystem.com\/cs\/novinky\/product-of-the-year-2019\/#primaryimage"},"thumbnailUrl":"https:\/\/antersystem.com\/wp-content\/uploads\/Produkt-roku-2019-1.png","datePublished":"2023-10-11T13:11:24+00:00","dateModified":"2026-02-02T14:24:52+00:00","description":"Podp\u011bra n\u00e1v\u011bsu JST 1.2 zv\u00edt\u011bzila v anket\u011b Technika a \u00fadr\u017eba - v\u00fdrobek roku 2019 Podp\u011bra n\u00e1v\u011bsu JST 1.2 je ur\u010dena k zaji\u0161t\u011bn\u00ed bezpe\u010dnosti p\u0159i nakl\u00e1d\u00e1n\u00ed a","breadcrumb":{"@id":"https:\/\/antersystem.com\/cs\/novinky\/product-of-the-year-2019\/#breadcrumb"},"inLanguage":"cs","potentialAction":[{"@type":"ReadAction","target":["https:\/\/antersystem.com\/cs\/novinky\/product-of-the-year-2019\/"]}]},{"@type":"ImageObject","inLanguage":"cs","@id":"https:\/\/antersystem.com\/cs\/novinky\/product-of-the-year-2019\/#primaryimage","url":"https:\/\/antersystem.com\/wp-content\/uploads\/Produkt-roku-2019-1.png","contentUrl":"https:\/\/antersystem.com\/wp-content\/uploads\/Produkt-roku-2019-1.png"},{"@type":"BreadcrumbList","@id":"https:\/\/antersystem.com\/cs\/novinky\/product-of-the-year-2019\/#breadcrumb","itemListElement":[{"@type":"ListItem","position":1,"name":"AnterSystem","item":"https:\/\/antersystem.com\/cs\/"},{"@type":"ListItem","position":2,"name":"Zpr\u00e1vy","item":"https:\/\/antersystem.com\/cs\/novinky\/"},{"@type":"ListItem","position":3,"name":"V\u00fdrobek roku 2019"}]},{"@type":"WebSite","@id":"https:\/\/antersystem.com\/cs\/#website","url":"https:\/\/antersystem.com\/cs\/","name":"Anter System","description":"Jeste\u015bmy polskim producentem elastycznych barier ochronnych wykonywanych z polimerowych tworzyw sztucznych. Na rynku krajowym i zagranicznym dzia\u0142amy od ponad 15 lat dbaj\u0105c o zapewnienie bezpiecze\u0144stwa w zak\u0142adach produkcyjnych, magazynach oraz centrach logistycznych.","potentialAction":[{"@type":"SearchAction","target":{"@type":"EntryPoint","urlTemplate":"https:\/\/antersystem.com\/cs\/?s={search_term_string}"},"query-input":{"@type":"PropertyValueSpecification","valueRequired":true,"valueName":"search_term_string"}}],"inLanguage":"cs"}]}},"_links":{"self":[{"href":"https:\/\/antersystem.com\/cs\/wp-json\/wp\/v2\/pages\/39034","targetHints":{"allow":["GET"]}}],"collection":[{"href":"https:\/\/antersystem.com\/cs\/wp-json\/wp\/v2\/pages"}],"about":[{"href":"https:\/\/antersystem.com\/cs\/wp-json\/wp\/v2\/types\/page"}],"author":[{"embeddable":true,"href":"https:\/\/antersystem.com\/cs\/wp-json\/wp\/v2\/users\/1"}],"replies":[{"embeddable":true,"href":"https:\/\/antersystem.com\/cs\/wp-json\/wp\/v2\/comments?post=39034"}],"version-history":[{"count":1,"href":"https:\/\/antersystem.com\/cs\/wp-json\/wp\/v2\/pages\/39034\/revisions"}],"predecessor-version":[{"id":39035,"href":"https:\/\/antersystem.com\/cs\/wp-json\/wp\/v2\/pages\/39034\/revisions\/39035"}],"up":[{"embeddable":true,"href":"https:\/\/antersystem.com\/cs\/wp-json\/wp\/v2\/pages\/30524"}],"wp:attachment":[{"href":"https:\/\/antersystem.com\/cs\/wp-json\/wp\/v2\/media?parent=39034"}],"curies":[{"name":"wp","href":"https:\/\/api.w.org\/{rel}","templated":true}]}}