{"id":39068,"date":"2023-10-16T11:07:01","date_gmt":"2023-10-16T09:07:01","guid":{"rendered":"https:\/\/antersystem.com\/novinky\/proper-securing-of-a-trailer-without-a-tractor-unit\/"},"modified":"2026-02-02T15:47:17","modified_gmt":"2026-02-02T14:47:17","slug":"proper-securing-of-a-trailer-without-a-tractor-unit","status":"publish","type":"page","link":"https:\/\/antersystem.com\/cs\/novinky\/proper-securing-of-a-trailer-without-a-tractor-unit\/","title":{"rendered":"Podp\u016frn\u00fd bod v \u010dasopise MID"},"content":{"rendered":"\n<div class=\"wp-block-columns is-layout-flex wp-container-core-columns-is-layout-9d6595d7 wp-block-columns-is-layout-flex\">\n<div class=\"wp-block-column is-layout-flow wp-block-column-is-layout-flow\" style=\"flex-basis:10%\"><\/div>\n\n\n\n<div class=\"wp-block-column is-layout-flow wp-block-column-is-layout-flow\">\n<h3 class=\"wp-block-heading\">Bod podpory<\/h3>\n\n\n\n<p style=\"text-align: left;\">V srpnu 2019 vy\u0161el v \u010dasopise &#8222;Magazynowanie i Dystrybucja&#8220; \u010dl\u00e1nek popisuj\u00edc\u00ed funkce a pou\u017eit\u00ed podp\u011br n\u00e1v\u011bs\u016f, kter\u00e9 umo\u017e\u0148uj\u00ed nakl\u00e1d\u00e1n\u00ed a vykl\u00e1d\u00e1n\u00ed zbo\u017e\u00ed bez pou\u017eit\u00ed taha\u010de.<\/p>\n<p>Bezpe\u010dnost p\u0159edev\u0161\u00edm &#8211; doporu\u010dujeme v\u00e1m, abyste si ji p\u0159e\u010detli.<\/p>\n<p>&nbsp;<\/p>\n<\/div>\n\n\n\n<div class=\"wp-block-column is-layout-flow wp-block-column-is-layout-flow\" style=\"flex-basis:10%\"><\/div>\n<\/div>\n\n<div data-wp-interactive=\"core\/file\" class=\"wp-block-file\"><object data-wp-bind--hidden=\"!state.hasPdfPreview\" hidden class=\"wp-block-file__embed\" data=\"https:\/\/antersystem.com\/wp-content\/uploads\/MID70_antersystem_punkt-podparcia.pdf\" type=\"application\/pdf\" style=\"width:100%;height:600px\" aria-label=\"Vlo\u017eit z MID70_antersystem_punkt-podparcia.\"><\/object><a id=\"wp-block-file--media-ee450cea-ca59-4ce4-8c22-729773c7fc8d\" href=\"https:\/\/antersystem.com\/wp-content\/uploads\/MID70_antersystem_punkt-podparcia.pdf\">MID70_antersystem_punkt-podparcia<\/a><a href=\"https:\/\/antersystem.com\/wp-content\/uploads\/MID70_antersystem_punkt-podparcia.pdf\" class=\"wp-block-file__button wp-element-button\" download=\"\" aria-describedby=\"wp-block-file--media-ee450cea-ca59-4ce4-8c22-729773c7fc8d\">St\u00e1hnout<\/a><\/div>\n","protected":false},"excerpt":{"rendered":"<p>Bod podpory V srpnu 2019 vy\u0161el v \u010dasopise &#8222;Magazynowanie i Dystrybucja&#8220; \u010dl\u00e1nek popisuj\u00edc\u00ed funkce a pou\u017eit\u00ed podp\u011br n\u00e1v\u011bs\u016f, kter\u00e9 umo\u017e\u0148uj\u00ed nakl\u00e1d\u00e1n\u00ed a vykl\u00e1d\u00e1n\u00ed zbo\u017e\u00ed bez pou\u017eit\u00ed taha\u010de. Bezpe\u010dnost p\u0159edev\u0161\u00edm &#8211; doporu\u010dujeme v\u00e1m, abyste si ji p\u0159e\u010detli. &nbsp;<\/p>\n","protected":false},"author":1,"featured_media":0,"parent":30524,"menu_order":0,"comment_status":"closed","ping_status":"closed","template":"","meta":{"inline_featured_image":false,"ngg_post_thumbnail":0,"footnotes":""},"class_list":["post-39068","page","type-page","status-publish","hentry"],"acf":[],"yoast_head":"<!-- This site is optimized with the Yoast SEO plugin v27.0 - https:\/\/yoast.com\/product\/yoast-seo-wordpress\/ -->\n<title>Podp\u016frn\u00fd bod v \u010dasopise MID - Anter System<\/title>\n<meta name=\"description\" content=\"Stosuj\u0105c podporu pod naczepy, ograniczamy do minimum ryzyko uszkodzenia pojazdu, a pracownicy w spokoju i bezpiecznie mog\u0105 pracowa\u0107.\" \/>\n<meta name=\"robots\" content=\"index, follow, max-snippet:-1, max-image-preview:large, max-video-preview:-1\" \/>\n<link rel=\"canonical\" href=\"https:\/\/antersystem.com\/cs\/novinky\/proper-securing-of-a-trailer-without-a-tractor-unit\/\" \/>\n<meta property=\"og:locale\" content=\"cs_CZ\" \/>\n<meta property=\"og:type\" content=\"article\" \/>\n<meta property=\"og:title\" content=\"Podp\u016frn\u00fd bod v \u010dasopise MID - Anter System\" \/>\n<meta property=\"og:description\" content=\"Stosuj\u0105c podporu pod naczepy, ograniczamy do minimum ryzyko uszkodzenia pojazdu, a pracownicy w spokoju i bezpiecznie mog\u0105 pracowa\u0107.\" \/>\n<meta property=\"og:url\" content=\"https:\/\/antersystem.com\/cs\/novinky\/proper-securing-of-a-trailer-without-a-tractor-unit\/\" \/>\n<meta property=\"og:site_name\" content=\"Anter System\" \/>\n<meta property=\"article:modified_time\" content=\"2026-02-02T14:47:17+00:00\" \/>\n<meta name=\"twitter:card\" content=\"summary_large_image\" \/>\n<script type=\"application\/ld+json\" class=\"yoast-schema-graph\">{\"@context\":\"https:\/\/schema.org\",\"@graph\":[{\"@type\":\"WebPage\",\"@id\":\"https:\/\/antersystem.com\/cs\/novinky\/proper-securing-of-a-trailer-without-a-tractor-unit\/\",\"url\":\"https:\/\/antersystem.com\/cs\/novinky\/proper-securing-of-a-trailer-without-a-tractor-unit\/\",\"name\":\"Podp\u016frn\u00fd bod v \u010dasopise MID - Anter System\",\"isPartOf\":{\"@id\":\"https:\/\/antersystem.com\/cs\/#website\"},\"datePublished\":\"2023-10-16T09:07:01+00:00\",\"dateModified\":\"2026-02-02T14:47:17+00:00\",\"description\":\"Stosuj\u0105c podporu pod naczepy, ograniczamy do minimum ryzyko uszkodzenia pojazdu, a pracownicy w spokoju i bezpiecznie mog\u0105 pracowa\u0107.\",\"breadcrumb\":{\"@id\":\"https:\/\/antersystem.com\/cs\/novinky\/proper-securing-of-a-trailer-without-a-tractor-unit\/#breadcrumb\"},\"inLanguage\":\"cs\",\"potentialAction\":[{\"@type\":\"ReadAction\",\"target\":[\"https:\/\/antersystem.com\/cs\/novinky\/proper-securing-of-a-trailer-without-a-tractor-unit\/\"]}]},{\"@type\":\"BreadcrumbList\",\"@id\":\"https:\/\/antersystem.com\/cs\/novinky\/proper-securing-of-a-trailer-without-a-tractor-unit\/#breadcrumb\",\"itemListElement\":[{\"@type\":\"ListItem\",\"position\":1,\"name\":\"AnterSystem\",\"item\":\"https:\/\/antersystem.com\/cs\/\"},{\"@type\":\"ListItem\",\"position\":2,\"name\":\"Zpr\u00e1vy\",\"item\":\"https:\/\/antersystem.com\/cs\/novinky\/\"},{\"@type\":\"ListItem\",\"position\":3,\"name\":\"Podp\u016frn\u00fd bod v \u010dasopise MID\"}]},{\"@type\":\"WebSite\",\"@id\":\"https:\/\/antersystem.com\/cs\/#website\",\"url\":\"https:\/\/antersystem.com\/cs\/\",\"name\":\"Anter System\",\"description\":\"Jeste\u015bmy polskim producentem elastycznych barier ochronnych wykonywanych z polimerowych tworzyw sztucznych. Na rynku krajowym i zagranicznym dzia\u0142amy od ponad 15 lat dbaj\u0105c o zapewnienie bezpiecze\u0144stwa w zak\u0142adach produkcyjnych, magazynach oraz centrach logistycznych.\",\"potentialAction\":[{\"@type\":\"SearchAction\",\"target\":{\"@type\":\"EntryPoint\",\"urlTemplate\":\"https:\/\/antersystem.com\/cs\/?s={search_term_string}\"},\"query-input\":{\"@type\":\"PropertyValueSpecification\",\"valueRequired\":true,\"valueName\":\"search_term_string\"}}],\"inLanguage\":\"cs\"}]}<\/script>\n<!-- \/ Yoast SEO plugin. -->","yoast_head_json":{"title":"Podp\u016frn\u00fd bod v \u010dasopise MID - Anter System","description":"Stosuj\u0105c podporu pod naczepy, ograniczamy do minimum ryzyko uszkodzenia pojazdu, a pracownicy w spokoju i bezpiecznie mog\u0105 pracowa\u0107.","robots":{"index":"index","follow":"follow","max-snippet":"max-snippet:-1","max-image-preview":"max-image-preview:large","max-video-preview":"max-video-preview:-1"},"canonical":"https:\/\/antersystem.com\/cs\/novinky\/proper-securing-of-a-trailer-without-a-tractor-unit\/","og_locale":"cs_CZ","og_type":"article","og_title":"Podp\u016frn\u00fd bod v \u010dasopise MID - Anter System","og_description":"Stosuj\u0105c podporu pod naczepy, ograniczamy do minimum ryzyko uszkodzenia pojazdu, a pracownicy w spokoju i bezpiecznie mog\u0105 pracowa\u0107.","og_url":"https:\/\/antersystem.com\/cs\/novinky\/proper-securing-of-a-trailer-without-a-tractor-unit\/","og_site_name":"Anter System","article_modified_time":"2026-02-02T14:47:17+00:00","twitter_card":"summary_large_image","schema":{"@context":"https:\/\/schema.org","@graph":[{"@type":"WebPage","@id":"https:\/\/antersystem.com\/cs\/novinky\/proper-securing-of-a-trailer-without-a-tractor-unit\/","url":"https:\/\/antersystem.com\/cs\/novinky\/proper-securing-of-a-trailer-without-a-tractor-unit\/","name":"Podp\u016frn\u00fd bod v \u010dasopise MID - Anter System","isPartOf":{"@id":"https:\/\/antersystem.com\/cs\/#website"},"datePublished":"2023-10-16T09:07:01+00:00","dateModified":"2026-02-02T14:47:17+00:00","description":"Stosuj\u0105c podporu pod naczepy, ograniczamy do minimum ryzyko uszkodzenia pojazdu, a pracownicy w spokoju i bezpiecznie mog\u0105 pracowa\u0107.","breadcrumb":{"@id":"https:\/\/antersystem.com\/cs\/novinky\/proper-securing-of-a-trailer-without-a-tractor-unit\/#breadcrumb"},"inLanguage":"cs","potentialAction":[{"@type":"ReadAction","target":["https:\/\/antersystem.com\/cs\/novinky\/proper-securing-of-a-trailer-without-a-tractor-unit\/"]}]},{"@type":"BreadcrumbList","@id":"https:\/\/antersystem.com\/cs\/novinky\/proper-securing-of-a-trailer-without-a-tractor-unit\/#breadcrumb","itemListElement":[{"@type":"ListItem","position":1,"name":"AnterSystem","item":"https:\/\/antersystem.com\/cs\/"},{"@type":"ListItem","position":2,"name":"Zpr\u00e1vy","item":"https:\/\/antersystem.com\/cs\/novinky\/"},{"@type":"ListItem","position":3,"name":"Podp\u016frn\u00fd bod v \u010dasopise MID"}]},{"@type":"WebSite","@id":"https:\/\/antersystem.com\/cs\/#website","url":"https:\/\/antersystem.com\/cs\/","name":"Anter System","description":"Jeste\u015bmy polskim producentem elastycznych barier ochronnych wykonywanych z polimerowych tworzyw sztucznych. Na rynku krajowym i zagranicznym dzia\u0142amy od ponad 15 lat dbaj\u0105c o zapewnienie bezpiecze\u0144stwa w zak\u0142adach produkcyjnych, magazynach oraz centrach logistycznych.","potentialAction":[{"@type":"SearchAction","target":{"@type":"EntryPoint","urlTemplate":"https:\/\/antersystem.com\/cs\/?s={search_term_string}"},"query-input":{"@type":"PropertyValueSpecification","valueRequired":true,"valueName":"search_term_string"}}],"inLanguage":"cs"}]}},"_links":{"self":[{"href":"https:\/\/antersystem.com\/cs\/wp-json\/wp\/v2\/pages\/39068","targetHints":{"allow":["GET"]}}],"collection":[{"href":"https:\/\/antersystem.com\/cs\/wp-json\/wp\/v2\/pages"}],"about":[{"href":"https:\/\/antersystem.com\/cs\/wp-json\/wp\/v2\/types\/page"}],"author":[{"embeddable":true,"href":"https:\/\/antersystem.com\/cs\/wp-json\/wp\/v2\/users\/1"}],"replies":[{"embeddable":true,"href":"https:\/\/antersystem.com\/cs\/wp-json\/wp\/v2\/comments?post=39068"}],"version-history":[{"count":1,"href":"https:\/\/antersystem.com\/cs\/wp-json\/wp\/v2\/pages\/39068\/revisions"}],"predecessor-version":[{"id":39069,"href":"https:\/\/antersystem.com\/cs\/wp-json\/wp\/v2\/pages\/39068\/revisions\/39069"}],"up":[{"embeddable":true,"href":"https:\/\/antersystem.com\/cs\/wp-json\/wp\/v2\/pages\/30524"}],"wp:attachment":[{"href":"https:\/\/antersystem.com\/cs\/wp-json\/wp\/v2\/media?parent=39068"}],"curies":[{"name":"wp","href":"https:\/\/api.w.org\/{rel}","templated":true}]}}