{"id":39097,"date":"2024-04-29T13:41:44","date_gmt":"2024-04-29T11:41:44","guid":{"rendered":"https:\/\/antersystem.com\/novinky\/report-from-sawo-2024-trade-fair\/"},"modified":"2026-02-02T15:47:21","modified_gmt":"2026-02-02T14:47:21","slug":"report-from-sawo-2024-trade-fair","status":"publish","type":"page","link":"https:\/\/antersystem.com\/cs\/novinky\/report-from-sawo-2024-trade-fair\/","title":{"rendered":"Report\u00e1\u017e z veletrhu SAWO 2024"},"content":{"rendered":"\n<div class=\"wp-block-columns is-layout-flex wp-container-core-columns-is-layout-9d6595d7 wp-block-columns-is-layout-flex\">\n<div class=\"wp-block-column is-layout-flow wp-block-column-is-layout-flow\" style=\"flex-basis:10%\"><\/div>\n\n\n\n<div class=\"wp-block-column is-layout-flow wp-block-column-is-layout-flow\">\n<h2 class=\"wp-block-heading\">Vizu\u00e1ln\u00ed report\u00e1\u017e z veletrhu SAWO&#8217;24<\/h2>\n\n\n\n<p>Mezin\u00e1rodn\u00ed veletrh bezpe\u010dnosti pr\u00e1ce, po\u017e\u00e1rn\u00ed ochrany a z\u00e1chran\u00e1\u0159stv\u00ed SAWO je nejv\u011bt\u0161\u00edm veletrhem BOZP ve st\u0159edn\u00ed a v\u00fdchodn\u00ed Evrop\u011b. Akce se kon\u00e1 ka\u017ed\u00e9 dva roky. SAWO je v Polsku jedine\u010dnou akc\u00ed, kter\u00e1 p\u0159\u00edmo p\u0159isp\u00edv\u00e1 k zav\u00e1d\u011bn\u00ed modern\u00edch technologi\u00ed a \u0159e\u0161en\u00ed ve firm\u00e1ch, ke zvy\u0161ov\u00e1n\u00ed kvality pr\u00e1ce a bezpe\u010dnosti zam\u011bstnanc\u016f.  <\/p>\n\n\n\n<p>B\u011bhem leto\u0161n\u00edho ro\u010dn\u00edku jsme od organiz\u00e1tor\u016f obdr\u017eeli zlatou medaili pro <strong><a href=\"https:\/\/antersystem.com\/cs\/produkty\/traffic-dock-gate\/bramka-dock-gate-3-2\/\">Automatickou dopravn\u00ed br\u00e1nu TRAFFIC DOCK GATE R2<\/a><\/strong>. Toto inovativn\u00ed \u0159e\u0161en\u00ed zaji\u0161\u0165uje bezpe\u010dnou a efektivn\u00ed manipulaci se zbo\u017e\u00edm v nakl\u00e1dac\u00edch doc\u00edch, ve skladovac\u00edch prostor\u00e1ch a ve skladech. N\u00e1\u0161 t\u00fdm vedl \u010detn\u00e9 rozhovory a prezentoval \u0159e\u0161en\u00ed Anter System stovk\u00e1m n\u00e1v\u0161t\u011bvn\u00edk\u016f, p\u0159i\u010dem\u017e v\u0161ichni m\u011bli jedin\u00fd c\u00edl &#8211; u\u010dinit bezpe\u010dnou pr\u00e1ci standardem.  <\/p>\n\n\n\n<p>D\u011bkujeme v\u00e1m za n\u00e1v\u0161t\u011bvu na\u0161eho st\u00e1nku a za mo\u017enost p\u0159edstavit \u0159e\u0161en\u00ed, kter\u00e1 nab\u00edz\u00ed spole\u010dnost Anter System <a href=\"https:\/\/www.youtube.com\/channel\/UC1zGnGoW-aY0v1ZrDd3KHLA\">@antersystem_pl.<\/a><\/p>\n\n\n\n<p>Zveme v\u00e1s, abyste se s n\u00e1mi spojili a pod\u00edvali se na video\/fotografie zachycuj\u00edc\u00ed atmosf\u00e9ru akce!<\/p>\n\n\n\nngg_shortcode_0_placeholder\n\n\n\n<figure class=\"wp-block-embed aligncenter is-type-video is-provider-youtube wp-block-embed-youtube wp-embed-aspect-16-9 wp-has-aspect-ratio\"><div class=\"wp-block-embed__wrapper\">\n<iframe loading=\"lazy\" title=\"Relacja z targ\u00f3w SAWO 2024 Anter System. [Report from the SAWO 2024 Anter System fair.]\" width=\"500\" height=\"281\" src=\"https:\/\/www.youtube.com\/embed\/sRi9QEKJonk?feature=oembed\" frameborder=\"0\" allow=\"accelerometer; autoplay; clipboard-write; encrypted-media; gyroscope; picture-in-picture; web-share\" referrerpolicy=\"strict-origin-when-cross-origin\" allowfullscreen><\/iframe>\n<\/div><\/figure>\n\n\n\n<h3 class=\"wp-block-heading\"><\/h3>\n<\/div>\n\n\n\n<div class=\"wp-block-column is-layout-flow wp-block-column-is-layout-flow\" style=\"flex-basis:10%\"><\/div>\n<\/div>\n","protected":false},"excerpt":{"rendered":"<p>Vizu\u00e1ln\u00ed report\u00e1\u017e z veletrhu SAWO&#8217;24 Mezin\u00e1rodn\u00ed veletrh bezpe\u010dnosti pr\u00e1ce, po\u017e\u00e1rn\u00ed ochrany a z\u00e1chran\u00e1\u0159stv\u00ed SAWO je nejv\u011bt\u0161\u00edm veletrhem BOZP ve st\u0159edn\u00ed a v\u00fdchodn\u00ed Evrop\u011b. Akce se kon\u00e1 ka\u017ed\u00e9 dva roky. SAWO je v Polsku jedine\u010dnou akc\u00ed, kter\u00e1 p\u0159\u00edmo p\u0159isp\u00edv\u00e1 k zav\u00e1d\u011bn\u00ed modern\u00edch technologi\u00ed a \u0159e\u0161en\u00ed ve firm\u00e1ch, ke zvy\u0161ov\u00e1n\u00ed kvality pr\u00e1ce a bezpe\u010dnosti zam\u011bstnanc\u016f. B\u011bhem leto\u0161n\u00edho [&hellip;]<\/p>\n","protected":false},"author":1,"featured_media":0,"parent":30524,"menu_order":0,"comment_status":"closed","ping_status":"closed","template":"","meta":{"inline_featured_image":false,"ngg_post_thumbnail":0,"footnotes":""},"class_list":["post-39097","page","type-page","status-publish","hentry"],"acf":[],"yoast_head":"<!-- This site is optimized with the Yoast SEO plugin v27.0 - https:\/\/yoast.com\/product\/yoast-seo-wordpress\/ -->\n<title>Report\u00e1\u017e z veletrhu SAWO 2024 - Anter System<\/title>\n<meta name=\"description\" content=\"Vizu\u00e1ln\u00ed report\u00e1\u017e z veletrhu SAWO&#039;24 Mezin\u00e1rodn\u00ed veletrh bezpe\u010dnosti pr\u00e1ce, po\u017e\u00e1rn\u00ed ochrany a z\u00e1chran\u00e1\u0159stv\u00ed SAWO je nejv\u011bt\u0161\u00edm veletrhem BOZP ve st\u0159edn\u00ed a\" \/>\n<meta name=\"robots\" content=\"index, follow, max-snippet:-1, max-image-preview:large, max-video-preview:-1\" \/>\n<link rel=\"canonical\" href=\"https:\/\/antersystem.com\/cs\/novinky\/report-from-sawo-2024-trade-fair\/\" \/>\n<meta property=\"og:locale\" content=\"cs_CZ\" \/>\n<meta property=\"og:type\" content=\"article\" \/>\n<meta property=\"og:title\" content=\"Report\u00e1\u017e z veletrhu SAWO 2024 - Anter System\" \/>\n<meta property=\"og:description\" content=\"Vizu\u00e1ln\u00ed report\u00e1\u017e z veletrhu SAWO&#039;24 Mezin\u00e1rodn\u00ed veletrh bezpe\u010dnosti pr\u00e1ce, po\u017e\u00e1rn\u00ed ochrany a z\u00e1chran\u00e1\u0159stv\u00ed SAWO je nejv\u011bt\u0161\u00edm veletrhem BOZP ve st\u0159edn\u00ed a\" \/>\n<meta property=\"og:url\" content=\"https:\/\/antersystem.com\/cs\/novinky\/report-from-sawo-2024-trade-fair\/\" \/>\n<meta property=\"og:site_name\" content=\"Anter System\" \/>\n<meta property=\"article:modified_time\" content=\"2026-02-02T14:47:21+00:00\" \/>\n<meta name=\"twitter:card\" content=\"summary_large_image\" \/>\n<meta name=\"twitter:label1\" content=\"Odhadovan\u00e1 doba \u010dten\u00ed\" \/>\n\t<meta name=\"twitter:data1\" content=\"1 minuta\" \/>\n<script type=\"application\/ld+json\" class=\"yoast-schema-graph\">{\"@context\":\"https:\/\/schema.org\",\"@graph\":[{\"@type\":\"WebPage\",\"@id\":\"https:\/\/antersystem.com\/cs\/novinky\/report-from-sawo-2024-trade-fair\/\",\"url\":\"https:\/\/antersystem.com\/cs\/novinky\/report-from-sawo-2024-trade-fair\/\",\"name\":\"Report\u00e1\u017e z veletrhu SAWO 2024 - Anter System\",\"isPartOf\":{\"@id\":\"https:\/\/antersystem.com\/cs\/#website\"},\"datePublished\":\"2024-04-29T11:41:44+00:00\",\"dateModified\":\"2026-02-02T14:47:21+00:00\",\"description\":\"Vizu\u00e1ln\u00ed report\u00e1\u017e z veletrhu SAWO'24 Mezin\u00e1rodn\u00ed veletrh bezpe\u010dnosti pr\u00e1ce, po\u017e\u00e1rn\u00ed ochrany a z\u00e1chran\u00e1\u0159stv\u00ed SAWO je nejv\u011bt\u0161\u00edm veletrhem BOZP ve st\u0159edn\u00ed a\",\"breadcrumb\":{\"@id\":\"https:\/\/antersystem.com\/cs\/novinky\/report-from-sawo-2024-trade-fair\/#breadcrumb\"},\"inLanguage\":\"cs\",\"potentialAction\":[{\"@type\":\"ReadAction\",\"target\":[\"https:\/\/antersystem.com\/cs\/novinky\/report-from-sawo-2024-trade-fair\/\"]}]},{\"@type\":\"BreadcrumbList\",\"@id\":\"https:\/\/antersystem.com\/cs\/novinky\/report-from-sawo-2024-trade-fair\/#breadcrumb\",\"itemListElement\":[{\"@type\":\"ListItem\",\"position\":1,\"name\":\"AnterSystem\",\"item\":\"https:\/\/antersystem.com\/cs\/\"},{\"@type\":\"ListItem\",\"position\":2,\"name\":\"Zpr\u00e1vy\",\"item\":\"https:\/\/antersystem.com\/cs\/novinky\/\"},{\"@type\":\"ListItem\",\"position\":3,\"name\":\"Report\u00e1\u017e z veletrhu SAWO 2024\"}]},{\"@type\":\"WebSite\",\"@id\":\"https:\/\/antersystem.com\/cs\/#website\",\"url\":\"https:\/\/antersystem.com\/cs\/\",\"name\":\"Anter System\",\"description\":\"Jeste\u015bmy polskim producentem elastycznych barier ochronnych wykonywanych z polimerowych tworzyw sztucznych. Na rynku krajowym i zagranicznym dzia\u0142amy od ponad 15 lat dbaj\u0105c o zapewnienie bezpiecze\u0144stwa w zak\u0142adach produkcyjnych, magazynach oraz centrach logistycznych.\",\"potentialAction\":[{\"@type\":\"SearchAction\",\"target\":{\"@type\":\"EntryPoint\",\"urlTemplate\":\"https:\/\/antersystem.com\/cs\/?s={search_term_string}\"},\"query-input\":{\"@type\":\"PropertyValueSpecification\",\"valueRequired\":true,\"valueName\":\"search_term_string\"}}],\"inLanguage\":\"cs\"}]}<\/script>\n<!-- \/ Yoast SEO plugin. -->","yoast_head_json":{"title":"Report\u00e1\u017e z veletrhu SAWO 2024 - Anter System","description":"Vizu\u00e1ln\u00ed report\u00e1\u017e z veletrhu SAWO'24 Mezin\u00e1rodn\u00ed veletrh bezpe\u010dnosti pr\u00e1ce, po\u017e\u00e1rn\u00ed ochrany a z\u00e1chran\u00e1\u0159stv\u00ed SAWO je nejv\u011bt\u0161\u00edm veletrhem BOZP ve st\u0159edn\u00ed a","robots":{"index":"index","follow":"follow","max-snippet":"max-snippet:-1","max-image-preview":"max-image-preview:large","max-video-preview":"max-video-preview:-1"},"canonical":"https:\/\/antersystem.com\/cs\/novinky\/report-from-sawo-2024-trade-fair\/","og_locale":"cs_CZ","og_type":"article","og_title":"Report\u00e1\u017e z veletrhu SAWO 2024 - Anter System","og_description":"Vizu\u00e1ln\u00ed report\u00e1\u017e z veletrhu SAWO'24 Mezin\u00e1rodn\u00ed veletrh bezpe\u010dnosti pr\u00e1ce, po\u017e\u00e1rn\u00ed ochrany a z\u00e1chran\u00e1\u0159stv\u00ed SAWO je nejv\u011bt\u0161\u00edm veletrhem BOZP ve st\u0159edn\u00ed a","og_url":"https:\/\/antersystem.com\/cs\/novinky\/report-from-sawo-2024-trade-fair\/","og_site_name":"Anter System","article_modified_time":"2026-02-02T14:47:21+00:00","twitter_card":"summary_large_image","twitter_misc":{"Odhadovan\u00e1 doba \u010dten\u00ed":"1 minuta"},"schema":{"@context":"https:\/\/schema.org","@graph":[{"@type":"WebPage","@id":"https:\/\/antersystem.com\/cs\/novinky\/report-from-sawo-2024-trade-fair\/","url":"https:\/\/antersystem.com\/cs\/novinky\/report-from-sawo-2024-trade-fair\/","name":"Report\u00e1\u017e z veletrhu SAWO 2024 - Anter System","isPartOf":{"@id":"https:\/\/antersystem.com\/cs\/#website"},"datePublished":"2024-04-29T11:41:44+00:00","dateModified":"2026-02-02T14:47:21+00:00","description":"Vizu\u00e1ln\u00ed report\u00e1\u017e z veletrhu SAWO'24 Mezin\u00e1rodn\u00ed veletrh bezpe\u010dnosti pr\u00e1ce, po\u017e\u00e1rn\u00ed ochrany a z\u00e1chran\u00e1\u0159stv\u00ed SAWO je nejv\u011bt\u0161\u00edm veletrhem BOZP ve st\u0159edn\u00ed a","breadcrumb":{"@id":"https:\/\/antersystem.com\/cs\/novinky\/report-from-sawo-2024-trade-fair\/#breadcrumb"},"inLanguage":"cs","potentialAction":[{"@type":"ReadAction","target":["https:\/\/antersystem.com\/cs\/novinky\/report-from-sawo-2024-trade-fair\/"]}]},{"@type":"BreadcrumbList","@id":"https:\/\/antersystem.com\/cs\/novinky\/report-from-sawo-2024-trade-fair\/#breadcrumb","itemListElement":[{"@type":"ListItem","position":1,"name":"AnterSystem","item":"https:\/\/antersystem.com\/cs\/"},{"@type":"ListItem","position":2,"name":"Zpr\u00e1vy","item":"https:\/\/antersystem.com\/cs\/novinky\/"},{"@type":"ListItem","position":3,"name":"Report\u00e1\u017e z veletrhu SAWO 2024"}]},{"@type":"WebSite","@id":"https:\/\/antersystem.com\/cs\/#website","url":"https:\/\/antersystem.com\/cs\/","name":"Anter System","description":"Jeste\u015bmy polskim producentem elastycznych barier ochronnych wykonywanych z polimerowych tworzyw sztucznych. Na rynku krajowym i zagranicznym dzia\u0142amy od ponad 15 lat dbaj\u0105c o zapewnienie bezpiecze\u0144stwa w zak\u0142adach produkcyjnych, magazynach oraz centrach logistycznych.","potentialAction":[{"@type":"SearchAction","target":{"@type":"EntryPoint","urlTemplate":"https:\/\/antersystem.com\/cs\/?s={search_term_string}"},"query-input":{"@type":"PropertyValueSpecification","valueRequired":true,"valueName":"search_term_string"}}],"inLanguage":"cs"}]}},"_links":{"self":[{"href":"https:\/\/antersystem.com\/cs\/wp-json\/wp\/v2\/pages\/39097","targetHints":{"allow":["GET"]}}],"collection":[{"href":"https:\/\/antersystem.com\/cs\/wp-json\/wp\/v2\/pages"}],"about":[{"href":"https:\/\/antersystem.com\/cs\/wp-json\/wp\/v2\/types\/page"}],"author":[{"embeddable":true,"href":"https:\/\/antersystem.com\/cs\/wp-json\/wp\/v2\/users\/1"}],"replies":[{"embeddable":true,"href":"https:\/\/antersystem.com\/cs\/wp-json\/wp\/v2\/comments?post=39097"}],"version-history":[{"count":1,"href":"https:\/\/antersystem.com\/cs\/wp-json\/wp\/v2\/pages\/39097\/revisions"}],"predecessor-version":[{"id":39098,"href":"https:\/\/antersystem.com\/cs\/wp-json\/wp\/v2\/pages\/39097\/revisions\/39098"}],"up":[{"embeddable":true,"href":"https:\/\/antersystem.com\/cs\/wp-json\/wp\/v2\/pages\/30524"}],"wp:attachment":[{"href":"https:\/\/antersystem.com\/cs\/wp-json\/wp\/v2\/media?parent=39097"}],"curies":[{"name":"wp","href":"https:\/\/api.w.org\/{rel}","templated":true}]}}