{"id":39289,"date":"2023-10-24T15:40:36","date_gmt":"2023-10-24T13:40:36","guid":{"rendered":"https:\/\/antersystem.com\/novinky\/trade-fair-in-toronto-november-79-2023\/"},"modified":"2026-02-04T11:22:50","modified_gmt":"2026-02-04T10:22:50","slug":"trade-fair-in-toronto-november-79-2023","status":"publish","type":"page","link":"https:\/\/antersystem.com\/cs\/novinky\/trade-fair-in-toronto-november-79-2023\/","title":{"rendered":"Veletrh v Torontu, 7.-9. listopadu 2023"},"content":{"rendered":"\n<div class=\"wp-block-columns is-layout-flex wp-container-core-columns-is-layout-9d6595d7 wp-block-columns-is-layout-flex\">\n<div class=\"wp-block-column is-layout-flow wp-block-column-is-layout-flow\" style=\"flex-basis:10%\"><\/div>\n\n\n\n<div class=\"wp-block-column is-layout-flow wp-block-column-is-layout-flow\">\n<h3 class=\"wp-block-heading\">Veletrh v Torontu, 7.-9. listopadu 2023<\/h3>\n\n\n\n<p style=\"text-align: left;\"><strong>Na za\u010d\u00e1tku listopadu se na veletrhu PACK EX v Torontu pono\u0159\u00edme do novinek ze sv\u011bta v\u00fdroby.<\/strong>  Spole\u010dnost Anter System bude na t\u00e9to akci rovn\u011b\u017e vystavovat. Od 7. do 9. listopadu se s n\u00e1mi budete moci setkat a prohl\u00e9dnout si na\u0161e produkty, jako jsou PA <a href=\"https:\/\/antersystem.com\/kategorie_produktow\/slupki-ochronne\/\">patn\u00edky, KB ochrann\u00e9<\/a> z\u00e1brany a flexibiln\u00ed <a href=\"https:\/\/antersystem.com\/cs\/elastyczna-bariera-pedestrian-r3-hd-flexi-2\/\">z\u00e1brany pro chodce R3, na st\u00e1nku 2318.<\/a> Zveme v\u0161echny z\u00e1jemce o syst\u00e9my, kter\u00e9 zvy\u0161uj\u00ed bezpe\u010dnost, aby n\u00e1s nav\u0161t\u00edvili. <\/p>\n<h3><strong>Co je PACK EX?<\/strong><\/h3>\n<p>PACK EX je sou\u010d\u00e1st\u00ed velk\u00fdch stroj\u00edrensk\u00fdch veletrh\u016f v r\u00e1mci ADM Toronto, kter\u00e9 nab\u00edzej\u00ed \u0159e\u0161en\u00ed od n\u00e1vrhu a\u017e po v\u00fdrobu v ka\u017ed\u00e9 f\u00e1zi v\u00fdrobn\u00edho procesu. Je to jedin\u00e1 akce sv\u00e9ho druhu v Kanad\u011b v\u011bnovan\u00e1 obal\u016fm. V r\u00e1mci veletrhu mohou dodavatel\u00e9 a n\u00e1kup\u010d\u00ed objevovat inovace v oboru, rozv\u00edjet nov\u00e9 technologie a navazovat vztahy s odborn\u00edky. S na\u0161imi ochrann\u00fdmi bari\u00e9rami dokonale zapad\u00e1me do modern\u00edho pr\u016fmyslov\u00e9ho prost\u0159ed\u00ed zam\u011b\u0159en\u00e9ho na udr\u017eitelnost.   <\/p>\n<h3><strong>T\u00e9mata tohoto vyd\u00e1n\u00ed<\/strong><\/h3>\n<p>Mezi hlavn\u00ed t\u00e9mata leto\u0161n\u00edho ro\u010dn\u00edku pat\u0159\u00ed:<\/p>\n<ul>\n<li style=\"text-align: left;\">l\u00edd\u0159i v oboru, kte\u0159\u00ed p\u0159edstav\u00ed nejnov\u011bj\u0161\u00ed projekty a \u0159e\u0161en\u00ed v oblasti F&amp;B, aby splnili sou\u010dasn\u00e9 v\u00fdzvy a p\u0159edpisy t\u00fdkaj\u00edc\u00ed se odpad\u016f.<\/li>\n<li style=\"text-align: left;\">\u0161pi\u010dkov\u00fd obsah od inteligentn\u00ed v\u00fdroby po automatizaci balen\u00ed v p\u0159edn\u00edch v\u00fdrobn\u00edch odv\u011btv\u00edch: potravin\u00e1\u0159stv\u00ed, elektronika, stroj\u00edrenstv\u00ed, letectv\u00ed a automobilov\u00fd pr\u016fmysl.<\/li>\n<\/ul>\n<p>Akce PACK EX jsou ur\u010deny v\u00fdrobc\u016fm, in\u017een\u00fdr\u016fm, mana\u017eer\u016fm, t\u00fdm\u016fm \u00fadr\u017eby, dodavatel\u016fm a obsluze stroj\u016f. Inspiraci lze \u010derpat u spole\u010dnost\u00ed, jako jsou DHL, Est\u00e9e Lauder, Ferrero Canada, Unilever Canada, Kellogg a mnoho dal\u0161\u00edch. <\/p>\n<p>&nbsp;<\/p>\n\n\n<div class=\"wp-block-image\">\n<figure class=\"aligncenter size-large is-resized\"><a href=\"https:\/\/amto23.mapyourshow.com\/8_0\/exhibitor\/exhibitor-details.cfm?exhid=974402\"><img loading=\"lazy\" decoding=\"async\" width=\"1024\" height=\"535\" src=\"https:\/\/antersystem.com\/wp-content\/uploads\/FLEXIBLE-SAFETY-BARIERS-1-1024x535.jpg\" alt=\"\" class=\"wp-image-3125\" style=\"aspect-ratio:1.9140186915887851;width:647px;height:auto\" srcset=\"https:\/\/antersystem.com\/wp-content\/uploads\/FLEXIBLE-SAFETY-BARIERS-1-1024x535.jpg 1024w, https:\/\/antersystem.com\/wp-content\/uploads\/FLEXIBLE-SAFETY-BARIERS-1-300x157.jpg 300w, https:\/\/antersystem.com\/wp-content\/uploads\/FLEXIBLE-SAFETY-BARIERS-1-768x401.jpg 768w, https:\/\/antersystem.com\/wp-content\/uploads\/FLEXIBLE-SAFETY-BARIERS-1-450x235.jpg 450w, https:\/\/antersystem.com\/wp-content\/uploads\/FLEXIBLE-SAFETY-BARIERS-1-330x172.jpg 330w, https:\/\/antersystem.com\/wp-content\/uploads\/FLEXIBLE-SAFETY-BARIERS-1.jpg 1200w\" sizes=\"auto, (max-width: 1024px) 100vw, 1024px\" \/><\/a><\/figure><\/div><\/div>\n\n\n\n<div class=\"wp-block-column is-layout-flow wp-block-column-is-layout-flow\" style=\"flex-basis:10%\"><\/div>\n<\/div>\n","protected":false},"excerpt":{"rendered":"<p>Veletrh v Torontu, 7.-9. listopadu 2023 Na za\u010d\u00e1tku listopadu se na veletrhu PACK EX v Torontu pono\u0159\u00edme do novinek ze sv\u011bta v\u00fdroby. Spole\u010dnost Anter System bude na t\u00e9to akci rovn\u011b\u017e vystavovat. Od 7. do 9. listopadu se s n\u00e1mi budete moci setkat a prohl\u00e9dnout si na\u0161e produkty, jako jsou PA patn\u00edky, KB ochrann\u00e9 z\u00e1brany a [&hellip;]<\/p>\n","protected":false},"author":1,"featured_media":0,"parent":30524,"menu_order":0,"comment_status":"closed","ping_status":"closed","template":"","meta":{"inline_featured_image":false,"ngg_post_thumbnail":0,"footnotes":""},"class_list":["post-39289","page","type-page","status-publish","hentry"],"acf":[],"yoast_head":"<!-- This site is optimized with the Yoast SEO plugin v27.0 - https:\/\/yoast.com\/product\/yoast-seo-wordpress\/ -->\n<title>Veletrh v Torontu, 7.-9. listopadu 2023 - Anter System<\/title>\n<meta name=\"description\" content=\"Veletrh v Torontu, 7.-9. listopadu 2023 Na za\u010d\u00e1tku listopadu se na veletrhu PACK EX v Torontu pono\u0159\u00edme do novinek ze sv\u011bta v\u00fdroby. Spole\u010dnost Anter System\" \/>\n<meta name=\"robots\" content=\"index, follow, max-snippet:-1, max-image-preview:large, max-video-preview:-1\" \/>\n<link rel=\"canonical\" href=\"https:\/\/antersystem.com\/cs\/novinky\/trade-fair-in-toronto-november-79-2023\/\" \/>\n<meta property=\"og:locale\" content=\"cs_CZ\" \/>\n<meta property=\"og:type\" content=\"article\" \/>\n<meta property=\"og:title\" content=\"Veletrh v Torontu, 7.-9. listopadu 2023 - Anter System\" \/>\n<meta property=\"og:description\" content=\"Veletrh v Torontu, 7.-9. listopadu 2023 Na za\u010d\u00e1tku listopadu se na veletrhu PACK EX v Torontu pono\u0159\u00edme do novinek ze sv\u011bta v\u00fdroby. Spole\u010dnost Anter System\" \/>\n<meta property=\"og:url\" content=\"https:\/\/antersystem.com\/cs\/novinky\/trade-fair-in-toronto-november-79-2023\/\" \/>\n<meta property=\"og:site_name\" content=\"Anter System\" \/>\n<meta property=\"article:modified_time\" content=\"2026-02-04T10:22:50+00:00\" \/>\n<meta property=\"og:image\" content=\"https:\/\/antersystem.com\/wp-content\/uploads\/FLEXIBLE-SAFETY-BARIERS-1-1024x535.jpg\" \/>\n<meta name=\"twitter:card\" content=\"summary_large_image\" \/>\n<meta name=\"twitter:label1\" content=\"Odhadovan\u00e1 doba \u010dten\u00ed\" \/>\n\t<meta name=\"twitter:data1\" content=\"2 minuty\" \/>\n<script type=\"application\/ld+json\" class=\"yoast-schema-graph\">{\"@context\":\"https:\/\/schema.org\",\"@graph\":[{\"@type\":\"WebPage\",\"@id\":\"https:\/\/antersystem.com\/cs\/novinky\/trade-fair-in-toronto-november-79-2023\/\",\"url\":\"https:\/\/antersystem.com\/cs\/novinky\/trade-fair-in-toronto-november-79-2023\/\",\"name\":\"Veletrh v Torontu, 7.-9. listopadu 2023 - Anter System\",\"isPartOf\":{\"@id\":\"https:\/\/antersystem.com\/cs\/#website\"},\"primaryImageOfPage\":{\"@id\":\"https:\/\/antersystem.com\/cs\/novinky\/trade-fair-in-toronto-november-79-2023\/#primaryimage\"},\"image\":{\"@id\":\"https:\/\/antersystem.com\/cs\/novinky\/trade-fair-in-toronto-november-79-2023\/#primaryimage\"},\"thumbnailUrl\":\"https:\/\/antersystem.com\/wp-content\/uploads\/FLEXIBLE-SAFETY-BARIERS-1-1024x535.jpg\",\"datePublished\":\"2023-10-24T13:40:36+00:00\",\"dateModified\":\"2026-02-04T10:22:50+00:00\",\"description\":\"Veletrh v Torontu, 7.-9. listopadu 2023 Na za\u010d\u00e1tku listopadu se na veletrhu PACK EX v Torontu pono\u0159\u00edme do novinek ze sv\u011bta v\u00fdroby. Spole\u010dnost Anter System\",\"breadcrumb\":{\"@id\":\"https:\/\/antersystem.com\/cs\/novinky\/trade-fair-in-toronto-november-79-2023\/#breadcrumb\"},\"inLanguage\":\"cs\",\"potentialAction\":[{\"@type\":\"ReadAction\",\"target\":[\"https:\/\/antersystem.com\/cs\/novinky\/trade-fair-in-toronto-november-79-2023\/\"]}]},{\"@type\":\"ImageObject\",\"inLanguage\":\"cs\",\"@id\":\"https:\/\/antersystem.com\/cs\/novinky\/trade-fair-in-toronto-november-79-2023\/#primaryimage\",\"url\":\"https:\/\/antersystem.com\/wp-content\/uploads\/FLEXIBLE-SAFETY-BARIERS-1-1024x535.jpg\",\"contentUrl\":\"https:\/\/antersystem.com\/wp-content\/uploads\/FLEXIBLE-SAFETY-BARIERS-1-1024x535.jpg\"},{\"@type\":\"BreadcrumbList\",\"@id\":\"https:\/\/antersystem.com\/cs\/novinky\/trade-fair-in-toronto-november-79-2023\/#breadcrumb\",\"itemListElement\":[{\"@type\":\"ListItem\",\"position\":1,\"name\":\"AnterSystem\",\"item\":\"https:\/\/antersystem.com\/cs\/\"},{\"@type\":\"ListItem\",\"position\":2,\"name\":\"Zpr\u00e1vy\",\"item\":\"https:\/\/antersystem.com\/cs\/novinky\/\"},{\"@type\":\"ListItem\",\"position\":3,\"name\":\"Veletrh v Torontu, 7.-9. listopadu 2023\"}]},{\"@type\":\"WebSite\",\"@id\":\"https:\/\/antersystem.com\/cs\/#website\",\"url\":\"https:\/\/antersystem.com\/cs\/\",\"name\":\"Anter System\",\"description\":\"Jeste\u015bmy polskim producentem elastycznych barier ochronnych wykonywanych z polimerowych tworzyw sztucznych. Na rynku krajowym i zagranicznym dzia\u0142amy od ponad 15 lat dbaj\u0105c o zapewnienie bezpiecze\u0144stwa w zak\u0142adach produkcyjnych, magazynach oraz centrach logistycznych.\",\"potentialAction\":[{\"@type\":\"SearchAction\",\"target\":{\"@type\":\"EntryPoint\",\"urlTemplate\":\"https:\/\/antersystem.com\/cs\/?s={search_term_string}\"},\"query-input\":{\"@type\":\"PropertyValueSpecification\",\"valueRequired\":true,\"valueName\":\"search_term_string\"}}],\"inLanguage\":\"cs\"}]}<\/script>\n<!-- \/ Yoast SEO plugin. -->","yoast_head_json":{"title":"Veletrh v Torontu, 7.-9. listopadu 2023 - Anter System","description":"Veletrh v Torontu, 7.-9. listopadu 2023 Na za\u010d\u00e1tku listopadu se na veletrhu PACK EX v Torontu pono\u0159\u00edme do novinek ze sv\u011bta v\u00fdroby. Spole\u010dnost Anter System","robots":{"index":"index","follow":"follow","max-snippet":"max-snippet:-1","max-image-preview":"max-image-preview:large","max-video-preview":"max-video-preview:-1"},"canonical":"https:\/\/antersystem.com\/cs\/novinky\/trade-fair-in-toronto-november-79-2023\/","og_locale":"cs_CZ","og_type":"article","og_title":"Veletrh v Torontu, 7.-9. listopadu 2023 - Anter System","og_description":"Veletrh v Torontu, 7.-9. listopadu 2023 Na za\u010d\u00e1tku listopadu se na veletrhu PACK EX v Torontu pono\u0159\u00edme do novinek ze sv\u011bta v\u00fdroby. Spole\u010dnost Anter System","og_url":"https:\/\/antersystem.com\/cs\/novinky\/trade-fair-in-toronto-november-79-2023\/","og_site_name":"Anter System","article_modified_time":"2026-02-04T10:22:50+00:00","og_image":[{"url":"https:\/\/antersystem.com\/wp-content\/uploads\/FLEXIBLE-SAFETY-BARIERS-1-1024x535.jpg","type":"","width":"","height":""}],"twitter_card":"summary_large_image","twitter_misc":{"Odhadovan\u00e1 doba \u010dten\u00ed":"2 minuty"},"schema":{"@context":"https:\/\/schema.org","@graph":[{"@type":"WebPage","@id":"https:\/\/antersystem.com\/cs\/novinky\/trade-fair-in-toronto-november-79-2023\/","url":"https:\/\/antersystem.com\/cs\/novinky\/trade-fair-in-toronto-november-79-2023\/","name":"Veletrh v Torontu, 7.-9. listopadu 2023 - Anter System","isPartOf":{"@id":"https:\/\/antersystem.com\/cs\/#website"},"primaryImageOfPage":{"@id":"https:\/\/antersystem.com\/cs\/novinky\/trade-fair-in-toronto-november-79-2023\/#primaryimage"},"image":{"@id":"https:\/\/antersystem.com\/cs\/novinky\/trade-fair-in-toronto-november-79-2023\/#primaryimage"},"thumbnailUrl":"https:\/\/antersystem.com\/wp-content\/uploads\/FLEXIBLE-SAFETY-BARIERS-1-1024x535.jpg","datePublished":"2023-10-24T13:40:36+00:00","dateModified":"2026-02-04T10:22:50+00:00","description":"Veletrh v Torontu, 7.-9. listopadu 2023 Na za\u010d\u00e1tku listopadu se na veletrhu PACK EX v Torontu pono\u0159\u00edme do novinek ze sv\u011bta v\u00fdroby. Spole\u010dnost Anter System","breadcrumb":{"@id":"https:\/\/antersystem.com\/cs\/novinky\/trade-fair-in-toronto-november-79-2023\/#breadcrumb"},"inLanguage":"cs","potentialAction":[{"@type":"ReadAction","target":["https:\/\/antersystem.com\/cs\/novinky\/trade-fair-in-toronto-november-79-2023\/"]}]},{"@type":"ImageObject","inLanguage":"cs","@id":"https:\/\/antersystem.com\/cs\/novinky\/trade-fair-in-toronto-november-79-2023\/#primaryimage","url":"https:\/\/antersystem.com\/wp-content\/uploads\/FLEXIBLE-SAFETY-BARIERS-1-1024x535.jpg","contentUrl":"https:\/\/antersystem.com\/wp-content\/uploads\/FLEXIBLE-SAFETY-BARIERS-1-1024x535.jpg"},{"@type":"BreadcrumbList","@id":"https:\/\/antersystem.com\/cs\/novinky\/trade-fair-in-toronto-november-79-2023\/#breadcrumb","itemListElement":[{"@type":"ListItem","position":1,"name":"AnterSystem","item":"https:\/\/antersystem.com\/cs\/"},{"@type":"ListItem","position":2,"name":"Zpr\u00e1vy","item":"https:\/\/antersystem.com\/cs\/novinky\/"},{"@type":"ListItem","position":3,"name":"Veletrh v Torontu, 7.-9. listopadu 2023"}]},{"@type":"WebSite","@id":"https:\/\/antersystem.com\/cs\/#website","url":"https:\/\/antersystem.com\/cs\/","name":"Anter System","description":"Jeste\u015bmy polskim producentem elastycznych barier ochronnych wykonywanych z polimerowych tworzyw sztucznych. Na rynku krajowym i zagranicznym dzia\u0142amy od ponad 15 lat dbaj\u0105c o zapewnienie bezpiecze\u0144stwa w zak\u0142adach produkcyjnych, magazynach oraz centrach logistycznych.","potentialAction":[{"@type":"SearchAction","target":{"@type":"EntryPoint","urlTemplate":"https:\/\/antersystem.com\/cs\/?s={search_term_string}"},"query-input":{"@type":"PropertyValueSpecification","valueRequired":true,"valueName":"search_term_string"}}],"inLanguage":"cs"}]}},"_links":{"self":[{"href":"https:\/\/antersystem.com\/cs\/wp-json\/wp\/v2\/pages\/39289","targetHints":{"allow":["GET"]}}],"collection":[{"href":"https:\/\/antersystem.com\/cs\/wp-json\/wp\/v2\/pages"}],"about":[{"href":"https:\/\/antersystem.com\/cs\/wp-json\/wp\/v2\/types\/page"}],"author":[{"embeddable":true,"href":"https:\/\/antersystem.com\/cs\/wp-json\/wp\/v2\/users\/1"}],"replies":[{"embeddable":true,"href":"https:\/\/antersystem.com\/cs\/wp-json\/wp\/v2\/comments?post=39289"}],"version-history":[{"count":3,"href":"https:\/\/antersystem.com\/cs\/wp-json\/wp\/v2\/pages\/39289\/revisions"}],"predecessor-version":[{"id":39315,"href":"https:\/\/antersystem.com\/cs\/wp-json\/wp\/v2\/pages\/39289\/revisions\/39315"}],"up":[{"embeddable":true,"href":"https:\/\/antersystem.com\/cs\/wp-json\/wp\/v2\/pages\/30524"}],"wp:attachment":[{"href":"https:\/\/antersystem.com\/cs\/wp-json\/wp\/v2\/media?parent=39289"}],"curies":[{"name":"wp","href":"https:\/\/api.w.org\/{rel}","templated":true}]}}