{"id":39365,"date":"2025-01-29T15:15:00","date_gmt":"2025-01-29T14:15:00","guid":{"rendered":"https:\/\/antersystem.com\/novinky\/interview-with-anter-system-representatives-in-monitor-rynkowy\/"},"modified":"2026-02-04T12:37:07","modified_gmt":"2026-02-04T11:37:07","slug":"interview-with-anter-system-representatives-in-monitor-rynkowy","status":"publish","type":"page","link":"https:\/\/antersystem.com\/cs\/novinky\/interview-with-anter-system-representatives-in-monitor-rynkowy\/","title":{"rendered":"Rozhovor se z\u00e1stupci spole\u010dnosti Anter System v Monitoru Rynkowy"},"content":{"rendered":"\n<div class=\"wp-block-columns is-layout-flex wp-container-core-columns-is-layout-9d6595d7 wp-block-columns-is-layout-flex\">\n<div class=\"wp-block-column is-layout-flow wp-block-column-is-layout-flow\" style=\"flex-basis:10%\"><\/div>\n\n\n\n<div class=\"wp-block-column is-layout-flow wp-block-column-is-layout-flow\">\n<p>S pot\u011b\u0161en\u00edm v\u00e1m oznamujeme, \u017ee na <em>webov\u00fdch str\u00e1nk\u00e1ch<\/em> Monitor <em>Rynkowy<\/em> byl zve\u0159ejn\u011bn rozhovor s p\u0159edstaviteli na\u0161\u00ed spole\u010dnosti &#8211; <strong>Natali\u00ed Margatis<\/strong>, gener\u00e1ln\u00ed \u0159editelkou spole\u010dnosti Anter System, a Tomaszem <strong>Bary\u0142ou, produktov\u00fdm<\/strong> mana\u017eerem <em>.<\/em> <\/p>\n\n\n\n<p>Rozhovor se zam\u011b\u0159il na kl\u00ed\u010dov\u00e9 ot\u00e1zky souvisej\u00edc\u00ed s bezpe\u010dnost\u00ed v pr\u016fmyslov\u00e9m a skladov\u00e9m prost\u0159ed\u00ed a tak\u00e9 na kl\u00ed\u010dovou roli, kterou v modern\u00edch v\u00fdrobn\u00edch prostor\u00e1ch hraj\u00ed flexibiln\u00ed polymerov\u00e9 bari\u00e9ry. Odpov\u00eddali jsme na ot\u00e1zky, jako nap\u0159: <\/p>\n\n\n\n<ul class=\"wp-block-list\">\n<li>Jak\u00fdm skute\u010dn\u00fdm bezpe\u010dnostn\u00edm v\u00fdzv\u00e1m pr\u016fmyslov\u00e9 odv\u011btv\u00ed v sou\u010dasn\u00e9 dob\u011b \u010del\u00ed,<\/li>\n\n\n\n<li>Jak automatizace a chytr\u00e9 technologie integrovan\u00e9 do na\u0161ich v\u00fdrobk\u016f zvy\u0161uj\u00ed bezpe\u010dnost pr\u00e1ce,<\/li>\n\n\n\n<li>Co \u010din\u00ed flexibiln\u00ed bari\u00e9ry technicky jedine\u010dn\u00fdmi &#8211; v\u010detn\u011b jejich vlastnost\u00ed pohlcov\u00e1n\u00ed energie p\u0159i n\u00e1razu,<\/li>\n\n\n\n<li>Jak na\u0161e \u0159e\u0161en\u00ed p\u0159isp\u00edvaj\u00ed k udr\u017eitelnosti \u017eivotn\u00edho prost\u0159ed\u00ed a pom\u00e1haj\u00ed sni\u017eovat uhl\u00edkovou stopu.<\/li>\n<\/ul>\n\n\n\n<p>Zveme v\u00e1s k p\u0159e\u010dten\u00ed cel\u00e9ho rozhovoru, kter\u00fd je nyn\u00ed k dispozici na <em>webov\u00fdch str\u00e1nk\u00e1ch Monitoru Rynkowy<\/em>: \ud83d\udc49 <a href=\"https:\/\/monitorrynkowy.pl\/polski-pomysl-na-globalne-potrzeby\/\"><strong>P\u0159e\u010dt\u011bte si rozhovor<\/strong><\/a><\/p>\n<\/div>\n\n\n\n<div class=\"wp-block-column is-layout-flow wp-block-column-is-layout-flow\" style=\"flex-basis:10%\"><\/div>\n<\/div>\n","protected":false},"excerpt":{"rendered":"<p>S pot\u011b\u0161en\u00edm v\u00e1m oznamujeme, \u017ee na webov\u00fdch str\u00e1nk\u00e1ch Monitor Rynkowy byl zve\u0159ejn\u011bn rozhovor s p\u0159edstaviteli na\u0161\u00ed spole\u010dnosti &#8211; Natali\u00ed Margatis, gener\u00e1ln\u00ed \u0159editelkou spole\u010dnosti Anter System, a Tomaszem Bary\u0142ou, produktov\u00fdm mana\u017eerem . Rozhovor se zam\u011b\u0159il na kl\u00ed\u010dov\u00e9 ot\u00e1zky souvisej\u00edc\u00ed s bezpe\u010dnost\u00ed v pr\u016fmyslov\u00e9m a skladov\u00e9m prost\u0159ed\u00ed a tak\u00e9 na kl\u00ed\u010dovou roli, kterou v modern\u00edch v\u00fdrobn\u00edch prostor\u00e1ch [&hellip;]<\/p>\n","protected":false},"author":11,"featured_media":0,"parent":30524,"menu_order":0,"comment_status":"closed","ping_status":"closed","template":"","meta":{"inline_featured_image":false,"ngg_post_thumbnail":0,"footnotes":""},"class_list":["post-39365","page","type-page","status-publish","hentry"],"acf":[],"yoast_head":"<!-- This site is optimized with the Yoast SEO plugin v27.0 - https:\/\/yoast.com\/product\/yoast-seo-wordpress\/ -->\n<title>Rozhovor se z\u00e1stupci spole\u010dnosti Anter System v Monitoru Rynkowy - Anter System<\/title>\n<meta name=\"description\" content=\"Zapraszamy do lektury najnowszego wydania magazynu KAIZEN, w kt\u00f3rym ukaza\u0142 si\u0119 komentarz ekspercki firmy Anter System\" \/>\n<meta name=\"robots\" content=\"index, follow, max-snippet:-1, max-image-preview:large, max-video-preview:-1\" \/>\n<link rel=\"canonical\" href=\"https:\/\/antersystem.com\/cs\/novinky\/interview-with-anter-system-representatives-in-monitor-rynkowy\/\" \/>\n<meta property=\"og:locale\" content=\"cs_CZ\" \/>\n<meta property=\"og:type\" content=\"article\" \/>\n<meta property=\"og:title\" content=\"Rozhovor se z\u00e1stupci spole\u010dnosti Anter System v Monitoru Rynkowy - Anter System\" \/>\n<meta property=\"og:description\" content=\"Zapraszamy do lektury najnowszego wydania magazynu KAIZEN, w kt\u00f3rym ukaza\u0142 si\u0119 komentarz ekspercki firmy Anter System\" \/>\n<meta property=\"og:url\" content=\"https:\/\/antersystem.com\/cs\/novinky\/interview-with-anter-system-representatives-in-monitor-rynkowy\/\" \/>\n<meta property=\"og:site_name\" content=\"Anter System\" \/>\n<meta property=\"article:modified_time\" content=\"2026-02-04T11:37:07+00:00\" \/>\n<meta name=\"twitter:card\" content=\"summary_large_image\" \/>\n<meta name=\"twitter:label1\" content=\"Odhadovan\u00e1 doba \u010dten\u00ed\" \/>\n\t<meta name=\"twitter:data1\" content=\"1 minuta\" \/>\n<script type=\"application\/ld+json\" class=\"yoast-schema-graph\">{\"@context\":\"https:\/\/schema.org\",\"@graph\":[{\"@type\":\"WebPage\",\"@id\":\"https:\/\/antersystem.com\/cs\/novinky\/interview-with-anter-system-representatives-in-monitor-rynkowy\/\",\"url\":\"https:\/\/antersystem.com\/cs\/novinky\/interview-with-anter-system-representatives-in-monitor-rynkowy\/\",\"name\":\"Rozhovor se z\u00e1stupci spole\u010dnosti Anter System v Monitoru Rynkowy - Anter System\",\"isPartOf\":{\"@id\":\"https:\/\/antersystem.com\/cs\/#website\"},\"datePublished\":\"2025-01-29T14:15:00+00:00\",\"dateModified\":\"2026-02-04T11:37:07+00:00\",\"description\":\"Zapraszamy do lektury najnowszego wydania magazynu KAIZEN, w kt\u00f3rym ukaza\u0142 si\u0119 komentarz ekspercki firmy Anter System\",\"breadcrumb\":{\"@id\":\"https:\/\/antersystem.com\/cs\/novinky\/interview-with-anter-system-representatives-in-monitor-rynkowy\/#breadcrumb\"},\"inLanguage\":\"cs\",\"potentialAction\":[{\"@type\":\"ReadAction\",\"target\":[\"https:\/\/antersystem.com\/cs\/novinky\/interview-with-anter-system-representatives-in-monitor-rynkowy\/\"]}]},{\"@type\":\"BreadcrumbList\",\"@id\":\"https:\/\/antersystem.com\/cs\/novinky\/interview-with-anter-system-representatives-in-monitor-rynkowy\/#breadcrumb\",\"itemListElement\":[{\"@type\":\"ListItem\",\"position\":1,\"name\":\"AnterSystem\",\"item\":\"https:\/\/antersystem.com\/cs\/\"},{\"@type\":\"ListItem\",\"position\":2,\"name\":\"Zpr\u00e1vy\",\"item\":\"https:\/\/antersystem.com\/cs\/novinky\/\"},{\"@type\":\"ListItem\",\"position\":3,\"name\":\"Rozhovor se z\u00e1stupci spole\u010dnosti Anter System v Monitoru Rynkowy\"}]},{\"@type\":\"WebSite\",\"@id\":\"https:\/\/antersystem.com\/cs\/#website\",\"url\":\"https:\/\/antersystem.com\/cs\/\",\"name\":\"Anter System\",\"description\":\"Jeste\u015bmy polskim producentem elastycznych barier ochronnych wykonywanych z polimerowych tworzyw sztucznych. Na rynku krajowym i zagranicznym dzia\u0142amy od ponad 15 lat dbaj\u0105c o zapewnienie bezpiecze\u0144stwa w zak\u0142adach produkcyjnych, magazynach oraz centrach logistycznych.\",\"potentialAction\":[{\"@type\":\"SearchAction\",\"target\":{\"@type\":\"EntryPoint\",\"urlTemplate\":\"https:\/\/antersystem.com\/cs\/?s={search_term_string}\"},\"query-input\":{\"@type\":\"PropertyValueSpecification\",\"valueRequired\":true,\"valueName\":\"search_term_string\"}}],\"inLanguage\":\"cs\"}]}<\/script>\n<!-- \/ Yoast SEO plugin. -->","yoast_head_json":{"title":"Rozhovor se z\u00e1stupci spole\u010dnosti Anter System v Monitoru Rynkowy - Anter System","description":"Zapraszamy do lektury najnowszego wydania magazynu KAIZEN, w kt\u00f3rym ukaza\u0142 si\u0119 komentarz ekspercki firmy Anter System","robots":{"index":"index","follow":"follow","max-snippet":"max-snippet:-1","max-image-preview":"max-image-preview:large","max-video-preview":"max-video-preview:-1"},"canonical":"https:\/\/antersystem.com\/cs\/novinky\/interview-with-anter-system-representatives-in-monitor-rynkowy\/","og_locale":"cs_CZ","og_type":"article","og_title":"Rozhovor se z\u00e1stupci spole\u010dnosti Anter System v Monitoru Rynkowy - Anter System","og_description":"Zapraszamy do lektury najnowszego wydania magazynu KAIZEN, w kt\u00f3rym ukaza\u0142 si\u0119 komentarz ekspercki firmy Anter System","og_url":"https:\/\/antersystem.com\/cs\/novinky\/interview-with-anter-system-representatives-in-monitor-rynkowy\/","og_site_name":"Anter System","article_modified_time":"2026-02-04T11:37:07+00:00","twitter_card":"summary_large_image","twitter_misc":{"Odhadovan\u00e1 doba \u010dten\u00ed":"1 minuta"},"schema":{"@context":"https:\/\/schema.org","@graph":[{"@type":"WebPage","@id":"https:\/\/antersystem.com\/cs\/novinky\/interview-with-anter-system-representatives-in-monitor-rynkowy\/","url":"https:\/\/antersystem.com\/cs\/novinky\/interview-with-anter-system-representatives-in-monitor-rynkowy\/","name":"Rozhovor se z\u00e1stupci spole\u010dnosti Anter System v Monitoru Rynkowy - Anter System","isPartOf":{"@id":"https:\/\/antersystem.com\/cs\/#website"},"datePublished":"2025-01-29T14:15:00+00:00","dateModified":"2026-02-04T11:37:07+00:00","description":"Zapraszamy do lektury najnowszego wydania magazynu KAIZEN, w kt\u00f3rym ukaza\u0142 si\u0119 komentarz ekspercki firmy Anter System","breadcrumb":{"@id":"https:\/\/antersystem.com\/cs\/novinky\/interview-with-anter-system-representatives-in-monitor-rynkowy\/#breadcrumb"},"inLanguage":"cs","potentialAction":[{"@type":"ReadAction","target":["https:\/\/antersystem.com\/cs\/novinky\/interview-with-anter-system-representatives-in-monitor-rynkowy\/"]}]},{"@type":"BreadcrumbList","@id":"https:\/\/antersystem.com\/cs\/novinky\/interview-with-anter-system-representatives-in-monitor-rynkowy\/#breadcrumb","itemListElement":[{"@type":"ListItem","position":1,"name":"AnterSystem","item":"https:\/\/antersystem.com\/cs\/"},{"@type":"ListItem","position":2,"name":"Zpr\u00e1vy","item":"https:\/\/antersystem.com\/cs\/novinky\/"},{"@type":"ListItem","position":3,"name":"Rozhovor se z\u00e1stupci spole\u010dnosti Anter System v Monitoru Rynkowy"}]},{"@type":"WebSite","@id":"https:\/\/antersystem.com\/cs\/#website","url":"https:\/\/antersystem.com\/cs\/","name":"Anter System","description":"Jeste\u015bmy polskim producentem elastycznych barier ochronnych wykonywanych z polimerowych tworzyw sztucznych. Na rynku krajowym i zagranicznym dzia\u0142amy od ponad 15 lat dbaj\u0105c o zapewnienie bezpiecze\u0144stwa w zak\u0142adach produkcyjnych, magazynach oraz centrach logistycznych.","potentialAction":[{"@type":"SearchAction","target":{"@type":"EntryPoint","urlTemplate":"https:\/\/antersystem.com\/cs\/?s={search_term_string}"},"query-input":{"@type":"PropertyValueSpecification","valueRequired":true,"valueName":"search_term_string"}}],"inLanguage":"cs"}]}},"_links":{"self":[{"href":"https:\/\/antersystem.com\/cs\/wp-json\/wp\/v2\/pages\/39365","targetHints":{"allow":["GET"]}}],"collection":[{"href":"https:\/\/antersystem.com\/cs\/wp-json\/wp\/v2\/pages"}],"about":[{"href":"https:\/\/antersystem.com\/cs\/wp-json\/wp\/v2\/types\/page"}],"author":[{"embeddable":true,"href":"https:\/\/antersystem.com\/cs\/wp-json\/wp\/v2\/users\/11"}],"replies":[{"embeddable":true,"href":"https:\/\/antersystem.com\/cs\/wp-json\/wp\/v2\/comments?post=39365"}],"version-history":[{"count":1,"href":"https:\/\/antersystem.com\/cs\/wp-json\/wp\/v2\/pages\/39365\/revisions"}],"predecessor-version":[{"id":39367,"href":"https:\/\/antersystem.com\/cs\/wp-json\/wp\/v2\/pages\/39365\/revisions\/39367"}],"up":[{"embeddable":true,"href":"https:\/\/antersystem.com\/cs\/wp-json\/wp\/v2\/pages\/30524"}],"wp:attachment":[{"href":"https:\/\/antersystem.com\/cs\/wp-json\/wp\/v2\/media?parent=39365"}],"curies":[{"name":"wp","href":"https:\/\/api.w.org\/{rel}","templated":true}]}}