{"id":39452,"date":"2024-06-18T10:35:57","date_gmt":"2024-06-18T08:35:57","guid":{"rendered":"https:\/\/antersystem.com\/novinky\/mid-magazine-an-exhibition-mix-wystawowa-mieszanka\/"},"modified":"2026-02-04T13:18:05","modified_gmt":"2026-02-04T12:18:05","slug":"mid-magazine-an-exhibition-mix-wystawowa-mieszanka","status":"publish","type":"page","link":"https:\/\/antersystem.com\/cs\/novinky\/mid-magazine-an-exhibition-mix-wystawowa-mieszanka\/","title":{"rendered":"\u010casopis MID &#8222;V\u00fdstavn\u00ed mix&#8220; &#8211; &#8222;Wystawowa mieszanka&#8220;"},"content":{"rendered":"\n<div class=\"wp-block-columns is-layout-flex wp-container-core-columns-is-layout-9d6595d7 wp-block-columns-is-layout-flex\">\n<div class=\"wp-block-column is-layout-flow wp-block-column-is-layout-flow\" style=\"flex-basis:10%\"><\/div>\n\n\n\n<div class=\"wp-block-column is-layout-flow wp-block-column-is-layout-flow\">\n<h2 class=\"wp-block-heading\">MID 3\/2024. P\u0159ehled produkt\u016f p\u0159edstaven\u00fdch v posledn\u00ed dob\u011b na logistick\u00fdch veletrz\u00edch.<\/h2>\n\n\n\n<p>Nejnov\u011bj\u0161\u00ed \u010d\u00edslo \u010dasopisu MID si vzalo za \u00fakol shrom\u00e1\u017edit kl\u00ed\u010dov\u00e9 poznatky o produktech pro ty, kte\u0159\u00ed cht\u011bj\u00ed m\u00edt p\u0159ehled o novink\u00e1ch v logistice, ale nemohli se z\u00fa\u010dastnit veletrh\u016f, jako byl nap\u0159\u00edklad veletrh bezpe\u010dnosti pr\u00e1ce SAWO (kde jsme mimochodem z\u00edskali zlatou medaili &#8211; pozn. p\u0159ekl.). <a href=\"https:\/\/antersystem.com\/cs\/novinky\/gold-medal-traffic-dock-gate\/\"><span style=\"color: #000080;\"><strong>si o tom m\u016f\u017eete p\u0159e\u010d\u00edst zde<\/strong><\/span><\/a>). Redakce tak\u00e9 vyzdvihuje produkty Anter System jako komplexn\u00ed \u0159e\u0161en\u00ed pro ochranu v\u00fdrobn\u00edch proces\u016f a skladn\u00edk\u016f p\u0159ed koliz\u00ed s vysokozdvi\u017en\u00fdmi voz\u00edky. Skute\u010dnost, \u017ee jsme v posledn\u00ed dob\u011b prezentovali na\u0161e \u0159e\u0161en\u00ed na mnoha oborov\u00fdch akc\u00edch, jist\u011b zv\u00fd\u0161ila na\u0161e uzn\u00e1n\u00ed na trhu. Pokud je to v\u0161ak v\u00e1\u0161 prvn\u00ed kontakt s na\u0161\u00ed spole\u010dnost\u00ed a teprve si za\u010d\u00edn\u00e1te budovat p\u0159edstavu o prom\u011bn\u00e1ch logistick\u00fdch prostor, v\u011bnujte chv\u00edli pozornosti n\u011bkolika kl\u00ed\u010dov\u00fdm vlastnostem syst\u00e9mu Anter System, kter\u00e9 se mohou p\u0159\u00edmo prom\u00edtnout do zlep\u0161en\u00ed pracovn\u00edch podm\u00ednek ve va\u0161em podniku.   <\/p>\n\n<p><strong>Co n\u00e1s odli\u0161uje?<\/strong><\/p>\n<ul>\n<li>Vysok\u00e1 odolnost v\u00fdrobk\u016f &#8211; na\u0161e \u0159e\u0161en\u00ed odol\u00e1vaj\u00ed n\u00e1raz\u016fm mnohon\u00e1sobn\u011b vy\u0161\u0161\u00edm ne\u017e ocelov\u00e9 v\u00fdrobky, co\u017e potvrzuj\u00ed testy PAS 13 a zp\u011btn\u00e1 vazba od z\u00e1kazn\u00edk\u016f.<\/li>\n<li>Kvalita a shoda s evropsk\u00fdmi normami &#8211; v\u00fdrobky Anter System proch\u00e1zej\u00ed p\u0159\u00edsn\u00fdmi testy a jsou certifikov\u00e1ny renomovan\u00fdm institutem T\u00dcV Rheinland.<\/li>\n<li>\u0160irok\u00e1 \u0161k\u00e1la v\u00fdrobk\u016f &#8211; p\u0159izp\u016fsoben\u00e1 individu\u00e1ln\u00edm pot\u0159eb\u00e1m spole\u010dnosti a specifick\u00fdm podm\u00ednk\u00e1m m\u00edsta instalace, od ochrany na \u00farovni podlahy a\u017e po z\u00e1brany ve v\u00fd\u0161k\u00e1ch, s ohledem na provoz vozidel v objektu.<\/li>\n<li>Inovace &#8211; zam\u011b\u0159ujeme se na modern\u00ed \u0159e\u0161en\u00ed, zav\u00e1d\u00edme automatizovan\u00e9 syst\u00e9my, kter\u00e9 zvy\u0161uj\u00ed bezpe\u010dnost, a z\u00e1rove\u0148 neust\u00e1le zdokonalujeme na\u0161e produkty.<\/li>\n<li>Modularita &#8211; bari\u00e9ry lze snadno p\u0159ipojit, p\u0159em\u00edstit a roz\u0161\u00ed\u0159it, aby se p\u0159izp\u016fsobily m\u011bn\u00edc\u00edm se podm\u00ednk\u00e1m v\u00fdroby nebo skladu.<\/li>\n<li>Ekologie &#8211; na\u0161e v\u00fdrobky jsou 100% recyklovateln\u00e9, co\u017e pom\u00e1h\u00e1 sni\u017eovat uhl\u00edkovou stopu.<\/li>\n<\/ul>\n\n<p>Materi\u00e1l sestaven\u00fd t\u00fdmem MID v\u00e1m jist\u011b pom\u016f\u017ee p\u0159i rozhodov\u00e1n\u00ed o n\u00e1kupu na z\u00e1klad\u011b informac\u00ed &#8211; nejen p\u0159i v\u00fdb\u011bru bezpe\u010dnostn\u00edch bari\u00e9r, ale tak\u00e9 \u0159e\u0161en\u00ed vyu\u017e\u00edvaj\u00edc\u00edch technologie um\u011bl\u00e9 inteligence. Rozhodn\u011b stoj\u00ed za p\u0159e\u010dten\u00ed! \ud83d\ude42 \u010cl\u00e1nek je k dispozici n\u00ed\u017ee a cel\u00e9 vyd\u00e1n\u00ed najdete na str\u00e1nk\u00e1ch vydavatele.  <\/p>\n<\/div>\n\n\n\n<div class=\"wp-block-column is-layout-flow wp-block-column-is-layout-flow\" style=\"flex-basis:10%\"><\/div>\n<\/div>\n\n<div data-wp-interactive=\"core\/file\" class=\"wp-block-file\"><object data-wp-bind--hidden=\"!state.hasPdfPreview\" hidden class=\"wp-block-file__embed\" data=\"https:\/\/antersystem.com\/wp-content\/uploads\/MID_99_3_2024_Anter-System.pdf\" type=\"application\/pdf\" style=\"width:100%;height:600px\" aria-label=\"Vlo\u017eit z MID_99_3_2024_Anter-System.\"><\/object><a id=\"wp-block-file--media-81b055e1-ad38-4bf5-98d8-870bb86c3edb\" href=\"https:\/\/antersystem.com\/wp-content\/uploads\/MID_99_3_2024_Anter-System.pdf\">MID_99_3_2024_Anter-System<\/a><a href=\"https:\/\/antersystem.com\/wp-content\/uploads\/MID_99_3_2024_Anter-System.pdf\" class=\"wp-block-file__button wp-element-button\" download=\"\" aria-describedby=\"wp-block-file--media-81b055e1-ad38-4bf5-98d8-870bb86c3edb\">St\u00e1hnout<\/a><\/div>\n","protected":false},"excerpt":{"rendered":"<p>MID 3\/2024. P\u0159ehled produkt\u016f p\u0159edstaven\u00fdch v posledn\u00ed dob\u011b na logistick\u00fdch veletrz\u00edch. Nejnov\u011bj\u0161\u00ed \u010d\u00edslo \u010dasopisu MID si vzalo za \u00fakol shrom\u00e1\u017edit kl\u00ed\u010dov\u00e9 poznatky o produktech pro ty, kte\u0159\u00ed cht\u011bj\u00ed m\u00edt p\u0159ehled o novink\u00e1ch v logistice, ale nemohli se z\u00fa\u010dastnit veletrh\u016f, jako byl nap\u0159\u00edklad veletrh bezpe\u010dnosti pr\u00e1ce SAWO (kde jsme mimochodem z\u00edskali zlatou medaili &#8211; pozn. p\u0159ekl.). [&hellip;]<\/p>\n","protected":false},"author":1,"featured_media":0,"parent":30524,"menu_order":0,"comment_status":"closed","ping_status":"closed","template":"","meta":{"inline_featured_image":false,"ngg_post_thumbnail":0,"footnotes":""},"class_list":["post-39452","page","type-page","status-publish","hentry"],"acf":[],"yoast_head":"<!-- This site is optimized with the Yoast SEO plugin v27.0 - https:\/\/yoast.com\/product\/yoast-seo-wordpress\/ -->\n<title>\u010casopis MID &quot;V\u00fdstavn\u00ed mix&quot; - &quot;Wystawowa mieszanka&quot; - Anter System<\/title>\n<meta name=\"description\" content=\"Najnowszy magazyn MID pokusi\u0142 si\u0119 o zebranie wa\u017cnych wskaza\u0144 ofertowych, dla tych, kt\u00f3rzy chc\u0105 by\u0107 na bie\u017c\u0105co z nowinkami bran\u017cy logistycznej\" \/>\n<meta name=\"robots\" content=\"index, follow, max-snippet:-1, max-image-preview:large, max-video-preview:-1\" \/>\n<link rel=\"canonical\" href=\"https:\/\/antersystem.com\/cs\/novinky\/mid-magazine-an-exhibition-mix-wystawowa-mieszanka\/\" \/>\n<meta property=\"og:locale\" content=\"cs_CZ\" \/>\n<meta property=\"og:type\" content=\"article\" \/>\n<meta property=\"og:title\" content=\"\u010casopis MID &quot;V\u00fdstavn\u00ed mix&quot; - &quot;Wystawowa mieszanka&quot; - Anter System\" \/>\n<meta property=\"og:description\" content=\"Najnowszy magazyn MID pokusi\u0142 si\u0119 o zebranie wa\u017cnych wskaza\u0144 ofertowych, dla tych, kt\u00f3rzy chc\u0105 by\u0107 na bie\u017c\u0105co z nowinkami bran\u017cy logistycznej\" \/>\n<meta property=\"og:url\" content=\"https:\/\/antersystem.com\/cs\/novinky\/mid-magazine-an-exhibition-mix-wystawowa-mieszanka\/\" \/>\n<meta property=\"og:site_name\" content=\"Anter System\" \/>\n<meta property=\"article:modified_time\" content=\"2026-02-04T12:18:05+00:00\" \/>\n<meta name=\"twitter:card\" content=\"summary_large_image\" \/>\n<meta name=\"twitter:label1\" content=\"Odhadovan\u00e1 doba \u010dten\u00ed\" \/>\n\t<meta name=\"twitter:data1\" content=\"2 minuty\" \/>\n<script type=\"application\/ld+json\" class=\"yoast-schema-graph\">{\"@context\":\"https:\/\/schema.org\",\"@graph\":[{\"@type\":\"WebPage\",\"@id\":\"https:\/\/antersystem.com\/cs\/novinky\/mid-magazine-an-exhibition-mix-wystawowa-mieszanka\/\",\"url\":\"https:\/\/antersystem.com\/cs\/novinky\/mid-magazine-an-exhibition-mix-wystawowa-mieszanka\/\",\"name\":\"\u010casopis MID \\\"V\u00fdstavn\u00ed mix\\\" - \\\"Wystawowa mieszanka\\\" - Anter System\",\"isPartOf\":{\"@id\":\"https:\/\/antersystem.com\/cs\/#website\"},\"datePublished\":\"2024-06-18T08:35:57+00:00\",\"dateModified\":\"2026-02-04T12:18:05+00:00\",\"description\":\"Najnowszy magazyn MID pokusi\u0142 si\u0119 o zebranie wa\u017cnych wskaza\u0144 ofertowych, dla tych, kt\u00f3rzy chc\u0105 by\u0107 na bie\u017c\u0105co z nowinkami bran\u017cy logistycznej\",\"breadcrumb\":{\"@id\":\"https:\/\/antersystem.com\/cs\/novinky\/mid-magazine-an-exhibition-mix-wystawowa-mieszanka\/#breadcrumb\"},\"inLanguage\":\"cs\",\"potentialAction\":[{\"@type\":\"ReadAction\",\"target\":[\"https:\/\/antersystem.com\/cs\/novinky\/mid-magazine-an-exhibition-mix-wystawowa-mieszanka\/\"]}]},{\"@type\":\"BreadcrumbList\",\"@id\":\"https:\/\/antersystem.com\/cs\/novinky\/mid-magazine-an-exhibition-mix-wystawowa-mieszanka\/#breadcrumb\",\"itemListElement\":[{\"@type\":\"ListItem\",\"position\":1,\"name\":\"AnterSystem\",\"item\":\"https:\/\/antersystem.com\/cs\/\"},{\"@type\":\"ListItem\",\"position\":2,\"name\":\"Zpr\u00e1vy\",\"item\":\"https:\/\/antersystem.com\/cs\/novinky\/\"},{\"@type\":\"ListItem\",\"position\":3,\"name\":\"\u010casopis MID &#8220;V\u00fdstavn\u00ed mix&#8221; &#8211; &#8220;Wystawowa mieszanka&#8221;\"}]},{\"@type\":\"WebSite\",\"@id\":\"https:\/\/antersystem.com\/cs\/#website\",\"url\":\"https:\/\/antersystem.com\/cs\/\",\"name\":\"Anter System\",\"description\":\"Jeste\u015bmy polskim producentem elastycznych barier ochronnych wykonywanych z polimerowych tworzyw sztucznych. Na rynku krajowym i zagranicznym dzia\u0142amy od ponad 15 lat dbaj\u0105c o zapewnienie bezpiecze\u0144stwa w zak\u0142adach produkcyjnych, magazynach oraz centrach logistycznych.\",\"potentialAction\":[{\"@type\":\"SearchAction\",\"target\":{\"@type\":\"EntryPoint\",\"urlTemplate\":\"https:\/\/antersystem.com\/cs\/?s={search_term_string}\"},\"query-input\":{\"@type\":\"PropertyValueSpecification\",\"valueRequired\":true,\"valueName\":\"search_term_string\"}}],\"inLanguage\":\"cs\"}]}<\/script>\n<!-- \/ Yoast SEO plugin. -->","yoast_head_json":{"title":"\u010casopis MID \"V\u00fdstavn\u00ed mix\" - \"Wystawowa mieszanka\" - Anter System","description":"Najnowszy magazyn MID pokusi\u0142 si\u0119 o zebranie wa\u017cnych wskaza\u0144 ofertowych, dla tych, kt\u00f3rzy chc\u0105 by\u0107 na bie\u017c\u0105co z nowinkami bran\u017cy logistycznej","robots":{"index":"index","follow":"follow","max-snippet":"max-snippet:-1","max-image-preview":"max-image-preview:large","max-video-preview":"max-video-preview:-1"},"canonical":"https:\/\/antersystem.com\/cs\/novinky\/mid-magazine-an-exhibition-mix-wystawowa-mieszanka\/","og_locale":"cs_CZ","og_type":"article","og_title":"\u010casopis MID \"V\u00fdstavn\u00ed mix\" - \"Wystawowa mieszanka\" - Anter System","og_description":"Najnowszy magazyn MID pokusi\u0142 si\u0119 o zebranie wa\u017cnych wskaza\u0144 ofertowych, dla tych, kt\u00f3rzy chc\u0105 by\u0107 na bie\u017c\u0105co z nowinkami bran\u017cy logistycznej","og_url":"https:\/\/antersystem.com\/cs\/novinky\/mid-magazine-an-exhibition-mix-wystawowa-mieszanka\/","og_site_name":"Anter System","article_modified_time":"2026-02-04T12:18:05+00:00","twitter_card":"summary_large_image","twitter_misc":{"Odhadovan\u00e1 doba \u010dten\u00ed":"2 minuty"},"schema":{"@context":"https:\/\/schema.org","@graph":[{"@type":"WebPage","@id":"https:\/\/antersystem.com\/cs\/novinky\/mid-magazine-an-exhibition-mix-wystawowa-mieszanka\/","url":"https:\/\/antersystem.com\/cs\/novinky\/mid-magazine-an-exhibition-mix-wystawowa-mieszanka\/","name":"\u010casopis MID \"V\u00fdstavn\u00ed mix\" - \"Wystawowa mieszanka\" - Anter System","isPartOf":{"@id":"https:\/\/antersystem.com\/cs\/#website"},"datePublished":"2024-06-18T08:35:57+00:00","dateModified":"2026-02-04T12:18:05+00:00","description":"Najnowszy magazyn MID pokusi\u0142 si\u0119 o zebranie wa\u017cnych wskaza\u0144 ofertowych, dla tych, kt\u00f3rzy chc\u0105 by\u0107 na bie\u017c\u0105co z nowinkami bran\u017cy logistycznej","breadcrumb":{"@id":"https:\/\/antersystem.com\/cs\/novinky\/mid-magazine-an-exhibition-mix-wystawowa-mieszanka\/#breadcrumb"},"inLanguage":"cs","potentialAction":[{"@type":"ReadAction","target":["https:\/\/antersystem.com\/cs\/novinky\/mid-magazine-an-exhibition-mix-wystawowa-mieszanka\/"]}]},{"@type":"BreadcrumbList","@id":"https:\/\/antersystem.com\/cs\/novinky\/mid-magazine-an-exhibition-mix-wystawowa-mieszanka\/#breadcrumb","itemListElement":[{"@type":"ListItem","position":1,"name":"AnterSystem","item":"https:\/\/antersystem.com\/cs\/"},{"@type":"ListItem","position":2,"name":"Zpr\u00e1vy","item":"https:\/\/antersystem.com\/cs\/novinky\/"},{"@type":"ListItem","position":3,"name":"\u010casopis MID &#8220;V\u00fdstavn\u00ed mix&#8221; &#8211; &#8220;Wystawowa mieszanka&#8221;"}]},{"@type":"WebSite","@id":"https:\/\/antersystem.com\/cs\/#website","url":"https:\/\/antersystem.com\/cs\/","name":"Anter System","description":"Jeste\u015bmy polskim producentem elastycznych barier ochronnych wykonywanych z polimerowych tworzyw sztucznych. Na rynku krajowym i zagranicznym dzia\u0142amy od ponad 15 lat dbaj\u0105c o zapewnienie bezpiecze\u0144stwa w zak\u0142adach produkcyjnych, magazynach oraz centrach logistycznych.","potentialAction":[{"@type":"SearchAction","target":{"@type":"EntryPoint","urlTemplate":"https:\/\/antersystem.com\/cs\/?s={search_term_string}"},"query-input":{"@type":"PropertyValueSpecification","valueRequired":true,"valueName":"search_term_string"}}],"inLanguage":"cs"}]}},"_links":{"self":[{"href":"https:\/\/antersystem.com\/cs\/wp-json\/wp\/v2\/pages\/39452","targetHints":{"allow":["GET"]}}],"collection":[{"href":"https:\/\/antersystem.com\/cs\/wp-json\/wp\/v2\/pages"}],"about":[{"href":"https:\/\/antersystem.com\/cs\/wp-json\/wp\/v2\/types\/page"}],"author":[{"embeddable":true,"href":"https:\/\/antersystem.com\/cs\/wp-json\/wp\/v2\/users\/1"}],"replies":[{"embeddable":true,"href":"https:\/\/antersystem.com\/cs\/wp-json\/wp\/v2\/comments?post=39452"}],"version-history":[{"count":1,"href":"https:\/\/antersystem.com\/cs\/wp-json\/wp\/v2\/pages\/39452\/revisions"}],"predecessor-version":[{"id":39453,"href":"https:\/\/antersystem.com\/cs\/wp-json\/wp\/v2\/pages\/39452\/revisions\/39453"}],"up":[{"embeddable":true,"href":"https:\/\/antersystem.com\/cs\/wp-json\/wp\/v2\/pages\/30524"}],"wp:attachment":[{"href":"https:\/\/antersystem.com\/cs\/wp-json\/wp\/v2\/media?parent=39452"}],"curies":[{"name":"wp","href":"https:\/\/api.w.org\/{rel}","templated":true}]}}