{"id":39504,"date":"2024-06-17T15:23:53","date_gmt":"2024-06-17T13:23:53","guid":{"rendered":"https:\/\/antersystem.com\/novinky\/technical-conferences-mielec-20-06\/"},"modified":"2026-02-04T13:51:31","modified_gmt":"2026-02-04T12:51:31","slug":"technical-conferences-mielec-20-06","status":"publish","type":"page","link":"https:\/\/antersystem.com\/cs\/novinky\/technical-conferences-mielec-20-06\/","title":{"rendered":"Technick\u00e9 konference, Mielec 20.06"},"content":{"rendered":"\n<div class=\"wp-block-columns is-layout-flex wp-container-core-columns-is-layout-9d6595d7 wp-block-columns-is-layout-flex\">\n  \n  <div class=\"wp-block-column is-layout-flow wp-block-column-is-layout-flow\" style=\"flex-basis:10%\"><\/div>\n  \n\n  \n  <div class=\"wp-block-column is-layout-flow wp-block-column-is-layout-flow\">\n    \n    <h2 class=\"wp-block-heading\">Nejlep\u0161\u00ed postupy v logistice &#8211; technick\u00e1 konference<\/h2>\n    \n\n    \n    <p>Zveme v\u00e1s na bezplatnou konferenci <strong>&#8222;Optimalizace intralogistick\u00fdch a skladov\u00fdch proces\u016f&#8220; v\u011bnovanou<\/strong> dynamick\u00fdm zm\u011bn\u00e1m v logistick\u00e9m pr\u016fmyslu. Akce se uskute\u010dn\u00ed <strong>20. \u010dervna v<\/strong> <strong>hotelu Atena v Mielci.<\/strong> <\/p>\n    \n\n    \n    <p>Z cel\u00e9ho srdce doporu\u010dujeme v\u0161em, kte\u0159\u00ed cht\u011bj\u00ed <strong>roz\u0161\u00ed\u0159it svou profesn\u00ed s\u00ed\u0165, aby<\/strong> se k n\u00e1m p\u0159ipojili. Bude zde spousta p\u0159\u00edle\u017eitost\u00ed k cenn\u00fdm diskus\u00edm a zaru\u010den\u00fd p\u0159\u00edstup ke skute\u010dn\u00fdm profesion\u00e1l\u016fm v oboru. S\u00edla <strong>konferenc\u00ed spole\u010dnosti Axon Media<\/strong> spo\u010d\u00edv\u00e1 v setk\u00e1v\u00e1n\u00ed odborn\u00edk\u016f z praxe &#8211; <strong>expert\u016f z r\u016fzn\u00fdch odv\u011btv\u00ed, kte\u0159\u00ed se<\/strong> pod\u011bl\u00ed o sv\u00e9 zku\u0161enosti se zlep\u0161ov\u00e1n\u00edm logistick\u00fdch a skladov\u00fdch proces\u016f a <strong>budou diskutovat o v\u00fdzv\u00e1ch spojen\u00fdch s jejich p\u0159izp\u016fsoben\u00edm specifick\u00fdm pot\u0159eb\u00e1m provozoven.<\/strong> Prezentace se budou t\u00fdkat jak komplexn\u00edch implementac\u00ed, tak men\u0161\u00edch zlep\u0161en\u00ed, kter\u00e1 pom\u00e1haj\u00ed \u0161et\u0159it \u010das a sni\u017eovat n\u00e1klady.   <\/p>\n    \n\n    \n    <p><strong>Jako partner technick\u00fdch konferenc\u00ed podporuje spole\u010dnost Anter System \u00fasil\u00ed o zlep\u0161en\u00ed bezpe\u010dnosti a hygieny (BOZP) ve skladech a pr\u016fmyslov\u00fdch hal\u00e1ch.<\/strong>  Poskytujeme odborn\u00e9 poradenstv\u00ed v oblasti pou\u017e\u00edv\u00e1n\u00ed ochrann\u00fdch syst\u00e9m\u016f pro chodce, zbo\u017e\u00ed, stroje a infrastrukturu. Pokud jde o bezpe\u010dnost p\u0159i nakl\u00e1dce a vykl\u00e1dce, <a href=\"https:\/\/antersystem.com\/cs\/kategorie-produktu\/nakladaci-technika\/\"><strong>m\u00e1me tak\u00e9 mnoho osv\u011bd\u010den\u00fdch v\u00fdrobk\u016f, kter\u00e9 m\u016f\u017eeme p\u0159edv\u00e9st a diskutovat o nich<\/strong><\/a>. Dal\u0161\u00edmi t\u00e9maty konference jsou: intern\u00ed dopravn\u00ed syst\u00e9my, skladov\u00e1 robotika, automatizovan\u00e9 syst\u00e9my skladov\u00e1n\u00ed a vychyst\u00e1v\u00e1n\u00ed, RFID a bezdr\u00e1tov\u00e1 identifikace, software pro intralogistiku, projektov\u00e1n\u00ed a poradenstv\u00ed pro skladovou logistiku a stroje pro ozna\u010dov\u00e1n\u00ed a zna\u010den\u00ed.  <\/p>\n    \n\n    \n    <p>Konference nab\u00edz\u00ed vynikaj\u00edc\u00ed p\u0159\u00edle\u017eitost k objevov\u00e1n\u00ed technologick\u00fdch \u0159e\u0161en\u00ed \u0161it\u00fdch na m\u00edru individu\u00e1ln\u00edm pot\u0159eb\u00e1m ka\u017ed\u00e9ho \u00fa\u010dastn\u00edka. Z dlouhodob\u00e9ho hlediska podporuje prost\u0159ed\u00ed spolupr\u00e1ce, kter\u00e9 podporuje zm\u011bny souvisej\u00edc\u00ed s digitalizac\u00ed, automatizac\u00ed a budoucnost\u00ed pr\u00e1ce. V\u011b\u0159\u00edme, \u017ee je to slibn\u00fd sm\u011br &#8211; p\u0159ij\u010fte nav\u0161t\u00edvit st\u00e1nek <strong>spole\u010dnosti Anter System<\/strong> a p\u0159ipojte se k n\u00e1m v p\u0159edn\u00e1\u0161kov\u00e9m s\u00e1le!  <\/p>\n    \n\n    \n    <p>Program akce: <strong><a href=\"https:\/\/www.axonmedia.pl\/konferencje\/aktualne\/intralogistyka-magazynowanie-2024-mielec\/\">Technick\u00e9 konference<\/a><\/strong><\/p>\n    \n\n    \n    <p><strong>#TechnicalConferences #AxonMedia #OHS #Production #FlexibleSafetyBarriers<\/strong><\/p>\n    \n  <\/div>\n  \n\n  \n  <div class=\"wp-block-column is-layout-flow wp-block-column-is-layout-flow\" style=\"flex-basis:10%\"><\/div>\n  \n<\/div>\n<div class=\"wp-block-image\">\n<figure class=\"aligncenter size-large is-resized\"><img loading=\"lazy\" decoding=\"async\" width=\"1024\" height=\"576\" src=\"https:\/\/antersystem.com\/wp-content\/uploads\/AxonMedia-konferencja-w-Mielcu-1-edited-1024x576.webp\" alt=\"Konference Axon Media v Mielci 2024 - Anter System\" class=\"wp-image-4856\" style=\"width:620px;height:auto\" srcset=\"https:\/\/antersystem.com\/wp-content\/uploads\/AxonMedia-konferencja-w-Mielcu-1-edited-1024x576.webp 1024w, https:\/\/antersystem.com\/wp-content\/uploads\/AxonMedia-konferencja-w-Mielcu-1-edited-300x169.webp 300w, https:\/\/antersystem.com\/wp-content\/uploads\/AxonMedia-konferencja-w-Mielcu-1-edited-768x432.webp 768w, https:\/\/antersystem.com\/wp-content\/uploads\/AxonMedia-konferencja-w-Mielcu-1-edited-450x253.webp 450w, https:\/\/antersystem.com\/wp-content\/uploads\/AxonMedia-konferencja-w-Mielcu-1-edited-330x186.webp 330w, https:\/\/antersystem.com\/wp-content\/uploads\/AxonMedia-konferencja-w-Mielcu-1-edited.webp 1115w\" sizes=\"auto, (max-width: 1024px) 100vw, 1024px\" \/><\/figure><\/div>","protected":false},"excerpt":{"rendered":"<p>Nejlep\u0161\u00ed postupy v logistice &#8211; technick\u00e1 konference Zveme v\u00e1s na bezplatnou konferenci &#8222;Optimalizace intralogistick\u00fdch a skladov\u00fdch proces\u016f&#8220; v\u011bnovanou dynamick\u00fdm zm\u011bn\u00e1m v logistick\u00e9m pr\u016fmyslu. Akce se uskute\u010dn\u00ed 20. \u010dervna v hotelu Atena v Mielci. Z cel\u00e9ho srdce doporu\u010dujeme v\u0161em, kte\u0159\u00ed cht\u011bj\u00ed roz\u0161\u00ed\u0159it svou profesn\u00ed s\u00ed\u0165, aby se k n\u00e1m p\u0159ipojili. Bude zde spousta p\u0159\u00edle\u017eitost\u00ed k cenn\u00fdm [&hellip;]<\/p>\n","protected":false},"author":1,"featured_media":0,"parent":30524,"menu_order":0,"comment_status":"closed","ping_status":"closed","template":"","meta":{"inline_featured_image":false,"ngg_post_thumbnail":0,"footnotes":""},"class_list":["post-39504","page","type-page","status-publish","hentry"],"acf":[],"yoast_head":"<!-- This site is optimized with the Yoast SEO plugin v27.0 - https:\/\/yoast.com\/product\/yoast-seo-wordpress\/ -->\n<title>Technick\u00e9 konference, Mielec 20.06 - Anter System<\/title>\n<meta name=\"description\" content=\"Nejlep\u0161\u00ed postupy v logistice - technick\u00e1 konference Zveme v\u00e1s na bezplatnou konferenci &quot;Optimalizace intralogistick\u00fdch a skladov\u00fdch proces\u016f&quot; v\u011bnovanou\" \/>\n<meta name=\"robots\" content=\"index, follow, max-snippet:-1, max-image-preview:large, max-video-preview:-1\" \/>\n<link rel=\"canonical\" href=\"https:\/\/antersystem.com\/cs\/novinky\/technical-conferences-mielec-20-06\/\" \/>\n<meta property=\"og:locale\" content=\"cs_CZ\" \/>\n<meta property=\"og:type\" content=\"article\" \/>\n<meta property=\"og:title\" content=\"Technick\u00e9 konference, Mielec 20.06 - Anter System\" \/>\n<meta property=\"og:description\" content=\"Nejlep\u0161\u00ed postupy v logistice - technick\u00e1 konference Zveme v\u00e1s na bezplatnou konferenci &quot;Optimalizace intralogistick\u00fdch a skladov\u00fdch proces\u016f&quot; v\u011bnovanou\" \/>\n<meta property=\"og:url\" content=\"https:\/\/antersystem.com\/cs\/novinky\/technical-conferences-mielec-20-06\/\" \/>\n<meta property=\"og:site_name\" content=\"Anter System\" \/>\n<meta property=\"article:modified_time\" content=\"2026-02-04T12:51:31+00:00\" \/>\n<meta property=\"og:image\" content=\"https:\/\/antersystem.com\/wp-content\/uploads\/AxonMedia-konferencja-w-Mielcu-1-edited-1024x576.webp\" \/>\n<meta name=\"twitter:card\" content=\"summary_large_image\" \/>\n<meta name=\"twitter:label1\" content=\"Odhadovan\u00e1 doba \u010dten\u00ed\" \/>\n\t<meta name=\"twitter:data1\" content=\"2 minuty\" \/>\n<script type=\"application\/ld+json\" class=\"yoast-schema-graph\">{\"@context\":\"https:\/\/schema.org\",\"@graph\":[{\"@type\":\"WebPage\",\"@id\":\"https:\/\/antersystem.com\/cs\/novinky\/technical-conferences-mielec-20-06\/\",\"url\":\"https:\/\/antersystem.com\/cs\/novinky\/technical-conferences-mielec-20-06\/\",\"name\":\"Technick\u00e9 konference, Mielec 20.06 - Anter System\",\"isPartOf\":{\"@id\":\"https:\/\/antersystem.com\/cs\/#website\"},\"primaryImageOfPage\":{\"@id\":\"https:\/\/antersystem.com\/cs\/novinky\/technical-conferences-mielec-20-06\/#primaryimage\"},\"image\":{\"@id\":\"https:\/\/antersystem.com\/cs\/novinky\/technical-conferences-mielec-20-06\/#primaryimage\"},\"thumbnailUrl\":\"https:\/\/antersystem.com\/wp-content\/uploads\/AxonMedia-konferencja-w-Mielcu-1-edited-1024x576.webp\",\"datePublished\":\"2024-06-17T13:23:53+00:00\",\"dateModified\":\"2026-02-04T12:51:31+00:00\",\"description\":\"Nejlep\u0161\u00ed postupy v logistice - technick\u00e1 konference Zveme v\u00e1s na bezplatnou konferenci \\\"Optimalizace intralogistick\u00fdch a skladov\u00fdch proces\u016f\\\" v\u011bnovanou\",\"breadcrumb\":{\"@id\":\"https:\/\/antersystem.com\/cs\/novinky\/technical-conferences-mielec-20-06\/#breadcrumb\"},\"inLanguage\":\"cs\",\"potentialAction\":[{\"@type\":\"ReadAction\",\"target\":[\"https:\/\/antersystem.com\/cs\/novinky\/technical-conferences-mielec-20-06\/\"]}]},{\"@type\":\"ImageObject\",\"inLanguage\":\"cs\",\"@id\":\"https:\/\/antersystem.com\/cs\/novinky\/technical-conferences-mielec-20-06\/#primaryimage\",\"url\":\"https:\/\/antersystem.com\/wp-content\/uploads\/AxonMedia-konferencja-w-Mielcu-1-edited-1024x576.webp\",\"contentUrl\":\"https:\/\/antersystem.com\/wp-content\/uploads\/AxonMedia-konferencja-w-Mielcu-1-edited-1024x576.webp\"},{\"@type\":\"BreadcrumbList\",\"@id\":\"https:\/\/antersystem.com\/cs\/novinky\/technical-conferences-mielec-20-06\/#breadcrumb\",\"itemListElement\":[{\"@type\":\"ListItem\",\"position\":1,\"name\":\"AnterSystem\",\"item\":\"https:\/\/antersystem.com\/cs\/\"},{\"@type\":\"ListItem\",\"position\":2,\"name\":\"Zpr\u00e1vy\",\"item\":\"https:\/\/antersystem.com\/cs\/novinky\/\"},{\"@type\":\"ListItem\",\"position\":3,\"name\":\"Technick\u00e9 konference, Mielec 20.06\"}]},{\"@type\":\"WebSite\",\"@id\":\"https:\/\/antersystem.com\/cs\/#website\",\"url\":\"https:\/\/antersystem.com\/cs\/\",\"name\":\"Anter System\",\"description\":\"Jeste\u015bmy polskim producentem elastycznych barier ochronnych wykonywanych z polimerowych tworzyw sztucznych. Na rynku krajowym i zagranicznym dzia\u0142amy od ponad 15 lat dbaj\u0105c o zapewnienie bezpiecze\u0144stwa w zak\u0142adach produkcyjnych, magazynach oraz centrach logistycznych.\",\"potentialAction\":[{\"@type\":\"SearchAction\",\"target\":{\"@type\":\"EntryPoint\",\"urlTemplate\":\"https:\/\/antersystem.com\/cs\/?s={search_term_string}\"},\"query-input\":{\"@type\":\"PropertyValueSpecification\",\"valueRequired\":true,\"valueName\":\"search_term_string\"}}],\"inLanguage\":\"cs\"}]}<\/script>\n<!-- \/ Yoast SEO plugin. -->","yoast_head_json":{"title":"Technick\u00e9 konference, Mielec 20.06 - Anter System","description":"Nejlep\u0161\u00ed postupy v logistice - technick\u00e1 konference Zveme v\u00e1s na bezplatnou konferenci \"Optimalizace intralogistick\u00fdch a skladov\u00fdch proces\u016f\" v\u011bnovanou","robots":{"index":"index","follow":"follow","max-snippet":"max-snippet:-1","max-image-preview":"max-image-preview:large","max-video-preview":"max-video-preview:-1"},"canonical":"https:\/\/antersystem.com\/cs\/novinky\/technical-conferences-mielec-20-06\/","og_locale":"cs_CZ","og_type":"article","og_title":"Technick\u00e9 konference, Mielec 20.06 - Anter System","og_description":"Nejlep\u0161\u00ed postupy v logistice - technick\u00e1 konference Zveme v\u00e1s na bezplatnou konferenci \"Optimalizace intralogistick\u00fdch a skladov\u00fdch proces\u016f\" v\u011bnovanou","og_url":"https:\/\/antersystem.com\/cs\/novinky\/technical-conferences-mielec-20-06\/","og_site_name":"Anter System","article_modified_time":"2026-02-04T12:51:31+00:00","og_image":[{"url":"https:\/\/antersystem.com\/wp-content\/uploads\/AxonMedia-konferencja-w-Mielcu-1-edited-1024x576.webp","type":"","width":"","height":""}],"twitter_card":"summary_large_image","twitter_misc":{"Odhadovan\u00e1 doba \u010dten\u00ed":"2 minuty"},"schema":{"@context":"https:\/\/schema.org","@graph":[{"@type":"WebPage","@id":"https:\/\/antersystem.com\/cs\/novinky\/technical-conferences-mielec-20-06\/","url":"https:\/\/antersystem.com\/cs\/novinky\/technical-conferences-mielec-20-06\/","name":"Technick\u00e9 konference, Mielec 20.06 - Anter System","isPartOf":{"@id":"https:\/\/antersystem.com\/cs\/#website"},"primaryImageOfPage":{"@id":"https:\/\/antersystem.com\/cs\/novinky\/technical-conferences-mielec-20-06\/#primaryimage"},"image":{"@id":"https:\/\/antersystem.com\/cs\/novinky\/technical-conferences-mielec-20-06\/#primaryimage"},"thumbnailUrl":"https:\/\/antersystem.com\/wp-content\/uploads\/AxonMedia-konferencja-w-Mielcu-1-edited-1024x576.webp","datePublished":"2024-06-17T13:23:53+00:00","dateModified":"2026-02-04T12:51:31+00:00","description":"Nejlep\u0161\u00ed postupy v logistice - technick\u00e1 konference Zveme v\u00e1s na bezplatnou konferenci \"Optimalizace intralogistick\u00fdch a skladov\u00fdch proces\u016f\" v\u011bnovanou","breadcrumb":{"@id":"https:\/\/antersystem.com\/cs\/novinky\/technical-conferences-mielec-20-06\/#breadcrumb"},"inLanguage":"cs","potentialAction":[{"@type":"ReadAction","target":["https:\/\/antersystem.com\/cs\/novinky\/technical-conferences-mielec-20-06\/"]}]},{"@type":"ImageObject","inLanguage":"cs","@id":"https:\/\/antersystem.com\/cs\/novinky\/technical-conferences-mielec-20-06\/#primaryimage","url":"https:\/\/antersystem.com\/wp-content\/uploads\/AxonMedia-konferencja-w-Mielcu-1-edited-1024x576.webp","contentUrl":"https:\/\/antersystem.com\/wp-content\/uploads\/AxonMedia-konferencja-w-Mielcu-1-edited-1024x576.webp"},{"@type":"BreadcrumbList","@id":"https:\/\/antersystem.com\/cs\/novinky\/technical-conferences-mielec-20-06\/#breadcrumb","itemListElement":[{"@type":"ListItem","position":1,"name":"AnterSystem","item":"https:\/\/antersystem.com\/cs\/"},{"@type":"ListItem","position":2,"name":"Zpr\u00e1vy","item":"https:\/\/antersystem.com\/cs\/novinky\/"},{"@type":"ListItem","position":3,"name":"Technick\u00e9 konference, Mielec 20.06"}]},{"@type":"WebSite","@id":"https:\/\/antersystem.com\/cs\/#website","url":"https:\/\/antersystem.com\/cs\/","name":"Anter System","description":"Jeste\u015bmy polskim producentem elastycznych barier ochronnych wykonywanych z polimerowych tworzyw sztucznych. Na rynku krajowym i zagranicznym dzia\u0142amy od ponad 15 lat dbaj\u0105c o zapewnienie bezpiecze\u0144stwa w zak\u0142adach produkcyjnych, magazynach oraz centrach logistycznych.","potentialAction":[{"@type":"SearchAction","target":{"@type":"EntryPoint","urlTemplate":"https:\/\/antersystem.com\/cs\/?s={search_term_string}"},"query-input":{"@type":"PropertyValueSpecification","valueRequired":true,"valueName":"search_term_string"}}],"inLanguage":"cs"}]}},"_links":{"self":[{"href":"https:\/\/antersystem.com\/cs\/wp-json\/wp\/v2\/pages\/39504","targetHints":{"allow":["GET"]}}],"collection":[{"href":"https:\/\/antersystem.com\/cs\/wp-json\/wp\/v2\/pages"}],"about":[{"href":"https:\/\/antersystem.com\/cs\/wp-json\/wp\/v2\/types\/page"}],"author":[{"embeddable":true,"href":"https:\/\/antersystem.com\/cs\/wp-json\/wp\/v2\/users\/1"}],"replies":[{"embeddable":true,"href":"https:\/\/antersystem.com\/cs\/wp-json\/wp\/v2\/comments?post=39504"}],"version-history":[{"count":1,"href":"https:\/\/antersystem.com\/cs\/wp-json\/wp\/v2\/pages\/39504\/revisions"}],"predecessor-version":[{"id":39506,"href":"https:\/\/antersystem.com\/cs\/wp-json\/wp\/v2\/pages\/39504\/revisions\/39506"}],"up":[{"embeddable":true,"href":"https:\/\/antersystem.com\/cs\/wp-json\/wp\/v2\/pages\/30524"}],"wp:attachment":[{"href":"https:\/\/antersystem.com\/cs\/wp-json\/wp\/v2\/media?parent=39504"}],"curies":[{"name":"wp","href":"https:\/\/api.w.org\/{rel}","templated":true}]}}