{"id":39541,"date":"2023-10-12T09:31:59","date_gmt":"2023-10-12T07:31:59","guid":{"rendered":"https:\/\/antersystem.com\/novinky\/polymer-safety-barriers\/"},"modified":"2026-02-04T14:04:19","modified_gmt":"2026-02-04T13:04:19","slug":"polymer-safety-barriers","status":"publish","type":"page","link":"https:\/\/antersystem.com\/cs\/novinky\/polymer-safety-barriers\/","title":{"rendered":"Polymerov\u00e9 bezpe\u010dnostn\u00ed bari\u00e9ry"},"content":{"rendered":"\n<div class=\"wp-block-columns is-layout-flex wp-container-core-columns-is-layout-9d6595d7 wp-block-columns-is-layout-flex\">\n<div class=\"wp-block-column is-layout-flow wp-block-column-is-layout-flow\" style=\"flex-basis:10%\"><\/div>\n\n<div class=\"wp-block-columns is-layout-flex wp-container-core-columns-is-layout-9d6595d7 wp-block-columns-is-layout-flex\">\n<div class=\"wp-block-column is-layout-flow wp-block-column-is-layout-flow\" style=\"flex-basis:10%\"><\/div>\n\n\n\n<div class=\"wp-block-column is-layout-flow wp-block-column-is-layout-flow\">\n<h2 class=\"wp-block-heading\">Polymerov\u00e9 nebo ocelov\u00e9 bezpe\u010dnostn\u00ed z\u00e1brany &#8211; co si vybrat?<\/h2>\n\n\n\n<p>Zaji\u0161t\u011bn\u00ed bezpe\u010dnosti zam\u011bstnanc\u016f a ochrana za\u0159\u00edzen\u00ed a stroj\u016f jsou pro spr\u00e1vce <a href=\"https:\/\/antersystem.com\/co-zabezpieczamy\/hale-magazynowe\/\">sklad\u016f nebo<\/a> <a href=\"https:\/\/antersystem.com\/co-zabezpieczamy\/hale-produkcyjne\/\">v\u00fdrobn\u00edch za\u0159\u00edzen\u00ed nejvy\u0161\u0161\u00edmi prioritami .<\/a> Lidsk\u00e9 zdrav\u00ed a \u017eivoty jsou k nezaplacen\u00ed, tak\u017ee p\u0159i v\u00fdb\u011bru bezpe\u010dnostn\u00edch \u0159e\u0161en\u00ed nen\u00ed prostor pro polovi\u010dat\u00e1 opat\u0159en\u00ed nebo kompromisy. Jedn\u00edm z nejpou\u017e\u00edvan\u011bj\u0161\u00edch a nejuniverz\u00e1ln\u011bj\u0161\u00edch ochrann\u00fdch prvk\u016f pro vnit\u0159n\u00ed i venkovn\u00ed pou\u017eit\u00ed jsou bezpe\u010dnostn\u00ed z\u00e1brany. Zde se dozv\u00edte, jak vybrat ty spr\u00e1vn\u00e9 pro v\u00e1\u0161 objekt.   <\/p>\n\n\n\n<h3 class=\"wp-block-heading\">Co jsou pr\u016fmyslov\u00e9 bezpe\u010dnostn\u00ed z\u00e1brany (zn\u00e1m\u00e9 tak\u00e9 jako ochrann\u00e9 kryty nebo n\u00e1razn\u00edky)?<\/h3>\n\n\n\n<p>Bezpe\u010dnostn\u00ed bari\u00e9ry, b\u011b\u017en\u011b ozna\u010dovan\u00e9 jako n\u00e1razn\u00edky nebo ochrann\u00e9 kryty, jsou ur\u010deny k ochran\u011b p\u011b\u0161\u00edch tras, skladovac\u00edch reg\u00e1l\u016f, robot\u016f, pracovn\u00edch m\u00edst a dal\u0161\u00edch kritick\u00fdch oblast\u00ed. Pou\u017e\u00edvaj\u00ed se v\u0161ude tam, kde se stroje, lid\u00e9 a vozidla pohybuj\u00ed v t\u011bsn\u00e9 bl\u00edzkosti. Na trhu jsou k dispozici ocelov\u00e9, plastov\u00e9, pry\u017eov\u00e9 a d\u0159ev\u011bn\u00e9 varianty &#8211; ka\u017ed\u00e1 m\u00e1 sv\u00e9 vlastn\u00ed v\u00fdhody. Vzhledem k jejich odolnosti a \u0161irok\u00e9mu spektru pou\u017eit\u00ed jsou v\u0161ak nejobl\u00edben\u011bj\u0161\u00edmi variantami ocelov\u00e9 a polymerov\u00e9 z\u00e1brany.   <\/p>\n\n\n\n<h3 class=\"wp-block-heading\">V\u00fdhody a pou\u017eit\u00ed polymern\u00edch bezpe\u010dnostn\u00edch bari\u00e9r<\/h3>\n\n\n\n<p>P\u0159i v\u00fdrob\u011b <a href=\"https:\/\/antersystem.pl\/pl\/bariery\/178-bariera-podlogowa-de.html\">polymerov\u00fdch bezpe\u010dnostn\u00edch bari\u00e9r se pou\u017e\u00edvaj\u00ed nejodoln\u011bj\u0161\u00ed vysoce v\u00fdkonn\u00e9 polymery ,<\/a> kter\u00e9 zaji\u0161\u0165uj\u00ed \u00fa\u010dinnou absorpci n\u00e1razu. Z\u00e1rove\u0148 jsou tyto z\u00e1brany mnohem leh\u010d\u00ed ne\u017e tradi\u010dn\u00ed ocelov\u00e9. D\u00edky sv\u00e9 pru\u017enosti vydr\u017e\u00ed n\u011bkolik siln\u00fdch n\u00e1raz\u016f, ani\u017e by se deformovaly. Zachov\u00e1vaj\u00ed si &#8211; na rozd\u00edl od oceli &#8211; svou barvu a nevy\u017eaduj\u00ed p\u0159elakov\u00e1n\u00ed ani \u00fadr\u017ebu. Jsou tak\u00e9 odoln\u00e9 proti korozi a sni\u017euj\u00ed riziko po\u0161kozen\u00ed podlahy v m\u00edstech mont\u00e1\u017ee.    <\/p>\n\n\n\n<p>Polymerov\u00e9 z\u00e1brany jsou odoln\u00e9 v\u016f\u010di pov\u011btrnostn\u00edm vliv\u016fm, v\u010detn\u011b UV z\u00e1\u0159en\u00ed a mrazu, a jsou tak vhodn\u00e9 pro vnit\u0159n\u00ed i venkovn\u00ed instalaci. V\u00fdborn\u011b se osv\u011bd\u010duj\u00ed v oblastech, jako jsou parkovi\u0161t\u011b, dvory, nakl\u00e1dac\u00ed rampy a jak\u00e9koli jin\u00e9 z\u00f3ny vy\u017eaduj\u00edc\u00ed ochranu dopravy nebo za\u0159\u00edzen\u00ed. Jsou tak\u00e9 ide\u00e1ln\u00ed pro sklady &#8211; nap\u0159\u00edklad k ochran\u011b skladovac\u00edch reg\u00e1l\u016f nebo vysok\u00fdch skladovac\u00edch prostor &#8211; a tak\u00e9 ve v\u00fdrobn\u00edch provozech k zabezpe\u010den\u00ed stroj\u016f a pracovn\u00edch m\u00edst.  <\/p>\n\n\n\n<p>D\u00edky modul\u00e1rn\u00ed konstrukci lze polymerov\u00e9 bari\u00e9ry snadno roz\u0161i\u0159ovat, p\u0159esouvat nebo p\u0159emis\u0165ovat podle toho, jak se m\u011bn\u00ed provozn\u00ed pot\u0159eby.<\/p>\n\n\n\n<h3 class=\"wp-block-heading\">Polsk\u00fd v\u00fdrobce pr\u016fmyslov\u00fdch ochrann\u00fdch syst\u00e9m\u016f<\/h3>\n\n\n\n<p>Bez ohledu na zvolen\u00e9 \u0159e\u0161en\u00ed se vyplat\u00ed spolehnout se na osv\u011bd\u010den\u00e9 a renomovan\u00e9 v\u00fdrobce. Spole\u010dnost Anter System nab\u00edz\u00ed jeden z nej\u0161ir\u0161\u00edch v\u00fdb\u011br\u016f certifikovan\u00fdch, vysoce kvalitn\u00edch a modern\u00edch bezpe\u010dnostn\u00edch z\u00e1bran. Do sortimentu spole\u010dnosti pat\u0159\u00ed tak\u00e9 podp\u011brn\u00e9 stojany pro p\u0159\u00edv\u011bsy &#8211; uzn\u00e1van\u00e9 v sout\u011b\u017e\u00edch pro inovace, ekonomick\u00e9 a ekologick\u00e9 p\u0159\u00ednosy. Rozs\u00e1hl\u00fd katalog umo\u017e\u0148uje p\u0159esn\u00e9 p\u0159izp\u016fsoben\u00ed ochrann\u00fdch syst\u00e9m\u016f specifick\u00fdm pot\u0159eb\u00e1m ka\u017ed\u00e9ho skladu, v\u00fdrobn\u00ed haly nebo parkovi\u0161t\u011b.   <\/p>\n\n\n\n<p>Jako v\u00fdrobce s dlouholet\u00fdmi zku\u0161enostmi a hlubok\u00fdm porozum\u011bn\u00edm probl\u00e9m\u016fm bezpe\u010dnosti pr\u00e1ce poskytuje spole\u010dnost Anter System odborn\u00e9 poradenstv\u00ed p\u0159i v\u00fdb\u011bru \u0159e\u0161en\u00ed, kter\u00e1 dokonale odpov\u00eddaj\u00ed va\u0161im individu\u00e1ln\u00edm po\u017eadavk\u016fm.<\/p>\n\n\n\n<p>&nbsp;<\/p>\n<p>&nbsp;<\/p>\n<\/div>\n\n\n\n<div class=\"wp-block-column is-layout-flow wp-block-column-is-layout-flow\" style=\"flex-basis:10%\"><\/div>\n<\/div>\n","protected":false},"excerpt":{"rendered":"<p>Polymerov\u00e9 nebo ocelov\u00e9 bezpe\u010dnostn\u00ed z\u00e1brany &#8211; co si vybrat? Zaji\u0161t\u011bn\u00ed bezpe\u010dnosti zam\u011bstnanc\u016f a ochrana za\u0159\u00edzen\u00ed a stroj\u016f jsou pro spr\u00e1vce sklad\u016f nebo v\u00fdrobn\u00edch za\u0159\u00edzen\u00ed nejvy\u0161\u0161\u00edmi prioritami . Lidsk\u00e9 zdrav\u00ed a \u017eivoty jsou k nezaplacen\u00ed, tak\u017ee p\u0159i v\u00fdb\u011bru bezpe\u010dnostn\u00edch \u0159e\u0161en\u00ed nen\u00ed prostor pro polovi\u010dat\u00e1 opat\u0159en\u00ed nebo kompromisy. Jedn\u00edm z nejpou\u017e\u00edvan\u011bj\u0161\u00edch a nejuniverz\u00e1ln\u011bj\u0161\u00edch ochrann\u00fdch prvk\u016f pro vnit\u0159n\u00ed [&hellip;]<\/p>\n","protected":false},"author":1,"featured_media":0,"parent":30524,"menu_order":0,"comment_status":"closed","ping_status":"closed","template":"","meta":{"inline_featured_image":false,"ngg_post_thumbnail":0,"footnotes":""},"class_list":["post-39541","page","type-page","status-publish","hentry"],"acf":[],"yoast_head":"<!-- This site is optimized with the Yoast SEO plugin v27.0 - https:\/\/yoast.com\/product\/yoast-seo-wordpress\/ -->\n<title>Polymerov\u00e9 bezpe\u010dnostn\u00ed bari\u00e9ry - Anter System<\/title>\n<meta name=\"description\" content=\"Bez ohledu na typ wybranego zabezpieczenia, warto polega\u0107 na asortymencie od czo\u0142owych producent\u00f3w. Anter System nab\u00edz\u00ed nejv\u011bt\u0161\u00ed v\u00fdb\u011br certifikovan\u00fdch, solidn\u011b vyroben\u00fdch, modern\u00edch bari\u00e9r ochrann\u00fdch.\" \/>\n<meta name=\"robots\" content=\"index, follow, max-snippet:-1, max-image-preview:large, max-video-preview:-1\" \/>\n<link rel=\"canonical\" href=\"https:\/\/antersystem.com\/cs\/novinky\/polymer-safety-barriers\/\" \/>\n<meta property=\"og:locale\" content=\"cs_CZ\" \/>\n<meta property=\"og:type\" content=\"article\" \/>\n<meta property=\"og:title\" content=\"Polymerov\u00e9 bezpe\u010dnostn\u00ed bari\u00e9ry - Anter System\" \/>\n<meta property=\"og:description\" content=\"Bez ohledu na typ wybranego zabezpieczenia, warto polega\u0107 na asortymencie od czo\u0142owych producent\u00f3w. Anter System nab\u00edz\u00ed nejv\u011bt\u0161\u00ed v\u00fdb\u011br certifikovan\u00fdch, solidn\u011b vyroben\u00fdch, modern\u00edch bari\u00e9r ochrann\u00fdch.\" \/>\n<meta property=\"og:url\" content=\"https:\/\/antersystem.com\/cs\/novinky\/polymer-safety-barriers\/\" \/>\n<meta property=\"og:site_name\" content=\"Anter System\" \/>\n<meta property=\"article:modified_time\" content=\"2026-02-04T13:04:19+00:00\" \/>\n<meta name=\"twitter:card\" content=\"summary_large_image\" \/>\n<meta name=\"twitter:label1\" content=\"Odhadovan\u00e1 doba \u010dten\u00ed\" \/>\n\t<meta name=\"twitter:data1\" content=\"3 minuty\" \/>\n<script type=\"application\/ld+json\" class=\"yoast-schema-graph\">{\"@context\":\"https:\/\/schema.org\",\"@graph\":[{\"@type\":\"WebPage\",\"@id\":\"https:\/\/antersystem.com\/cs\/novinky\/polymer-safety-barriers\/\",\"url\":\"https:\/\/antersystem.com\/cs\/novinky\/polymer-safety-barriers\/\",\"name\":\"Polymerov\u00e9 bezpe\u010dnostn\u00ed bari\u00e9ry - Anter System\",\"isPartOf\":{\"@id\":\"https:\/\/antersystem.com\/cs\/#website\"},\"datePublished\":\"2023-10-12T07:31:59+00:00\",\"dateModified\":\"2026-02-04T13:04:19+00:00\",\"description\":\"Bez ohledu na typ wybranego zabezpieczenia, warto polega\u0107 na asortymencie od czo\u0142owych producent\u00f3w. Anter System nab\u00edz\u00ed nejv\u011bt\u0161\u00ed v\u00fdb\u011br certifikovan\u00fdch, solidn\u011b vyroben\u00fdch, modern\u00edch bari\u00e9r ochrann\u00fdch.\",\"breadcrumb\":{\"@id\":\"https:\/\/antersystem.com\/cs\/novinky\/polymer-safety-barriers\/#breadcrumb\"},\"inLanguage\":\"cs\",\"potentialAction\":[{\"@type\":\"ReadAction\",\"target\":[\"https:\/\/antersystem.com\/cs\/novinky\/polymer-safety-barriers\/\"]}]},{\"@type\":\"BreadcrumbList\",\"@id\":\"https:\/\/antersystem.com\/cs\/novinky\/polymer-safety-barriers\/#breadcrumb\",\"itemListElement\":[{\"@type\":\"ListItem\",\"position\":1,\"name\":\"AnterSystem\",\"item\":\"https:\/\/antersystem.com\/cs\/\"},{\"@type\":\"ListItem\",\"position\":2,\"name\":\"Zpr\u00e1vy\",\"item\":\"https:\/\/antersystem.com\/cs\/novinky\/\"},{\"@type\":\"ListItem\",\"position\":3,\"name\":\"Polymerov\u00e9 bezpe\u010dnostn\u00ed bari\u00e9ry\"}]},{\"@type\":\"WebSite\",\"@id\":\"https:\/\/antersystem.com\/cs\/#website\",\"url\":\"https:\/\/antersystem.com\/cs\/\",\"name\":\"Anter System\",\"description\":\"Jeste\u015bmy polskim producentem elastycznych barier ochronnych wykonywanych z polimerowych tworzyw sztucznych. Na rynku krajowym i zagranicznym dzia\u0142amy od ponad 15 lat dbaj\u0105c o zapewnienie bezpiecze\u0144stwa w zak\u0142adach produkcyjnych, magazynach oraz centrach logistycznych.\",\"potentialAction\":[{\"@type\":\"SearchAction\",\"target\":{\"@type\":\"EntryPoint\",\"urlTemplate\":\"https:\/\/antersystem.com\/cs\/?s={search_term_string}\"},\"query-input\":{\"@type\":\"PropertyValueSpecification\",\"valueRequired\":true,\"valueName\":\"search_term_string\"}}],\"inLanguage\":\"cs\"}]}<\/script>\n<!-- \/ Yoast SEO plugin. -->","yoast_head_json":{"title":"Polymerov\u00e9 bezpe\u010dnostn\u00ed bari\u00e9ry - Anter System","description":"Bez ohledu na typ wybranego zabezpieczenia, warto polega\u0107 na asortymencie od czo\u0142owych producent\u00f3w. Anter System nab\u00edz\u00ed nejv\u011bt\u0161\u00ed v\u00fdb\u011br certifikovan\u00fdch, solidn\u011b vyroben\u00fdch, modern\u00edch bari\u00e9r ochrann\u00fdch.","robots":{"index":"index","follow":"follow","max-snippet":"max-snippet:-1","max-image-preview":"max-image-preview:large","max-video-preview":"max-video-preview:-1"},"canonical":"https:\/\/antersystem.com\/cs\/novinky\/polymer-safety-barriers\/","og_locale":"cs_CZ","og_type":"article","og_title":"Polymerov\u00e9 bezpe\u010dnostn\u00ed bari\u00e9ry - Anter System","og_description":"Bez ohledu na typ wybranego zabezpieczenia, warto polega\u0107 na asortymencie od czo\u0142owych producent\u00f3w. Anter System nab\u00edz\u00ed nejv\u011bt\u0161\u00ed v\u00fdb\u011br certifikovan\u00fdch, solidn\u011b vyroben\u00fdch, modern\u00edch bari\u00e9r ochrann\u00fdch.","og_url":"https:\/\/antersystem.com\/cs\/novinky\/polymer-safety-barriers\/","og_site_name":"Anter System","article_modified_time":"2026-02-04T13:04:19+00:00","twitter_card":"summary_large_image","twitter_misc":{"Odhadovan\u00e1 doba \u010dten\u00ed":"3 minuty"},"schema":{"@context":"https:\/\/schema.org","@graph":[{"@type":"WebPage","@id":"https:\/\/antersystem.com\/cs\/novinky\/polymer-safety-barriers\/","url":"https:\/\/antersystem.com\/cs\/novinky\/polymer-safety-barriers\/","name":"Polymerov\u00e9 bezpe\u010dnostn\u00ed bari\u00e9ry - Anter System","isPartOf":{"@id":"https:\/\/antersystem.com\/cs\/#website"},"datePublished":"2023-10-12T07:31:59+00:00","dateModified":"2026-02-04T13:04:19+00:00","description":"Bez ohledu na typ wybranego zabezpieczenia, warto polega\u0107 na asortymencie od czo\u0142owych producent\u00f3w. Anter System nab\u00edz\u00ed nejv\u011bt\u0161\u00ed v\u00fdb\u011br certifikovan\u00fdch, solidn\u011b vyroben\u00fdch, modern\u00edch bari\u00e9r ochrann\u00fdch.","breadcrumb":{"@id":"https:\/\/antersystem.com\/cs\/novinky\/polymer-safety-barriers\/#breadcrumb"},"inLanguage":"cs","potentialAction":[{"@type":"ReadAction","target":["https:\/\/antersystem.com\/cs\/novinky\/polymer-safety-barriers\/"]}]},{"@type":"BreadcrumbList","@id":"https:\/\/antersystem.com\/cs\/novinky\/polymer-safety-barriers\/#breadcrumb","itemListElement":[{"@type":"ListItem","position":1,"name":"AnterSystem","item":"https:\/\/antersystem.com\/cs\/"},{"@type":"ListItem","position":2,"name":"Zpr\u00e1vy","item":"https:\/\/antersystem.com\/cs\/novinky\/"},{"@type":"ListItem","position":3,"name":"Polymerov\u00e9 bezpe\u010dnostn\u00ed bari\u00e9ry"}]},{"@type":"WebSite","@id":"https:\/\/antersystem.com\/cs\/#website","url":"https:\/\/antersystem.com\/cs\/","name":"Anter System","description":"Jeste\u015bmy polskim producentem elastycznych barier ochronnych wykonywanych z polimerowych tworzyw sztucznych. Na rynku krajowym i zagranicznym dzia\u0142amy od ponad 15 lat dbaj\u0105c o zapewnienie bezpiecze\u0144stwa w zak\u0142adach produkcyjnych, magazynach oraz centrach logistycznych.","potentialAction":[{"@type":"SearchAction","target":{"@type":"EntryPoint","urlTemplate":"https:\/\/antersystem.com\/cs\/?s={search_term_string}"},"query-input":{"@type":"PropertyValueSpecification","valueRequired":true,"valueName":"search_term_string"}}],"inLanguage":"cs"}]}},"_links":{"self":[{"href":"https:\/\/antersystem.com\/cs\/wp-json\/wp\/v2\/pages\/39541","targetHints":{"allow":["GET"]}}],"collection":[{"href":"https:\/\/antersystem.com\/cs\/wp-json\/wp\/v2\/pages"}],"about":[{"href":"https:\/\/antersystem.com\/cs\/wp-json\/wp\/v2\/types\/page"}],"author":[{"embeddable":true,"href":"https:\/\/antersystem.com\/cs\/wp-json\/wp\/v2\/users\/1"}],"replies":[{"embeddable":true,"href":"https:\/\/antersystem.com\/cs\/wp-json\/wp\/v2\/comments?post=39541"}],"version-history":[{"count":1,"href":"https:\/\/antersystem.com\/cs\/wp-json\/wp\/v2\/pages\/39541\/revisions"}],"predecessor-version":[{"id":39543,"href":"https:\/\/antersystem.com\/cs\/wp-json\/wp\/v2\/pages\/39541\/revisions\/39543"}],"up":[{"embeddable":true,"href":"https:\/\/antersystem.com\/cs\/wp-json\/wp\/v2\/pages\/30524"}],"wp:attachment":[{"href":"https:\/\/antersystem.com\/cs\/wp-json\/wp\/v2\/media?parent=39541"}],"curies":[{"name":"wp","href":"https:\/\/api.w.org\/{rel}","templated":true}]}}