{"id":39561,"date":"2023-10-10T12:12:18","date_gmt":"2023-10-10T10:12:18","guid":{"rendered":"https:\/\/antersystem.com\/novinky\/mid-magazine-logistics-4-0-see-and-try\/"},"modified":"2026-02-04T14:04:23","modified_gmt":"2026-02-04T13:04:23","slug":"mid-magazine-logistics-4-0-see-and-try","status":"publish","type":"page","link":"https:\/\/antersystem.com\/cs\/novinky\/mid-magazine-logistics-4-0-see-and-try\/","title":{"rendered":"\u010casopis MID: &#8222;Logistika 4.0 &#8211; vid\u011bt a vyzkou\u0161et&#8220; &#8211; &#8222;Logistyka 4.0 &#8211; zobaczy\u0107 i spr\u00f3bowa\u0107&#8220;."},"content":{"rendered":"\n<div class=\"wp-block-columns is-layout-flex wp-container-core-columns-is-layout-9d6595d7 wp-block-columns-is-layout-flex\">\n<div class=\"wp-block-column is-layout-flow wp-block-column-is-layout-flow\" style=\"flex-basis:10%\"><\/div>\n\n\n\n<div class=\"wp-block-column is-layout-flow wp-block-column-is-layout-flow\">\n<h3 class=\"wp-block-heading\">MID Magazine 3\/2023 &#8211; report\u00e1\u017e z 11. ro\u010dn\u00edku projektu In4Log na veletrhu Modernlog v Poznani<\/h3>\n\n\n\n<p style=\"text-align: left;\">Nov\u00e9 produkty, star\u00e9 v\u00fdzvy. Pod t\u00edmto heslem se skr\u00fdv\u00e1 p\u0159\u00edb\u011bh projektu In4Log p\u0159edstaven\u00fd na Modernlog&#8217;23. Ve t\u0159et\u00edm leto\u0161n\u00edm \u010d\u00edsle \u010dasopisu MID se Anter System objevil jako technologick\u00fd partner 11. ro\u010dn\u00edku projektu In4Log. Dostalo se n\u00e1m \u010destn\u00e9 role p\u0159edstavit trendy na trhu v kategorii nejnov\u011bj\u0161\u00edch hardwarov\u00fdch \u0159e\u0161en\u00ed zvy\u0161uj\u00edc\u00edch kvalitu a efektivitu pr\u00e1ce.   <\/p>\n<p>S m\u011bn\u00edc\u00ed se dynamikou trhu a n\u00e1sledn\u011b i s vyv\u00edjej\u00edc\u00edmi se pot\u0159ebami podnik\u016f se m\u011bn\u00ed i samotn\u00e1 skladov\u00e1 infrastruktura. Skladovac\u00ed prostory maj\u00ed \u010dasto podobu do\u010dasn\u00fdch stanov\u00fdch hal (n\u011bkdy s rozp\u011bt\u00edm a\u017e 60 m a v\u00fd\u0161kou st\u011bn 8 m), kter\u00e9 z hlediska zat\u00ed\u017een\u00ed v\u011btrem a sn\u011bhem nijak nezaost\u00e1vaj\u00ed za tradi\u010dn\u00edmi budovami (vydr\u017e\u00ed zat\u00ed\u017een\u00ed a\u017e 300 kg\/m\u00b2). V takov\u00fdch podm\u00ednk\u00e1ch se pou\u017e\u00edvaj\u00ed n\u00e1razn\u00edky a pru\u017en\u00e9 bezpe\u010dnostn\u00ed z\u00e1brany, kter\u00e9 lze p\u0159izp\u016fsobit m\u011bn\u00edc\u00edm se po\u017eadavk\u016fm.  <\/p>\n<p>Dal\u0161\u00ed informace naleznete n\u00ed\u017ee.<\/p>\n<p>&nbsp;<\/p>\n<p>&nbsp;<\/p>\n<\/div>\n\n\n\n<div class=\"wp-block-column is-layout-flow wp-block-column-is-layout-flow\" style=\"flex-basis:10%\"><\/div>\n<\/div>\n\n<div data-wp-interactive=\"core\/file\" class=\"wp-block-file\"><object data-wp-bind--hidden=\"!state.hasPdfPreview\" hidden class=\"wp-block-file__embed\" data=\"https:\/\/antersystem.com\/wp-content\/uploads\/MID_93_3_2023.pdf\" type=\"application\/pdf\" style=\"width:100%;height:600px\" aria-label=\"Vlo\u017eit z MID_93_3_2023.\"><\/object><a id=\"wp-block-file--media-c4a79965-4313-4b68-8827-3aa81c41db0a\" href=\"https:\/\/antersystem.com\/wp-content\/uploads\/MID_93_3_2023.pdf\">MID_93_3_2023<\/a><a href=\"https:\/\/antersystem.com\/wp-content\/uploads\/MID_93_3_2023.pdf\" class=\"wp-block-file__button wp-element-button\" download=\"\" aria-describedby=\"wp-block-file--media-c4a79965-4313-4b68-8827-3aa81c41db0a\">St\u00e1hnout<\/a><\/div>\n","protected":false},"excerpt":{"rendered":"<p>MID Magazine 3\/2023 &#8211; report\u00e1\u017e z 11. ro\u010dn\u00edku projektu In4Log na veletrhu Modernlog v Poznani Nov\u00e9 produkty, star\u00e9 v\u00fdzvy. Pod t\u00edmto heslem se skr\u00fdv\u00e1 p\u0159\u00edb\u011bh projektu In4Log p\u0159edstaven\u00fd na Modernlog&#8217;23. Ve t\u0159et\u00edm leto\u0161n\u00edm \u010d\u00edsle \u010dasopisu MID se Anter System objevil jako technologick\u00fd partner 11. ro\u010dn\u00edku projektu In4Log. Dostalo se n\u00e1m \u010destn\u00e9 role p\u0159edstavit trendy na [&hellip;]<\/p>\n","protected":false},"author":1,"featured_media":0,"parent":30524,"menu_order":0,"comment_status":"closed","ping_status":"closed","template":"","meta":{"inline_featured_image":false,"ngg_post_thumbnail":0,"footnotes":""},"class_list":["post-39561","page","type-page","status-publish","hentry"],"acf":[],"yoast_head":"<!-- This site is optimized with the Yoast SEO plugin v27.0 - https:\/\/yoast.com\/product\/yoast-seo-wordpress\/ -->\n<title>\u010casopis MID: &quot;Logistika 4.0 - vid\u011bt a vyzkou\u0161et&quot; - &quot;Logistyka 4.0 - zobaczy\u0107 i spr\u00f3bowa\u0107&quot;. - Anter System<\/title>\n<meta name=\"description\" content=\"W trzecim numerze magazynu MID na ten rok Anter System pojawi\u0142 si\u0119 jako partner technologiczny XI edycji projektu In4Log. Przypad\u0142a nam zaszczytna rola prezentowania trend\u00f3w na rynku w kategorii: najnowszych rozwi\u0105za\u0144 sprz\u0119towych, poprawiaj\u0105cych jako\u015b\u0107 i wydajno\u015b\u0107 pracy.\" \/>\n<meta name=\"robots\" content=\"index, follow, max-snippet:-1, max-image-preview:large, max-video-preview:-1\" \/>\n<link rel=\"canonical\" href=\"https:\/\/antersystem.com\/cs\/novinky\/mid-magazine-logistics-4-0-see-and-try\/\" \/>\n<meta property=\"og:locale\" content=\"cs_CZ\" \/>\n<meta property=\"og:type\" content=\"article\" \/>\n<meta property=\"og:title\" content=\"\u010casopis MID: &quot;Logistika 4.0 - vid\u011bt a vyzkou\u0161et&quot; - &quot;Logistyka 4.0 - zobaczy\u0107 i spr\u00f3bowa\u0107&quot;. - Anter System\" \/>\n<meta property=\"og:description\" content=\"W trzecim numerze magazynu MID na ten rok Anter System pojawi\u0142 si\u0119 jako partner technologiczny XI edycji projektu In4Log. Przypad\u0142a nam zaszczytna rola prezentowania trend\u00f3w na rynku w kategorii: najnowszych rozwi\u0105za\u0144 sprz\u0119towych, poprawiaj\u0105cych jako\u015b\u0107 i wydajno\u015b\u0107 pracy.\" \/>\n<meta property=\"og:url\" content=\"https:\/\/antersystem.com\/cs\/novinky\/mid-magazine-logistics-4-0-see-and-try\/\" \/>\n<meta property=\"og:site_name\" content=\"Anter System\" \/>\n<meta property=\"article:modified_time\" content=\"2026-02-04T13:04:23+00:00\" \/>\n<meta name=\"twitter:card\" content=\"summary_large_image\" \/>\n<meta name=\"twitter:label1\" content=\"Odhadovan\u00e1 doba \u010dten\u00ed\" \/>\n\t<meta name=\"twitter:data1\" content=\"1 minuta\" \/>\n<script type=\"application\/ld+json\" class=\"yoast-schema-graph\">{\"@context\":\"https:\/\/schema.org\",\"@graph\":[{\"@type\":\"WebPage\",\"@id\":\"https:\/\/antersystem.com\/cs\/novinky\/mid-magazine-logistics-4-0-see-and-try\/\",\"url\":\"https:\/\/antersystem.com\/cs\/novinky\/mid-magazine-logistics-4-0-see-and-try\/\",\"name\":\"\u010casopis MID: \\\"Logistika 4.0 - vid\u011bt a vyzkou\u0161et\\\" - \\\"Logistyka 4.0 - zobaczy\u0107 i spr\u00f3bowa\u0107\\\". - Anter System\",\"isPartOf\":{\"@id\":\"https:\/\/antersystem.com\/cs\/#website\"},\"datePublished\":\"2023-10-10T10:12:18+00:00\",\"dateModified\":\"2026-02-04T13:04:23+00:00\",\"description\":\"W trzecim numerze magazynu MID na ten rok Anter System pojawi\u0142 si\u0119 jako partner technologiczny XI edycji projektu In4Log. Przypad\u0142a nam zaszczytna rola prezentowania trend\u00f3w na rynku w kategorii: najnowszych rozwi\u0105za\u0144 sprz\u0119towych, poprawiaj\u0105cych jako\u015b\u0107 i wydajno\u015b\u0107 pracy.\",\"breadcrumb\":{\"@id\":\"https:\/\/antersystem.com\/cs\/novinky\/mid-magazine-logistics-4-0-see-and-try\/#breadcrumb\"},\"inLanguage\":\"cs\",\"potentialAction\":[{\"@type\":\"ReadAction\",\"target\":[\"https:\/\/antersystem.com\/cs\/novinky\/mid-magazine-logistics-4-0-see-and-try\/\"]}]},{\"@type\":\"BreadcrumbList\",\"@id\":\"https:\/\/antersystem.com\/cs\/novinky\/mid-magazine-logistics-4-0-see-and-try\/#breadcrumb\",\"itemListElement\":[{\"@type\":\"ListItem\",\"position\":1,\"name\":\"AnterSystem\",\"item\":\"https:\/\/antersystem.com\/cs\/\"},{\"@type\":\"ListItem\",\"position\":2,\"name\":\"Zpr\u00e1vy\",\"item\":\"https:\/\/antersystem.com\/cs\/novinky\/\"},{\"@type\":\"ListItem\",\"position\":3,\"name\":\"\u010casopis MID: &#8220;Logistika 4.0 &#8211; vid\u011bt a vyzkou\u0161et&#8221; &#8211; &#8220;Logistyka 4.0 &#8211; zobaczy\u0107 i spr\u00f3bowa\u0107&#8221;.\"}]},{\"@type\":\"WebSite\",\"@id\":\"https:\/\/antersystem.com\/cs\/#website\",\"url\":\"https:\/\/antersystem.com\/cs\/\",\"name\":\"Anter System\",\"description\":\"Jeste\u015bmy polskim producentem elastycznych barier ochronnych wykonywanych z polimerowych tworzyw sztucznych. Na rynku krajowym i zagranicznym dzia\u0142amy od ponad 15 lat dbaj\u0105c o zapewnienie bezpiecze\u0144stwa w zak\u0142adach produkcyjnych, magazynach oraz centrach logistycznych.\",\"potentialAction\":[{\"@type\":\"SearchAction\",\"target\":{\"@type\":\"EntryPoint\",\"urlTemplate\":\"https:\/\/antersystem.com\/cs\/?s={search_term_string}\"},\"query-input\":{\"@type\":\"PropertyValueSpecification\",\"valueRequired\":true,\"valueName\":\"search_term_string\"}}],\"inLanguage\":\"cs\"}]}<\/script>\n<!-- \/ Yoast SEO plugin. -->","yoast_head_json":{"title":"\u010casopis MID: \"Logistika 4.0 - vid\u011bt a vyzkou\u0161et\" - \"Logistyka 4.0 - zobaczy\u0107 i spr\u00f3bowa\u0107\". - Anter System","description":"W trzecim numerze magazynu MID na ten rok Anter System pojawi\u0142 si\u0119 jako partner technologiczny XI edycji projektu In4Log. Przypad\u0142a nam zaszczytna rola prezentowania trend\u00f3w na rynku w kategorii: najnowszych rozwi\u0105za\u0144 sprz\u0119towych, poprawiaj\u0105cych jako\u015b\u0107 i wydajno\u015b\u0107 pracy.","robots":{"index":"index","follow":"follow","max-snippet":"max-snippet:-1","max-image-preview":"max-image-preview:large","max-video-preview":"max-video-preview:-1"},"canonical":"https:\/\/antersystem.com\/cs\/novinky\/mid-magazine-logistics-4-0-see-and-try\/","og_locale":"cs_CZ","og_type":"article","og_title":"\u010casopis MID: \"Logistika 4.0 - vid\u011bt a vyzkou\u0161et\" - \"Logistyka 4.0 - zobaczy\u0107 i spr\u00f3bowa\u0107\". - Anter System","og_description":"W trzecim numerze magazynu MID na ten rok Anter System pojawi\u0142 si\u0119 jako partner technologiczny XI edycji projektu In4Log. Przypad\u0142a nam zaszczytna rola prezentowania trend\u00f3w na rynku w kategorii: najnowszych rozwi\u0105za\u0144 sprz\u0119towych, poprawiaj\u0105cych jako\u015b\u0107 i wydajno\u015b\u0107 pracy.","og_url":"https:\/\/antersystem.com\/cs\/novinky\/mid-magazine-logistics-4-0-see-and-try\/","og_site_name":"Anter System","article_modified_time":"2026-02-04T13:04:23+00:00","twitter_card":"summary_large_image","twitter_misc":{"Odhadovan\u00e1 doba \u010dten\u00ed":"1 minuta"},"schema":{"@context":"https:\/\/schema.org","@graph":[{"@type":"WebPage","@id":"https:\/\/antersystem.com\/cs\/novinky\/mid-magazine-logistics-4-0-see-and-try\/","url":"https:\/\/antersystem.com\/cs\/novinky\/mid-magazine-logistics-4-0-see-and-try\/","name":"\u010casopis MID: \"Logistika 4.0 - vid\u011bt a vyzkou\u0161et\" - \"Logistyka 4.0 - zobaczy\u0107 i spr\u00f3bowa\u0107\". - Anter System","isPartOf":{"@id":"https:\/\/antersystem.com\/cs\/#website"},"datePublished":"2023-10-10T10:12:18+00:00","dateModified":"2026-02-04T13:04:23+00:00","description":"W trzecim numerze magazynu MID na ten rok Anter System pojawi\u0142 si\u0119 jako partner technologiczny XI edycji projektu In4Log. Przypad\u0142a nam zaszczytna rola prezentowania trend\u00f3w na rynku w kategorii: najnowszych rozwi\u0105za\u0144 sprz\u0119towych, poprawiaj\u0105cych jako\u015b\u0107 i wydajno\u015b\u0107 pracy.","breadcrumb":{"@id":"https:\/\/antersystem.com\/cs\/novinky\/mid-magazine-logistics-4-0-see-and-try\/#breadcrumb"},"inLanguage":"cs","potentialAction":[{"@type":"ReadAction","target":["https:\/\/antersystem.com\/cs\/novinky\/mid-magazine-logistics-4-0-see-and-try\/"]}]},{"@type":"BreadcrumbList","@id":"https:\/\/antersystem.com\/cs\/novinky\/mid-magazine-logistics-4-0-see-and-try\/#breadcrumb","itemListElement":[{"@type":"ListItem","position":1,"name":"AnterSystem","item":"https:\/\/antersystem.com\/cs\/"},{"@type":"ListItem","position":2,"name":"Zpr\u00e1vy","item":"https:\/\/antersystem.com\/cs\/novinky\/"},{"@type":"ListItem","position":3,"name":"\u010casopis MID: &#8220;Logistika 4.0 &#8211; vid\u011bt a vyzkou\u0161et&#8221; &#8211; &#8220;Logistyka 4.0 &#8211; zobaczy\u0107 i spr\u00f3bowa\u0107&#8221;."}]},{"@type":"WebSite","@id":"https:\/\/antersystem.com\/cs\/#website","url":"https:\/\/antersystem.com\/cs\/","name":"Anter System","description":"Jeste\u015bmy polskim producentem elastycznych barier ochronnych wykonywanych z polimerowych tworzyw sztucznych. Na rynku krajowym i zagranicznym dzia\u0142amy od ponad 15 lat dbaj\u0105c o zapewnienie bezpiecze\u0144stwa w zak\u0142adach produkcyjnych, magazynach oraz centrach logistycznych.","potentialAction":[{"@type":"SearchAction","target":{"@type":"EntryPoint","urlTemplate":"https:\/\/antersystem.com\/cs\/?s={search_term_string}"},"query-input":{"@type":"PropertyValueSpecification","valueRequired":true,"valueName":"search_term_string"}}],"inLanguage":"cs"}]}},"_links":{"self":[{"href":"https:\/\/antersystem.com\/cs\/wp-json\/wp\/v2\/pages\/39561","targetHints":{"allow":["GET"]}}],"collection":[{"href":"https:\/\/antersystem.com\/cs\/wp-json\/wp\/v2\/pages"}],"about":[{"href":"https:\/\/antersystem.com\/cs\/wp-json\/wp\/v2\/types\/page"}],"author":[{"embeddable":true,"href":"https:\/\/antersystem.com\/cs\/wp-json\/wp\/v2\/users\/1"}],"replies":[{"embeddable":true,"href":"https:\/\/antersystem.com\/cs\/wp-json\/wp\/v2\/comments?post=39561"}],"version-history":[{"count":1,"href":"https:\/\/antersystem.com\/cs\/wp-json\/wp\/v2\/pages\/39561\/revisions"}],"predecessor-version":[{"id":39564,"href":"https:\/\/antersystem.com\/cs\/wp-json\/wp\/v2\/pages\/39561\/revisions\/39564"}],"up":[{"embeddable":true,"href":"https:\/\/antersystem.com\/cs\/wp-json\/wp\/v2\/pages\/30524"}],"wp:attachment":[{"href":"https:\/\/antersystem.com\/cs\/wp-json\/wp\/v2\/media?parent=39561"}],"curies":[{"name":"wp","href":"https:\/\/api.w.org\/{rel}","templated":true}]}}