{"id":39594,"date":"2024-03-01T14:25:26","date_gmt":"2024-03-01T13:25:26","guid":{"rendered":"https:\/\/antersystem.com\/novinky\/technical-conferences-2024\/"},"modified":"2026-02-04T14:04:41","modified_gmt":"2026-02-04T13:04:41","slug":"technical-conferences-2024","status":"publish","type":"page","link":"https:\/\/antersystem.com\/cs\/novinky\/technical-conferences-2024\/","title":{"rendered":"Technick\u00e9 konference"},"content":{"rendered":"\n<div class=\"wp-block-columns is-layout-flex wp-container-core-columns-is-layout-9d6595d7 wp-block-columns-is-layout-flex\">\n  \n  <div class=\"wp-block-column is-layout-flow wp-block-column-is-layout-flow\" style=\"flex-basis:10%\"><\/div>\n  \n\n  \n  <div class=\"wp-block-column is-layout-flow wp-block-column-is-layout-flow\">\n    \n    <h3 class=\"wp-block-heading\">Pozv\u00e1nka na konferenci po\u0159\u00e1danou spole\u010dnost\u00ed Axon Media<\/h3>\n    \n\n    \n    <p>Dal\u0161\u00ed pozv\u00e1n\u00ed od <strong>spole\u010dnosti Axon Media,<\/strong> organizace, kter\u00e1 aktivn\u011b podporuje rozvoj logistick\u00e9ho pr\u016fmyslu. Celost\u00e1tn\u00ed s\u00ed\u0165 konferenc\u00ed poskytuje cennou p\u0159\u00edle\u017eitost k nav\u00e1z\u00e1n\u00ed obchodn\u00edch kontakt\u016f, v\u00fdm\u011bn\u011b zku\u0161enost\u00ed, z\u00edsk\u00e1n\u00ed zp\u011btn\u00e9 vazby o produktech a jejich prezentaci \u0161ir\u0161\u00edmu odborn\u00e9mu publiku. <\/p>\n    \n\n    \n    <p>Ka\u017ed\u00e9 odv\u011btv\u00ed hospod\u00e1\u0159stv\u00ed m\u00e1 sv\u00e9 specifick\u00e9 po\u017eadavky na v\u00fdrobu a skladov\u00e1n\u00ed. V\u00fdzvy, kter\u00fdm \u010del\u00edte v ka\u017edodenn\u00edm provozu, v kombinaci s na\u0161imi zku\u0161enostmi s vybavov\u00e1n\u00edm r\u016fzn\u00fdch pr\u016fmyslov\u00fdch prost\u0159ed\u00ed, vedou k \u0159e\u0161en\u00edm, <a href=\"https:\/\/antersystem.com\/realizacje\/\">kter\u00e1 se sna\u017e\u00edme p\u0159in\u00e1\u0161et do tohoto odv\u011btv\u00ed.<\/a> Setkat se s n\u00e1mi m\u016f\u017eete <strong>14. b\u0159ezna v<\/strong> <strong>hotelu Dworek Tryumf,<\/strong> ul. Klepacka 1, Ksi\u0119\u017cyno (Bia\u0142ystok), kde p\u0159edstav\u00edme na\u0161e flexibiln\u00ed bezpe\u010dnostn\u00ed <a href=\"https:\/\/antersystem.com\/kategorie_produktow\/bariery-ochronne\/\">bari\u00e9ry &#8211; ur\u010den\u00e9 k ochran\u011b<\/a> osob, konstrukc\u00ed a stroj\u016f v oblastech se zv\u00fd\u0161en\u00fdm rizikem kolize.   <\/p>\n    \n\n    \n    <p>Konference s n\u00e1zvem <em>&#8222;Optimalizace intralogistick\u00fdch a skladov\u00fdch proces\u016f&#8220; se bude<\/em> zab\u00fdvat \u0161irokou \u0161k\u00e1lou t\u00e9mat &#8211; od vozidel a intern\u00edch dopravn\u00edch syst\u00e9m\u016f a\u017e po RFID a bezdr\u00e1tov\u00e9 identifika\u010dn\u00ed technologie. D\u016fle\u017eitou roli v odborn\u00fdch prezentac\u00edch b\u011bhem akce bude hr\u00e1t tak\u00e9 bezpe\u010dnost a hygiena pr\u00e1ce (BOZP) ve skladech a v\u00fdrobn\u00edch hal\u00e1ch. <\/p>\n    \n\n    \n    <p><strong>Kdy:<\/strong> b\u0159ezna (\u010dtvrtek) | 8:00 &#8211; 15:30 hodin | <strong><a href=\"https:\/\/www.axonmedia.pl\/konferencje\/program\/intralogistyka-magazynowanie-2024-bialystok\/\">Program<\/a><\/strong><\/p>\n    \n\n    \n    <p><strong>Kde:<\/strong> Hotel Dworek Tryumf, ul. Klepacka 1, Ksi\u0119\u017cyno (Bia\u0142ystok) | parkov\u00e1n\u00ed zdarma <\/p>\n    \n\n    \n    <p><strong>\u00da\u010dast je bezplatn\u00e1<\/strong><\/p>\n    \n\n    \n    <p>Jako partne\u0159i akce v\u00e1s srde\u010dn\u011b zveme, abyste se k n\u00e1m p\u0159ipojili!<\/p>\n    \n\n    \n    <p><strong>#Technick\u00e9konference #AxonMedia #Intralogistika #Warehousing<\/strong><\/p>\n    \n  <\/div>\n  \n\n  \n  <div class=\"wp-block-column is-layout-flow wp-block-column-is-layout-flow\" style=\"flex-basis:10%\"><\/div>\n  \n<\/div>\n<div class=\"wp-block-image\">\n<figure class=\"aligncenter size-large is-resized\"><img loading=\"lazy\" decoding=\"async\" width=\"1024\" height=\"535\" src=\"https:\/\/antersystem.com\/wp-content\/uploads\/Axon-Media-Bialystok-2024_zaproszenie-od-Anter-System-1024x535.jpg\" alt=\"Pozv&#xE1;nka Axon Media Bia&#x142;ystok 2024 od spole&#x10D;nosti Anter System\" class=\"wp-image-4284\" style=\"width:720px;height:auto\" srcset=\"https:\/\/antersystem.com\/wp-content\/uploads\/Axon-Media-Bialystok-2024_zaproszenie-od-Anter-System-1024x535.jpg 1024w, https:\/\/antersystem.com\/wp-content\/uploads\/Axon-Media-Bialystok-2024_zaproszenie-od-Anter-System-300x157.jpg 300w, https:\/\/antersystem.com\/wp-content\/uploads\/Axon-Media-Bialystok-2024_zaproszenie-od-Anter-System-768x401.jpg 768w, https:\/\/antersystem.com\/wp-content\/uploads\/Axon-Media-Bialystok-2024_zaproszenie-od-Anter-System-450x235.jpg 450w, https:\/\/antersystem.com\/wp-content\/uploads\/Axon-Media-Bialystok-2024_zaproszenie-od-Anter-System-330x172.jpg 330w, https:\/\/antersystem.com\/wp-content\/uploads\/Axon-Media-Bialystok-2024_zaproszenie-od-Anter-System.jpg 1200w\" sizes=\"auto, (max-width: 1024px) 100vw, 1024px\" \/><\/figure><\/div>","protected":false},"excerpt":{"rendered":"<p>Pozv\u00e1nka na konferenci po\u0159\u00e1danou spole\u010dnost\u00ed Axon Media Dal\u0161\u00ed pozv\u00e1n\u00ed od spole\u010dnosti Axon Media, organizace, kter\u00e1 aktivn\u011b podporuje rozvoj logistick\u00e9ho pr\u016fmyslu. Celost\u00e1tn\u00ed s\u00ed\u0165 konferenc\u00ed poskytuje cennou p\u0159\u00edle\u017eitost k nav\u00e1z\u00e1n\u00ed obchodn\u00edch kontakt\u016f, v\u00fdm\u011bn\u011b zku\u0161enost\u00ed, z\u00edsk\u00e1n\u00ed zp\u011btn\u00e9 vazby o produktech a jejich prezentaci \u0161ir\u0161\u00edmu odborn\u00e9mu publiku. Ka\u017ed\u00e9 odv\u011btv\u00ed hospod\u00e1\u0159stv\u00ed m\u00e1 sv\u00e9 specifick\u00e9 po\u017eadavky na v\u00fdrobu a skladov\u00e1n\u00ed. V\u00fdzvy, [&hellip;]<\/p>\n","protected":false},"author":1,"featured_media":0,"parent":30524,"menu_order":0,"comment_status":"closed","ping_status":"closed","template":"","meta":{"inline_featured_image":false,"ngg_post_thumbnail":0,"footnotes":""},"class_list":["post-39594","page","type-page","status-publish","hentry"],"acf":[],"yoast_head":"<!-- This site is optimized with the Yoast SEO plugin v27.0 - https:\/\/yoast.com\/product\/yoast-seo-wordpress\/ -->\n<title>Technick\u00e9 konference - Anter System<\/title>\n<meta name=\"description\" content=\"Kolejne zaproszenie od AxonMedia, kt\u00f3re aktywnie wspiera bran\u017c\u0119 logistyczn\u0105 w rozwoju. Sie\u0107 konferencji w ca\u0142ej Polsce\" \/>\n<meta name=\"robots\" content=\"index, follow, max-snippet:-1, max-image-preview:large, max-video-preview:-1\" \/>\n<link rel=\"canonical\" href=\"https:\/\/antersystem.com\/cs\/novinky\/technical-conferences-2024\/\" \/>\n<meta property=\"og:locale\" content=\"cs_CZ\" \/>\n<meta property=\"og:type\" content=\"article\" \/>\n<meta property=\"og:title\" content=\"Technick\u00e9 konference - Anter System\" \/>\n<meta property=\"og:description\" content=\"Kolejne zaproszenie od AxonMedia, kt\u00f3re aktywnie wspiera bran\u017c\u0119 logistyczn\u0105 w rozwoju. Sie\u0107 konferencji w ca\u0142ej Polsce\" \/>\n<meta property=\"og:url\" content=\"https:\/\/antersystem.com\/cs\/novinky\/technical-conferences-2024\/\" \/>\n<meta property=\"og:site_name\" content=\"Anter System\" \/>\n<meta property=\"article:modified_time\" content=\"2026-02-04T13:04:41+00:00\" \/>\n<meta property=\"og:image\" content=\"https:\/\/antersystem.com\/wp-content\/uploads\/Axon-Media-Bialystok-2024_zaproszenie-od-Anter-System-1024x535.jpg\" \/>\n<meta name=\"twitter:card\" content=\"summary_large_image\" \/>\n<meta name=\"twitter:label1\" content=\"Odhadovan\u00e1 doba \u010dten\u00ed\" \/>\n\t<meta name=\"twitter:data1\" content=\"1 minuta\" \/>\n<script type=\"application\/ld+json\" class=\"yoast-schema-graph\">{\"@context\":\"https:\/\/schema.org\",\"@graph\":[{\"@type\":\"WebPage\",\"@id\":\"https:\/\/antersystem.com\/cs\/novinky\/technical-conferences-2024\/\",\"url\":\"https:\/\/antersystem.com\/cs\/novinky\/technical-conferences-2024\/\",\"name\":\"Technick\u00e9 konference - Anter System\",\"isPartOf\":{\"@id\":\"https:\/\/antersystem.com\/cs\/#website\"},\"primaryImageOfPage\":{\"@id\":\"https:\/\/antersystem.com\/cs\/novinky\/technical-conferences-2024\/#primaryimage\"},\"image\":{\"@id\":\"https:\/\/antersystem.com\/cs\/novinky\/technical-conferences-2024\/#primaryimage\"},\"thumbnailUrl\":\"https:\/\/antersystem.com\/wp-content\/uploads\/Axon-Media-Bialystok-2024_zaproszenie-od-Anter-System-1024x535.jpg\",\"datePublished\":\"2024-03-01T13:25:26+00:00\",\"dateModified\":\"2026-02-04T13:04:41+00:00\",\"description\":\"Kolejne zaproszenie od AxonMedia, kt\u00f3re aktywnie wspiera bran\u017c\u0119 logistyczn\u0105 w rozwoju. Sie\u0107 konferencji w ca\u0142ej Polsce\",\"breadcrumb\":{\"@id\":\"https:\/\/antersystem.com\/cs\/novinky\/technical-conferences-2024\/#breadcrumb\"},\"inLanguage\":\"cs\",\"potentialAction\":[{\"@type\":\"ReadAction\",\"target\":[\"https:\/\/antersystem.com\/cs\/novinky\/technical-conferences-2024\/\"]}]},{\"@type\":\"ImageObject\",\"inLanguage\":\"cs\",\"@id\":\"https:\/\/antersystem.com\/cs\/novinky\/technical-conferences-2024\/#primaryimage\",\"url\":\"https:\/\/antersystem.com\/wp-content\/uploads\/Axon-Media-Bialystok-2024_zaproszenie-od-Anter-System-1024x535.jpg\",\"contentUrl\":\"https:\/\/antersystem.com\/wp-content\/uploads\/Axon-Media-Bialystok-2024_zaproszenie-od-Anter-System-1024x535.jpg\"},{\"@type\":\"BreadcrumbList\",\"@id\":\"https:\/\/antersystem.com\/cs\/novinky\/technical-conferences-2024\/#breadcrumb\",\"itemListElement\":[{\"@type\":\"ListItem\",\"position\":1,\"name\":\"AnterSystem\",\"item\":\"https:\/\/antersystem.com\/cs\/\"},{\"@type\":\"ListItem\",\"position\":2,\"name\":\"Zpr\u00e1vy\",\"item\":\"https:\/\/antersystem.com\/cs\/novinky\/\"},{\"@type\":\"ListItem\",\"position\":3,\"name\":\"Technick\u00e9 konference\"}]},{\"@type\":\"WebSite\",\"@id\":\"https:\/\/antersystem.com\/cs\/#website\",\"url\":\"https:\/\/antersystem.com\/cs\/\",\"name\":\"Anter System\",\"description\":\"Jeste\u015bmy polskim producentem elastycznych barier ochronnych wykonywanych z polimerowych tworzyw sztucznych. Na rynku krajowym i zagranicznym dzia\u0142amy od ponad 15 lat dbaj\u0105c o zapewnienie bezpiecze\u0144stwa w zak\u0142adach produkcyjnych, magazynach oraz centrach logistycznych.\",\"potentialAction\":[{\"@type\":\"SearchAction\",\"target\":{\"@type\":\"EntryPoint\",\"urlTemplate\":\"https:\/\/antersystem.com\/cs\/?s={search_term_string}\"},\"query-input\":{\"@type\":\"PropertyValueSpecification\",\"valueRequired\":true,\"valueName\":\"search_term_string\"}}],\"inLanguage\":\"cs\"}]}<\/script>\n<!-- \/ Yoast SEO plugin. -->","yoast_head_json":{"title":"Technick\u00e9 konference - Anter System","description":"Kolejne zaproszenie od AxonMedia, kt\u00f3re aktywnie wspiera bran\u017c\u0119 logistyczn\u0105 w rozwoju. Sie\u0107 konferencji w ca\u0142ej Polsce","robots":{"index":"index","follow":"follow","max-snippet":"max-snippet:-1","max-image-preview":"max-image-preview:large","max-video-preview":"max-video-preview:-1"},"canonical":"https:\/\/antersystem.com\/cs\/novinky\/technical-conferences-2024\/","og_locale":"cs_CZ","og_type":"article","og_title":"Technick\u00e9 konference - Anter System","og_description":"Kolejne zaproszenie od AxonMedia, kt\u00f3re aktywnie wspiera bran\u017c\u0119 logistyczn\u0105 w rozwoju. Sie\u0107 konferencji w ca\u0142ej Polsce","og_url":"https:\/\/antersystem.com\/cs\/novinky\/technical-conferences-2024\/","og_site_name":"Anter System","article_modified_time":"2026-02-04T13:04:41+00:00","og_image":[{"url":"https:\/\/antersystem.com\/wp-content\/uploads\/Axon-Media-Bialystok-2024_zaproszenie-od-Anter-System-1024x535.jpg","type":"","width":"","height":""}],"twitter_card":"summary_large_image","twitter_misc":{"Odhadovan\u00e1 doba \u010dten\u00ed":"1 minuta"},"schema":{"@context":"https:\/\/schema.org","@graph":[{"@type":"WebPage","@id":"https:\/\/antersystem.com\/cs\/novinky\/technical-conferences-2024\/","url":"https:\/\/antersystem.com\/cs\/novinky\/technical-conferences-2024\/","name":"Technick\u00e9 konference - Anter System","isPartOf":{"@id":"https:\/\/antersystem.com\/cs\/#website"},"primaryImageOfPage":{"@id":"https:\/\/antersystem.com\/cs\/novinky\/technical-conferences-2024\/#primaryimage"},"image":{"@id":"https:\/\/antersystem.com\/cs\/novinky\/technical-conferences-2024\/#primaryimage"},"thumbnailUrl":"https:\/\/antersystem.com\/wp-content\/uploads\/Axon-Media-Bialystok-2024_zaproszenie-od-Anter-System-1024x535.jpg","datePublished":"2024-03-01T13:25:26+00:00","dateModified":"2026-02-04T13:04:41+00:00","description":"Kolejne zaproszenie od AxonMedia, kt\u00f3re aktywnie wspiera bran\u017c\u0119 logistyczn\u0105 w rozwoju. Sie\u0107 konferencji w ca\u0142ej Polsce","breadcrumb":{"@id":"https:\/\/antersystem.com\/cs\/novinky\/technical-conferences-2024\/#breadcrumb"},"inLanguage":"cs","potentialAction":[{"@type":"ReadAction","target":["https:\/\/antersystem.com\/cs\/novinky\/technical-conferences-2024\/"]}]},{"@type":"ImageObject","inLanguage":"cs","@id":"https:\/\/antersystem.com\/cs\/novinky\/technical-conferences-2024\/#primaryimage","url":"https:\/\/antersystem.com\/wp-content\/uploads\/Axon-Media-Bialystok-2024_zaproszenie-od-Anter-System-1024x535.jpg","contentUrl":"https:\/\/antersystem.com\/wp-content\/uploads\/Axon-Media-Bialystok-2024_zaproszenie-od-Anter-System-1024x535.jpg"},{"@type":"BreadcrumbList","@id":"https:\/\/antersystem.com\/cs\/novinky\/technical-conferences-2024\/#breadcrumb","itemListElement":[{"@type":"ListItem","position":1,"name":"AnterSystem","item":"https:\/\/antersystem.com\/cs\/"},{"@type":"ListItem","position":2,"name":"Zpr\u00e1vy","item":"https:\/\/antersystem.com\/cs\/novinky\/"},{"@type":"ListItem","position":3,"name":"Technick\u00e9 konference"}]},{"@type":"WebSite","@id":"https:\/\/antersystem.com\/cs\/#website","url":"https:\/\/antersystem.com\/cs\/","name":"Anter System","description":"Jeste\u015bmy polskim producentem elastycznych barier ochronnych wykonywanych z polimerowych tworzyw sztucznych. Na rynku krajowym i zagranicznym dzia\u0142amy od ponad 15 lat dbaj\u0105c o zapewnienie bezpiecze\u0144stwa w zak\u0142adach produkcyjnych, magazynach oraz centrach logistycznych.","potentialAction":[{"@type":"SearchAction","target":{"@type":"EntryPoint","urlTemplate":"https:\/\/antersystem.com\/cs\/?s={search_term_string}"},"query-input":{"@type":"PropertyValueSpecification","valueRequired":true,"valueName":"search_term_string"}}],"inLanguage":"cs"}]}},"_links":{"self":[{"href":"https:\/\/antersystem.com\/cs\/wp-json\/wp\/v2\/pages\/39594","targetHints":{"allow":["GET"]}}],"collection":[{"href":"https:\/\/antersystem.com\/cs\/wp-json\/wp\/v2\/pages"}],"about":[{"href":"https:\/\/antersystem.com\/cs\/wp-json\/wp\/v2\/types\/page"}],"author":[{"embeddable":true,"href":"https:\/\/antersystem.com\/cs\/wp-json\/wp\/v2\/users\/1"}],"replies":[{"embeddable":true,"href":"https:\/\/antersystem.com\/cs\/wp-json\/wp\/v2\/comments?post=39594"}],"version-history":[{"count":1,"href":"https:\/\/antersystem.com\/cs\/wp-json\/wp\/v2\/pages\/39594\/revisions"}],"predecessor-version":[{"id":39596,"href":"https:\/\/antersystem.com\/cs\/wp-json\/wp\/v2\/pages\/39594\/revisions\/39596"}],"up":[{"embeddable":true,"href":"https:\/\/antersystem.com\/cs\/wp-json\/wp\/v2\/pages\/30524"}],"wp:attachment":[{"href":"https:\/\/antersystem.com\/cs\/wp-json\/wp\/v2\/media?parent=39594"}],"curies":[{"name":"wp","href":"https:\/\/api.w.org\/{rel}","templated":true}]}}