{"id":39634,"date":"2023-10-12T12:02:34","date_gmt":"2023-10-12T10:02:34","guid":{"rendered":"https:\/\/antersystem.com\/novinky\/trailer-support-jst\/"},"modified":"2026-02-04T14:05:01","modified_gmt":"2026-02-04T13:05:01","slug":"trailer-support-jst","status":"publish","type":"page","link":"https:\/\/antersystem.com\/cs\/novinky\/trailer-support-jst\/","title":{"rendered":"Podpora p\u0159\u00edv\u011bsu JST"},"content":{"rendered":"\n<div class=\"wp-block-columns is-layout-flex wp-container-core-columns-is-layout-9d6595d7 wp-block-columns-is-layout-flex\">\n<div class=\"wp-block-column is-layout-flow wp-block-column-is-layout-flow\" style=\"flex-basis:10%\"><\/div>\n\n\n\n<div class=\"wp-block-column is-layout-flow wp-block-column-is-layout-flow\">\n<h2 class=\"wp-block-heading\">Podp\u011bra p\u0159\u00edv\u011bsu JST &#8211; bezpe\u010dn\u00e1 a pohodln\u00e1 vykl\u00e1dka bez taha\u010de<\/h2>\n\n\n\n<p>Pou\u017eit\u00ed modern\u00edch a osv\u011bd\u010den\u00fdch \u0159e\u0161en\u00ed, jako jsou <a href=\"https:\/\/antersystem.com\/kategorie_produktow\/technika-zaladunkowa\/\">n\u00e1v\u011bsov\u00e9 nosi\u010de, pom\u00e1h\u00e1<\/a> zefektivnit skladov\u00e9 procesy. D\u00edky nim m\u016f\u017ee obsluha vysokozdvi\u017en\u00e9ho voz\u00edku voln\u011b prov\u00e1d\u011bt pot\u0159ebn\u00e9 operace a cel\u00fd proces nakl\u00e1dky a vykl\u00e1dky m\u016f\u017ee prob\u00edhat bez zapojen\u00ed taha\u010de. <\/p>\n<h3>Podp\u011bry n\u00e1v\u011bs\u016f &#8211; v\u00fdhody a pou\u017eit\u00ed<\/h3>\n<p>Hlavn\u00edm \u00fa\u010delem pou\u017eit\u00ed profesion\u00e1ln\u00edch podp\u011br je spr\u00e1vn\u00e9 zaji\u0161t\u011bn\u00ed n\u00e1v\u011bs\u016f dod\u00e1vkov\u00e9ho vozidla p\u0159i p\u0159\u00edjmu zbo\u017e\u00ed ve skladu. Za\u0159\u00edzen\u00ed tak\u00e9 dokonale funguje p\u0159i nakl\u00e1dce a zaji\u0161\u0165uje bezpe\u010dnost v\u0161ech osob zapojen\u00fdch do logistick\u00e9ho procesu, obsluhy vysokozdvi\u017en\u00fdch voz\u00edk\u016f a v\u0161ech osob p\u0159\u00edtomn\u00fdch v bl\u00edzkosti. Jeho pou\u017eit\u00ed zabra\u0148uje naklon\u011bn\u00ed nebo p\u0159evr\u00e1cen\u00ed n\u00e1v\u011bsu b\u011bhem vykl\u00e1dky nebo nakl\u00e1dky.  <\/p>\n<p>Krom\u011b zaji\u0161t\u011bn\u00ed bezpe\u010dn\u00e9ho a pohodln\u00e9ho provozu ve skladu nab\u00edzej\u00ed podp\u011bry n\u00e1v\u011bs\u016f mnoho dal\u0161\u00edch v\u00fdhod. Jednou z nejd\u016fle\u017eit\u011bj\u0161\u00edch je optimalizace vyu\u017eit\u00ed taha\u010d\u016f, proto\u017ee mohou sou\u010dasn\u011b pracovat s dal\u0161\u00edmi n\u00e1v\u011bsy a absolvovat tak dal\u0161\u00ed p\u0159epravn\u00ed j\u00edzdy. Za zm\u00ednku stoj\u00ed tak\u00e9 snadn\u00e1 obsluha podp\u011br vybaven\u00fdch samonivela\u010dn\u00edm syst\u00e9mem a \u0161irok\u00fdmi mo\u017enostmi nastaven\u00ed v\u00fd\u0161ky.  <\/p>\n<h3>Podp\u011bry n\u00e1v\u011bs\u016f &#8211; polsk\u00fd v\u00fdrobce<\/h3>\n<p>P\u0159edn\u00ed v\u00fdrobci nab\u00edzej\u00ed sv\u00fdm z\u00e1kazn\u00edk\u016fm individu\u00e1ln\u00ed p\u0159\u00edstup a poskytuj\u00ed syst\u00e9my pln\u011b p\u0159izp\u016fsoben\u00e9 po\u017eadavk\u016fm dan\u00e9ho odv\u011btv\u00ed a organizaci pr\u00e1ce ve skladu. Z mnoha model\u016f dostupn\u00fdch na trhu je t\u0159eba v\u011bnovat zvl\u00e1\u0161tn\u00ed pozornost <a href=\"https:\/\/antersystem.com\/produkty\/podpora-pod-naczepe-tira-jst1-1\/\">podp\u011b\u0159e n\u00e1v\u011bsu TIR Jack Trailer Stand vyr\u00e1b\u011bn\u00e9 spole\u010dnost\u00ed Anter System.<\/a> V tomto modelu byla problematika stabilizace n\u00e1v\u011bsu a minimalizace rizika p\u0159evr\u00e1cen\u00ed propracov\u00e1na na nejvy\u0161\u0161\u00ed \u00farove\u0148.  <\/p>\n<p>Za\u0159\u00edzen\u00ed snadno unese n\u00e1klad o hmotnosti a\u017e 45 tun, zat\u00edmco konkuren\u010dn\u00ed v\u00fdrobky obvykle nab\u00edzej\u00ed nosnost 25-40 tun &#8211; co\u017e umo\u017e\u0148uje manipulaci s n\u00e1v\u011bsy s t\u011b\u017e\u0161\u00edm n\u00e1kladem. V\u00fd\u0161ka je nastaviteln\u00e1 od 916 mm do 1366 mm, co\u017e umo\u017e\u0148uje lep\u0161\u00ed polohov\u00e1n\u00ed podp\u011bry a pohodln\u011bj\u0161\u00ed nakl\u00e1dac\u00ed operace. Krom\u011b toho je za\u0159\u00edzen\u00ed vybaveno velkou z\u00e1kladovou plochou, kter\u00e1 zaji\u0161\u0165uje lep\u0161\u00ed stabilitu na zemi a v\u011bt\u0161\u00ed sty\u010dnou plochu s n\u00e1v\u011bsem (lep\u0161\u00ed stabilizace n\u00e1v\u011bsu). Efektivn\u00ed polohov\u00e1n\u00ed podp\u011bry umo\u017e\u0148uj\u00ed pry\u017eov\u00e1 kola o pr\u016fm\u011bru 400 mm, kter\u00e1 jsou v\u011bt\u0161\u00ed ne\u017e u v\u011bt\u0161iny za\u0159\u00edzen\u00ed tohoto typu na trhu. Podp\u011bru lze snadno zvednout pomoc\u00ed intuitivn\u00edho klikov\u00e9ho mechanismu &#8211; m\u016f\u017ee ji obsluhovat kdokoli bez nutnosti pou\u017eit\u00ed nadm\u011brn\u00e9 s\u00edly a rychl\u00fd blokovac\u00ed mechanismus zabra\u0148uje p\u0159\u00edstupu neopr\u00e1vn\u011bn\u00fdch osob.    <\/p>\n<p>St\u00e1le v\u00edce v\u00fdrobc\u016f n\u00e1v\u011bs\u016f doporu\u010duje pou\u017eit\u00ed specializovan\u00fdch podp\u011br, tak\u017ee lze s jistotou \u0159\u00edci, \u017ee v p\u0159\u00ed\u0161t\u00edch n\u011bkolika letech <a href=\"https:\/\/antersystem.com\/cs\/novinky\/product-of-the-year-2019\/produkt-roku-2019-3\/\">se \u0159e\u0161en\u00ed, jako je to, kter\u00e9 p\u0159edstavuje spole\u010dnost Anter System, stane v logistick\u00e9m pr\u016fmyslu standardem.<\/a><\/p>\n<h3>Investice do bezpe\u010dnosti &#8211; napl\u00e1nujte si ji je\u0161t\u011b dnes<\/h3>\n<p>P\u0159i zva\u017eov\u00e1n\u00ed n\u00e1kupu podp\u016frn\u00e9ho n\u00e1v\u011bsu TIR pro va\u0161i spole\u010dnost je vhodn\u00e9 uva\u017eovat v makro m\u011b\u0159\u00edtku a m\u00edt na pam\u011bti, \u017ee jednor\u00e1zov\u00e1 investice do bezpe\u010dnosti se m\u016f\u017ee uk\u00e1zat jako neoceniteln\u00e1. N\u00e1klady na po\u0159\u00edzen\u00ed profesion\u00e1ln\u00edch bezpe\u010dnostn\u00edch syst\u00e9m\u016f se obvykle uk\u00e1\u017e\u00ed jako ne\u00fam\u011brn\u011b n\u00edzk\u00e9 ve srovn\u00e1n\u00ed s n\u00e1sledky p\u0159\u00edpadn\u00e9 nehody nebo jin\u00e9 ne\u0161\u0165astn\u00e9 ud\u00e1losti. <\/p>\n<p>&nbsp;<\/p>\n<\/div>\n\n\n\n<div class=\"wp-block-column is-layout-flow wp-block-column-is-layout-flow\" style=\"flex-basis:10%\"><\/div>\n<\/div>\n","protected":false},"excerpt":{"rendered":"<p>Podp\u011bra p\u0159\u00edv\u011bsu JST &#8211; bezpe\u010dn\u00e1 a pohodln\u00e1 vykl\u00e1dka bez taha\u010de Pou\u017eit\u00ed modern\u00edch a osv\u011bd\u010den\u00fdch \u0159e\u0161en\u00ed, jako jsou n\u00e1v\u011bsov\u00e9 nosi\u010de, pom\u00e1h\u00e1 zefektivnit skladov\u00e9 procesy. D\u00edky nim m\u016f\u017ee obsluha vysokozdvi\u017en\u00e9ho voz\u00edku voln\u011b prov\u00e1d\u011bt pot\u0159ebn\u00e9 operace a cel\u00fd proces nakl\u00e1dky a vykl\u00e1dky m\u016f\u017ee prob\u00edhat bez zapojen\u00ed taha\u010de. Podp\u011bry n\u00e1v\u011bs\u016f &#8211; v\u00fdhody a pou\u017eit\u00ed Hlavn\u00edm \u00fa\u010delem pou\u017eit\u00ed profesion\u00e1ln\u00edch podp\u011br [&hellip;]<\/p>\n","protected":false},"author":1,"featured_media":0,"parent":30524,"menu_order":0,"comment_status":"closed","ping_status":"closed","template":"","meta":{"inline_featured_image":false,"ngg_post_thumbnail":0,"footnotes":""},"class_list":["post-39634","page","type-page","status-publish","hentry"],"acf":[],"yoast_head":"<!-- This site is optimized with the Yoast SEO plugin v27.0 - https:\/\/yoast.com\/product\/yoast-seo-wordpress\/ -->\n<title>Podpora p\u0159\u00edv\u011bsu JST - Anter System<\/title>\n<meta name=\"description\" content=\"Podp\u011bra p\u0159\u00edv\u011bsu JST - bezpe\u010dn\u00e1 a pohodln\u00e1 vykl\u00e1dka bez taha\u010de Pou\u017eit\u00ed modern\u00edch a osv\u011bd\u010den\u00fdch \u0159e\u0161en\u00ed, jako jsou n\u00e1v\u011bsov\u00e9 nosi\u010de, pom\u00e1h\u00e1 zefektivnit\" \/>\n<meta name=\"robots\" content=\"index, follow, max-snippet:-1, max-image-preview:large, max-video-preview:-1\" \/>\n<link rel=\"canonical\" href=\"https:\/\/antersystem.com\/cs\/novinky\/trailer-support-jst\/\" \/>\n<meta property=\"og:locale\" content=\"cs_CZ\" \/>\n<meta property=\"og:type\" content=\"article\" \/>\n<meta property=\"og:title\" content=\"Podpora p\u0159\u00edv\u011bsu JST - Anter System\" \/>\n<meta property=\"og:description\" content=\"Podp\u011bra p\u0159\u00edv\u011bsu JST - bezpe\u010dn\u00e1 a pohodln\u00e1 vykl\u00e1dka bez taha\u010de Pou\u017eit\u00ed modern\u00edch a osv\u011bd\u010den\u00fdch \u0159e\u0161en\u00ed, jako jsou n\u00e1v\u011bsov\u00e9 nosi\u010de, pom\u00e1h\u00e1 zefektivnit\" \/>\n<meta property=\"og:url\" content=\"https:\/\/antersystem.com\/cs\/novinky\/trailer-support-jst\/\" \/>\n<meta property=\"og:site_name\" content=\"Anter System\" \/>\n<meta property=\"article:modified_time\" content=\"2026-02-04T13:05:01+00:00\" \/>\n<meta name=\"twitter:card\" content=\"summary_large_image\" \/>\n<meta name=\"twitter:label1\" content=\"Odhadovan\u00e1 doba \u010dten\u00ed\" \/>\n\t<meta name=\"twitter:data1\" content=\"3 minuty\" \/>\n<script type=\"application\/ld+json\" class=\"yoast-schema-graph\">{\"@context\":\"https:\/\/schema.org\",\"@graph\":[{\"@type\":\"WebPage\",\"@id\":\"https:\/\/antersystem.com\/cs\/novinky\/trailer-support-jst\/\",\"url\":\"https:\/\/antersystem.com\/cs\/novinky\/trailer-support-jst\/\",\"name\":\"Podpora p\u0159\u00edv\u011bsu JST - Anter System\",\"isPartOf\":{\"@id\":\"https:\/\/antersystem.com\/cs\/#website\"},\"datePublished\":\"2023-10-12T10:02:34+00:00\",\"dateModified\":\"2026-02-04T13:05:01+00:00\",\"description\":\"Podp\u011bra p\u0159\u00edv\u011bsu JST - bezpe\u010dn\u00e1 a pohodln\u00e1 vykl\u00e1dka bez taha\u010de Pou\u017eit\u00ed modern\u00edch a osv\u011bd\u010den\u00fdch \u0159e\u0161en\u00ed, jako jsou n\u00e1v\u011bsov\u00e9 nosi\u010de, pom\u00e1h\u00e1 zefektivnit\",\"breadcrumb\":{\"@id\":\"https:\/\/antersystem.com\/cs\/novinky\/trailer-support-jst\/#breadcrumb\"},\"inLanguage\":\"cs\",\"potentialAction\":[{\"@type\":\"ReadAction\",\"target\":[\"https:\/\/antersystem.com\/cs\/novinky\/trailer-support-jst\/\"]}]},{\"@type\":\"BreadcrumbList\",\"@id\":\"https:\/\/antersystem.com\/cs\/novinky\/trailer-support-jst\/#breadcrumb\",\"itemListElement\":[{\"@type\":\"ListItem\",\"position\":1,\"name\":\"AnterSystem\",\"item\":\"https:\/\/antersystem.com\/cs\/\"},{\"@type\":\"ListItem\",\"position\":2,\"name\":\"Zpr\u00e1vy\",\"item\":\"https:\/\/antersystem.com\/cs\/novinky\/\"},{\"@type\":\"ListItem\",\"position\":3,\"name\":\"Podpora p\u0159\u00edv\u011bsu JST\"}]},{\"@type\":\"WebSite\",\"@id\":\"https:\/\/antersystem.com\/cs\/#website\",\"url\":\"https:\/\/antersystem.com\/cs\/\",\"name\":\"Anter System\",\"description\":\"Jeste\u015bmy polskim producentem elastycznych barier ochronnych wykonywanych z polimerowych tworzyw sztucznych. Na rynku krajowym i zagranicznym dzia\u0142amy od ponad 15 lat dbaj\u0105c o zapewnienie bezpiecze\u0144stwa w zak\u0142adach produkcyjnych, magazynach oraz centrach logistycznych.\",\"potentialAction\":[{\"@type\":\"SearchAction\",\"target\":{\"@type\":\"EntryPoint\",\"urlTemplate\":\"https:\/\/antersystem.com\/cs\/?s={search_term_string}\"},\"query-input\":{\"@type\":\"PropertyValueSpecification\",\"valueRequired\":true,\"valueName\":\"search_term_string\"}}],\"inLanguage\":\"cs\"}]}<\/script>\n<!-- \/ Yoast SEO plugin. -->","yoast_head_json":{"title":"Podpora p\u0159\u00edv\u011bsu JST - Anter System","description":"Podp\u011bra p\u0159\u00edv\u011bsu JST - bezpe\u010dn\u00e1 a pohodln\u00e1 vykl\u00e1dka bez taha\u010de Pou\u017eit\u00ed modern\u00edch a osv\u011bd\u010den\u00fdch \u0159e\u0161en\u00ed, jako jsou n\u00e1v\u011bsov\u00e9 nosi\u010de, pom\u00e1h\u00e1 zefektivnit","robots":{"index":"index","follow":"follow","max-snippet":"max-snippet:-1","max-image-preview":"max-image-preview:large","max-video-preview":"max-video-preview:-1"},"canonical":"https:\/\/antersystem.com\/cs\/novinky\/trailer-support-jst\/","og_locale":"cs_CZ","og_type":"article","og_title":"Podpora p\u0159\u00edv\u011bsu JST - Anter System","og_description":"Podp\u011bra p\u0159\u00edv\u011bsu JST - bezpe\u010dn\u00e1 a pohodln\u00e1 vykl\u00e1dka bez taha\u010de Pou\u017eit\u00ed modern\u00edch a osv\u011bd\u010den\u00fdch \u0159e\u0161en\u00ed, jako jsou n\u00e1v\u011bsov\u00e9 nosi\u010de, pom\u00e1h\u00e1 zefektivnit","og_url":"https:\/\/antersystem.com\/cs\/novinky\/trailer-support-jst\/","og_site_name":"Anter System","article_modified_time":"2026-02-04T13:05:01+00:00","twitter_card":"summary_large_image","twitter_misc":{"Odhadovan\u00e1 doba \u010dten\u00ed":"3 minuty"},"schema":{"@context":"https:\/\/schema.org","@graph":[{"@type":"WebPage","@id":"https:\/\/antersystem.com\/cs\/novinky\/trailer-support-jst\/","url":"https:\/\/antersystem.com\/cs\/novinky\/trailer-support-jst\/","name":"Podpora p\u0159\u00edv\u011bsu JST - Anter System","isPartOf":{"@id":"https:\/\/antersystem.com\/cs\/#website"},"datePublished":"2023-10-12T10:02:34+00:00","dateModified":"2026-02-04T13:05:01+00:00","description":"Podp\u011bra p\u0159\u00edv\u011bsu JST - bezpe\u010dn\u00e1 a pohodln\u00e1 vykl\u00e1dka bez taha\u010de Pou\u017eit\u00ed modern\u00edch a osv\u011bd\u010den\u00fdch \u0159e\u0161en\u00ed, jako jsou n\u00e1v\u011bsov\u00e9 nosi\u010de, pom\u00e1h\u00e1 zefektivnit","breadcrumb":{"@id":"https:\/\/antersystem.com\/cs\/novinky\/trailer-support-jst\/#breadcrumb"},"inLanguage":"cs","potentialAction":[{"@type":"ReadAction","target":["https:\/\/antersystem.com\/cs\/novinky\/trailer-support-jst\/"]}]},{"@type":"BreadcrumbList","@id":"https:\/\/antersystem.com\/cs\/novinky\/trailer-support-jst\/#breadcrumb","itemListElement":[{"@type":"ListItem","position":1,"name":"AnterSystem","item":"https:\/\/antersystem.com\/cs\/"},{"@type":"ListItem","position":2,"name":"Zpr\u00e1vy","item":"https:\/\/antersystem.com\/cs\/novinky\/"},{"@type":"ListItem","position":3,"name":"Podpora p\u0159\u00edv\u011bsu JST"}]},{"@type":"WebSite","@id":"https:\/\/antersystem.com\/cs\/#website","url":"https:\/\/antersystem.com\/cs\/","name":"Anter System","description":"Jeste\u015bmy polskim producentem elastycznych barier ochronnych wykonywanych z polimerowych tworzyw sztucznych. Na rynku krajowym i zagranicznym dzia\u0142amy od ponad 15 lat dbaj\u0105c o zapewnienie bezpiecze\u0144stwa w zak\u0142adach produkcyjnych, magazynach oraz centrach logistycznych.","potentialAction":[{"@type":"SearchAction","target":{"@type":"EntryPoint","urlTemplate":"https:\/\/antersystem.com\/cs\/?s={search_term_string}"},"query-input":{"@type":"PropertyValueSpecification","valueRequired":true,"valueName":"search_term_string"}}],"inLanguage":"cs"}]}},"_links":{"self":[{"href":"https:\/\/antersystem.com\/cs\/wp-json\/wp\/v2\/pages\/39634","targetHints":{"allow":["GET"]}}],"collection":[{"href":"https:\/\/antersystem.com\/cs\/wp-json\/wp\/v2\/pages"}],"about":[{"href":"https:\/\/antersystem.com\/cs\/wp-json\/wp\/v2\/types\/page"}],"author":[{"embeddable":true,"href":"https:\/\/antersystem.com\/cs\/wp-json\/wp\/v2\/users\/1"}],"replies":[{"embeddable":true,"href":"https:\/\/antersystem.com\/cs\/wp-json\/wp\/v2\/comments?post=39634"}],"version-history":[{"count":1,"href":"https:\/\/antersystem.com\/cs\/wp-json\/wp\/v2\/pages\/39634\/revisions"}],"predecessor-version":[{"id":39636,"href":"https:\/\/antersystem.com\/cs\/wp-json\/wp\/v2\/pages\/39634\/revisions\/39636"}],"up":[{"embeddable":true,"href":"https:\/\/antersystem.com\/cs\/wp-json\/wp\/v2\/pages\/30524"}],"wp:attachment":[{"href":"https:\/\/antersystem.com\/cs\/wp-json\/wp\/v2\/media?parent=39634"}],"curies":[{"name":"wp","href":"https:\/\/api.w.org\/{rel}","templated":true}]}}