{"id":39667,"date":"2024-03-25T16:20:11","date_gmt":"2024-03-25T15:20:11","guid":{"rendered":"https:\/\/antersystem.com\/novinky\/technical-conference-szczecin\/"},"modified":"2026-02-04T14:07:09","modified_gmt":"2026-02-04T13:07:09","slug":"technical-conference-szczecin","status":"publish","type":"page","link":"https:\/\/antersystem.com\/cs\/novinky\/technical-conference-szczecin\/","title":{"rendered":"Technick\u00e1 konference, \u0160t\u011bt\u00edn 18.04"},"content":{"rendered":"\n<div class=\"wp-block-columns is-layout-flex wp-container-core-columns-is-layout-9d6595d7 wp-block-columns-is-layout-flex\">\n  \n  <div class=\"wp-block-column is-layout-flow wp-block-column-is-layout-flow\" style=\"flex-basis:10%\"><\/div>\n  \n\n  \n  <div class=\"wp-block-column is-layout-flow wp-block-column-is-layout-flow\">\n    \n    <h3 class=\"wp-block-heading\">Op\u011bt se setk\u00e1v\u00e1me &#8211; d\u00edky spole\u010dnosti Axon Media.<\/h3>\n    \n\n    \n    <p><strong>Spole\u010dnost Axon Media,<\/strong> po\u0159adatel technick\u00fdch konferenc\u00ed, n\u00e1s ji\u017e zvykla na m\u011bs\u00ed\u010dn\u00ed setk\u00e1n\u00ed v r\u00e1mci networkingu. Jejich \u010detnost a energie z\u016fst\u00e1vaj\u00ed vysok\u00e9. P\u0159\u00ed\u0161t\u00ed konference se uskute\u010dn\u00ed <a href=\"https:\/\/www.axonmedia.pl\/konferencje\/aktualne\/intralogistyka-magazynowanie-2024-szczecin\/\">18. dubna ve \u0160t\u011bt\u00edn\u011b a<\/a> jej\u00edm hlavn\u00edm t\u00e9matem bude: Jak zav\u00e1d\u011bt mal\u00e9 zm\u011bny, kter\u00e9 \u0161et\u0159\u00ed \u010das i finan\u010dn\u00ed prost\u0159edky.  <\/p>\n    \n\n    \n    <p>I na tomto ro\u010dn\u00edku se budeme pod\u00edlet na prezentaci mo\u017enost\u00ed technick\u00fdch \u0159e\u0161en\u00ed p\u0159izp\u016fsoben\u00fdch individu\u00e1ln\u00edm pot\u0159eb\u00e1m. Od <a href=\"https:\/\/antersystem.com\/kategorie_produktow\/ochrona-kolumny\/\">ochrany kritick\u00fdch konstrukc\u00ed a<\/a> <a href=\"https:\/\/antersystem.com\/produkty\/plyta-zderzeniowa-ertax\/\">n\u00e1razov\u00fdch z\u00f3n, kde nen\u00ed m\u00edsto pro standardn\u00ed bezpe\u010dnostn\u00ed z\u00e1brany, p\u0159es zabezpe\u010den\u00ed p\u011b\u0161\u00edch tras a\u017e po<\/a> ochranu stroj\u016f a infrastruktury p\u0159ed n\u00e1razy vysokozdvi\u017en\u00fdch voz\u00edk\u016f &#8211; to jsou na\u0161e odborn\u00e9 znalosti a ka\u017edodenn\u00ed praxe. R\u00e1di se s v\u00e1mi pod\u011bl\u00edme o p\u0159\u00edpadov\u00e9 studie z projekt\u016f, kde jsme se aktivn\u011b pod\u00edleli na n\u00e1vrhu a realizaci bezpe\u010dnostn\u00edch \u0159e\u0161en\u00ed na m\u00edru.  <\/p>\n    \n\n    \n    <p>Vyz\u00fdv\u00e1me v\u00e1s tak\u00e9, abyste se zapojili do konferen\u010dn\u00edch zased\u00e1n\u00ed a poslouchali odborn\u00e9 prezentace &#8211; nen\u00ed nutn\u00e1 \u017e\u00e1dn\u00e1 interakce. Program <em>konference &#8222;Optimalizace intralogistick\u00fdch a skladov\u00fdch proces\u016f&#8220;<\/em> zahrnuje t\u00e9mata, jako jsou syst\u00e9my vnitropodnikov\u00e9 dopravy, robotizace sklad\u016f, automatizovan\u00e9 syst\u00e9my skladov\u00e1n\u00ed a vychyst\u00e1v\u00e1n\u00ed, RFID a bezdr\u00e1tov\u00e1 identifikace, software pro intralogistiku, logistick\u00e9 projektov\u00e1n\u00ed a poradenstv\u00ed, etiketovac\u00ed stroje a bezpe\u010dnost a ochrana zdrav\u00ed p\u0159i pr\u00e1ci (BOZP) v pr\u016fmyslov\u00fdch a skladov\u00fdch provozech. <\/p>\n    \n\n    \n    <p><strong>Kdy:<\/strong> 18. dubna (\u010dtvrtek) | 8:00 &#8211; 15:30 hodin | Program<\/p>\n    \n\n    \n    <p><strong>Kde:<\/strong> Hotel VULCAN, ul. F.K. Druckiego-Lubeckiego 6a, \u0160t\u011bt\u00edn | parkov\u00e1n\u00ed zdarma <\/p>\n    \n\n    \n    <p><strong>\u00da\u010dast je bezplatn\u00e1<\/strong><\/p>\n    \n\n    \n    <p>Jako hrd\u00ed partne\u0159i akce v\u00e1s srde\u010dn\u011b zveme, abyste se k n\u00e1m p\u0159ipojili!<\/p>\n    \n\n    \n    <p><strong>#Technick\u00e9konference #AxonMedia #Intralogistika #Warehousing<\/strong><\/p>\n    \n  <\/div>\n  \n\n  \n  <div class=\"wp-block-column is-layout-flow wp-block-column-is-layout-flow\" style=\"flex-basis:10%\"><\/div>\n  \n<\/div>\n<div class=\"wp-block-image\">\n<figure class=\"aligncenter size-large is-resized\"><img loading=\"lazy\" decoding=\"async\" width=\"1024\" height=\"535\" src=\"https:\/\/antersystem.com\/wp-content\/uploads\/18-KWIETNIA-ANTER-SYSTEM-partnerem-konferencji-technicznych-Axon-Media-1-1024x535.jpg\" alt=\"Anter System - technick&#xE1; konference ve &#x160;t&#x11B;t&#xED;n&#x11B;, 18. dubna 2024\" class=\"wp-image-4321\" style=\"width:720px;height:auto\" srcset=\"https:\/\/antersystem.com\/wp-content\/uploads\/18-KWIETNIA-ANTER-SYSTEM-partnerem-konferencji-technicznych-Axon-Media-1-1024x535.jpg 1024w, https:\/\/antersystem.com\/wp-content\/uploads\/18-KWIETNIA-ANTER-SYSTEM-partnerem-konferencji-technicznych-Axon-Media-1-300x157.jpg 300w, https:\/\/antersystem.com\/wp-content\/uploads\/18-KWIETNIA-ANTER-SYSTEM-partnerem-konferencji-technicznych-Axon-Media-1-768x401.jpg 768w, https:\/\/antersystem.com\/wp-content\/uploads\/18-KWIETNIA-ANTER-SYSTEM-partnerem-konferencji-technicznych-Axon-Media-1-450x235.jpg 450w, https:\/\/antersystem.com\/wp-content\/uploads\/18-KWIETNIA-ANTER-SYSTEM-partnerem-konferencji-technicznych-Axon-Media-1-330x172.jpg 330w, https:\/\/antersystem.com\/wp-content\/uploads\/18-KWIETNIA-ANTER-SYSTEM-partnerem-konferencji-technicznych-Axon-Media-1.jpg 1200w\" sizes=\"auto, (max-width: 1024px) 100vw, 1024px\" \/><\/figure><\/div>","protected":false},"excerpt":{"rendered":"<p>Op\u011bt se setk\u00e1v\u00e1me &#8211; d\u00edky spole\u010dnosti Axon Media. Spole\u010dnost Axon Media, po\u0159adatel technick\u00fdch konferenc\u00ed, n\u00e1s ji\u017e zvykla na m\u011bs\u00ed\u010dn\u00ed setk\u00e1n\u00ed v r\u00e1mci networkingu. Jejich \u010detnost a energie z\u016fst\u00e1vaj\u00ed vysok\u00e9. P\u0159\u00ed\u0161t\u00ed konference se uskute\u010dn\u00ed 18. dubna ve \u0160t\u011bt\u00edn\u011b a jej\u00edm hlavn\u00edm t\u00e9matem bude: Jak zav\u00e1d\u011bt mal\u00e9 zm\u011bny, kter\u00e9 \u0161et\u0159\u00ed \u010das i finan\u010dn\u00ed prost\u0159edky. I na tomto [&hellip;]<\/p>\n","protected":false},"author":1,"featured_media":0,"parent":30524,"menu_order":0,"comment_status":"closed","ping_status":"closed","template":"","meta":{"inline_featured_image":false,"ngg_post_thumbnail":0,"footnotes":""},"class_list":["post-39667","page","type-page","status-publish","hentry"],"acf":[],"yoast_head":"<!-- This site is optimized with the Yoast SEO plugin v27.0 - https:\/\/yoast.com\/product\/yoast-seo-wordpress\/ -->\n<title>Technick\u00e1 konference, \u0160t\u011bt\u00edn 18.04 - Anter System<\/title>\n<meta name=\"description\" content=\"Op\u011bt se setk\u00e1v\u00e1me - d\u00edky spole\u010dnosti Axon Media. Spole\u010dnost Axon Media, po\u0159adatel technick\u00fdch konferenc\u00ed, n\u00e1s ji\u017e zvykla na m\u011bs\u00ed\u010dn\u00ed setk\u00e1n\u00ed v r\u00e1mci\" \/>\n<meta name=\"robots\" content=\"index, follow, max-snippet:-1, max-image-preview:large, max-video-preview:-1\" \/>\n<link rel=\"canonical\" href=\"https:\/\/antersystem.com\/cs\/novinky\/technical-conference-szczecin\/\" \/>\n<meta property=\"og:locale\" content=\"cs_CZ\" \/>\n<meta property=\"og:type\" content=\"article\" \/>\n<meta property=\"og:title\" content=\"Technick\u00e1 konference, \u0160t\u011bt\u00edn 18.04 - Anter System\" \/>\n<meta property=\"og:description\" content=\"Op\u011bt se setk\u00e1v\u00e1me - d\u00edky spole\u010dnosti Axon Media. Spole\u010dnost Axon Media, po\u0159adatel technick\u00fdch konferenc\u00ed, n\u00e1s ji\u017e zvykla na m\u011bs\u00ed\u010dn\u00ed setk\u00e1n\u00ed v r\u00e1mci\" \/>\n<meta property=\"og:url\" content=\"https:\/\/antersystem.com\/cs\/novinky\/technical-conference-szczecin\/\" \/>\n<meta property=\"og:site_name\" content=\"Anter System\" \/>\n<meta property=\"article:modified_time\" content=\"2026-02-04T13:07:09+00:00\" \/>\n<meta property=\"og:image\" content=\"https:\/\/antersystem.com\/wp-content\/uploads\/18-KWIETNIA-ANTER-SYSTEM-partnerem-konferencji-technicznych-Axon-Media-1-1024x535.jpg\" \/>\n<meta name=\"twitter:card\" content=\"summary_large_image\" \/>\n<meta name=\"twitter:label1\" content=\"Odhadovan\u00e1 doba \u010dten\u00ed\" \/>\n\t<meta name=\"twitter:data1\" content=\"2 minuty\" \/>\n<script type=\"application\/ld+json\" class=\"yoast-schema-graph\">{\"@context\":\"https:\/\/schema.org\",\"@graph\":[{\"@type\":\"WebPage\",\"@id\":\"https:\/\/antersystem.com\/cs\/novinky\/technical-conference-szczecin\/\",\"url\":\"https:\/\/antersystem.com\/cs\/novinky\/technical-conference-szczecin\/\",\"name\":\"Technick\u00e1 konference, \u0160t\u011bt\u00edn 18.04 - Anter System\",\"isPartOf\":{\"@id\":\"https:\/\/antersystem.com\/cs\/#website\"},\"primaryImageOfPage\":{\"@id\":\"https:\/\/antersystem.com\/cs\/novinky\/technical-conference-szczecin\/#primaryimage\"},\"image\":{\"@id\":\"https:\/\/antersystem.com\/cs\/novinky\/technical-conference-szczecin\/#primaryimage\"},\"thumbnailUrl\":\"https:\/\/antersystem.com\/wp-content\/uploads\/18-KWIETNIA-ANTER-SYSTEM-partnerem-konferencji-technicznych-Axon-Media-1-1024x535.jpg\",\"datePublished\":\"2024-03-25T15:20:11+00:00\",\"dateModified\":\"2026-02-04T13:07:09+00:00\",\"description\":\"Op\u011bt se setk\u00e1v\u00e1me - d\u00edky spole\u010dnosti Axon Media. Spole\u010dnost Axon Media, po\u0159adatel technick\u00fdch konferenc\u00ed, n\u00e1s ji\u017e zvykla na m\u011bs\u00ed\u010dn\u00ed setk\u00e1n\u00ed v r\u00e1mci\",\"breadcrumb\":{\"@id\":\"https:\/\/antersystem.com\/cs\/novinky\/technical-conference-szczecin\/#breadcrumb\"},\"inLanguage\":\"cs\",\"potentialAction\":[{\"@type\":\"ReadAction\",\"target\":[\"https:\/\/antersystem.com\/cs\/novinky\/technical-conference-szczecin\/\"]}]},{\"@type\":\"ImageObject\",\"inLanguage\":\"cs\",\"@id\":\"https:\/\/antersystem.com\/cs\/novinky\/technical-conference-szczecin\/#primaryimage\",\"url\":\"https:\/\/antersystem.com\/wp-content\/uploads\/18-KWIETNIA-ANTER-SYSTEM-partnerem-konferencji-technicznych-Axon-Media-1-1024x535.jpg\",\"contentUrl\":\"https:\/\/antersystem.com\/wp-content\/uploads\/18-KWIETNIA-ANTER-SYSTEM-partnerem-konferencji-technicznych-Axon-Media-1-1024x535.jpg\"},{\"@type\":\"BreadcrumbList\",\"@id\":\"https:\/\/antersystem.com\/cs\/novinky\/technical-conference-szczecin\/#breadcrumb\",\"itemListElement\":[{\"@type\":\"ListItem\",\"position\":1,\"name\":\"AnterSystem\",\"item\":\"https:\/\/antersystem.com\/cs\/\"},{\"@type\":\"ListItem\",\"position\":2,\"name\":\"Zpr\u00e1vy\",\"item\":\"https:\/\/antersystem.com\/cs\/novinky\/\"},{\"@type\":\"ListItem\",\"position\":3,\"name\":\"Technick\u00e1 konference, \u0160t\u011bt\u00edn 18.04\"}]},{\"@type\":\"WebSite\",\"@id\":\"https:\/\/antersystem.com\/cs\/#website\",\"url\":\"https:\/\/antersystem.com\/cs\/\",\"name\":\"Anter System\",\"description\":\"Jeste\u015bmy polskim producentem elastycznych barier ochronnych wykonywanych z polimerowych tworzyw sztucznych. Na rynku krajowym i zagranicznym dzia\u0142amy od ponad 15 lat dbaj\u0105c o zapewnienie bezpiecze\u0144stwa w zak\u0142adach produkcyjnych, magazynach oraz centrach logistycznych.\",\"potentialAction\":[{\"@type\":\"SearchAction\",\"target\":{\"@type\":\"EntryPoint\",\"urlTemplate\":\"https:\/\/antersystem.com\/cs\/?s={search_term_string}\"},\"query-input\":{\"@type\":\"PropertyValueSpecification\",\"valueRequired\":true,\"valueName\":\"search_term_string\"}}],\"inLanguage\":\"cs\"}]}<\/script>\n<!-- \/ Yoast SEO plugin. -->","yoast_head_json":{"title":"Technick\u00e1 konference, \u0160t\u011bt\u00edn 18.04 - Anter System","description":"Op\u011bt se setk\u00e1v\u00e1me - d\u00edky spole\u010dnosti Axon Media. Spole\u010dnost Axon Media, po\u0159adatel technick\u00fdch konferenc\u00ed, n\u00e1s ji\u017e zvykla na m\u011bs\u00ed\u010dn\u00ed setk\u00e1n\u00ed v r\u00e1mci","robots":{"index":"index","follow":"follow","max-snippet":"max-snippet:-1","max-image-preview":"max-image-preview:large","max-video-preview":"max-video-preview:-1"},"canonical":"https:\/\/antersystem.com\/cs\/novinky\/technical-conference-szczecin\/","og_locale":"cs_CZ","og_type":"article","og_title":"Technick\u00e1 konference, \u0160t\u011bt\u00edn 18.04 - Anter System","og_description":"Op\u011bt se setk\u00e1v\u00e1me - d\u00edky spole\u010dnosti Axon Media. Spole\u010dnost Axon Media, po\u0159adatel technick\u00fdch konferenc\u00ed, n\u00e1s ji\u017e zvykla na m\u011bs\u00ed\u010dn\u00ed setk\u00e1n\u00ed v r\u00e1mci","og_url":"https:\/\/antersystem.com\/cs\/novinky\/technical-conference-szczecin\/","og_site_name":"Anter System","article_modified_time":"2026-02-04T13:07:09+00:00","og_image":[{"url":"https:\/\/antersystem.com\/wp-content\/uploads\/18-KWIETNIA-ANTER-SYSTEM-partnerem-konferencji-technicznych-Axon-Media-1-1024x535.jpg","type":"","width":"","height":""}],"twitter_card":"summary_large_image","twitter_misc":{"Odhadovan\u00e1 doba \u010dten\u00ed":"2 minuty"},"schema":{"@context":"https:\/\/schema.org","@graph":[{"@type":"WebPage","@id":"https:\/\/antersystem.com\/cs\/novinky\/technical-conference-szczecin\/","url":"https:\/\/antersystem.com\/cs\/novinky\/technical-conference-szczecin\/","name":"Technick\u00e1 konference, \u0160t\u011bt\u00edn 18.04 - Anter System","isPartOf":{"@id":"https:\/\/antersystem.com\/cs\/#website"},"primaryImageOfPage":{"@id":"https:\/\/antersystem.com\/cs\/novinky\/technical-conference-szczecin\/#primaryimage"},"image":{"@id":"https:\/\/antersystem.com\/cs\/novinky\/technical-conference-szczecin\/#primaryimage"},"thumbnailUrl":"https:\/\/antersystem.com\/wp-content\/uploads\/18-KWIETNIA-ANTER-SYSTEM-partnerem-konferencji-technicznych-Axon-Media-1-1024x535.jpg","datePublished":"2024-03-25T15:20:11+00:00","dateModified":"2026-02-04T13:07:09+00:00","description":"Op\u011bt se setk\u00e1v\u00e1me - d\u00edky spole\u010dnosti Axon Media. Spole\u010dnost Axon Media, po\u0159adatel technick\u00fdch konferenc\u00ed, n\u00e1s ji\u017e zvykla na m\u011bs\u00ed\u010dn\u00ed setk\u00e1n\u00ed v r\u00e1mci","breadcrumb":{"@id":"https:\/\/antersystem.com\/cs\/novinky\/technical-conference-szczecin\/#breadcrumb"},"inLanguage":"cs","potentialAction":[{"@type":"ReadAction","target":["https:\/\/antersystem.com\/cs\/novinky\/technical-conference-szczecin\/"]}]},{"@type":"ImageObject","inLanguage":"cs","@id":"https:\/\/antersystem.com\/cs\/novinky\/technical-conference-szczecin\/#primaryimage","url":"https:\/\/antersystem.com\/wp-content\/uploads\/18-KWIETNIA-ANTER-SYSTEM-partnerem-konferencji-technicznych-Axon-Media-1-1024x535.jpg","contentUrl":"https:\/\/antersystem.com\/wp-content\/uploads\/18-KWIETNIA-ANTER-SYSTEM-partnerem-konferencji-technicznych-Axon-Media-1-1024x535.jpg"},{"@type":"BreadcrumbList","@id":"https:\/\/antersystem.com\/cs\/novinky\/technical-conference-szczecin\/#breadcrumb","itemListElement":[{"@type":"ListItem","position":1,"name":"AnterSystem","item":"https:\/\/antersystem.com\/cs\/"},{"@type":"ListItem","position":2,"name":"Zpr\u00e1vy","item":"https:\/\/antersystem.com\/cs\/novinky\/"},{"@type":"ListItem","position":3,"name":"Technick\u00e1 konference, \u0160t\u011bt\u00edn 18.04"}]},{"@type":"WebSite","@id":"https:\/\/antersystem.com\/cs\/#website","url":"https:\/\/antersystem.com\/cs\/","name":"Anter System","description":"Jeste\u015bmy polskim producentem elastycznych barier ochronnych wykonywanych z polimerowych tworzyw sztucznych. Na rynku krajowym i zagranicznym dzia\u0142amy od ponad 15 lat dbaj\u0105c o zapewnienie bezpiecze\u0144stwa w zak\u0142adach produkcyjnych, magazynach oraz centrach logistycznych.","potentialAction":[{"@type":"SearchAction","target":{"@type":"EntryPoint","urlTemplate":"https:\/\/antersystem.com\/cs\/?s={search_term_string}"},"query-input":{"@type":"PropertyValueSpecification","valueRequired":true,"valueName":"search_term_string"}}],"inLanguage":"cs"}]}},"_links":{"self":[{"href":"https:\/\/antersystem.com\/cs\/wp-json\/wp\/v2\/pages\/39667","targetHints":{"allow":["GET"]}}],"collection":[{"href":"https:\/\/antersystem.com\/cs\/wp-json\/wp\/v2\/pages"}],"about":[{"href":"https:\/\/antersystem.com\/cs\/wp-json\/wp\/v2\/types\/page"}],"author":[{"embeddable":true,"href":"https:\/\/antersystem.com\/cs\/wp-json\/wp\/v2\/users\/1"}],"replies":[{"embeddable":true,"href":"https:\/\/antersystem.com\/cs\/wp-json\/wp\/v2\/comments?post=39667"}],"version-history":[{"count":1,"href":"https:\/\/antersystem.com\/cs\/wp-json\/wp\/v2\/pages\/39667\/revisions"}],"predecessor-version":[{"id":39670,"href":"https:\/\/antersystem.com\/cs\/wp-json\/wp\/v2\/pages\/39667\/revisions\/39670"}],"up":[{"embeddable":true,"href":"https:\/\/antersystem.com\/cs\/wp-json\/wp\/v2\/pages\/30524"}],"wp:attachment":[{"href":"https:\/\/antersystem.com\/cs\/wp-json\/wp\/v2\/media?parent=39667"}],"curies":[{"name":"wp","href":"https:\/\/api.w.org\/{rel}","templated":true}]}}