{"id":39691,"date":"2024-02-28T09:18:11","date_gmt":"2024-02-28T08:18:11","guid":{"rendered":"https:\/\/antersystem.com\/novinky\/mid-magazine-visions-of-safety-wizje-bezpieczenstwa\/"},"modified":"2026-02-04T14:07:13","modified_gmt":"2026-02-04T13:07:13","slug":"mid-magazine-visions-of-safety-wizje-bezpieczenstwa","status":"publish","type":"page","link":"https:\/\/antersystem.com\/cs\/novinky\/mid-magazine-visions-of-safety-wizje-bezpieczenstwa\/","title":{"rendered":"\u010casopis MID &#8211; &#8222;Vize bezpe\u010dnosti&#8220; &#8211; &#8222;Wizje bezpe\u010dnosti&#8220;"},"content":{"rendered":"\n<div class=\"wp-block-columns is-layout-flex wp-container-core-columns-is-layout-9d6595d7 wp-block-columns-is-layout-flex\">\n<div class=\"wp-block-column is-layout-flow wp-block-column-is-layout-flow\" style=\"flex-basis:10%\"><\/div>\n\n\n\n<div class=\"wp-block-column is-layout-flow wp-block-column-is-layout-flow\">\n<h3 class=\"wp-block-heading\">MID 97 &#8211; prvn\u00ed vyd\u00e1n\u00ed roku 2024. \u010c\u00edm byste se m\u011bli \u0159\u00eddit, aby prostor spl\u0148oval bezpe\u010dnostn\u00ed po\u017eadavky? <\/h3>\n\n\n\n<p>V posledn\u00edm \u010d\u00edsle \u010dasopisu MID vy\u0161el redak\u010dn\u00ed \u010dl\u00e1nek, kter\u00fd lze pova\u017eovat za p\u0159\u00edru\u010dku bezpe\u010dnosti a ochrany zdrav\u00ed p\u0159i pr\u00e1ci pro projektanty skladov\u00fdch prostor. \u010cl\u00e1nek zohled\u0148uje bezpe\u010dnostn\u00ed opat\u0159en\u00ed t\u00fdkaj\u00edc\u00ed se prostorov\u00e9ho uspo\u0159\u00e1d\u00e1n\u00ed, osv\u011btlen\u00ed, vlhkosti, p\u0159edpis\u016f BOZP a provozu vozidel. V\u00fdznamn\u00e1 \u010d\u00e1st je v\u011bnov\u00e1na tak\u00e9 ochran\u011b prostor, kde se zvy\u0161uje riziko koliz\u00ed. Zde poskytuje podporu projektov\u00fd mana\u017eer ze spole\u010dnosti Anter System, kter\u00fd poukazuje &#8211; na p\u0159\u00edkladu flexibiln\u00edch bezpe\u010dnostn\u00edch z\u00e1bran &#8211; na typy nebezpe\u010d\u00ed, s nimi\u017e se lze setkat p\u0159i ka\u017edodenn\u00ed pr\u00e1ci. \u010cl\u00e1nek se zab\u00fdv\u00e1 i pokro\u010dilej\u0161\u00edmi ochrann\u00fdmi opat\u0159en\u00edmi, jako je automatizace proces\u016f a vyu\u017eit\u00ed dron\u016f pro \u0159\u00edzen\u00ed z\u00e1sob.    <\/p>\n<p>Redakce definuje bezpe\u010dnostn\u00ed opat\u0159en\u00ed podle jejich aktivn\u00ed nebo pasivn\u00ed povahy. Pru\u017en\u00e9 bezpe\u010dnostn\u00ed z\u00e1brany spadaj\u00ed do druh\u00e9 kategorie, co\u017e nijak nesni\u017euje prioritu jejich pou\u017eit\u00ed. S t\u00edmto \u010dl\u00e1nkem v ruce mohou \u010dten\u00e1\u0159i p\u0159ehodnotit sv\u00e9 znalosti o pl\u00e1nov\u00e1n\u00ed prostoru z hlediska jeho efektivn\u00edho vyu\u017eit\u00ed a operac\u00ed, kter\u00e9 v n\u011bm prob\u00edhaj\u00ed.  <\/p>\n<p>P\u0159ejeme v\u00e1m p\u0159\u00edjemn\u00e9 \u010dten\u00ed!<\/p>\n<\/div>\n\n\n\n<div class=\"wp-block-column is-layout-flow wp-block-column-is-layout-flow\" style=\"flex-basis:10%\"><\/div>\n<\/div>\n\n<div data-wp-interactive=\"core\/file\" class=\"wp-block-file\"><object data-wp-bind--hidden=\"!state.hasPdfPreview\" hidden class=\"wp-block-file__embed\" data=\"https:\/\/antersystem.com\/wp-content\/uploads\/MID_97_1_2024-Anter-System.pdf\" type=\"application\/pdf\" style=\"width:100%;height:600px\" aria-label=\"Vlo\u017eit z MID_97_1_2024-Anter-System.\"><\/object><a id=\"wp-block-file--media-c4a79965-4313-4b68-8827-3aa81c41db0a\" href=\"https:\/\/antersystem.com\/wp-content\/uploads\/MID_97_1_2024-Anter-System.pdf\">MID_97_1_2024-Anter-System<\/a><a href=\"https:\/\/antersystem.com\/wp-content\/uploads\/MID_97_1_2024-Anter-System.pdf\" class=\"wp-block-file__button wp-element-button\" download=\"\" aria-describedby=\"wp-block-file--media-c4a79965-4313-4b68-8827-3aa81c41db0a\">St\u00e1hnout<\/a><\/div>\n","protected":false},"excerpt":{"rendered":"<p>MID 97 &#8211; prvn\u00ed vyd\u00e1n\u00ed roku 2024. \u010c\u00edm byste se m\u011bli \u0159\u00eddit, aby prostor spl\u0148oval bezpe\u010dnostn\u00ed po\u017eadavky? V posledn\u00edm \u010d\u00edsle \u010dasopisu MID vy\u0161el redak\u010dn\u00ed \u010dl\u00e1nek, kter\u00fd lze pova\u017eovat za p\u0159\u00edru\u010dku bezpe\u010dnosti a ochrany zdrav\u00ed p\u0159i pr\u00e1ci pro projektanty skladov\u00fdch prostor. \u010cl\u00e1nek zohled\u0148uje bezpe\u010dnostn\u00ed opat\u0159en\u00ed t\u00fdkaj\u00edc\u00ed se prostorov\u00e9ho uspo\u0159\u00e1d\u00e1n\u00ed, osv\u011btlen\u00ed, vlhkosti, p\u0159edpis\u016f BOZP a provozu vozidel. [&hellip;]<\/p>\n","protected":false},"author":1,"featured_media":0,"parent":30524,"menu_order":0,"comment_status":"closed","ping_status":"closed","template":"","meta":{"inline_featured_image":false,"ngg_post_thumbnail":0,"footnotes":""},"class_list":["post-39691","page","type-page","status-publish","hentry"],"acf":[],"yoast_head":"<!-- This site is optimized with the Yoast SEO plugin v27.0 - https:\/\/yoast.com\/product\/yoast-seo-wordpress\/ -->\n<title>\u010casopis MID - &quot;Vize bezpe\u010dnosti&quot; - &quot;Wizje bezpe\u010dnosti&quot; - Anter System<\/title>\n<meta name=\"description\" content=\"MID 97 - prvn\u00ed vyd\u00e1n\u00ed roku 2024. \u010c\u00edm byste se m\u011bli \u0159\u00eddit, aby prostor spl\u0148oval bezpe\u010dnostn\u00ed po\u017eadavky? V posledn\u00edm \u010d\u00edsle \u010dasopisu MID vy\u0161el redak\u010dn\u00ed\" \/>\n<meta name=\"robots\" content=\"index, follow, max-snippet:-1, max-image-preview:large, max-video-preview:-1\" \/>\n<link rel=\"canonical\" href=\"https:\/\/antersystem.com\/cs\/novinky\/mid-magazine-visions-of-safety-wizje-bezpieczenstwa\/\" \/>\n<meta property=\"og:locale\" content=\"cs_CZ\" \/>\n<meta property=\"og:type\" content=\"article\" \/>\n<meta property=\"og:title\" content=\"\u010casopis MID - &quot;Vize bezpe\u010dnosti&quot; - &quot;Wizje bezpe\u010dnosti&quot; - Anter System\" \/>\n<meta property=\"og:description\" content=\"MID 97 - prvn\u00ed vyd\u00e1n\u00ed roku 2024. \u010c\u00edm byste se m\u011bli \u0159\u00eddit, aby prostor spl\u0148oval bezpe\u010dnostn\u00ed po\u017eadavky? V posledn\u00edm \u010d\u00edsle \u010dasopisu MID vy\u0161el redak\u010dn\u00ed\" \/>\n<meta property=\"og:url\" content=\"https:\/\/antersystem.com\/cs\/novinky\/mid-magazine-visions-of-safety-wizje-bezpieczenstwa\/\" \/>\n<meta property=\"og:site_name\" content=\"Anter System\" \/>\n<meta property=\"article:modified_time\" content=\"2026-02-04T13:07:13+00:00\" \/>\n<meta name=\"twitter:card\" content=\"summary_large_image\" \/>\n<meta name=\"twitter:label1\" content=\"Odhadovan\u00e1 doba \u010dten\u00ed\" \/>\n\t<meta name=\"twitter:data1\" content=\"1 minuta\" \/>\n<script type=\"application\/ld+json\" class=\"yoast-schema-graph\">{\"@context\":\"https:\/\/schema.org\",\"@graph\":[{\"@type\":\"WebPage\",\"@id\":\"https:\/\/antersystem.com\/cs\/novinky\/mid-magazine-visions-of-safety-wizje-bezpieczenstwa\/\",\"url\":\"https:\/\/antersystem.com\/cs\/novinky\/mid-magazine-visions-of-safety-wizje-bezpieczenstwa\/\",\"name\":\"\u010casopis MID - \\\"Vize bezpe\u010dnosti\\\" - \\\"Wizje bezpe\u010dnosti\\\" - Anter System\",\"isPartOf\":{\"@id\":\"https:\/\/antersystem.com\/cs\/#website\"},\"datePublished\":\"2024-02-28T08:18:11+00:00\",\"dateModified\":\"2026-02-04T13:07:13+00:00\",\"description\":\"MID 97 - prvn\u00ed vyd\u00e1n\u00ed roku 2024. \u010c\u00edm byste se m\u011bli \u0159\u00eddit, aby prostor spl\u0148oval bezpe\u010dnostn\u00ed po\u017eadavky? V posledn\u00edm \u010d\u00edsle \u010dasopisu MID vy\u0161el redak\u010dn\u00ed\",\"breadcrumb\":{\"@id\":\"https:\/\/antersystem.com\/cs\/novinky\/mid-magazine-visions-of-safety-wizje-bezpieczenstwa\/#breadcrumb\"},\"inLanguage\":\"cs\",\"potentialAction\":[{\"@type\":\"ReadAction\",\"target\":[\"https:\/\/antersystem.com\/cs\/novinky\/mid-magazine-visions-of-safety-wizje-bezpieczenstwa\/\"]}]},{\"@type\":\"BreadcrumbList\",\"@id\":\"https:\/\/antersystem.com\/cs\/novinky\/mid-magazine-visions-of-safety-wizje-bezpieczenstwa\/#breadcrumb\",\"itemListElement\":[{\"@type\":\"ListItem\",\"position\":1,\"name\":\"AnterSystem\",\"item\":\"https:\/\/antersystem.com\/cs\/\"},{\"@type\":\"ListItem\",\"position\":2,\"name\":\"Zpr\u00e1vy\",\"item\":\"https:\/\/antersystem.com\/cs\/novinky\/\"},{\"@type\":\"ListItem\",\"position\":3,\"name\":\"\u010casopis MID &#8211; &#8220;Vize bezpe\u010dnosti&#8221; &#8211; &#8220;Wizje bezpe\u010dnosti&#8221;\"}]},{\"@type\":\"WebSite\",\"@id\":\"https:\/\/antersystem.com\/cs\/#website\",\"url\":\"https:\/\/antersystem.com\/cs\/\",\"name\":\"Anter System\",\"description\":\"Jeste\u015bmy polskim producentem elastycznych barier ochronnych wykonywanych z polimerowych tworzyw sztucznych. Na rynku krajowym i zagranicznym dzia\u0142amy od ponad 15 lat dbaj\u0105c o zapewnienie bezpiecze\u0144stwa w zak\u0142adach produkcyjnych, magazynach oraz centrach logistycznych.\",\"potentialAction\":[{\"@type\":\"SearchAction\",\"target\":{\"@type\":\"EntryPoint\",\"urlTemplate\":\"https:\/\/antersystem.com\/cs\/?s={search_term_string}\"},\"query-input\":{\"@type\":\"PropertyValueSpecification\",\"valueRequired\":true,\"valueName\":\"search_term_string\"}}],\"inLanguage\":\"cs\"}]}<\/script>\n<!-- \/ Yoast SEO plugin. -->","yoast_head_json":{"title":"\u010casopis MID - \"Vize bezpe\u010dnosti\" - \"Wizje bezpe\u010dnosti\" - Anter System","description":"MID 97 - prvn\u00ed vyd\u00e1n\u00ed roku 2024. \u010c\u00edm byste se m\u011bli \u0159\u00eddit, aby prostor spl\u0148oval bezpe\u010dnostn\u00ed po\u017eadavky? V posledn\u00edm \u010d\u00edsle \u010dasopisu MID vy\u0161el redak\u010dn\u00ed","robots":{"index":"index","follow":"follow","max-snippet":"max-snippet:-1","max-image-preview":"max-image-preview:large","max-video-preview":"max-video-preview:-1"},"canonical":"https:\/\/antersystem.com\/cs\/novinky\/mid-magazine-visions-of-safety-wizje-bezpieczenstwa\/","og_locale":"cs_CZ","og_type":"article","og_title":"\u010casopis MID - \"Vize bezpe\u010dnosti\" - \"Wizje bezpe\u010dnosti\" - Anter System","og_description":"MID 97 - prvn\u00ed vyd\u00e1n\u00ed roku 2024. \u010c\u00edm byste se m\u011bli \u0159\u00eddit, aby prostor spl\u0148oval bezpe\u010dnostn\u00ed po\u017eadavky? V posledn\u00edm \u010d\u00edsle \u010dasopisu MID vy\u0161el redak\u010dn\u00ed","og_url":"https:\/\/antersystem.com\/cs\/novinky\/mid-magazine-visions-of-safety-wizje-bezpieczenstwa\/","og_site_name":"Anter System","article_modified_time":"2026-02-04T13:07:13+00:00","twitter_card":"summary_large_image","twitter_misc":{"Odhadovan\u00e1 doba \u010dten\u00ed":"1 minuta"},"schema":{"@context":"https:\/\/schema.org","@graph":[{"@type":"WebPage","@id":"https:\/\/antersystem.com\/cs\/novinky\/mid-magazine-visions-of-safety-wizje-bezpieczenstwa\/","url":"https:\/\/antersystem.com\/cs\/novinky\/mid-magazine-visions-of-safety-wizje-bezpieczenstwa\/","name":"\u010casopis MID - \"Vize bezpe\u010dnosti\" - \"Wizje bezpe\u010dnosti\" - Anter System","isPartOf":{"@id":"https:\/\/antersystem.com\/cs\/#website"},"datePublished":"2024-02-28T08:18:11+00:00","dateModified":"2026-02-04T13:07:13+00:00","description":"MID 97 - prvn\u00ed vyd\u00e1n\u00ed roku 2024. \u010c\u00edm byste se m\u011bli \u0159\u00eddit, aby prostor spl\u0148oval bezpe\u010dnostn\u00ed po\u017eadavky? V posledn\u00edm \u010d\u00edsle \u010dasopisu MID vy\u0161el redak\u010dn\u00ed","breadcrumb":{"@id":"https:\/\/antersystem.com\/cs\/novinky\/mid-magazine-visions-of-safety-wizje-bezpieczenstwa\/#breadcrumb"},"inLanguage":"cs","potentialAction":[{"@type":"ReadAction","target":["https:\/\/antersystem.com\/cs\/novinky\/mid-magazine-visions-of-safety-wizje-bezpieczenstwa\/"]}]},{"@type":"BreadcrumbList","@id":"https:\/\/antersystem.com\/cs\/novinky\/mid-magazine-visions-of-safety-wizje-bezpieczenstwa\/#breadcrumb","itemListElement":[{"@type":"ListItem","position":1,"name":"AnterSystem","item":"https:\/\/antersystem.com\/cs\/"},{"@type":"ListItem","position":2,"name":"Zpr\u00e1vy","item":"https:\/\/antersystem.com\/cs\/novinky\/"},{"@type":"ListItem","position":3,"name":"\u010casopis MID &#8211; &#8220;Vize bezpe\u010dnosti&#8221; &#8211; &#8220;Wizje bezpe\u010dnosti&#8221;"}]},{"@type":"WebSite","@id":"https:\/\/antersystem.com\/cs\/#website","url":"https:\/\/antersystem.com\/cs\/","name":"Anter System","description":"Jeste\u015bmy polskim producentem elastycznych barier ochronnych wykonywanych z polimerowych tworzyw sztucznych. Na rynku krajowym i zagranicznym dzia\u0142amy od ponad 15 lat dbaj\u0105c o zapewnienie bezpiecze\u0144stwa w zak\u0142adach produkcyjnych, magazynach oraz centrach logistycznych.","potentialAction":[{"@type":"SearchAction","target":{"@type":"EntryPoint","urlTemplate":"https:\/\/antersystem.com\/cs\/?s={search_term_string}"},"query-input":{"@type":"PropertyValueSpecification","valueRequired":true,"valueName":"search_term_string"}}],"inLanguage":"cs"}]}},"_links":{"self":[{"href":"https:\/\/antersystem.com\/cs\/wp-json\/wp\/v2\/pages\/39691","targetHints":{"allow":["GET"]}}],"collection":[{"href":"https:\/\/antersystem.com\/cs\/wp-json\/wp\/v2\/pages"}],"about":[{"href":"https:\/\/antersystem.com\/cs\/wp-json\/wp\/v2\/types\/page"}],"author":[{"embeddable":true,"href":"https:\/\/antersystem.com\/cs\/wp-json\/wp\/v2\/users\/1"}],"replies":[{"embeddable":true,"href":"https:\/\/antersystem.com\/cs\/wp-json\/wp\/v2\/comments?post=39691"}],"version-history":[{"count":1,"href":"https:\/\/antersystem.com\/cs\/wp-json\/wp\/v2\/pages\/39691\/revisions"}],"predecessor-version":[{"id":39692,"href":"https:\/\/antersystem.com\/cs\/wp-json\/wp\/v2\/pages\/39691\/revisions\/39692"}],"up":[{"embeddable":true,"href":"https:\/\/antersystem.com\/cs\/wp-json\/wp\/v2\/pages\/30524"}],"wp:attachment":[{"href":"https:\/\/antersystem.com\/cs\/wp-json\/wp\/v2\/media?parent=39691"}],"curies":[{"name":"wp","href":"https:\/\/api.w.org\/{rel}","templated":true}]}}