{"id":39711,"date":"2024-10-22T14:33:00","date_gmt":"2024-10-22T12:33:00","guid":{"rendered":"https:\/\/antersystem.com\/novinky\/anter-system-partner-of-the-industry-conference\/"},"modified":"2026-02-04T14:07:26","modified_gmt":"2026-02-04T13:07:26","slug":"anter-system-partner-of-the-industry-conference","status":"publish","type":"page","link":"https:\/\/antersystem.com\/cs\/novinky\/anter-system-partner-of-the-industry-conference\/","title":{"rendered":"Anter System partnerem oborov\u00e9 konference"},"content":{"rendered":"\n<div class=\"wp-block-columns is-layout-flex wp-container-core-columns-is-layout-9d6595d7 wp-block-columns-is-layout-flex\">\n<div class=\"wp-block-column is-layout-flow wp-block-column-is-layout-flow\" style=\"flex-basis:10%\"><\/div>\n\n\n\n<div class=\"wp-block-column is-layout-flow wp-block-column-is-layout-flow\">\n<h2 class=\"wp-block-heading\">P\u0159ipojte se k n\u00e1m na setk\u00e1n\u00ed v\u011bnovan\u00e9 transformaci logistiky!<\/h2>\n\n\n\n<p>Dne 7. listopadu 2024 <em>se<\/em> v Zabrze <em>uskute\u010dn\u00ed<\/em> konference &#8220; <em>Optimalizace intralogistick\u00fdch a skladov\u00fdch proces\u016f&#8220; &#8211;<\/em> jedna z kl\u00ed\u010dov\u00fdch ud\u00e1lost\u00ed leto\u0161n\u00edho roku pro logistick\u00fd pr\u016fmysl. Partnerem akce, kterou po\u0159\u00e1d\u00e1 spole\u010dnost Axon Media, bude op\u011bt spole\u010dnost Anter System Polska. <\/p>\n\n\n\n<p><strong>Pro\u010d byste se m\u011bli p\u0159ipojit?<\/strong><\/p>\n\n\n\n<p>Konference je ur\u010dena majitel\u016fm a \u0159editel\u016fm z\u00e1vod\u016f a logistick\u00fdch center, stejn\u011b jako mana\u017eer\u016fm zodpov\u011bdn\u00fdm za skladov\u00e9 procesy, dodavatelsk\u00e9 \u0159et\u011bzce a \u0159\u00edzen\u00ed v\u00fdroby. B\u011bhem tematick\u00fdch panel\u016f <strong>se odborn\u00edci pod\u011bl\u00ed o sv\u00e9 zku\u0161enosti se zlep\u0161ov\u00e1n\u00edm logistick\u00fdch a skladov\u00fdch proces\u016f v<\/strong> podnic\u00edch a <strong>budou<\/strong> diskutovat o v\u00fdzv\u00e1ch, kter\u00e9 p\u0159in\u00e1\u0161\u00ed p\u0159izp\u016fsoben\u00ed t\u011bchto proces\u016f specifick\u00e9mu charakteru jednotliv\u00fdch provoz\u016f. Prezentovan\u00e9 p\u0159\u00edklady budou zahrnovat jak rozs\u00e1hl\u00e9 implementace, tak men\u0161\u00ed \u00fapravy, kter\u00e9 p\u0159inesly m\u011b\u0159iteln\u00e9 v\u00fdsledky.  <\/p>\n\n\n\n<p>T\u00e9mata budou zahrnovat syst\u00e9my vnit\u0159n\u00ed dopravy, za\u0159\u00edzen\u00ed pro manipulaci s materi\u00e1lem, skladov\u00e9 roboty, automatizovan\u00e9 skladovac\u00ed syst\u00e9my a syst\u00e9my pro vychyst\u00e1v\u00e1n\u00ed objedn\u00e1vek, technologie RFID a bezdr\u00e1tov\u00e9 identifikace, software pro intralogistiku, n\u00e1vrh a poradenstv\u00ed v oblasti intralogistiky a tak\u00e9 stroje a za\u0159\u00edzen\u00ed pro ozna\u010dov\u00e1n\u00ed.<\/p>\n\n\n\n<p><strong>Promluvme si o bezpe\u010dnosti na pracovi\u0161ti<\/strong><\/p>\n\n\n\n<p>Akce se bude zab\u00fdvat tak\u00e9 <strong>bezpe\u010dnost\u00ed a ochranou zdrav\u00ed p\u0159i pr\u00e1ci (BOZP) ve skladech a v\u00fdrobn\u00edch hal\u00e1ch, co\u017e je oblast<\/strong>, na kterou je spole\u010dnost Anter System Polska odborn\u00edkem. Ji\u017e v\u00edce ne\u017e 15 let poskytujeme poradensk\u00e9 slu\u017eby t\u00fdkaj\u00edc\u00ed se ochrann\u00fdch syst\u00e9m\u016f pro zam\u011bstnance, stroje a infrastrukturu v pr\u016fmyslov\u00e9m a logistick\u00e9m prost\u0159ed\u00ed. B\u011bhem konference s v\u00e1mi r\u00e1di <strong>prodiskutujeme nejnov\u011bj\u0161\u00ed \u0159e\u0161en\u00ed, kter\u00e1<\/strong> zvy\u0161uj\u00ed bezpe\u010dnost pr\u00e1ce.  <\/p>\n\n\n\n<p>Dynamick\u00fd jednodenn\u00ed form\u00e1t konference zahrnuje nejen odborn\u00e9 p\u0159edn\u00e1\u0161ky, ale tak\u00e9 <strong>p\u0159\u00edle\u017eitosti k nav\u00e1z\u00e1n\u00ed cenn\u00fdch obchodn\u00edch vztah\u016f.<\/strong> \u00da\u010dast na akci je zdarma &#8211; srde\u010dn\u011b v\u00e1s zveme!<\/p>\n\n\n\n<p>\u00da\u010dast na konferenci je zdarma. Podrobn\u00e9 informace o registraci a program konference jsou k dispozici zde: <a href=\"https:\/\/www.axonmedia.pl\/konferencje\/aktualne\/intralogistyka-magazynowanie-2024-zabrze\/\" target=\"_blank\" rel=\"noreferrer noopener\"><em>&#8222;Optimalizace intralogistick\u00fdch a skladov\u00fdch proces\u016f&#8220;<\/em><\/a> <\/p>\n\n\n\n<p><\/p>\n\n\n\n<p><\/p>\n<\/div>\n\n\n\n<div class=\"wp-block-column is-layout-flow wp-block-column-is-layout-flow\" style=\"flex-basis:10%\"><\/div>\n<\/div>\n<div class=\"wp-block-image\">\n<figure class=\"aligncenter size-large is-resized\"><img loading=\"lazy\" decoding=\"async\" width=\"1024\" height=\"576\" src=\"https:\/\/antersystem.com\/wp-content\/uploads\/Konferencja_optymalizacja-procesow-logistycznych-2024-1024x576.jpg\" alt=\"\" class=\"wp-image-5562\" style=\"width:620px;height:auto\" srcset=\"https:\/\/antersystem.com\/wp-content\/uploads\/Konferencja_optymalizacja-procesow-logistycznych-2024-1024x576.jpg 1024w, https:\/\/antersystem.com\/wp-content\/uploads\/Konferencja_optymalizacja-procesow-logistycznych-2024-300x169.jpg 300w, https:\/\/antersystem.com\/wp-content\/uploads\/Konferencja_optymalizacja-procesow-logistycznych-2024-768x432.jpg 768w, https:\/\/antersystem.com\/wp-content\/uploads\/Konferencja_optymalizacja-procesow-logistycznych-2024-450x253.jpg 450w, https:\/\/antersystem.com\/wp-content\/uploads\/Konferencja_optymalizacja-procesow-logistycznych-2024-330x186.jpg 330w, https:\/\/antersystem.com\/wp-content\/uploads\/Konferencja_optymalizacja-procesow-logistycznych-2024.jpg 1115w\" sizes=\"auto, (max-width: 1024px) 100vw, 1024px\" \/><\/figure><\/div>","protected":false},"excerpt":{"rendered":"<p>P\u0159ipojte se k n\u00e1m na setk\u00e1n\u00ed v\u011bnovan\u00e9 transformaci logistiky! Dne 7. listopadu 2024 se v Zabrze uskute\u010dn\u00ed konference &#8220; Optimalizace intralogistick\u00fdch a skladov\u00fdch proces\u016f&#8220; &#8211; jedna z kl\u00ed\u010dov\u00fdch ud\u00e1lost\u00ed leto\u0161n\u00edho roku pro logistick\u00fd pr\u016fmysl. Partnerem akce, kterou po\u0159\u00e1d\u00e1 spole\u010dnost Axon Media, bude op\u011bt spole\u010dnost Anter System Polska. Pro\u010d byste se m\u011bli p\u0159ipojit? Konference je ur\u010dena [&hellip;]<\/p>\n","protected":false},"author":1,"featured_media":0,"parent":30524,"menu_order":0,"comment_status":"closed","ping_status":"closed","template":"","meta":{"inline_featured_image":false,"ngg_post_thumbnail":0,"footnotes":""},"class_list":["post-39711","page","type-page","status-publish","hentry"],"acf":[],"yoast_head":"<!-- This site is optimized with the Yoast SEO plugin v27.0 - https:\/\/yoast.com\/product\/yoast-seo-wordpress\/ -->\n<title>Anter System partnerem oborov\u00e9 konference - Anter System<\/title>\n<meta name=\"description\" content=\"P\u0159ipojte se k n\u00e1m na setk\u00e1n\u00ed v\u011bnovan\u00e9 transformaci logistiky! Dne 7. listopadu 2024 se v Zabrze uskute\u010dn\u00ed konference &quot; Optimalizace intralogistick\u00fdch a\" \/>\n<meta name=\"robots\" content=\"index, follow, max-snippet:-1, max-image-preview:large, max-video-preview:-1\" \/>\n<link rel=\"canonical\" href=\"https:\/\/antersystem.com\/cs\/novinky\/anter-system-partner-of-the-industry-conference\/\" \/>\n<meta property=\"og:locale\" content=\"cs_CZ\" \/>\n<meta property=\"og:type\" content=\"article\" \/>\n<meta property=\"og:title\" content=\"Anter System partnerem oborov\u00e9 konference - Anter System\" \/>\n<meta property=\"og:description\" content=\"P\u0159ipojte se k n\u00e1m na setk\u00e1n\u00ed v\u011bnovan\u00e9 transformaci logistiky! Dne 7. listopadu 2024 se v Zabrze uskute\u010dn\u00ed konference &quot; Optimalizace intralogistick\u00fdch a\" \/>\n<meta property=\"og:url\" content=\"https:\/\/antersystem.com\/cs\/novinky\/anter-system-partner-of-the-industry-conference\/\" \/>\n<meta property=\"og:site_name\" content=\"Anter System\" \/>\n<meta property=\"article:modified_time\" content=\"2026-02-04T13:07:26+00:00\" \/>\n<meta property=\"og:image\" content=\"https:\/\/antersystem.com\/wp-content\/uploads\/Konferencja_optymalizacja-procesow-logistycznych-2024-1024x576.jpg\" \/>\n<meta name=\"twitter:card\" content=\"summary_large_image\" \/>\n<meta name=\"twitter:label1\" content=\"Odhadovan\u00e1 doba \u010dten\u00ed\" \/>\n\t<meta name=\"twitter:data1\" content=\"2 minuty\" \/>\n<script type=\"application\/ld+json\" class=\"yoast-schema-graph\">{\"@context\":\"https:\/\/schema.org\",\"@graph\":[{\"@type\":\"WebPage\",\"@id\":\"https:\/\/antersystem.com\/cs\/novinky\/anter-system-partner-of-the-industry-conference\/\",\"url\":\"https:\/\/antersystem.com\/cs\/novinky\/anter-system-partner-of-the-industry-conference\/\",\"name\":\"Anter System partnerem oborov\u00e9 konference - Anter System\",\"isPartOf\":{\"@id\":\"https:\/\/antersystem.com\/cs\/#website\"},\"primaryImageOfPage\":{\"@id\":\"https:\/\/antersystem.com\/cs\/novinky\/anter-system-partner-of-the-industry-conference\/#primaryimage\"},\"image\":{\"@id\":\"https:\/\/antersystem.com\/cs\/novinky\/anter-system-partner-of-the-industry-conference\/#primaryimage\"},\"thumbnailUrl\":\"https:\/\/antersystem.com\/wp-content\/uploads\/Konferencja_optymalizacja-procesow-logistycznych-2024-1024x576.jpg\",\"datePublished\":\"2024-10-22T12:33:00+00:00\",\"dateModified\":\"2026-02-04T13:07:26+00:00\",\"description\":\"P\u0159ipojte se k n\u00e1m na setk\u00e1n\u00ed v\u011bnovan\u00e9 transformaci logistiky! Dne 7. listopadu 2024 se v Zabrze uskute\u010dn\u00ed konference \\\" Optimalizace intralogistick\u00fdch a\",\"breadcrumb\":{\"@id\":\"https:\/\/antersystem.com\/cs\/novinky\/anter-system-partner-of-the-industry-conference\/#breadcrumb\"},\"inLanguage\":\"cs\",\"potentialAction\":[{\"@type\":\"ReadAction\",\"target\":[\"https:\/\/antersystem.com\/cs\/novinky\/anter-system-partner-of-the-industry-conference\/\"]}]},{\"@type\":\"ImageObject\",\"inLanguage\":\"cs\",\"@id\":\"https:\/\/antersystem.com\/cs\/novinky\/anter-system-partner-of-the-industry-conference\/#primaryimage\",\"url\":\"https:\/\/antersystem.com\/wp-content\/uploads\/Konferencja_optymalizacja-procesow-logistycznych-2024-1024x576.jpg\",\"contentUrl\":\"https:\/\/antersystem.com\/wp-content\/uploads\/Konferencja_optymalizacja-procesow-logistycznych-2024-1024x576.jpg\"},{\"@type\":\"BreadcrumbList\",\"@id\":\"https:\/\/antersystem.com\/cs\/novinky\/anter-system-partner-of-the-industry-conference\/#breadcrumb\",\"itemListElement\":[{\"@type\":\"ListItem\",\"position\":1,\"name\":\"AnterSystem\",\"item\":\"https:\/\/antersystem.com\/cs\/\"},{\"@type\":\"ListItem\",\"position\":2,\"name\":\"Zpr\u00e1vy\",\"item\":\"https:\/\/antersystem.com\/cs\/novinky\/\"},{\"@type\":\"ListItem\",\"position\":3,\"name\":\"Anter System partnerem oborov\u00e9 konference\"}]},{\"@type\":\"WebSite\",\"@id\":\"https:\/\/antersystem.com\/cs\/#website\",\"url\":\"https:\/\/antersystem.com\/cs\/\",\"name\":\"Anter System\",\"description\":\"Jeste\u015bmy polskim producentem elastycznych barier ochronnych wykonywanych z polimerowych tworzyw sztucznych. Na rynku krajowym i zagranicznym dzia\u0142amy od ponad 15 lat dbaj\u0105c o zapewnienie bezpiecze\u0144stwa w zak\u0142adach produkcyjnych, magazynach oraz centrach logistycznych.\",\"potentialAction\":[{\"@type\":\"SearchAction\",\"target\":{\"@type\":\"EntryPoint\",\"urlTemplate\":\"https:\/\/antersystem.com\/cs\/?s={search_term_string}\"},\"query-input\":{\"@type\":\"PropertyValueSpecification\",\"valueRequired\":true,\"valueName\":\"search_term_string\"}}],\"inLanguage\":\"cs\"}]}<\/script>\n<!-- \/ Yoast SEO plugin. -->","yoast_head_json":{"title":"Anter System partnerem oborov\u00e9 konference - Anter System","description":"P\u0159ipojte se k n\u00e1m na setk\u00e1n\u00ed v\u011bnovan\u00e9 transformaci logistiky! Dne 7. listopadu 2024 se v Zabrze uskute\u010dn\u00ed konference \" Optimalizace intralogistick\u00fdch a","robots":{"index":"index","follow":"follow","max-snippet":"max-snippet:-1","max-image-preview":"max-image-preview:large","max-video-preview":"max-video-preview:-1"},"canonical":"https:\/\/antersystem.com\/cs\/novinky\/anter-system-partner-of-the-industry-conference\/","og_locale":"cs_CZ","og_type":"article","og_title":"Anter System partnerem oborov\u00e9 konference - Anter System","og_description":"P\u0159ipojte se k n\u00e1m na setk\u00e1n\u00ed v\u011bnovan\u00e9 transformaci logistiky! Dne 7. listopadu 2024 se v Zabrze uskute\u010dn\u00ed konference \" Optimalizace intralogistick\u00fdch a","og_url":"https:\/\/antersystem.com\/cs\/novinky\/anter-system-partner-of-the-industry-conference\/","og_site_name":"Anter System","article_modified_time":"2026-02-04T13:07:26+00:00","og_image":[{"url":"https:\/\/antersystem.com\/wp-content\/uploads\/Konferencja_optymalizacja-procesow-logistycznych-2024-1024x576.jpg","type":"","width":"","height":""}],"twitter_card":"summary_large_image","twitter_misc":{"Odhadovan\u00e1 doba \u010dten\u00ed":"2 minuty"},"schema":{"@context":"https:\/\/schema.org","@graph":[{"@type":"WebPage","@id":"https:\/\/antersystem.com\/cs\/novinky\/anter-system-partner-of-the-industry-conference\/","url":"https:\/\/antersystem.com\/cs\/novinky\/anter-system-partner-of-the-industry-conference\/","name":"Anter System partnerem oborov\u00e9 konference - Anter System","isPartOf":{"@id":"https:\/\/antersystem.com\/cs\/#website"},"primaryImageOfPage":{"@id":"https:\/\/antersystem.com\/cs\/novinky\/anter-system-partner-of-the-industry-conference\/#primaryimage"},"image":{"@id":"https:\/\/antersystem.com\/cs\/novinky\/anter-system-partner-of-the-industry-conference\/#primaryimage"},"thumbnailUrl":"https:\/\/antersystem.com\/wp-content\/uploads\/Konferencja_optymalizacja-procesow-logistycznych-2024-1024x576.jpg","datePublished":"2024-10-22T12:33:00+00:00","dateModified":"2026-02-04T13:07:26+00:00","description":"P\u0159ipojte se k n\u00e1m na setk\u00e1n\u00ed v\u011bnovan\u00e9 transformaci logistiky! Dne 7. listopadu 2024 se v Zabrze uskute\u010dn\u00ed konference \" Optimalizace intralogistick\u00fdch a","breadcrumb":{"@id":"https:\/\/antersystem.com\/cs\/novinky\/anter-system-partner-of-the-industry-conference\/#breadcrumb"},"inLanguage":"cs","potentialAction":[{"@type":"ReadAction","target":["https:\/\/antersystem.com\/cs\/novinky\/anter-system-partner-of-the-industry-conference\/"]}]},{"@type":"ImageObject","inLanguage":"cs","@id":"https:\/\/antersystem.com\/cs\/novinky\/anter-system-partner-of-the-industry-conference\/#primaryimage","url":"https:\/\/antersystem.com\/wp-content\/uploads\/Konferencja_optymalizacja-procesow-logistycznych-2024-1024x576.jpg","contentUrl":"https:\/\/antersystem.com\/wp-content\/uploads\/Konferencja_optymalizacja-procesow-logistycznych-2024-1024x576.jpg"},{"@type":"BreadcrumbList","@id":"https:\/\/antersystem.com\/cs\/novinky\/anter-system-partner-of-the-industry-conference\/#breadcrumb","itemListElement":[{"@type":"ListItem","position":1,"name":"AnterSystem","item":"https:\/\/antersystem.com\/cs\/"},{"@type":"ListItem","position":2,"name":"Zpr\u00e1vy","item":"https:\/\/antersystem.com\/cs\/novinky\/"},{"@type":"ListItem","position":3,"name":"Anter System partnerem oborov\u00e9 konference"}]},{"@type":"WebSite","@id":"https:\/\/antersystem.com\/cs\/#website","url":"https:\/\/antersystem.com\/cs\/","name":"Anter System","description":"Jeste\u015bmy polskim producentem elastycznych barier ochronnych wykonywanych z polimerowych tworzyw sztucznych. Na rynku krajowym i zagranicznym dzia\u0142amy od ponad 15 lat dbaj\u0105c o zapewnienie bezpiecze\u0144stwa w zak\u0142adach produkcyjnych, magazynach oraz centrach logistycznych.","potentialAction":[{"@type":"SearchAction","target":{"@type":"EntryPoint","urlTemplate":"https:\/\/antersystem.com\/cs\/?s={search_term_string}"},"query-input":{"@type":"PropertyValueSpecification","valueRequired":true,"valueName":"search_term_string"}}],"inLanguage":"cs"}]}},"_links":{"self":[{"href":"https:\/\/antersystem.com\/cs\/wp-json\/wp\/v2\/pages\/39711","targetHints":{"allow":["GET"]}}],"collection":[{"href":"https:\/\/antersystem.com\/cs\/wp-json\/wp\/v2\/pages"}],"about":[{"href":"https:\/\/antersystem.com\/cs\/wp-json\/wp\/v2\/types\/page"}],"author":[{"embeddable":true,"href":"https:\/\/antersystem.com\/cs\/wp-json\/wp\/v2\/users\/1"}],"replies":[{"embeddable":true,"href":"https:\/\/antersystem.com\/cs\/wp-json\/wp\/v2\/comments?post=39711"}],"version-history":[{"count":1,"href":"https:\/\/antersystem.com\/cs\/wp-json\/wp\/v2\/pages\/39711\/revisions"}],"predecessor-version":[{"id":39712,"href":"https:\/\/antersystem.com\/cs\/wp-json\/wp\/v2\/pages\/39711\/revisions\/39712"}],"up":[{"embeddable":true,"href":"https:\/\/antersystem.com\/cs\/wp-json\/wp\/v2\/pages\/30524"}],"wp:attachment":[{"href":"https:\/\/antersystem.com\/cs\/wp-json\/wp\/v2\/media?parent=39711"}],"curies":[{"name":"wp","href":"https:\/\/api.w.org\/{rel}","templated":true}]}}