{"id":40153,"date":"2022-05-31T14:30:17","date_gmt":"2022-05-31T12:30:17","guid":{"rendered":"https:\/\/antersystem.com\/cookie-policy\/"},"modified":"2026-02-19T10:31:08","modified_gmt":"2026-02-19T09:31:08","slug":"cookie-policy","status":"publish","type":"page","link":"https:\/\/antersystem.com\/cs\/cookie-policy\/","title":{"rendered":"Z\u00e1sady pou\u017e\u00edv\u00e1n\u00ed soubor\u016f cookie"},"content":{"rendered":"\n<p class=\"has-text-align-left\"><strong>Soubory cookie jsou mal\u00e9 datov\u00e9 soubory, kter\u00e9 se odes\u00edlaj\u00ed do va\u0161eho za\u0159\u00edzen\u00ed, kdy\u017e nav\u0161t\u00edv\u00edte na\u0161e webov\u00e9 str\u00e1nky, a kter\u00e9 ukl\u00e1daj\u00ed informace o tom, jak je pou\u017e\u00edv\u00e1te, a n\u011bkdy o v\u00e1s sleduj\u00ed informace.<\/strong>  Soubory cookie n\u00e1m umo\u017e\u0148uj\u00ed rozpoznat va\u0161e za\u0159\u00edzen\u00ed a shroma\u017e\u010fovat \u00fadaje, jako je n\u00e1zev dom\u00e9ny va\u0161eho poskytovatele internetov\u00fdch slu\u017eeb, typ prohl\u00ed\u017ee\u010de, typ opera\u010dn\u00edho syst\u00e9mu, IP adresa, webov\u00e1 str\u00e1nka, ze kter\u00e9 jste na n\u00e1s byli odk\u00e1z\u00e1ni, a tak\u00e9 provozn\u00ed \u00fadaje nebo informace o poloze za\u0159\u00edzen\u00ed. Informace shrom\u00e1\u017ed\u011bn\u00e9 pomoc\u00ed soubor\u016f cookie nejsou v\u017edy osobn\u00edmi \u00fadaji ve smyslu na\u0159\u00edzen\u00ed Evropsk\u00e9ho parlamentu a Rady (EU) 2016\/679 ze dne 27. dubna 2016 o ochran\u011b fyzick\u00fdch osob v souvislosti se zpracov\u00e1n\u00edm osobn\u00edch \u00fadaj\u016f a o voln\u00e9m pohybu t\u011bchto \u00fadaj\u016f a o zru\u0161en\u00ed sm\u011brnice 95\/46\/ES, d\u00e1le tak\u00e9 jen &#8222;obecn\u00e9 na\u0159\u00edzen\u00ed o ochran\u011b osobn\u00edch \u00fadaj\u016f&#8220; (GDPR). Pokud jste v\u0161ak ji\u017e d\u0159\u00edve poskytli sv\u00e9 osobn\u00ed \u00fadaje, mohou b\u00fdt soubory cookie p\u0159\u00edmo spojeny s v\u00e1mi, nap\u0159\u00edklad propojen\u00edm identifika\u010dn\u00edch \u010d\u00edsel v souborech cookie s jin\u00fdmi informacemi.    <\/p>\n\n<p>Pr\u00e1vn\u00edm z\u00e1kladem pro zpracov\u00e1n\u00ed va\u0161ich osobn\u00edch \u00fadaj\u016f shrom\u00e1\u017ed\u011bn\u00fdch prost\u0159ednictv\u00edm soubor\u016f cookie a podobn\u00fdch technologi\u00ed je zpravidla v\u00e1\u0161 <strong>souhlas (\u010dl.6<\/strong> odst.1 p\u00edsm. a) GDPR), s v\u00fdjimkou p\u0159\u00edpad\u016f, kdy je jejich pou\u017eit\u00ed nezbytn\u00e9 pro \u0159\u00e1dn\u00e9 fungov\u00e1n\u00ed webov\u00fdch str\u00e1nek (poskytov\u00e1n\u00ed elektronick\u00fdch slu\u017eeb), kdy se op\u00edr\u00e1me o \u00a7 173 odst.3 bod 2 z\u00e1kona ze dne 16. \u010dervence 2004 &#8211; telekomunika\u010dn\u00ed z\u00e1kon, a tedy o n\u00e1\u0161 opr\u00e1vn\u011bn\u00fd z\u00e1jem (\u010dl.6 odst.1 p\u00edsm. f) GDPR).<\/p>\n\n<p><strong>V\u00fd\u0161e uveden\u00e9 osobn\u00ed \u00fadaje zpracov\u00e1v\u00e1me za \u00fa\u010delem zkvalitn\u011bn\u00ed slu\u017eeb, provozu a produkt\u016f spole\u010dnosti Anter System Polska Sp\u00f3\u0142ka z ograniczon\u0105 odpowiedzialno\u015bci\u0105 se s\u00eddlem <\/strong>ve Vratislavi,<a> adresa: ul. Strzegomska 199, 54-431 Vratislav, Polsko, jako\u017e i<\/a><strong> za \u00fa\u010delem p\u0159izp\u016fsoben\u00ed obsahu dostupn\u00e9ho prost\u0159ednictv\u00edm Webov\u00fdch str\u00e1nek va\u0161im z\u00e1jm\u016fm (v\u010detn\u011b v r\u00e1mci<\/strong> automatizovan\u00e9ho zpracov\u00e1n\u00ed Osobn\u00edch \u00fadaj\u016f za \u00fa\u010delem prezentace obecn\u00fdch reklam, nab\u00eddek nebo propaga\u010dn\u00edch akc\u00ed t\u00fdkaj\u00edc\u00edch se Slu\u017eeb zp\u016fsobem p\u0159izp\u016fsoben\u00fdm z\u00e1jm\u016fm U\u017eivatele, av\u0161ak bez v\u00fdznamn\u00e9ho ovlivn\u011bn\u00ed jeho rozhodnut\u00ed &#8211; profilov\u00e1n\u00ed). M\u016f\u017eeme \u010d\u00edst Va\u0161e preference, nap\u0159\u00edklad anal\u00fdzou toho, jak \u010dasto nav\u0161t\u011bvujete Webov\u00e9 str\u00e1nky, jak\u00e9 slu\u017eby vyu\u017e\u00edv\u00e1te, jak\u00e1 roz\u0161\u00ed\u0159en\u00ed apod. To n\u00e1m umo\u017e\u0148uje l\u00e9pe porozum\u011bt va\u0161im o\u010dek\u00e1v\u00e1n\u00edm a p\u0159izp\u016fsobit se va\u0161im pot\u0159eb\u00e1m. Pomoc\u00ed pokro\u010dil\u00fdch technologi\u00ed budou v\u00fd\u0161e uveden\u00e9 \u010dinnosti \u010dasto prov\u00e1d\u011bny syst\u00e9mem automatizovan\u011b, aby byl obsah, kter\u00fd se v\u00e1m zobrazuje, co nejaktu\u00e1ln\u011bj\u0161\u00ed (za t\u00edmto \u00fa\u010delem zpracov\u00e1v\u00e1me va\u0161e osobn\u00ed \u00fadaje tak\u00e9 na z\u00e1klad\u011b na\u0161eho opr\u00e1vn\u011bn\u00e9ho <strong>z\u00e1jmu &#8211; propaga\u010dn\u00ed\/analytick\u00e9\/v\u00fdkonnostn\u00ed \u00fa\u010dely &#8211; \u010dl.<\/strong> 6 odst. 1 p\u00edsm. f) GDPR).   <\/p>\n\n<p>Pokud je pr\u00e1vn\u00edm z\u00e1kladem pro zpracov\u00e1n\u00ed osobn\u00edch \u00fadaj\u016f v\u00e1\u0161 souhlas, p\u0159ipom\u00edn\u00e1me, \u017ee <strong>jej m\u016f\u017eete kdykoli odvolat, ani\u017e by<\/strong> t\u00edm byla dot\u010dena z\u00e1konnost zpracov\u00e1n\u00ed na z\u00e1klad\u011b souhlasu p\u0159ed jeho odvol\u00e1n\u00edm. Pokud jsou v\u0161ak va\u0161e Osobn\u00ed \u00fadaje zpracov\u00e1v\u00e1ny na z\u00e1klad\u011b na\u0161eho opr\u00e1vn\u011bn\u00e9ho z\u00e1jmu, m\u00e1te <strong>pr\u00e1vo vzn\u00e9st proti takov\u00e9mu zpracov\u00e1n\u00ed n\u00e1mitku.<\/strong> Popis va\u0161ich pr\u00e1v naleznete v \u010d\u00e1sti VI Z\u00e1sad ochrany osobn\u00edch \u00fadaj\u016f, na kterou je n\u00ed\u017ee uveden odkaz: <a href=\"https:\/\/antersystem.com\/cs\/privacy-policy\/\"><u>https:\/\/antersystem.com\/privacy-policy\/.<\/u><\/a>  <\/p>\n\n<p>Webov\u00e9 prohl\u00ed\u017ee\u010de nebo jin\u00fd software nainstalovan\u00fd ve va\u0161em za\u0159\u00edzen\u00ed obvykle ve v\u00fdchoz\u00edm nastaven\u00ed umo\u017e\u0148uj\u00ed pou\u017e\u00edv\u00e1n\u00ed soubor\u016f cookie, a t\u00edm i shroma\u017e\u010fov\u00e1n\u00ed v\u00fd\u0161e uveden\u00fdch informac\u00ed. Zp\u016fsob pou\u017e\u00edv\u00e1n\u00ed soubor\u016f cookie m\u016f\u017eete zm\u011bnit, v\u010detn\u011b jejich \u00fapln\u00e9ho zablokov\u00e1n\u00ed nebo vymaz\u00e1n\u00ed, prost\u0159ednictv\u00edm webov\u00e9ho prohl\u00ed\u017ee\u010de &#8211; v\u00edce informac\u00ed o tom naleznete v u\u017eivatelsk\u00e9 p\u0159\u00edru\u010dce. Upozor\u0148ujeme, \u017ee zak\u00e1z\u00e1n\u00ed nebo zablokov\u00e1n\u00ed n\u011bkter\u00fdch soubor\u016f cookie m\u016f\u017ee znemo\u017enit nebo v\u00fdrazn\u011b zt\u00ed\u017eit \u0159\u00e1dn\u00e9 fungov\u00e1n\u00ed na\u0161ich webov\u00fdch str\u00e1nek, nap\u0159\u00edklad jejich zpomalen\u00edm. Dal\u0161\u00ed informace o nastaven\u00ed soubor\u016f cookie naleznete v informac\u00edch o prohl\u00ed\u017ee\u010di nebo na na\u0161ich Webov\u00fdch str\u00e1nk\u00e1ch. M\u016f\u017eete tak\u00e9 nav\u0161t\u00edvit <a href=\"https:\/\/www.allaboutcookies.org\/\" target=\"_blank\" rel=\"noreferrer noopener\"><u>https:\/\/www.allaboutcookies.org<\/u><\/a> kde najdete praktick\u00e9 rady.    <\/p>\n\n<p>Vzhledem k dom\u00e9n\u011b, ze kter\u00e9 poch\u00e1zej\u00ed, d\u011bl\u00edme soubory cookie na:<\/p>\n\n<ol style=\"list-style-type:upper-alpha\" class=\"wp-block-list\">\n<li><strong>soubory cookie prvn\u00ed strany &#8211;<\/strong> nastaven\u00e9 webov\u00fdmi servery na\u0161ich webov\u00fdch str\u00e1nek;<\/li>\n\n\n\n<li><strong>soubory cookie t\u0159et\u00edch stran &#8211;<\/strong> nastaven\u00e9 jin\u00fdmi webov\u00fdmi servery, ne\u017e jsou servery na\u0161ich webov\u00fdch str\u00e1nek.<\/li>\n<\/ol>\n\n<p>Vzhledem k d\u00e9lce jejich \u017eivotnosti d\u011bl\u00edme soubory cookie na:<\/p>\n\n<ol style=\"list-style-type:upper-alpha\" class=\"wp-block-list\">\n<li><strong>relace &#8211;<\/strong> soubor cookie relace obsahuje informace ulo\u017een\u00e9 na do\u010dasn\u00e9m m\u00edst\u011b v pam\u011bti a po ukon\u010den\u00ed relace nebo po zav\u0159en\u00ed webov\u00e9ho prohl\u00ed\u017ee\u010de se vyma\u017ee;<\/li>\n\n\n\n<li><strong>trval\u00e9 &#8211;<\/strong> naz\u00fdvan\u00e9 tak\u00e9 trval\u00e9 soubory cookie nebo ulo\u017een\u00e9 soubory cookie; soubor cookie, kter\u00fd je ulo\u017een na pevn\u00e9m disku U\u017eivatele, dokud nevypr\u0161\u00ed jeho platnost (trval\u00e9 soubory cookie jsou nastaveny s datem vypr\u0161en\u00ed platnosti) nebo dokud nen\u00ed soubor cookie vymaz\u00e1n; trval\u00e9 soubory cookie se pou\u017e\u00edvaj\u00ed ke shroma\u017e\u010fov\u00e1n\u00ed informac\u00ed identifikuj\u00edc\u00edch U\u017eivatele, jako je chov\u00e1n\u00ed p\u0159i prohl\u00ed\u017een\u00ed Webov\u00fdch str\u00e1nek nebo preference U\u017eivatele na Webov\u00fdch str\u00e1nk\u00e1ch.<\/li>\n<\/ol>\n\n<p>M\u016f\u017eeme pou\u017e\u00edvat n\u00e1sleduj\u00edc\u00ed typy soubor\u016f cookie:<\/p>\n\n<ol style=\"list-style-type:upper-alpha\" class=\"wp-block-list\">\n<li><strong>nezbytn\u00e9 soubory cookie p\u0159isp\u00edvaj\u00ed<\/strong> k pou\u017eitelnosti webov\u00fdch str\u00e1nek t\u00edm, \u017ee umo\u017e\u0148uj\u00ed z\u00e1kladn\u00ed funkce, jako je navigace na webov\u00fdch str\u00e1nk\u00e1ch a p\u0159\u00edstup do zabezpe\u010den\u00fdch oblast\u00ed webov\u00fdch str\u00e1nek. Bez t\u011bchto soubor\u016f cookie nem\u016f\u017ee Webov\u00e1 str\u00e1nka spr\u00e1vn\u011b fungovat; <\/li>\n\n\n\n<li><strong>preferen\u010dn\u00ed soubory cookie umo\u017e\u0148uj\u00ed<\/strong> webov\u00e9 str\u00e1nce zapamatovat si informace, kter\u00e9 m\u011bn\u00ed vzhled nebo fungov\u00e1n\u00ed webov\u00e9 str\u00e1nky, nap\u0159. preferovan\u00fd jazyk nebo region, ve kter\u00e9m se u\u017eivatel nach\u00e1z\u00ed;<\/li>\n\n\n\n<li><strong>statistick\u00e9 soubory cookie pom\u00e1haj\u00ed<\/strong> pochopit, jak se r\u016fzn\u00ed u\u017eivatel\u00e9 chovaj\u00ed na webov\u00fdch str\u00e1nk\u00e1ch, a to shroma\u017e\u010fov\u00e1n\u00edm a vykazov\u00e1n\u00edm anonymn\u00edch informac\u00ed;<\/li>\n\n\n\n<li><strong>marketingov\u00e9 soubory cookie se<\/strong> pou\u017e\u00edvaj\u00ed ke sledov\u00e1n\u00ed u\u017eivatel\u016f na webov\u00fdch str\u00e1nk\u00e1ch a jin\u00fdch webov\u00fdch str\u00e1nk\u00e1ch. \u00da\u010delem je zobrazovat reklamy, kter\u00e9 jsou pro u\u017eivatele relevantn\u00ed a zaj\u00edmav\u00e9, a t\u00edm hodnotn\u011bj\u0161\u00ed pro vydavatele a inzerenty t\u0159et\u00edch stran; <\/li>\n\n\n\n<li><strong>neklasifikovan\u00e9 soubory cookie,<\/strong> jedn\u00e1 se o soubory cookie, kter\u00e9 jsou v procesu klasifikace, spolu s poskytovateli jednotliv\u00fdch soubor\u016f cookie.<\/li>\n<\/ol>\n\n<p><strong>V souladu s po\u017eadavky GDPR m\u016f\u017eete spravovat sv\u00e9 souhlasy t\u00fdkaj\u00edc\u00ed se r\u016fzn\u00fdch typ\u016f soubor\u016f cookie.<\/strong>  K tomuto \u00fa\u010delu poskytujeme n\u00e1stroj Cookiebot, jeho\u017e rozhran\u00ed v\u00e1m umo\u017e\u0148uje rozhodnout, kter\u00e9 soubory cookie p\u0159ij\u00edm\u00e1te, a toto nastaven\u00ed m\u016f\u017eete kdykoli zm\u011bnit podle sv\u00fdch preferenc\u00ed.<\/p>\n\n<p>Klikn\u011bte na <a href=\"#\" class=\"cky-banner-element\"><u>zde<\/u><\/a> Chcete-li spravovat sv\u00e9 p\u0159edvolby soubor\u016f cookie v souladu s na\u0159\u00edzen\u00edm GDPR nebo si je jednodu\u0161e prohl\u00e9dnout.<\/p>\n\n<p>Takto shrom\u00e1\u017ed\u011bn\u00e9 informace z\u00e1vis\u00ed na \u00fa\u010delu a pr\u00e1vn\u00edm z\u00e1kladu zpracov\u00e1n\u00ed soubor\u016f cookie; mohou b\u00fdt uchov\u00e1v\u00e1ny a zpracov\u00e1v\u00e1ny po dobu uvedenou v \u010d\u00e1sti IV Z\u00e1sad ochrany osobn\u00edch \u00fadaj\u016f, jejich\u017e \u00fapln\u00e9 zn\u011bn\u00ed je k dispozici na n\u00e1sleduj\u00edc\u00edm odkazu: <a href=\"https:\/\/antersystem.com\/cs\/privacy-policy\/\"><u>https:\/\/antersystem.com\/privacy-policy\/<\/u><\/a><\/p>\n\n<p><a id=\"_msocom_1\"><\/a><\/p>\n","protected":false},"excerpt":{"rendered":"<p>Soubory cookie jsou mal\u00e9 datov\u00e9 soubory, kter\u00e9 se odes\u00edlaj\u00ed do va\u0161eho za\u0159\u00edzen\u00ed, kdy\u017e nav\u0161t\u00edv\u00edte na\u0161e webov\u00e9 str\u00e1nky, a kter\u00e9 ukl\u00e1daj\u00ed informace o tom, jak je pou\u017e\u00edv\u00e1te, a n\u011bkdy o v\u00e1s sleduj\u00ed informace. Soubory cookie n\u00e1m umo\u017e\u0148uj\u00ed rozpoznat va\u0161e za\u0159\u00edzen\u00ed a shroma\u017e\u010fovat \u00fadaje, jako je n\u00e1zev dom\u00e9ny va\u0161eho poskytovatele internetov\u00fdch slu\u017eeb, typ prohl\u00ed\u017ee\u010de, typ opera\u010dn\u00edho syst\u00e9mu, [&hellip;]<\/p>\n","protected":false},"author":1,"featured_media":0,"parent":0,"menu_order":0,"comment_status":"closed","ping_status":"closed","template":"","meta":{"inline_featured_image":false,"ngg_post_thumbnail":0,"footnotes":""},"class_list":["post-40153","page","type-page","status-publish","hentry"],"acf":[],"yoast_head":"<!-- This site is optimized with the Yoast SEO plugin v27.0 - https:\/\/yoast.com\/product\/yoast-seo-wordpress\/ -->\n<title>Z\u00e1sady pou\u017e\u00edv\u00e1n\u00ed soubor\u016f cookie - Anter System<\/title>\n<meta name=\"description\" content=\"Soubory cookie jsou mal\u00e9 datov\u00e9 soubory, kter\u00e9 se odes\u00edlaj\u00ed do va\u0161eho za\u0159\u00edzen\u00ed, kdy\u017e nav\u0161t\u00edv\u00edte na\u0161e webov\u00e9 str\u00e1nky, a kter\u00e9 ukl\u00e1daj\u00ed informace o tom, jak\" \/>\n<meta name=\"robots\" content=\"index, follow, max-snippet:-1, max-image-preview:large, max-video-preview:-1\" \/>\n<link rel=\"canonical\" href=\"https:\/\/antersystem.com\/cs\/cookie-policy\/\" \/>\n<meta property=\"og:locale\" content=\"cs_CZ\" \/>\n<meta property=\"og:type\" content=\"article\" \/>\n<meta property=\"og:title\" content=\"Z\u00e1sady pou\u017e\u00edv\u00e1n\u00ed soubor\u016f cookie - Anter System\" \/>\n<meta property=\"og:description\" content=\"Soubory cookie jsou mal\u00e9 datov\u00e9 soubory, kter\u00e9 se odes\u00edlaj\u00ed do va\u0161eho za\u0159\u00edzen\u00ed, kdy\u017e nav\u0161t\u00edv\u00edte na\u0161e webov\u00e9 str\u00e1nky, a kter\u00e9 ukl\u00e1daj\u00ed informace o tom, jak\" \/>\n<meta property=\"og:url\" content=\"https:\/\/antersystem.com\/cs\/cookie-policy\/\" \/>\n<meta property=\"og:site_name\" content=\"Anter System\" \/>\n<meta property=\"article:modified_time\" content=\"2026-02-19T09:31:08+00:00\" \/>\n<meta name=\"twitter:card\" content=\"summary_large_image\" \/>\n<meta name=\"twitter:label1\" content=\"Odhadovan\u00e1 doba \u010dten\u00ed\" \/>\n\t<meta name=\"twitter:data1\" content=\"7 minut\" \/>\n<script type=\"application\/ld+json\" class=\"yoast-schema-graph\">{\"@context\":\"https:\/\/schema.org\",\"@graph\":[{\"@type\":\"WebPage\",\"@id\":\"https:\/\/antersystem.com\/cs\/cookie-policy\/\",\"url\":\"https:\/\/antersystem.com\/cs\/cookie-policy\/\",\"name\":\"Z\u00e1sady pou\u017e\u00edv\u00e1n\u00ed soubor\u016f cookie - Anter System\",\"isPartOf\":{\"@id\":\"https:\/\/antersystem.com\/cs\/#website\"},\"datePublished\":\"2022-05-31T12:30:17+00:00\",\"dateModified\":\"2026-02-19T09:31:08+00:00\",\"description\":\"Soubory cookie jsou mal\u00e9 datov\u00e9 soubory, kter\u00e9 se odes\u00edlaj\u00ed do va\u0161eho za\u0159\u00edzen\u00ed, kdy\u017e nav\u0161t\u00edv\u00edte na\u0161e webov\u00e9 str\u00e1nky, a kter\u00e9 ukl\u00e1daj\u00ed informace o tom, jak\",\"breadcrumb\":{\"@id\":\"https:\/\/antersystem.com\/cs\/cookie-policy\/#breadcrumb\"},\"inLanguage\":\"cs\",\"potentialAction\":[{\"@type\":\"ReadAction\",\"target\":[\"https:\/\/antersystem.com\/cs\/cookie-policy\/\"]}]},{\"@type\":\"BreadcrumbList\",\"@id\":\"https:\/\/antersystem.com\/cs\/cookie-policy\/#breadcrumb\",\"itemListElement\":[{\"@type\":\"ListItem\",\"position\":1,\"name\":\"AnterSystem\",\"item\":\"https:\/\/antersystem.com\/cs\/\"},{\"@type\":\"ListItem\",\"position\":2,\"name\":\"Z\u00e1sady pou\u017e\u00edv\u00e1n\u00ed soubor\u016f cookie\"}]},{\"@type\":\"WebSite\",\"@id\":\"https:\/\/antersystem.com\/cs\/#website\",\"url\":\"https:\/\/antersystem.com\/cs\/\",\"name\":\"Anter System\",\"description\":\"Jeste\u015bmy polskim producentem elastycznych barier ochronnych wykonywanych z polimerowych tworzyw sztucznych. Na rynku krajowym i zagranicznym dzia\u0142amy od ponad 15 lat dbaj\u0105c o zapewnienie bezpiecze\u0144stwa w zak\u0142adach produkcyjnych, magazynach oraz centrach logistycznych.\",\"potentialAction\":[{\"@type\":\"SearchAction\",\"target\":{\"@type\":\"EntryPoint\",\"urlTemplate\":\"https:\/\/antersystem.com\/cs\/?s={search_term_string}\"},\"query-input\":{\"@type\":\"PropertyValueSpecification\",\"valueRequired\":true,\"valueName\":\"search_term_string\"}}],\"inLanguage\":\"cs\"}]}<\/script>\n<!-- \/ Yoast SEO plugin. -->","yoast_head_json":{"title":"Z\u00e1sady pou\u017e\u00edv\u00e1n\u00ed soubor\u016f cookie - Anter System","description":"Soubory cookie jsou mal\u00e9 datov\u00e9 soubory, kter\u00e9 se odes\u00edlaj\u00ed do va\u0161eho za\u0159\u00edzen\u00ed, kdy\u017e nav\u0161t\u00edv\u00edte na\u0161e webov\u00e9 str\u00e1nky, a kter\u00e9 ukl\u00e1daj\u00ed informace o tom, jak","robots":{"index":"index","follow":"follow","max-snippet":"max-snippet:-1","max-image-preview":"max-image-preview:large","max-video-preview":"max-video-preview:-1"},"canonical":"https:\/\/antersystem.com\/cs\/cookie-policy\/","og_locale":"cs_CZ","og_type":"article","og_title":"Z\u00e1sady pou\u017e\u00edv\u00e1n\u00ed soubor\u016f cookie - Anter System","og_description":"Soubory cookie jsou mal\u00e9 datov\u00e9 soubory, kter\u00e9 se odes\u00edlaj\u00ed do va\u0161eho za\u0159\u00edzen\u00ed, kdy\u017e nav\u0161t\u00edv\u00edte na\u0161e webov\u00e9 str\u00e1nky, a kter\u00e9 ukl\u00e1daj\u00ed informace o tom, jak","og_url":"https:\/\/antersystem.com\/cs\/cookie-policy\/","og_site_name":"Anter System","article_modified_time":"2026-02-19T09:31:08+00:00","twitter_card":"summary_large_image","twitter_misc":{"Odhadovan\u00e1 doba \u010dten\u00ed":"7 minut"},"schema":{"@context":"https:\/\/schema.org","@graph":[{"@type":"WebPage","@id":"https:\/\/antersystem.com\/cs\/cookie-policy\/","url":"https:\/\/antersystem.com\/cs\/cookie-policy\/","name":"Z\u00e1sady pou\u017e\u00edv\u00e1n\u00ed soubor\u016f cookie - Anter System","isPartOf":{"@id":"https:\/\/antersystem.com\/cs\/#website"},"datePublished":"2022-05-31T12:30:17+00:00","dateModified":"2026-02-19T09:31:08+00:00","description":"Soubory cookie jsou mal\u00e9 datov\u00e9 soubory, kter\u00e9 se odes\u00edlaj\u00ed do va\u0161eho za\u0159\u00edzen\u00ed, kdy\u017e nav\u0161t\u00edv\u00edte na\u0161e webov\u00e9 str\u00e1nky, a kter\u00e9 ukl\u00e1daj\u00ed informace o tom, jak","breadcrumb":{"@id":"https:\/\/antersystem.com\/cs\/cookie-policy\/#breadcrumb"},"inLanguage":"cs","potentialAction":[{"@type":"ReadAction","target":["https:\/\/antersystem.com\/cs\/cookie-policy\/"]}]},{"@type":"BreadcrumbList","@id":"https:\/\/antersystem.com\/cs\/cookie-policy\/#breadcrumb","itemListElement":[{"@type":"ListItem","position":1,"name":"AnterSystem","item":"https:\/\/antersystem.com\/cs\/"},{"@type":"ListItem","position":2,"name":"Z\u00e1sady pou\u017e\u00edv\u00e1n\u00ed soubor\u016f cookie"}]},{"@type":"WebSite","@id":"https:\/\/antersystem.com\/cs\/#website","url":"https:\/\/antersystem.com\/cs\/","name":"Anter System","description":"Jeste\u015bmy polskim producentem elastycznych barier ochronnych wykonywanych z polimerowych tworzyw sztucznych. Na rynku krajowym i zagranicznym dzia\u0142amy od ponad 15 lat dbaj\u0105c o zapewnienie bezpiecze\u0144stwa w zak\u0142adach produkcyjnych, magazynach oraz centrach logistycznych.","potentialAction":[{"@type":"SearchAction","target":{"@type":"EntryPoint","urlTemplate":"https:\/\/antersystem.com\/cs\/?s={search_term_string}"},"query-input":{"@type":"PropertyValueSpecification","valueRequired":true,"valueName":"search_term_string"}}],"inLanguage":"cs"}]}},"_links":{"self":[{"href":"https:\/\/antersystem.com\/cs\/wp-json\/wp\/v2\/pages\/40153","targetHints":{"allow":["GET"]}}],"collection":[{"href":"https:\/\/antersystem.com\/cs\/wp-json\/wp\/v2\/pages"}],"about":[{"href":"https:\/\/antersystem.com\/cs\/wp-json\/wp\/v2\/types\/page"}],"author":[{"embeddable":true,"href":"https:\/\/antersystem.com\/cs\/wp-json\/wp\/v2\/users\/1"}],"replies":[{"embeddable":true,"href":"https:\/\/antersystem.com\/cs\/wp-json\/wp\/v2\/comments?post=40153"}],"version-history":[{"count":2,"href":"https:\/\/antersystem.com\/cs\/wp-json\/wp\/v2\/pages\/40153\/revisions"}],"predecessor-version":[{"id":40178,"href":"https:\/\/antersystem.com\/cs\/wp-json\/wp\/v2\/pages\/40153\/revisions\/40178"}],"wp:attachment":[{"href":"https:\/\/antersystem.com\/cs\/wp-json\/wp\/v2\/media?parent=40153"}],"curies":[{"name":"wp","href":"https:\/\/api.w.org\/{rel}","templated":true}]}}