{"id":40318,"date":"2026-02-22T13:05:26","date_gmt":"2026-02-22T12:05:26","guid":{"rendered":"https:\/\/antersystem.com\/novinky\/invitation-to-logimat-2026\/"},"modified":"2026-02-22T13:05:26","modified_gmt":"2026-02-22T12:05:26","slug":"invitation-to-logimat-2026","status":"publish","type":"page","link":"https:\/\/antersystem.com\/cs\/novinky\/invitation-to-logimat-2026\/","title":{"rendered":"Pozv\u00e1nka na LogiMAT 2026"},"content":{"rendered":"<h2>Vystavujeme na veletrhu LogiMAT 2026 &#8211; setkejte se s n\u00e1mi v hale 1<\/h2>\n<p>S pot\u011b\u0161en\u00edm oznamujeme, \u017ee <strong>spole\u010dnost Anter System bude vystavovat na veletrhu LogiMAT 2026,<\/strong> p\u0159edn\u00edm mezin\u00e1rodn\u00edm veletrhu intralogistick\u00fdch \u0159e\u0161en\u00ed a \u0159\u00edzen\u00ed proces\u016f.<\/p>\n<p>Na veletrhu LogiMAT se setk\u00e1vaj\u00ed odborn\u00edci z oboru, poskytovatel\u00e9 technologi\u00ed a v\u00fdrobci syst\u00e9m\u016f, aby se sezn\u00e1mili s nejnov\u011bj\u0161\u00edm v\u00fdvojem v oblasti automatizace sklad\u016f, manipulace s materi\u00e1lem a optimalizace proces\u016f.<\/p>\n<p>\ud83d\udccd Messe <strong>Stuttgart, N\u011bmecko<\/strong><\/p>\n<p>\ud83d\udcc5 24.-26. <strong>b\u0159ezna 2026<\/strong><\/p>\n<p>\ud83c\udfe2 hala 1 | <strong>st\u00e1nek 1D10<\/strong><\/p>\n<h3>Zahajovac\u00ed akce pro intralogistiku v Evrop\u011b<\/h3>\n<p>LogiMAT je uzn\u00e1v\u00e1n jako kl\u00ed\u010dov\u00e9 mezin\u00e1rodn\u00ed m\u00edsto setk\u00e1n\u00ed pro intralogistiku v srdci Evropy. Mezin\u00e1rodn\u00ed vystavovatel\u00e9 zde ka\u017edoro\u010dn\u011b p\u0159edstavuj\u00ed inovativn\u00ed technologie, syst\u00e9my a \u0159e\u0161en\u00ed zam\u011b\u0159en\u00e1 na racionalizaci, optimalizaci proces\u016f a sni\u017eov\u00e1n\u00ed n\u00e1klad\u016f v r\u00e1mci intern\u00edch logistick\u00fdch proces\u016f. <\/p>\n<p>LogiMAT poskytuje komplexn\u00ed p\u0159ehled o trhu a praktick\u00e9 p\u0159ed\u00e1v\u00e1n\u00ed znalost\u00ed od n\u00e1kupu a v\u00fdroby a\u017e po skladov\u00e1n\u00ed a dod\u00e1vky. D\u00edky kompaktn\u00ed struktu\u0159e tr\u017ei\u0161t\u011b, odborn\u00fdm f\u00f3r\u016fm a \u017eiv\u00fdm uk\u00e1zk\u00e1m kombinuje: konkr\u00e9tn\u00ed \u0159e\u0161en\u00ed, p\u0159\u00edm\u00e9 know-how od odborn\u00edk\u016f z oboru a prezentace technologi\u00ed v re\u00e1ln\u00e9m \u010dase. Je to m\u00edsto, kde se setk\u00e1v\u00e1 trh.  <\/p>\n<h3>Hala 1 &#8211; Manipulace s materi\u00e1lem a skladovac\u00ed technika<\/h3>\n<p>Najdete n\u00e1s v <strong>hale 1,<\/strong> kter\u00e1 je v\u011bnov\u00e1na:\n<\/p>\n<ul>\n<li>Technologie manipulace s materi\u00e1lem a skladov\u00e1n\u00ed<\/li>\n<li>Skladovac\u00ed a provozn\u00ed za\u0159\u00edzen\u00ed<\/li>\n<li>Dodavatel\u00e9 syst\u00e9m\u016f a v\u00fdstavba hal<\/li>\n<\/ul>\n<p>Zde se spojuje bezpe\u010dnost, infrastruktura a efektivita intern\u00ed p\u0159epravy, co\u017e je ide\u00e1ln\u00ed m\u00edsto pro diskusi o modern\u00edch strategi\u00edch ochrany sklad\u016f.<\/p>\n<h3>Co p\u0159edstav\u00edme<\/h3>\n<p>\nNa na\u0161em st\u00e1nku p\u0159edstav\u00edme na\u0161e <strong>flexibiln\u00ed polymerov\u00e9 bezpe\u010dnostn\u00ed bari\u00e9rov\u00e9 syst\u00e9my ur\u010den\u00e9<\/strong> k ochran\u011b chodc\u016f, pr\u016fmyslov\u00fdch vozidel, skladov\u00e9 infrastruktury a v\u00fdrobn\u00edho prost\u0159ed\u00ed. Na\u0161e \u0159e\u0161en\u00ed pom\u00e1haj\u00ed vytv\u00e1\u0159et jasn\u011b odd\u011blen\u00e9 dopravn\u00ed z\u00f3ny a z\u00e1rove\u0148 zvy\u0161uj\u00ed provozn\u00ed bezpe\u010dnost a efektivitu. V dob\u011b rostouc\u00ed automatizace, autonomn\u00edch vozidel a digit\u00e1ln\u00ed transformace z\u016fst\u00e1v\u00e1 bezpe\u010dn\u00e9 odd\u011blen\u00ed provozu jedn\u00edm ze z\u00e1kladn\u00edch pil\u00ed\u0159\u016f efektivn\u00ed intralogistiky.  <\/p>\n<p>Na\u0161e \u0159e\u0161en\u00ed jsou navr\u017eena tak, aby:\n<\/p>\n<ul>\n<li>Absorbovat energii n\u00e1razu nam\u00edsto jej\u00edho p\u0159enosu<\/li>\n<li>Sn\u00ed\u017een\u00ed n\u00e1klad\u016f na opravy<\/li>\n<li>Zv\u00fd\u0161en\u00ed provozn\u00ed kontinuity<\/li>\n<li>Podpora bezpe\u010dn\u00e9 spolupr\u00e1ce \u010dlov\u011bka se strojem<\/li>\n<\/ul>\n<h3>Bezpe\u010dnost ve v\u011bku pr\u016fmyslu 4.0<\/h3>\n<p>Digitalizace, propojen\u00ed, um\u011bl\u00e1 inteligence a inteligentn\u00ed autonomn\u00ed syst\u00e9my m\u011bn\u00ed podobu dodavatelsk\u00fdch \u0159et\u011bzc\u016f. Bez ohledu na to, jak vysp\u011bl\u00e9 syst\u00e9my budou, v\u0161ak fyzick\u00e1 ochrana a \u0159\u00edzen\u00ed provozu z\u016fst\u00e1vaj\u00ed kritick\u00e9. <\/p>\n<p>S t\u00edm, jak se syst\u00e9my spojuj\u00ed do inteligentn\u00edch ekosyst\u00e9m\u016f, <strong>jsou jasn\u011b strukturovan\u00e9 a chr\u00e1n\u011bn\u00e9 pracovn\u00ed prostory nezbytn\u00e9<\/strong> pro rychlej\u0161\u00ed, energeticky \u00fa\u010dinn\u011bj\u0161\u00ed a bezpe\u010dn\u011bj\u0161\u00ed procesy.<\/p>\n<p>Ve spole\u010dnosti LogiMAT se t\u011b\u0161\u00edme na diskusi o tom, jak bezpe\u010dnostn\u00ed infrastruktura podporuje tuto transformaci.<\/p>\n<h3>Sejdeme se ve Stuttgartu<\/h3>\n<p>Pokud se chyst\u00e1te nav\u0161t\u00edvit veletrh LogiMAT 2026, srde\u010dn\u011b v\u00e1s zveme na setk\u00e1n\u00ed s na\u0161\u00edm t\u00fdmem a zjist\u011bte, jak m\u016f\u017eeme pomoci zlep\u0161it bezpe\u010dnost a efektivitu ve va\u0161em za\u0159\u00edzen\u00ed. T\u011b\u0161\u00edme se na osobn\u00ed setk\u00e1n\u00ed s v\u00e1mi. <\/p>\n","protected":false},"excerpt":{"rendered":"<p>Vystavujeme na veletrhu LogiMAT 2026 &#8211; setkejte se s n\u00e1mi v hale 1 S pot\u011b\u0161en\u00edm oznamujeme, \u017ee spole\u010dnost Anter System bude vystavovat na veletrhu LogiMAT 2026, p\u0159edn\u00edm mezin\u00e1rodn\u00edm veletrhu intralogistick\u00fdch \u0159e\u0161en\u00ed a \u0159\u00edzen\u00ed proces\u016f. Na veletrhu LogiMAT se setk\u00e1vaj\u00ed odborn\u00edci z oboru, poskytovatel\u00e9 technologi\u00ed a v\u00fdrobci syst\u00e9m\u016f, aby se sezn\u00e1mili s nejnov\u011bj\u0161\u00edm v\u00fdvojem v oblasti [&hellip;]<\/p>\n","protected":false},"author":11,"featured_media":40218,"parent":30524,"menu_order":0,"comment_status":"closed","ping_status":"closed","template":"","meta":{"inline_featured_image":false,"ngg_post_thumbnail":0,"footnotes":""},"class_list":["post-40318","page","type-page","status-publish","has-post-thumbnail","hentry"],"acf":[],"yoast_head":"<!-- This site is optimized with the Yoast SEO plugin v27.0 - https:\/\/yoast.com\/product\/yoast-seo-wordpress\/ -->\n<title>Pozv\u00e1nka na LogiMAT 2026 - Anter System<\/title>\n<meta name=\"description\" content=\"Vystavujeme na veletrhu LogiMAT 2026 - setkejte se s n\u00e1mi v hale 1 S pot\u011b\u0161en\u00edm oznamujeme, \u017ee spole\u010dnost Anter System bude vystavovat na veletrhu LogiMAT\" \/>\n<meta name=\"robots\" content=\"index, follow, max-snippet:-1, max-image-preview:large, max-video-preview:-1\" \/>\n<link rel=\"canonical\" href=\"https:\/\/antersystem.com\/cs\/novinky\/invitation-to-logimat-2026\/\" \/>\n<meta property=\"og:locale\" content=\"cs_CZ\" \/>\n<meta property=\"og:type\" content=\"article\" \/>\n<meta property=\"og:title\" content=\"Pozv\u00e1nka na LogiMAT 2026 - Anter System\" \/>\n<meta property=\"og:description\" content=\"Vystavujeme na veletrhu LogiMAT 2026 - setkejte se s n\u00e1mi v hale 1 S pot\u011b\u0161en\u00edm oznamujeme, \u017ee spole\u010dnost Anter System bude vystavovat na veletrhu LogiMAT\" \/>\n<meta property=\"og:url\" content=\"https:\/\/antersystem.com\/cs\/novinky\/invitation-to-logimat-2026\/\" \/>\n<meta property=\"og:site_name\" content=\"Anter System\" \/>\n<meta property=\"og:image\" content=\"https:\/\/antersystem.com\/wp-content\/uploads\/news-logimat-invitation.webp\" \/>\n\t<meta property=\"og:image:width\" content=\"1920\" \/>\n\t<meta property=\"og:image:height\" content=\"1081\" \/>\n\t<meta property=\"og:image:type\" content=\"image\/webp\" \/>\n<meta name=\"twitter:card\" content=\"summary_large_image\" \/>\n<meta name=\"twitter:label1\" content=\"Odhadovan\u00e1 doba \u010dten\u00ed\" \/>\n\t<meta name=\"twitter:data1\" content=\"3 minuty\" \/>\n<script type=\"application\/ld+json\" class=\"yoast-schema-graph\">{\"@context\":\"https:\/\/schema.org\",\"@graph\":[{\"@type\":\"WebPage\",\"@id\":\"https:\/\/antersystem.com\/cs\/novinky\/invitation-to-logimat-2026\/\",\"url\":\"https:\/\/antersystem.com\/cs\/novinky\/invitation-to-logimat-2026\/\",\"name\":\"Pozv\u00e1nka na LogiMAT 2026 - Anter System\",\"isPartOf\":{\"@id\":\"https:\/\/antersystem.com\/cs\/#website\"},\"primaryImageOfPage\":{\"@id\":\"https:\/\/antersystem.com\/cs\/novinky\/invitation-to-logimat-2026\/#primaryimage\"},\"image\":{\"@id\":\"https:\/\/antersystem.com\/cs\/novinky\/invitation-to-logimat-2026\/#primaryimage\"},\"thumbnailUrl\":\"https:\/\/antersystem.com\/wp-content\/uploads\/news-logimat-invitation.webp\",\"datePublished\":\"2026-02-22T12:05:26+00:00\",\"description\":\"Vystavujeme na veletrhu LogiMAT 2026 - setkejte se s n\u00e1mi v hale 1 S pot\u011b\u0161en\u00edm oznamujeme, \u017ee spole\u010dnost Anter System bude vystavovat na veletrhu LogiMAT\",\"breadcrumb\":{\"@id\":\"https:\/\/antersystem.com\/cs\/novinky\/invitation-to-logimat-2026\/#breadcrumb\"},\"inLanguage\":\"cs\",\"potentialAction\":[{\"@type\":\"ReadAction\",\"target\":[\"https:\/\/antersystem.com\/cs\/novinky\/invitation-to-logimat-2026\/\"]}]},{\"@type\":\"ImageObject\",\"inLanguage\":\"cs\",\"@id\":\"https:\/\/antersystem.com\/cs\/novinky\/invitation-to-logimat-2026\/#primaryimage\",\"url\":\"https:\/\/antersystem.com\/wp-content\/uploads\/news-logimat-invitation.webp\",\"contentUrl\":\"https:\/\/antersystem.com\/wp-content\/uploads\/news-logimat-invitation.webp\",\"width\":1920,\"height\":1081},{\"@type\":\"BreadcrumbList\",\"@id\":\"https:\/\/antersystem.com\/cs\/novinky\/invitation-to-logimat-2026\/#breadcrumb\",\"itemListElement\":[{\"@type\":\"ListItem\",\"position\":1,\"name\":\"AnterSystem\",\"item\":\"https:\/\/antersystem.com\/cs\/\"},{\"@type\":\"ListItem\",\"position\":2,\"name\":\"Zpr\u00e1vy\",\"item\":\"https:\/\/antersystem.com\/cs\/novinky\/\"},{\"@type\":\"ListItem\",\"position\":3,\"name\":\"Pozv\u00e1nka na LogiMAT 2026\"}]},{\"@type\":\"WebSite\",\"@id\":\"https:\/\/antersystem.com\/cs\/#website\",\"url\":\"https:\/\/antersystem.com\/cs\/\",\"name\":\"Anter System\",\"description\":\"Jeste\u015bmy polskim producentem elastycznych barier ochronnych wykonywanych z polimerowych tworzyw sztucznych. Na rynku krajowym i zagranicznym dzia\u0142amy od ponad 15 lat dbaj\u0105c o zapewnienie bezpiecze\u0144stwa w zak\u0142adach produkcyjnych, magazynach oraz centrach logistycznych.\",\"potentialAction\":[{\"@type\":\"SearchAction\",\"target\":{\"@type\":\"EntryPoint\",\"urlTemplate\":\"https:\/\/antersystem.com\/cs\/?s={search_term_string}\"},\"query-input\":{\"@type\":\"PropertyValueSpecification\",\"valueRequired\":true,\"valueName\":\"search_term_string\"}}],\"inLanguage\":\"cs\"}]}<\/script>\n<!-- \/ Yoast SEO plugin. -->","yoast_head_json":{"title":"Pozv\u00e1nka na LogiMAT 2026 - Anter System","description":"Vystavujeme na veletrhu LogiMAT 2026 - setkejte se s n\u00e1mi v hale 1 S pot\u011b\u0161en\u00edm oznamujeme, \u017ee spole\u010dnost Anter System bude vystavovat na veletrhu LogiMAT","robots":{"index":"index","follow":"follow","max-snippet":"max-snippet:-1","max-image-preview":"max-image-preview:large","max-video-preview":"max-video-preview:-1"},"canonical":"https:\/\/antersystem.com\/cs\/novinky\/invitation-to-logimat-2026\/","og_locale":"cs_CZ","og_type":"article","og_title":"Pozv\u00e1nka na LogiMAT 2026 - Anter System","og_description":"Vystavujeme na veletrhu LogiMAT 2026 - setkejte se s n\u00e1mi v hale 1 S pot\u011b\u0161en\u00edm oznamujeme, \u017ee spole\u010dnost Anter System bude vystavovat na veletrhu LogiMAT","og_url":"https:\/\/antersystem.com\/cs\/novinky\/invitation-to-logimat-2026\/","og_site_name":"Anter System","og_image":[{"width":1920,"height":1081,"url":"https:\/\/antersystem.com\/wp-content\/uploads\/news-logimat-invitation.webp","type":"image\/webp"}],"twitter_card":"summary_large_image","twitter_misc":{"Odhadovan\u00e1 doba \u010dten\u00ed":"3 minuty"},"schema":{"@context":"https:\/\/schema.org","@graph":[{"@type":"WebPage","@id":"https:\/\/antersystem.com\/cs\/novinky\/invitation-to-logimat-2026\/","url":"https:\/\/antersystem.com\/cs\/novinky\/invitation-to-logimat-2026\/","name":"Pozv\u00e1nka na LogiMAT 2026 - Anter System","isPartOf":{"@id":"https:\/\/antersystem.com\/cs\/#website"},"primaryImageOfPage":{"@id":"https:\/\/antersystem.com\/cs\/novinky\/invitation-to-logimat-2026\/#primaryimage"},"image":{"@id":"https:\/\/antersystem.com\/cs\/novinky\/invitation-to-logimat-2026\/#primaryimage"},"thumbnailUrl":"https:\/\/antersystem.com\/wp-content\/uploads\/news-logimat-invitation.webp","datePublished":"2026-02-22T12:05:26+00:00","description":"Vystavujeme na veletrhu LogiMAT 2026 - setkejte se s n\u00e1mi v hale 1 S pot\u011b\u0161en\u00edm oznamujeme, \u017ee spole\u010dnost Anter System bude vystavovat na veletrhu LogiMAT","breadcrumb":{"@id":"https:\/\/antersystem.com\/cs\/novinky\/invitation-to-logimat-2026\/#breadcrumb"},"inLanguage":"cs","potentialAction":[{"@type":"ReadAction","target":["https:\/\/antersystem.com\/cs\/novinky\/invitation-to-logimat-2026\/"]}]},{"@type":"ImageObject","inLanguage":"cs","@id":"https:\/\/antersystem.com\/cs\/novinky\/invitation-to-logimat-2026\/#primaryimage","url":"https:\/\/antersystem.com\/wp-content\/uploads\/news-logimat-invitation.webp","contentUrl":"https:\/\/antersystem.com\/wp-content\/uploads\/news-logimat-invitation.webp","width":1920,"height":1081},{"@type":"BreadcrumbList","@id":"https:\/\/antersystem.com\/cs\/novinky\/invitation-to-logimat-2026\/#breadcrumb","itemListElement":[{"@type":"ListItem","position":1,"name":"AnterSystem","item":"https:\/\/antersystem.com\/cs\/"},{"@type":"ListItem","position":2,"name":"Zpr\u00e1vy","item":"https:\/\/antersystem.com\/cs\/novinky\/"},{"@type":"ListItem","position":3,"name":"Pozv\u00e1nka na LogiMAT 2026"}]},{"@type":"WebSite","@id":"https:\/\/antersystem.com\/cs\/#website","url":"https:\/\/antersystem.com\/cs\/","name":"Anter System","description":"Jeste\u015bmy polskim producentem elastycznych barier ochronnych wykonywanych z polimerowych tworzyw sztucznych. Na rynku krajowym i zagranicznym dzia\u0142amy od ponad 15 lat dbaj\u0105c o zapewnienie bezpiecze\u0144stwa w zak\u0142adach produkcyjnych, magazynach oraz centrach logistycznych.","potentialAction":[{"@type":"SearchAction","target":{"@type":"EntryPoint","urlTemplate":"https:\/\/antersystem.com\/cs\/?s={search_term_string}"},"query-input":{"@type":"PropertyValueSpecification","valueRequired":true,"valueName":"search_term_string"}}],"inLanguage":"cs"}]}},"_links":{"self":[{"href":"https:\/\/antersystem.com\/cs\/wp-json\/wp\/v2\/pages\/40318","targetHints":{"allow":["GET"]}}],"collection":[{"href":"https:\/\/antersystem.com\/cs\/wp-json\/wp\/v2\/pages"}],"about":[{"href":"https:\/\/antersystem.com\/cs\/wp-json\/wp\/v2\/types\/page"}],"author":[{"embeddable":true,"href":"https:\/\/antersystem.com\/cs\/wp-json\/wp\/v2\/users\/11"}],"replies":[{"embeddable":true,"href":"https:\/\/antersystem.com\/cs\/wp-json\/wp\/v2\/comments?post=40318"}],"version-history":[{"count":0,"href":"https:\/\/antersystem.com\/cs\/wp-json\/wp\/v2\/pages\/40318\/revisions"}],"up":[{"embeddable":true,"href":"https:\/\/antersystem.com\/cs\/wp-json\/wp\/v2\/pages\/30524"}],"wp:featuredmedia":[{"embeddable":true,"href":"https:\/\/antersystem.com\/cs\/wp-json\/wp\/v2\/media\/40218"}],"wp:attachment":[{"href":"https:\/\/antersystem.com\/cs\/wp-json\/wp\/v2\/media?parent=40318"}],"curies":[{"name":"wp","href":"https:\/\/api.w.org\/{rel}","templated":true}]}}