{"id":40339,"date":"2026-02-13T14:00:03","date_gmt":"2026-02-13T13:00:03","guid":{"rendered":"https:\/\/antersystem.com\/novinky\/mid-magazine-safe-zone\/"},"modified":"2026-02-22T21:52:08","modified_gmt":"2026-02-22T20:52:08","slug":"mid-magazine-safe-zone","status":"publish","type":"page","link":"https:\/\/antersystem.com\/cs\/novinky\/mid-magazine-safe-zone\/","title":{"rendered":"MID Magazine &#8211; &#8222;Bezpe\u010dn\u00e1 z\u00f3na&#8220; &#8211; &#8222;Bezpieczna strefa&#8220;"},"content":{"rendered":"\n<div class=\"wp-block-columns is-layout-flex wp-container-core-columns-is-layout-9d6595d7 wp-block-columns-is-layout-flex\">\n<div class=\"wp-block-column is-layout-flow wp-block-column-is-layout-flow\" style=\"flex-basis:10%\"><\/div>\n\n\n\n<div class=\"wp-block-column is-layout-flow wp-block-column-is-layout-flow\">\n<h3 class=\"wp-block-heading\">N\u00e1\u0161 odborn\u00fd koment\u00e1\u0159 v \u010dasopise MID<\/h3>\n\n\n\n<p>S pot\u011b\u0161en\u00edm se s v\u00e1mi d\u011bl\u00edme o to, \u017ee n\u00e1\u0161 odborn\u00fd koment\u00e1\u0159 byl zve\u0159ejn\u011bn v \u010dasopise MID &#8211; <strong>Magazyn Intralogistyki i Dystrybucji.<\/strong><\/p>\n<p>V \u010dl\u00e1nku se zab\u00fdv\u00e1me t\u00edm, pro\u010d <strong>by<\/strong> modern\u00ed bezpe\u010dnost sklad\u016f <strong>m\u011bla j\u00edt nad r\u00e1mec namalovan\u00fdch \u010dar a v\u00fdstra\u017en\u00fdch zna\u010dek &#8211; zam\u011b\u0159ujeme se<\/strong> na uv\u011bdom\u011bl\u00e9 \u0159e\u0161en\u00ed prostoru, jasn\u00e9 odd\u011blen\u00ed provozu a ochrann\u00e9 syst\u00e9my pohlcuj\u00edc\u00ed n\u00e1razy, kter\u00e9 sni\u017euj\u00ed rizika a provozn\u00ed n\u00e1klady.<\/p>\n<p>Odborn\u00fd koment\u00e1\u0159 poskytl Tomasz Bary\u0142a, n\u00e1\u0161 produktov\u00fd mana\u017eer, kter\u00fd se pod\u011blil o sv\u016fj pohled na navrhov\u00e1n\u00ed bezpe\u010dn\u011bj\u0161\u00edch a efektivn\u011bj\u0161\u00edch pr\u016fmyslov\u00fdch prost\u0159ed\u00ed.<\/p>\n<p><strong>\ud83d\udcc4 Zveme v\u00e1s k p\u0159e\u010dten\u00ed cel\u00e9ho \u010dl\u00e1nku n\u00ed\u017ee (PDF).<\/strong><\/p>\n<p>Pokud byste cht\u011bli prozkoumat, jak by tyto z\u00e1sady mohly b\u00fdt implementov\u00e1ny ve va\u0161em za\u0159\u00edzen\u00ed, nev\u00e1hejte n\u00e1s kontaktovat.<\/p>\n<\/div>\n\n\n\n<div class=\"wp-block-column is-layout-flow wp-block-column-is-layout-flow\" style=\"flex-basis:10%\"><\/div>\n<\/div>\n\n<div data-wp-interactive=\"core\/file\" class=\"wp-block-file\"><object data-wp-bind--hidden=\"!state.hasPdfPreview\" hidden class=\"wp-block-file__embed\" data=\"https:\/\/antersystem.com\/wp-content\/uploads\/MID_109_1_2026_Bezpieczny-obszar.pdf\" type=\"application\/pdf\" style=\"width:100%;height:600px\" aria-label=\"Vlo\u017eit z MID_97_1_2024-Anter-System.\"><\/object><a id=\"wp-block-file--media-c4a79965-4313-4b68-8827-3aa81c41db0a\" href=\"https:\/\/antersystem.com\/wp-content\/uploads\/MID_109_1_2026_Bezpieczny-obszar.pdf\">MID_109_1_2026-Anter-System<\/a><a href=\"https:\/\/antersystem.com\/wp-content\/uploads\/MID_109_1_2026_Bezpieczny-obszar.pdf\" class=\"wp-block-file__button wp-element-button\" download=\"\" aria-describedby=\"wp-block-file--media-c4a79965-4313-4b68-8827-3aa81c41db0a\">St\u00e1hnout<\/a><\/div>\n","protected":false},"excerpt":{"rendered":"<p>N\u00e1\u0161 odborn\u00fd koment\u00e1\u0159 v \u010dasopise MID S pot\u011b\u0161en\u00edm se s v\u00e1mi d\u011bl\u00edme o to, \u017ee n\u00e1\u0161 odborn\u00fd koment\u00e1\u0159 byl zve\u0159ejn\u011bn v \u010dasopise MID &#8211; Magazyn Intralogistyki i Dystrybucji. V \u010dl\u00e1nku se zab\u00fdv\u00e1me t\u00edm, pro\u010d by modern\u00ed bezpe\u010dnost sklad\u016f m\u011bla j\u00edt nad r\u00e1mec namalovan\u00fdch \u010dar a v\u00fdstra\u017en\u00fdch zna\u010dek &#8211; zam\u011b\u0159ujeme se na uv\u011bdom\u011bl\u00e9 \u0159e\u0161en\u00ed prostoru, jasn\u00e9 [&hellip;]<\/p>\n","protected":false},"author":11,"featured_media":40256,"parent":30524,"menu_order":0,"comment_status":"closed","ping_status":"closed","template":"","meta":{"inline_featured_image":false,"ngg_post_thumbnail":0,"footnotes":""},"class_list":["post-40339","page","type-page","status-publish","has-post-thumbnail","hentry"],"acf":[],"yoast_head":"<!-- This site is optimized with the Yoast SEO plugin v27.0 - https:\/\/yoast.com\/product\/yoast-seo-wordpress\/ -->\n<title>MID Magazine - &quot;Bezpe\u010dn\u00e1 z\u00f3na&quot; - &quot;Bezpieczna strefa&quot; - Anter System<\/title>\n<meta name=\"description\" content=\"N\u00e1\u0161 odborn\u00fd koment\u00e1\u0159 v \u010dasopise MID S pot\u011b\u0161en\u00edm se s v\u00e1mi d\u011bl\u00edme o to, \u017ee n\u00e1\u0161 odborn\u00fd koment\u00e1\u0159 byl zve\u0159ejn\u011bn v \u010dasopise MID - Magazyn Intralogistyki i\" \/>\n<meta name=\"robots\" content=\"index, follow, max-snippet:-1, max-image-preview:large, max-video-preview:-1\" \/>\n<link rel=\"canonical\" href=\"https:\/\/antersystem.com\/cs\/novinky\/mid-magazine-safe-zone\/\" \/>\n<meta property=\"og:locale\" content=\"cs_CZ\" \/>\n<meta property=\"og:type\" content=\"article\" \/>\n<meta property=\"og:title\" content=\"MID Magazine - &quot;Bezpe\u010dn\u00e1 z\u00f3na&quot; - &quot;Bezpieczna strefa&quot; - Anter System\" \/>\n<meta property=\"og:description\" content=\"N\u00e1\u0161 odborn\u00fd koment\u00e1\u0159 v \u010dasopise MID S pot\u011b\u0161en\u00edm se s v\u00e1mi d\u011bl\u00edme o to, \u017ee n\u00e1\u0161 odborn\u00fd koment\u00e1\u0159 byl zve\u0159ejn\u011bn v \u010dasopise MID - Magazyn Intralogistyki i\" \/>\n<meta property=\"og:url\" content=\"https:\/\/antersystem.com\/cs\/novinky\/mid-magazine-safe-zone\/\" \/>\n<meta property=\"og:site_name\" content=\"Anter System\" \/>\n<meta property=\"article:modified_time\" content=\"2026-02-22T20:52:08+00:00\" \/>\n<meta property=\"og:image\" content=\"https:\/\/antersystem.com\/wp-content\/uploads\/MID-1-2026.webp\" \/>\n\t<meta property=\"og:image:width\" content=\"1920\" \/>\n\t<meta property=\"og:image:height\" content=\"1080\" \/>\n\t<meta property=\"og:image:type\" content=\"image\/webp\" \/>\n<meta name=\"twitter:card\" content=\"summary_large_image\" \/>\n<meta name=\"twitter:label1\" content=\"Odhadovan\u00e1 doba \u010dten\u00ed\" \/>\n\t<meta name=\"twitter:data1\" content=\"1 minuta\" \/>\n<script type=\"application\/ld+json\" class=\"yoast-schema-graph\">{\"@context\":\"https:\/\/schema.org\",\"@graph\":[{\"@type\":\"WebPage\",\"@id\":\"https:\/\/antersystem.com\/cs\/novinky\/mid-magazine-safe-zone\/\",\"url\":\"https:\/\/antersystem.com\/cs\/novinky\/mid-magazine-safe-zone\/\",\"name\":\"MID Magazine - \\\"Bezpe\u010dn\u00e1 z\u00f3na\\\" - \\\"Bezpieczna strefa\\\" - Anter System\",\"isPartOf\":{\"@id\":\"https:\/\/antersystem.com\/cs\/#website\"},\"primaryImageOfPage\":{\"@id\":\"https:\/\/antersystem.com\/cs\/novinky\/mid-magazine-safe-zone\/#primaryimage\"},\"image\":{\"@id\":\"https:\/\/antersystem.com\/cs\/novinky\/mid-magazine-safe-zone\/#primaryimage\"},\"thumbnailUrl\":\"https:\/\/antersystem.com\/wp-content\/uploads\/MID-1-2026.webp\",\"datePublished\":\"2026-02-13T13:00:03+00:00\",\"dateModified\":\"2026-02-22T20:52:08+00:00\",\"description\":\"N\u00e1\u0161 odborn\u00fd koment\u00e1\u0159 v \u010dasopise MID S pot\u011b\u0161en\u00edm se s v\u00e1mi d\u011bl\u00edme o to, \u017ee n\u00e1\u0161 odborn\u00fd koment\u00e1\u0159 byl zve\u0159ejn\u011bn v \u010dasopise MID - Magazyn Intralogistyki i\",\"breadcrumb\":{\"@id\":\"https:\/\/antersystem.com\/cs\/novinky\/mid-magazine-safe-zone\/#breadcrumb\"},\"inLanguage\":\"cs\",\"potentialAction\":[{\"@type\":\"ReadAction\",\"target\":[\"https:\/\/antersystem.com\/cs\/novinky\/mid-magazine-safe-zone\/\"]}]},{\"@type\":\"ImageObject\",\"inLanguage\":\"cs\",\"@id\":\"https:\/\/antersystem.com\/cs\/novinky\/mid-magazine-safe-zone\/#primaryimage\",\"url\":\"https:\/\/antersystem.com\/wp-content\/uploads\/MID-1-2026.webp\",\"contentUrl\":\"https:\/\/antersystem.com\/wp-content\/uploads\/MID-1-2026.webp\",\"width\":1920,\"height\":1080},{\"@type\":\"BreadcrumbList\",\"@id\":\"https:\/\/antersystem.com\/cs\/novinky\/mid-magazine-safe-zone\/#breadcrumb\",\"itemListElement\":[{\"@type\":\"ListItem\",\"position\":1,\"name\":\"AnterSystem\",\"item\":\"https:\/\/antersystem.com\/cs\/\"},{\"@type\":\"ListItem\",\"position\":2,\"name\":\"Zpr\u00e1vy\",\"item\":\"https:\/\/antersystem.com\/cs\/novinky\/\"},{\"@type\":\"ListItem\",\"position\":3,\"name\":\"MID Magazine &#8211; \u00abBezpe\u010dn\u00e1 z\u00f3na\u00bb &#8211; \u00abBezpieczna strefa\u00bb\"}]},{\"@type\":\"WebSite\",\"@id\":\"https:\/\/antersystem.com\/cs\/#website\",\"url\":\"https:\/\/antersystem.com\/cs\/\",\"name\":\"Anter System\",\"description\":\"Jeste\u015bmy polskim producentem elastycznych barier ochronnych wykonywanych z polimerowych tworzyw sztucznych. Na rynku krajowym i zagranicznym dzia\u0142amy od ponad 15 lat dbaj\u0105c o zapewnienie bezpiecze\u0144stwa w zak\u0142adach produkcyjnych, magazynach oraz centrach logistycznych.\",\"potentialAction\":[{\"@type\":\"SearchAction\",\"target\":{\"@type\":\"EntryPoint\",\"urlTemplate\":\"https:\/\/antersystem.com\/cs\/?s={search_term_string}\"},\"query-input\":{\"@type\":\"PropertyValueSpecification\",\"valueRequired\":true,\"valueName\":\"search_term_string\"}}],\"inLanguage\":\"cs\"}]}<\/script>\n<!-- \/ Yoast SEO plugin. -->","yoast_head_json":{"title":"MID Magazine - \"Bezpe\u010dn\u00e1 z\u00f3na\" - \"Bezpieczna strefa\" - Anter System","description":"N\u00e1\u0161 odborn\u00fd koment\u00e1\u0159 v \u010dasopise MID S pot\u011b\u0161en\u00edm se s v\u00e1mi d\u011bl\u00edme o to, \u017ee n\u00e1\u0161 odborn\u00fd koment\u00e1\u0159 byl zve\u0159ejn\u011bn v \u010dasopise MID - Magazyn Intralogistyki i","robots":{"index":"index","follow":"follow","max-snippet":"max-snippet:-1","max-image-preview":"max-image-preview:large","max-video-preview":"max-video-preview:-1"},"canonical":"https:\/\/antersystem.com\/cs\/novinky\/mid-magazine-safe-zone\/","og_locale":"cs_CZ","og_type":"article","og_title":"MID Magazine - \"Bezpe\u010dn\u00e1 z\u00f3na\" - \"Bezpieczna strefa\" - Anter System","og_description":"N\u00e1\u0161 odborn\u00fd koment\u00e1\u0159 v \u010dasopise MID S pot\u011b\u0161en\u00edm se s v\u00e1mi d\u011bl\u00edme o to, \u017ee n\u00e1\u0161 odborn\u00fd koment\u00e1\u0159 byl zve\u0159ejn\u011bn v \u010dasopise MID - Magazyn Intralogistyki i","og_url":"https:\/\/antersystem.com\/cs\/novinky\/mid-magazine-safe-zone\/","og_site_name":"Anter System","article_modified_time":"2026-02-22T20:52:08+00:00","og_image":[{"width":1920,"height":1080,"url":"https:\/\/antersystem.com\/wp-content\/uploads\/MID-1-2026.webp","type":"image\/webp"}],"twitter_card":"summary_large_image","twitter_misc":{"Odhadovan\u00e1 doba \u010dten\u00ed":"1 minuta"},"schema":{"@context":"https:\/\/schema.org","@graph":[{"@type":"WebPage","@id":"https:\/\/antersystem.com\/cs\/novinky\/mid-magazine-safe-zone\/","url":"https:\/\/antersystem.com\/cs\/novinky\/mid-magazine-safe-zone\/","name":"MID Magazine - \"Bezpe\u010dn\u00e1 z\u00f3na\" - \"Bezpieczna strefa\" - Anter System","isPartOf":{"@id":"https:\/\/antersystem.com\/cs\/#website"},"primaryImageOfPage":{"@id":"https:\/\/antersystem.com\/cs\/novinky\/mid-magazine-safe-zone\/#primaryimage"},"image":{"@id":"https:\/\/antersystem.com\/cs\/novinky\/mid-magazine-safe-zone\/#primaryimage"},"thumbnailUrl":"https:\/\/antersystem.com\/wp-content\/uploads\/MID-1-2026.webp","datePublished":"2026-02-13T13:00:03+00:00","dateModified":"2026-02-22T20:52:08+00:00","description":"N\u00e1\u0161 odborn\u00fd koment\u00e1\u0159 v \u010dasopise MID S pot\u011b\u0161en\u00edm se s v\u00e1mi d\u011bl\u00edme o to, \u017ee n\u00e1\u0161 odborn\u00fd koment\u00e1\u0159 byl zve\u0159ejn\u011bn v \u010dasopise MID - Magazyn Intralogistyki i","breadcrumb":{"@id":"https:\/\/antersystem.com\/cs\/novinky\/mid-magazine-safe-zone\/#breadcrumb"},"inLanguage":"cs","potentialAction":[{"@type":"ReadAction","target":["https:\/\/antersystem.com\/cs\/novinky\/mid-magazine-safe-zone\/"]}]},{"@type":"ImageObject","inLanguage":"cs","@id":"https:\/\/antersystem.com\/cs\/novinky\/mid-magazine-safe-zone\/#primaryimage","url":"https:\/\/antersystem.com\/wp-content\/uploads\/MID-1-2026.webp","contentUrl":"https:\/\/antersystem.com\/wp-content\/uploads\/MID-1-2026.webp","width":1920,"height":1080},{"@type":"BreadcrumbList","@id":"https:\/\/antersystem.com\/cs\/novinky\/mid-magazine-safe-zone\/#breadcrumb","itemListElement":[{"@type":"ListItem","position":1,"name":"AnterSystem","item":"https:\/\/antersystem.com\/cs\/"},{"@type":"ListItem","position":2,"name":"Zpr\u00e1vy","item":"https:\/\/antersystem.com\/cs\/novinky\/"},{"@type":"ListItem","position":3,"name":"MID Magazine &#8211; \u00abBezpe\u010dn\u00e1 z\u00f3na\u00bb &#8211; \u00abBezpieczna strefa\u00bb"}]},{"@type":"WebSite","@id":"https:\/\/antersystem.com\/cs\/#website","url":"https:\/\/antersystem.com\/cs\/","name":"Anter System","description":"Jeste\u015bmy polskim producentem elastycznych barier ochronnych wykonywanych z polimerowych tworzyw sztucznych. Na rynku krajowym i zagranicznym dzia\u0142amy od ponad 15 lat dbaj\u0105c o zapewnienie bezpiecze\u0144stwa w zak\u0142adach produkcyjnych, magazynach oraz centrach logistycznych.","potentialAction":[{"@type":"SearchAction","target":{"@type":"EntryPoint","urlTemplate":"https:\/\/antersystem.com\/cs\/?s={search_term_string}"},"query-input":{"@type":"PropertyValueSpecification","valueRequired":true,"valueName":"search_term_string"}}],"inLanguage":"cs"}]}},"_links":{"self":[{"href":"https:\/\/antersystem.com\/cs\/wp-json\/wp\/v2\/pages\/40339","targetHints":{"allow":["GET"]}}],"collection":[{"href":"https:\/\/antersystem.com\/cs\/wp-json\/wp\/v2\/pages"}],"about":[{"href":"https:\/\/antersystem.com\/cs\/wp-json\/wp\/v2\/types\/page"}],"author":[{"embeddable":true,"href":"https:\/\/antersystem.com\/cs\/wp-json\/wp\/v2\/users\/11"}],"replies":[{"embeddable":true,"href":"https:\/\/antersystem.com\/cs\/wp-json\/wp\/v2\/comments?post=40339"}],"version-history":[{"count":1,"href":"https:\/\/antersystem.com\/cs\/wp-json\/wp\/v2\/pages\/40339\/revisions"}],"predecessor-version":[{"id":40341,"href":"https:\/\/antersystem.com\/cs\/wp-json\/wp\/v2\/pages\/40339\/revisions\/40341"}],"up":[{"embeddable":true,"href":"https:\/\/antersystem.com\/cs\/wp-json\/wp\/v2\/pages\/30524"}],"wp:featuredmedia":[{"embeddable":true,"href":"https:\/\/antersystem.com\/cs\/wp-json\/wp\/v2\/media\/40256"}],"wp:attachment":[{"href":"https:\/\/antersystem.com\/cs\/wp-json\/wp\/v2\/media?parent=40339"}],"curies":[{"name":"wp","href":"https:\/\/api.w.org\/{rel}","templated":true}]}}