{"id":40895,"date":"2026-04-16T10:33:36","date_gmt":"2026-04-16T08:33:36","guid":{"rendered":"https:\/\/antersystem.com\/novinky\/pa-bollard-sense-warn-wins-gold-medal-sawo\/"},"modified":"2026-04-16T13:54:48","modified_gmt":"2026-04-16T11:54:48","slug":"pa-bollard-sense-warn-wins-gold-medal-sawo","status":"publish","type":"page","link":"https:\/\/antersystem.com\/cs\/novinky\/pa-bollard-sense-warn-wins-gold-medal-sawo\/","title":{"rendered":"Sloupek PA LED se syst\u00e9mem Sense&amp;Warn z\u00edskal zlatou medaili na veletrhu SAWO 2026"},"content":{"rendered":"<p>Jsme hrd\u00ed na to, \u017ee n\u00e1\u0161 <strong>sloupek<\/strong> PA LED <strong>se syst\u00e9mem Sense&amp;Warn z\u00edskal<\/strong> zlatou <strong>medaili na SAWO<\/strong> <strong>2026 &#8211; jedn\u00e9<\/strong> z nejv\u00fdznamn\u011bj\u0161\u00edch akc\u00ed v\u011bnovan\u00fdch bezpe\u010dnosti pr\u00e1ce ve st\u0159edn\u00ed a v\u00fdchodn\u00ed Evrop\u011b.<\/p>\n<p>Toto uzn\u00e1n\u00ed potvrzuje to, v co pevn\u011b v\u011b\u0159\u00edme: bezpe\u010dnostn\u00ed \u0159e\u0161en\u00ed by nem\u011bla pouze chr\u00e1nit &#8211; m\u011bla by aktivn\u011b p\u0159edch\u00e1zet nehod\u00e1m.<\/p>\n<h2>Od ochrany k prevenci<\/h2>\n<p>Ocen\u011bn\u00e9 \u0159e\u0161en\u00ed kombinuje flexibiln\u00ed bezpe\u010dnostn\u00ed sloupek s inteligentn\u00edm v\u00fdstra\u017en\u00fdm syst\u00e9mem navr\u017een\u00fdm tak, aby sni\u017eoval riziko kolize v pr\u016fmyslov\u00e9m prost\u0159ed\u00ed. V mnoha provozech z\u016fst\u00e1v\u00e1 omezen\u00e1 viditelnost jedn\u00edm z kl\u00ed\u010dov\u00fdch bezpe\u010dnostn\u00edch probl\u00e9m\u016f &#8211; zejm\u00e9na na k\u0159i\u017eovatk\u00e1ch, u v\u00fdjezd\u016f z uli\u010dek nebo v z\u00f3n\u00e1ch bran. Syst\u00e9m Sense&amp;Warn \u0159e\u0161\u00ed tento probl\u00e9m t\u00edm, \u017ee detekuje bl\u00ed\u017e\u00edc\u00ed se vysokozdvi\u017en\u00e9 voz\u00edky a automaticky aktivuje LED signalizaci. Chodci tak dostanou jasn\u00e9 varov\u00e1n\u00ed je\u0161t\u011b p\u0159edt\u00edm, ne\u017e se vozidlo dostane do jejich zorn\u00e9ho pole.   <\/p>\n<h2>Inteligentn\u00ed bezpe\u010dnost p\u0159izp\u016fsoben\u00e1 re\u00e1ln\u00e9mu prost\u0159ed\u00ed<\/h2>\n<p>Toto \u0159e\u0161en\u00ed vynik\u00e1 svou flexibilitou a p\u0159izp\u016fsobivost\u00ed. Sense&amp;Warn m\u016f\u017ee fungovat na z\u00e1klad\u011b r\u016fzn\u00fdch detek\u010dn\u00edch technologi\u00ed, v\u010detn\u011b polohovac\u00edch syst\u00e9m\u016f UWB, pohybov\u00fdch senzor\u016f nebo syst\u00e9m\u016f vid\u011bn\u00ed zalo\u017een\u00fdch na um\u011bl\u00e9 inteligenci. D\u00edky tomu lze syst\u00e9m p\u0159izp\u016fsobit specifick\u00fdm podm\u00ednk\u00e1m ka\u017ed\u00e9ho objektu a integrovat jej do st\u00e1vaj\u00edc\u00ed bezpe\u010dnostn\u00ed infrastruktury. Sou\u010dasn\u011b je samotn\u00fd patn\u00edk vyroben z pru\u017en\u00e9ho polymeru odoln\u00e9ho proti n\u00e1razu, kter\u00fd absorbuje energii a vrac\u00ed se do p\u016fvodn\u00edho tvaru &#8211; sni\u017euje tak \u0161kody, prostoje a n\u00e1klady na \u00fadr\u017ebu.   <\/p>\n<h2>Krok vp\u0159ed v oblasti pr\u016fmyslov\u00e9 bezpe\u010dnosti<\/h2>\n<p>Zlat\u00e1 medaile SAWO se ud\u011bluje \u0159e\u0161en\u00edm, kter\u00e1 vynikaj\u00ed inovac\u00ed, kvalitou a praktickou hodnotou. Toto uzn\u00e1n\u00ed pro n\u00e1s nen\u00ed jen ocen\u011bn\u00edm &#8211; je to potvrzen\u00ed, \u017ee sm\u011br, kter\u00fdm se ub\u00edr\u00e1me, je spr\u00e1vn\u00fd. V\u011b\u0159\u00edme, \u017ee budoucnost pr\u016fmyslov\u00e9 bezpe\u010dnosti spo\u010d\u00edv\u00e1 v \u0159e\u0161en\u00edch, kter\u00e1 kombinuj\u00ed fyzickou ochranu s inteligentn\u00edmi syst\u00e9my, je\u017e aktivn\u011b podporuj\u00ed lidi v jejich ka\u017edodenn\u00ed pr\u00e1ci.  <\/p>\n<h2>D\u011bkujeme, \u017ee jste n\u00e1s nav\u0161t\u00edvili v Poznani<\/h2>\n<p>B\u011bhem veletrhu SAWO 2026 jsme m\u011bli p\u0159\u00edle\u017eitost p\u0159edstavit toto \u0159e\u0161en\u00ed a hovo\u0159it s mnoha odborn\u00edky o skute\u010dn\u00fdch bezpe\u010dnostn\u00edch v\u00fdzv\u00e1ch v jejich za\u0159\u00edzen\u00edch.  <strong>D\u011bkujeme v\u0161em, kte\u0159\u00ed nav\u0161t\u00edvili n\u00e1\u0161 st\u00e1nek, a porot\u011b za uzn\u00e1n\u00ed na\u0161eho \u0159e\u0161en\u00ed.<\/strong><\/p>\n","protected":false},"excerpt":{"rendered":"<p>Jsme hrd\u00ed na to, \u017ee n\u00e1\u0161 sloupek PA LED se syst\u00e9mem Sense&amp;Warn z\u00edskal zlatou medaili na SAWO 2026 &#8211; jedn\u00e9 z nejv\u00fdznamn\u011bj\u0161\u00edch akc\u00ed v\u011bnovan\u00fdch bezpe\u010dnosti pr\u00e1ce ve st\u0159edn\u00ed a v\u00fdchodn\u00ed Evrop\u011b. Toto uzn\u00e1n\u00ed potvrzuje to, v co pevn\u011b v\u011b\u0159\u00edme: bezpe\u010dnostn\u00ed \u0159e\u0161en\u00ed by nem\u011bla pouze chr\u00e1nit &#8211; m\u011bla by aktivn\u011b p\u0159edch\u00e1zet nehod\u00e1m. Od ochrany k prevenci [&hellip;]<\/p>\n","protected":false},"author":11,"featured_media":40844,"parent":30524,"menu_order":0,"comment_status":"closed","ping_status":"closed","template":"","meta":{"inline_featured_image":false,"ngg_post_thumbnail":0,"footnotes":""},"class_list":["post-40895","page","type-page","status-publish","has-post-thumbnail","hentry"],"acf":[],"yoast_head":"<!-- This site is optimized with the Yoast SEO plugin v27.0 - https:\/\/yoast.com\/product\/yoast-seo-wordpress\/ -->\n<title>Sloupek PA LED se syst\u00e9mem Sense&amp;Warn z\u00edskal zlatou medaili na veletrhu SAWO 2026 - Anter System<\/title>\n<meta name=\"description\" content=\"Jsme hrd\u00ed na to, \u017ee n\u00e1\u0161 sloupek PA LED se syst\u00e9mem Sense&amp;Warn z\u00edskal zlatou medaili na SAWO 2026 - jedn\u00e9 z nejv\u00fdznamn\u011bj\u0161\u00edch akc\u00ed v\u011bnovan\u00fdch\" \/>\n<meta name=\"robots\" content=\"index, follow, max-snippet:-1, max-image-preview:large, max-video-preview:-1\" \/>\n<link rel=\"canonical\" href=\"https:\/\/antersystem.com\/cs\/novinky\/pa-bollard-sense-warn-wins-gold-medal-sawo\/\" \/>\n<meta property=\"og:locale\" content=\"cs_CZ\" \/>\n<meta property=\"og:type\" content=\"article\" \/>\n<meta property=\"og:title\" content=\"Sloupek PA LED se syst\u00e9mem Sense&amp;Warn z\u00edskal zlatou medaili na veletrhu SAWO 2026 - Anter System\" \/>\n<meta property=\"og:description\" content=\"Jsme hrd\u00ed na to, \u017ee n\u00e1\u0161 sloupek PA LED se syst\u00e9mem Sense&amp;Warn z\u00edskal zlatou medaili na SAWO 2026 - jedn\u00e9 z nejv\u00fdznamn\u011bj\u0161\u00edch akc\u00ed v\u011bnovan\u00fdch\" \/>\n<meta property=\"og:url\" content=\"https:\/\/antersystem.com\/cs\/novinky\/pa-bollard-sense-warn-wins-gold-medal-sawo\/\" \/>\n<meta property=\"og:site_name\" content=\"Anter System\" \/>\n<meta property=\"article:modified_time\" content=\"2026-04-16T11:54:48+00:00\" \/>\n<meta property=\"og:image\" content=\"https:\/\/antersystem.com\/wp-content\/uploads\/sawo-2026-gold-medal.webp\" \/>\n\t<meta property=\"og:image:width\" content=\"1920\" \/>\n\t<meta property=\"og:image:height\" content=\"1080\" \/>\n\t<meta property=\"og:image:type\" content=\"image\/webp\" \/>\n<meta name=\"twitter:card\" content=\"summary_large_image\" \/>\n<meta name=\"twitter:label1\" content=\"Odhadovan\u00e1 doba \u010dten\u00ed\" \/>\n\t<meta name=\"twitter:data1\" content=\"2 minuty\" \/>\n<script type=\"application\/ld+json\" class=\"yoast-schema-graph\">{\"@context\":\"https:\/\/schema.org\",\"@graph\":[{\"@type\":\"WebPage\",\"@id\":\"https:\/\/antersystem.com\/cs\/novinky\/pa-bollard-sense-warn-wins-gold-medal-sawo\/\",\"url\":\"https:\/\/antersystem.com\/cs\/novinky\/pa-bollard-sense-warn-wins-gold-medal-sawo\/\",\"name\":\"Sloupek PA LED se syst\u00e9mem Sense&amp;Warn z\u00edskal zlatou medaili na veletrhu SAWO 2026 - Anter System\",\"isPartOf\":{\"@id\":\"https:\/\/antersystem.com\/cs\/#website\"},\"primaryImageOfPage\":{\"@id\":\"https:\/\/antersystem.com\/cs\/novinky\/pa-bollard-sense-warn-wins-gold-medal-sawo\/#primaryimage\"},\"image\":{\"@id\":\"https:\/\/antersystem.com\/cs\/novinky\/pa-bollard-sense-warn-wins-gold-medal-sawo\/#primaryimage\"},\"thumbnailUrl\":\"https:\/\/antersystem.com\/wp-content\/uploads\/sawo-2026-gold-medal.webp\",\"datePublished\":\"2026-04-16T08:33:36+00:00\",\"dateModified\":\"2026-04-16T11:54:48+00:00\",\"description\":\"Jsme hrd\u00ed na to, \u017ee n\u00e1\u0161 sloupek PA LED se syst\u00e9mem Sense&amp;Warn z\u00edskal zlatou medaili na SAWO 2026 - jedn\u00e9 z nejv\u00fdznamn\u011bj\u0161\u00edch akc\u00ed v\u011bnovan\u00fdch\",\"breadcrumb\":{\"@id\":\"https:\/\/antersystem.com\/cs\/novinky\/pa-bollard-sense-warn-wins-gold-medal-sawo\/#breadcrumb\"},\"inLanguage\":\"cs\",\"potentialAction\":[{\"@type\":\"ReadAction\",\"target\":[\"https:\/\/antersystem.com\/cs\/novinky\/pa-bollard-sense-warn-wins-gold-medal-sawo\/\"]}]},{\"@type\":\"ImageObject\",\"inLanguage\":\"cs\",\"@id\":\"https:\/\/antersystem.com\/cs\/novinky\/pa-bollard-sense-warn-wins-gold-medal-sawo\/#primaryimage\",\"url\":\"https:\/\/antersystem.com\/wp-content\/uploads\/sawo-2026-gold-medal.webp\",\"contentUrl\":\"https:\/\/antersystem.com\/wp-content\/uploads\/sawo-2026-gold-medal.webp\",\"width\":1920,\"height\":1080},{\"@type\":\"BreadcrumbList\",\"@id\":\"https:\/\/antersystem.com\/cs\/novinky\/pa-bollard-sense-warn-wins-gold-medal-sawo\/#breadcrumb\",\"itemListElement\":[{\"@type\":\"ListItem\",\"position\":1,\"name\":\"AnterSystem\",\"item\":\"https:\/\/antersystem.com\/cs\/\"},{\"@type\":\"ListItem\",\"position\":2,\"name\":\"Zpr\u00e1vy\",\"item\":\"https:\/\/antersystem.com\/cs\/novinky\/\"},{\"@type\":\"ListItem\",\"position\":3,\"name\":\"Sloupek PA LED se syst\u00e9mem Sense&amp;Warn z\u00edskal zlatou medaili na veletrhu SAWO 2026\"}]},{\"@type\":\"WebSite\",\"@id\":\"https:\/\/antersystem.com\/cs\/#website\",\"url\":\"https:\/\/antersystem.com\/cs\/\",\"name\":\"Anter System\",\"description\":\"Jeste\u015bmy polskim producentem elastycznych barier ochronnych wykonywanych z polimerowych tworzyw sztucznych. Na rynku krajowym i zagranicznym dzia\u0142amy od ponad 15 lat dbaj\u0105c o zapewnienie bezpiecze\u0144stwa w zak\u0142adach produkcyjnych, magazynach oraz centrach logistycznych.\",\"potentialAction\":[{\"@type\":\"SearchAction\",\"target\":{\"@type\":\"EntryPoint\",\"urlTemplate\":\"https:\/\/antersystem.com\/cs\/?s={search_term_string}\"},\"query-input\":{\"@type\":\"PropertyValueSpecification\",\"valueRequired\":true,\"valueName\":\"search_term_string\"}}],\"inLanguage\":\"cs\"}]}<\/script>\n<!-- \/ Yoast SEO plugin. -->","yoast_head_json":{"title":"Sloupek PA LED se syst\u00e9mem Sense&amp;Warn z\u00edskal zlatou medaili na veletrhu SAWO 2026 - Anter System","description":"Jsme hrd\u00ed na to, \u017ee n\u00e1\u0161 sloupek PA LED se syst\u00e9mem Sense&amp;Warn z\u00edskal zlatou medaili na SAWO 2026 - jedn\u00e9 z nejv\u00fdznamn\u011bj\u0161\u00edch akc\u00ed v\u011bnovan\u00fdch","robots":{"index":"index","follow":"follow","max-snippet":"max-snippet:-1","max-image-preview":"max-image-preview:large","max-video-preview":"max-video-preview:-1"},"canonical":"https:\/\/antersystem.com\/cs\/novinky\/pa-bollard-sense-warn-wins-gold-medal-sawo\/","og_locale":"cs_CZ","og_type":"article","og_title":"Sloupek PA LED se syst\u00e9mem Sense&amp;Warn z\u00edskal zlatou medaili na veletrhu SAWO 2026 - Anter System","og_description":"Jsme hrd\u00ed na to, \u017ee n\u00e1\u0161 sloupek PA LED se syst\u00e9mem Sense&amp;Warn z\u00edskal zlatou medaili na SAWO 2026 - jedn\u00e9 z nejv\u00fdznamn\u011bj\u0161\u00edch akc\u00ed v\u011bnovan\u00fdch","og_url":"https:\/\/antersystem.com\/cs\/novinky\/pa-bollard-sense-warn-wins-gold-medal-sawo\/","og_site_name":"Anter System","article_modified_time":"2026-04-16T11:54:48+00:00","og_image":[{"width":1920,"height":1080,"url":"https:\/\/antersystem.com\/wp-content\/uploads\/sawo-2026-gold-medal.webp","type":"image\/webp"}],"twitter_card":"summary_large_image","twitter_misc":{"Odhadovan\u00e1 doba \u010dten\u00ed":"2 minuty"},"schema":{"@context":"https:\/\/schema.org","@graph":[{"@type":"WebPage","@id":"https:\/\/antersystem.com\/cs\/novinky\/pa-bollard-sense-warn-wins-gold-medal-sawo\/","url":"https:\/\/antersystem.com\/cs\/novinky\/pa-bollard-sense-warn-wins-gold-medal-sawo\/","name":"Sloupek PA LED se syst\u00e9mem Sense&amp;Warn z\u00edskal zlatou medaili na veletrhu SAWO 2026 - Anter System","isPartOf":{"@id":"https:\/\/antersystem.com\/cs\/#website"},"primaryImageOfPage":{"@id":"https:\/\/antersystem.com\/cs\/novinky\/pa-bollard-sense-warn-wins-gold-medal-sawo\/#primaryimage"},"image":{"@id":"https:\/\/antersystem.com\/cs\/novinky\/pa-bollard-sense-warn-wins-gold-medal-sawo\/#primaryimage"},"thumbnailUrl":"https:\/\/antersystem.com\/wp-content\/uploads\/sawo-2026-gold-medal.webp","datePublished":"2026-04-16T08:33:36+00:00","dateModified":"2026-04-16T11:54:48+00:00","description":"Jsme hrd\u00ed na to, \u017ee n\u00e1\u0161 sloupek PA LED se syst\u00e9mem Sense&amp;Warn z\u00edskal zlatou medaili na SAWO 2026 - jedn\u00e9 z nejv\u00fdznamn\u011bj\u0161\u00edch akc\u00ed v\u011bnovan\u00fdch","breadcrumb":{"@id":"https:\/\/antersystem.com\/cs\/novinky\/pa-bollard-sense-warn-wins-gold-medal-sawo\/#breadcrumb"},"inLanguage":"cs","potentialAction":[{"@type":"ReadAction","target":["https:\/\/antersystem.com\/cs\/novinky\/pa-bollard-sense-warn-wins-gold-medal-sawo\/"]}]},{"@type":"ImageObject","inLanguage":"cs","@id":"https:\/\/antersystem.com\/cs\/novinky\/pa-bollard-sense-warn-wins-gold-medal-sawo\/#primaryimage","url":"https:\/\/antersystem.com\/wp-content\/uploads\/sawo-2026-gold-medal.webp","contentUrl":"https:\/\/antersystem.com\/wp-content\/uploads\/sawo-2026-gold-medal.webp","width":1920,"height":1080},{"@type":"BreadcrumbList","@id":"https:\/\/antersystem.com\/cs\/novinky\/pa-bollard-sense-warn-wins-gold-medal-sawo\/#breadcrumb","itemListElement":[{"@type":"ListItem","position":1,"name":"AnterSystem","item":"https:\/\/antersystem.com\/cs\/"},{"@type":"ListItem","position":2,"name":"Zpr\u00e1vy","item":"https:\/\/antersystem.com\/cs\/novinky\/"},{"@type":"ListItem","position":3,"name":"Sloupek PA LED se syst\u00e9mem Sense&amp;Warn z\u00edskal zlatou medaili na veletrhu SAWO 2026"}]},{"@type":"WebSite","@id":"https:\/\/antersystem.com\/cs\/#website","url":"https:\/\/antersystem.com\/cs\/","name":"Anter System","description":"Jeste\u015bmy polskim producentem elastycznych barier ochronnych wykonywanych z polimerowych tworzyw sztucznych. Na rynku krajowym i zagranicznym dzia\u0142amy od ponad 15 lat dbaj\u0105c o zapewnienie bezpiecze\u0144stwa w zak\u0142adach produkcyjnych, magazynach oraz centrach logistycznych.","potentialAction":[{"@type":"SearchAction","target":{"@type":"EntryPoint","urlTemplate":"https:\/\/antersystem.com\/cs\/?s={search_term_string}"},"query-input":{"@type":"PropertyValueSpecification","valueRequired":true,"valueName":"search_term_string"}}],"inLanguage":"cs"}]}},"_links":{"self":[{"href":"https:\/\/antersystem.com\/cs\/wp-json\/wp\/v2\/pages\/40895","targetHints":{"allow":["GET"]}}],"collection":[{"href":"https:\/\/antersystem.com\/cs\/wp-json\/wp\/v2\/pages"}],"about":[{"href":"https:\/\/antersystem.com\/cs\/wp-json\/wp\/v2\/types\/page"}],"author":[{"embeddable":true,"href":"https:\/\/antersystem.com\/cs\/wp-json\/wp\/v2\/users\/11"}],"replies":[{"embeddable":true,"href":"https:\/\/antersystem.com\/cs\/wp-json\/wp\/v2\/comments?post=40895"}],"version-history":[{"count":2,"href":"https:\/\/antersystem.com\/cs\/wp-json\/wp\/v2\/pages\/40895\/revisions"}],"predecessor-version":[{"id":40990,"href":"https:\/\/antersystem.com\/cs\/wp-json\/wp\/v2\/pages\/40895\/revisions\/40990"}],"up":[{"embeddable":true,"href":"https:\/\/antersystem.com\/cs\/wp-json\/wp\/v2\/pages\/30524"}],"wp:featuredmedia":[{"embeddable":true,"href":"https:\/\/antersystem.com\/cs\/wp-json\/wp\/v2\/media\/40844"}],"wp:attachment":[{"href":"https:\/\/antersystem.com\/cs\/wp-json\/wp\/v2\/media?parent=40895"}],"curies":[{"name":"wp","href":"https:\/\/api.w.org\/{rel}","templated":true}]}}