{"id":40918,"date":"2026-03-31T10:10:47","date_gmt":"2026-03-31T08:10:47","guid":{"rendered":"https:\/\/antersystem.com\/novinky\/see-you-at-nordbygg-2026\/"},"modified":"2026-04-16T10:59:59","modified_gmt":"2026-04-16T08:59:59","slug":"see-you-at-nordbygg-2026","status":"publish","type":"page","link":"https:\/\/antersystem.com\/cs\/novinky\/see-you-at-nordbygg-2026\/","title":{"rendered":"Uvid\u00edme se na Nordbygg 2026 ve \u0160v\u00e9dsku"},"content":{"rendered":"<p>Spole\u010dnost Anter System bude vystavovat na <strong>veletrhu Nordbygg 2026,<\/strong> kter\u00fd se kon\u00e1 ve <strong>\u0161v\u00e9dsk\u00e9m Stockholmu.<\/strong> Nordbygg je jedn\u00edm z nejv\u00fdznamn\u011bj\u0161\u00edch veletrh\u016f pro stavebnictv\u00ed a stavebn\u00ed pr\u016fmysl v seversk\u00e9m regionu a sdru\u017euje odborn\u00edky, kte\u0159\u00ed hledaj\u00ed inovativn\u00ed a praktick\u00e1 \u0159e\u0161en\u00ed. <\/p>\n<p>B\u011bhem akce se n\u00e1v\u0161t\u011bvn\u00edci budou moci setkat se spole\u010dnost\u00ed Anter System na st\u00e1nku <strong>Polsk\u00e9 agentury pro rozvoj podnik\u00e1n\u00ed.<\/strong> Budeme zde prezentovat na\u0161e pr\u016fmyslov\u00e1 bezpe\u010dnostn\u00ed \u0159e\u0161en\u00ed ur\u010den\u00e1 k ochran\u011b osob, infrastruktury a provozu ve skladech, v\u00fdrobn\u00edch z\u00e1vodech a logistick\u00fdch prost\u0159ed\u00edch. <\/p>\n<p>Pokud nav\u0161t\u00edv\u00edte spole\u010dnost Nordbygg, srde\u010dn\u011b v\u00e1s zveme na setk\u00e1n\u00ed s na\u0161\u00edm t\u00fdmem v hale <strong>C, st\u00e1nek C03:61.<\/strong> T\u011b\u0161\u00edme se na v\u00e1s ve \u0160v\u00e9dsku. <\/p>\n","protected":false},"excerpt":{"rendered":"<p>Spole\u010dnost Anter System bude vystavovat na veletrhu Nordbygg 2026, kter\u00fd se kon\u00e1 ve \u0161v\u00e9dsk\u00e9m Stockholmu. Nordbygg je jedn\u00edm z nejv\u00fdznamn\u011bj\u0161\u00edch veletrh\u016f pro stavebnictv\u00ed a stavebn\u00ed pr\u016fmysl v seversk\u00e9m regionu a sdru\u017euje odborn\u00edky, kte\u0159\u00ed hledaj\u00ed inovativn\u00ed a praktick\u00e1 \u0159e\u0161en\u00ed. B\u011bhem akce se n\u00e1v\u0161t\u011bvn\u00edci budou moci setkat se spole\u010dnost\u00ed Anter System na st\u00e1nku Polsk\u00e9 agentury pro rozvoj [&hellip;]<\/p>\n","protected":false},"author":11,"featured_media":40826,"parent":30524,"menu_order":0,"comment_status":"closed","ping_status":"closed","template":"","meta":{"inline_featured_image":false,"ngg_post_thumbnail":0,"footnotes":""},"class_list":["post-40918","page","type-page","status-publish","has-post-thumbnail","hentry"],"acf":[],"yoast_head":"<!-- This site is optimized with the Yoast SEO plugin v27.0 - https:\/\/yoast.com\/product\/yoast-seo-wordpress\/ -->\n<title>Uvid\u00edme se na Nordbygg 2026 ve \u0160v\u00e9dsku - Anter System<\/title>\n<meta name=\"description\" content=\"Spole\u010dnost Anter System bude vystavovat na veletrhu Nordbygg 2026, kter\u00fd se kon\u00e1 ve \u0161v\u00e9dsk\u00e9m Stockholmu. Nordbygg je jedn\u00edm z nejv\u00fdznamn\u011bj\u0161\u00edch veletrh\u016f\" \/>\n<meta name=\"robots\" content=\"index, follow, max-snippet:-1, max-image-preview:large, max-video-preview:-1\" \/>\n<link rel=\"canonical\" href=\"https:\/\/antersystem.com\/cs\/novinky\/see-you-at-nordbygg-2026\/\" \/>\n<meta property=\"og:locale\" content=\"cs_CZ\" \/>\n<meta property=\"og:type\" content=\"article\" \/>\n<meta property=\"og:title\" content=\"Uvid\u00edme se na Nordbygg 2026 ve \u0160v\u00e9dsku - Anter System\" \/>\n<meta property=\"og:description\" content=\"Spole\u010dnost Anter System bude vystavovat na veletrhu Nordbygg 2026, kter\u00fd se kon\u00e1 ve \u0161v\u00e9dsk\u00e9m Stockholmu. Nordbygg je jedn\u00edm z nejv\u00fdznamn\u011bj\u0161\u00edch veletrh\u016f\" \/>\n<meta property=\"og:url\" content=\"https:\/\/antersystem.com\/cs\/novinky\/see-you-at-nordbygg-2026\/\" \/>\n<meta property=\"og:site_name\" content=\"Anter System\" \/>\n<meta property=\"article:modified_time\" content=\"2026-04-16T08:59:59+00:00\" \/>\n<meta property=\"og:image\" content=\"https:\/\/antersystem.com\/wp-content\/uploads\/norbygg-logo.webp\" \/>\n\t<meta property=\"og:image:width\" content=\"961\" \/>\n\t<meta property=\"og:image:height\" content=\"541\" \/>\n\t<meta property=\"og:image:type\" content=\"image\/webp\" \/>\n<meta name=\"twitter:card\" content=\"summary_large_image\" \/>\n<meta name=\"twitter:label1\" content=\"Odhadovan\u00e1 doba \u010dten\u00ed\" \/>\n\t<meta name=\"twitter:data1\" content=\"1 minuta\" \/>\n<script type=\"application\/ld+json\" class=\"yoast-schema-graph\">{\"@context\":\"https:\/\/schema.org\",\"@graph\":[{\"@type\":\"WebPage\",\"@id\":\"https:\/\/antersystem.com\/cs\/novinky\/see-you-at-nordbygg-2026\/\",\"url\":\"https:\/\/antersystem.com\/cs\/novinky\/see-you-at-nordbygg-2026\/\",\"name\":\"Uvid\u00edme se na Nordbygg 2026 ve \u0160v\u00e9dsku - Anter System\",\"isPartOf\":{\"@id\":\"https:\/\/antersystem.com\/cs\/#website\"},\"primaryImageOfPage\":{\"@id\":\"https:\/\/antersystem.com\/cs\/novinky\/see-you-at-nordbygg-2026\/#primaryimage\"},\"image\":{\"@id\":\"https:\/\/antersystem.com\/cs\/novinky\/see-you-at-nordbygg-2026\/#primaryimage\"},\"thumbnailUrl\":\"https:\/\/antersystem.com\/wp-content\/uploads\/norbygg-logo.webp\",\"datePublished\":\"2026-03-31T08:10:47+00:00\",\"dateModified\":\"2026-04-16T08:59:59+00:00\",\"description\":\"Spole\u010dnost Anter System bude vystavovat na veletrhu Nordbygg 2026, kter\u00fd se kon\u00e1 ve \u0161v\u00e9dsk\u00e9m Stockholmu. Nordbygg je jedn\u00edm z nejv\u00fdznamn\u011bj\u0161\u00edch veletrh\u016f\",\"breadcrumb\":{\"@id\":\"https:\/\/antersystem.com\/cs\/novinky\/see-you-at-nordbygg-2026\/#breadcrumb\"},\"inLanguage\":\"cs\",\"potentialAction\":[{\"@type\":\"ReadAction\",\"target\":[\"https:\/\/antersystem.com\/cs\/novinky\/see-you-at-nordbygg-2026\/\"]}]},{\"@type\":\"ImageObject\",\"inLanguage\":\"cs\",\"@id\":\"https:\/\/antersystem.com\/cs\/novinky\/see-you-at-nordbygg-2026\/#primaryimage\",\"url\":\"https:\/\/antersystem.com\/wp-content\/uploads\/norbygg-logo.webp\",\"contentUrl\":\"https:\/\/antersystem.com\/wp-content\/uploads\/norbygg-logo.webp\",\"width\":961,\"height\":541},{\"@type\":\"BreadcrumbList\",\"@id\":\"https:\/\/antersystem.com\/cs\/novinky\/see-you-at-nordbygg-2026\/#breadcrumb\",\"itemListElement\":[{\"@type\":\"ListItem\",\"position\":1,\"name\":\"AnterSystem\",\"item\":\"https:\/\/antersystem.com\/cs\/\"},{\"@type\":\"ListItem\",\"position\":2,\"name\":\"Zpr\u00e1vy\",\"item\":\"https:\/\/antersystem.com\/cs\/novinky\/\"},{\"@type\":\"ListItem\",\"position\":3,\"name\":\"Uvid\u00edme se na Nordbygg 2026 ve \u0160v\u00e9dsku\"}]},{\"@type\":\"WebSite\",\"@id\":\"https:\/\/antersystem.com\/cs\/#website\",\"url\":\"https:\/\/antersystem.com\/cs\/\",\"name\":\"Anter System\",\"description\":\"Jeste\u015bmy polskim producentem elastycznych barier ochronnych wykonywanych z polimerowych tworzyw sztucznych. Na rynku krajowym i zagranicznym dzia\u0142amy od ponad 15 lat dbaj\u0105c o zapewnienie bezpiecze\u0144stwa w zak\u0142adach produkcyjnych, magazynach oraz centrach logistycznych.\",\"potentialAction\":[{\"@type\":\"SearchAction\",\"target\":{\"@type\":\"EntryPoint\",\"urlTemplate\":\"https:\/\/antersystem.com\/cs\/?s={search_term_string}\"},\"query-input\":{\"@type\":\"PropertyValueSpecification\",\"valueRequired\":true,\"valueName\":\"search_term_string\"}}],\"inLanguage\":\"cs\"}]}<\/script>\n<!-- \/ Yoast SEO plugin. -->","yoast_head_json":{"title":"Uvid\u00edme se na Nordbygg 2026 ve \u0160v\u00e9dsku - Anter System","description":"Spole\u010dnost Anter System bude vystavovat na veletrhu Nordbygg 2026, kter\u00fd se kon\u00e1 ve \u0161v\u00e9dsk\u00e9m Stockholmu. Nordbygg je jedn\u00edm z nejv\u00fdznamn\u011bj\u0161\u00edch veletrh\u016f","robots":{"index":"index","follow":"follow","max-snippet":"max-snippet:-1","max-image-preview":"max-image-preview:large","max-video-preview":"max-video-preview:-1"},"canonical":"https:\/\/antersystem.com\/cs\/novinky\/see-you-at-nordbygg-2026\/","og_locale":"cs_CZ","og_type":"article","og_title":"Uvid\u00edme se na Nordbygg 2026 ve \u0160v\u00e9dsku - Anter System","og_description":"Spole\u010dnost Anter System bude vystavovat na veletrhu Nordbygg 2026, kter\u00fd se kon\u00e1 ve \u0161v\u00e9dsk\u00e9m Stockholmu. Nordbygg je jedn\u00edm z nejv\u00fdznamn\u011bj\u0161\u00edch veletrh\u016f","og_url":"https:\/\/antersystem.com\/cs\/novinky\/see-you-at-nordbygg-2026\/","og_site_name":"Anter System","article_modified_time":"2026-04-16T08:59:59+00:00","og_image":[{"width":961,"height":541,"url":"https:\/\/antersystem.com\/wp-content\/uploads\/norbygg-logo.webp","type":"image\/webp"}],"twitter_card":"summary_large_image","twitter_misc":{"Odhadovan\u00e1 doba \u010dten\u00ed":"1 minuta"},"schema":{"@context":"https:\/\/schema.org","@graph":[{"@type":"WebPage","@id":"https:\/\/antersystem.com\/cs\/novinky\/see-you-at-nordbygg-2026\/","url":"https:\/\/antersystem.com\/cs\/novinky\/see-you-at-nordbygg-2026\/","name":"Uvid\u00edme se na Nordbygg 2026 ve \u0160v\u00e9dsku - Anter System","isPartOf":{"@id":"https:\/\/antersystem.com\/cs\/#website"},"primaryImageOfPage":{"@id":"https:\/\/antersystem.com\/cs\/novinky\/see-you-at-nordbygg-2026\/#primaryimage"},"image":{"@id":"https:\/\/antersystem.com\/cs\/novinky\/see-you-at-nordbygg-2026\/#primaryimage"},"thumbnailUrl":"https:\/\/antersystem.com\/wp-content\/uploads\/norbygg-logo.webp","datePublished":"2026-03-31T08:10:47+00:00","dateModified":"2026-04-16T08:59:59+00:00","description":"Spole\u010dnost Anter System bude vystavovat na veletrhu Nordbygg 2026, kter\u00fd se kon\u00e1 ve \u0161v\u00e9dsk\u00e9m Stockholmu. Nordbygg je jedn\u00edm z nejv\u00fdznamn\u011bj\u0161\u00edch veletrh\u016f","breadcrumb":{"@id":"https:\/\/antersystem.com\/cs\/novinky\/see-you-at-nordbygg-2026\/#breadcrumb"},"inLanguage":"cs","potentialAction":[{"@type":"ReadAction","target":["https:\/\/antersystem.com\/cs\/novinky\/see-you-at-nordbygg-2026\/"]}]},{"@type":"ImageObject","inLanguage":"cs","@id":"https:\/\/antersystem.com\/cs\/novinky\/see-you-at-nordbygg-2026\/#primaryimage","url":"https:\/\/antersystem.com\/wp-content\/uploads\/norbygg-logo.webp","contentUrl":"https:\/\/antersystem.com\/wp-content\/uploads\/norbygg-logo.webp","width":961,"height":541},{"@type":"BreadcrumbList","@id":"https:\/\/antersystem.com\/cs\/novinky\/see-you-at-nordbygg-2026\/#breadcrumb","itemListElement":[{"@type":"ListItem","position":1,"name":"AnterSystem","item":"https:\/\/antersystem.com\/cs\/"},{"@type":"ListItem","position":2,"name":"Zpr\u00e1vy","item":"https:\/\/antersystem.com\/cs\/novinky\/"},{"@type":"ListItem","position":3,"name":"Uvid\u00edme se na Nordbygg 2026 ve \u0160v\u00e9dsku"}]},{"@type":"WebSite","@id":"https:\/\/antersystem.com\/cs\/#website","url":"https:\/\/antersystem.com\/cs\/","name":"Anter System","description":"Jeste\u015bmy polskim producentem elastycznych barier ochronnych wykonywanych z polimerowych tworzyw sztucznych. Na rynku krajowym i zagranicznym dzia\u0142amy od ponad 15 lat dbaj\u0105c o zapewnienie bezpiecze\u0144stwa w zak\u0142adach produkcyjnych, magazynach oraz centrach logistycznych.","potentialAction":[{"@type":"SearchAction","target":{"@type":"EntryPoint","urlTemplate":"https:\/\/antersystem.com\/cs\/?s={search_term_string}"},"query-input":{"@type":"PropertyValueSpecification","valueRequired":true,"valueName":"search_term_string"}}],"inLanguage":"cs"}]}},"_links":{"self":[{"href":"https:\/\/antersystem.com\/cs\/wp-json\/wp\/v2\/pages\/40918","targetHints":{"allow":["GET"]}}],"collection":[{"href":"https:\/\/antersystem.com\/cs\/wp-json\/wp\/v2\/pages"}],"about":[{"href":"https:\/\/antersystem.com\/cs\/wp-json\/wp\/v2\/types\/page"}],"author":[{"embeddable":true,"href":"https:\/\/antersystem.com\/cs\/wp-json\/wp\/v2\/users\/11"}],"replies":[{"embeddable":true,"href":"https:\/\/antersystem.com\/cs\/wp-json\/wp\/v2\/comments?post=40918"}],"version-history":[{"count":1,"href":"https:\/\/antersystem.com\/cs\/wp-json\/wp\/v2\/pages\/40918\/revisions"}],"predecessor-version":[{"id":40936,"href":"https:\/\/antersystem.com\/cs\/wp-json\/wp\/v2\/pages\/40918\/revisions\/40936"}],"up":[{"embeddable":true,"href":"https:\/\/antersystem.com\/cs\/wp-json\/wp\/v2\/pages\/30524"}],"wp:featuredmedia":[{"embeddable":true,"href":"https:\/\/antersystem.com\/cs\/wp-json\/wp\/v2\/media\/40826"}],"wp:attachment":[{"href":"https:\/\/antersystem.com\/cs\/wp-json\/wp\/v2\/media?parent=40918"}],"curies":[{"name":"wp","href":"https:\/\/api.w.org\/{rel}","templated":true}]}}