{"id":10972,"date":"2024-10-07T13:21:59","date_gmt":"2024-10-07T11:21:59","guid":{"rendered":"https:\/\/new.antersystem.com\/warsaw-industry-week-2024\/"},"modified":"2026-01-30T14:30:42","modified_gmt":"2026-01-30T13:30:42","slug":"warsaw-industry-week-2024","status":"publish","type":"page","link":"https:\/\/antersystem.com\/de\/nachrichten\/warsaw-industry-week-2024\/","title":{"rendered":"Warsaw Industry Week 2024"},"content":{"rendered":"\n<div class=\"wp-block-columns is-layout-flex wp-container-core-columns-is-layout-9d6595d7 wp-block-columns-is-layout-flex\">\n<div class=\"wp-block-column is-layout-flow wp-block-column-is-layout-flow\" style=\"flex-basis:10%\"><\/div>\n\n\n\n<div class=\"wp-block-column is-layout-flow wp-block-column-is-layout-flow\">\n<h2 class=\"wp-block-heading\">Treffen Sie uns auf der Warsaw Industry Week!<\/h2>\n\n\n\n<p>Die n\u00e4chste Ausgabe von Polens gr\u00f6\u00dfter Industriemesse steht vor der T\u00fcr! Vom <strong>5. bis 7. November<\/strong> werden in Warschau auf einer Ausstellungsfl\u00e4che von <strong>65.000 m\u00b2<\/strong> die neuesten Innovationen auf der Ptak Expo pr\u00e4sentiert. Mehr als <strong>370 Unternehmen<\/strong> haben ihre Teilnahme best\u00e4tigt und pr\u00e4sentieren fortschrittliche Technologien und Werkzeuge, die das Wachstum verschiedener Industriezweige unterst\u00fctzen.<\/p>\n\n\n\n<p><strong>Anter System wird ebenfalls vor Ort sein, um seine innovativen L\u00f6sungen zu pr\u00e4sentieren<\/strong> &#8211; ein modulares System flexibler Polymerbarrieren f\u00fcr die industrielle Sicherheit, einschlie\u00dflich <strong>moderner automatischer Sicherheitsschleusen<\/strong>. Wir laden Sie ein, unseren Stand zu besuchen und mit unseren Experten \u00fcber den effektiven Schutz von Infrastruktur, Maschinen und Mitarbeitern in Produktionshallen, Lagern und Verladedocks zu sprechen.<\/p>\n\n\n\n<p><strong><a href=\"https:\/\/industryweek.pl\/\" target=\"_blank\" rel=\"noreferrer noopener\">Warsaw Industry Week<\/a><\/strong> ist nicht nur die gr\u00f6\u00dfte Industriemesse in Polen, sondern auch eine einzigartige Initiative, die <strong>von der Industrie f\u00fcr die Industrie<\/strong> geschaffen wurde. Die Veranstaltung wird von einem Fachkongress begleitet, der den Teilnehmern die M\u00f6glichkeit bietet, ihr Wissen zu aktualisieren, neue F\u00e4higkeiten zu erwerben und die neuesten Markttrends zu erkunden. Es ist auch ein <strong>hervorragender Ort, um Gesch\u00e4ftsbeziehungen<\/strong> durch direkte Treffen und Live-Pr\u00e4sentationen von innovativen L\u00f6sungen <strong>aufzubauen<\/strong>. F\u00fcr die Aussteller ist es eine <strong>einzigartige Gelegenheit, die Bed\u00fcrfnisse, Herausforderungen und Erwartungen der Branche<\/strong> an die Lieferanten und ihre Produkte <strong>zu diskutieren<\/strong>.<\/p>\n\n\n\n<p>Sie finden <strong>Anter System in Halle C, Stand C2.41a.<\/strong> Wir werden von <strong>10:00 bis 17:00 Uhr vor<\/strong> Ort sein &#8211; wir sehen uns in Warschau!<\/p>\n\n\n\n<p>M\u00f6chten Sie einen <strong>Termin<\/strong> mit den Spezialisten von Anter System w\u00e4hrend der Messe <strong>vereinbaren<\/strong>? Schreiben Sie uns an: <a href=\"mailto:contact@antersystem.com\">contact@antersystem.com<\/a><\/p>\n\n\n\n<p><\/p>\n<\/div>\n\n\n\n<div class=\"wp-block-column is-layout-flow wp-block-column-is-layout-flow\" style=\"flex-basis:10%\"><\/div>\n<\/div>\n<div class=\"wp-block-image\">\n<figure class=\"aligncenter size-large is-resized\"><img loading=\"lazy\" decoding=\"async\" width=\"1024\" height=\"576\" src=\"https:\/\/antersystem.com\/wp-content\/uploads\/warsaw_industry_week2-1-1024x576.jpg\" alt=\"Anter System auf der Warsaw Industry Week 2024\" class=\"wp-image-5501\" style=\"width:620px;height:auto\" srcset=\"https:\/\/antersystem.com\/wp-content\/uploads\/warsaw_industry_week2-1-1024x576.jpg 1024w, https:\/\/antersystem.com\/wp-content\/uploads\/warsaw_industry_week2-1-300x169.jpg 300w, https:\/\/antersystem.com\/wp-content\/uploads\/warsaw_industry_week2-1-768x432.jpg 768w, https:\/\/antersystem.com\/wp-content\/uploads\/warsaw_industry_week2-1-450x253.jpg 450w, https:\/\/antersystem.com\/wp-content\/uploads\/warsaw_industry_week2-1-330x186.jpg 330w, https:\/\/antersystem.com\/wp-content\/uploads\/warsaw_industry_week2-1.jpg 1115w\" sizes=\"auto, (max-width: 1024px) 100vw, 1024px\" \/><\/figure><\/div>","protected":false},"excerpt":{"rendered":"<p>Treffen Sie uns auf der Warsaw Industry Week! Die n\u00e4chste Ausgabe von Polens gr\u00f6\u00dfter Industriemesse steht vor der T\u00fcr! Vom 5. bis 7. November werden in Warschau auf einer Ausstellungsfl\u00e4che von 65.000 m\u00b2 die neuesten Innovationen auf der Ptak Expo pr\u00e4sentiert. Mehr als 370 Unternehmen haben ihre Teilnahme best\u00e4tigt und pr\u00e4sentieren fortschrittliche Technologien und Werkzeuge, [&hellip;]<\/p>\n","protected":false},"author":1,"featured_media":0,"parent":30484,"menu_order":0,"comment_status":"closed","ping_status":"closed","template":"","meta":{"inline_featured_image":false,"ngg_post_thumbnail":0,"footnotes":""},"class_list":["post-10972","page","type-page","status-publish","hentry"],"acf":[],"yoast_head":"<!-- This site is optimized with the Yoast SEO plugin v27.0 - https:\/\/yoast.com\/product\/yoast-seo-wordpress\/ -->\n<title>Warsaw Industry Week 2024 - Anter System<\/title>\n<meta name=\"description\" content=\"EcoVadis pozwala firmom oceni\u0107 jak skutecznie zarz\u0105dzaj\u0105 swoimi praktykami odpowiedzialno\u015bci spo\u0142ecznej. Anter System hat sich anga\u017cuje si\u0119...\" \/>\n<meta name=\"robots\" content=\"index, follow, max-snippet:-1, max-image-preview:large, max-video-preview:-1\" \/>\n<link rel=\"canonical\" href=\"https:\/\/antersystem.com\/de\/nachrichten\/warsaw-industry-week-2024\/\" \/>\n<meta property=\"og:locale\" content=\"de_DE\" \/>\n<meta property=\"og:type\" content=\"article\" \/>\n<meta property=\"og:title\" content=\"Warsaw Industry Week 2024 - Anter System\" \/>\n<meta property=\"og:description\" content=\"EcoVadis pozwala firmom oceni\u0107 jak skutecznie zarz\u0105dzaj\u0105 swoimi praktykami odpowiedzialno\u015bci spo\u0142ecznej. Anter System hat sich anga\u017cuje si\u0119...\" \/>\n<meta property=\"og:url\" content=\"https:\/\/antersystem.com\/de\/nachrichten\/warsaw-industry-week-2024\/\" \/>\n<meta property=\"og:site_name\" content=\"Anter System\" \/>\n<meta property=\"article:modified_time\" content=\"2026-01-30T13:30:42+00:00\" \/>\n<meta property=\"og:image\" content=\"https:\/\/antersystem.com\/wp-content\/uploads\/warsaw_industry_week2-1-1024x576.jpg\" \/>\n<meta name=\"twitter:card\" content=\"summary_large_image\" \/>\n<meta name=\"twitter:label1\" content=\"Gesch\u00e4tzte Lesezeit\" \/>\n\t<meta name=\"twitter:data1\" content=\"1\u00a0Minute\" \/>\n<script type=\"application\/ld+json\" class=\"yoast-schema-graph\">{\"@context\":\"https:\/\/schema.org\",\"@graph\":[{\"@type\":\"WebPage\",\"@id\":\"https:\/\/antersystem.com\/de\/nachrichten\/warsaw-industry-week-2024\/\",\"url\":\"https:\/\/antersystem.com\/de\/nachrichten\/warsaw-industry-week-2024\/\",\"name\":\"Warsaw Industry Week 2024 - Anter System\",\"isPartOf\":{\"@id\":\"https:\/\/antersystem.com\/de\/#website\"},\"primaryImageOfPage\":{\"@id\":\"https:\/\/antersystem.com\/de\/nachrichten\/warsaw-industry-week-2024\/#primaryimage\"},\"image\":{\"@id\":\"https:\/\/antersystem.com\/de\/nachrichten\/warsaw-industry-week-2024\/#primaryimage\"},\"thumbnailUrl\":\"https:\/\/antersystem.com\/wp-content\/uploads\/warsaw_industry_week2-1-1024x576.jpg\",\"datePublished\":\"2024-10-07T11:21:59+00:00\",\"dateModified\":\"2026-01-30T13:30:42+00:00\",\"description\":\"EcoVadis pozwala firmom oceni\u0107 jak skutecznie zarz\u0105dzaj\u0105 swoimi praktykami odpowiedzialno\u015bci spo\u0142ecznej. Anter System hat sich anga\u017cuje si\u0119...\",\"breadcrumb\":{\"@id\":\"https:\/\/antersystem.com\/de\/nachrichten\/warsaw-industry-week-2024\/#breadcrumb\"},\"inLanguage\":\"de\",\"potentialAction\":[{\"@type\":\"ReadAction\",\"target\":[\"https:\/\/antersystem.com\/de\/nachrichten\/warsaw-industry-week-2024\/\"]}]},{\"@type\":\"ImageObject\",\"inLanguage\":\"de\",\"@id\":\"https:\/\/antersystem.com\/de\/nachrichten\/warsaw-industry-week-2024\/#primaryimage\",\"url\":\"https:\/\/antersystem.com\/wp-content\/uploads\/warsaw_industry_week2-1-1024x576.jpg\",\"contentUrl\":\"https:\/\/antersystem.com\/wp-content\/uploads\/warsaw_industry_week2-1-1024x576.jpg\"},{\"@type\":\"BreadcrumbList\",\"@id\":\"https:\/\/antersystem.com\/de\/nachrichten\/warsaw-industry-week-2024\/#breadcrumb\",\"itemListElement\":[{\"@type\":\"ListItem\",\"position\":1,\"name\":\"AnterSystem\",\"item\":\"https:\/\/antersystem.com\/de\/\"},{\"@type\":\"ListItem\",\"position\":2,\"name\":\"Nachrichten\",\"item\":\"https:\/\/antersystem.com\/de\/nachrichten\/\"},{\"@type\":\"ListItem\",\"position\":3,\"name\":\"Warsaw Industry Week 2024\"}]},{\"@type\":\"WebSite\",\"@id\":\"https:\/\/antersystem.com\/de\/#website\",\"url\":\"https:\/\/antersystem.com\/de\/\",\"name\":\"Anter System\",\"description\":\"Jeste\u015bmy polskim producentem elastycznych barier ochronnych wykonywanych z polimerowych tworzyw sztucznych. Na rynku krajowym i zagranicznym dzia\u0142amy od ponad 15 lat dbaj\u0105c o zapewnienie bezpiecze\u0144stwa w zak\u0142adach produkcyjnych, magazynach oraz centrach logistycznych.\",\"potentialAction\":[{\"@type\":\"SearchAction\",\"target\":{\"@type\":\"EntryPoint\",\"urlTemplate\":\"https:\/\/antersystem.com\/de\/?s={search_term_string}\"},\"query-input\":{\"@type\":\"PropertyValueSpecification\",\"valueRequired\":true,\"valueName\":\"search_term_string\"}}],\"inLanguage\":\"de\"}]}<\/script>\n<!-- \/ Yoast SEO plugin. -->","yoast_head_json":{"title":"Warsaw Industry Week 2024 - Anter System","description":"EcoVadis pozwala firmom oceni\u0107 jak skutecznie zarz\u0105dzaj\u0105 swoimi praktykami odpowiedzialno\u015bci spo\u0142ecznej. Anter System hat sich anga\u017cuje si\u0119...","robots":{"index":"index","follow":"follow","max-snippet":"max-snippet:-1","max-image-preview":"max-image-preview:large","max-video-preview":"max-video-preview:-1"},"canonical":"https:\/\/antersystem.com\/de\/nachrichten\/warsaw-industry-week-2024\/","og_locale":"de_DE","og_type":"article","og_title":"Warsaw Industry Week 2024 - Anter System","og_description":"EcoVadis pozwala firmom oceni\u0107 jak skutecznie zarz\u0105dzaj\u0105 swoimi praktykami odpowiedzialno\u015bci spo\u0142ecznej. Anter System hat sich anga\u017cuje si\u0119...","og_url":"https:\/\/antersystem.com\/de\/nachrichten\/warsaw-industry-week-2024\/","og_site_name":"Anter System","article_modified_time":"2026-01-30T13:30:42+00:00","og_image":[{"url":"https:\/\/antersystem.com\/wp-content\/uploads\/warsaw_industry_week2-1-1024x576.jpg","type":"","width":"","height":""}],"twitter_card":"summary_large_image","twitter_misc":{"Gesch\u00e4tzte Lesezeit":"1\u00a0Minute"},"schema":{"@context":"https:\/\/schema.org","@graph":[{"@type":"WebPage","@id":"https:\/\/antersystem.com\/de\/nachrichten\/warsaw-industry-week-2024\/","url":"https:\/\/antersystem.com\/de\/nachrichten\/warsaw-industry-week-2024\/","name":"Warsaw Industry Week 2024 - Anter System","isPartOf":{"@id":"https:\/\/antersystem.com\/de\/#website"},"primaryImageOfPage":{"@id":"https:\/\/antersystem.com\/de\/nachrichten\/warsaw-industry-week-2024\/#primaryimage"},"image":{"@id":"https:\/\/antersystem.com\/de\/nachrichten\/warsaw-industry-week-2024\/#primaryimage"},"thumbnailUrl":"https:\/\/antersystem.com\/wp-content\/uploads\/warsaw_industry_week2-1-1024x576.jpg","datePublished":"2024-10-07T11:21:59+00:00","dateModified":"2026-01-30T13:30:42+00:00","description":"EcoVadis pozwala firmom oceni\u0107 jak skutecznie zarz\u0105dzaj\u0105 swoimi praktykami odpowiedzialno\u015bci spo\u0142ecznej. Anter System hat sich anga\u017cuje si\u0119...","breadcrumb":{"@id":"https:\/\/antersystem.com\/de\/nachrichten\/warsaw-industry-week-2024\/#breadcrumb"},"inLanguage":"de","potentialAction":[{"@type":"ReadAction","target":["https:\/\/antersystem.com\/de\/nachrichten\/warsaw-industry-week-2024\/"]}]},{"@type":"ImageObject","inLanguage":"de","@id":"https:\/\/antersystem.com\/de\/nachrichten\/warsaw-industry-week-2024\/#primaryimage","url":"https:\/\/antersystem.com\/wp-content\/uploads\/warsaw_industry_week2-1-1024x576.jpg","contentUrl":"https:\/\/antersystem.com\/wp-content\/uploads\/warsaw_industry_week2-1-1024x576.jpg"},{"@type":"BreadcrumbList","@id":"https:\/\/antersystem.com\/de\/nachrichten\/warsaw-industry-week-2024\/#breadcrumb","itemListElement":[{"@type":"ListItem","position":1,"name":"AnterSystem","item":"https:\/\/antersystem.com\/de\/"},{"@type":"ListItem","position":2,"name":"Nachrichten","item":"https:\/\/antersystem.com\/de\/nachrichten\/"},{"@type":"ListItem","position":3,"name":"Warsaw Industry Week 2024"}]},{"@type":"WebSite","@id":"https:\/\/antersystem.com\/de\/#website","url":"https:\/\/antersystem.com\/de\/","name":"Anter System","description":"Jeste\u015bmy polskim producentem elastycznych barier ochronnych wykonywanych z polimerowych tworzyw sztucznych. Na rynku krajowym i zagranicznym dzia\u0142amy od ponad 15 lat dbaj\u0105c o zapewnienie bezpiecze\u0144stwa w zak\u0142adach produkcyjnych, magazynach oraz centrach logistycznych.","potentialAction":[{"@type":"SearchAction","target":{"@type":"EntryPoint","urlTemplate":"https:\/\/antersystem.com\/de\/?s={search_term_string}"},"query-input":{"@type":"PropertyValueSpecification","valueRequired":true,"valueName":"search_term_string"}}],"inLanguage":"de"}]}},"_links":{"self":[{"href":"https:\/\/antersystem.com\/de\/wp-json\/wp\/v2\/pages\/10972","targetHints":{"allow":["GET"]}}],"collection":[{"href":"https:\/\/antersystem.com\/de\/wp-json\/wp\/v2\/pages"}],"about":[{"href":"https:\/\/antersystem.com\/de\/wp-json\/wp\/v2\/types\/page"}],"author":[{"embeddable":true,"href":"https:\/\/antersystem.com\/de\/wp-json\/wp\/v2\/users\/1"}],"replies":[{"embeddable":true,"href":"https:\/\/antersystem.com\/de\/wp-json\/wp\/v2\/comments?post=10972"}],"version-history":[{"count":3,"href":"https:\/\/antersystem.com\/de\/wp-json\/wp\/v2\/pages\/10972\/revisions"}],"predecessor-version":[{"id":15455,"href":"https:\/\/antersystem.com\/de\/wp-json\/wp\/v2\/pages\/10972\/revisions\/15455"}],"up":[{"embeddable":true,"href":"https:\/\/antersystem.com\/de\/wp-json\/wp\/v2\/pages\/30484"}],"wp:attachment":[{"href":"https:\/\/antersystem.com\/de\/wp-json\/wp\/v2\/media?parent=10972"}],"curies":[{"name":"wp","href":"https:\/\/api.w.org\/{rel}","templated":true}]}}