{"id":12787,"date":"2024-06-28T09:56:14","date_gmt":"2024-06-28T07:56:14","guid":{"rendered":"https:\/\/new.antersystem.com\/sustainable-practices\/"},"modified":"2026-01-30T14:30:42","modified_gmt":"2026-01-30T13:30:42","slug":"sustainable-practices","status":"publish","type":"page","link":"https:\/\/antersystem.com\/de\/nachrichten\/sustainable-practices\/","title":{"rendered":"Nachhaltige Praktiken"},"content":{"rendered":"\n<div class=\"wp-block-columns is-layout-flex wp-container-core-columns-is-layout-9d6595d7 wp-block-columns-is-layout-flex\">\n<div class=\"wp-block-column is-layout-flow wp-block-column-is-layout-flow\" style=\"flex-basis:10%\"><\/div>\n\n\n\n<div class=\"wp-block-column is-layout-flow wp-block-column-is-layout-flow\">\n<h2 class=\"wp-block-heading\">Mit globalen Initiativen und Standards Schritt halten<\/h2>\n\n\n\n<p><strong>EcoVadis hilft Unternehmen zu beurteilen, wie effektiv sie ihre soziale Verantwortung handhaben.  <\/strong>  Anter System setzt sich daf\u00fcr ein, Umweltverschmutzung zu vermeiden, ethische Produkte zu liefern und nachhaltige Gesch\u00e4ftsmodelle einzuf\u00fchren. Im Jahr 2024 wurden unsere Bem\u00fchungen erneut mit der <strong>EcoVadis Silbermedaille<\/strong> gew\u00fcrdigt, genau wie im Jahr zuvor.<\/p>\n\n\n\n<p>Diese Auszeichnung best\u00e4tigt, dass das Unternehmen in den folgenden Bereichen hohe Ergebnisse erzielt hat:<\/p>\n\n\n\n<p><strong>Umwelt:<\/strong> Richtlinien und Ma\u00dfnahmen im Zusammenhang mit dem Management der Umweltauswirkungen des Unternehmens, einschlie\u00dflich Emissionsmanagement, Ressourceneffizienz und Nachhaltigkeitsinitiativen.<\/p>\n\n\n\n<p><strong>Arbeit und Menschenrechte:<\/strong> Arbeitsbedingungen, Achtung der Arbeitnehmerrechte, Gesundheit und Sicherheit am Arbeitsplatz sowie Ma\u00dfnahmen f\u00fcr Vielfalt und Integration.<\/p>\n\n\n\n<p><strong>Ethik:<\/strong> Ethische Grunds\u00e4tze, Ma\u00dfnahmen zur Korruptionsbek\u00e4mpfung, Transparenz und Einhaltung der gesetzlichen Vorschriften.<\/p>\n\n\n\n<p><strong>Nachhaltige Beschaffung:<\/strong> Richtlinien zur F\u00f6rderung ethischer und nachhaltiger Einkaufspraktiken, Lieferantenauswahl und Lieferkettenmanagement.<\/p>\n\n\n\n<p>Mit der Silbermedaille geh\u00f6ren wir zu den besten 15% der von EcoVadis bewerteten Unternehmen und unterstreichen damit unser aktives Engagement f\u00fcr Nachhaltigkeit und soziale Verantwortung. Wir danken allen, die bei Anter System zu diesen Ergebnissen beigetragen haben &#8211; und unseren Kunden f\u00fcr ihr anhaltendes Vertrauen.<\/p>\n<\/div>\n\n\n\n<div class=\"wp-block-column is-layout-flow wp-block-column-is-layout-flow\" style=\"flex-basis:10%\"><\/div>\n<\/div>\n<div class=\"wp-block-image\">\n<figure class=\"aligncenter size-large is-resized\"><img loading=\"lazy\" decoding=\"async\" width=\"1024\" height=\"535\" src=\"https:\/\/antersystem.com\/wp-content\/uploads\/ECOVADIS-1-1024x535.webp\" alt=\"Das Bild zeigt die EcoVadis Silbermedaille. Sie best&#xE4;tigt hohe Leistungen in den Bereichen soziale Unternehmensverantwortung, Ethik, Umweltschutz und nachhaltiges Management. \" class=\"wp-image-4968\" style=\"width:620px;height:auto\" srcset=\"https:\/\/antersystem.com\/wp-content\/uploads\/ECOVADIS-1-1024x535.webp 1024w, https:\/\/antersystem.com\/wp-content\/uploads\/ECOVADIS-1-300x157.webp 300w, https:\/\/antersystem.com\/wp-content\/uploads\/ECOVADIS-1-768x401.webp 768w, https:\/\/antersystem.com\/wp-content\/uploads\/ECOVADIS-1-450x235.webp 450w, https:\/\/antersystem.com\/wp-content\/uploads\/ECOVADIS-1-330x172.webp 330w, https:\/\/antersystem.com\/wp-content\/uploads\/ECOVADIS-1.webp 1200w\" sizes=\"auto, (max-width: 1024px) 100vw, 1024px\" \/><\/figure><\/div>","protected":false},"excerpt":{"rendered":"<p>Mit globalen Initiativen und Standards Schritt halten EcoVadis hilft Unternehmen zu beurteilen, wie effektiv sie ihre soziale Verantwortung handhaben. Anter System setzt sich daf\u00fcr ein, Umweltverschmutzung zu vermeiden, ethische Produkte zu liefern und nachhaltige Gesch\u00e4ftsmodelle einzuf\u00fchren. Im Jahr 2024 wurden unsere Bem\u00fchungen erneut mit der EcoVadis Silbermedaille gew\u00fcrdigt, genau wie im Jahr zuvor. Diese Auszeichnung [&hellip;]<\/p>\n","protected":false},"author":1,"featured_media":0,"parent":30484,"menu_order":0,"comment_status":"closed","ping_status":"closed","template":"","meta":{"inline_featured_image":false,"ngg_post_thumbnail":0,"footnotes":""},"class_list":["post-12787","page","type-page","status-publish","hentry"],"acf":[],"yoast_head":"<!-- This site is optimized with the Yoast SEO plugin v27.0 - https:\/\/yoast.com\/product\/yoast-seo-wordpress\/ -->\n<title>Nachhaltige Praktiken - Anter System<\/title>\n<meta name=\"description\" content=\"Mit globalen Initiativen und Standards Schritt halten EcoVadis hilft Unternehmen zu beurteilen, wie effektiv sie ihre soziale Verantwortung handhaben.\" \/>\n<meta name=\"robots\" content=\"index, follow, max-snippet:-1, max-image-preview:large, max-video-preview:-1\" \/>\n<link rel=\"canonical\" href=\"https:\/\/antersystem.com\/de\/nachrichten\/sustainable-practices\/\" \/>\n<meta property=\"og:locale\" content=\"de_DE\" \/>\n<meta property=\"og:type\" content=\"article\" \/>\n<meta property=\"og:title\" content=\"Nachhaltige Praktiken - Anter System\" \/>\n<meta property=\"og:description\" content=\"Mit globalen Initiativen und Standards Schritt halten EcoVadis hilft Unternehmen zu beurteilen, wie effektiv sie ihre soziale Verantwortung handhaben.\" \/>\n<meta property=\"og:url\" content=\"https:\/\/antersystem.com\/de\/nachrichten\/sustainable-practices\/\" \/>\n<meta property=\"og:site_name\" content=\"Anter System\" \/>\n<meta property=\"article:modified_time\" content=\"2026-01-30T13:30:42+00:00\" \/>\n<meta property=\"og:image\" content=\"https:\/\/antersystem.com\/wp-content\/uploads\/ECOVADIS-1-1024x535.webp\" \/>\n<meta name=\"twitter:card\" content=\"summary_large_image\" \/>\n<meta name=\"twitter:label1\" content=\"Gesch\u00e4tzte Lesezeit\" \/>\n\t<meta name=\"twitter:data1\" content=\"1\u00a0Minute\" \/>\n<script type=\"application\/ld+json\" class=\"yoast-schema-graph\">{\"@context\":\"https:\/\/schema.org\",\"@graph\":[{\"@type\":\"WebPage\",\"@id\":\"https:\/\/antersystem.com\/de\/nachrichten\/sustainable-practices\/\",\"url\":\"https:\/\/antersystem.com\/de\/nachrichten\/sustainable-practices\/\",\"name\":\"Nachhaltige Praktiken - Anter System\",\"isPartOf\":{\"@id\":\"https:\/\/antersystem.com\/de\/#website\"},\"primaryImageOfPage\":{\"@id\":\"https:\/\/antersystem.com\/de\/nachrichten\/sustainable-practices\/#primaryimage\"},\"image\":{\"@id\":\"https:\/\/antersystem.com\/de\/nachrichten\/sustainable-practices\/#primaryimage\"},\"thumbnailUrl\":\"https:\/\/antersystem.com\/wp-content\/uploads\/ECOVADIS-1-1024x535.webp\",\"datePublished\":\"2024-06-28T07:56:14+00:00\",\"dateModified\":\"2026-01-30T13:30:42+00:00\",\"description\":\"Mit globalen Initiativen und Standards Schritt halten EcoVadis hilft Unternehmen zu beurteilen, wie effektiv sie ihre soziale Verantwortung handhaben.\",\"breadcrumb\":{\"@id\":\"https:\/\/antersystem.com\/de\/nachrichten\/sustainable-practices\/#breadcrumb\"},\"inLanguage\":\"de\",\"potentialAction\":[{\"@type\":\"ReadAction\",\"target\":[\"https:\/\/antersystem.com\/de\/nachrichten\/sustainable-practices\/\"]}]},{\"@type\":\"ImageObject\",\"inLanguage\":\"de\",\"@id\":\"https:\/\/antersystem.com\/de\/nachrichten\/sustainable-practices\/#primaryimage\",\"url\":\"https:\/\/antersystem.com\/wp-content\/uploads\/ECOVADIS-1-1024x535.webp\",\"contentUrl\":\"https:\/\/antersystem.com\/wp-content\/uploads\/ECOVADIS-1-1024x535.webp\"},{\"@type\":\"BreadcrumbList\",\"@id\":\"https:\/\/antersystem.com\/de\/nachrichten\/sustainable-practices\/#breadcrumb\",\"itemListElement\":[{\"@type\":\"ListItem\",\"position\":1,\"name\":\"AnterSystem\",\"item\":\"https:\/\/antersystem.com\/de\/\"},{\"@type\":\"ListItem\",\"position\":2,\"name\":\"Nachrichten\",\"item\":\"https:\/\/antersystem.com\/de\/nachrichten\/\"},{\"@type\":\"ListItem\",\"position\":3,\"name\":\"Nachhaltige Praktiken\"}]},{\"@type\":\"WebSite\",\"@id\":\"https:\/\/antersystem.com\/de\/#website\",\"url\":\"https:\/\/antersystem.com\/de\/\",\"name\":\"Anter System\",\"description\":\"Jeste\u015bmy polskim producentem elastycznych barier ochronnych wykonywanych z polimerowych tworzyw sztucznych. Na rynku krajowym i zagranicznym dzia\u0142amy od ponad 15 lat dbaj\u0105c o zapewnienie bezpiecze\u0144stwa w zak\u0142adach produkcyjnych, magazynach oraz centrach logistycznych.\",\"potentialAction\":[{\"@type\":\"SearchAction\",\"target\":{\"@type\":\"EntryPoint\",\"urlTemplate\":\"https:\/\/antersystem.com\/de\/?s={search_term_string}\"},\"query-input\":{\"@type\":\"PropertyValueSpecification\",\"valueRequired\":true,\"valueName\":\"search_term_string\"}}],\"inLanguage\":\"de\"}]}<\/script>\n<!-- \/ Yoast SEO plugin. -->","yoast_head_json":{"title":"Nachhaltige Praktiken - Anter System","description":"Mit globalen Initiativen und Standards Schritt halten EcoVadis hilft Unternehmen zu beurteilen, wie effektiv sie ihre soziale Verantwortung handhaben.","robots":{"index":"index","follow":"follow","max-snippet":"max-snippet:-1","max-image-preview":"max-image-preview:large","max-video-preview":"max-video-preview:-1"},"canonical":"https:\/\/antersystem.com\/de\/nachrichten\/sustainable-practices\/","og_locale":"de_DE","og_type":"article","og_title":"Nachhaltige Praktiken - Anter System","og_description":"Mit globalen Initiativen und Standards Schritt halten EcoVadis hilft Unternehmen zu beurteilen, wie effektiv sie ihre soziale Verantwortung handhaben.","og_url":"https:\/\/antersystem.com\/de\/nachrichten\/sustainable-practices\/","og_site_name":"Anter System","article_modified_time":"2026-01-30T13:30:42+00:00","og_image":[{"url":"https:\/\/antersystem.com\/wp-content\/uploads\/ECOVADIS-1-1024x535.webp","type":"","width":"","height":""}],"twitter_card":"summary_large_image","twitter_misc":{"Gesch\u00e4tzte Lesezeit":"1\u00a0Minute"},"schema":{"@context":"https:\/\/schema.org","@graph":[{"@type":"WebPage","@id":"https:\/\/antersystem.com\/de\/nachrichten\/sustainable-practices\/","url":"https:\/\/antersystem.com\/de\/nachrichten\/sustainable-practices\/","name":"Nachhaltige Praktiken - Anter System","isPartOf":{"@id":"https:\/\/antersystem.com\/de\/#website"},"primaryImageOfPage":{"@id":"https:\/\/antersystem.com\/de\/nachrichten\/sustainable-practices\/#primaryimage"},"image":{"@id":"https:\/\/antersystem.com\/de\/nachrichten\/sustainable-practices\/#primaryimage"},"thumbnailUrl":"https:\/\/antersystem.com\/wp-content\/uploads\/ECOVADIS-1-1024x535.webp","datePublished":"2024-06-28T07:56:14+00:00","dateModified":"2026-01-30T13:30:42+00:00","description":"Mit globalen Initiativen und Standards Schritt halten EcoVadis hilft Unternehmen zu beurteilen, wie effektiv sie ihre soziale Verantwortung handhaben.","breadcrumb":{"@id":"https:\/\/antersystem.com\/de\/nachrichten\/sustainable-practices\/#breadcrumb"},"inLanguage":"de","potentialAction":[{"@type":"ReadAction","target":["https:\/\/antersystem.com\/de\/nachrichten\/sustainable-practices\/"]}]},{"@type":"ImageObject","inLanguage":"de","@id":"https:\/\/antersystem.com\/de\/nachrichten\/sustainable-practices\/#primaryimage","url":"https:\/\/antersystem.com\/wp-content\/uploads\/ECOVADIS-1-1024x535.webp","contentUrl":"https:\/\/antersystem.com\/wp-content\/uploads\/ECOVADIS-1-1024x535.webp"},{"@type":"BreadcrumbList","@id":"https:\/\/antersystem.com\/de\/nachrichten\/sustainable-practices\/#breadcrumb","itemListElement":[{"@type":"ListItem","position":1,"name":"AnterSystem","item":"https:\/\/antersystem.com\/de\/"},{"@type":"ListItem","position":2,"name":"Nachrichten","item":"https:\/\/antersystem.com\/de\/nachrichten\/"},{"@type":"ListItem","position":3,"name":"Nachhaltige Praktiken"}]},{"@type":"WebSite","@id":"https:\/\/antersystem.com\/de\/#website","url":"https:\/\/antersystem.com\/de\/","name":"Anter System","description":"Jeste\u015bmy polskim producentem elastycznych barier ochronnych wykonywanych z polimerowych tworzyw sztucznych. Na rynku krajowym i zagranicznym dzia\u0142amy od ponad 15 lat dbaj\u0105c o zapewnienie bezpiecze\u0144stwa w zak\u0142adach produkcyjnych, magazynach oraz centrach logistycznych.","potentialAction":[{"@type":"SearchAction","target":{"@type":"EntryPoint","urlTemplate":"https:\/\/antersystem.com\/de\/?s={search_term_string}"},"query-input":{"@type":"PropertyValueSpecification","valueRequired":true,"valueName":"search_term_string"}}],"inLanguage":"de"}]}},"_links":{"self":[{"href":"https:\/\/antersystem.com\/de\/wp-json\/wp\/v2\/pages\/12787","targetHints":{"allow":["GET"]}}],"collection":[{"href":"https:\/\/antersystem.com\/de\/wp-json\/wp\/v2\/pages"}],"about":[{"href":"https:\/\/antersystem.com\/de\/wp-json\/wp\/v2\/types\/page"}],"author":[{"embeddable":true,"href":"https:\/\/antersystem.com\/de\/wp-json\/wp\/v2\/users\/1"}],"replies":[{"embeddable":true,"href":"https:\/\/antersystem.com\/de\/wp-json\/wp\/v2\/comments?post=12787"}],"version-history":[{"count":1,"href":"https:\/\/antersystem.com\/de\/wp-json\/wp\/v2\/pages\/12787\/revisions"}],"predecessor-version":[{"id":12790,"href":"https:\/\/antersystem.com\/de\/wp-json\/wp\/v2\/pages\/12787\/revisions\/12790"}],"up":[{"embeddable":true,"href":"https:\/\/antersystem.com\/de\/wp-json\/wp\/v2\/pages\/30484"}],"wp:attachment":[{"href":"https:\/\/antersystem.com\/de\/wp-json\/wp\/v2\/media?parent=12787"}],"curies":[{"name":"wp","href":"https:\/\/api.w.org\/{rel}","templated":true}]}}