{"id":12896,"date":"2023-09-01T11:11:31","date_gmt":"2023-09-01T09:11:31","guid":{"rendered":"https:\/\/new.antersystem.com\/case-studies\/barriers-traffic-r3\/"},"modified":"2026-01-30T01:31:31","modified_gmt":"2026-01-30T00:31:31","slug":"barriers-traffic-r3","status":"publish","type":"page","link":"https:\/\/antersystem.com\/de\/case-studies\/barriers-traffic-r3\/","title":{"rendered":"Absperrungen Traffic R3"},"content":{"rendered":"\n<div class=\"wp-block-columns is-layout-flex wp-container-core-columns-is-layout-9d6595d7 wp-block-columns-is-layout-flex\">\n<div class=\"wp-block-column is-layout-flow wp-block-column-is-layout-flow\" style=\"flex-basis:10%\"><\/div>\n\n\n\n<div class=\"wp-block-column is-layout-flow wp-block-column-is-layout-flow\" style=\"flex-basis:80%\">\n<p class=\"justify-mru\">Ein weiteres Projekt, das auf die individuellen Bed\u00fcrfnisse des Kunden zugeschnitten ist, wurde f\u00fcr einen Automobilzulieferer aus Deutschland durchgef\u00fchrt. Traffic R3 Barrieren und WALL PROTECTOR Barrieren wurden entwickelt und installiert, um hohe Lagerbereiche abzutrennen. Um das Risiko von Zusammenst\u00f6\u00dfen zwischen Gabelstaplern und Fu\u00dfg\u00e4ngern zu vermeiden, wurden Sicherheitsschleusen und automatische Verkehrssperrsysteme eingef\u00fchrt. Die Palette der angewandten L\u00f6sungen erh\u00f6hte nicht nur das allgemeine Sicherheitsniveau, sondern rationalisierte auch die Produktionsprozesse.<\/p>\n\n\n\nngg_shortcode_0_placeholder\n<\/div>\n\n\n\n<div class=\"wp-block-column is-layout-flow wp-block-column-is-layout-flow\" style=\"flex-basis:10%\"><\/div>\n<\/div>\n","protected":false},"excerpt":{"rendered":"<p>Ein weiteres Projekt, das auf die individuellen Bed\u00fcrfnisse des Kunden zugeschnitten ist, wurde f\u00fcr einen Automobilzulieferer aus Deutschland durchgef\u00fchrt. Traffic R3 Barrieren und WALL PROTECTOR Barrieren wurden entwickelt und installiert, um hohe Lagerbereiche abzutrennen. Um das Risiko von Zusammenst\u00f6\u00dfen zwischen Gabelstaplern und Fu\u00dfg\u00e4ngern zu vermeiden, wurden Sicherheitsschleusen und automatische Verkehrssperrsysteme eingef\u00fchrt. Die Palette der angewandten [&hellip;]<\/p>\n","protected":false},"author":1,"featured_media":0,"parent":12621,"menu_order":0,"comment_status":"closed","ping_status":"closed","template":"","meta":{"inline_featured_image":false,"ngg_post_thumbnail":0,"footnotes":""},"class_list":["post-12896","page","type-page","status-publish","hentry"],"acf":[],"yoast_head":"<!-- This site is optimized with the Yoast SEO plugin v27.0 - https:\/\/yoast.com\/product\/yoast-seo-wordpress\/ -->\n<title>Absperrungen Traffic R3 - Anter System<\/title>\n<meta name=\"description\" content=\"Ein weiteres Projekt, das auf die individuellen Bed\u00fcrfnisse des Kunden zugeschnitten ist, wurde f\u00fcr einen Automobilzulieferer aus Deutschland\" \/>\n<meta name=\"robots\" content=\"index, follow, max-snippet:-1, max-image-preview:large, max-video-preview:-1\" \/>\n<link rel=\"canonical\" href=\"https:\/\/antersystem.com\/de\/case-studies\/barriers-traffic-r3\/\" \/>\n<meta property=\"og:locale\" content=\"de_DE\" \/>\n<meta property=\"og:type\" content=\"article\" \/>\n<meta property=\"og:title\" content=\"Absperrungen Traffic R3 - Anter System\" \/>\n<meta property=\"og:description\" content=\"Ein weiteres Projekt, das auf die individuellen Bed\u00fcrfnisse des Kunden zugeschnitten ist, wurde f\u00fcr einen Automobilzulieferer aus Deutschland\" \/>\n<meta property=\"og:url\" content=\"https:\/\/antersystem.com\/de\/case-studies\/barriers-traffic-r3\/\" \/>\n<meta property=\"og:site_name\" content=\"Anter System\" \/>\n<meta property=\"article:modified_time\" content=\"2026-01-30T00:31:31+00:00\" \/>\n<meta name=\"twitter:card\" content=\"summary_large_image\" \/>\n<script type=\"application\/ld+json\" class=\"yoast-schema-graph\">{\"@context\":\"https:\/\/schema.org\",\"@graph\":[{\"@type\":\"WebPage\",\"@id\":\"https:\/\/antersystem.com\/de\/case-studies\/barriers-traffic-r3\/\",\"url\":\"https:\/\/antersystem.com\/de\/case-studies\/barriers-traffic-r3\/\",\"name\":\"Absperrungen Traffic R3 - Anter System\",\"isPartOf\":{\"@id\":\"https:\/\/antersystem.com\/de\/#website\"},\"datePublished\":\"2023-09-01T09:11:31+00:00\",\"dateModified\":\"2026-01-30T00:31:31+00:00\",\"description\":\"Ein weiteres Projekt, das auf die individuellen Bed\u00fcrfnisse des Kunden zugeschnitten ist, wurde f\u00fcr einen Automobilzulieferer aus Deutschland\",\"breadcrumb\":{\"@id\":\"https:\/\/antersystem.com\/de\/case-studies\/barriers-traffic-r3\/#breadcrumb\"},\"inLanguage\":\"de\",\"potentialAction\":[{\"@type\":\"ReadAction\",\"target\":[\"https:\/\/antersystem.com\/de\/case-studies\/barriers-traffic-r3\/\"]}]},{\"@type\":\"BreadcrumbList\",\"@id\":\"https:\/\/antersystem.com\/de\/case-studies\/barriers-traffic-r3\/#breadcrumb\",\"itemListElement\":[{\"@type\":\"ListItem\",\"position\":1,\"name\":\"AnterSystem\",\"item\":\"https:\/\/antersystem.com\/de\/\"},{\"@type\":\"ListItem\",\"position\":2,\"name\":\"Fallstudien\",\"item\":\"https:\/\/antersystem.com\/de\/case-studies\/\"},{\"@type\":\"ListItem\",\"position\":3,\"name\":\"Absperrungen Traffic R3\"}]},{\"@type\":\"WebSite\",\"@id\":\"https:\/\/antersystem.com\/de\/#website\",\"url\":\"https:\/\/antersystem.com\/de\/\",\"name\":\"Anter System\",\"description\":\"Jeste\u015bmy polskim producentem elastycznych barier ochronnych wykonywanych z polimerowych tworzyw sztucznych. Na rynku krajowym i zagranicznym dzia\u0142amy od ponad 15 lat dbaj\u0105c o zapewnienie bezpiecze\u0144stwa w zak\u0142adach produkcyjnych, magazynach oraz centrach logistycznych.\",\"potentialAction\":[{\"@type\":\"SearchAction\",\"target\":{\"@type\":\"EntryPoint\",\"urlTemplate\":\"https:\/\/antersystem.com\/de\/?s={search_term_string}\"},\"query-input\":{\"@type\":\"PropertyValueSpecification\",\"valueRequired\":true,\"valueName\":\"search_term_string\"}}],\"inLanguage\":\"de\"}]}<\/script>\n<!-- \/ Yoast SEO plugin. -->","yoast_head_json":{"title":"Absperrungen Traffic R3 - Anter System","description":"Ein weiteres Projekt, das auf die individuellen Bed\u00fcrfnisse des Kunden zugeschnitten ist, wurde f\u00fcr einen Automobilzulieferer aus Deutschland","robots":{"index":"index","follow":"follow","max-snippet":"max-snippet:-1","max-image-preview":"max-image-preview:large","max-video-preview":"max-video-preview:-1"},"canonical":"https:\/\/antersystem.com\/de\/case-studies\/barriers-traffic-r3\/","og_locale":"de_DE","og_type":"article","og_title":"Absperrungen Traffic R3 - Anter System","og_description":"Ein weiteres Projekt, das auf die individuellen Bed\u00fcrfnisse des Kunden zugeschnitten ist, wurde f\u00fcr einen Automobilzulieferer aus Deutschland","og_url":"https:\/\/antersystem.com\/de\/case-studies\/barriers-traffic-r3\/","og_site_name":"Anter System","article_modified_time":"2026-01-30T00:31:31+00:00","twitter_card":"summary_large_image","schema":{"@context":"https:\/\/schema.org","@graph":[{"@type":"WebPage","@id":"https:\/\/antersystem.com\/de\/case-studies\/barriers-traffic-r3\/","url":"https:\/\/antersystem.com\/de\/case-studies\/barriers-traffic-r3\/","name":"Absperrungen Traffic R3 - Anter System","isPartOf":{"@id":"https:\/\/antersystem.com\/de\/#website"},"datePublished":"2023-09-01T09:11:31+00:00","dateModified":"2026-01-30T00:31:31+00:00","description":"Ein weiteres Projekt, das auf die individuellen Bed\u00fcrfnisse des Kunden zugeschnitten ist, wurde f\u00fcr einen Automobilzulieferer aus Deutschland","breadcrumb":{"@id":"https:\/\/antersystem.com\/de\/case-studies\/barriers-traffic-r3\/#breadcrumb"},"inLanguage":"de","potentialAction":[{"@type":"ReadAction","target":["https:\/\/antersystem.com\/de\/case-studies\/barriers-traffic-r3\/"]}]},{"@type":"BreadcrumbList","@id":"https:\/\/antersystem.com\/de\/case-studies\/barriers-traffic-r3\/#breadcrumb","itemListElement":[{"@type":"ListItem","position":1,"name":"AnterSystem","item":"https:\/\/antersystem.com\/de\/"},{"@type":"ListItem","position":2,"name":"Fallstudien","item":"https:\/\/antersystem.com\/de\/case-studies\/"},{"@type":"ListItem","position":3,"name":"Absperrungen Traffic R3"}]},{"@type":"WebSite","@id":"https:\/\/antersystem.com\/de\/#website","url":"https:\/\/antersystem.com\/de\/","name":"Anter System","description":"Jeste\u015bmy polskim producentem elastycznych barier ochronnych wykonywanych z polimerowych tworzyw sztucznych. Na rynku krajowym i zagranicznym dzia\u0142amy od ponad 15 lat dbaj\u0105c o zapewnienie bezpiecze\u0144stwa w zak\u0142adach produkcyjnych, magazynach oraz centrach logistycznych.","potentialAction":[{"@type":"SearchAction","target":{"@type":"EntryPoint","urlTemplate":"https:\/\/antersystem.com\/de\/?s={search_term_string}"},"query-input":{"@type":"PropertyValueSpecification","valueRequired":true,"valueName":"search_term_string"}}],"inLanguage":"de"}]}},"_links":{"self":[{"href":"https:\/\/antersystem.com\/de\/wp-json\/wp\/v2\/pages\/12896","targetHints":{"allow":["GET"]}}],"collection":[{"href":"https:\/\/antersystem.com\/de\/wp-json\/wp\/v2\/pages"}],"about":[{"href":"https:\/\/antersystem.com\/de\/wp-json\/wp\/v2\/types\/page"}],"author":[{"embeddable":true,"href":"https:\/\/antersystem.com\/de\/wp-json\/wp\/v2\/users\/1"}],"replies":[{"embeddable":true,"href":"https:\/\/antersystem.com\/de\/wp-json\/wp\/v2\/comments?post=12896"}],"version-history":[{"count":1,"href":"https:\/\/antersystem.com\/de\/wp-json\/wp\/v2\/pages\/12896\/revisions"}],"predecessor-version":[{"id":12898,"href":"https:\/\/antersystem.com\/de\/wp-json\/wp\/v2\/pages\/12896\/revisions\/12898"}],"up":[{"embeddable":true,"href":"https:\/\/antersystem.com\/de\/wp-json\/wp\/v2\/pages\/12621"}],"wp:attachment":[{"href":"https:\/\/antersystem.com\/de\/wp-json\/wp\/v2\/media?parent=12896"}],"curies":[{"name":"wp","href":"https:\/\/api.w.org\/{rel}","templated":true}]}}