{"id":12908,"date":"2023-09-01T11:13:45","date_gmt":"2023-09-01T09:13:45","guid":{"rendered":"https:\/\/new.antersystem.com\/case-studies\/gb-barriers\/"},"modified":"2026-01-30T01:31:27","modified_gmt":"2026-01-30T00:31:27","slug":"gb-barriers","status":"publish","type":"page","link":"https:\/\/antersystem.com\/de\/case-studies\/gb-barriers\/","title":{"rendered":"GB-Schranken"},"content":{"rendered":"\n<div class=\"wp-block-columns is-layout-flex wp-container-core-columns-is-layout-9d6595d7 wp-block-columns-is-layout-flex\">\n<div class=\"wp-block-column is-layout-flow wp-block-column-is-layout-flow\" style=\"flex-basis:10%\"><\/div>\n\n\n\n<div class=\"wp-block-column is-layout-flow wp-block-column-is-layout-flow\" style=\"flex-basis:80%\">\n<p class=\"justify-mru\">F\u00fcr den weltweit gr\u00f6\u00dften amerikanischen Betreiber, der auf Kontraktlogistik spezialisiert ist, haben wir ein Projekt zum Schutz von F\u00f6rderb\u00e4ndern und Transportlinien mit den flexiblen GB-Barrieren von Anter System entworfen und umgesetzt. Das Konzept beinhaltete auch die Verbesserung der Sicherheit durch die Abtrennung von Maschinen, Laufwegen und Arbeitsbereichen mit den flexiblen Sicherheitsbarrieren Pedestrian R3 HD+. Kritische Punkte wurden zus\u00e4tzlich mit PA HD+ Schutzpfosten gesichert. Zum Schutz der Regale und Netze wurden KB-Bordsteinbarrieren verwendet. Strukturelle S\u00e4ulen wurden mit RAL5-S\u00e4ulensch\u00fctzern gesch\u00fctzt. Die Aufmerksamkeit f\u00fcr jedes Projektdetail hat dazu beigetragen, die Sicherheit und den Komfort am Arbeitsplatz insgesamt zu erh\u00f6hen.<\/p>\n\n\n\nngg_shortcode_0_placeholder\n<\/div>\n\n\n\n<div class=\"wp-block-column is-layout-flow wp-block-column-is-layout-flow\" style=\"flex-basis:10%\"><\/div>\n<\/div>\n","protected":false},"excerpt":{"rendered":"<p>F\u00fcr den weltweit gr\u00f6\u00dften amerikanischen Betreiber, der auf Kontraktlogistik spezialisiert ist, haben wir ein Projekt zum Schutz von F\u00f6rderb\u00e4ndern und Transportlinien mit den flexiblen GB-Barrieren von Anter System entworfen und umgesetzt. Das Konzept beinhaltete auch die Verbesserung der Sicherheit durch die Abtrennung von Maschinen, Laufwegen und Arbeitsbereichen mit den flexiblen Sicherheitsbarrieren Pedestrian R3 HD+. Kritische [&hellip;]<\/p>\n","protected":false},"author":1,"featured_media":0,"parent":12621,"menu_order":0,"comment_status":"closed","ping_status":"closed","template":"","meta":{"inline_featured_image":false,"ngg_post_thumbnail":0,"footnotes":""},"class_list":["post-12908","page","type-page","status-publish","hentry"],"acf":[],"yoast_head":"<!-- This site is optimized with the Yoast SEO plugin v27.0 - https:\/\/yoast.com\/product\/yoast-seo-wordpress\/ -->\n<title>GB-Schranken - Anter System<\/title>\n<meta name=\"description\" content=\"F\u00fcr den weltweit gr\u00f6\u00dften amerikanischen Betreiber, der auf Kontraktlogistik spezialisiert ist, haben wir ein Projekt zum Schutz von F\u00f6rderb\u00e4ndern und\" \/>\n<meta name=\"robots\" content=\"index, follow, max-snippet:-1, max-image-preview:large, max-video-preview:-1\" \/>\n<link rel=\"canonical\" href=\"https:\/\/antersystem.com\/de\/case-studies\/gb-barriers\/\" \/>\n<meta property=\"og:locale\" content=\"de_DE\" \/>\n<meta property=\"og:type\" content=\"article\" \/>\n<meta property=\"og:title\" content=\"GB-Schranken - Anter System\" \/>\n<meta property=\"og:description\" content=\"F\u00fcr den weltweit gr\u00f6\u00dften amerikanischen Betreiber, der auf Kontraktlogistik spezialisiert ist, haben wir ein Projekt zum Schutz von F\u00f6rderb\u00e4ndern und\" \/>\n<meta property=\"og:url\" content=\"https:\/\/antersystem.com\/de\/case-studies\/gb-barriers\/\" \/>\n<meta property=\"og:site_name\" content=\"Anter System\" \/>\n<meta property=\"article:modified_time\" content=\"2026-01-30T00:31:27+00:00\" \/>\n<meta name=\"twitter:card\" content=\"summary_large_image\" \/>\n<meta name=\"twitter:label1\" content=\"Gesch\u00e4tzte Lesezeit\" \/>\n\t<meta name=\"twitter:data1\" content=\"1\u00a0Minute\" \/>\n<script type=\"application\/ld+json\" class=\"yoast-schema-graph\">{\"@context\":\"https:\/\/schema.org\",\"@graph\":[{\"@type\":\"WebPage\",\"@id\":\"https:\/\/antersystem.com\/de\/case-studies\/gb-barriers\/\",\"url\":\"https:\/\/antersystem.com\/de\/case-studies\/gb-barriers\/\",\"name\":\"GB-Schranken - Anter System\",\"isPartOf\":{\"@id\":\"https:\/\/antersystem.com\/de\/#website\"},\"datePublished\":\"2023-09-01T09:13:45+00:00\",\"dateModified\":\"2026-01-30T00:31:27+00:00\",\"description\":\"F\u00fcr den weltweit gr\u00f6\u00dften amerikanischen Betreiber, der auf Kontraktlogistik spezialisiert ist, haben wir ein Projekt zum Schutz von F\u00f6rderb\u00e4ndern und\",\"breadcrumb\":{\"@id\":\"https:\/\/antersystem.com\/de\/case-studies\/gb-barriers\/#breadcrumb\"},\"inLanguage\":\"de\",\"potentialAction\":[{\"@type\":\"ReadAction\",\"target\":[\"https:\/\/antersystem.com\/de\/case-studies\/gb-barriers\/\"]}]},{\"@type\":\"BreadcrumbList\",\"@id\":\"https:\/\/antersystem.com\/de\/case-studies\/gb-barriers\/#breadcrumb\",\"itemListElement\":[{\"@type\":\"ListItem\",\"position\":1,\"name\":\"AnterSystem\",\"item\":\"https:\/\/antersystem.com\/de\/\"},{\"@type\":\"ListItem\",\"position\":2,\"name\":\"Fallstudien\",\"item\":\"https:\/\/antersystem.com\/de\/case-studies\/\"},{\"@type\":\"ListItem\",\"position\":3,\"name\":\"GB-Schranken\"}]},{\"@type\":\"WebSite\",\"@id\":\"https:\/\/antersystem.com\/de\/#website\",\"url\":\"https:\/\/antersystem.com\/de\/\",\"name\":\"Anter System\",\"description\":\"Jeste\u015bmy polskim producentem elastycznych barier ochronnych wykonywanych z polimerowych tworzyw sztucznych. Na rynku krajowym i zagranicznym dzia\u0142amy od ponad 15 lat dbaj\u0105c o zapewnienie bezpiecze\u0144stwa w zak\u0142adach produkcyjnych, magazynach oraz centrach logistycznych.\",\"potentialAction\":[{\"@type\":\"SearchAction\",\"target\":{\"@type\":\"EntryPoint\",\"urlTemplate\":\"https:\/\/antersystem.com\/de\/?s={search_term_string}\"},\"query-input\":{\"@type\":\"PropertyValueSpecification\",\"valueRequired\":true,\"valueName\":\"search_term_string\"}}],\"inLanguage\":\"de\"}]}<\/script>\n<!-- \/ Yoast SEO plugin. -->","yoast_head_json":{"title":"GB-Schranken - Anter System","description":"F\u00fcr den weltweit gr\u00f6\u00dften amerikanischen Betreiber, der auf Kontraktlogistik spezialisiert ist, haben wir ein Projekt zum Schutz von F\u00f6rderb\u00e4ndern und","robots":{"index":"index","follow":"follow","max-snippet":"max-snippet:-1","max-image-preview":"max-image-preview:large","max-video-preview":"max-video-preview:-1"},"canonical":"https:\/\/antersystem.com\/de\/case-studies\/gb-barriers\/","og_locale":"de_DE","og_type":"article","og_title":"GB-Schranken - Anter System","og_description":"F\u00fcr den weltweit gr\u00f6\u00dften amerikanischen Betreiber, der auf Kontraktlogistik spezialisiert ist, haben wir ein Projekt zum Schutz von F\u00f6rderb\u00e4ndern und","og_url":"https:\/\/antersystem.com\/de\/case-studies\/gb-barriers\/","og_site_name":"Anter System","article_modified_time":"2026-01-30T00:31:27+00:00","twitter_card":"summary_large_image","twitter_misc":{"Gesch\u00e4tzte Lesezeit":"1\u00a0Minute"},"schema":{"@context":"https:\/\/schema.org","@graph":[{"@type":"WebPage","@id":"https:\/\/antersystem.com\/de\/case-studies\/gb-barriers\/","url":"https:\/\/antersystem.com\/de\/case-studies\/gb-barriers\/","name":"GB-Schranken - Anter System","isPartOf":{"@id":"https:\/\/antersystem.com\/de\/#website"},"datePublished":"2023-09-01T09:13:45+00:00","dateModified":"2026-01-30T00:31:27+00:00","description":"F\u00fcr den weltweit gr\u00f6\u00dften amerikanischen Betreiber, der auf Kontraktlogistik spezialisiert ist, haben wir ein Projekt zum Schutz von F\u00f6rderb\u00e4ndern und","breadcrumb":{"@id":"https:\/\/antersystem.com\/de\/case-studies\/gb-barriers\/#breadcrumb"},"inLanguage":"de","potentialAction":[{"@type":"ReadAction","target":["https:\/\/antersystem.com\/de\/case-studies\/gb-barriers\/"]}]},{"@type":"BreadcrumbList","@id":"https:\/\/antersystem.com\/de\/case-studies\/gb-barriers\/#breadcrumb","itemListElement":[{"@type":"ListItem","position":1,"name":"AnterSystem","item":"https:\/\/antersystem.com\/de\/"},{"@type":"ListItem","position":2,"name":"Fallstudien","item":"https:\/\/antersystem.com\/de\/case-studies\/"},{"@type":"ListItem","position":3,"name":"GB-Schranken"}]},{"@type":"WebSite","@id":"https:\/\/antersystem.com\/de\/#website","url":"https:\/\/antersystem.com\/de\/","name":"Anter System","description":"Jeste\u015bmy polskim producentem elastycznych barier ochronnych wykonywanych z polimerowych tworzyw sztucznych. Na rynku krajowym i zagranicznym dzia\u0142amy od ponad 15 lat dbaj\u0105c o zapewnienie bezpiecze\u0144stwa w zak\u0142adach produkcyjnych, magazynach oraz centrach logistycznych.","potentialAction":[{"@type":"SearchAction","target":{"@type":"EntryPoint","urlTemplate":"https:\/\/antersystem.com\/de\/?s={search_term_string}"},"query-input":{"@type":"PropertyValueSpecification","valueRequired":true,"valueName":"search_term_string"}}],"inLanguage":"de"}]}},"_links":{"self":[{"href":"https:\/\/antersystem.com\/de\/wp-json\/wp\/v2\/pages\/12908","targetHints":{"allow":["GET"]}}],"collection":[{"href":"https:\/\/antersystem.com\/de\/wp-json\/wp\/v2\/pages"}],"about":[{"href":"https:\/\/antersystem.com\/de\/wp-json\/wp\/v2\/types\/page"}],"author":[{"embeddable":true,"href":"https:\/\/antersystem.com\/de\/wp-json\/wp\/v2\/users\/1"}],"replies":[{"embeddable":true,"href":"https:\/\/antersystem.com\/de\/wp-json\/wp\/v2\/comments?post=12908"}],"version-history":[{"count":1,"href":"https:\/\/antersystem.com\/de\/wp-json\/wp\/v2\/pages\/12908\/revisions"}],"predecessor-version":[{"id":12909,"href":"https:\/\/antersystem.com\/de\/wp-json\/wp\/v2\/pages\/12908\/revisions\/12909"}],"up":[{"embeddable":true,"href":"https:\/\/antersystem.com\/de\/wp-json\/wp\/v2\/pages\/12621"}],"wp:attachment":[{"href":"https:\/\/antersystem.com\/de\/wp-json\/wp\/v2\/media?parent=12908"}],"curies":[{"name":"wp","href":"https:\/\/api.w.org\/{rel}","templated":true}]}}