{"id":12949,"date":"2023-10-06T11:50:25","date_gmt":"2023-10-06T09:50:25","guid":{"rendered":"https:\/\/new.antersystem.com\/case-studies\/kb-kerb-barriers\/"},"modified":"2026-01-30T01:30:14","modified_gmt":"2026-01-30T00:30:14","slug":"kb-kerb-barriers","status":"publish","type":"page","link":"https:\/\/antersystem.com\/de\/case-studies\/kb-kerb-barriers\/","title":{"rendered":"KB Bordsteinabsperrungen"},"content":{"rendered":"\n<p><\/p>\n\n<div class=\"wp-block-columns is-layout-flex wp-container-core-columns-is-layout-9d6595d7 wp-block-columns-is-layout-flex\">\n<div class=\"wp-block-column is-layout-flow wp-block-column-is-layout-flow\" style=\"flex-basis:10%\"><\/div>\n\n\n\n<div class=\"wp-block-column is-layout-flow wp-block-column-is-layout-flow\">\n<p>Die Installation von KB Barriers f\u00fcr einen Kunden aus der Automobilindustrie bot eine effektive L\u00f6sung zur Sicherung des Palettenboxenlagers. Die KB-Barrieren von Anter System, die aus dem \u00e4u\u00dferst strapazierf\u00e4higen Ertax-Material bestehen, erwiesen sich als unverzichtbar, um Bewegungen zu verhindern und die korrekte Ausrichtung der Boxen beizubehalten.<\/p>\n\n\n\n<p>Dank seiner extremen Sto\u00dffestigkeit sorgt das Ertax-Material nicht nur f\u00fcr eine hervorragende Haltbarkeit, sondern minimiert auch das Risiko einer Besch\u00e4digung oder Verformung der Barrieren. Die Installation von KB Barriers trug zu einer verbesserten Lagereffizienz und erh\u00f6hter Sicherheit im Lager bei. Diese L\u00f6sung spart nicht nur Zeit und Kosten, sondern erh\u00f6ht auch die Gesamtfunktionalit\u00e4t des Palettenkastenlagers.<\/p>\n\n\n\nngg_shortcode_0_placeholder\n<\/div>\n\n\n\n<div class=\"wp-block-column is-layout-flow wp-block-column-is-layout-flow\" style=\"flex-basis:10%\"><\/div>\n<\/div>\n","protected":false},"excerpt":{"rendered":"<p>Die Installation von KB Barriers f\u00fcr einen Kunden aus der Automobilindustrie bot eine effektive L\u00f6sung zur Sicherung des Palettenboxenlagers. Die KB-Barrieren von Anter System, die aus dem \u00e4u\u00dferst strapazierf\u00e4higen Ertax-Material bestehen, erwiesen sich als unverzichtbar, um Bewegungen zu verhindern und die korrekte Ausrichtung der Boxen beizubehalten. Dank seiner extremen Sto\u00dffestigkeit sorgt das Ertax-Material nicht nur [&hellip;]<\/p>\n","protected":false},"author":1,"featured_media":0,"parent":12621,"menu_order":0,"comment_status":"closed","ping_status":"closed","template":"","meta":{"inline_featured_image":false,"ngg_post_thumbnail":0,"footnotes":""},"class_list":["post-12949","page","type-page","status-publish","hentry"],"acf":[],"yoast_head":"<!-- This site is optimized with the Yoast SEO plugin v27.0 - https:\/\/yoast.com\/product\/yoast-seo-wordpress\/ -->\n<title>KB Bordsteinabsperrungen - Anter System<\/title>\n<meta name=\"description\" content=\"Die Installation von KB Barriers f\u00fcr einen Kunden aus der Automobilindustrie bot eine effektive L\u00f6sung zur Sicherung des Palettenboxenlagers. Die\" \/>\n<meta name=\"robots\" content=\"index, follow, max-snippet:-1, max-image-preview:large, max-video-preview:-1\" \/>\n<link rel=\"canonical\" href=\"https:\/\/antersystem.com\/de\/case-studies\/kb-kerb-barriers\/\" \/>\n<meta property=\"og:locale\" content=\"de_DE\" \/>\n<meta property=\"og:type\" content=\"article\" \/>\n<meta property=\"og:title\" content=\"KB Bordsteinabsperrungen - Anter System\" \/>\n<meta property=\"og:description\" content=\"Die Installation von KB Barriers f\u00fcr einen Kunden aus der Automobilindustrie bot eine effektive L\u00f6sung zur Sicherung des Palettenboxenlagers. Die\" \/>\n<meta property=\"og:url\" content=\"https:\/\/antersystem.com\/de\/case-studies\/kb-kerb-barriers\/\" \/>\n<meta property=\"og:site_name\" content=\"Anter System\" \/>\n<meta property=\"article:modified_time\" content=\"2026-01-30T00:30:14+00:00\" \/>\n<meta name=\"twitter:card\" content=\"summary_large_image\" \/>\n<meta name=\"twitter:label1\" content=\"Gesch\u00e4tzte Lesezeit\" \/>\n\t<meta name=\"twitter:data1\" content=\"1\u00a0Minute\" \/>\n<script type=\"application\/ld+json\" class=\"yoast-schema-graph\">{\"@context\":\"https:\/\/schema.org\",\"@graph\":[{\"@type\":\"WebPage\",\"@id\":\"https:\/\/antersystem.com\/de\/case-studies\/kb-kerb-barriers\/\",\"url\":\"https:\/\/antersystem.com\/de\/case-studies\/kb-kerb-barriers\/\",\"name\":\"KB Bordsteinabsperrungen - Anter System\",\"isPartOf\":{\"@id\":\"https:\/\/antersystem.com\/de\/#website\"},\"datePublished\":\"2023-10-06T09:50:25+00:00\",\"dateModified\":\"2026-01-30T00:30:14+00:00\",\"description\":\"Die Installation von KB Barriers f\u00fcr einen Kunden aus der Automobilindustrie bot eine effektive L\u00f6sung zur Sicherung des Palettenboxenlagers. Die\",\"breadcrumb\":{\"@id\":\"https:\/\/antersystem.com\/de\/case-studies\/kb-kerb-barriers\/#breadcrumb\"},\"inLanguage\":\"de\",\"potentialAction\":[{\"@type\":\"ReadAction\",\"target\":[\"https:\/\/antersystem.com\/de\/case-studies\/kb-kerb-barriers\/\"]}]},{\"@type\":\"BreadcrumbList\",\"@id\":\"https:\/\/antersystem.com\/de\/case-studies\/kb-kerb-barriers\/#breadcrumb\",\"itemListElement\":[{\"@type\":\"ListItem\",\"position\":1,\"name\":\"AnterSystem\",\"item\":\"https:\/\/antersystem.com\/de\/\"},{\"@type\":\"ListItem\",\"position\":2,\"name\":\"Fallstudien\",\"item\":\"https:\/\/antersystem.com\/de\/case-studies\/\"},{\"@type\":\"ListItem\",\"position\":3,\"name\":\"KB Bordsteinabsperrungen\"}]},{\"@type\":\"WebSite\",\"@id\":\"https:\/\/antersystem.com\/de\/#website\",\"url\":\"https:\/\/antersystem.com\/de\/\",\"name\":\"Anter System\",\"description\":\"Jeste\u015bmy polskim producentem elastycznych barier ochronnych wykonywanych z polimerowych tworzyw sztucznych. Na rynku krajowym i zagranicznym dzia\u0142amy od ponad 15 lat dbaj\u0105c o zapewnienie bezpiecze\u0144stwa w zak\u0142adach produkcyjnych, magazynach oraz centrach logistycznych.\",\"potentialAction\":[{\"@type\":\"SearchAction\",\"target\":{\"@type\":\"EntryPoint\",\"urlTemplate\":\"https:\/\/antersystem.com\/de\/?s={search_term_string}\"},\"query-input\":{\"@type\":\"PropertyValueSpecification\",\"valueRequired\":true,\"valueName\":\"search_term_string\"}}],\"inLanguage\":\"de\"}]}<\/script>\n<!-- \/ Yoast SEO plugin. -->","yoast_head_json":{"title":"KB Bordsteinabsperrungen - Anter System","description":"Die Installation von KB Barriers f\u00fcr einen Kunden aus der Automobilindustrie bot eine effektive L\u00f6sung zur Sicherung des Palettenboxenlagers. Die","robots":{"index":"index","follow":"follow","max-snippet":"max-snippet:-1","max-image-preview":"max-image-preview:large","max-video-preview":"max-video-preview:-1"},"canonical":"https:\/\/antersystem.com\/de\/case-studies\/kb-kerb-barriers\/","og_locale":"de_DE","og_type":"article","og_title":"KB Bordsteinabsperrungen - Anter System","og_description":"Die Installation von KB Barriers f\u00fcr einen Kunden aus der Automobilindustrie bot eine effektive L\u00f6sung zur Sicherung des Palettenboxenlagers. Die","og_url":"https:\/\/antersystem.com\/de\/case-studies\/kb-kerb-barriers\/","og_site_name":"Anter System","article_modified_time":"2026-01-30T00:30:14+00:00","twitter_card":"summary_large_image","twitter_misc":{"Gesch\u00e4tzte Lesezeit":"1\u00a0Minute"},"schema":{"@context":"https:\/\/schema.org","@graph":[{"@type":"WebPage","@id":"https:\/\/antersystem.com\/de\/case-studies\/kb-kerb-barriers\/","url":"https:\/\/antersystem.com\/de\/case-studies\/kb-kerb-barriers\/","name":"KB Bordsteinabsperrungen - Anter System","isPartOf":{"@id":"https:\/\/antersystem.com\/de\/#website"},"datePublished":"2023-10-06T09:50:25+00:00","dateModified":"2026-01-30T00:30:14+00:00","description":"Die Installation von KB Barriers f\u00fcr einen Kunden aus der Automobilindustrie bot eine effektive L\u00f6sung zur Sicherung des Palettenboxenlagers. Die","breadcrumb":{"@id":"https:\/\/antersystem.com\/de\/case-studies\/kb-kerb-barriers\/#breadcrumb"},"inLanguage":"de","potentialAction":[{"@type":"ReadAction","target":["https:\/\/antersystem.com\/de\/case-studies\/kb-kerb-barriers\/"]}]},{"@type":"BreadcrumbList","@id":"https:\/\/antersystem.com\/de\/case-studies\/kb-kerb-barriers\/#breadcrumb","itemListElement":[{"@type":"ListItem","position":1,"name":"AnterSystem","item":"https:\/\/antersystem.com\/de\/"},{"@type":"ListItem","position":2,"name":"Fallstudien","item":"https:\/\/antersystem.com\/de\/case-studies\/"},{"@type":"ListItem","position":3,"name":"KB Bordsteinabsperrungen"}]},{"@type":"WebSite","@id":"https:\/\/antersystem.com\/de\/#website","url":"https:\/\/antersystem.com\/de\/","name":"Anter System","description":"Jeste\u015bmy polskim producentem elastycznych barier ochronnych wykonywanych z polimerowych tworzyw sztucznych. Na rynku krajowym i zagranicznym dzia\u0142amy od ponad 15 lat dbaj\u0105c o zapewnienie bezpiecze\u0144stwa w zak\u0142adach produkcyjnych, magazynach oraz centrach logistycznych.","potentialAction":[{"@type":"SearchAction","target":{"@type":"EntryPoint","urlTemplate":"https:\/\/antersystem.com\/de\/?s={search_term_string}"},"query-input":{"@type":"PropertyValueSpecification","valueRequired":true,"valueName":"search_term_string"}}],"inLanguage":"de"}]}},"_links":{"self":[{"href":"https:\/\/antersystem.com\/de\/wp-json\/wp\/v2\/pages\/12949","targetHints":{"allow":["GET"]}}],"collection":[{"href":"https:\/\/antersystem.com\/de\/wp-json\/wp\/v2\/pages"}],"about":[{"href":"https:\/\/antersystem.com\/de\/wp-json\/wp\/v2\/types\/page"}],"author":[{"embeddable":true,"href":"https:\/\/antersystem.com\/de\/wp-json\/wp\/v2\/users\/1"}],"replies":[{"embeddable":true,"href":"https:\/\/antersystem.com\/de\/wp-json\/wp\/v2\/comments?post=12949"}],"version-history":[{"count":1,"href":"https:\/\/antersystem.com\/de\/wp-json\/wp\/v2\/pages\/12949\/revisions"}],"predecessor-version":[{"id":12954,"href":"https:\/\/antersystem.com\/de\/wp-json\/wp\/v2\/pages\/12949\/revisions\/12954"}],"up":[{"embeddable":true,"href":"https:\/\/antersystem.com\/de\/wp-json\/wp\/v2\/pages\/12621"}],"wp:attachment":[{"href":"https:\/\/antersystem.com\/de\/wp-json\/wp\/v2\/media?parent=12949"}],"curies":[{"name":"wp","href":"https:\/\/api.w.org\/{rel}","templated":true}]}}