{"id":12981,"date":"2023-08-28T15:34:49","date_gmt":"2023-08-28T13:34:49","guid":{"rendered":"https:\/\/new.antersystem.com\/case-studies\/high-storage-barriers-wroclaw\/"},"modified":"2026-01-30T01:30:58","modified_gmt":"2026-01-30T00:30:58","slug":"high-storage-barriers-wroclaw","status":"publish","type":"page","link":"https:\/\/antersystem.com\/de\/case-studies\/high-storage-barriers-wroclaw\/","title":{"rendered":"Hohe Speicherbarrieren in Breslau"},"content":{"rendered":"\n<div class=\"wp-block-columns is-layout-flex wp-container-core-columns-is-layout-9d6595d7 wp-block-columns-is-layout-flex\">\n<div class=\"wp-block-column is-layout-flow wp-block-column-is-layout-flow\" style=\"flex-basis:10%\"><\/div>\n\n\n\n<div class=\"wp-block-column is-layout-flow wp-block-column-is-layout-flow\" style=\"flex-basis:80%\">\n<p class=\"justify-mru\">Ein Unternehmen, das in Europa f\u00fchrend in der Herstellung von Kabeln f\u00fcr die Automobilindustrie ist, hatte lange Zeit Probleme mit der Sicherung von Lagerpl\u00e4tzen f\u00fcr Stapel schwerer Produkte.<\/p>\n\n\n\n<p class=\"justify-mru\">Das Unternehmen untersuchte und konsultierte verschiedene Schutzl\u00f6sungen. Letztendlich entschied man sich f\u00fcr die L\u00f6sung von Anter System, da sie durch ihr robustes Design, die einfache Installation auf engem Raum und &#8211; was f\u00fcr den Kunden entscheidend war &#8211; die hochwertige Verarbeitung \u00fcberzeugte.<\/p>\n\n\n\n<p class=\"justify-mru\">Durch die Implementierung unserer L\u00f6sung &#8211; Wall Protector Hochregallagerbarrieren &#8211; hat das Unternehmen nicht nur die Sicherheit der Arbeitspl\u00e4tze und Verkehrswege erh\u00f6ht, sondern auch die Bereiche, in denen Kabel gelagert werden, besser genutzt. Sie haben ihr Ziel erreicht, das Risiko zu verringern, das mit dem Umkippen von gelagertem Material in der N\u00e4he von Arbeitspl\u00e4tzen und Fu\u00dfg\u00e4nger-\/Fahrzeugwegen verbunden ist.  <\/p>\n\n\n\nngg_shortcode_0_placeholder\n<\/div>\n\n\n\n<div class=\"wp-block-column is-layout-flow wp-block-column-is-layout-flow\" style=\"flex-basis:10%\"><\/div>\n<\/div>\n","protected":false},"excerpt":{"rendered":"<p>Ein Unternehmen, das in Europa f\u00fchrend in der Herstellung von Kabeln f\u00fcr die Automobilindustrie ist, hatte lange Zeit Probleme mit der Sicherung von Lagerpl\u00e4tzen f\u00fcr Stapel schwerer Produkte. Das Unternehmen untersuchte und konsultierte verschiedene Schutzl\u00f6sungen. Letztendlich entschied man sich f\u00fcr die L\u00f6sung von Anter System, da sie durch ihr robustes Design, die einfache Installation auf [&hellip;]<\/p>\n","protected":false},"author":1,"featured_media":0,"parent":12621,"menu_order":0,"comment_status":"closed","ping_status":"closed","template":"","meta":{"inline_featured_image":false,"ngg_post_thumbnail":0,"footnotes":""},"class_list":["post-12981","page","type-page","status-publish","hentry"],"acf":[],"yoast_head":"<!-- This site is optimized with the Yoast SEO plugin v27.0 - https:\/\/yoast.com\/product\/yoast-seo-wordpress\/ -->\n<title>Hohe Speicherbarrieren in Breslau - Anter System<\/title>\n<meta name=\"description\" content=\"Ein Unternehmen, das in Europa f\u00fchrend in der Herstellung von Kabeln f\u00fcr die Automobilindustrie ist, hatte lange Zeit Probleme mit der Sicherung von\" \/>\n<meta name=\"robots\" content=\"index, follow, max-snippet:-1, max-image-preview:large, max-video-preview:-1\" \/>\n<link rel=\"canonical\" href=\"https:\/\/antersystem.com\/de\/case-studies\/high-storage-barriers-wroclaw\/\" \/>\n<meta property=\"og:locale\" content=\"de_DE\" \/>\n<meta property=\"og:type\" content=\"article\" \/>\n<meta property=\"og:title\" content=\"Hohe Speicherbarrieren in Breslau - Anter System\" \/>\n<meta property=\"og:description\" content=\"Ein Unternehmen, das in Europa f\u00fchrend in der Herstellung von Kabeln f\u00fcr die Automobilindustrie ist, hatte lange Zeit Probleme mit der Sicherung von\" \/>\n<meta property=\"og:url\" content=\"https:\/\/antersystem.com\/de\/case-studies\/high-storage-barriers-wroclaw\/\" \/>\n<meta property=\"og:site_name\" content=\"Anter System\" \/>\n<meta property=\"article:modified_time\" content=\"2026-01-30T00:30:58+00:00\" \/>\n<meta name=\"twitter:card\" content=\"summary_large_image\" \/>\n<meta name=\"twitter:label1\" content=\"Gesch\u00e4tzte Lesezeit\" \/>\n\t<meta name=\"twitter:data1\" content=\"1\u00a0Minute\" \/>\n<script type=\"application\/ld+json\" class=\"yoast-schema-graph\">{\"@context\":\"https:\/\/schema.org\",\"@graph\":[{\"@type\":\"WebPage\",\"@id\":\"https:\/\/antersystem.com\/de\/case-studies\/high-storage-barriers-wroclaw\/\",\"url\":\"https:\/\/antersystem.com\/de\/case-studies\/high-storage-barriers-wroclaw\/\",\"name\":\"Hohe Speicherbarrieren in Breslau - Anter System\",\"isPartOf\":{\"@id\":\"https:\/\/antersystem.com\/de\/#website\"},\"datePublished\":\"2023-08-28T13:34:49+00:00\",\"dateModified\":\"2026-01-30T00:30:58+00:00\",\"description\":\"Ein Unternehmen, das in Europa f\u00fchrend in der Herstellung von Kabeln f\u00fcr die Automobilindustrie ist, hatte lange Zeit Probleme mit der Sicherung von\",\"breadcrumb\":{\"@id\":\"https:\/\/antersystem.com\/de\/case-studies\/high-storage-barriers-wroclaw\/#breadcrumb\"},\"inLanguage\":\"de\",\"potentialAction\":[{\"@type\":\"ReadAction\",\"target\":[\"https:\/\/antersystem.com\/de\/case-studies\/high-storage-barriers-wroclaw\/\"]}]},{\"@type\":\"BreadcrumbList\",\"@id\":\"https:\/\/antersystem.com\/de\/case-studies\/high-storage-barriers-wroclaw\/#breadcrumb\",\"itemListElement\":[{\"@type\":\"ListItem\",\"position\":1,\"name\":\"AnterSystem\",\"item\":\"https:\/\/antersystem.com\/de\/\"},{\"@type\":\"ListItem\",\"position\":2,\"name\":\"Fallstudien\",\"item\":\"https:\/\/antersystem.com\/de\/case-studies\/\"},{\"@type\":\"ListItem\",\"position\":3,\"name\":\"Hohe Speicherbarrieren in Breslau\"}]},{\"@type\":\"WebSite\",\"@id\":\"https:\/\/antersystem.com\/de\/#website\",\"url\":\"https:\/\/antersystem.com\/de\/\",\"name\":\"Anter System\",\"description\":\"Jeste\u015bmy polskim producentem elastycznych barier ochronnych wykonywanych z polimerowych tworzyw sztucznych. Na rynku krajowym i zagranicznym dzia\u0142amy od ponad 15 lat dbaj\u0105c o zapewnienie bezpiecze\u0144stwa w zak\u0142adach produkcyjnych, magazynach oraz centrach logistycznych.\",\"potentialAction\":[{\"@type\":\"SearchAction\",\"target\":{\"@type\":\"EntryPoint\",\"urlTemplate\":\"https:\/\/antersystem.com\/de\/?s={search_term_string}\"},\"query-input\":{\"@type\":\"PropertyValueSpecification\",\"valueRequired\":true,\"valueName\":\"search_term_string\"}}],\"inLanguage\":\"de\"}]}<\/script>\n<!-- \/ Yoast SEO plugin. -->","yoast_head_json":{"title":"Hohe Speicherbarrieren in Breslau - Anter System","description":"Ein Unternehmen, das in Europa f\u00fchrend in der Herstellung von Kabeln f\u00fcr die Automobilindustrie ist, hatte lange Zeit Probleme mit der Sicherung von","robots":{"index":"index","follow":"follow","max-snippet":"max-snippet:-1","max-image-preview":"max-image-preview:large","max-video-preview":"max-video-preview:-1"},"canonical":"https:\/\/antersystem.com\/de\/case-studies\/high-storage-barriers-wroclaw\/","og_locale":"de_DE","og_type":"article","og_title":"Hohe Speicherbarrieren in Breslau - Anter System","og_description":"Ein Unternehmen, das in Europa f\u00fchrend in der Herstellung von Kabeln f\u00fcr die Automobilindustrie ist, hatte lange Zeit Probleme mit der Sicherung von","og_url":"https:\/\/antersystem.com\/de\/case-studies\/high-storage-barriers-wroclaw\/","og_site_name":"Anter System","article_modified_time":"2026-01-30T00:30:58+00:00","twitter_card":"summary_large_image","twitter_misc":{"Gesch\u00e4tzte Lesezeit":"1\u00a0Minute"},"schema":{"@context":"https:\/\/schema.org","@graph":[{"@type":"WebPage","@id":"https:\/\/antersystem.com\/de\/case-studies\/high-storage-barriers-wroclaw\/","url":"https:\/\/antersystem.com\/de\/case-studies\/high-storage-barriers-wroclaw\/","name":"Hohe Speicherbarrieren in Breslau - Anter System","isPartOf":{"@id":"https:\/\/antersystem.com\/de\/#website"},"datePublished":"2023-08-28T13:34:49+00:00","dateModified":"2026-01-30T00:30:58+00:00","description":"Ein Unternehmen, das in Europa f\u00fchrend in der Herstellung von Kabeln f\u00fcr die Automobilindustrie ist, hatte lange Zeit Probleme mit der Sicherung von","breadcrumb":{"@id":"https:\/\/antersystem.com\/de\/case-studies\/high-storage-barriers-wroclaw\/#breadcrumb"},"inLanguage":"de","potentialAction":[{"@type":"ReadAction","target":["https:\/\/antersystem.com\/de\/case-studies\/high-storage-barriers-wroclaw\/"]}]},{"@type":"BreadcrumbList","@id":"https:\/\/antersystem.com\/de\/case-studies\/high-storage-barriers-wroclaw\/#breadcrumb","itemListElement":[{"@type":"ListItem","position":1,"name":"AnterSystem","item":"https:\/\/antersystem.com\/de\/"},{"@type":"ListItem","position":2,"name":"Fallstudien","item":"https:\/\/antersystem.com\/de\/case-studies\/"},{"@type":"ListItem","position":3,"name":"Hohe Speicherbarrieren in Breslau"}]},{"@type":"WebSite","@id":"https:\/\/antersystem.com\/de\/#website","url":"https:\/\/antersystem.com\/de\/","name":"Anter System","description":"Jeste\u015bmy polskim producentem elastycznych barier ochronnych wykonywanych z polimerowych tworzyw sztucznych. Na rynku krajowym i zagranicznym dzia\u0142amy od ponad 15 lat dbaj\u0105c o zapewnienie bezpiecze\u0144stwa w zak\u0142adach produkcyjnych, magazynach oraz centrach logistycznych.","potentialAction":[{"@type":"SearchAction","target":{"@type":"EntryPoint","urlTemplate":"https:\/\/antersystem.com\/de\/?s={search_term_string}"},"query-input":{"@type":"PropertyValueSpecification","valueRequired":true,"valueName":"search_term_string"}}],"inLanguage":"de"}]}},"_links":{"self":[{"href":"https:\/\/antersystem.com\/de\/wp-json\/wp\/v2\/pages\/12981","targetHints":{"allow":["GET"]}}],"collection":[{"href":"https:\/\/antersystem.com\/de\/wp-json\/wp\/v2\/pages"}],"about":[{"href":"https:\/\/antersystem.com\/de\/wp-json\/wp\/v2\/types\/page"}],"author":[{"embeddable":true,"href":"https:\/\/antersystem.com\/de\/wp-json\/wp\/v2\/users\/1"}],"replies":[{"embeddable":true,"href":"https:\/\/antersystem.com\/de\/wp-json\/wp\/v2\/comments?post=12981"}],"version-history":[{"count":1,"href":"https:\/\/antersystem.com\/de\/wp-json\/wp\/v2\/pages\/12981\/revisions"}],"predecessor-version":[{"id":12982,"href":"https:\/\/antersystem.com\/de\/wp-json\/wp\/v2\/pages\/12981\/revisions\/12982"}],"up":[{"embeddable":true,"href":"https:\/\/antersystem.com\/de\/wp-json\/wp\/v2\/pages\/12621"}],"wp:attachment":[{"href":"https:\/\/antersystem.com\/de\/wp-json\/wp\/v2\/media?parent=12981"}],"curies":[{"name":"wp","href":"https:\/\/api.w.org\/{rel}","templated":true}]}}