{"id":13011,"date":"2024-12-06T14:52:25","date_gmt":"2024-12-06T13:52:25","guid":{"rendered":"https:\/\/new.antersystem.com\/case-studies\/pa-bollards-gb-barriers-cold-storage-facility\/"},"modified":"2026-01-31T22:28:52","modified_gmt":"2026-01-31T21:28:52","slug":"pa-bollards-gb-barriers-cold-storage-facility","status":"publish","type":"page","link":"https:\/\/antersystem.com\/de\/case-studies\/pa-bollards-gb-barriers-cold-storage-facility\/","title":{"rendered":"PA-Poller und GB-Sperren in einem K\u00fchlhaus"},"content":{"rendered":"\n<div class=\"wp-block-columns is-layout-flex wp-container-core-columns-is-layout-9d6595d7 wp-block-columns-is-layout-flex\">\n<div class=\"wp-block-column is-layout-flow wp-block-column-is-layout-flow\" style=\"flex-basis:10%\"><\/div>\n\n\n\n<div class=\"wp-block-column is-layout-flow wp-block-column-is-layout-flow\">\n<h2 class=\"wp-block-heading\">PA Schutzpoller und GB HD+ Barrieren. Effektiver Schutz der Infrastruktur bei niedrigen Temperaturen<\/h2>\n\n\n\n<p>Bei einem unserer Projekte f\u00fcr industrielle Sicherheit, das wir f\u00fcr ein neu gebautes K\u00fchllager durchgef\u00fchrt haben, standen wir vor der Herausforderung, wichtige Infrastrukturelemente zu sch\u00fctzen, die potenziellen Sch\u00e4den ausgesetzt sind. Der intensive Verkehr von Gabelstaplern und manuellen Transportwagen erforderte L\u00f6sungen, die nicht nur kritische Bereiche der Anlage sch\u00fctzen, sondern auch <strong>extremen Bedingungen standhalten<\/strong> &#8211; Temperaturen von bis zu -40\u00b0C.<\/p>\n\n\n\n<p>Der Umfang des Projekts umfasste den Schutz von Elementen wie Eingangstoren, Laderampen, Sanit\u00e4ranlagen und W\u00e4nden in Produktions- und Lagerbereichen. Dar\u00fcber hinaus mussten die L\u00f6sungen den hohen hygienischen Anforderungen in der Lebensmittelindustrie entsprechen.<\/p>\n\n\n\n<h3 class=\"wp-block-heading\">Implementierung<\/h3>\n\n\n\n<p>Der Prozess begann mit einer <strong>detaillierten Pr\u00fcfung des Standorts<\/strong>, die es uns erm\u00f6glichte, die am meisten gef\u00e4hrdeten Bereiche zu identifizieren. Die Zusammenarbeit mit dem Kunden war in jeder Phase entscheidend &#8211; von der Bedarfsanalyse bis zur Implementierung geeigneter Produkte. Unsere Aufgabe bestand nicht nur darin, effektiven Schutz zu bieten, sondern auch eine L\u00f6sung zu entwerfen, die langlebig, \u00e4sthetisch und funktional im t\u00e4glichen Gebrauch ist.<\/p>\n\n\n\n<p>Zum Schutz der Infrastruktur haben wir flexible <a href=\"https:\/\/antersystem.com\/produkty\/elastyczny-slup-ochronny-pa\/\">PA Schutzpoller<\/a>, Fu\u00dfg\u00e4nger R2 GB Barrieren und <a href=\"https:\/\/antersystem.com\/produkty\/elastyczna-bariera-gb-hd\/\">GB Bodenbarrieren<\/a> verwendet. Die PA-Schutzpoller wurden an Eingangstoren, Laderampen und T\u00fcren installiert, die von Fahrzeugen und manuellen Transportwagen benutzt werden. Sie wurden auch in der N\u00e4he von Sanit\u00e4ranlagen wie Waschbecken aufgestellt, um sie vor versehentlichen St\u00f6\u00dfen zu sch\u00fctzen.<\/p>\n\n\n\n<p>Entlang der W\u00e4nde, die dem Kontakt mit Gabelstaplergabeln ausgesetzt sind, haben wir flexible <a href=\"https:\/\/antersystem.com\/produkty\/elastyczna-bariera-pedestrian-r2-gb\/\">PEDESTRIAN R2 GB<\/a> Schutzw\u00e4nde sowie GB Bodenbarrieren installiert. Diese L\u00f6sungen bieten einen wirksamen Schutz f\u00fcr die unteren Bereiche der W\u00e4nde gegen mechanische Besch\u00e4digungen.<\/p>\n\n\n\n<p>Ein wichtiger Aspekt bei der Umsetzung war die Verwendung einer speziellen Produktlinie, die <strong>f\u00fcr den Betrieb bei extrem niedrigen Temperaturen<\/strong> ausgelegt ist. Selbst in kalten Lagerumgebungen behalten diese L\u00f6sungen ihre Flexibilit\u00e4t und Langlebigkeit, d.h. sie k\u00f6nnen St\u00f6\u00dfen standhalten, ohne zu brechen oder auseinanderzubrechen. Die verwendeten Produkte sind aus hochwertigen Polymermaterialien hergestellt, die auch gegen Korrosion und andere mechanische Besch\u00e4digungen resistent sind.<\/p>\n\n\n\n<h3 class=\"wp-block-heading\">Ergebnisse<\/h3>\n\n\n\n<p>Die implementierten L\u00f6sungen boten eine Reihe von Vorteilen. Wir sorgten f\u00fcr einen effektiven Schutz der Infrastruktur, so dass der Kunde Kosten f\u00fcr m\u00f6gliche Reparaturen an Toren, Docks oder Sanit\u00e4ranlagen vermeiden konnte. Dank der richtigen Platzierung der Schutzelemente funktioniert die gesamte Anlage wie ein koh\u00e4rentes Sicherheitssystem, das das Risiko von Sch\u00e4den im t\u00e4glichen Betrieb minimiert.<\/p>\n\n\n\n<p>Die von Anter System f\u00fcr Schutzw\u00e4nde und Poller verwendeten Materialien sind leicht sauber zu halten, was in der Lebensmittelindustrie unerl\u00e4sslich ist. <a href=\"https:\/\/antersystem.com\/wiedza-i-nowosci\/standardy-higieniczne\/\">Sie erf\u00fcllen die strengen HACCP- und FDA-Anforderungen<\/a>, was ihre Sicherheit beim Kontakt mit Lebensmitteln best\u00e4tigt. Dar\u00fcber hinaus haben wir bei der Installation interne Montagel\u00f6sungen verwendet, die f\u00fcr Bereiche bestimmt sind, die h\u00f6chste Hygienestandards erfordern.<\/p>\n\n\n\n<p>Der Hauptvorteil der implementierten L\u00f6sung ist ihre Widerstandsf\u00e4higkeit gegen\u00fcber niedrigen Temperaturen. Die flexiblen Anter System Barrieren aus der Produktlinie f\u00fcr sehr niedrige Temperaturen behalten ihre volle Funktionalit\u00e4t bei Temperaturen von <strong>bis zu -40\u00b0C<\/strong> und sind damit die ideale Wahl f\u00fcr K\u00fchlh\u00e4user und Tiefk\u00fchlr\u00e4ume.<\/p>\n\n\n\n<h3 class=\"wp-block-heading\">Zusammenfassung<\/h3>\n\n\n\n<p>Das K\u00fchlhausprojekt ist ein weiteres Beispiel f\u00fcr den effektiven Einsatz von Anter System Schutzwandsystemen unter besonderen Bedingungen. Die Kombination aus <strong>Flexibilit\u00e4t, Haltbarkeit und \u00c4sthetik<\/strong> sorgte daf\u00fcr, dass die implementierten Barrieren und Schutzpoller die Erwartungen des Kunden voll erf\u00fcllten. Dank der sorgf\u00e4ltigen Planung, der richtigen Produktauswahl und der professionellen Ausf\u00fchrung wurde die Anlage umfassend gesch\u00fctzt, was zu erh\u00f6hter Sicherheit und geringeren potenziellen Reparaturkosten f\u00fchrte.<\/p>\n<\/div>\n\n\n\n<div class=\"wp-block-column is-layout-flow wp-block-column-is-layout-flow\" style=\"flex-basis:10%\"><\/div>\n<\/div>\n\nngg_shortcode_0_placeholder\n","protected":false},"excerpt":{"rendered":"<p>PA Schutzpoller und GB HD+ Barrieren. Effektiver Schutz der Infrastruktur bei niedrigen Temperaturen Bei einem unserer Projekte f\u00fcr industrielle Sicherheit, das wir f\u00fcr ein neu gebautes K\u00fchllager durchgef\u00fchrt haben, standen wir vor der Herausforderung, wichtige Infrastrukturelemente zu sch\u00fctzen, die potenziellen Sch\u00e4den ausgesetzt sind. Der intensive Verkehr von Gabelstaplern und manuellen Transportwagen erforderte L\u00f6sungen, die nicht [&hellip;]<\/p>\n","protected":false},"author":1,"featured_media":0,"parent":12621,"menu_order":0,"comment_status":"closed","ping_status":"closed","template":"","meta":{"inline_featured_image":false,"ngg_post_thumbnail":0,"footnotes":""},"class_list":["post-13011","page","type-page","status-publish","hentry"],"acf":[],"yoast_head":"<!-- This site is optimized with the Yoast SEO plugin v27.0 - https:\/\/yoast.com\/product\/yoast-seo-wordpress\/ -->\n<title>PA-Poller und GB-Sperren in einem K\u00fchlhaus - Anter System<\/title>\n<meta name=\"description\" content=\"PA Schutzpoller und GB HD+ Barrieren. Effektiver Schutz der Infrastruktur bei niedrigen Temperaturen Bei einem unserer Projekte f\u00fcr industrielle\" \/>\n<meta name=\"robots\" content=\"index, follow, max-snippet:-1, max-image-preview:large, max-video-preview:-1\" \/>\n<link rel=\"canonical\" href=\"https:\/\/antersystem.com\/de\/case-studies\/pa-bollards-gb-barriers-cold-storage-facility\/\" \/>\n<meta property=\"og:locale\" content=\"de_DE\" \/>\n<meta property=\"og:type\" content=\"article\" \/>\n<meta property=\"og:title\" content=\"PA-Poller und GB-Sperren in einem K\u00fchlhaus - Anter System\" \/>\n<meta property=\"og:description\" content=\"PA Schutzpoller und GB HD+ Barrieren. Effektiver Schutz der Infrastruktur bei niedrigen Temperaturen Bei einem unserer Projekte f\u00fcr industrielle\" \/>\n<meta property=\"og:url\" content=\"https:\/\/antersystem.com\/de\/case-studies\/pa-bollards-gb-barriers-cold-storage-facility\/\" \/>\n<meta property=\"og:site_name\" content=\"Anter System\" \/>\n<meta property=\"article:modified_time\" content=\"2026-01-31T21:28:52+00:00\" \/>\n<meta name=\"twitter:card\" content=\"summary_large_image\" \/>\n<meta name=\"twitter:label1\" content=\"Gesch\u00e4tzte Lesezeit\" \/>\n\t<meta name=\"twitter:data1\" content=\"3\u00a0Minuten\" \/>\n<script type=\"application\/ld+json\" class=\"yoast-schema-graph\">{\"@context\":\"https:\/\/schema.org\",\"@graph\":[{\"@type\":\"WebPage\",\"@id\":\"https:\/\/antersystem.com\/de\/case-studies\/pa-bollards-gb-barriers-cold-storage-facility\/\",\"url\":\"https:\/\/antersystem.com\/de\/case-studies\/pa-bollards-gb-barriers-cold-storage-facility\/\",\"name\":\"PA-Poller und GB-Sperren in einem K\u00fchlhaus - Anter System\",\"isPartOf\":{\"@id\":\"https:\/\/antersystem.com\/de\/#website\"},\"datePublished\":\"2024-12-06T13:52:25+00:00\",\"dateModified\":\"2026-01-31T21:28:52+00:00\",\"description\":\"PA Schutzpoller und GB HD+ Barrieren. Effektiver Schutz der Infrastruktur bei niedrigen Temperaturen Bei einem unserer Projekte f\u00fcr industrielle\",\"breadcrumb\":{\"@id\":\"https:\/\/antersystem.com\/de\/case-studies\/pa-bollards-gb-barriers-cold-storage-facility\/#breadcrumb\"},\"inLanguage\":\"de\",\"potentialAction\":[{\"@type\":\"ReadAction\",\"target\":[\"https:\/\/antersystem.com\/de\/case-studies\/pa-bollards-gb-barriers-cold-storage-facility\/\"]}]},{\"@type\":\"BreadcrumbList\",\"@id\":\"https:\/\/antersystem.com\/de\/case-studies\/pa-bollards-gb-barriers-cold-storage-facility\/#breadcrumb\",\"itemListElement\":[{\"@type\":\"ListItem\",\"position\":1,\"name\":\"AnterSystem\",\"item\":\"https:\/\/antersystem.com\/de\/\"},{\"@type\":\"ListItem\",\"position\":2,\"name\":\"Fallstudien\",\"item\":\"https:\/\/antersystem.com\/de\/case-studies\/\"},{\"@type\":\"ListItem\",\"position\":3,\"name\":\"PA-Poller und GB-Sperren in einem K\u00fchlhaus\"}]},{\"@type\":\"WebSite\",\"@id\":\"https:\/\/antersystem.com\/de\/#website\",\"url\":\"https:\/\/antersystem.com\/de\/\",\"name\":\"Anter System\",\"description\":\"Jeste\u015bmy polskim producentem elastycznych barier ochronnych wykonywanych z polimerowych tworzyw sztucznych. Na rynku krajowym i zagranicznym dzia\u0142amy od ponad 15 lat dbaj\u0105c o zapewnienie bezpiecze\u0144stwa w zak\u0142adach produkcyjnych, magazynach oraz centrach logistycznych.\",\"potentialAction\":[{\"@type\":\"SearchAction\",\"target\":{\"@type\":\"EntryPoint\",\"urlTemplate\":\"https:\/\/antersystem.com\/de\/?s={search_term_string}\"},\"query-input\":{\"@type\":\"PropertyValueSpecification\",\"valueRequired\":true,\"valueName\":\"search_term_string\"}}],\"inLanguage\":\"de\"}]}<\/script>\n<!-- \/ Yoast SEO plugin. -->","yoast_head_json":{"title":"PA-Poller und GB-Sperren in einem K\u00fchlhaus - Anter System","description":"PA Schutzpoller und GB HD+ Barrieren. Effektiver Schutz der Infrastruktur bei niedrigen Temperaturen Bei einem unserer Projekte f\u00fcr industrielle","robots":{"index":"index","follow":"follow","max-snippet":"max-snippet:-1","max-image-preview":"max-image-preview:large","max-video-preview":"max-video-preview:-1"},"canonical":"https:\/\/antersystem.com\/de\/case-studies\/pa-bollards-gb-barriers-cold-storage-facility\/","og_locale":"de_DE","og_type":"article","og_title":"PA-Poller und GB-Sperren in einem K\u00fchlhaus - Anter System","og_description":"PA Schutzpoller und GB HD+ Barrieren. Effektiver Schutz der Infrastruktur bei niedrigen Temperaturen Bei einem unserer Projekte f\u00fcr industrielle","og_url":"https:\/\/antersystem.com\/de\/case-studies\/pa-bollards-gb-barriers-cold-storage-facility\/","og_site_name":"Anter System","article_modified_time":"2026-01-31T21:28:52+00:00","twitter_card":"summary_large_image","twitter_misc":{"Gesch\u00e4tzte Lesezeit":"3\u00a0Minuten"},"schema":{"@context":"https:\/\/schema.org","@graph":[{"@type":"WebPage","@id":"https:\/\/antersystem.com\/de\/case-studies\/pa-bollards-gb-barriers-cold-storage-facility\/","url":"https:\/\/antersystem.com\/de\/case-studies\/pa-bollards-gb-barriers-cold-storage-facility\/","name":"PA-Poller und GB-Sperren in einem K\u00fchlhaus - Anter System","isPartOf":{"@id":"https:\/\/antersystem.com\/de\/#website"},"datePublished":"2024-12-06T13:52:25+00:00","dateModified":"2026-01-31T21:28:52+00:00","description":"PA Schutzpoller und GB HD+ Barrieren. Effektiver Schutz der Infrastruktur bei niedrigen Temperaturen Bei einem unserer Projekte f\u00fcr industrielle","breadcrumb":{"@id":"https:\/\/antersystem.com\/de\/case-studies\/pa-bollards-gb-barriers-cold-storage-facility\/#breadcrumb"},"inLanguage":"de","potentialAction":[{"@type":"ReadAction","target":["https:\/\/antersystem.com\/de\/case-studies\/pa-bollards-gb-barriers-cold-storage-facility\/"]}]},{"@type":"BreadcrumbList","@id":"https:\/\/antersystem.com\/de\/case-studies\/pa-bollards-gb-barriers-cold-storage-facility\/#breadcrumb","itemListElement":[{"@type":"ListItem","position":1,"name":"AnterSystem","item":"https:\/\/antersystem.com\/de\/"},{"@type":"ListItem","position":2,"name":"Fallstudien","item":"https:\/\/antersystem.com\/de\/case-studies\/"},{"@type":"ListItem","position":3,"name":"PA-Poller und GB-Sperren in einem K\u00fchlhaus"}]},{"@type":"WebSite","@id":"https:\/\/antersystem.com\/de\/#website","url":"https:\/\/antersystem.com\/de\/","name":"Anter System","description":"Jeste\u015bmy polskim producentem elastycznych barier ochronnych wykonywanych z polimerowych tworzyw sztucznych. Na rynku krajowym i zagranicznym dzia\u0142amy od ponad 15 lat dbaj\u0105c o zapewnienie bezpiecze\u0144stwa w zak\u0142adach produkcyjnych, magazynach oraz centrach logistycznych.","potentialAction":[{"@type":"SearchAction","target":{"@type":"EntryPoint","urlTemplate":"https:\/\/antersystem.com\/de\/?s={search_term_string}"},"query-input":{"@type":"PropertyValueSpecification","valueRequired":true,"valueName":"search_term_string"}}],"inLanguage":"de"}]}},"_links":{"self":[{"href":"https:\/\/antersystem.com\/de\/wp-json\/wp\/v2\/pages\/13011","targetHints":{"allow":["GET"]}}],"collection":[{"href":"https:\/\/antersystem.com\/de\/wp-json\/wp\/v2\/pages"}],"about":[{"href":"https:\/\/antersystem.com\/de\/wp-json\/wp\/v2\/types\/page"}],"author":[{"embeddable":true,"href":"https:\/\/antersystem.com\/de\/wp-json\/wp\/v2\/users\/1"}],"replies":[{"embeddable":true,"href":"https:\/\/antersystem.com\/de\/wp-json\/wp\/v2\/comments?post=13011"}],"version-history":[{"count":1,"href":"https:\/\/antersystem.com\/de\/wp-json\/wp\/v2\/pages\/13011\/revisions"}],"predecessor-version":[{"id":13014,"href":"https:\/\/antersystem.com\/de\/wp-json\/wp\/v2\/pages\/13011\/revisions\/13014"}],"up":[{"embeddable":true,"href":"https:\/\/antersystem.com\/de\/wp-json\/wp\/v2\/pages\/12621"}],"wp:attachment":[{"href":"https:\/\/antersystem.com\/de\/wp-json\/wp\/v2\/media?parent=13011"}],"curies":[{"name":"wp","href":"https:\/\/api.w.org\/{rel}","templated":true}]}}