{"id":13029,"date":"2023-12-11T12:55:28","date_gmt":"2023-12-11T11:55:28","guid":{"rendered":"https:\/\/new.antersystem.com\/case-studies\/sga-safety-gates\/"},"modified":"2026-01-30T01:31:15","modified_gmt":"2026-01-30T00:31:15","slug":"sga-safety-gates","status":"publish","type":"page","link":"https:\/\/antersystem.com\/de\/case-studies\/sga-safety-gates\/","title":{"rendered":"SGA Sicherheitsschleusen"},"content":{"rendered":"\n<p><\/p>\n\n<div class=\"wp-block-columns is-layout-flex wp-container-core-columns-is-layout-9d6595d7 wp-block-columns-is-layout-flex\">\n  \n  <div class=\"wp-block-column is-layout-flow wp-block-column-is-layout-flow\" style=\"flex-basis:10%\"><\/div>\n  \n\n  \n  <div class=\"wp-block-column is-layout-flow wp-block-column-is-layout-flow\">\n    \n    <p>Wir installieren unsere Systeme auf der Grundlage der spezifischen Anforderungen der einzelnen Lagerr\u00e4ume. Wir sch\u00fctzen Sie \u00fcberall dort, wo die Gefahr von Zusammenst\u00f6\u00dfen mit Lagerfahrzeugen besteht, und sorgen gleichzeitig f\u00fcr einen reibungslosen Fu\u00dfg\u00e4ngerverkehr. Ein Beispiel f\u00fcr eine solche Installation sehen Sie unten &#8211; eine Kombination aus <strong>flexiblen Fu\u00dfg\u00e4ngerschranken<\/strong> und einem <a href=\"https:\/\/antersystem.com\/produkty\/bramka-bezpieczenstwa-ze-znakiem-stop\/\">SGA Tor mit einem STOP-Warnschild<\/a>.<\/p>\n    \n\n    \n    <p>Unser Kunde aus unserer Heimatstadt hatte zuvor herk\u00f6mmliche Stahlschranken und -tore verwendet, die dazu neigen, abzubrechen und sich zu verformen, wenn sie von Gabelstaplern angefahren werden. Auch der Boden um Stahlschranken herum wird mit der Zeit besch\u00e4digt. Deshalb haben sie sich f\u00fcr uns entschieden &#8211; und wir sind froh, dass sie es getan haben. <strong>Flexible Barrieren sch\u00fctzen effektiv<\/strong> und sind gleichzeitig eine langfristige Investition in das Budget des Unternehmens. Sie ben\u00f6tigen weitaus weniger Wartung als solche aus Stahl &#8211; kein Nachstreichen, keine Rostreparatur. Der Boden bleibt au\u00dferdem in einem besseren Zustand, da das <strong>Polymermaterial St\u00f6\u00dfe<\/strong> gleichm\u00e4\u00dfig \u00fcber seine Oberfl\u00e4che <strong>absorbiert<\/strong>. Ein weiterer wichtiger Faktor ist das sichere Verankerungssystem f\u00fcr die Pfosten. Wir wissen das Vertrauen zu sch\u00e4tzen und sind bereit, bei Bedarf <a href=\"https:\/\/antersystem.com\/co-zabezpieczamy\/\">fachkundigen Rat zur Sicherheit und zum Verkehrsflussmanagement<\/a> zu geben.<\/p>\n    \n\n    \n    ngg_shortcode_0_placeholder\n    \n  <\/div>\n  \n\n  \n  <div class=\"wp-block-column is-layout-flow wp-block-column-is-layout-flow\" style=\"flex-basis:10%\"><\/div>\n  \n<\/div>\n","protected":false},"excerpt":{"rendered":"<p>Wir installieren unsere Systeme auf der Grundlage der spezifischen Anforderungen der einzelnen Lagerr\u00e4ume. Wir sch\u00fctzen Sie \u00fcberall dort, wo die Gefahr von Zusammenst\u00f6\u00dfen mit Lagerfahrzeugen besteht, und sorgen gleichzeitig f\u00fcr einen reibungslosen Fu\u00dfg\u00e4ngerverkehr. Ein Beispiel f\u00fcr eine solche Installation sehen Sie unten &#8211; eine Kombination aus flexiblen Fu\u00dfg\u00e4ngerschranken und einem SGA Tor mit einem STOP-Warnschild. [&hellip;]<\/p>\n","protected":false},"author":1,"featured_media":0,"parent":12621,"menu_order":0,"comment_status":"closed","ping_status":"closed","template":"","meta":{"inline_featured_image":false,"ngg_post_thumbnail":0,"footnotes":""},"class_list":["post-13029","page","type-page","status-publish","hentry"],"acf":[],"yoast_head":"<!-- This site is optimized with the Yoast SEO plugin v27.0 - https:\/\/yoast.com\/product\/yoast-seo-wordpress\/ -->\n<title>SGA Sicherheitsschleusen - Anter System<\/title>\n<meta name=\"description\" content=\"Wir installieren unsere Systeme auf der Grundlage der spezifischen Anforderungen der einzelnen Lagerr\u00e4ume. Wir sch\u00fctzen Sie \u00fcberall dort, wo die Gefahr\" \/>\n<meta name=\"robots\" content=\"index, follow, max-snippet:-1, max-image-preview:large, max-video-preview:-1\" \/>\n<link rel=\"canonical\" href=\"https:\/\/antersystem.com\/de\/case-studies\/sga-safety-gates\/\" \/>\n<meta property=\"og:locale\" content=\"de_DE\" \/>\n<meta property=\"og:type\" content=\"article\" \/>\n<meta property=\"og:title\" content=\"SGA Sicherheitsschleusen - Anter System\" \/>\n<meta property=\"og:description\" content=\"Wir installieren unsere Systeme auf der Grundlage der spezifischen Anforderungen der einzelnen Lagerr\u00e4ume. Wir sch\u00fctzen Sie \u00fcberall dort, wo die Gefahr\" \/>\n<meta property=\"og:url\" content=\"https:\/\/antersystem.com\/de\/case-studies\/sga-safety-gates\/\" \/>\n<meta property=\"og:site_name\" content=\"Anter System\" \/>\n<meta property=\"article:modified_time\" content=\"2026-01-30T00:31:15+00:00\" \/>\n<meta name=\"twitter:card\" content=\"summary_large_image\" \/>\n<meta name=\"twitter:label1\" content=\"Gesch\u00e4tzte Lesezeit\" \/>\n\t<meta name=\"twitter:data1\" content=\"1\u00a0Minute\" \/>\n<script type=\"application\/ld+json\" class=\"yoast-schema-graph\">{\"@context\":\"https:\/\/schema.org\",\"@graph\":[{\"@type\":\"WebPage\",\"@id\":\"https:\/\/antersystem.com\/de\/case-studies\/sga-safety-gates\/\",\"url\":\"https:\/\/antersystem.com\/de\/case-studies\/sga-safety-gates\/\",\"name\":\"SGA Sicherheitsschleusen - Anter System\",\"isPartOf\":{\"@id\":\"https:\/\/antersystem.com\/de\/#website\"},\"datePublished\":\"2023-12-11T11:55:28+00:00\",\"dateModified\":\"2026-01-30T00:31:15+00:00\",\"description\":\"Wir installieren unsere Systeme auf der Grundlage der spezifischen Anforderungen der einzelnen Lagerr\u00e4ume. Wir sch\u00fctzen Sie \u00fcberall dort, wo die Gefahr\",\"breadcrumb\":{\"@id\":\"https:\/\/antersystem.com\/de\/case-studies\/sga-safety-gates\/#breadcrumb\"},\"inLanguage\":\"de\",\"potentialAction\":[{\"@type\":\"ReadAction\",\"target\":[\"https:\/\/antersystem.com\/de\/case-studies\/sga-safety-gates\/\"]}]},{\"@type\":\"BreadcrumbList\",\"@id\":\"https:\/\/antersystem.com\/de\/case-studies\/sga-safety-gates\/#breadcrumb\",\"itemListElement\":[{\"@type\":\"ListItem\",\"position\":1,\"name\":\"AnterSystem\",\"item\":\"https:\/\/antersystem.com\/de\/\"},{\"@type\":\"ListItem\",\"position\":2,\"name\":\"Fallstudien\",\"item\":\"https:\/\/antersystem.com\/de\/case-studies\/\"},{\"@type\":\"ListItem\",\"position\":3,\"name\":\"SGA Sicherheitsschleusen\"}]},{\"@type\":\"WebSite\",\"@id\":\"https:\/\/antersystem.com\/de\/#website\",\"url\":\"https:\/\/antersystem.com\/de\/\",\"name\":\"Anter System\",\"description\":\"Jeste\u015bmy polskim producentem elastycznych barier ochronnych wykonywanych z polimerowych tworzyw sztucznych. Na rynku krajowym i zagranicznym dzia\u0142amy od ponad 15 lat dbaj\u0105c o zapewnienie bezpiecze\u0144stwa w zak\u0142adach produkcyjnych, magazynach oraz centrach logistycznych.\",\"potentialAction\":[{\"@type\":\"SearchAction\",\"target\":{\"@type\":\"EntryPoint\",\"urlTemplate\":\"https:\/\/antersystem.com\/de\/?s={search_term_string}\"},\"query-input\":{\"@type\":\"PropertyValueSpecification\",\"valueRequired\":true,\"valueName\":\"search_term_string\"}}],\"inLanguage\":\"de\"}]}<\/script>\n<!-- \/ Yoast SEO plugin. -->","yoast_head_json":{"title":"SGA Sicherheitsschleusen - Anter System","description":"Wir installieren unsere Systeme auf der Grundlage der spezifischen Anforderungen der einzelnen Lagerr\u00e4ume. Wir sch\u00fctzen Sie \u00fcberall dort, wo die Gefahr","robots":{"index":"index","follow":"follow","max-snippet":"max-snippet:-1","max-image-preview":"max-image-preview:large","max-video-preview":"max-video-preview:-1"},"canonical":"https:\/\/antersystem.com\/de\/case-studies\/sga-safety-gates\/","og_locale":"de_DE","og_type":"article","og_title":"SGA Sicherheitsschleusen - Anter System","og_description":"Wir installieren unsere Systeme auf der Grundlage der spezifischen Anforderungen der einzelnen Lagerr\u00e4ume. Wir sch\u00fctzen Sie \u00fcberall dort, wo die Gefahr","og_url":"https:\/\/antersystem.com\/de\/case-studies\/sga-safety-gates\/","og_site_name":"Anter System","article_modified_time":"2026-01-30T00:31:15+00:00","twitter_card":"summary_large_image","twitter_misc":{"Gesch\u00e4tzte Lesezeit":"1\u00a0Minute"},"schema":{"@context":"https:\/\/schema.org","@graph":[{"@type":"WebPage","@id":"https:\/\/antersystem.com\/de\/case-studies\/sga-safety-gates\/","url":"https:\/\/antersystem.com\/de\/case-studies\/sga-safety-gates\/","name":"SGA Sicherheitsschleusen - Anter System","isPartOf":{"@id":"https:\/\/antersystem.com\/de\/#website"},"datePublished":"2023-12-11T11:55:28+00:00","dateModified":"2026-01-30T00:31:15+00:00","description":"Wir installieren unsere Systeme auf der Grundlage der spezifischen Anforderungen der einzelnen Lagerr\u00e4ume. Wir sch\u00fctzen Sie \u00fcberall dort, wo die Gefahr","breadcrumb":{"@id":"https:\/\/antersystem.com\/de\/case-studies\/sga-safety-gates\/#breadcrumb"},"inLanguage":"de","potentialAction":[{"@type":"ReadAction","target":["https:\/\/antersystem.com\/de\/case-studies\/sga-safety-gates\/"]}]},{"@type":"BreadcrumbList","@id":"https:\/\/antersystem.com\/de\/case-studies\/sga-safety-gates\/#breadcrumb","itemListElement":[{"@type":"ListItem","position":1,"name":"AnterSystem","item":"https:\/\/antersystem.com\/de\/"},{"@type":"ListItem","position":2,"name":"Fallstudien","item":"https:\/\/antersystem.com\/de\/case-studies\/"},{"@type":"ListItem","position":3,"name":"SGA Sicherheitsschleusen"}]},{"@type":"WebSite","@id":"https:\/\/antersystem.com\/de\/#website","url":"https:\/\/antersystem.com\/de\/","name":"Anter System","description":"Jeste\u015bmy polskim producentem elastycznych barier ochronnych wykonywanych z polimerowych tworzyw sztucznych. Na rynku krajowym i zagranicznym dzia\u0142amy od ponad 15 lat dbaj\u0105c o zapewnienie bezpiecze\u0144stwa w zak\u0142adach produkcyjnych, magazynach oraz centrach logistycznych.","potentialAction":[{"@type":"SearchAction","target":{"@type":"EntryPoint","urlTemplate":"https:\/\/antersystem.com\/de\/?s={search_term_string}"},"query-input":{"@type":"PropertyValueSpecification","valueRequired":true,"valueName":"search_term_string"}}],"inLanguage":"de"}]}},"_links":{"self":[{"href":"https:\/\/antersystem.com\/de\/wp-json\/wp\/v2\/pages\/13029","targetHints":{"allow":["GET"]}}],"collection":[{"href":"https:\/\/antersystem.com\/de\/wp-json\/wp\/v2\/pages"}],"about":[{"href":"https:\/\/antersystem.com\/de\/wp-json\/wp\/v2\/types\/page"}],"author":[{"embeddable":true,"href":"https:\/\/antersystem.com\/de\/wp-json\/wp\/v2\/users\/1"}],"replies":[{"embeddable":true,"href":"https:\/\/antersystem.com\/de\/wp-json\/wp\/v2\/comments?post=13029"}],"version-history":[{"count":1,"href":"https:\/\/antersystem.com\/de\/wp-json\/wp\/v2\/pages\/13029\/revisions"}],"predecessor-version":[{"id":13032,"href":"https:\/\/antersystem.com\/de\/wp-json\/wp\/v2\/pages\/13029\/revisions\/13032"}],"up":[{"embeddable":true,"href":"https:\/\/antersystem.com\/de\/wp-json\/wp\/v2\/pages\/12621"}],"wp:attachment":[{"href":"https:\/\/antersystem.com\/de\/wp-json\/wp\/v2\/media?parent=13029"}],"curies":[{"name":"wp","href":"https:\/\/api.w.org\/{rel}","templated":true}]}}