{"id":13060,"date":"2023-09-01T11:16:10","date_gmt":"2023-09-01T09:16:10","guid":{"rendered":"https:\/\/new.antersystem.com\/case-studies\/lift-gates\/"},"modified":"2026-01-30T01:29:52","modified_gmt":"2026-01-30T00:29:52","slug":"lift-gates","status":"publish","type":"page","link":"https:\/\/antersystem.com\/de\/case-studies\/lift-gates\/","title":{"rendered":"Sicherheits-LIFT GATEs"},"content":{"rendered":"\n<div class=\"wp-block-columns is-layout-flex wp-container-core-columns-is-layout-9d6595d7 wp-block-columns-is-layout-flex\">\n<div class=\"wp-block-column is-layout-flow wp-block-column-is-layout-flow\" style=\"flex-basis:10%\"><\/div>\n\n\n\n<div class=\"wp-block-column is-layout-flow wp-block-column-is-layout-flow\" style=\"flex-basis:80%\">\n<p class=\"justify-mru\">Ein Kunde aus der Automobilindustrie trat mit der Herausforderung an uns heran, die Verkehrswege zu sichern und gleichzeitig den Zugang zu den Lagerbereichen zu erhalten. Um die Sicherheit zu erh\u00f6hen und die Arbeitszeiten zu optimieren, wurden entlang der Fu\u00dfg\u00e4ngerwege LIFT GATE Sicherheitsschleusen installiert. Diese L\u00f6sung gew\u00e4hrleistete ein sicheres Passieren der Fu\u00dfg\u00e4ngerwege und erm\u00f6glichte bei Bedarf eine vor\u00fcbergehende Schlie\u00dfung des Bereichs. Das Projekt hat die Erwartungen des Kunden voll erf\u00fcllt und zur Verbesserung der Sicherheit und der betrieblichen Effizienz beigetragen.<\/p>\n\n\n\nngg_shortcode_0_placeholder\n<\/div>\n\n\n\n<div class=\"wp-block-column is-layout-flow wp-block-column-is-layout-flow\" style=\"flex-basis:10%\"><\/div>\n<\/div>\n","protected":false},"excerpt":{"rendered":"<p>Ein Kunde aus der Automobilindustrie trat mit der Herausforderung an uns heran, die Verkehrswege zu sichern und gleichzeitig den Zugang zu den Lagerbereichen zu erhalten. Um die Sicherheit zu erh\u00f6hen und die Arbeitszeiten zu optimieren, wurden entlang der Fu\u00dfg\u00e4ngerwege LIFT GATE Sicherheitsschleusen installiert. Diese L\u00f6sung gew\u00e4hrleistete ein sicheres Passieren der Fu\u00dfg\u00e4ngerwege und erm\u00f6glichte bei Bedarf [&hellip;]<\/p>\n","protected":false},"author":1,"featured_media":0,"parent":12621,"menu_order":0,"comment_status":"closed","ping_status":"closed","template":"","meta":{"inline_featured_image":false,"ngg_post_thumbnail":0,"footnotes":""},"class_list":["post-13060","page","type-page","status-publish","hentry"],"acf":[],"yoast_head":"<!-- This site is optimized with the Yoast SEO plugin v27.0 - https:\/\/yoast.com\/product\/yoast-seo-wordpress\/ -->\n<title>Sicherheits-LIFT GATEs - Anter System<\/title>\n<meta name=\"description\" content=\"Ein Kunde aus der Automobilindustrie trat mit der Herausforderung an uns heran, die Verkehrswege zu sichern und gleichzeitig den Zugang zu den\" \/>\n<meta name=\"robots\" content=\"index, follow, max-snippet:-1, max-image-preview:large, max-video-preview:-1\" \/>\n<link rel=\"canonical\" href=\"https:\/\/antersystem.com\/de\/case-studies\/lift-gates\/\" \/>\n<meta property=\"og:locale\" content=\"de_DE\" \/>\n<meta property=\"og:type\" content=\"article\" \/>\n<meta property=\"og:title\" content=\"Sicherheits-LIFT GATEs - Anter System\" \/>\n<meta property=\"og:description\" content=\"Ein Kunde aus der Automobilindustrie trat mit der Herausforderung an uns heran, die Verkehrswege zu sichern und gleichzeitig den Zugang zu den\" \/>\n<meta property=\"og:url\" content=\"https:\/\/antersystem.com\/de\/case-studies\/lift-gates\/\" \/>\n<meta property=\"og:site_name\" content=\"Anter System\" \/>\n<meta property=\"article:modified_time\" content=\"2026-01-30T00:29:52+00:00\" \/>\n<meta name=\"twitter:card\" content=\"summary_large_image\" \/>\n<meta name=\"twitter:label1\" content=\"Gesch\u00e4tzte Lesezeit\" \/>\n\t<meta name=\"twitter:data1\" content=\"1\u00a0Minute\" \/>\n<script type=\"application\/ld+json\" class=\"yoast-schema-graph\">{\"@context\":\"https:\/\/schema.org\",\"@graph\":[{\"@type\":\"WebPage\",\"@id\":\"https:\/\/antersystem.com\/de\/case-studies\/lift-gates\/\",\"url\":\"https:\/\/antersystem.com\/de\/case-studies\/lift-gates\/\",\"name\":\"Sicherheits-LIFT GATEs - Anter System\",\"isPartOf\":{\"@id\":\"https:\/\/antersystem.com\/de\/#website\"},\"datePublished\":\"2023-09-01T09:16:10+00:00\",\"dateModified\":\"2026-01-30T00:29:52+00:00\",\"description\":\"Ein Kunde aus der Automobilindustrie trat mit der Herausforderung an uns heran, die Verkehrswege zu sichern und gleichzeitig den Zugang zu den\",\"breadcrumb\":{\"@id\":\"https:\/\/antersystem.com\/de\/case-studies\/lift-gates\/#breadcrumb\"},\"inLanguage\":\"de\",\"potentialAction\":[{\"@type\":\"ReadAction\",\"target\":[\"https:\/\/antersystem.com\/de\/case-studies\/lift-gates\/\"]}]},{\"@type\":\"BreadcrumbList\",\"@id\":\"https:\/\/antersystem.com\/de\/case-studies\/lift-gates\/#breadcrumb\",\"itemListElement\":[{\"@type\":\"ListItem\",\"position\":1,\"name\":\"AnterSystem\",\"item\":\"https:\/\/antersystem.com\/de\/\"},{\"@type\":\"ListItem\",\"position\":2,\"name\":\"Fallstudien\",\"item\":\"https:\/\/antersystem.com\/de\/case-studies\/\"},{\"@type\":\"ListItem\",\"position\":3,\"name\":\"Sicherheits-LIFT GATEs\"}]},{\"@type\":\"WebSite\",\"@id\":\"https:\/\/antersystem.com\/de\/#website\",\"url\":\"https:\/\/antersystem.com\/de\/\",\"name\":\"Anter System\",\"description\":\"Jeste\u015bmy polskim producentem elastycznych barier ochronnych wykonywanych z polimerowych tworzyw sztucznych. Na rynku krajowym i zagranicznym dzia\u0142amy od ponad 15 lat dbaj\u0105c o zapewnienie bezpiecze\u0144stwa w zak\u0142adach produkcyjnych, magazynach oraz centrach logistycznych.\",\"potentialAction\":[{\"@type\":\"SearchAction\",\"target\":{\"@type\":\"EntryPoint\",\"urlTemplate\":\"https:\/\/antersystem.com\/de\/?s={search_term_string}\"},\"query-input\":{\"@type\":\"PropertyValueSpecification\",\"valueRequired\":true,\"valueName\":\"search_term_string\"}}],\"inLanguage\":\"de\"}]}<\/script>\n<!-- \/ Yoast SEO plugin. -->","yoast_head_json":{"title":"Sicherheits-LIFT GATEs - Anter System","description":"Ein Kunde aus der Automobilindustrie trat mit der Herausforderung an uns heran, die Verkehrswege zu sichern und gleichzeitig den Zugang zu den","robots":{"index":"index","follow":"follow","max-snippet":"max-snippet:-1","max-image-preview":"max-image-preview:large","max-video-preview":"max-video-preview:-1"},"canonical":"https:\/\/antersystem.com\/de\/case-studies\/lift-gates\/","og_locale":"de_DE","og_type":"article","og_title":"Sicherheits-LIFT GATEs - Anter System","og_description":"Ein Kunde aus der Automobilindustrie trat mit der Herausforderung an uns heran, die Verkehrswege zu sichern und gleichzeitig den Zugang zu den","og_url":"https:\/\/antersystem.com\/de\/case-studies\/lift-gates\/","og_site_name":"Anter System","article_modified_time":"2026-01-30T00:29:52+00:00","twitter_card":"summary_large_image","twitter_misc":{"Gesch\u00e4tzte Lesezeit":"1\u00a0Minute"},"schema":{"@context":"https:\/\/schema.org","@graph":[{"@type":"WebPage","@id":"https:\/\/antersystem.com\/de\/case-studies\/lift-gates\/","url":"https:\/\/antersystem.com\/de\/case-studies\/lift-gates\/","name":"Sicherheits-LIFT GATEs - Anter System","isPartOf":{"@id":"https:\/\/antersystem.com\/de\/#website"},"datePublished":"2023-09-01T09:16:10+00:00","dateModified":"2026-01-30T00:29:52+00:00","description":"Ein Kunde aus der Automobilindustrie trat mit der Herausforderung an uns heran, die Verkehrswege zu sichern und gleichzeitig den Zugang zu den","breadcrumb":{"@id":"https:\/\/antersystem.com\/de\/case-studies\/lift-gates\/#breadcrumb"},"inLanguage":"de","potentialAction":[{"@type":"ReadAction","target":["https:\/\/antersystem.com\/de\/case-studies\/lift-gates\/"]}]},{"@type":"BreadcrumbList","@id":"https:\/\/antersystem.com\/de\/case-studies\/lift-gates\/#breadcrumb","itemListElement":[{"@type":"ListItem","position":1,"name":"AnterSystem","item":"https:\/\/antersystem.com\/de\/"},{"@type":"ListItem","position":2,"name":"Fallstudien","item":"https:\/\/antersystem.com\/de\/case-studies\/"},{"@type":"ListItem","position":3,"name":"Sicherheits-LIFT GATEs"}]},{"@type":"WebSite","@id":"https:\/\/antersystem.com\/de\/#website","url":"https:\/\/antersystem.com\/de\/","name":"Anter System","description":"Jeste\u015bmy polskim producentem elastycznych barier ochronnych wykonywanych z polimerowych tworzyw sztucznych. Na rynku krajowym i zagranicznym dzia\u0142amy od ponad 15 lat dbaj\u0105c o zapewnienie bezpiecze\u0144stwa w zak\u0142adach produkcyjnych, magazynach oraz centrach logistycznych.","potentialAction":[{"@type":"SearchAction","target":{"@type":"EntryPoint","urlTemplate":"https:\/\/antersystem.com\/de\/?s={search_term_string}"},"query-input":{"@type":"PropertyValueSpecification","valueRequired":true,"valueName":"search_term_string"}}],"inLanguage":"de"}]}},"_links":{"self":[{"href":"https:\/\/antersystem.com\/de\/wp-json\/wp\/v2\/pages\/13060","targetHints":{"allow":["GET"]}}],"collection":[{"href":"https:\/\/antersystem.com\/de\/wp-json\/wp\/v2\/pages"}],"about":[{"href":"https:\/\/antersystem.com\/de\/wp-json\/wp\/v2\/types\/page"}],"author":[{"embeddable":true,"href":"https:\/\/antersystem.com\/de\/wp-json\/wp\/v2\/users\/1"}],"replies":[{"embeddable":true,"href":"https:\/\/antersystem.com\/de\/wp-json\/wp\/v2\/comments?post=13060"}],"version-history":[{"count":1,"href":"https:\/\/antersystem.com\/de\/wp-json\/wp\/v2\/pages\/13060\/revisions"}],"predecessor-version":[{"id":13061,"href":"https:\/\/antersystem.com\/de\/wp-json\/wp\/v2\/pages\/13060\/revisions\/13061"}],"up":[{"embeddable":true,"href":"https:\/\/antersystem.com\/de\/wp-json\/wp\/v2\/pages\/12621"}],"wp:attachment":[{"href":"https:\/\/antersystem.com\/de\/wp-json\/wp\/v2\/media?parent=13060"}],"curies":[{"name":"wp","href":"https:\/\/api.w.org\/{rel}","templated":true}]}}