{"id":13114,"date":"2025-01-28T13:58:17","date_gmt":"2025-01-28T12:58:17","guid":{"rendered":"https:\/\/new.antersystem.com\/case-studies\/pedestrian-lt-protecting-people-machines\/"},"modified":"2026-01-30T01:22:08","modified_gmt":"2026-01-30T00:22:08","slug":"pedestrian-lt-protecting-people-machines","status":"publish","type":"page","link":"https:\/\/antersystem.com\/de\/case-studies\/pedestrian-lt-protecting-people-machines\/","title":{"rendered":"Pedestrian LT &#8211; Schutz f\u00fcr Menschen und Maschinen"},"content":{"rendered":"\n<div class=\"wp-block-columns is-layout-flex wp-container-core-columns-is-layout-9d6595d7 wp-block-columns-is-layout-flex\">\n<div class=\"wp-block-column is-layout-flow wp-block-column-is-layout-flow\" style=\"flex-basis:10%\"><\/div>\n\n\n\n<div class=\"wp-block-column is-layout-flow wp-block-column-is-layout-flow\">\n<h2 class=\"wp-block-heading\">Fu\u00dfg\u00e4nger-LT-Barrieren &#8211; Schutz von Menschen und Maschinen in hochfrequentierten Lagerbereichen<\/h2>\n\n\n\n<p>Die Gew\u00e4hrleistung der Sicherheit von Menschen und Maschinen in einer stark frequentierten Lagerumgebung erfordert einen umfassenden Ansatz. Die fragliche Einrichtung &#8211; ein <strong>Arbeitsplatz f\u00fcr Mitarbeiter und Gabelstaplerfahrer<\/strong> &#8211; enthielt auch Ger\u00e4te, die zu automatisierten Logistiksystemen geh\u00f6ren. Oberste Priorit\u00e4t war es, die Fu\u00dfg\u00e4ngerwege von den Maschinenbereichen zu trennen und gleichzeitig <strong>wichtige Elemente der Geb\u00e4udeinfrastruktur<\/strong>, wie S\u00e4ulen und Laderampen, vor m\u00f6glichen Staplereinschl\u00e4gen <strong>zu sch\u00fctzen<\/strong>.<\/p>\n\n\n\n<h3 class=\"wp-block-heading\">Implementierung<\/h3>\n\n\n\n<p>Das Projekt begann mit einer detaillierten Analyse der Bed\u00fcrfnisse des Kunden und der dynamischen Natur des Lagerbetriebs. Durch die Kartierung der Bewegungsmuster innerhalb der Einrichtung konnten wir Sicherheitsl\u00f6sungen entwerfen und implementieren, die effektiven Schutz mit Funktionalit\u00e4t verbinden und so einen reibungslosen Arbeitsablauf und maximale Sicherheit gew\u00e4hrleisten.<\/p>\n\n\n\n<p>Um <strong>Fu\u00dfg\u00e4nger<\/strong> effektiv <strong>von Gabelstaplern zu trennen<\/strong>, haben wir Reihen von <a href=\"https:\/\/antersystem.com\/produkty\/elastyczna-bariera-pedestrian-r3-lt\/\">PEDESTRIAN R2 LT Barrieren<\/a> installiert, die mit einem verst\u00e4rkten unteren Balken ausgestattet sind. Dieser zus\u00e4tzliche Schutz verhindert Sch\u00e4den durch tief liegende Staplergabeln. In Bereichen mit erh\u00f6htem Kollisionsrisiko wurde der Schutz mit <a href=\"https:\/\/antersystem.com\/produkty\/elastyczna-bariera-db-hd\/\">DB HD+<\/a> Barrieren verbessert, die f\u00fcr den Einsatz im Schwerlastbereich konzipiert sind.<\/p>\n\n\n\n<p><strong>Zum Schutz der strukturellen S\u00e4ulen<\/strong> wurden <a href=\"https:\/\/antersystem.com\/produkty\/elastyczna-ochrona-kolumn-ral4\/\">flexible RAL4-S\u00e4ulensch\u00fctzer<\/a> verwendet, die in der Lage sind, die Aufprallenergie zu absorbieren und zu zerstreuen, um die Sch\u00e4den an den S\u00e4ulen zu minimieren. Die Tore der Laderampe wurden mit <a href=\"https:\/\/antersystem.com\/kategorie-produktow\/slupki-ochronne\/\">PA-Schutzpollern<\/a> gesch\u00fctzt, die Kollisionen in Bereichen, in denen Gabelstapler auf engem Raum man\u00f6vrieren, wirksam verhindern. Als Erg\u00e4nzung zu dem System wurden <a href=\"https:\/\/antersystem.com\/produkty\/corner-bumper\/\">Corner Bumpers<\/a> installiert, um Wandkanten in gef\u00e4hrdeten Bereichen zu sch\u00fctzen.<\/p>\n\n\n\n<h3 class=\"wp-block-heading\">Ergebnisse<\/h3>\n\n\n\n<p>Die Installation der <strong>flexiblen Sicherheitsbarrieren von Anter System<\/strong> brachte eine Reihe von Vorteilen mit sich. Die verwendeten Polymermaterialien zeichnen sich durch eine au\u00dfergew\u00f6hnliche Sto\u00dfd\u00e4mpfung aus, wodurch das Risiko kostspieliger Reparaturen an Ger\u00e4ten und Infrastruktur nach Kollisionen erheblich reduziert wird. Der <strong>modulare Aufbau des Systems<\/strong> erm\u00f6glicht eine einfache Montage, Demontage und Anpassung an sich ver\u00e4ndernde betriebliche Anforderungen. Das Ergebnis: Die implementierten L\u00f6sungen erh\u00f6hen die Sicherheit f\u00fcr Menschen und Maschinen und minimieren gleichzeitig Ausfallzeiten und Betriebsunterbrechungen.<\/p>\n\n\n\n<h3 class=\"wp-block-heading\">Zusammenfassung<\/h3>\n\n\n\n<p>Mit den L\u00f6sungen von Anter System konnte das Lagerhaus <strong>die Sicherheit am Arbeitsplatz und die r\u00e4umliche Organisation<\/strong> in einer von Fu\u00dfg\u00e4ngern, Fahrzeugen und automatisierten Logistiksystemen gemeinsam genutzten Umgebung deutlich <strong>verbessern<\/strong>. Das moderne Design und die robuste Konstruktion unserer flexiblen Schutzw\u00e4nde gew\u00e4hrleisten nicht nur einen effektiven Schutz, sondern tragen auch zur Optimierung der Arbeitsabl\u00e4ufe in den sich schnell entwickelnden industriellen Umgebungen von heute bei.<\/p>\n<\/div>\n\n\n\n<div class=\"wp-block-column is-layout-flow wp-block-column-is-layout-flow\" style=\"flex-basis:10%\"><\/div>\n<\/div>\n\nngg_shortcode_0_placeholder\n","protected":false},"excerpt":{"rendered":"<p>Fu\u00dfg\u00e4nger-LT-Barrieren &#8211; Schutz von Menschen und Maschinen in hochfrequentierten Lagerbereichen Die Gew\u00e4hrleistung der Sicherheit von Menschen und Maschinen in einer stark frequentierten Lagerumgebung erfordert einen umfassenden Ansatz. Die fragliche Einrichtung &#8211; ein Arbeitsplatz f\u00fcr Mitarbeiter und Gabelstaplerfahrer &#8211; enthielt auch Ger\u00e4te, die zu automatisierten Logistiksystemen geh\u00f6ren. Oberste Priorit\u00e4t war es, die Fu\u00dfg\u00e4ngerwege von den Maschinenbereichen [&hellip;]<\/p>\n","protected":false},"author":1,"featured_media":0,"parent":12621,"menu_order":0,"comment_status":"closed","ping_status":"closed","template":"","meta":{"inline_featured_image":false,"ngg_post_thumbnail":0,"footnotes":""},"class_list":["post-13114","page","type-page","status-publish","hentry"],"acf":[],"yoast_head":"<!-- This site is optimized with the Yoast SEO plugin v27.0 - https:\/\/yoast.com\/product\/yoast-seo-wordpress\/ -->\n<title>Pedestrian LT - Schutz f\u00fcr Menschen und Maschinen - Anter System<\/title>\n<meta name=\"description\" content=\"Fu\u00dfg\u00e4nger-LT-Barrieren - Schutz von Menschen und Maschinen in hochfrequentierten Lagerbereichen Die Gew\u00e4hrleistung der Sicherheit von Menschen und\" \/>\n<meta name=\"robots\" content=\"index, follow, max-snippet:-1, max-image-preview:large, max-video-preview:-1\" \/>\n<link rel=\"canonical\" href=\"https:\/\/antersystem.com\/de\/case-studies\/pedestrian-lt-protecting-people-machines\/\" \/>\n<meta property=\"og:locale\" content=\"de_DE\" \/>\n<meta property=\"og:type\" content=\"article\" \/>\n<meta property=\"og:title\" content=\"Pedestrian LT - Schutz f\u00fcr Menschen und Maschinen - Anter System\" \/>\n<meta property=\"og:description\" content=\"Fu\u00dfg\u00e4nger-LT-Barrieren - Schutz von Menschen und Maschinen in hochfrequentierten Lagerbereichen Die Gew\u00e4hrleistung der Sicherheit von Menschen und\" \/>\n<meta property=\"og:url\" content=\"https:\/\/antersystem.com\/de\/case-studies\/pedestrian-lt-protecting-people-machines\/\" \/>\n<meta property=\"og:site_name\" content=\"Anter System\" \/>\n<meta property=\"article:modified_time\" content=\"2026-01-30T00:22:08+00:00\" \/>\n<meta name=\"twitter:card\" content=\"summary_large_image\" \/>\n<meta name=\"twitter:label1\" content=\"Gesch\u00e4tzte Lesezeit\" \/>\n\t<meta name=\"twitter:data1\" content=\"2\u00a0Minuten\" \/>\n<script type=\"application\/ld+json\" class=\"yoast-schema-graph\">{\"@context\":\"https:\/\/schema.org\",\"@graph\":[{\"@type\":\"WebPage\",\"@id\":\"https:\/\/antersystem.com\/de\/case-studies\/pedestrian-lt-protecting-people-machines\/\",\"url\":\"https:\/\/antersystem.com\/de\/case-studies\/pedestrian-lt-protecting-people-machines\/\",\"name\":\"Pedestrian LT - Schutz f\u00fcr Menschen und Maschinen - Anter System\",\"isPartOf\":{\"@id\":\"https:\/\/antersystem.com\/de\/#website\"},\"datePublished\":\"2025-01-28T12:58:17+00:00\",\"dateModified\":\"2026-01-30T00:22:08+00:00\",\"description\":\"Fu\u00dfg\u00e4nger-LT-Barrieren - Schutz von Menschen und Maschinen in hochfrequentierten Lagerbereichen Die Gew\u00e4hrleistung der Sicherheit von Menschen und\",\"breadcrumb\":{\"@id\":\"https:\/\/antersystem.com\/de\/case-studies\/pedestrian-lt-protecting-people-machines\/#breadcrumb\"},\"inLanguage\":\"de\",\"potentialAction\":[{\"@type\":\"ReadAction\",\"target\":[\"https:\/\/antersystem.com\/de\/case-studies\/pedestrian-lt-protecting-people-machines\/\"]}]},{\"@type\":\"BreadcrumbList\",\"@id\":\"https:\/\/antersystem.com\/de\/case-studies\/pedestrian-lt-protecting-people-machines\/#breadcrumb\",\"itemListElement\":[{\"@type\":\"ListItem\",\"position\":1,\"name\":\"AnterSystem\",\"item\":\"https:\/\/antersystem.com\/de\/\"},{\"@type\":\"ListItem\",\"position\":2,\"name\":\"Fallstudien\",\"item\":\"https:\/\/antersystem.com\/de\/case-studies\/\"},{\"@type\":\"ListItem\",\"position\":3,\"name\":\"Pedestrian LT &#8211; Schutz f\u00fcr Menschen und Maschinen\"}]},{\"@type\":\"WebSite\",\"@id\":\"https:\/\/antersystem.com\/de\/#website\",\"url\":\"https:\/\/antersystem.com\/de\/\",\"name\":\"Anter System\",\"description\":\"Jeste\u015bmy polskim producentem elastycznych barier ochronnych wykonywanych z polimerowych tworzyw sztucznych. Na rynku krajowym i zagranicznym dzia\u0142amy od ponad 15 lat dbaj\u0105c o zapewnienie bezpiecze\u0144stwa w zak\u0142adach produkcyjnych, magazynach oraz centrach logistycznych.\",\"potentialAction\":[{\"@type\":\"SearchAction\",\"target\":{\"@type\":\"EntryPoint\",\"urlTemplate\":\"https:\/\/antersystem.com\/de\/?s={search_term_string}\"},\"query-input\":{\"@type\":\"PropertyValueSpecification\",\"valueRequired\":true,\"valueName\":\"search_term_string\"}}],\"inLanguage\":\"de\"}]}<\/script>\n<!-- \/ Yoast SEO plugin. -->","yoast_head_json":{"title":"Pedestrian LT - Schutz f\u00fcr Menschen und Maschinen - Anter System","description":"Fu\u00dfg\u00e4nger-LT-Barrieren - Schutz von Menschen und Maschinen in hochfrequentierten Lagerbereichen Die Gew\u00e4hrleistung der Sicherheit von Menschen und","robots":{"index":"index","follow":"follow","max-snippet":"max-snippet:-1","max-image-preview":"max-image-preview:large","max-video-preview":"max-video-preview:-1"},"canonical":"https:\/\/antersystem.com\/de\/case-studies\/pedestrian-lt-protecting-people-machines\/","og_locale":"de_DE","og_type":"article","og_title":"Pedestrian LT - Schutz f\u00fcr Menschen und Maschinen - Anter System","og_description":"Fu\u00dfg\u00e4nger-LT-Barrieren - Schutz von Menschen und Maschinen in hochfrequentierten Lagerbereichen Die Gew\u00e4hrleistung der Sicherheit von Menschen und","og_url":"https:\/\/antersystem.com\/de\/case-studies\/pedestrian-lt-protecting-people-machines\/","og_site_name":"Anter System","article_modified_time":"2026-01-30T00:22:08+00:00","twitter_card":"summary_large_image","twitter_misc":{"Gesch\u00e4tzte Lesezeit":"2\u00a0Minuten"},"schema":{"@context":"https:\/\/schema.org","@graph":[{"@type":"WebPage","@id":"https:\/\/antersystem.com\/de\/case-studies\/pedestrian-lt-protecting-people-machines\/","url":"https:\/\/antersystem.com\/de\/case-studies\/pedestrian-lt-protecting-people-machines\/","name":"Pedestrian LT - Schutz f\u00fcr Menschen und Maschinen - Anter System","isPartOf":{"@id":"https:\/\/antersystem.com\/de\/#website"},"datePublished":"2025-01-28T12:58:17+00:00","dateModified":"2026-01-30T00:22:08+00:00","description":"Fu\u00dfg\u00e4nger-LT-Barrieren - Schutz von Menschen und Maschinen in hochfrequentierten Lagerbereichen Die Gew\u00e4hrleistung der Sicherheit von Menschen und","breadcrumb":{"@id":"https:\/\/antersystem.com\/de\/case-studies\/pedestrian-lt-protecting-people-machines\/#breadcrumb"},"inLanguage":"de","potentialAction":[{"@type":"ReadAction","target":["https:\/\/antersystem.com\/de\/case-studies\/pedestrian-lt-protecting-people-machines\/"]}]},{"@type":"BreadcrumbList","@id":"https:\/\/antersystem.com\/de\/case-studies\/pedestrian-lt-protecting-people-machines\/#breadcrumb","itemListElement":[{"@type":"ListItem","position":1,"name":"AnterSystem","item":"https:\/\/antersystem.com\/de\/"},{"@type":"ListItem","position":2,"name":"Fallstudien","item":"https:\/\/antersystem.com\/de\/case-studies\/"},{"@type":"ListItem","position":3,"name":"Pedestrian LT &#8211; Schutz f\u00fcr Menschen und Maschinen"}]},{"@type":"WebSite","@id":"https:\/\/antersystem.com\/de\/#website","url":"https:\/\/antersystem.com\/de\/","name":"Anter System","description":"Jeste\u015bmy polskim producentem elastycznych barier ochronnych wykonywanych z polimerowych tworzyw sztucznych. Na rynku krajowym i zagranicznym dzia\u0142amy od ponad 15 lat dbaj\u0105c o zapewnienie bezpiecze\u0144stwa w zak\u0142adach produkcyjnych, magazynach oraz centrach logistycznych.","potentialAction":[{"@type":"SearchAction","target":{"@type":"EntryPoint","urlTemplate":"https:\/\/antersystem.com\/de\/?s={search_term_string}"},"query-input":{"@type":"PropertyValueSpecification","valueRequired":true,"valueName":"search_term_string"}}],"inLanguage":"de"}]}},"_links":{"self":[{"href":"https:\/\/antersystem.com\/de\/wp-json\/wp\/v2\/pages\/13114","targetHints":{"allow":["GET"]}}],"collection":[{"href":"https:\/\/antersystem.com\/de\/wp-json\/wp\/v2\/pages"}],"about":[{"href":"https:\/\/antersystem.com\/de\/wp-json\/wp\/v2\/types\/page"}],"author":[{"embeddable":true,"href":"https:\/\/antersystem.com\/de\/wp-json\/wp\/v2\/users\/1"}],"replies":[{"embeddable":true,"href":"https:\/\/antersystem.com\/de\/wp-json\/wp\/v2\/comments?post=13114"}],"version-history":[{"count":1,"href":"https:\/\/antersystem.com\/de\/wp-json\/wp\/v2\/pages\/13114\/revisions"}],"predecessor-version":[{"id":13116,"href":"https:\/\/antersystem.com\/de\/wp-json\/wp\/v2\/pages\/13114\/revisions\/13116"}],"up":[{"embeddable":true,"href":"https:\/\/antersystem.com\/de\/wp-json\/wp\/v2\/pages\/12621"}],"wp:attachment":[{"href":"https:\/\/antersystem.com\/de\/wp-json\/wp\/v2\/media?parent=13114"}],"curies":[{"name":"wp","href":"https:\/\/api.w.org\/{rel}","templated":true}]}}