{"id":13124,"date":"2025-01-28T14:41:10","date_gmt":"2025-01-28T13:41:10","guid":{"rendered":"https:\/\/new.antersystem.com\/case-studies\/wall-protector-hd-warehouses-with-high-storage\/"},"modified":"2026-01-30T01:21:57","modified_gmt":"2026-01-30T00:21:57","slug":"wall-protector-hd-warehouses-with-high-storage","status":"publish","type":"page","link":"https:\/\/antersystem.com\/de\/case-studies\/wall-protector-hd-warehouses-with-high-storage\/","title":{"rendered":"WALL PROTECTOR HD+ in Lagern mit hohen Lagerfl\u00e4chen"},"content":{"rendered":"\n<div class=\"wp-block-columns is-layout-flex wp-container-core-columns-is-layout-9d6595d7 wp-block-columns-is-layout-flex\">\n<div class=\"wp-block-column is-layout-flow wp-block-column-is-layout-flow\" style=\"flex-basis:10%\"><\/div>\n\n\n\n<div class=\"wp-block-column is-layout-flow wp-block-column-is-layout-flow\">\n<h2 class=\"wp-block-heading\">Wall Protector HD+ mit GB HD+ Barrieren f\u00fcr die Sicherheit in Lagern mit Hochregallagern<\/h2>\n\n\n\n<p>In einer dynamisch arbeitenden Industriehalle, in der <strong>Menschen, Maschinen, Roboter und Hochregallager<\/strong> nebeneinander existieren, war es notwendig, die Sicherheit am Arbeitsplatz und eine effiziente Raumorganisation zu gew\u00e4hrleisten. Das Hauptziel war es, Menschen und Maschinen von den Lagerbereichen zu trennen. Dar\u00fcber hinaus war es von entscheidender Bedeutung, klare Transportwege festzulegen und die Infrastruktur vor m\u00f6glichen Sch\u00e4den zu sch\u00fctzen, die durch den intensiven Verkehr und die Art der Arbeiten in dieser Umgebung verursacht werden.<\/p>\n\n\n\n<h3 class=\"wp-block-heading\">Implementierung<\/h3>\n\n\n\n<p>Der Implementierungsprozess begann mit einer gr\u00fcndlichen Analyse der Bed\u00fcrfnisse und potenziellen Risiken, die mit der Nutzung der Einrichtung verbunden sind. Auf dieser Grundlage wurde vorgeschlagen, einen Schutz zu implementieren, der aus einer <a href=\"https:\/\/antersystem.com\/produkty\/ciag-elastycznych-barier-wall-protector-hd-m16-z-barierami-gb-hd\/\">Reihe von flexiblen Wall Protector HD+ Barrieren in Kombination mit GB HD+ Barrieren besteht .<\/a><\/p>\n\n\n\n<p>Die WALL PROTECTORs wurden <strong>strategisch positioniert<\/strong>, um Hochregallager vor dem Verrutschen der gelagerten Waren zu sch\u00fctzen und um Produktionsbereiche zu sichern, in denen Maschinen und Industrieroboter arbeiten. Der Einsatz von verst\u00e4rkten unteren <a href=\"https:\/\/antersystem.com\/produkty\/elastyczna-bariera-gb-hd\/\">GB HD+ Schutzbarrieren<\/a> sorgte f\u00fcr einen effektiven Schutz der angrenzenden Bereiche gegen tief liegende Gabelstaplergabeln, die in der Zone operierten.<\/p>\n\n\n\n<p>WALL PROTECTORs wurden auch <strong>zum Schutz und zur strikten Trennung von Produktionsbereichen<\/strong> eingesetzt, die mit Robotern, Maschinen und anderen modernen Systemen zur Unterst\u00fctzung von Produktion und Logistik ausgestattet sind. Diese L\u00f6sungen sch\u00fctzten nicht nur die Schl\u00fcsselelemente der Halle, sondern halfen auch, klare Transportwege zwischen den Arbeitsbereichen zu definieren.<\/p>\n\n\n\n<p>Die Umsetzung wurde durch den Einsatz von <a href=\"https:\/\/antersystem.com\/produkty\/bramka-bezpieczenstwa-sga-ze-znakiem-stop-i-oswietleniem-ostrzegawczym\/\">SGA Sicherheitsschranken<\/a> mit Stoppschildern und Lichtsignalen in Traffic R3 Schrankenlinien erg\u00e4nzt. Sie regeln den Fu\u00dfg\u00e4ngerverkehr in kritischen Bereichen und minimieren das Risiko, in von Fahrzeugen genutzte Wege einzudringen.<\/p>\n\n\n\n<h3 class=\"wp-block-heading\">Ergebnisse<\/h3>\n\n\n\n<p>Der Einsatz von flexiblen Wall Protector HD+ Schutzw\u00e4nden in Kombination mit GB HD+ Barrieren brachte zahlreiche Vorteile. Dank der implementierten L\u00f6sungen <strong>wurden die<\/strong> Hochregallagerbereiche <strong>effektiv von den Transport- und Produktionsbereichen getrennt<\/strong>, was die Sicherheit am Arbeitsplatz deutlich erh\u00f6hte. Klar gekennzeichnete Transportwege verbessern den Fluss und die Effizienz der Logistikprozesse und minimieren das Risiko von Kollisionen und Ausfallzeiten. Der modulare Aufbau des Systems erleichterte die Umsetzung der Aufgabe im Einklang mit den Bed\u00fcrfnissen des Kunden und gew\u00e4hrleistete einen angemessenen Schutz in den vorgesehenen Bereichen.<\/p>\n\n\n\n<h3 class=\"wp-block-heading\">Zusammenfassung<\/h3>\n\n\n\n<p>Die Implementierung des Wall Protector HD+ Systems mit GB HD+ Barrieren in einer Halle mit automatisierten Produktionszonen und Hochregallagern <strong>hat die Sicherheit am Arbeitsplatz und die Raumorganisation deutlich verbessert<\/strong>. Dank der angewandten L\u00f6sungen war es m\u00f6glich, bestimmte Teile der Halle effektiv zu sichern, die Verkehrsorganisation in einer dynamischen Industrieumgebung zu verbessern und die Sicherheit der Mitarbeiter in den unfalltr\u00e4chtigsten Bereichen zu gew\u00e4hrleisten.<\/p>\n<\/div>\n\n\n\n<div class=\"wp-block-column is-layout-flow wp-block-column-is-layout-flow\" style=\"flex-basis:10%\"><\/div>\n<\/div>\n\nngg_shortcode_0_placeholder\n","protected":false},"excerpt":{"rendered":"<p>Wall Protector HD+ mit GB HD+ Barrieren f\u00fcr die Sicherheit in Lagern mit Hochregallagern In einer dynamisch arbeitenden Industriehalle, in der Menschen, Maschinen, Roboter und Hochregallager nebeneinander existieren, war es notwendig, die Sicherheit am Arbeitsplatz und eine effiziente Raumorganisation zu gew\u00e4hrleisten. Das Hauptziel war es, Menschen und Maschinen von den Lagerbereichen zu trennen. Dar\u00fcber hinaus [&hellip;]<\/p>\n","protected":false},"author":1,"featured_media":0,"parent":12621,"menu_order":0,"comment_status":"closed","ping_status":"closed","template":"","meta":{"inline_featured_image":false,"ngg_post_thumbnail":0,"footnotes":""},"class_list":["post-13124","page","type-page","status-publish","hentry"],"acf":[],"yoast_head":"<!-- This site is optimized with the Yoast SEO plugin v27.0 - https:\/\/yoast.com\/product\/yoast-seo-wordpress\/ -->\n<title>WALL PROTECTOR HD+ in Lagern mit hohen Lagerfl\u00e4chen - Anter System<\/title>\n<meta name=\"description\" content=\"Wall Protector HD+ mit GB HD+ Barrieren f\u00fcr die Sicherheit in Lagern mit Hochregallagern In einer dynamisch arbeitenden Industriehalle, in der Menschen,\" \/>\n<meta name=\"robots\" content=\"index, follow, max-snippet:-1, max-image-preview:large, max-video-preview:-1\" \/>\n<link rel=\"canonical\" href=\"https:\/\/antersystem.com\/de\/case-studies\/wall-protector-hd-warehouses-with-high-storage\/\" \/>\n<meta property=\"og:locale\" content=\"de_DE\" \/>\n<meta property=\"og:type\" content=\"article\" \/>\n<meta property=\"og:title\" content=\"WALL PROTECTOR HD+ in Lagern mit hohen Lagerfl\u00e4chen - Anter System\" \/>\n<meta property=\"og:description\" content=\"Wall Protector HD+ mit GB HD+ Barrieren f\u00fcr die Sicherheit in Lagern mit Hochregallagern In einer dynamisch arbeitenden Industriehalle, in der Menschen,\" \/>\n<meta property=\"og:url\" content=\"https:\/\/antersystem.com\/de\/case-studies\/wall-protector-hd-warehouses-with-high-storage\/\" \/>\n<meta property=\"og:site_name\" content=\"Anter System\" \/>\n<meta property=\"article:modified_time\" content=\"2026-01-30T00:21:57+00:00\" \/>\n<meta name=\"twitter:card\" content=\"summary_large_image\" \/>\n<meta name=\"twitter:label1\" content=\"Gesch\u00e4tzte Lesezeit\" \/>\n\t<meta name=\"twitter:data1\" content=\"2\u00a0Minuten\" \/>\n<script type=\"application\/ld+json\" class=\"yoast-schema-graph\">{\"@context\":\"https:\/\/schema.org\",\"@graph\":[{\"@type\":\"WebPage\",\"@id\":\"https:\/\/antersystem.com\/de\/case-studies\/wall-protector-hd-warehouses-with-high-storage\/\",\"url\":\"https:\/\/antersystem.com\/de\/case-studies\/wall-protector-hd-warehouses-with-high-storage\/\",\"name\":\"WALL PROTECTOR HD+ in Lagern mit hohen Lagerfl\u00e4chen - Anter System\",\"isPartOf\":{\"@id\":\"https:\/\/antersystem.com\/de\/#website\"},\"datePublished\":\"2025-01-28T13:41:10+00:00\",\"dateModified\":\"2026-01-30T00:21:57+00:00\",\"description\":\"Wall Protector HD+ mit GB HD+ Barrieren f\u00fcr die Sicherheit in Lagern mit Hochregallagern In einer dynamisch arbeitenden Industriehalle, in der Menschen,\",\"breadcrumb\":{\"@id\":\"https:\/\/antersystem.com\/de\/case-studies\/wall-protector-hd-warehouses-with-high-storage\/#breadcrumb\"},\"inLanguage\":\"de\",\"potentialAction\":[{\"@type\":\"ReadAction\",\"target\":[\"https:\/\/antersystem.com\/de\/case-studies\/wall-protector-hd-warehouses-with-high-storage\/\"]}]},{\"@type\":\"BreadcrumbList\",\"@id\":\"https:\/\/antersystem.com\/de\/case-studies\/wall-protector-hd-warehouses-with-high-storage\/#breadcrumb\",\"itemListElement\":[{\"@type\":\"ListItem\",\"position\":1,\"name\":\"AnterSystem\",\"item\":\"https:\/\/antersystem.com\/de\/\"},{\"@type\":\"ListItem\",\"position\":2,\"name\":\"Fallstudien\",\"item\":\"https:\/\/antersystem.com\/de\/case-studies\/\"},{\"@type\":\"ListItem\",\"position\":3,\"name\":\"WALL PROTECTOR HD+ in Lagern mit hohen Lagerfl\u00e4chen\"}]},{\"@type\":\"WebSite\",\"@id\":\"https:\/\/antersystem.com\/de\/#website\",\"url\":\"https:\/\/antersystem.com\/de\/\",\"name\":\"Anter System\",\"description\":\"Jeste\u015bmy polskim producentem elastycznych barier ochronnych wykonywanych z polimerowych tworzyw sztucznych. Na rynku krajowym i zagranicznym dzia\u0142amy od ponad 15 lat dbaj\u0105c o zapewnienie bezpiecze\u0144stwa w zak\u0142adach produkcyjnych, magazynach oraz centrach logistycznych.\",\"potentialAction\":[{\"@type\":\"SearchAction\",\"target\":{\"@type\":\"EntryPoint\",\"urlTemplate\":\"https:\/\/antersystem.com\/de\/?s={search_term_string}\"},\"query-input\":{\"@type\":\"PropertyValueSpecification\",\"valueRequired\":true,\"valueName\":\"search_term_string\"}}],\"inLanguage\":\"de\"}]}<\/script>\n<!-- \/ Yoast SEO plugin. -->","yoast_head_json":{"title":"WALL PROTECTOR HD+ in Lagern mit hohen Lagerfl\u00e4chen - Anter System","description":"Wall Protector HD+ mit GB HD+ Barrieren f\u00fcr die Sicherheit in Lagern mit Hochregallagern In einer dynamisch arbeitenden Industriehalle, in der Menschen,","robots":{"index":"index","follow":"follow","max-snippet":"max-snippet:-1","max-image-preview":"max-image-preview:large","max-video-preview":"max-video-preview:-1"},"canonical":"https:\/\/antersystem.com\/de\/case-studies\/wall-protector-hd-warehouses-with-high-storage\/","og_locale":"de_DE","og_type":"article","og_title":"WALL PROTECTOR HD+ in Lagern mit hohen Lagerfl\u00e4chen - Anter System","og_description":"Wall Protector HD+ mit GB HD+ Barrieren f\u00fcr die Sicherheit in Lagern mit Hochregallagern In einer dynamisch arbeitenden Industriehalle, in der Menschen,","og_url":"https:\/\/antersystem.com\/de\/case-studies\/wall-protector-hd-warehouses-with-high-storage\/","og_site_name":"Anter System","article_modified_time":"2026-01-30T00:21:57+00:00","twitter_card":"summary_large_image","twitter_misc":{"Gesch\u00e4tzte Lesezeit":"2\u00a0Minuten"},"schema":{"@context":"https:\/\/schema.org","@graph":[{"@type":"WebPage","@id":"https:\/\/antersystem.com\/de\/case-studies\/wall-protector-hd-warehouses-with-high-storage\/","url":"https:\/\/antersystem.com\/de\/case-studies\/wall-protector-hd-warehouses-with-high-storage\/","name":"WALL PROTECTOR HD+ in Lagern mit hohen Lagerfl\u00e4chen - Anter System","isPartOf":{"@id":"https:\/\/antersystem.com\/de\/#website"},"datePublished":"2025-01-28T13:41:10+00:00","dateModified":"2026-01-30T00:21:57+00:00","description":"Wall Protector HD+ mit GB HD+ Barrieren f\u00fcr die Sicherheit in Lagern mit Hochregallagern In einer dynamisch arbeitenden Industriehalle, in der Menschen,","breadcrumb":{"@id":"https:\/\/antersystem.com\/de\/case-studies\/wall-protector-hd-warehouses-with-high-storage\/#breadcrumb"},"inLanguage":"de","potentialAction":[{"@type":"ReadAction","target":["https:\/\/antersystem.com\/de\/case-studies\/wall-protector-hd-warehouses-with-high-storage\/"]}]},{"@type":"BreadcrumbList","@id":"https:\/\/antersystem.com\/de\/case-studies\/wall-protector-hd-warehouses-with-high-storage\/#breadcrumb","itemListElement":[{"@type":"ListItem","position":1,"name":"AnterSystem","item":"https:\/\/antersystem.com\/de\/"},{"@type":"ListItem","position":2,"name":"Fallstudien","item":"https:\/\/antersystem.com\/de\/case-studies\/"},{"@type":"ListItem","position":3,"name":"WALL PROTECTOR HD+ in Lagern mit hohen Lagerfl\u00e4chen"}]},{"@type":"WebSite","@id":"https:\/\/antersystem.com\/de\/#website","url":"https:\/\/antersystem.com\/de\/","name":"Anter System","description":"Jeste\u015bmy polskim producentem elastycznych barier ochronnych wykonywanych z polimerowych tworzyw sztucznych. Na rynku krajowym i zagranicznym dzia\u0142amy od ponad 15 lat dbaj\u0105c o zapewnienie bezpiecze\u0144stwa w zak\u0142adach produkcyjnych, magazynach oraz centrach logistycznych.","potentialAction":[{"@type":"SearchAction","target":{"@type":"EntryPoint","urlTemplate":"https:\/\/antersystem.com\/de\/?s={search_term_string}"},"query-input":{"@type":"PropertyValueSpecification","valueRequired":true,"valueName":"search_term_string"}}],"inLanguage":"de"}]}},"_links":{"self":[{"href":"https:\/\/antersystem.com\/de\/wp-json\/wp\/v2\/pages\/13124","targetHints":{"allow":["GET"]}}],"collection":[{"href":"https:\/\/antersystem.com\/de\/wp-json\/wp\/v2\/pages"}],"about":[{"href":"https:\/\/antersystem.com\/de\/wp-json\/wp\/v2\/types\/page"}],"author":[{"embeddable":true,"href":"https:\/\/antersystem.com\/de\/wp-json\/wp\/v2\/users\/1"}],"replies":[{"embeddable":true,"href":"https:\/\/antersystem.com\/de\/wp-json\/wp\/v2\/comments?post=13124"}],"version-history":[{"count":1,"href":"https:\/\/antersystem.com\/de\/wp-json\/wp\/v2\/pages\/13124\/revisions"}],"predecessor-version":[{"id":13125,"href":"https:\/\/antersystem.com\/de\/wp-json\/wp\/v2\/pages\/13124\/revisions\/13125"}],"up":[{"embeddable":true,"href":"https:\/\/antersystem.com\/de\/wp-json\/wp\/v2\/pages\/12621"}],"wp:attachment":[{"href":"https:\/\/antersystem.com\/de\/wp-json\/wp\/v2\/media?parent=13124"}],"curies":[{"name":"wp","href":"https:\/\/api.w.org\/{rel}","templated":true}]}}