{"id":13169,"date":"2025-06-04T16:04:00","date_gmt":"2025-06-04T14:04:00","guid":{"rendered":"https:\/\/new.antersystem.com\/gold-medal-smart-gate\/"},"modified":"2026-04-16T11:29:52","modified_gmt":"2026-04-16T09:29:52","slug":"gold-medal-smart-gate","status":"publish","type":"page","link":"https:\/\/antersystem.com\/de\/nachrichten\/gold-medal-smart-gate\/","title":{"rendered":"Goldmedaille f\u00fcr SMART GATE"},"content":{"rendered":"\n<div class=\"wp-block-columns is-layout-flex wp-container-core-columns-is-layout-9d6595d7 wp-block-columns-is-layout-flex\">\n<div class=\"wp-block-column is-layout-flow wp-block-column-is-layout-flow\">\n<h2 class=\"wp-block-heading\">Unser Produkt wurde mit einer prestigetr\u00e4chtigen Auszeichnung gew\u00fcrdigt<\/h2>\n\n\n\n<div class=\"wp-block-columns is-layout-flex wp-container-core-columns-is-layout-9d6595d7 wp-block-columns-is-layout-flex\">\n<div class=\"wp-block-column is-layout-flow wp-block-column-is-layout-flow\" style=\"flex-basis:10%\"><\/div>\n\n\n\n<div class=\"wp-block-column is-layout-flow wp-block-column-is-layout-flow\">\n<p>Wir freuen uns, Ihnen mitteilen zu k\u00f6nnen, dass eine unserer neuesten Innovationen &#8211; das <strong>intelligente Sicherheitstor SGA GATE PROTECTOR (Smart Gate)<\/strong> &#8211; mit der prestigetr\u00e4chtigen <strong>Goldmedaille von Modernlog 2025<\/strong> ausgezeichnet worden ist. Mit dieser Auszeichnung werden L\u00f6sungen geehrt, die der Industrie durch Innovation, Designqualit\u00e4t und Auswirkungen auf die Sicherheit am Arbeitsplatz einen echten Mehrwert bieten. <\/p>\n\n\n\n<h3 class=\"wp-block-heading\">Eine Auszeichnung, die Verantwortung weckt<\/h3>\n\n\n\n<p>Die von der MTP-Expertenjury verliehene Goldmedaille ist mehr als eine symbolische Anerkennung &#8211; sie ist ein Qualit\u00e4tssiegel, das die Wirksamkeit und den praktischen Wert der ausgezeichneten L\u00f6sung best\u00e4tigt. In der Kategorie Produkte f\u00fcr die Sicherheit am Arbeitsplatz w\u00fcrdigte die Jury unser Tor f\u00fcr seine <strong>innovative Integration von Gefahrenerkennungstechnologie mit aktivem Benutzerschutz<\/strong> in gemeinsamen Zonen f\u00fcr Fu\u00dfg\u00e4nger und Industriefahrzeuge. <\/p>\n\n\n\n<figure class=\"wp-block-embed is-type-video is-provider-youtube wp-block-embed-youtube wp-embed-aspect-16-9 wp-has-aspect-ratio\"><div class=\"wp-block-embed__wrapper\" style=\"text-align: center;\">\n<iframe loading=\"lazy\" title=\"GATE PROTECTOR with SGA SAFETY GATE WING\" width=\"500\" height=\"281\" src=\"https:\/\/www.youtube.com\/embed\/cdwOuzXI_zU?feature=oembed\" frameborder=\"0\" allow=\"accelerometer; autoplay; clipboard-write; encrypted-media; gyroscope; picture-in-picture; web-share\" referrerpolicy=\"strict-origin-when-cross-origin\" allowfullscreen><\/iframe>\n<\/div><\/figure>\n\n\n<div style=\"height:30px\" aria-hidden=\"true\" class=\"wp-block-spacer\"><\/div>\n\n\n\n<h3 class=\"wp-block-heading\">Was macht den SGA GATE PROTECTOR so besonders?<\/h3>\n\n\n\n<p>Das SMART GATE ist ein intelligentes, automatisches Sicherheitssystem, das zum Schutz der kritischsten Bereiche in Lagerh\u00e4usern, Logistikzentren und Industrieanlagen entwickelt wurde &#8211; dort, wo sich Fu\u00dfg\u00e4nger- und Fahrzeugwege kreuzen. Zu seinen wichtigsten Funktionen geh\u00f6ren:<\/p>\n\n\n\n<ul class=\"wp-block-list\"><li><strong>Fortschrittliche Erkennungssysteme<\/strong> &#8211; Bewegungssensoren, RFID, UWB-Technologie und Laserdetektoren erm\u00f6glichen eine pr\u00e4zise Erkennung herannahender Fahrzeuge.<\/li>\n<li><strong>Aktive Licht- und Tonsignalisierung<\/strong> &#8211; leuchtend rote Warnleuchten und akustische Alarme sind sowohl f\u00fcr Fu\u00dfg\u00e4nger als auch f\u00fcr Gabelstaplerfahrer deutlich sichtbar und h\u00f6rbar.<\/li>\n<li><strong>Automatische Durchfahrtssperre<\/strong> &#8211; wenn ein Fahrzeug erkannt wird, schlie\u00dft sich das Tor sofort und verhindert so Kollisionen.<\/li>\n<li><strong>Nahtlose Integration in die Geb\u00e4udeautomation<\/strong> &#8211; der SGA GATE PROTECTOR kann vollst\u00e4ndig in die Kundensysteme integriert werden und unterst\u00fctzt das Verkehrs-, Sicherheits- und Evakuierungsmanagement.<\/li>\n<li><strong>Automatische \u00d6ffnungsfunktion<\/strong> &#8211; wenn der Bereich frei ist, \u00f6ffnet sich das Tor automatisch wieder und sorgt f\u00fcr einen reibungslosen Arbeitsablauf.<\/li>\n<\/ul>\n\n\n<div style=\"height:30px\" aria-hidden=\"true\" class=\"wp-block-spacer\"><\/div>\n\n\n\n<div class=\"wp-block-media-text is-stacked-on-mobile\" style=\"grid-template-columns:18% auto\"><figure class=\"wp-block-media-text__media\"><img loading=\"lazy\" decoding=\"async\" width=\"683\" height=\"1024\" src=\"https:\/\/antersystem.com\/wp-content\/uploads\/ELASTYCZNA-BARIERA-GATE-PROTECTOR-Z-BRAMKA-SGA2-683x1024.png\" alt=\"\" class=\"wp-image-6000 size-full\" srcset=\"https:\/\/antersystem.com\/wp-content\/uploads\/ELASTYCZNA-BARIERA-GATE-PROTECTOR-Z-BRAMKA-SGA2-683x1024.png 683w, https:\/\/antersystem.com\/wp-content\/uploads\/ELASTYCZNA-BARIERA-GATE-PROTECTOR-Z-BRAMKA-SGA2-200x300.png 200w, https:\/\/antersystem.com\/wp-content\/uploads\/ELASTYCZNA-BARIERA-GATE-PROTECTOR-Z-BRAMKA-SGA2-768x1152.png 768w, https:\/\/antersystem.com\/wp-content\/uploads\/ELASTYCZNA-BARIERA-GATE-PROTECTOR-Z-BRAMKA-SGA2-1024x1536.png 1024w, https:\/\/antersystem.com\/wp-content\/uploads\/ELASTYCZNA-BARIERA-GATE-PROTECTOR-Z-BRAMKA-SGA2-1365x2048.png 1365w, https:\/\/antersystem.com\/wp-content\/uploads\/ELASTYCZNA-BARIERA-GATE-PROTECTOR-Z-BRAMKA-SGA2-450x675.png 450w, https:\/\/antersystem.com\/wp-content\/uploads\/ELASTYCZNA-BARIERA-GATE-PROTECTOR-Z-BRAMKA-SGA2-330x495.png 330w\" sizes=\"auto, (max-width: 683px) 100vw, 683px\" \/><\/figure><div class=\"wp-block-media-text__content\">\n<h3 class=\"wp-block-heading\">Echte Vorteile &#8211; Sicherheit, Komfort und Effizienz<\/h3>\n\n\n\n<p>Durch die Implementierung des SGA GATE PROTECTOR konnten Zwischenf\u00e4lle an den gef\u00e4hrlichsten \u00dcberg\u00e4ngen in den Einrichtungen unserer Kunden vollst\u00e4ndig vermieden werden. Mehr Sicherheit bedeutet nicht nur den Schutz von Leben und Gesundheit, sondern auch ein <strong>konzentrierteres, selbstbewussteres und effizienteres Arbeiten des gesamten Betriebsteams<\/strong>. Die visuellen und akustischen Signale unterst\u00fctzen die Bediener und verringern den Stress und die Notwendigkeit einer st\u00e4ndigen \u00dcberwachung der Umgebung.  <\/p>\n\n\n\n<p>Bei der Entwicklung dieser L\u00f6sung wurde auf Flexibilit\u00e4t geachtet &#8211; sowohl technisch als auch r\u00e4umlich. Das Tor kann an die spezifischen Anforderungen der Einrichtung angepasst werden, und sein modularer Aufbau erm\u00f6glicht eine einfache Integration mit anderen Schutzprodukten von Anter System. <\/p>\n<\/div><\/div>\n\n\n\n<div style=\"height:30px\" aria-hidden=\"true\" class=\"wp-block-spacer\"><\/div>\n\n\n\n<h3 class=\"wp-block-heading\">Vielen Dank f\u00fcr die Anerkennung!<\/h3>\n\n\n\n<p>Die Modernlog 2025 Goldmedaille best\u00e4tigt, dass der von uns eingeschlagene Weg &#8211; die Investition in <strong>intelligente, automatisierte Sicherheitssysteme<\/strong> &#8211; eine direkte Antwort auf reale Marktbed\u00fcrfnisse ist. Wir danken der Wettbewerbsjury f\u00fcr ihr Vertrauen und unseren Kunden und Partnern daf\u00fcr, dass sie uns zu weiteren Innovationen inspirieren. <\/p>\n\n\n\n<p>Erfahren Sie mehr \u00fcber den SGA GATE PROTECTOR <strong><a href=\"https:\/\/antersystem.com\/produkty\/elastyczna-bariera-gate-protector-with-sga-gate\/\">hier<\/a><\/strong>.<\/p>\n<\/div>\n<\/div>\n<\/div>\n<\/div>\n\n<p><\/p>\n","protected":false},"excerpt":{"rendered":"<p>Unser Produkt wurde mit einer prestigetr\u00e4chtigen Auszeichnung gew\u00fcrdigt Wir freuen uns, Ihnen mitteilen zu k\u00f6nnen, dass eine unserer neuesten Innovationen &#8211; das intelligente Sicherheitstor SGA GATE PROTECTOR (Smart Gate) &#8211; mit der prestigetr\u00e4chtigen Goldmedaille von Modernlog 2025 ausgezeichnet worden ist. Mit dieser Auszeichnung werden L\u00f6sungen geehrt, die der Industrie durch Innovation, Designqualit\u00e4t und Auswirkungen auf [&hellip;]<\/p>\n","protected":false},"author":11,"featured_media":13172,"parent":30484,"menu_order":0,"comment_status":"closed","ping_status":"closed","template":"","meta":{"inline_featured_image":false,"ngg_post_thumbnail":0,"footnotes":""},"class_list":["post-13169","page","type-page","status-publish","has-post-thumbnail","hentry"],"acf":[],"yoast_head":"<!-- This site is optimized with the Yoast SEO plugin v27.0 - https:\/\/yoast.com\/product\/yoast-seo-wordpress\/ -->\n<title>Goldmedaille f\u00fcr SMART GATE - Anter System<\/title>\n<meta name=\"description\" content=\"Das intelligente Produkt SMART GATE wurde auf der Modernlog Messe 2025 mit der prestigetr\u00e4chtigen Goldmedaille ausgezeichnet.\" \/>\n<meta name=\"robots\" content=\"index, follow, max-snippet:-1, max-image-preview:large, max-video-preview:-1\" \/>\n<link rel=\"canonical\" href=\"https:\/\/antersystem.com\/de\/nachrichten\/gold-medal-smart-gate\/\" \/>\n<meta property=\"og:locale\" content=\"de_DE\" \/>\n<meta property=\"og:type\" content=\"article\" \/>\n<meta property=\"og:title\" content=\"Goldmedaille f\u00fcr SMART GATE - Anter System\" \/>\n<meta property=\"og:description\" content=\"Das intelligente Produkt SMART GATE wurde auf der Modernlog Messe 2025 mit der prestigetr\u00e4chtigen Goldmedaille ausgezeichnet.\" \/>\n<meta property=\"og:url\" content=\"https:\/\/antersystem.com\/de\/nachrichten\/gold-medal-smart-gate\/\" \/>\n<meta property=\"og:site_name\" content=\"Anter System\" \/>\n<meta property=\"article:modified_time\" content=\"2026-04-16T09:29:52+00:00\" \/>\n<meta property=\"og:image\" content=\"https:\/\/antersystem.com\/wp-content\/uploads\/gate-protector-medal-1.png\" \/>\n\t<meta property=\"og:image:width\" content=\"1024\" \/>\n\t<meta property=\"og:image:height\" content=\"768\" \/>\n\t<meta property=\"og:image:type\" content=\"image\/png\" \/>\n<meta name=\"twitter:card\" content=\"summary_large_image\" \/>\n<meta name=\"twitter:label1\" content=\"Gesch\u00e4tzte Lesezeit\" \/>\n\t<meta name=\"twitter:data1\" content=\"2\u00a0Minuten\" \/>\n<script type=\"application\/ld+json\" class=\"yoast-schema-graph\">{\"@context\":\"https:\/\/schema.org\",\"@graph\":[{\"@type\":\"WebPage\",\"@id\":\"https:\/\/antersystem.com\/de\/nachrichten\/gold-medal-smart-gate\/\",\"url\":\"https:\/\/antersystem.com\/de\/nachrichten\/gold-medal-smart-gate\/\",\"name\":\"Goldmedaille f\u00fcr SMART GATE - Anter System\",\"isPartOf\":{\"@id\":\"https:\/\/antersystem.com\/de\/#website\"},\"primaryImageOfPage\":{\"@id\":\"https:\/\/antersystem.com\/de\/nachrichten\/gold-medal-smart-gate\/#primaryimage\"},\"image\":{\"@id\":\"https:\/\/antersystem.com\/de\/nachrichten\/gold-medal-smart-gate\/#primaryimage\"},\"thumbnailUrl\":\"https:\/\/antersystem.com\/wp-content\/uploads\/gate-protector-medal-1.png\",\"datePublished\":\"2025-06-04T14:04:00+00:00\",\"dateModified\":\"2026-04-16T09:29:52+00:00\",\"description\":\"Das intelligente Produkt SMART GATE wurde auf der Modernlog Messe 2025 mit der prestigetr\u00e4chtigen Goldmedaille ausgezeichnet.\",\"breadcrumb\":{\"@id\":\"https:\/\/antersystem.com\/de\/nachrichten\/gold-medal-smart-gate\/#breadcrumb\"},\"inLanguage\":\"de\",\"potentialAction\":[{\"@type\":\"ReadAction\",\"target\":[\"https:\/\/antersystem.com\/de\/nachrichten\/gold-medal-smart-gate\/\"]}]},{\"@type\":\"ImageObject\",\"inLanguage\":\"de\",\"@id\":\"https:\/\/antersystem.com\/de\/nachrichten\/gold-medal-smart-gate\/#primaryimage\",\"url\":\"https:\/\/antersystem.com\/wp-content\/uploads\/gate-protector-medal-1.png\",\"contentUrl\":\"https:\/\/antersystem.com\/wp-content\/uploads\/gate-protector-medal-1.png\",\"width\":1024,\"height\":768},{\"@type\":\"BreadcrumbList\",\"@id\":\"https:\/\/antersystem.com\/de\/nachrichten\/gold-medal-smart-gate\/#breadcrumb\",\"itemListElement\":[{\"@type\":\"ListItem\",\"position\":1,\"name\":\"AnterSystem\",\"item\":\"https:\/\/antersystem.com\/de\/\"},{\"@type\":\"ListItem\",\"position\":2,\"name\":\"Nachrichten\",\"item\":\"https:\/\/antersystem.com\/de\/nachrichten\/\"},{\"@type\":\"ListItem\",\"position\":3,\"name\":\"Goldmedaille f\u00fcr SMART GATE\"}]},{\"@type\":\"WebSite\",\"@id\":\"https:\/\/antersystem.com\/de\/#website\",\"url\":\"https:\/\/antersystem.com\/de\/\",\"name\":\"Anter System\",\"description\":\"Jeste\u015bmy polskim producentem elastycznych barier ochronnych wykonywanych z polimerowych tworzyw sztucznych. Na rynku krajowym i zagranicznym dzia\u0142amy od ponad 15 lat dbaj\u0105c o zapewnienie bezpiecze\u0144stwa w zak\u0142adach produkcyjnych, magazynach oraz centrach logistycznych.\",\"potentialAction\":[{\"@type\":\"SearchAction\",\"target\":{\"@type\":\"EntryPoint\",\"urlTemplate\":\"https:\/\/antersystem.com\/de\/?s={search_term_string}\"},\"query-input\":{\"@type\":\"PropertyValueSpecification\",\"valueRequired\":true,\"valueName\":\"search_term_string\"}}],\"inLanguage\":\"de\"}]}<\/script>\n<!-- \/ Yoast SEO plugin. -->","yoast_head_json":{"title":"Goldmedaille f\u00fcr SMART GATE - Anter System","description":"Das intelligente Produkt SMART GATE wurde auf der Modernlog Messe 2025 mit der prestigetr\u00e4chtigen Goldmedaille ausgezeichnet.","robots":{"index":"index","follow":"follow","max-snippet":"max-snippet:-1","max-image-preview":"max-image-preview:large","max-video-preview":"max-video-preview:-1"},"canonical":"https:\/\/antersystem.com\/de\/nachrichten\/gold-medal-smart-gate\/","og_locale":"de_DE","og_type":"article","og_title":"Goldmedaille f\u00fcr SMART GATE - Anter System","og_description":"Das intelligente Produkt SMART GATE wurde auf der Modernlog Messe 2025 mit der prestigetr\u00e4chtigen Goldmedaille ausgezeichnet.","og_url":"https:\/\/antersystem.com\/de\/nachrichten\/gold-medal-smart-gate\/","og_site_name":"Anter System","article_modified_time":"2026-04-16T09:29:52+00:00","og_image":[{"width":1024,"height":768,"url":"https:\/\/antersystem.com\/wp-content\/uploads\/gate-protector-medal-1.png","type":"image\/png"}],"twitter_card":"summary_large_image","twitter_misc":{"Gesch\u00e4tzte Lesezeit":"2\u00a0Minuten"},"schema":{"@context":"https:\/\/schema.org","@graph":[{"@type":"WebPage","@id":"https:\/\/antersystem.com\/de\/nachrichten\/gold-medal-smart-gate\/","url":"https:\/\/antersystem.com\/de\/nachrichten\/gold-medal-smart-gate\/","name":"Goldmedaille f\u00fcr SMART GATE - Anter System","isPartOf":{"@id":"https:\/\/antersystem.com\/de\/#website"},"primaryImageOfPage":{"@id":"https:\/\/antersystem.com\/de\/nachrichten\/gold-medal-smart-gate\/#primaryimage"},"image":{"@id":"https:\/\/antersystem.com\/de\/nachrichten\/gold-medal-smart-gate\/#primaryimage"},"thumbnailUrl":"https:\/\/antersystem.com\/wp-content\/uploads\/gate-protector-medal-1.png","datePublished":"2025-06-04T14:04:00+00:00","dateModified":"2026-04-16T09:29:52+00:00","description":"Das intelligente Produkt SMART GATE wurde auf der Modernlog Messe 2025 mit der prestigetr\u00e4chtigen Goldmedaille ausgezeichnet.","breadcrumb":{"@id":"https:\/\/antersystem.com\/de\/nachrichten\/gold-medal-smart-gate\/#breadcrumb"},"inLanguage":"de","potentialAction":[{"@type":"ReadAction","target":["https:\/\/antersystem.com\/de\/nachrichten\/gold-medal-smart-gate\/"]}]},{"@type":"ImageObject","inLanguage":"de","@id":"https:\/\/antersystem.com\/de\/nachrichten\/gold-medal-smart-gate\/#primaryimage","url":"https:\/\/antersystem.com\/wp-content\/uploads\/gate-protector-medal-1.png","contentUrl":"https:\/\/antersystem.com\/wp-content\/uploads\/gate-protector-medal-1.png","width":1024,"height":768},{"@type":"BreadcrumbList","@id":"https:\/\/antersystem.com\/de\/nachrichten\/gold-medal-smart-gate\/#breadcrumb","itemListElement":[{"@type":"ListItem","position":1,"name":"AnterSystem","item":"https:\/\/antersystem.com\/de\/"},{"@type":"ListItem","position":2,"name":"Nachrichten","item":"https:\/\/antersystem.com\/de\/nachrichten\/"},{"@type":"ListItem","position":3,"name":"Goldmedaille f\u00fcr SMART GATE"}]},{"@type":"WebSite","@id":"https:\/\/antersystem.com\/de\/#website","url":"https:\/\/antersystem.com\/de\/","name":"Anter System","description":"Jeste\u015bmy polskim producentem elastycznych barier ochronnych wykonywanych z polimerowych tworzyw sztucznych. Na rynku krajowym i zagranicznym dzia\u0142amy od ponad 15 lat dbaj\u0105c o zapewnienie bezpiecze\u0144stwa w zak\u0142adach produkcyjnych, magazynach oraz centrach logistycznych.","potentialAction":[{"@type":"SearchAction","target":{"@type":"EntryPoint","urlTemplate":"https:\/\/antersystem.com\/de\/?s={search_term_string}"},"query-input":{"@type":"PropertyValueSpecification","valueRequired":true,"valueName":"search_term_string"}}],"inLanguage":"de"}]}},"_links":{"self":[{"href":"https:\/\/antersystem.com\/de\/wp-json\/wp\/v2\/pages\/13169","targetHints":{"allow":["GET"]}}],"collection":[{"href":"https:\/\/antersystem.com\/de\/wp-json\/wp\/v2\/pages"}],"about":[{"href":"https:\/\/antersystem.com\/de\/wp-json\/wp\/v2\/types\/page"}],"author":[{"embeddable":true,"href":"https:\/\/antersystem.com\/de\/wp-json\/wp\/v2\/users\/11"}],"replies":[{"embeddable":true,"href":"https:\/\/antersystem.com\/de\/wp-json\/wp\/v2\/comments?post=13169"}],"version-history":[{"count":1,"href":"https:\/\/antersystem.com\/de\/wp-json\/wp\/v2\/pages\/13169\/revisions"}],"predecessor-version":[{"id":13176,"href":"https:\/\/antersystem.com\/de\/wp-json\/wp\/v2\/pages\/13169\/revisions\/13176"}],"up":[{"embeddable":true,"href":"https:\/\/antersystem.com\/de\/wp-json\/wp\/v2\/pages\/30484"}],"wp:featuredmedia":[{"embeddable":true,"href":"https:\/\/antersystem.com\/de\/wp-json\/wp\/v2\/media\/13172"}],"wp:attachment":[{"href":"https:\/\/antersystem.com\/de\/wp-json\/wp\/v2\/media?parent=13169"}],"curies":[{"name":"wp","href":"https:\/\/api.w.org\/{rel}","templated":true}]}}