{"id":13206,"date":"2024-04-24T15:59:43","date_gmt":"2024-04-24T13:59:43","guid":{"rendered":"https:\/\/new.antersystem.com\/hygiene-standards\/"},"modified":"2026-01-30T14:30:42","modified_gmt":"2026-01-30T13:30:42","slug":"hygiene-standards","status":"publish","type":"page","link":"https:\/\/antersystem.com\/de\/nachrichten\/hygiene-standards\/","title":{"rendered":"Hygienestandards"},"content":{"rendered":"\n<div class=\"wp-block-columns is-layout-flex wp-container-core-columns-is-layout-9d6595d7 wp-block-columns-is-layout-flex\">\n<div class=\"wp-block-column is-layout-flow wp-block-column-is-layout-flow\" style=\"flex-basis:10%\"><\/div>\n\n\n\n<div class=\"wp-block-column is-layout-flow wp-block-column-is-layout-flow\">\n<h2 class=\"wp-block-heading\">Hygienestandards und die Anpassung von flexiblen Barrieren an unterschiedliche Arbeitsumgebungen<\/h2>\n\n\n\n<p>Arbeitsschutzsysteme m\u00fcssen an die spezifischen Umgebungsbedingungen angepasst werden, in denen sie arbeiten. Wenn es um unsere <strong>flexiblen Polymerbarrieren<\/strong> geht, sehen Sie oft die Formulierung &#8222;erf\u00fcllen die Hygieneanforderungen&#8220; &#8211; aber was bedeutet das in der Praxis wirklich?<\/p>\n\n\n\n<h3 class=\"wp-block-heading\">Was bestimmt, ob eine Sicherheitsbarriere den Hygienestandards entspricht?<\/h3>\n\n\n\n<p>Wenn wir \u00fcber Hygienestandards sprechen, beziehen wir uns meist auf Produktionsumgebungen in der <strong>Lebensmittel- und Pharmaindustrie<\/strong>. Es gibt eine Reihe von Faktoren, die ber\u00fccksichtigt werden m\u00fcssen, um sowohl die Hygiene als auch die Sicherheit zu gew\u00e4hrleisten &#8211; nicht nur f\u00fcr die Arbeiter, sondern auch f\u00fcr die Produkte, mit denen gearbeitet wird. Im Folgenden finden Sie die wichtigsten Aspekte, die die hygienische Sicherheit von Schutzbarrieren definieren:  <\/p>\n\n<p><strong>Reinigungsf\u00e4higkeit:<\/strong> Sicherheitsbarrieren sollten leicht zu reinigen und zu desinfizieren sein, mit glatten, nicht por\u00f6sen Oberfl\u00e4chen, auf denen sich kein Schmutz oder Bakterien ansammeln.<\/p>\n<p><strong>Einhaltung der Lebensmittelsicherheit:<\/strong> In Einrichtungen, in denen Absperrungen in der N\u00e4he von lebensmittelverarbeitenden Bereichen installiert werden, m\u00fcssen sie den Vorschriften zur Lebensmittelsicherheit wie <strong>HACCP<\/strong> und anderen lokalen Hygienestandards entsprechen. Die Materialien sollten ungiftig, korrosionsbest\u00e4ndig und f\u00fcr die Verwendung in hygienischen Umgebungen zertifiziert sein. <\/p>\n<p><strong>Chemische Best\u00e4ndigkeit:<\/strong> Die Barrieren sollten starken Reinigungs- und Desinfektionsmitteln standhalten, die \u00fcblicherweise in der industriellen Hygienewartung verwendet werden.<\/p>\n<p><strong>Umweltbest\u00e4ndigkeit:<\/strong> Hohe Luftfeuchtigkeit, schnelle Temperaturschwankungen oder Frost sollten die strukturelle Integrit\u00e4t oder Leistung der Barrieren nicht beeintr\u00e4chtigen.<\/p>\n<p><strong>Zertifizierung und Konformit\u00e4t:<\/strong> Je nach Sektor m\u00fcssen flexible Sicherheitsbarrieren zertifiziert und gepr\u00fcft werden, um die Einhaltung der relevanten internationalen und nationalen Hygienestandards zu best\u00e4tigen.<\/p>\n\n\n\n<h3 class=\"wp-block-heading\"><strong>Anerkannte Standards f\u00fcr Schutzbarrieren in hygienischen Umgebungen<\/strong><\/h3>\n\n\n\n<p>Sicherheitsbarrieren, die in Umgebungen eingesetzt werden, in denen Lebensmittel verarbeitet werden, m\u00fcssen eine Reihe von Normen erf\u00fcllen, um Schutz vor Kontamination und Gesundheitsrisiken zu gew\u00e4hrleisten. Im Folgenden finden Sie die wichtigsten Rahmenwerke, die diese Einhaltung regeln: <\/p>\n\n\n\n<p><strong>HACCP (Hazard Analysis and Critical Control Points &#8211; Gefahrenanalyse und kritische Kontrollpunkte)<\/strong> &#8211; ein Managementsystem, das potenzielle Gefahren im gesamten Lebensmittelherstellungsprozess identifiziert und kontrolliert. Flexible Barrieren, die in solchen Einrichtungen verwendet werden, m\u00fcssen mit den HACCP-Grunds\u00e4tzen \u00fcbereinstimmen und sicherstellen, dass ihre Installation und ihre Materialien keine Kontaminationsrisiken bergen und dass sie die Aufrechterhaltung kontrollierter, hygienischer Bedingungen unterst\u00fctzen.<\/p>\n\n\n\n<p><strong>FDA (Food and Drug Administration)<\/strong> &#8211; f\u00fcr Anwendungen in den Vereinigten Staaten m\u00fcssen die Barrieren den FDA-Vorschriften f\u00fcr Lebensmittelsicherheit und Hygiene entsprechen. Das bedeutet, dass Materialien verwendet werden m\u00fcssen, die ungiftig, nicht kontaminierend und sicher f\u00fcr den indirekten Kontakt mit Lebensmitteln sind, in \u00dcbereinstimmung mit den Bundesstandards der Lebensmittelindustrie. <\/p>\n\n\n\n<p><strong>ISO 22000<\/strong> &#8211; diese internationale Norm legt die Anforderungen an Managementsysteme f\u00fcr die Lebensmittelsicherheit fest und stellt sicher, dass alle in Produktions- und Logistikeinrichtungen verwendeten Ger\u00e4te und Komponenten zu einer sicheren Handhabung von Lebensmitteln beitragen.<\/p>\n\n\n\n<p><strong>Branchenspezifische Zertifizierungen:<\/strong> Je nach Art der Produktion k\u00f6nnen zus\u00e4tzliche Zertifizierungen erforderlich sein &#8211; zum Beispiel die <strong>USDA Bio-Zertifizierung<\/strong> f\u00fcr Einrichtungen, die Bio-Lebensmittel herstellen, oder andere lokale branchenspezifische Zulassungen.<\/p>\n\n\n\n<p><strong>Lokale und nationale Vorschriften:<\/strong> Jedes Land hat seine eigenen sanit\u00e4ren und epidemiologischen Vorschriften, die die Hygieneanforderungen in der Lebensmittelproduktion und -verarbeitung festlegen. Die Barrieren m\u00fcssen diese lokalen Vorschriften erf\u00fcllen, um f\u00fcr die Verwendung in solchen Einrichtungen gesetzlich zugelassen zu werden. <\/p>\n\n\n\n<p>All diese Faktoren sind entscheidend f\u00fcr die Aufrechterhaltung der h\u00f6chsten Hygienestandards in Produktionsanlagen &#8211; ob in der Lebensmittel-, Pharma- oder Chemieindustrie &#8211; und minimieren das Risiko einer Kontamination und sch\u00fctzen die Gesundheit der Verbraucher.<\/p>\n\n\n\n<p>Die <a href=\"https:\/\/antersystem.com\/nasze-systemy\/\">flexiblen Barrieren von Anter System<\/a> sind so konzipiert und hergestellt, dass sie den h\u00f6chsten Hygiene- und Lebensmittelsicherheitsstandards entsprechen. Sie erf\u00fcllen die Anforderungen von <strong>HACCP, FDA und ISO 22000<\/strong>. Ihre Qualit\u00e4t und Sicherheit wird durch die <strong>Zertifizierung des T\u00dcV Rheinland<\/strong> best\u00e4tigt.<\/p>\n\n\n<div class=\"wp-block-image\">\n<figure class=\"aligncenter size-large is-resized\"><a href=\"https:\/\/antersystem.com\/nasze-systemy\/\"><img loading=\"lazy\" decoding=\"async\" width=\"768\" height=\"1024\" src=\"https:\/\/antersystem.com\/wp-content\/uploads\/mroznia-768x1024.webp\" alt=\"Flexible Sicherheitsbarrieren in hygienischen Umgebungen\" class=\"wp-image-4652\" style=\"width:462px;height:auto\" srcset=\"https:\/\/antersystem.com\/wp-content\/uploads\/mroznia-768x1024.webp 768w, https:\/\/antersystem.com\/wp-content\/uploads\/mroznia-225x300.webp 225w, https:\/\/antersystem.com\/wp-content\/uploads\/mroznia-450x600.webp 450w, https:\/\/antersystem.com\/wp-content\/uploads\/mroznia-330x440.webp 330w, https:\/\/antersystem.com\/wp-content\/uploads\/mroznia.webp 900w\" sizes=\"auto, (max-width: 768px) 100vw, 768px\" \/><\/a><\/figure><\/div><\/div>\n\n\n\n<div class=\"wp-block-column is-layout-flow wp-block-column-is-layout-flow\" style=\"flex-basis:10%\"><\/div>\n<\/div>\n","protected":false},"excerpt":{"rendered":"<p>Hygienestandards und die Anpassung von flexiblen Barrieren an unterschiedliche Arbeitsumgebungen Arbeitsschutzsysteme m\u00fcssen an die spezifischen Umgebungsbedingungen angepasst werden, in denen sie arbeiten. Wenn es um unsere flexiblen Polymerbarrieren geht, sehen Sie oft die Formulierung &#8222;erf\u00fcllen die Hygieneanforderungen&#8220; &#8211; aber was bedeutet das in der Praxis wirklich? Was bestimmt, ob eine Sicherheitsbarriere den Hygienestandards entspricht? Wenn [&hellip;]<\/p>\n","protected":false},"author":1,"featured_media":0,"parent":30484,"menu_order":0,"comment_status":"closed","ping_status":"closed","template":"","meta":{"inline_featured_image":false,"ngg_post_thumbnail":0,"footnotes":""},"class_list":["post-13206","page","type-page","status-publish","hentry"],"acf":[],"yoast_head":"<!-- This site is optimized with the Yoast SEO plugin v27.0 - https:\/\/yoast.com\/product\/yoast-seo-wordpress\/ -->\n<title>Hygienestandards - Anter System<\/title>\n<meta name=\"description\" content=\"L\u00f6sungen f\u00fcr die Sicherheit am Arbeitsplatz h\u00e4ngen von den spezifischen Bedingungen der Umgebung ab. Im Falle unserer flexiblen Barrieren geh\u00f6ren dazu auch Hygienestandards.\" \/>\n<meta name=\"robots\" content=\"index, follow, max-snippet:-1, max-image-preview:large, max-video-preview:-1\" \/>\n<link rel=\"canonical\" href=\"https:\/\/antersystem.com\/de\/nachrichten\/hygiene-standards\/\" \/>\n<meta property=\"og:locale\" content=\"de_DE\" \/>\n<meta property=\"og:type\" content=\"article\" \/>\n<meta property=\"og:title\" content=\"Hygienestandards - Anter System\" \/>\n<meta property=\"og:description\" content=\"L\u00f6sungen f\u00fcr die Sicherheit am Arbeitsplatz h\u00e4ngen von den spezifischen Bedingungen der Umgebung ab. Im Falle unserer flexiblen Barrieren geh\u00f6ren dazu auch Hygienestandards.\" \/>\n<meta property=\"og:url\" content=\"https:\/\/antersystem.com\/de\/nachrichten\/hygiene-standards\/\" \/>\n<meta property=\"og:site_name\" content=\"Anter System\" \/>\n<meta property=\"article:modified_time\" content=\"2026-01-30T13:30:42+00:00\" \/>\n<meta property=\"og:image\" content=\"https:\/\/antersystem.com\/wp-content\/uploads\/mroznia-768x1024.webp\" \/>\n<meta name=\"twitter:card\" content=\"summary_large_image\" \/>\n<meta name=\"twitter:label1\" content=\"Gesch\u00e4tzte Lesezeit\" \/>\n\t<meta name=\"twitter:data1\" content=\"3\u00a0Minuten\" \/>\n<script type=\"application\/ld+json\" class=\"yoast-schema-graph\">{\"@context\":\"https:\/\/schema.org\",\"@graph\":[{\"@type\":\"WebPage\",\"@id\":\"https:\/\/antersystem.com\/de\/nachrichten\/hygiene-standards\/\",\"url\":\"https:\/\/antersystem.com\/de\/nachrichten\/hygiene-standards\/\",\"name\":\"Hygienestandards - Anter System\",\"isPartOf\":{\"@id\":\"https:\/\/antersystem.com\/de\/#website\"},\"primaryImageOfPage\":{\"@id\":\"https:\/\/antersystem.com\/de\/nachrichten\/hygiene-standards\/#primaryimage\"},\"image\":{\"@id\":\"https:\/\/antersystem.com\/de\/nachrichten\/hygiene-standards\/#primaryimage\"},\"thumbnailUrl\":\"https:\/\/antersystem.com\/wp-content\/uploads\/mroznia-768x1024.webp\",\"datePublished\":\"2024-04-24T13:59:43+00:00\",\"dateModified\":\"2026-01-30T13:30:42+00:00\",\"description\":\"L\u00f6sungen f\u00fcr die Sicherheit am Arbeitsplatz h\u00e4ngen von den spezifischen Bedingungen der Umgebung ab. Im Falle unserer flexiblen Barrieren geh\u00f6ren dazu auch Hygienestandards.\",\"breadcrumb\":{\"@id\":\"https:\/\/antersystem.com\/de\/nachrichten\/hygiene-standards\/#breadcrumb\"},\"inLanguage\":\"de\",\"potentialAction\":[{\"@type\":\"ReadAction\",\"target\":[\"https:\/\/antersystem.com\/de\/nachrichten\/hygiene-standards\/\"]}]},{\"@type\":\"ImageObject\",\"inLanguage\":\"de\",\"@id\":\"https:\/\/antersystem.com\/de\/nachrichten\/hygiene-standards\/#primaryimage\",\"url\":\"https:\/\/antersystem.com\/wp-content\/uploads\/mroznia-768x1024.webp\",\"contentUrl\":\"https:\/\/antersystem.com\/wp-content\/uploads\/mroznia-768x1024.webp\"},{\"@type\":\"BreadcrumbList\",\"@id\":\"https:\/\/antersystem.com\/de\/nachrichten\/hygiene-standards\/#breadcrumb\",\"itemListElement\":[{\"@type\":\"ListItem\",\"position\":1,\"name\":\"AnterSystem\",\"item\":\"https:\/\/antersystem.com\/de\/\"},{\"@type\":\"ListItem\",\"position\":2,\"name\":\"Nachrichten\",\"item\":\"https:\/\/antersystem.com\/de\/nachrichten\/\"},{\"@type\":\"ListItem\",\"position\":3,\"name\":\"Hygienestandards\"}]},{\"@type\":\"WebSite\",\"@id\":\"https:\/\/antersystem.com\/de\/#website\",\"url\":\"https:\/\/antersystem.com\/de\/\",\"name\":\"Anter System\",\"description\":\"Jeste\u015bmy polskim producentem elastycznych barier ochronnych wykonywanych z polimerowych tworzyw sztucznych. Na rynku krajowym i zagranicznym dzia\u0142amy od ponad 15 lat dbaj\u0105c o zapewnienie bezpiecze\u0144stwa w zak\u0142adach produkcyjnych, magazynach oraz centrach logistycznych.\",\"potentialAction\":[{\"@type\":\"SearchAction\",\"target\":{\"@type\":\"EntryPoint\",\"urlTemplate\":\"https:\/\/antersystem.com\/de\/?s={search_term_string}\"},\"query-input\":{\"@type\":\"PropertyValueSpecification\",\"valueRequired\":true,\"valueName\":\"search_term_string\"}}],\"inLanguage\":\"de\"}]}<\/script>\n<!-- \/ Yoast SEO plugin. -->","yoast_head_json":{"title":"Hygienestandards - Anter System","description":"L\u00f6sungen f\u00fcr die Sicherheit am Arbeitsplatz h\u00e4ngen von den spezifischen Bedingungen der Umgebung ab. Im Falle unserer flexiblen Barrieren geh\u00f6ren dazu auch Hygienestandards.","robots":{"index":"index","follow":"follow","max-snippet":"max-snippet:-1","max-image-preview":"max-image-preview:large","max-video-preview":"max-video-preview:-1"},"canonical":"https:\/\/antersystem.com\/de\/nachrichten\/hygiene-standards\/","og_locale":"de_DE","og_type":"article","og_title":"Hygienestandards - Anter System","og_description":"L\u00f6sungen f\u00fcr die Sicherheit am Arbeitsplatz h\u00e4ngen von den spezifischen Bedingungen der Umgebung ab. Im Falle unserer flexiblen Barrieren geh\u00f6ren dazu auch Hygienestandards.","og_url":"https:\/\/antersystem.com\/de\/nachrichten\/hygiene-standards\/","og_site_name":"Anter System","article_modified_time":"2026-01-30T13:30:42+00:00","og_image":[{"url":"https:\/\/antersystem.com\/wp-content\/uploads\/mroznia-768x1024.webp","type":"","width":"","height":""}],"twitter_card":"summary_large_image","twitter_misc":{"Gesch\u00e4tzte Lesezeit":"3\u00a0Minuten"},"schema":{"@context":"https:\/\/schema.org","@graph":[{"@type":"WebPage","@id":"https:\/\/antersystem.com\/de\/nachrichten\/hygiene-standards\/","url":"https:\/\/antersystem.com\/de\/nachrichten\/hygiene-standards\/","name":"Hygienestandards - Anter System","isPartOf":{"@id":"https:\/\/antersystem.com\/de\/#website"},"primaryImageOfPage":{"@id":"https:\/\/antersystem.com\/de\/nachrichten\/hygiene-standards\/#primaryimage"},"image":{"@id":"https:\/\/antersystem.com\/de\/nachrichten\/hygiene-standards\/#primaryimage"},"thumbnailUrl":"https:\/\/antersystem.com\/wp-content\/uploads\/mroznia-768x1024.webp","datePublished":"2024-04-24T13:59:43+00:00","dateModified":"2026-01-30T13:30:42+00:00","description":"L\u00f6sungen f\u00fcr die Sicherheit am Arbeitsplatz h\u00e4ngen von den spezifischen Bedingungen der Umgebung ab. Im Falle unserer flexiblen Barrieren geh\u00f6ren dazu auch Hygienestandards.","breadcrumb":{"@id":"https:\/\/antersystem.com\/de\/nachrichten\/hygiene-standards\/#breadcrumb"},"inLanguage":"de","potentialAction":[{"@type":"ReadAction","target":["https:\/\/antersystem.com\/de\/nachrichten\/hygiene-standards\/"]}]},{"@type":"ImageObject","inLanguage":"de","@id":"https:\/\/antersystem.com\/de\/nachrichten\/hygiene-standards\/#primaryimage","url":"https:\/\/antersystem.com\/wp-content\/uploads\/mroznia-768x1024.webp","contentUrl":"https:\/\/antersystem.com\/wp-content\/uploads\/mroznia-768x1024.webp"},{"@type":"BreadcrumbList","@id":"https:\/\/antersystem.com\/de\/nachrichten\/hygiene-standards\/#breadcrumb","itemListElement":[{"@type":"ListItem","position":1,"name":"AnterSystem","item":"https:\/\/antersystem.com\/de\/"},{"@type":"ListItem","position":2,"name":"Nachrichten","item":"https:\/\/antersystem.com\/de\/nachrichten\/"},{"@type":"ListItem","position":3,"name":"Hygienestandards"}]},{"@type":"WebSite","@id":"https:\/\/antersystem.com\/de\/#website","url":"https:\/\/antersystem.com\/de\/","name":"Anter System","description":"Jeste\u015bmy polskim producentem elastycznych barier ochronnych wykonywanych z polimerowych tworzyw sztucznych. Na rynku krajowym i zagranicznym dzia\u0142amy od ponad 15 lat dbaj\u0105c o zapewnienie bezpiecze\u0144stwa w zak\u0142adach produkcyjnych, magazynach oraz centrach logistycznych.","potentialAction":[{"@type":"SearchAction","target":{"@type":"EntryPoint","urlTemplate":"https:\/\/antersystem.com\/de\/?s={search_term_string}"},"query-input":{"@type":"PropertyValueSpecification","valueRequired":true,"valueName":"search_term_string"}}],"inLanguage":"de"}]}},"_links":{"self":[{"href":"https:\/\/antersystem.com\/de\/wp-json\/wp\/v2\/pages\/13206","targetHints":{"allow":["GET"]}}],"collection":[{"href":"https:\/\/antersystem.com\/de\/wp-json\/wp\/v2\/pages"}],"about":[{"href":"https:\/\/antersystem.com\/de\/wp-json\/wp\/v2\/types\/page"}],"author":[{"embeddable":true,"href":"https:\/\/antersystem.com\/de\/wp-json\/wp\/v2\/users\/1"}],"replies":[{"embeddable":true,"href":"https:\/\/antersystem.com\/de\/wp-json\/wp\/v2\/comments?post=13206"}],"version-history":[{"count":1,"href":"https:\/\/antersystem.com\/de\/wp-json\/wp\/v2\/pages\/13206\/revisions"}],"predecessor-version":[{"id":13210,"href":"https:\/\/antersystem.com\/de\/wp-json\/wp\/v2\/pages\/13206\/revisions\/13210"}],"up":[{"embeddable":true,"href":"https:\/\/antersystem.com\/de\/wp-json\/wp\/v2\/pages\/30484"}],"wp:attachment":[{"href":"https:\/\/antersystem.com\/de\/wp-json\/wp\/v2\/media?parent=13206"}],"curies":[{"name":"wp","href":"https:\/\/api.w.org\/{rel}","templated":true}]}}