{"id":13333,"date":"2024-04-12T12:31:12","date_gmt":"2024-04-12T10:31:12","guid":{"rendered":"https:\/\/new.antersystem.com\/gold-medal-traffic-dock-gate\/"},"modified":"2026-01-30T14:30:42","modified_gmt":"2026-01-30T13:30:42","slug":"gold-medal-traffic-dock-gate","status":"publish","type":"page","link":"https:\/\/antersystem.com\/de\/nachrichten\/gold-medal-traffic-dock-gate\/","title":{"rendered":"Goldmedaille f\u00fcr Traffic Dock Gate"},"content":{"rendered":"\n<div class=\"wp-block-columns is-layout-flex wp-container-core-columns-is-layout-9d6595d7 wp-block-columns-is-layout-flex\">\n<div class=\"wp-block-column is-layout-flow wp-block-column-is-layout-flow\" style=\"flex-basis:10%\"><\/div>\n\n\n\n<div class=\"wp-block-column is-layout-flow wp-block-column-is-layout-flow\">\n<h3 class=\"wp-block-heading\">Goldmedaille f\u00fcr das automatische Traffic Dock Gate<\/h3>\n\n\n\n<p>Die <strong>Goldmedaille<\/strong> ist eine prestigetr\u00e4chtige Auszeichnung, die auf Industriemessen, einschlie\u00dflich der <strong>SAWO Messe<\/strong>, verliehen wird. Sie w\u00fcrdigt <strong>Innovation, Qualit\u00e4t und den Wert der<\/strong> auf der Messe vorgestellten <strong>Produkte<\/strong> und Dienstleistungen. Der Goldmedaillen-Wettbewerb bietet den Ausstellern eine einzigartige Gelegenheit, ihre neuesten L\u00f6sungen zu pr\u00e4sentieren und bei Kunden und Gesch\u00e4ftspartnern Anerkennung zu finden.  <\/p>\n\n\n\n<p>Einer der diesj\u00e4hrigen Goldmedaillengewinner ist unser <strong><a href=\"https:\/\/antersystem.com\/de\/produkte\/traffic-dock-gate\/bramka-dock-gate-3-2\/\">Automatisches Traffic Dock Gate R2<\/a><\/strong>. Diese innovative L\u00f6sung gew\u00e4hrleistet einen sicheren und effizienten Frachtumschlag in Laderampen, Lagerbereichen und Lagerh\u00e4usern. Das Tor verf\u00fcgt \u00fcber fortschrittliche Automatisierungsfunktionen, die reibungslose und schnelle Be- und Entladevorg\u00e4nge unter sicheren Arbeitsbedingungen erm\u00f6glichen. Sein fortschrittliches Design und seine praktische Anwendung waren ausschlaggebend f\u00fcr die Auszeichnung mit der Goldmedaille auf der SAWO-Messe.<\/p>\n\n\n\n<figure class=\"wp-block-gallery has-nested-images columns-default is-cropped wp-block-gallery-1 is-layout-flex wp-block-gallery-is-layout-flex\">\n<figure class=\"wp-block-image size-large\"><img loading=\"lazy\" decoding=\"async\" width=\"720\" height=\"480\" data-id=\"4584\" src=\"https:\/\/antersystem.com\/wp-content\/uploads\/2024_SAWO-Anter-System.webp\" alt=\"Foto der prestigetr&#xE4;chtigen Goldmedaille, die auf der SAWO-Messe verliehen wurde\" class=\"wp-image-4584\" srcset=\"https:\/\/antersystem.com\/wp-content\/uploads\/2024_SAWO-Anter-System.webp 720w, https:\/\/antersystem.com\/wp-content\/uploads\/2024_SAWO-Anter-System-300x200.webp 300w, https:\/\/antersystem.com\/wp-content\/uploads\/2024_SAWO-Anter-System-450x300.webp 450w, https:\/\/antersystem.com\/wp-content\/uploads\/2024_SAWO-Anter-System-330x220.webp 330w\" sizes=\"auto, (max-width: 720px) 100vw, 720px\" \/><\/figure>\n\n\n<figure class=\"wp-block-image size-large\"><img loading=\"lazy\" decoding=\"async\" width=\"720\" height=\"480\" data-id=\"4585\" src=\"https:\/\/antersystem.com\/wp-content\/uploads\/2024-SAWO-Anter-System.webp\" alt=\"Das Foto zeigt den CEO von Anter System bei der Verleihung der Goldmedaille auf der SAWO-Messe\" class=\"wp-image-4585\" srcset=\"https:\/\/antersystem.com\/wp-content\/uploads\/2024-SAWO-Anter-System.webp 720w, https:\/\/antersystem.com\/wp-content\/uploads\/2024-SAWO-Anter-System-300x200.webp 300w, https:\/\/antersystem.com\/wp-content\/uploads\/2024-SAWO-Anter-System-450x300.webp 450w, https:\/\/antersystem.com\/wp-content\/uploads\/2024-SAWO-Anter-System-330x220.webp 330w\" sizes=\"auto, (max-width: 720px) 100vw, 720px\" \/><\/figure><\/figure>\n\n\n\n<p>Das <strong>TRAFFIC DOCK GATE R2<\/strong> wurde zum <strong>Schutz von Verladetoren und Docks<\/strong> entwickelt und dient als zuverl\u00e4ssige Barriere gegen unkontrollierte Fahrzeugbewegungen. Es ist \u00e4u\u00dferst <strong>sto\u00dffest<\/strong>, insbesondere bei Kontakt mit Gabelstaplern. Das flexible Polymermaterial erm\u00f6glicht es den Torprofilen, sich zu biegen, Aufprallenergie zu absorbieren und in ihre urspr\u00fcngliche Form zur\u00fcckzukehren. Dadurch wird nicht nur <strong>das Verletzungsrisiko und die Gefahr von Kollisionssch\u00e4den<\/strong> f\u00fcr die Arbeiter <strong>minimiert<\/strong>, sondern auch der Schock f\u00fcr den Gabelstaplerfahrer verringert. Dar\u00fcber hinaus k\u00f6nnen die Steuersysteme des Tors in die bestehende Geb\u00e4udeautomation integriert werden, um die Effizienz und Benutzerfreundlichkeit zu erh\u00f6hen.    <\/p>\n\n\n\n<div class=\"wp-block-group is-nowrap is-layout-flex wp-container-core-group-is-layout-ad2f72ca wp-block-group-is-layout-flex\">\n<p>Das <strong>TRAFFIC DOCK GATE R2<\/strong> verf\u00fcgt \u00fcber ein <strong>automatisches Hebe-\/Senk-System<\/strong> und kann <strong>akustische und visuelle Warnsignale<\/strong> ausgeben, um vor zunehmenden Risiken in Gefahrenzonen zu warnen. Eine der verf\u00fcgbaren Optionen ist ein <strong>Fahrzeugerkennungssystem<\/strong>, das das Tor automatisch verriegelt, wenn sich Gabelstapler oder Transportfahrzeuge in der N\u00e4he befinden. Es kann auch <strong>in das Geb\u00e4udemanagementsystem (BMS) integriert<\/strong> werden, das das Tor im Falle eines Brandes automatisch \u00f6ffnet und so sichere Evakuierungswege schafft.  <\/p>\n<\/div>\n\n\n\n<p>Die <strong>Marke Anter System<\/strong> bietet eine Reihe von Steuerungsoptionen f\u00fcr das Traffic Dock Gate R2, darunter Fernsteuerung, Zugangskartensysteme, Bewegungssensoren, manuelle Druckkn\u00f6pfe und die Integration in Kundensysteme. Das flexible Polymermaterial garantiert nicht nur eine hohe Haltbarkeit, sondern auch eine <strong>modulare Kompatibilit\u00e4t<\/strong> mit anderen Schutzprodukten von Anter System, wie z.B. flexiblen Fu\u00dfg\u00e4ngerschranken. <\/p>\n\n\n<div class=\"wp-block-image\">\n<figure class=\"aligncenter size-large is-resized\"><img loading=\"lazy\" decoding=\"async\" width=\"758\" height=\"1024\" src=\"https:\/\/antersystem.com\/wp-content\/uploads\/Zloty-medal-dla-automatycznej-bramki-Traffic-Dock-Gate-758x1024.webp\" alt=\"TRAFFIC DOCK GATE R2 erh&#xE4;lt die Goldmedaille bei SAWO\" class=\"wp-image-4538\" style=\"width:414px;height:auto\" srcset=\"https:\/\/antersystem.com\/wp-content\/uploads\/Zloty-medal-dla-automatycznej-bramki-Traffic-Dock-Gate-758x1024.webp 758w, https:\/\/antersystem.com\/wp-content\/uploads\/Zloty-medal-dla-automatycznej-bramki-Traffic-Dock-Gate-222x300.webp 222w, https:\/\/antersystem.com\/wp-content\/uploads\/Zloty-medal-dla-automatycznej-bramki-Traffic-Dock-Gate-768x1037.webp 768w, https:\/\/antersystem.com\/wp-content\/uploads\/Zloty-medal-dla-automatycznej-bramki-Traffic-Dock-Gate-1137x1536.webp 1137w, https:\/\/antersystem.com\/wp-content\/uploads\/Zloty-medal-dla-automatycznej-bramki-Traffic-Dock-Gate-450x608.webp 450w, https:\/\/antersystem.com\/wp-content\/uploads\/Zloty-medal-dla-automatycznej-bramki-Traffic-Dock-Gate-330x446.webp 330w, https:\/\/antersystem.com\/wp-content\/uploads\/Zloty-medal-dla-automatycznej-bramki-Traffic-Dock-Gate.webp 1164w\" sizes=\"auto, (max-width: 758px) 100vw, 758px\" \/><\/figure><\/div><\/div>\n\n\n\n<div class=\"wp-block-column is-layout-flow wp-block-column-is-layout-flow\" style=\"flex-basis:10%\"><\/div>\n<\/div>\n","protected":false},"excerpt":{"rendered":"<p>Goldmedaille f\u00fcr das automatische Traffic Dock Gate Die Goldmedaille ist eine prestigetr\u00e4chtige Auszeichnung, die auf Industriemessen, einschlie\u00dflich der SAWO Messe, verliehen wird. Sie w\u00fcrdigt Innovation, Qualit\u00e4t und den Wert der auf der Messe vorgestellten Produkte und Dienstleistungen. Der Goldmedaillen-Wettbewerb bietet den Ausstellern eine einzigartige Gelegenheit, ihre neuesten L\u00f6sungen zu pr\u00e4sentieren und bei Kunden und Gesch\u00e4ftspartnern [&hellip;]<\/p>\n","protected":false},"author":1,"featured_media":0,"parent":30484,"menu_order":0,"comment_status":"closed","ping_status":"closed","template":"","meta":{"inline_featured_image":false,"ngg_post_thumbnail":0,"footnotes":""},"class_list":["post-13333","page","type-page","status-publish","hentry"],"acf":[],"yoast_head":"<!-- This site is optimized with the Yoast SEO plugin v27.0 - https:\/\/yoast.com\/product\/yoast-seo-wordpress\/ -->\n<title>Goldmedaille f\u00fcr Traffic Dock Gate - Anter System<\/title>\n<meta name=\"description\" content=\"Goldmedaille f\u00fcr das automatische Traffic Dock Gate Die Goldmedaille ist eine prestigetr\u00e4chtige Auszeichnung, die auf Industriemessen, einschlie\u00dflich der\" \/>\n<meta name=\"robots\" content=\"index, follow, max-snippet:-1, max-image-preview:large, max-video-preview:-1\" \/>\n<link rel=\"canonical\" href=\"https:\/\/antersystem.com\/de\/nachrichten\/gold-medal-traffic-dock-gate\/\" \/>\n<meta property=\"og:locale\" content=\"de_DE\" \/>\n<meta property=\"og:type\" content=\"article\" \/>\n<meta property=\"og:title\" content=\"Goldmedaille f\u00fcr Traffic Dock Gate - Anter System\" \/>\n<meta property=\"og:description\" content=\"Goldmedaille f\u00fcr das automatische Traffic Dock Gate Die Goldmedaille ist eine prestigetr\u00e4chtige Auszeichnung, die auf Industriemessen, einschlie\u00dflich der\" \/>\n<meta property=\"og:url\" content=\"https:\/\/antersystem.com\/de\/nachrichten\/gold-medal-traffic-dock-gate\/\" \/>\n<meta property=\"og:site_name\" content=\"Anter System\" \/>\n<meta property=\"article:modified_time\" content=\"2026-01-30T13:30:42+00:00\" \/>\n<meta property=\"og:image\" content=\"https:\/\/antersystem.com\/wp-content\/uploads\/2024_SAWO-Anter-System.webp\" \/>\n<meta name=\"twitter:card\" content=\"summary_large_image\" \/>\n<meta name=\"twitter:label1\" content=\"Gesch\u00e4tzte Lesezeit\" \/>\n\t<meta name=\"twitter:data1\" content=\"2\u00a0Minuten\" \/>\n<script type=\"application\/ld+json\" class=\"yoast-schema-graph\">{\"@context\":\"https:\/\/schema.org\",\"@graph\":[{\"@type\":\"WebPage\",\"@id\":\"https:\/\/antersystem.com\/de\/nachrichten\/gold-medal-traffic-dock-gate\/\",\"url\":\"https:\/\/antersystem.com\/de\/nachrichten\/gold-medal-traffic-dock-gate\/\",\"name\":\"Goldmedaille f\u00fcr Traffic Dock Gate - Anter System\",\"isPartOf\":{\"@id\":\"https:\/\/antersystem.com\/de\/#website\"},\"primaryImageOfPage\":{\"@id\":\"https:\/\/antersystem.com\/de\/nachrichten\/gold-medal-traffic-dock-gate\/#primaryimage\"},\"image\":{\"@id\":\"https:\/\/antersystem.com\/de\/nachrichten\/gold-medal-traffic-dock-gate\/#primaryimage\"},\"thumbnailUrl\":\"https:\/\/antersystem.com\/wp-content\/uploads\/2024_SAWO-Anter-System.webp\",\"datePublished\":\"2024-04-12T10:31:12+00:00\",\"dateModified\":\"2026-01-30T13:30:42+00:00\",\"description\":\"Goldmedaille f\u00fcr das automatische Traffic Dock Gate Die Goldmedaille ist eine prestigetr\u00e4chtige Auszeichnung, die auf Industriemessen, einschlie\u00dflich der\",\"breadcrumb\":{\"@id\":\"https:\/\/antersystem.com\/de\/nachrichten\/gold-medal-traffic-dock-gate\/#breadcrumb\"},\"inLanguage\":\"de\",\"potentialAction\":[{\"@type\":\"ReadAction\",\"target\":[\"https:\/\/antersystem.com\/de\/nachrichten\/gold-medal-traffic-dock-gate\/\"]}]},{\"@type\":\"ImageObject\",\"inLanguage\":\"de\",\"@id\":\"https:\/\/antersystem.com\/de\/nachrichten\/gold-medal-traffic-dock-gate\/#primaryimage\",\"url\":\"https:\/\/antersystem.com\/wp-content\/uploads\/2024_SAWO-Anter-System.webp\",\"contentUrl\":\"https:\/\/antersystem.com\/wp-content\/uploads\/2024_SAWO-Anter-System.webp\"},{\"@type\":\"BreadcrumbList\",\"@id\":\"https:\/\/antersystem.com\/de\/nachrichten\/gold-medal-traffic-dock-gate\/#breadcrumb\",\"itemListElement\":[{\"@type\":\"ListItem\",\"position\":1,\"name\":\"AnterSystem\",\"item\":\"https:\/\/antersystem.com\/de\/\"},{\"@type\":\"ListItem\",\"position\":2,\"name\":\"Nachrichten\",\"item\":\"https:\/\/antersystem.com\/de\/nachrichten\/\"},{\"@type\":\"ListItem\",\"position\":3,\"name\":\"Goldmedaille f\u00fcr Traffic Dock Gate\"}]},{\"@type\":\"WebSite\",\"@id\":\"https:\/\/antersystem.com\/de\/#website\",\"url\":\"https:\/\/antersystem.com\/de\/\",\"name\":\"Anter System\",\"description\":\"Jeste\u015bmy polskim producentem elastycznych barier ochronnych wykonywanych z polimerowych tworzyw sztucznych. Na rynku krajowym i zagranicznym dzia\u0142amy od ponad 15 lat dbaj\u0105c o zapewnienie bezpiecze\u0144stwa w zak\u0142adach produkcyjnych, magazynach oraz centrach logistycznych.\",\"potentialAction\":[{\"@type\":\"SearchAction\",\"target\":{\"@type\":\"EntryPoint\",\"urlTemplate\":\"https:\/\/antersystem.com\/de\/?s={search_term_string}\"},\"query-input\":{\"@type\":\"PropertyValueSpecification\",\"valueRequired\":true,\"valueName\":\"search_term_string\"}}],\"inLanguage\":\"de\"}]}<\/script>\n<!-- \/ Yoast SEO plugin. -->","yoast_head_json":{"title":"Goldmedaille f\u00fcr Traffic Dock Gate - Anter System","description":"Goldmedaille f\u00fcr das automatische Traffic Dock Gate Die Goldmedaille ist eine prestigetr\u00e4chtige Auszeichnung, die auf Industriemessen, einschlie\u00dflich der","robots":{"index":"index","follow":"follow","max-snippet":"max-snippet:-1","max-image-preview":"max-image-preview:large","max-video-preview":"max-video-preview:-1"},"canonical":"https:\/\/antersystem.com\/de\/nachrichten\/gold-medal-traffic-dock-gate\/","og_locale":"de_DE","og_type":"article","og_title":"Goldmedaille f\u00fcr Traffic Dock Gate - Anter System","og_description":"Goldmedaille f\u00fcr das automatische Traffic Dock Gate Die Goldmedaille ist eine prestigetr\u00e4chtige Auszeichnung, die auf Industriemessen, einschlie\u00dflich der","og_url":"https:\/\/antersystem.com\/de\/nachrichten\/gold-medal-traffic-dock-gate\/","og_site_name":"Anter System","article_modified_time":"2026-01-30T13:30:42+00:00","og_image":[{"url":"https:\/\/antersystem.com\/wp-content\/uploads\/2024_SAWO-Anter-System.webp","type":"","width":"","height":""}],"twitter_card":"summary_large_image","twitter_misc":{"Gesch\u00e4tzte Lesezeit":"2\u00a0Minuten"},"schema":{"@context":"https:\/\/schema.org","@graph":[{"@type":"WebPage","@id":"https:\/\/antersystem.com\/de\/nachrichten\/gold-medal-traffic-dock-gate\/","url":"https:\/\/antersystem.com\/de\/nachrichten\/gold-medal-traffic-dock-gate\/","name":"Goldmedaille f\u00fcr Traffic Dock Gate - Anter System","isPartOf":{"@id":"https:\/\/antersystem.com\/de\/#website"},"primaryImageOfPage":{"@id":"https:\/\/antersystem.com\/de\/nachrichten\/gold-medal-traffic-dock-gate\/#primaryimage"},"image":{"@id":"https:\/\/antersystem.com\/de\/nachrichten\/gold-medal-traffic-dock-gate\/#primaryimage"},"thumbnailUrl":"https:\/\/antersystem.com\/wp-content\/uploads\/2024_SAWO-Anter-System.webp","datePublished":"2024-04-12T10:31:12+00:00","dateModified":"2026-01-30T13:30:42+00:00","description":"Goldmedaille f\u00fcr das automatische Traffic Dock Gate Die Goldmedaille ist eine prestigetr\u00e4chtige Auszeichnung, die auf Industriemessen, einschlie\u00dflich der","breadcrumb":{"@id":"https:\/\/antersystem.com\/de\/nachrichten\/gold-medal-traffic-dock-gate\/#breadcrumb"},"inLanguage":"de","potentialAction":[{"@type":"ReadAction","target":["https:\/\/antersystem.com\/de\/nachrichten\/gold-medal-traffic-dock-gate\/"]}]},{"@type":"ImageObject","inLanguage":"de","@id":"https:\/\/antersystem.com\/de\/nachrichten\/gold-medal-traffic-dock-gate\/#primaryimage","url":"https:\/\/antersystem.com\/wp-content\/uploads\/2024_SAWO-Anter-System.webp","contentUrl":"https:\/\/antersystem.com\/wp-content\/uploads\/2024_SAWO-Anter-System.webp"},{"@type":"BreadcrumbList","@id":"https:\/\/antersystem.com\/de\/nachrichten\/gold-medal-traffic-dock-gate\/#breadcrumb","itemListElement":[{"@type":"ListItem","position":1,"name":"AnterSystem","item":"https:\/\/antersystem.com\/de\/"},{"@type":"ListItem","position":2,"name":"Nachrichten","item":"https:\/\/antersystem.com\/de\/nachrichten\/"},{"@type":"ListItem","position":3,"name":"Goldmedaille f\u00fcr Traffic Dock Gate"}]},{"@type":"WebSite","@id":"https:\/\/antersystem.com\/de\/#website","url":"https:\/\/antersystem.com\/de\/","name":"Anter System","description":"Jeste\u015bmy polskim producentem elastycznych barier ochronnych wykonywanych z polimerowych tworzyw sztucznych. Na rynku krajowym i zagranicznym dzia\u0142amy od ponad 15 lat dbaj\u0105c o zapewnienie bezpiecze\u0144stwa w zak\u0142adach produkcyjnych, magazynach oraz centrach logistycznych.","potentialAction":[{"@type":"SearchAction","target":{"@type":"EntryPoint","urlTemplate":"https:\/\/antersystem.com\/de\/?s={search_term_string}"},"query-input":{"@type":"PropertyValueSpecification","valueRequired":true,"valueName":"search_term_string"}}],"inLanguage":"de"}]}},"_links":{"self":[{"href":"https:\/\/antersystem.com\/de\/wp-json\/wp\/v2\/pages\/13333","targetHints":{"allow":["GET"]}}],"collection":[{"href":"https:\/\/antersystem.com\/de\/wp-json\/wp\/v2\/pages"}],"about":[{"href":"https:\/\/antersystem.com\/de\/wp-json\/wp\/v2\/types\/page"}],"author":[{"embeddable":true,"href":"https:\/\/antersystem.com\/de\/wp-json\/wp\/v2\/users\/1"}],"replies":[{"embeddable":true,"href":"https:\/\/antersystem.com\/de\/wp-json\/wp\/v2\/comments?post=13333"}],"version-history":[{"count":1,"href":"https:\/\/antersystem.com\/de\/wp-json\/wp\/v2\/pages\/13333\/revisions"}],"predecessor-version":[{"id":13336,"href":"https:\/\/antersystem.com\/de\/wp-json\/wp\/v2\/pages\/13333\/revisions\/13336"}],"up":[{"embeddable":true,"href":"https:\/\/antersystem.com\/de\/wp-json\/wp\/v2\/pages\/30484"}],"wp:attachment":[{"href":"https:\/\/antersystem.com\/de\/wp-json\/wp\/v2\/media?parent=13333"}],"curies":[{"name":"wp","href":"https:\/\/api.w.org\/{rel}","templated":true}]}}