{"id":15415,"date":"2024-04-11T13:02:00","date_gmt":"2024-04-11T11:02:00","guid":{"rendered":"https:\/\/new.antersystem.com\/trailer-supports\/"},"modified":"2026-01-30T14:30:42","modified_gmt":"2026-01-30T13:30:42","slug":"trailer-supports","status":"publish","type":"page","link":"https:\/\/antersystem.com\/de\/nachrichten\/trailer-supports\/","title":{"rendered":"Anh\u00e4ngerst\u00fctzen"},"content":{"rendered":"\n<div class=\"wp-block-columns is-layout-flex wp-container-core-columns-is-layout-9d6595d7 wp-block-columns-is-layout-flex\">\n<div class=\"wp-block-column is-layout-flow wp-block-column-is-layout-flow\" style=\"flex-basis:10px\"><\/div>\n\n\n\n<div class=\"wp-block-column is-layout-flow wp-block-column-is-layout-flow\">\n<h3 class=\"wp-block-heading\">Wie kann man die Sicherheit an Verladedocks verbessern?  <br\/>Die Sicherheit von Anh\u00e4ngern ist der Schl\u00fcssel zur Stabilit\u00e4t in der Logistik<\/h3>\n\n\n\n<figure class=\"wp-block-embed aligncenter is-type-video is-provider-youtube wp-block-embed-youtube wp-embed-aspect-16-9 wp-has-aspect-ratio\"><div class=\"wp-block-embed__wrapper\">\n<iframe loading=\"lazy\" title=\"AnterSystem demonstration of trailer support -JST and JST. R. Products for loadnig technique.\" width=\"500\" height=\"281\" src=\"https:\/\/www.youtube.com\/embed\/rS78QAlo6eM?feature=oembed\" frameborder=\"0\" allow=\"accelerometer; autoplay; clipboard-write; encrypted-media; gyroscope; picture-in-picture; web-share\" referrerpolicy=\"strict-origin-when-cross-origin\" allowfullscreen><\/iframe>\n<\/div><\/figure>\n\n\n\n<p>In der globalen Logistik spielt jeder Teil der Lieferkette eine wichtige Rolle bei der Gew\u00e4hrleistung von Effizienz und Sicherheit. Ein oft \u00fcbersehenes, aber entscheidendes Element ist der <strong>Sicherheitsst\u00e4nder des Anh\u00e4ngers<\/strong>. Diese einfache, aber unverzichtbare Komponente ist f\u00fcr die Aufrechterhaltung der Stabilit\u00e4t und Sicherheit bei Arbeiten an den Verladedocks unerl\u00e4sslich.<\/p>\n\n\n\n<p><strong>Die Schl\u00fcsselrolle der Sicherheitsst\u00e4nder f\u00fcr Anh\u00e4nger<\/strong><\/p>\n\n\n\n<p><a href=\"https:\/\/antersystem.com\/kategorie_produktow\/technika-zaladunkowa\/\"><strong>Anh\u00e4nger-Sicherheitsst\u00e4nder &#8211; JST (Jack Stand Trailer)<\/strong> und <strong>JST.R<\/strong><\/a> &#8211; verhindern, dass Anh\u00e4nger beim Be- und Entladen unter dem Gewicht von Gabelstaplern umkippen oder zusammenbrechen. Mit dem Einsatz von Sicherheitsst\u00e4ndern k\u00f6nnen diese Prozesse <strong>schnell und sicher<\/strong> durchgef\u00fchrt werden <strong>, ohne dass eine Zugmaschine erforderlich ist<\/strong>. Fahrzeuge, die normalerweise f\u00fcr andere Zwecke eingesetzt werden, k\u00f6nnen mit einem Anh\u00e4ngerst\u00e4nder effizient genutzt werden. W\u00e4hrend des gesamten Prozesses <strong>bleibt die Stabilit\u00e4t des Anh\u00e4ngers vollst\u00e4ndig erhalten<\/strong>, wodurch das Risiko von Sch\u00e4den an Fahrzeugen, G\u00fctern oder Personen &#8211; und manchmal sogar an den Docks selbst &#8211; minimiert wird. Kurz gesagt, <strong>die potenziellen Folgen einer unsachgem\u00e4\u00dfen Anh\u00e4ngersicherung werden eliminiert<\/strong>, was sowohl die Fahrer als auch das Unternehmen sch\u00fctzt.<\/p>\n\n\n\n<p><strong>Was macht den idealen Sicherheitsst\u00e4nder f\u00fcr einen Anh\u00e4nger aus?<\/strong><\/p>\n\n\n\n<p>Sicherheitsst\u00e4nder f\u00fcr Anh\u00e4nger m\u00fcssen strenge Qualit\u00e4ts- und Haltbarkeitsstandards erf\u00fcllen, um optimale Arbeitsbedingungen zu gew\u00e4hrleisten. Erstens m\u00fcssen sie aus hochwertigen Materialien gefertigt sein, die extremen Witterungsbedingungen und schweren Lasten standhalten k\u00f6nnen. Ebenso wichtig sind die <strong>Stabilit\u00e4t und die verstellbare H\u00f6he<\/strong>, die eine Anpassung an verschiedene Anh\u00e4ngertypen und Bodenverh\u00e4ltnisse erm\u00f6glicht. Um die Sicherheit des Bedieners zu gew\u00e4hrleisten, sollten die St\u00e4nder \u00fcber <strong>Verriegelungsmechanismen<\/strong> verf\u00fcgen, die eine versehentliche Bewegung w\u00e4hrend der Benutzung verhindern.<\/p>\n\n\n\n<p>Die Anh\u00e4ngerst\u00e4nder von Anter System sind auf <strong>Benutzerfreundlichkeit<\/strong> und Haltbarkeit ausgelegt. Sie verf\u00fcgen \u00fcber einen <strong>selbstnivellierenden Mechanismus<\/strong> und verstellbare H\u00f6heneinstellungen. Jede Einheit kann Lasten von bis zu <strong>45 Tonnen<\/strong> standhalten und verf\u00fcgt \u00fcber zus\u00e4tzliche Funktionen wie <strong>kontrollierte Zugangssysteme<\/strong> und <strong>gut sichtbare Markierungen<\/strong>. Die bei der Herstellung verwendeten Materialien k\u00f6nnen auch mit einer <strong>Antikorrosionsbeschichtung<\/strong> versehen werden, um die Lebensdauer und Zuverl\u00e4ssigkeit zu erh\u00f6hen. Wenn Sie immer noch unsicher sind, wie Sicherheitsst\u00e4nder f\u00fcr Anh\u00e4nger die Effizienz und Sicherheit in Ihrem Lager verbessern k\u00f6nnen &#8211; sehen Sie sich das Video oben an.<\/p>\n\n\n\n<p>Die Anh\u00e4ngerhersteller selbst <strong>empfehlen die Verwendung von Sicherheitsst\u00e4ndern<\/strong> als Teil der Standardbetriebspraxis.<\/p>\n\n\n\n<p>Erfahren Sie mehr dar\u00fcber, wie sie funktionieren: <strong><a href=\"https:\/\/antersystem.com\/wiedza-i-nowosci\/podpora-pod-naczepe-tira\/\">Trailer Safety Support in der Logistik<\/a><\/strong><\/p>\n<\/div>\n\n\n\n<div class=\"wp-block-column is-layout-flow wp-block-column-is-layout-flow\" style=\"flex-basis:10px\"><\/div>\n<\/div>\n","protected":false},"excerpt":{"rendered":"<p>Wie kann man die Sicherheit an Verladedocks verbessern? Die Sicherheit von Anh\u00e4ngern ist der Schl\u00fcssel zur Stabilit\u00e4t in der Logistik In der globalen Logistik spielt jeder Teil der Lieferkette eine wichtige Rolle bei der Gew\u00e4hrleistung von Effizienz und Sicherheit. Ein oft \u00fcbersehenes, aber entscheidendes Element ist der Sicherheitsst\u00e4nder des Anh\u00e4ngers. Diese einfache, aber unverzichtbare Komponente [&hellip;]<\/p>\n","protected":false},"author":1,"featured_media":0,"parent":30484,"menu_order":0,"comment_status":"closed","ping_status":"closed","template":"","meta":{"inline_featured_image":false,"ngg_post_thumbnail":0,"footnotes":""},"class_list":["post-15415","page","type-page","status-publish","hentry"],"acf":[],"yoast_head":"<!-- This site is optimized with the Yoast SEO plugin v27.0 - https:\/\/yoast.com\/product\/yoast-seo-wordpress\/ -->\n<title>Anh\u00e4ngerst\u00fctzen - Anter System<\/title>\n<meta name=\"description\" content=\"Sicherheitsst\u00fctzen f\u00fcr Anh\u00e4nger spielen eine wichtige Rolle bei der Gew\u00e4hrleistung eines effektiven und sicheren Betriebs an Laderampen.\" \/>\n<meta name=\"robots\" content=\"index, follow, max-snippet:-1, max-image-preview:large, max-video-preview:-1\" \/>\n<link rel=\"canonical\" href=\"https:\/\/antersystem.com\/de\/nachrichten\/trailer-supports\/\" \/>\n<meta property=\"og:locale\" content=\"de_DE\" \/>\n<meta property=\"og:type\" content=\"article\" \/>\n<meta property=\"og:title\" content=\"Anh\u00e4ngerst\u00fctzen - Anter System\" \/>\n<meta property=\"og:description\" content=\"Sicherheitsst\u00fctzen f\u00fcr Anh\u00e4nger spielen eine wichtige Rolle bei der Gew\u00e4hrleistung eines effektiven und sicheren Betriebs an Laderampen.\" \/>\n<meta property=\"og:url\" content=\"https:\/\/antersystem.com\/de\/nachrichten\/trailer-supports\/\" \/>\n<meta property=\"og:site_name\" content=\"Anter System\" \/>\n<meta property=\"article:modified_time\" content=\"2026-01-30T13:30:42+00:00\" \/>\n<meta name=\"twitter:card\" content=\"summary_large_image\" \/>\n<meta name=\"twitter:label1\" content=\"Gesch\u00e4tzte Lesezeit\" \/>\n\t<meta name=\"twitter:data1\" content=\"2\u00a0Minuten\" \/>\n<script type=\"application\/ld+json\" class=\"yoast-schema-graph\">{\"@context\":\"https:\/\/schema.org\",\"@graph\":[{\"@type\":\"WebPage\",\"@id\":\"https:\/\/antersystem.com\/de\/nachrichten\/trailer-supports\/\",\"url\":\"https:\/\/antersystem.com\/de\/nachrichten\/trailer-supports\/\",\"name\":\"Anh\u00e4ngerst\u00fctzen - Anter System\",\"isPartOf\":{\"@id\":\"https:\/\/antersystem.com\/de\/#website\"},\"datePublished\":\"2024-04-11T11:02:00+00:00\",\"dateModified\":\"2026-01-30T13:30:42+00:00\",\"description\":\"Sicherheitsst\u00fctzen f\u00fcr Anh\u00e4nger spielen eine wichtige Rolle bei der Gew\u00e4hrleistung eines effektiven und sicheren Betriebs an Laderampen.\",\"breadcrumb\":{\"@id\":\"https:\/\/antersystem.com\/de\/nachrichten\/trailer-supports\/#breadcrumb\"},\"inLanguage\":\"de\",\"potentialAction\":[{\"@type\":\"ReadAction\",\"target\":[\"https:\/\/antersystem.com\/de\/nachrichten\/trailer-supports\/\"]}]},{\"@type\":\"BreadcrumbList\",\"@id\":\"https:\/\/antersystem.com\/de\/nachrichten\/trailer-supports\/#breadcrumb\",\"itemListElement\":[{\"@type\":\"ListItem\",\"position\":1,\"name\":\"AnterSystem\",\"item\":\"https:\/\/antersystem.com\/de\/\"},{\"@type\":\"ListItem\",\"position\":2,\"name\":\"Nachrichten\",\"item\":\"https:\/\/antersystem.com\/de\/nachrichten\/\"},{\"@type\":\"ListItem\",\"position\":3,\"name\":\"Anh\u00e4ngerst\u00fctzen\"}]},{\"@type\":\"WebSite\",\"@id\":\"https:\/\/antersystem.com\/de\/#website\",\"url\":\"https:\/\/antersystem.com\/de\/\",\"name\":\"Anter System\",\"description\":\"Jeste\u015bmy polskim producentem elastycznych barier ochronnych wykonywanych z polimerowych tworzyw sztucznych. Na rynku krajowym i zagranicznym dzia\u0142amy od ponad 15 lat dbaj\u0105c o zapewnienie bezpiecze\u0144stwa w zak\u0142adach produkcyjnych, magazynach oraz centrach logistycznych.\",\"potentialAction\":[{\"@type\":\"SearchAction\",\"target\":{\"@type\":\"EntryPoint\",\"urlTemplate\":\"https:\/\/antersystem.com\/de\/?s={search_term_string}\"},\"query-input\":{\"@type\":\"PropertyValueSpecification\",\"valueRequired\":true,\"valueName\":\"search_term_string\"}}],\"inLanguage\":\"de\"}]}<\/script>\n<!-- \/ Yoast SEO plugin. -->","yoast_head_json":{"title":"Anh\u00e4ngerst\u00fctzen - Anter System","description":"Sicherheitsst\u00fctzen f\u00fcr Anh\u00e4nger spielen eine wichtige Rolle bei der Gew\u00e4hrleistung eines effektiven und sicheren Betriebs an Laderampen.","robots":{"index":"index","follow":"follow","max-snippet":"max-snippet:-1","max-image-preview":"max-image-preview:large","max-video-preview":"max-video-preview:-1"},"canonical":"https:\/\/antersystem.com\/de\/nachrichten\/trailer-supports\/","og_locale":"de_DE","og_type":"article","og_title":"Anh\u00e4ngerst\u00fctzen - Anter System","og_description":"Sicherheitsst\u00fctzen f\u00fcr Anh\u00e4nger spielen eine wichtige Rolle bei der Gew\u00e4hrleistung eines effektiven und sicheren Betriebs an Laderampen.","og_url":"https:\/\/antersystem.com\/de\/nachrichten\/trailer-supports\/","og_site_name":"Anter System","article_modified_time":"2026-01-30T13:30:42+00:00","twitter_card":"summary_large_image","twitter_misc":{"Gesch\u00e4tzte Lesezeit":"2\u00a0Minuten"},"schema":{"@context":"https:\/\/schema.org","@graph":[{"@type":"WebPage","@id":"https:\/\/antersystem.com\/de\/nachrichten\/trailer-supports\/","url":"https:\/\/antersystem.com\/de\/nachrichten\/trailer-supports\/","name":"Anh\u00e4ngerst\u00fctzen - Anter System","isPartOf":{"@id":"https:\/\/antersystem.com\/de\/#website"},"datePublished":"2024-04-11T11:02:00+00:00","dateModified":"2026-01-30T13:30:42+00:00","description":"Sicherheitsst\u00fctzen f\u00fcr Anh\u00e4nger spielen eine wichtige Rolle bei der Gew\u00e4hrleistung eines effektiven und sicheren Betriebs an Laderampen.","breadcrumb":{"@id":"https:\/\/antersystem.com\/de\/nachrichten\/trailer-supports\/#breadcrumb"},"inLanguage":"de","potentialAction":[{"@type":"ReadAction","target":["https:\/\/antersystem.com\/de\/nachrichten\/trailer-supports\/"]}]},{"@type":"BreadcrumbList","@id":"https:\/\/antersystem.com\/de\/nachrichten\/trailer-supports\/#breadcrumb","itemListElement":[{"@type":"ListItem","position":1,"name":"AnterSystem","item":"https:\/\/antersystem.com\/de\/"},{"@type":"ListItem","position":2,"name":"Nachrichten","item":"https:\/\/antersystem.com\/de\/nachrichten\/"},{"@type":"ListItem","position":3,"name":"Anh\u00e4ngerst\u00fctzen"}]},{"@type":"WebSite","@id":"https:\/\/antersystem.com\/de\/#website","url":"https:\/\/antersystem.com\/de\/","name":"Anter System","description":"Jeste\u015bmy polskim producentem elastycznych barier ochronnych wykonywanych z polimerowych tworzyw sztucznych. Na rynku krajowym i zagranicznym dzia\u0142amy od ponad 15 lat dbaj\u0105c o zapewnienie bezpiecze\u0144stwa w zak\u0142adach produkcyjnych, magazynach oraz centrach logistycznych.","potentialAction":[{"@type":"SearchAction","target":{"@type":"EntryPoint","urlTemplate":"https:\/\/antersystem.com\/de\/?s={search_term_string}"},"query-input":{"@type":"PropertyValueSpecification","valueRequired":true,"valueName":"search_term_string"}}],"inLanguage":"de"}]}},"_links":{"self":[{"href":"https:\/\/antersystem.com\/de\/wp-json\/wp\/v2\/pages\/15415","targetHints":{"allow":["GET"]}}],"collection":[{"href":"https:\/\/antersystem.com\/de\/wp-json\/wp\/v2\/pages"}],"about":[{"href":"https:\/\/antersystem.com\/de\/wp-json\/wp\/v2\/types\/page"}],"author":[{"embeddable":true,"href":"https:\/\/antersystem.com\/de\/wp-json\/wp\/v2\/users\/1"}],"replies":[{"embeddable":true,"href":"https:\/\/antersystem.com\/de\/wp-json\/wp\/v2\/comments?post=15415"}],"version-history":[{"count":1,"href":"https:\/\/antersystem.com\/de\/wp-json\/wp\/v2\/pages\/15415\/revisions"}],"predecessor-version":[{"id":15417,"href":"https:\/\/antersystem.com\/de\/wp-json\/wp\/v2\/pages\/15415\/revisions\/15417"}],"up":[{"embeddable":true,"href":"https:\/\/antersystem.com\/de\/wp-json\/wp\/v2\/pages\/30484"}],"wp:attachment":[{"href":"https:\/\/antersystem.com\/de\/wp-json\/wp\/v2\/media?parent=15415"}],"curies":[{"name":"wp","href":"https:\/\/api.w.org\/{rel}","templated":true}]}}