{"id":15442,"date":"2024-11-08T10:12:51","date_gmt":"2024-11-08T09:12:51","guid":{"rendered":"https:\/\/new.antersystem.com\/warsaw-industry-week-2024-2\/"},"modified":"2026-01-31T22:28:56","modified_gmt":"2026-01-31T21:28:56","slug":"warsaw-industry-week-2024-2","status":"publish","type":"page","link":"https:\/\/antersystem.com\/de\/nachrichten\/warsaw-industry-week-2024-2\/","title":{"rendered":"Warsaw Industry Week 2024"},"content":{"rendered":"\n<div class=\"wp-block-columns is-layout-flex wp-container-core-columns-is-layout-9d6595d7 wp-block-columns-is-layout-flex\">\n<div class=\"wp-block-column is-layout-flow wp-block-column-is-layout-flow\">\n<h2 class=\"wp-block-heading\">Bericht von der Warsaw Industry Week 5-7.11.2024<\/h2>\n\n\n\n<div class=\"wp-block-columns is-layout-flex wp-container-core-columns-is-layout-9d6595d7 wp-block-columns-is-layout-flex\">\n<div class=\"wp-block-column is-layout-flow wp-block-column-is-layout-flow\" style=\"flex-basis:10%\"><\/div>\n\n\n\n<div class=\"wp-block-column is-layout-flow wp-block-column-is-layout-flow\" style=\"flex-basis:10%\"><\/div>\n<\/div>\n\n\n\n<div class=\"wp-block-columns is-layout-flex wp-container-core-columns-is-layout-9d6595d7 wp-block-columns-is-layout-flex\">\n<div class=\"wp-block-column is-layout-flow wp-block-column-is-layout-flow\" style=\"flex-basis:10%\"><\/div>\n\n\n\n<div class=\"wp-block-column is-layout-flow wp-block-column-is-layout-flow\">\n<p>Die Ausgabe 2024 der <strong>Warsaw Industry Week<\/strong> war die achte und erneut sehr erfolgreiche Ausgabe einer der wichtigsten Industrieveranstaltungen in Mittel- und Osteuropa. <strong>Anter System hatte als Aussteller<\/strong> die Ehre, an dieser prestigetr\u00e4chtigen Messe teilzunehmen, an der \u00fcber 370 Aussteller und Tausende von Fachleuten aus der gesamten Branche teilnahmen. Die Veranstaltung bot eine hervorragende Plattform, um unsere innovativen Industrie- und Intralogistikl\u00f6sungen zu pr\u00e4sentieren, darunter fortschrittliche Systeme zur Unterst\u00fctzung der Sicherheit am Arbeitsplatz und der Prozesseffizienz. Ein weiteres Highlight der Messe war die M\u00f6glichkeit, an begleitenden Veranstaltungen wie der Internationalen Industriekonferenz teilzunehmen.<\/p>\n\n\n\n<p>Unser Stand stie\u00df auf reges Interesse, vor allem durch die Pr\u00e4sentation von Produkten wie <a href=\"https:\/\/antersystem.com\/kategorie-produktow\/bramki-bezpieczenstwa\/\">automatischen Sicherheitstoren<\/a> und <a href=\"https:\/\/antersystem.com\/kategorie-produktow\/odbojnice-regalowe\/\">S\u00e4ulen- und Regalschutzvorrichtungen<\/a>. Diese L\u00f6sungen zur Verbesserung der Sicherheit und der Organisation von Arbeitspl\u00e4tzen in Produktionsst\u00e4tten passen perfekt zu den vorherrschenden Trends der Automatisierung und der Optimierung von Arbeitspl\u00e4tzen, die auf der diesj\u00e4hrigen Messe vorgestellt wurden.<\/p>\n\n\n\n<p>Die Teilnahme an der <strong>Warsaw Industry Week<\/strong> hat es uns nicht nur erm\u00f6glicht, unser Fachwissen weiterzugeben, sondern auch wertvolle Gesch\u00e4ftsbeziehungen zu kn\u00fcpfen und Wissen mit Branchenexperten auszutauschen. Dies ist eine starke Inspiration f\u00fcr die Weiterentwicklung unserer Produkte im Einklang mit den sich ver\u00e4ndernden Markterwartungen und dem Wandel der Branche. Wir sind stolz darauf, dass unsere Innovationen auch weiterhin die dynamischen Bed\u00fcrfnisse des Marktes erf\u00fcllen und zur Verbesserung der Effizienz und Sicherheit im gesamten Industriesektor beitragen.<\/p>\n\n\n\n<p>Wir m\u00f6chten uns bei allen bedanken, die <strong>unseren Stand besucht<\/strong> haben &#8211; wir sehen uns bei der n\u00e4chsten Ausgabe!<\/p>\n\n\n\n<div class=\"wp-block-columns is-layout-flex wp-container-core-columns-is-layout-9d6595d7 wp-block-columns-is-layout-flex\">\n<div class=\"wp-block-column is-layout-flow wp-block-column-is-layout-flow\"><\/div>\n\n\n\n<div class=\"wp-block-column is-layout-flow wp-block-column-is-layout-flow\"><\/div>\n\n\n\n<div class=\"wp-block-column is-layout-flow wp-block-column-is-layout-flow\"><\/div>\n<\/div>\n<\/div>\n\n\n\n<div class=\"wp-block-column is-layout-flow wp-block-column-is-layout-flow\" style=\"flex-basis:10%\"><\/div>\n<\/div>\n\n\n\nngg_shortcode_0_placeholder\n<\/div>\n<\/div>\n\n<p><\/p>\n","protected":false},"excerpt":{"rendered":"<p>Bericht von der Warsaw Industry Week 5-7.11.2024 Die Ausgabe 2024 der Warsaw Industry Week war die achte und erneut sehr erfolgreiche Ausgabe einer der wichtigsten Industrieveranstaltungen in Mittel- und Osteuropa. Anter System hatte als Aussteller die Ehre, an dieser prestigetr\u00e4chtigen Messe teilzunehmen, an der \u00fcber 370 Aussteller und Tausende von Fachleuten aus der gesamten Branche [&hellip;]<\/p>\n","protected":false},"author":1,"featured_media":0,"parent":30484,"menu_order":0,"comment_status":"closed","ping_status":"closed","template":"","meta":{"inline_featured_image":false,"ngg_post_thumbnail":0,"footnotes":""},"class_list":["post-15442","page","type-page","status-publish","hentry"],"acf":[],"yoast_head":"<!-- This site is optimized with the Yoast SEO plugin v27.0 - https:\/\/yoast.com\/product\/yoast-seo-wordpress\/ -->\n<title>Warsaw Industry Week 2024 - Anter System<\/title>\n<meta name=\"description\" content=\"W dniach 5-7listopada odby\u0142a si\u0119 \u00f3sma edycja targ\u00f3w Warsaw Industry Week, podczas kt\u00f3rej nie mog\u0142o zabrakn\u0105\u0107 stoiska Anter System\" \/>\n<meta name=\"robots\" content=\"index, follow, max-snippet:-1, max-image-preview:large, max-video-preview:-1\" \/>\n<link rel=\"canonical\" href=\"https:\/\/antersystem.com\/de\/nachrichten\/warsaw-industry-week-2024-2\/\" \/>\n<meta property=\"og:locale\" content=\"de_DE\" \/>\n<meta property=\"og:type\" content=\"article\" \/>\n<meta property=\"og:title\" content=\"Warsaw Industry Week 2024 - Anter System\" \/>\n<meta property=\"og:description\" content=\"W dniach 5-7listopada odby\u0142a si\u0119 \u00f3sma edycja targ\u00f3w Warsaw Industry Week, podczas kt\u00f3rej nie mog\u0142o zabrakn\u0105\u0107 stoiska Anter System\" \/>\n<meta property=\"og:url\" content=\"https:\/\/antersystem.com\/de\/nachrichten\/warsaw-industry-week-2024-2\/\" \/>\n<meta property=\"og:site_name\" content=\"Anter System\" \/>\n<meta property=\"article:modified_time\" content=\"2026-01-31T21:28:56+00:00\" \/>\n<meta name=\"twitter:card\" content=\"summary_large_image\" \/>\n<meta name=\"twitter:label1\" content=\"Gesch\u00e4tzte Lesezeit\" \/>\n\t<meta name=\"twitter:data1\" content=\"1\u00a0Minute\" \/>\n<script type=\"application\/ld+json\" class=\"yoast-schema-graph\">{\"@context\":\"https:\/\/schema.org\",\"@graph\":[{\"@type\":\"WebPage\",\"@id\":\"https:\/\/antersystem.com\/de\/nachrichten\/warsaw-industry-week-2024-2\/\",\"url\":\"https:\/\/antersystem.com\/de\/nachrichten\/warsaw-industry-week-2024-2\/\",\"name\":\"Warsaw Industry Week 2024 - Anter System\",\"isPartOf\":{\"@id\":\"https:\/\/antersystem.com\/de\/#website\"},\"datePublished\":\"2024-11-08T09:12:51+00:00\",\"dateModified\":\"2026-01-31T21:28:56+00:00\",\"description\":\"W dniach 5-7listopada odby\u0142a si\u0119 \u00f3sma edycja targ\u00f3w Warsaw Industry Week, podczas kt\u00f3rej nie mog\u0142o zabrakn\u0105\u0107 stoiska Anter System\",\"breadcrumb\":{\"@id\":\"https:\/\/antersystem.com\/de\/nachrichten\/warsaw-industry-week-2024-2\/#breadcrumb\"},\"inLanguage\":\"de\",\"potentialAction\":[{\"@type\":\"ReadAction\",\"target\":[\"https:\/\/antersystem.com\/de\/nachrichten\/warsaw-industry-week-2024-2\/\"]}]},{\"@type\":\"BreadcrumbList\",\"@id\":\"https:\/\/antersystem.com\/de\/nachrichten\/warsaw-industry-week-2024-2\/#breadcrumb\",\"itemListElement\":[{\"@type\":\"ListItem\",\"position\":1,\"name\":\"AnterSystem\",\"item\":\"https:\/\/antersystem.com\/de\/\"},{\"@type\":\"ListItem\",\"position\":2,\"name\":\"Nachrichten\",\"item\":\"https:\/\/antersystem.com\/de\/nachrichten\/\"},{\"@type\":\"ListItem\",\"position\":3,\"name\":\"Warsaw Industry Week 2024\"}]},{\"@type\":\"WebSite\",\"@id\":\"https:\/\/antersystem.com\/de\/#website\",\"url\":\"https:\/\/antersystem.com\/de\/\",\"name\":\"Anter System\",\"description\":\"Jeste\u015bmy polskim producentem elastycznych barier ochronnych wykonywanych z polimerowych tworzyw sztucznych. Na rynku krajowym i zagranicznym dzia\u0142amy od ponad 15 lat dbaj\u0105c o zapewnienie bezpiecze\u0144stwa w zak\u0142adach produkcyjnych, magazynach oraz centrach logistycznych.\",\"potentialAction\":[{\"@type\":\"SearchAction\",\"target\":{\"@type\":\"EntryPoint\",\"urlTemplate\":\"https:\/\/antersystem.com\/de\/?s={search_term_string}\"},\"query-input\":{\"@type\":\"PropertyValueSpecification\",\"valueRequired\":true,\"valueName\":\"search_term_string\"}}],\"inLanguage\":\"de\"}]}<\/script>\n<!-- \/ Yoast SEO plugin. -->","yoast_head_json":{"title":"Warsaw Industry Week 2024 - Anter System","description":"W dniach 5-7listopada odby\u0142a si\u0119 \u00f3sma edycja targ\u00f3w Warsaw Industry Week, podczas kt\u00f3rej nie mog\u0142o zabrakn\u0105\u0107 stoiska Anter System","robots":{"index":"index","follow":"follow","max-snippet":"max-snippet:-1","max-image-preview":"max-image-preview:large","max-video-preview":"max-video-preview:-1"},"canonical":"https:\/\/antersystem.com\/de\/nachrichten\/warsaw-industry-week-2024-2\/","og_locale":"de_DE","og_type":"article","og_title":"Warsaw Industry Week 2024 - Anter System","og_description":"W dniach 5-7listopada odby\u0142a si\u0119 \u00f3sma edycja targ\u00f3w Warsaw Industry Week, podczas kt\u00f3rej nie mog\u0142o zabrakn\u0105\u0107 stoiska Anter System","og_url":"https:\/\/antersystem.com\/de\/nachrichten\/warsaw-industry-week-2024-2\/","og_site_name":"Anter System","article_modified_time":"2026-01-31T21:28:56+00:00","twitter_card":"summary_large_image","twitter_misc":{"Gesch\u00e4tzte Lesezeit":"1\u00a0Minute"},"schema":{"@context":"https:\/\/schema.org","@graph":[{"@type":"WebPage","@id":"https:\/\/antersystem.com\/de\/nachrichten\/warsaw-industry-week-2024-2\/","url":"https:\/\/antersystem.com\/de\/nachrichten\/warsaw-industry-week-2024-2\/","name":"Warsaw Industry Week 2024 - Anter System","isPartOf":{"@id":"https:\/\/antersystem.com\/de\/#website"},"datePublished":"2024-11-08T09:12:51+00:00","dateModified":"2026-01-31T21:28:56+00:00","description":"W dniach 5-7listopada odby\u0142a si\u0119 \u00f3sma edycja targ\u00f3w Warsaw Industry Week, podczas kt\u00f3rej nie mog\u0142o zabrakn\u0105\u0107 stoiska Anter System","breadcrumb":{"@id":"https:\/\/antersystem.com\/de\/nachrichten\/warsaw-industry-week-2024-2\/#breadcrumb"},"inLanguage":"de","potentialAction":[{"@type":"ReadAction","target":["https:\/\/antersystem.com\/de\/nachrichten\/warsaw-industry-week-2024-2\/"]}]},{"@type":"BreadcrumbList","@id":"https:\/\/antersystem.com\/de\/nachrichten\/warsaw-industry-week-2024-2\/#breadcrumb","itemListElement":[{"@type":"ListItem","position":1,"name":"AnterSystem","item":"https:\/\/antersystem.com\/de\/"},{"@type":"ListItem","position":2,"name":"Nachrichten","item":"https:\/\/antersystem.com\/de\/nachrichten\/"},{"@type":"ListItem","position":3,"name":"Warsaw Industry Week 2024"}]},{"@type":"WebSite","@id":"https:\/\/antersystem.com\/de\/#website","url":"https:\/\/antersystem.com\/de\/","name":"Anter System","description":"Jeste\u015bmy polskim producentem elastycznych barier ochronnych wykonywanych z polimerowych tworzyw sztucznych. Na rynku krajowym i zagranicznym dzia\u0142amy od ponad 15 lat dbaj\u0105c o zapewnienie bezpiecze\u0144stwa w zak\u0142adach produkcyjnych, magazynach oraz centrach logistycznych.","potentialAction":[{"@type":"SearchAction","target":{"@type":"EntryPoint","urlTemplate":"https:\/\/antersystem.com\/de\/?s={search_term_string}"},"query-input":{"@type":"PropertyValueSpecification","valueRequired":true,"valueName":"search_term_string"}}],"inLanguage":"de"}]}},"_links":{"self":[{"href":"https:\/\/antersystem.com\/de\/wp-json\/wp\/v2\/pages\/15442","targetHints":{"allow":["GET"]}}],"collection":[{"href":"https:\/\/antersystem.com\/de\/wp-json\/wp\/v2\/pages"}],"about":[{"href":"https:\/\/antersystem.com\/de\/wp-json\/wp\/v2\/types\/page"}],"author":[{"embeddable":true,"href":"https:\/\/antersystem.com\/de\/wp-json\/wp\/v2\/users\/1"}],"replies":[{"embeddable":true,"href":"https:\/\/antersystem.com\/de\/wp-json\/wp\/v2\/comments?post=15442"}],"version-history":[{"count":1,"href":"https:\/\/antersystem.com\/de\/wp-json\/wp\/v2\/pages\/15442\/revisions"}],"predecessor-version":[{"id":15443,"href":"https:\/\/antersystem.com\/de\/wp-json\/wp\/v2\/pages\/15442\/revisions\/15443"}],"up":[{"embeddable":true,"href":"https:\/\/antersystem.com\/de\/wp-json\/wp\/v2\/pages\/30484"}],"wp:attachment":[{"href":"https:\/\/antersystem.com\/de\/wp-json\/wp\/v2\/media?parent=15442"}],"curies":[{"name":"wp","href":"https:\/\/api.w.org\/{rel}","templated":true}]}}