{"id":15488,"date":"2023-11-16T15:30:28","date_gmt":"2023-11-16T14:30:28","guid":{"rendered":"https:\/\/new.antersystem.com\/congress-modern-warehouse\/"},"modified":"2026-01-30T14:30:42","modified_gmt":"2026-01-30T13:30:42","slug":"congress-modern-warehouse","status":"publish","type":"page","link":"https:\/\/antersystem.com\/de\/nachrichten\/congress-modern-warehouse\/","title":{"rendered":"Kongress Modernes Lagerhaus"},"content":{"rendered":"\n<div class=\"wp-block-columns is-layout-flex wp-container-core-columns-is-layout-9d6595d7 wp-block-columns-is-layout-flex\">\n  \n  <div class=\"wp-block-column is-layout-flow wp-block-column-is-layout-flow\" style=\"flex-basis:10%\"><\/div>\n  \n\n  \n  <div class=\"wp-block-column is-layout-flow wp-block-column-is-layout-flow\">\n    \n    <h3 class=\"wp-block-heading\"><strong>Moderner Lagerkongress<\/strong><\/h3>\n    \n\n    \n    <p>Der <strong>Modern Warehouse Congress<\/strong> hat sich zu einer festen Gr\u00f6\u00dfe im Kalender der Branche entwickelt und wird von der <strong>Zeitschrift Nowoczesny Magazyn<\/strong> organisiert. Dieses Jahr wird es nicht anders sein. Wir freuen uns darauf, am <strong>20. November in Warschau<\/strong> erneut Fachleute aus den Bereichen Logistik und Lagerhaltung zu treffen. W\u00e4hrend der diesj\u00e4hrigen Ausgabe wird auch <strong>Anter System<\/strong> anwesend sein! Als Aussteller haben wir einen Stand vorbereitet, an dem die Teilnehmer unsere <a href=\"https:\/\/antersystem.com\/kategorie_produktow\/bariery-bezpieczenstwa-dla-pieszych\/\">flexiblen Sicherheitsbarrieren<\/a> in Augenschein nehmen und <a href=\"https:\/\/antersystem.com\/realizacje\/\">Ideen zur Verbesserung der Sicherheit und Organisation von Lagern diskutieren<\/a> k\u00f6nnen. Wenn Sie noch nach Antworten auf die Frage suchen, wie Sie Ihre Logistikkosten optimieren und Ihre Lagerfl\u00e4chen effizient verwalten k\u00f6nnen, laden wir Sie ein, uns dort zu treffen.<\/p>\n    \n\n    \n    <h4 class=\"wp-block-heading\">Wie die Organisatoren sagen, zielt die diesj\u00e4hrige Ausgabe unter dem Motto &#8222;Kosteneffizienz und technologische Innovation&#8220; darauf ab: <em>&#8222;nicht nur aktuelle Trends und Herausforderungen zu diskutieren, sondern auch die Teilnehmer zu inspirieren, innovative L\u00f6sungen zu suchen und die Zukunft der Logistik- und Lagerhaltungsbranche zu gestalten.&#8220;<\/em><\/h4>\n    \n\n    \n    <p>Ein neues Merkmal dieser Ausgabe des Modern Warehouse Congress sind die <strong>Mastermind-Sitzungen<\/strong> &#8211; Diskussionsrunden, die dem Erfahrungsaustausch und der gemeinsamen Bew\u00e4ltigung von Herausforderungen der Branche mit Experten dienen. Es wird auch Raum f\u00fcr den Austausch von Gesch\u00e4ftseinblicken und Networking geben.<\/p>\n    \n\n    \n    <p>F\u00fcr die Mastermind-Sitzungen sind unter anderem folgende Themen geplant:<\/p>\n    \n\n    \n    <ul class=\"wp-block-list\"><li>Lagerautomatisierung,<\/li>\n      <li>Investitionen in Lagereinrichtungen,<\/li>\n      <li>Speicherung &#8211; von Teilnehmern vorgeschlagene Themen auf Anfrage,<\/li>\n      <li>Lager-IT-Systeme,<\/li>\n      <li>Warenetikettierung und -verfolgung,<\/li>\n      <li>Lagertechnik und interner Transport,<\/li>\n      <li>Verwaltung der Arbeitskr\u00e4fte im Lager,<\/li>\n      <li><em>Free your mind<\/em> session &#8211; ein offener Diskussionstisch f\u00fcr Teilnehmer, die Gedanken austauschen, Erfahrungen teilen und Feedback erhalten m\u00f6chten.<\/li>\n    <\/ul>\n\n    \n    <p><strong>Veranstaltungsort:<\/strong><br\/>Novotel Warszawa Flughafen<br\/>1 Sierpnia 1, 02-134 Warschau<\/p>\n    \n\n    <div class=\"wp-block-image\">\n    <figure class=\"aligncenter size-large is-resized\"><img loading=\"lazy\" decoding=\"async\" width=\"1024\" height=\"683\" src=\"https:\/\/antersystem.com\/wp-content\/uploads\/Modern-Warehouse-Anter-System-2023-1024x683.png\" alt=\"Moderner Lagerkongress 2024 - Anter System\" class=\"wp-image-3567\" style=\"width:620px;height:auto\" srcset=\"https:\/\/antersystem.com\/wp-content\/uploads\/Modern-Warehouse-Anter-System-2023-1024x683.png 1024w, https:\/\/antersystem.com\/wp-content\/uploads\/Modern-Warehouse-Anter-System-2023-300x200.png 300w, https:\/\/antersystem.com\/wp-content\/uploads\/Modern-Warehouse-Anter-System-2023-768x512.png 768w, https:\/\/antersystem.com\/wp-content\/uploads\/Modern-Warehouse-Anter-System-2023-1536x1024.png 1536w, https:\/\/antersystem.com\/wp-content\/uploads\/Modern-Warehouse-Anter-System-2023-450x300.png 450w, https:\/\/antersystem.com\/wp-content\/uploads\/Modern-Warehouse-Anter-System-2023-330x220.png 330w, https:\/\/antersystem.com\/wp-content\/uploads\/Modern-Warehouse-Anter-System-2023.png 1800w\" sizes=\"auto, (max-width: 1024px) 100vw, 1024px\" \/><\/figure><\/div>\n  <\/div>\n  \n\n  \n  <div class=\"wp-block-column is-layout-flow wp-block-column-is-layout-flow\" style=\"flex-basis:10%\"><\/div>\n  \n<\/div>\n","protected":false},"excerpt":{"rendered":"<p>Moderner Lagerkongress Der Modern Warehouse Congress hat sich zu einer festen Gr\u00f6\u00dfe im Kalender der Branche entwickelt und wird von der Zeitschrift Nowoczesny Magazyn organisiert. Dieses Jahr wird es nicht anders sein. Wir freuen uns darauf, am 20. November in Warschau erneut Fachleute aus den Bereichen Logistik und Lagerhaltung zu treffen. W\u00e4hrend der diesj\u00e4hrigen Ausgabe [&hellip;]<\/p>\n","protected":false},"author":1,"featured_media":0,"parent":30484,"menu_order":0,"comment_status":"closed","ping_status":"closed","template":"","meta":{"inline_featured_image":false,"ngg_post_thumbnail":0,"footnotes":""},"class_list":["post-15488","page","type-page","status-publish","hentry"],"acf":[],"yoast_head":"<!-- This site is optimized with the Yoast SEO plugin v27.0 - https:\/\/yoast.com\/product\/yoast-seo-wordpress\/ -->\n<title>Kongress Modernes Lagerhaus - Anter System<\/title>\n<meta name=\"description\" content=\"Der Modern Warehouse Congress ist ein fester Bestandteil des Veranstaltungskalenders der Branche und wird von der Zeitschrift Nowoczesny Magazyn organisiert - und das wird auch dieses Mal nicht anders sein. Wir freuen uns auf ein Wiedersehen.\" \/>\n<meta name=\"robots\" content=\"index, follow, max-snippet:-1, max-image-preview:large, max-video-preview:-1\" \/>\n<link rel=\"canonical\" href=\"https:\/\/antersystem.com\/de\/nachrichten\/congress-modern-warehouse\/\" \/>\n<meta property=\"og:locale\" content=\"de_DE\" \/>\n<meta property=\"og:type\" content=\"article\" \/>\n<meta property=\"og:title\" content=\"Kongress Modernes Lagerhaus - Anter System\" \/>\n<meta property=\"og:description\" content=\"Der Modern Warehouse Congress ist ein fester Bestandteil des Veranstaltungskalenders der Branche und wird von der Zeitschrift Nowoczesny Magazyn organisiert - und das wird auch dieses Mal nicht anders sein. Wir freuen uns auf ein Wiedersehen.\" \/>\n<meta property=\"og:url\" content=\"https:\/\/antersystem.com\/de\/nachrichten\/congress-modern-warehouse\/\" \/>\n<meta property=\"og:site_name\" content=\"Anter System\" \/>\n<meta property=\"article:modified_time\" content=\"2026-01-30T13:30:42+00:00\" \/>\n<meta property=\"og:image\" content=\"https:\/\/antersystem.com\/wp-content\/uploads\/Modern-Warehouse-Anter-System-2023-1024x683.png\" \/>\n<meta name=\"twitter:card\" content=\"summary_large_image\" \/>\n<meta name=\"twitter:label1\" content=\"Gesch\u00e4tzte Lesezeit\" \/>\n\t<meta name=\"twitter:data1\" content=\"1\u00a0Minute\" \/>\n<script type=\"application\/ld+json\" class=\"yoast-schema-graph\">{\"@context\":\"https:\/\/schema.org\",\"@graph\":[{\"@type\":\"WebPage\",\"@id\":\"https:\/\/antersystem.com\/de\/nachrichten\/congress-modern-warehouse\/\",\"url\":\"https:\/\/antersystem.com\/de\/nachrichten\/congress-modern-warehouse\/\",\"name\":\"Kongress Modernes Lagerhaus - Anter System\",\"isPartOf\":{\"@id\":\"https:\/\/antersystem.com\/de\/#website\"},\"primaryImageOfPage\":{\"@id\":\"https:\/\/antersystem.com\/de\/nachrichten\/congress-modern-warehouse\/#primaryimage\"},\"image\":{\"@id\":\"https:\/\/antersystem.com\/de\/nachrichten\/congress-modern-warehouse\/#primaryimage\"},\"thumbnailUrl\":\"https:\/\/antersystem.com\/wp-content\/uploads\/Modern-Warehouse-Anter-System-2023-1024x683.png\",\"datePublished\":\"2023-11-16T14:30:28+00:00\",\"dateModified\":\"2026-01-30T13:30:42+00:00\",\"description\":\"Der Modern Warehouse Congress ist ein fester Bestandteil des Veranstaltungskalenders der Branche und wird von der Zeitschrift Nowoczesny Magazyn organisiert - und das wird auch dieses Mal nicht anders sein. Wir freuen uns auf ein Wiedersehen.\",\"breadcrumb\":{\"@id\":\"https:\/\/antersystem.com\/de\/nachrichten\/congress-modern-warehouse\/#breadcrumb\"},\"inLanguage\":\"de\",\"potentialAction\":[{\"@type\":\"ReadAction\",\"target\":[\"https:\/\/antersystem.com\/de\/nachrichten\/congress-modern-warehouse\/\"]}]},{\"@type\":\"ImageObject\",\"inLanguage\":\"de\",\"@id\":\"https:\/\/antersystem.com\/de\/nachrichten\/congress-modern-warehouse\/#primaryimage\",\"url\":\"https:\/\/antersystem.com\/wp-content\/uploads\/Modern-Warehouse-Anter-System-2023-1024x683.png\",\"contentUrl\":\"https:\/\/antersystem.com\/wp-content\/uploads\/Modern-Warehouse-Anter-System-2023-1024x683.png\"},{\"@type\":\"BreadcrumbList\",\"@id\":\"https:\/\/antersystem.com\/de\/nachrichten\/congress-modern-warehouse\/#breadcrumb\",\"itemListElement\":[{\"@type\":\"ListItem\",\"position\":1,\"name\":\"AnterSystem\",\"item\":\"https:\/\/antersystem.com\/de\/\"},{\"@type\":\"ListItem\",\"position\":2,\"name\":\"Nachrichten\",\"item\":\"https:\/\/antersystem.com\/de\/nachrichten\/\"},{\"@type\":\"ListItem\",\"position\":3,\"name\":\"Kongress Modernes Lagerhaus\"}]},{\"@type\":\"WebSite\",\"@id\":\"https:\/\/antersystem.com\/de\/#website\",\"url\":\"https:\/\/antersystem.com\/de\/\",\"name\":\"Anter System\",\"description\":\"Jeste\u015bmy polskim producentem elastycznych barier ochronnych wykonywanych z polimerowych tworzyw sztucznych. Na rynku krajowym i zagranicznym dzia\u0142amy od ponad 15 lat dbaj\u0105c o zapewnienie bezpiecze\u0144stwa w zak\u0142adach produkcyjnych, magazynach oraz centrach logistycznych.\",\"potentialAction\":[{\"@type\":\"SearchAction\",\"target\":{\"@type\":\"EntryPoint\",\"urlTemplate\":\"https:\/\/antersystem.com\/de\/?s={search_term_string}\"},\"query-input\":{\"@type\":\"PropertyValueSpecification\",\"valueRequired\":true,\"valueName\":\"search_term_string\"}}],\"inLanguage\":\"de\"}]}<\/script>\n<!-- \/ Yoast SEO plugin. -->","yoast_head_json":{"title":"Kongress Modernes Lagerhaus - Anter System","description":"Der Modern Warehouse Congress ist ein fester Bestandteil des Veranstaltungskalenders der Branche und wird von der Zeitschrift Nowoczesny Magazyn organisiert - und das wird auch dieses Mal nicht anders sein. Wir freuen uns auf ein Wiedersehen.","robots":{"index":"index","follow":"follow","max-snippet":"max-snippet:-1","max-image-preview":"max-image-preview:large","max-video-preview":"max-video-preview:-1"},"canonical":"https:\/\/antersystem.com\/de\/nachrichten\/congress-modern-warehouse\/","og_locale":"de_DE","og_type":"article","og_title":"Kongress Modernes Lagerhaus - Anter System","og_description":"Der Modern Warehouse Congress ist ein fester Bestandteil des Veranstaltungskalenders der Branche und wird von der Zeitschrift Nowoczesny Magazyn organisiert - und das wird auch dieses Mal nicht anders sein. Wir freuen uns auf ein Wiedersehen.","og_url":"https:\/\/antersystem.com\/de\/nachrichten\/congress-modern-warehouse\/","og_site_name":"Anter System","article_modified_time":"2026-01-30T13:30:42+00:00","og_image":[{"url":"https:\/\/antersystem.com\/wp-content\/uploads\/Modern-Warehouse-Anter-System-2023-1024x683.png","type":"","width":"","height":""}],"twitter_card":"summary_large_image","twitter_misc":{"Gesch\u00e4tzte Lesezeit":"1\u00a0Minute"},"schema":{"@context":"https:\/\/schema.org","@graph":[{"@type":"WebPage","@id":"https:\/\/antersystem.com\/de\/nachrichten\/congress-modern-warehouse\/","url":"https:\/\/antersystem.com\/de\/nachrichten\/congress-modern-warehouse\/","name":"Kongress Modernes Lagerhaus - Anter System","isPartOf":{"@id":"https:\/\/antersystem.com\/de\/#website"},"primaryImageOfPage":{"@id":"https:\/\/antersystem.com\/de\/nachrichten\/congress-modern-warehouse\/#primaryimage"},"image":{"@id":"https:\/\/antersystem.com\/de\/nachrichten\/congress-modern-warehouse\/#primaryimage"},"thumbnailUrl":"https:\/\/antersystem.com\/wp-content\/uploads\/Modern-Warehouse-Anter-System-2023-1024x683.png","datePublished":"2023-11-16T14:30:28+00:00","dateModified":"2026-01-30T13:30:42+00:00","description":"Der Modern Warehouse Congress ist ein fester Bestandteil des Veranstaltungskalenders der Branche und wird von der Zeitschrift Nowoczesny Magazyn organisiert - und das wird auch dieses Mal nicht anders sein. Wir freuen uns auf ein Wiedersehen.","breadcrumb":{"@id":"https:\/\/antersystem.com\/de\/nachrichten\/congress-modern-warehouse\/#breadcrumb"},"inLanguage":"de","potentialAction":[{"@type":"ReadAction","target":["https:\/\/antersystem.com\/de\/nachrichten\/congress-modern-warehouse\/"]}]},{"@type":"ImageObject","inLanguage":"de","@id":"https:\/\/antersystem.com\/de\/nachrichten\/congress-modern-warehouse\/#primaryimage","url":"https:\/\/antersystem.com\/wp-content\/uploads\/Modern-Warehouse-Anter-System-2023-1024x683.png","contentUrl":"https:\/\/antersystem.com\/wp-content\/uploads\/Modern-Warehouse-Anter-System-2023-1024x683.png"},{"@type":"BreadcrumbList","@id":"https:\/\/antersystem.com\/de\/nachrichten\/congress-modern-warehouse\/#breadcrumb","itemListElement":[{"@type":"ListItem","position":1,"name":"AnterSystem","item":"https:\/\/antersystem.com\/de\/"},{"@type":"ListItem","position":2,"name":"Nachrichten","item":"https:\/\/antersystem.com\/de\/nachrichten\/"},{"@type":"ListItem","position":3,"name":"Kongress Modernes Lagerhaus"}]},{"@type":"WebSite","@id":"https:\/\/antersystem.com\/de\/#website","url":"https:\/\/antersystem.com\/de\/","name":"Anter System","description":"Jeste\u015bmy polskim producentem elastycznych barier ochronnych wykonywanych z polimerowych tworzyw sztucznych. Na rynku krajowym i zagranicznym dzia\u0142amy od ponad 15 lat dbaj\u0105c o zapewnienie bezpiecze\u0144stwa w zak\u0142adach produkcyjnych, magazynach oraz centrach logistycznych.","potentialAction":[{"@type":"SearchAction","target":{"@type":"EntryPoint","urlTemplate":"https:\/\/antersystem.com\/de\/?s={search_term_string}"},"query-input":{"@type":"PropertyValueSpecification","valueRequired":true,"valueName":"search_term_string"}}],"inLanguage":"de"}]}},"_links":{"self":[{"href":"https:\/\/antersystem.com\/de\/wp-json\/wp\/v2\/pages\/15488","targetHints":{"allow":["GET"]}}],"collection":[{"href":"https:\/\/antersystem.com\/de\/wp-json\/wp\/v2\/pages"}],"about":[{"href":"https:\/\/antersystem.com\/de\/wp-json\/wp\/v2\/types\/page"}],"author":[{"embeddable":true,"href":"https:\/\/antersystem.com\/de\/wp-json\/wp\/v2\/users\/1"}],"replies":[{"embeddable":true,"href":"https:\/\/antersystem.com\/de\/wp-json\/wp\/v2\/comments?post=15488"}],"version-history":[{"count":1,"href":"https:\/\/antersystem.com\/de\/wp-json\/wp\/v2\/pages\/15488\/revisions"}],"predecessor-version":[{"id":15491,"href":"https:\/\/antersystem.com\/de\/wp-json\/wp\/v2\/pages\/15488\/revisions\/15491"}],"up":[{"embeddable":true,"href":"https:\/\/antersystem.com\/de\/wp-json\/wp\/v2\/pages\/30484"}],"wp:attachment":[{"href":"https:\/\/antersystem.com\/de\/wp-json\/wp\/v2\/media?parent=15488"}],"curies":[{"name":"wp","href":"https:\/\/api.w.org\/{rel}","templated":true}]}}