{"id":15515,"date":"2023-10-16T10:41:27","date_gmt":"2023-10-16T08:41:27","guid":{"rendered":"https:\/\/new.antersystem.com\/safe-space-wall-protection\/"},"modified":"2026-01-30T14:30:42","modified_gmt":"2026-01-30T13:30:42","slug":"safe-space-wall-protection","status":"publish","type":"page","link":"https:\/\/antersystem.com\/de\/nachrichten\/safe-space-wall-protection\/","title":{"rendered":"Sicherer Raum &#8222;Bezpieczna przestrze\u0144&#8220;"},"content":{"rendered":"\n<div class=\"wp-block-columns is-layout-flex wp-container-core-columns-is-layout-9d6595d7 wp-block-columns-is-layout-flex\">\n<div class=\"wp-block-column is-layout-flow wp-block-column-is-layout-flow\" style=\"flex-basis:10%\"><\/div>\n\n\n\n<div class=\"wp-block-column is-layout-flow wp-block-column-is-layout-flow\">\n<h3 class=\"wp-block-heading\">Sicherer Raum. Wandschutz &#8211; Polymer-Sicherheitssysteme f\u00fcr Lagerhallen und Industrieanlagen<\/h3>\n\n\n\n<p style=\"text-align: left;\">In der Juni-Ausgabe 2019 des Magazins <em>Top Logistyk<\/em> erschien ein Artikel \u00fcber Wall Protection &#8211; vertikale Schutzstrukturen mit modularem Aufbau, die die Erstellung von Schutzw\u00e4nden beliebiger L\u00e4nge und geometrischer Form erm\u00f6glichen. Dank ihrer Flexibilit\u00e4t erm\u00f6glichen diese Systeme den Bau von durchbrochenen Schutzw\u00e4nden in beliebiger H\u00f6he, die sich perfekt f\u00fcr moderne Lager- und Industrieumgebungen eignen.<\/p>\n<p>Erfahren Sie mehr \u00fcber die Vorteile von Sicherheitssystemen auf Polymerbasis im folgenden Artikel von <em>Top Logistyk<\/em>.<\/p>\n<p>&nbsp;<\/p>\n<p>&nbsp;<\/p>\n<\/div>\n\n\n\n<div class=\"wp-block-column is-layout-flow wp-block-column-is-layout-flow\" style=\"flex-basis:10%\"><\/div>\n<\/div>\n\n<div data-wp-interactive=\"core\/file\" class=\"wp-block-file\"><object data-wp-bind--hidden=\"!state.hasPdfPreview\" hidden class=\"wp-block-file__embed\" data=\"https:\/\/antersystem.com\/wp-content\/uploads\/Anter-System_artykul_Bezpieczna-przestrzen.pdf\" type=\"application\/pdf\" style=\"width:100%;height:600px\" aria-label=\"Einbettung von Anter-System_artykul_Bezpieczna-przestrzen.\"><\/object><a id=\"wp-block-file--media-ee450cea-ca59-4ce4-8c22-729773c7fc8d\" href=\"https:\/\/antersystem.com\/wp-content\/uploads\/Anter-System_artykul_Bezpieczna-przestrzen.pdf\">Anter-System_artykul_Bezpieczna-przestrzen<\/a><a href=\"https:\/\/antersystem.com\/wp-content\/uploads\/Anter-System_artykul_Bezpieczna-przestrzen.pdf\" class=\"wp-block-file__button wp-element-button\" download=\"\" aria-describedby=\"wp-block-file--media-ee450cea-ca59-4ce4-8c22-729773c7fc8d\">Herunterladen<\/a><\/div>\n","protected":false},"excerpt":{"rendered":"<p>Sicherer Raum. Wandschutz &#8211; Polymer-Sicherheitssysteme f\u00fcr Lagerhallen und Industrieanlagen In der Juni-Ausgabe 2019 des Magazins Top Logistyk erschien ein Artikel \u00fcber Wall Protection &#8211; vertikale Schutzstrukturen mit modularem Aufbau, die die Erstellung von Schutzw\u00e4nden beliebiger L\u00e4nge und geometrischer Form erm\u00f6glichen. Dank ihrer Flexibilit\u00e4t erm\u00f6glichen diese Systeme den Bau von durchbrochenen Schutzw\u00e4nden in beliebiger H\u00f6he, die [&hellip;]<\/p>\n","protected":false},"author":1,"featured_media":0,"parent":30484,"menu_order":0,"comment_status":"closed","ping_status":"closed","template":"","meta":{"inline_featured_image":false,"ngg_post_thumbnail":0,"footnotes":""},"class_list":["post-15515","page","type-page","status-publish","hentry"],"acf":[],"yoast_head":"<!-- This site is optimized with the Yoast SEO plugin v27.0 - https:\/\/yoast.com\/product\/yoast-seo-wordpress\/ -->\n<title>Sicherer Raum &quot;Bezpieczna przestrze\u0144&quot; - Anter System<\/title>\n<meta name=\"description\" content=\"Sicherer Raum. Wandschutz - Polymer-Sicherheitssysteme f\u00fcr Lagerhallen und Industrieanlagen In der Juni-Ausgabe 2019 des Magazins Top Logistyk erschien\" \/>\n<meta name=\"robots\" content=\"index, follow, max-snippet:-1, max-image-preview:large, max-video-preview:-1\" \/>\n<link rel=\"canonical\" href=\"https:\/\/antersystem.com\/de\/nachrichten\/safe-space-wall-protection\/\" \/>\n<meta property=\"og:locale\" content=\"de_DE\" \/>\n<meta property=\"og:type\" content=\"article\" \/>\n<meta property=\"og:title\" content=\"Sicherer Raum &quot;Bezpieczna przestrze\u0144&quot; - Anter System\" \/>\n<meta property=\"og:description\" content=\"Sicherer Raum. Wandschutz - Polymer-Sicherheitssysteme f\u00fcr Lagerhallen und Industrieanlagen In der Juni-Ausgabe 2019 des Magazins Top Logistyk erschien\" \/>\n<meta property=\"og:url\" content=\"https:\/\/antersystem.com\/de\/nachrichten\/safe-space-wall-protection\/\" \/>\n<meta property=\"og:site_name\" content=\"Anter System\" \/>\n<meta property=\"article:modified_time\" content=\"2026-01-30T13:30:42+00:00\" \/>\n<meta name=\"twitter:card\" content=\"summary_large_image\" \/>\n<script type=\"application\/ld+json\" class=\"yoast-schema-graph\">{\"@context\":\"https:\/\/schema.org\",\"@graph\":[{\"@type\":\"WebPage\",\"@id\":\"https:\/\/antersystem.com\/de\/nachrichten\/safe-space-wall-protection\/\",\"url\":\"https:\/\/antersystem.com\/de\/nachrichten\/safe-space-wall-protection\/\",\"name\":\"Sicherer Raum \\\"Bezpieczna przestrze\u0144\\\" - Anter System\",\"isPartOf\":{\"@id\":\"https:\/\/antersystem.com\/de\/#website\"},\"datePublished\":\"2023-10-16T08:41:27+00:00\",\"dateModified\":\"2026-01-30T13:30:42+00:00\",\"description\":\"Sicherer Raum. Wandschutz - Polymer-Sicherheitssysteme f\u00fcr Lagerhallen und Industrieanlagen In der Juni-Ausgabe 2019 des Magazins Top Logistyk erschien\",\"breadcrumb\":{\"@id\":\"https:\/\/antersystem.com\/de\/nachrichten\/safe-space-wall-protection\/#breadcrumb\"},\"inLanguage\":\"de\",\"potentialAction\":[{\"@type\":\"ReadAction\",\"target\":[\"https:\/\/antersystem.com\/de\/nachrichten\/safe-space-wall-protection\/\"]}]},{\"@type\":\"BreadcrumbList\",\"@id\":\"https:\/\/antersystem.com\/de\/nachrichten\/safe-space-wall-protection\/#breadcrumb\",\"itemListElement\":[{\"@type\":\"ListItem\",\"position\":1,\"name\":\"AnterSystem\",\"item\":\"https:\/\/antersystem.com\/de\/\"},{\"@type\":\"ListItem\",\"position\":2,\"name\":\"Nachrichten\",\"item\":\"https:\/\/antersystem.com\/de\/nachrichten\/\"},{\"@type\":\"ListItem\",\"position\":3,\"name\":\"Sicherer Raum &#8220;Bezpieczna przestrze\u0144&#8221;\"}]},{\"@type\":\"WebSite\",\"@id\":\"https:\/\/antersystem.com\/de\/#website\",\"url\":\"https:\/\/antersystem.com\/de\/\",\"name\":\"Anter System\",\"description\":\"Jeste\u015bmy polskim producentem elastycznych barier ochronnych wykonywanych z polimerowych tworzyw sztucznych. Na rynku krajowym i zagranicznym dzia\u0142amy od ponad 15 lat dbaj\u0105c o zapewnienie bezpiecze\u0144stwa w zak\u0142adach produkcyjnych, magazynach oraz centrach logistycznych.\",\"potentialAction\":[{\"@type\":\"SearchAction\",\"target\":{\"@type\":\"EntryPoint\",\"urlTemplate\":\"https:\/\/antersystem.com\/de\/?s={search_term_string}\"},\"query-input\":{\"@type\":\"PropertyValueSpecification\",\"valueRequired\":true,\"valueName\":\"search_term_string\"}}],\"inLanguage\":\"de\"}]}<\/script>\n<!-- \/ Yoast SEO plugin. -->","yoast_head_json":{"title":"Sicherer Raum \"Bezpieczna przestrze\u0144\" - Anter System","description":"Sicherer Raum. Wandschutz - Polymer-Sicherheitssysteme f\u00fcr Lagerhallen und Industrieanlagen In der Juni-Ausgabe 2019 des Magazins Top Logistyk erschien","robots":{"index":"index","follow":"follow","max-snippet":"max-snippet:-1","max-image-preview":"max-image-preview:large","max-video-preview":"max-video-preview:-1"},"canonical":"https:\/\/antersystem.com\/de\/nachrichten\/safe-space-wall-protection\/","og_locale":"de_DE","og_type":"article","og_title":"Sicherer Raum \"Bezpieczna przestrze\u0144\" - Anter System","og_description":"Sicherer Raum. Wandschutz - Polymer-Sicherheitssysteme f\u00fcr Lagerhallen und Industrieanlagen In der Juni-Ausgabe 2019 des Magazins Top Logistyk erschien","og_url":"https:\/\/antersystem.com\/de\/nachrichten\/safe-space-wall-protection\/","og_site_name":"Anter System","article_modified_time":"2026-01-30T13:30:42+00:00","twitter_card":"summary_large_image","schema":{"@context":"https:\/\/schema.org","@graph":[{"@type":"WebPage","@id":"https:\/\/antersystem.com\/de\/nachrichten\/safe-space-wall-protection\/","url":"https:\/\/antersystem.com\/de\/nachrichten\/safe-space-wall-protection\/","name":"Sicherer Raum \"Bezpieczna przestrze\u0144\" - Anter System","isPartOf":{"@id":"https:\/\/antersystem.com\/de\/#website"},"datePublished":"2023-10-16T08:41:27+00:00","dateModified":"2026-01-30T13:30:42+00:00","description":"Sicherer Raum. Wandschutz - Polymer-Sicherheitssysteme f\u00fcr Lagerhallen und Industrieanlagen In der Juni-Ausgabe 2019 des Magazins Top Logistyk erschien","breadcrumb":{"@id":"https:\/\/antersystem.com\/de\/nachrichten\/safe-space-wall-protection\/#breadcrumb"},"inLanguage":"de","potentialAction":[{"@type":"ReadAction","target":["https:\/\/antersystem.com\/de\/nachrichten\/safe-space-wall-protection\/"]}]},{"@type":"BreadcrumbList","@id":"https:\/\/antersystem.com\/de\/nachrichten\/safe-space-wall-protection\/#breadcrumb","itemListElement":[{"@type":"ListItem","position":1,"name":"AnterSystem","item":"https:\/\/antersystem.com\/de\/"},{"@type":"ListItem","position":2,"name":"Nachrichten","item":"https:\/\/antersystem.com\/de\/nachrichten\/"},{"@type":"ListItem","position":3,"name":"Sicherer Raum &#8220;Bezpieczna przestrze\u0144&#8221;"}]},{"@type":"WebSite","@id":"https:\/\/antersystem.com\/de\/#website","url":"https:\/\/antersystem.com\/de\/","name":"Anter System","description":"Jeste\u015bmy polskim producentem elastycznych barier ochronnych wykonywanych z polimerowych tworzyw sztucznych. Na rynku krajowym i zagranicznym dzia\u0142amy od ponad 15 lat dbaj\u0105c o zapewnienie bezpiecze\u0144stwa w zak\u0142adach produkcyjnych, magazynach oraz centrach logistycznych.","potentialAction":[{"@type":"SearchAction","target":{"@type":"EntryPoint","urlTemplate":"https:\/\/antersystem.com\/de\/?s={search_term_string}"},"query-input":{"@type":"PropertyValueSpecification","valueRequired":true,"valueName":"search_term_string"}}],"inLanguage":"de"}]}},"_links":{"self":[{"href":"https:\/\/antersystem.com\/de\/wp-json\/wp\/v2\/pages\/15515","targetHints":{"allow":["GET"]}}],"collection":[{"href":"https:\/\/antersystem.com\/de\/wp-json\/wp\/v2\/pages"}],"about":[{"href":"https:\/\/antersystem.com\/de\/wp-json\/wp\/v2\/types\/page"}],"author":[{"embeddable":true,"href":"https:\/\/antersystem.com\/de\/wp-json\/wp\/v2\/users\/1"}],"replies":[{"embeddable":true,"href":"https:\/\/antersystem.com\/de\/wp-json\/wp\/v2\/comments?post=15515"}],"version-history":[{"count":1,"href":"https:\/\/antersystem.com\/de\/wp-json\/wp\/v2\/pages\/15515\/revisions"}],"predecessor-version":[{"id":15517,"href":"https:\/\/antersystem.com\/de\/wp-json\/wp\/v2\/pages\/15515\/revisions\/15517"}],"up":[{"embeddable":true,"href":"https:\/\/antersystem.com\/de\/wp-json\/wp\/v2\/pages\/30484"}],"wp:attachment":[{"href":"https:\/\/antersystem.com\/de\/wp-json\/wp\/v2\/media?parent=15515"}],"curies":[{"name":"wp","href":"https:\/\/api.w.org\/{rel}","templated":true}]}}