{"id":15532,"date":"2023-12-07T09:34:39","date_gmt":"2023-12-07T08:34:39","guid":{"rendered":"https:\/\/new.antersystem.com\/forbes-diamonds-2024\/"},"modified":"2026-01-30T14:30:42","modified_gmt":"2026-01-30T13:30:42","slug":"forbes-diamonds-2024","status":"publish","type":"page","link":"https:\/\/antersystem.com\/de\/nachrichten\/forbes-diamonds-2024\/","title":{"rendered":"Forbes Diamanten 2024"},"content":{"rendered":"\n<div class=\"wp-block-columns is-layout-flex wp-container-core-columns-is-layout-9d6595d7 wp-block-columns-is-layout-flex\">\n  \n  <div class=\"wp-block-column is-layout-flow wp-block-column-is-layout-flow\" style=\"flex-basis:10%\"><\/div>\n  \n\n  \n  <div class=\"wp-block-column is-layout-flow wp-block-column-is-layout-flow\">\n    \n    <h3 class=\"wp-block-heading\"><strong>Anter System wurde mit dem Forbes Diamonds Poland 2024 als eines der sich am dynamischsten entwickelnden Unternehmen ausgezeichnet.<\/strong><\/h3>\n    \n\n    \n    <h4>Ein Wort von uns<\/h4>\n    <p>Unsere Geschichte ist nicht wie ein Filmdrehbuch. Es gibt keine dramatischen Wendungen oder unwahrscheinlichen Zuf\u00e4lle &#8211; obwohl wir, wie viele Unternehmer in Polen, sicherlich unseren Teil der Herausforderungen bew\u00e4ltigt haben. Die Gr\u00fcnder und Miteigent\u00fcmer versuchen nicht, die Rolle von Superhelden zu spielen, und doch wird die Marke Anter System immer st\u00e4rker. Es basiert auf best\u00e4ndigen Kundenbeziehungen und der Erf\u00fcllung echter Bed\u00fcrfnisse. Wir passen uns st\u00e4ndig an die sich \u00e4ndernden Bedingungen an und bem\u00fchen uns sehr, unsere Marktpr\u00e4senz aufrechtzuerhalten. Das Konzept der flexiblen Sicherheitsbarrieren ist in unserer Branche noch lange nicht selbstverst\u00e4ndlich, daher bleibt unser Bildungsauftrag ein wichtiger Teil unserer Arbeit.<\/p>\n\n    <p>Deshalb sind wir besonders dankbar f\u00fcr diese Anerkennung &#8211; die Aufnahme in die Forbes Diamonds 2024 Liste. Diese prestigetr\u00e4chtige Auszeichnung st\u00e4rkt unsere Glaubw\u00fcrdigkeit in den Augen unserer Partner und Vertriebsh\u00e4ndler und ermutigt uns, unser Innovationsmodell weiter zu verfeinern und breitere M\u00e4rkte zu erreichen. Wir sind inspiriert, unser Angebot st\u00e4ndig zu verbessern und L\u00f6sungen zu entwickeln, die unseren Kunden noch besser dienen.<\/p>\n\n    <h4>Was sind die Forbes-Diamanten?<\/h4>\n    <p>Die Forbes Diamonds Liste wird im Auftrag der Redaktion des Forbes Magazins erstellt. Sein Ziel ist es, die sich am dynamischsten entwickelnden Unternehmen in Polen hervorzuheben und auszuzeichnen. Das Ranking klassifiziert Unternehmen auf der Grundlage ihrer Wachstumsrate und finanziellen Leistung in den letzten drei Jahren und betont die Stabilit\u00e4t und das Potenzial jedes Unternehmens. Es dient als wichtige Informationsquelle f\u00fcr Investoren und Gesch\u00e4ftspartner. Die Unternehmen werden je nach Umsatz in drei Kategorien ausgezeichnet: von 5 bis 50 Millionen PLN, von 50 bis 250 Millionen PLN und \u00fcber 250 Millionen PLN. Finanzinstitute wie Banken sind von dem Ranking ausgeschlossen.<\/p>\n\n    <p><em>&#8222;Die Aufnahme in das Forbes Diamonds-Ranking ist ein Beweis f\u00fcr Mut und effektive Gesch\u00e4ftsstrategien, die gut an turbulente Zeiten angepasst sind&#8220;,<\/em> sagte Ewa \u0141uniewska, Vizepr\u00e4sidentin des Vorstands der ING Bank \u015al\u0105ski, dem strategischen Partner des Wettbewerbs.<\/p>\n    <p>&nbsp;<\/p>\n    \n\n    <div class=\"wp-block-image\">\n    <figure class=\"aligncenter size-large is-resized\"><img loading=\"lazy\" decoding=\"async\" width=\"1024\" height=\"535\" src=\"https:\/\/antersystem.com\/wp-content\/uploads\/Diamenty-Forbes-2024-Anter-System-1024x535.jpg\" alt=\"Anter System - Forbes Diamonds 2024 Auszeichnung\" class=\"wp-image-3741\" style=\"width:709px;height:auto\" srcset=\"https:\/\/antersystem.com\/wp-content\/uploads\/Diamenty-Forbes-2024-Anter-System-1024x535.jpg 1024w, https:\/\/antersystem.com\/wp-content\/uploads\/Diamenty-Forbes-2024-Anter-System-300x157.jpg 300w, https:\/\/antersystem.com\/wp-content\/uploads\/Diamenty-Forbes-2024-Anter-System-768x401.jpg 768w, https:\/\/antersystem.com\/wp-content\/uploads\/Diamenty-Forbes-2024-Anter-System-450x235.jpg 450w, https:\/\/antersystem.com\/wp-content\/uploads\/Diamenty-Forbes-2024-Anter-System-330x172.jpg 330w, https:\/\/antersystem.com\/wp-content\/uploads\/Diamenty-Forbes-2024-Anter-System.jpg 1200w\" sizes=\"auto, (max-width: 1024px) 100vw, 1024px\" \/><\/figure><\/div>\n  <\/div>\n  \n\n  \n  <div class=\"wp-block-column is-layout-flow wp-block-column-is-layout-flow\" style=\"flex-basis:10%\"><\/div>\n  \n<\/div>\n","protected":false},"excerpt":{"rendered":"<p>Anter System wurde mit dem Forbes Diamonds Poland 2024 als eines der sich am dynamischsten entwickelnden Unternehmen ausgezeichnet. Ein Wort von uns Unsere Geschichte ist nicht wie ein Filmdrehbuch. Es gibt keine dramatischen Wendungen oder unwahrscheinlichen Zuf\u00e4lle &#8211; obwohl wir, wie viele Unternehmer in Polen, sicherlich unseren Teil der Herausforderungen bew\u00e4ltigt haben. Die Gr\u00fcnder und [&hellip;]<\/p>\n","protected":false},"author":1,"featured_media":0,"parent":30484,"menu_order":0,"comment_status":"closed","ping_status":"closed","template":"","meta":{"inline_featured_image":false,"ngg_post_thumbnail":0,"footnotes":""},"class_list":["post-15532","page","type-page","status-publish","hentry"],"acf":[],"yoast_head":"<!-- This site is optimized with the Yoast SEO plugin v27.0 - https:\/\/yoast.com\/product\/yoast-seo-wordpress\/ -->\n<title>Forbes Diamanten 2024 - Anter System<\/title>\n<meta name=\"description\" content=\"Anter System wurde mit dem Forbes Diamonds Poland 2024 als eines der sich am dynamischsten entwickelnden Unternehmen ausgezeichnet. Ein Wort von uns\" \/>\n<meta name=\"robots\" content=\"index, follow, max-snippet:-1, max-image-preview:large, max-video-preview:-1\" \/>\n<link rel=\"canonical\" href=\"https:\/\/antersystem.com\/de\/nachrichten\/forbes-diamonds-2024\/\" \/>\n<meta property=\"og:locale\" content=\"de_DE\" \/>\n<meta property=\"og:type\" content=\"article\" \/>\n<meta property=\"og:title\" content=\"Forbes Diamanten 2024 - Anter System\" \/>\n<meta property=\"og:description\" content=\"Anter System wurde mit dem Forbes Diamonds Poland 2024 als eines der sich am dynamischsten entwickelnden Unternehmen ausgezeichnet. Ein Wort von uns\" \/>\n<meta property=\"og:url\" content=\"https:\/\/antersystem.com\/de\/nachrichten\/forbes-diamonds-2024\/\" \/>\n<meta property=\"og:site_name\" content=\"Anter System\" \/>\n<meta property=\"article:modified_time\" content=\"2026-01-30T13:30:42+00:00\" \/>\n<meta property=\"og:image\" content=\"https:\/\/antersystem.com\/wp-content\/uploads\/Diamenty-Forbes-2024-Anter-System-1024x535.jpg\" \/>\n<meta name=\"twitter:card\" content=\"summary_large_image\" \/>\n<meta name=\"twitter:label1\" content=\"Gesch\u00e4tzte Lesezeit\" \/>\n\t<meta name=\"twitter:data1\" content=\"2\u00a0Minuten\" \/>\n<script type=\"application\/ld+json\" class=\"yoast-schema-graph\">{\"@context\":\"https:\/\/schema.org\",\"@graph\":[{\"@type\":\"WebPage\",\"@id\":\"https:\/\/antersystem.com\/de\/nachrichten\/forbes-diamonds-2024\/\",\"url\":\"https:\/\/antersystem.com\/de\/nachrichten\/forbes-diamonds-2024\/\",\"name\":\"Forbes Diamanten 2024 - Anter System\",\"isPartOf\":{\"@id\":\"https:\/\/antersystem.com\/de\/#website\"},\"primaryImageOfPage\":{\"@id\":\"https:\/\/antersystem.com\/de\/nachrichten\/forbes-diamonds-2024\/#primaryimage\"},\"image\":{\"@id\":\"https:\/\/antersystem.com\/de\/nachrichten\/forbes-diamonds-2024\/#primaryimage\"},\"thumbnailUrl\":\"https:\/\/antersystem.com\/wp-content\/uploads\/Diamenty-Forbes-2024-Anter-System-1024x535.jpg\",\"datePublished\":\"2023-12-07T08:34:39+00:00\",\"dateModified\":\"2026-01-30T13:30:42+00:00\",\"description\":\"Anter System wurde mit dem Forbes Diamonds Poland 2024 als eines der sich am dynamischsten entwickelnden Unternehmen ausgezeichnet. Ein Wort von uns\",\"breadcrumb\":{\"@id\":\"https:\/\/antersystem.com\/de\/nachrichten\/forbes-diamonds-2024\/#breadcrumb\"},\"inLanguage\":\"de\",\"potentialAction\":[{\"@type\":\"ReadAction\",\"target\":[\"https:\/\/antersystem.com\/de\/nachrichten\/forbes-diamonds-2024\/\"]}]},{\"@type\":\"ImageObject\",\"inLanguage\":\"de\",\"@id\":\"https:\/\/antersystem.com\/de\/nachrichten\/forbes-diamonds-2024\/#primaryimage\",\"url\":\"https:\/\/antersystem.com\/wp-content\/uploads\/Diamenty-Forbes-2024-Anter-System-1024x535.jpg\",\"contentUrl\":\"https:\/\/antersystem.com\/wp-content\/uploads\/Diamenty-Forbes-2024-Anter-System-1024x535.jpg\"},{\"@type\":\"BreadcrumbList\",\"@id\":\"https:\/\/antersystem.com\/de\/nachrichten\/forbes-diamonds-2024\/#breadcrumb\",\"itemListElement\":[{\"@type\":\"ListItem\",\"position\":1,\"name\":\"AnterSystem\",\"item\":\"https:\/\/antersystem.com\/de\/\"},{\"@type\":\"ListItem\",\"position\":2,\"name\":\"Nachrichten\",\"item\":\"https:\/\/antersystem.com\/de\/nachrichten\/\"},{\"@type\":\"ListItem\",\"position\":3,\"name\":\"Forbes Diamanten 2024\"}]},{\"@type\":\"WebSite\",\"@id\":\"https:\/\/antersystem.com\/de\/#website\",\"url\":\"https:\/\/antersystem.com\/de\/\",\"name\":\"Anter System\",\"description\":\"Jeste\u015bmy polskim producentem elastycznych barier ochronnych wykonywanych z polimerowych tworzyw sztucznych. Na rynku krajowym i zagranicznym dzia\u0142amy od ponad 15 lat dbaj\u0105c o zapewnienie bezpiecze\u0144stwa w zak\u0142adach produkcyjnych, magazynach oraz centrach logistycznych.\",\"potentialAction\":[{\"@type\":\"SearchAction\",\"target\":{\"@type\":\"EntryPoint\",\"urlTemplate\":\"https:\/\/antersystem.com\/de\/?s={search_term_string}\"},\"query-input\":{\"@type\":\"PropertyValueSpecification\",\"valueRequired\":true,\"valueName\":\"search_term_string\"}}],\"inLanguage\":\"de\"}]}<\/script>\n<!-- \/ Yoast SEO plugin. -->","yoast_head_json":{"title":"Forbes Diamanten 2024 - Anter System","description":"Anter System wurde mit dem Forbes Diamonds Poland 2024 als eines der sich am dynamischsten entwickelnden Unternehmen ausgezeichnet. Ein Wort von uns","robots":{"index":"index","follow":"follow","max-snippet":"max-snippet:-1","max-image-preview":"max-image-preview:large","max-video-preview":"max-video-preview:-1"},"canonical":"https:\/\/antersystem.com\/de\/nachrichten\/forbes-diamonds-2024\/","og_locale":"de_DE","og_type":"article","og_title":"Forbes Diamanten 2024 - Anter System","og_description":"Anter System wurde mit dem Forbes Diamonds Poland 2024 als eines der sich am dynamischsten entwickelnden Unternehmen ausgezeichnet. Ein Wort von uns","og_url":"https:\/\/antersystem.com\/de\/nachrichten\/forbes-diamonds-2024\/","og_site_name":"Anter System","article_modified_time":"2026-01-30T13:30:42+00:00","og_image":[{"url":"https:\/\/antersystem.com\/wp-content\/uploads\/Diamenty-Forbes-2024-Anter-System-1024x535.jpg","type":"","width":"","height":""}],"twitter_card":"summary_large_image","twitter_misc":{"Gesch\u00e4tzte Lesezeit":"2\u00a0Minuten"},"schema":{"@context":"https:\/\/schema.org","@graph":[{"@type":"WebPage","@id":"https:\/\/antersystem.com\/de\/nachrichten\/forbes-diamonds-2024\/","url":"https:\/\/antersystem.com\/de\/nachrichten\/forbes-diamonds-2024\/","name":"Forbes Diamanten 2024 - Anter System","isPartOf":{"@id":"https:\/\/antersystem.com\/de\/#website"},"primaryImageOfPage":{"@id":"https:\/\/antersystem.com\/de\/nachrichten\/forbes-diamonds-2024\/#primaryimage"},"image":{"@id":"https:\/\/antersystem.com\/de\/nachrichten\/forbes-diamonds-2024\/#primaryimage"},"thumbnailUrl":"https:\/\/antersystem.com\/wp-content\/uploads\/Diamenty-Forbes-2024-Anter-System-1024x535.jpg","datePublished":"2023-12-07T08:34:39+00:00","dateModified":"2026-01-30T13:30:42+00:00","description":"Anter System wurde mit dem Forbes Diamonds Poland 2024 als eines der sich am dynamischsten entwickelnden Unternehmen ausgezeichnet. Ein Wort von uns","breadcrumb":{"@id":"https:\/\/antersystem.com\/de\/nachrichten\/forbes-diamonds-2024\/#breadcrumb"},"inLanguage":"de","potentialAction":[{"@type":"ReadAction","target":["https:\/\/antersystem.com\/de\/nachrichten\/forbes-diamonds-2024\/"]}]},{"@type":"ImageObject","inLanguage":"de","@id":"https:\/\/antersystem.com\/de\/nachrichten\/forbes-diamonds-2024\/#primaryimage","url":"https:\/\/antersystem.com\/wp-content\/uploads\/Diamenty-Forbes-2024-Anter-System-1024x535.jpg","contentUrl":"https:\/\/antersystem.com\/wp-content\/uploads\/Diamenty-Forbes-2024-Anter-System-1024x535.jpg"},{"@type":"BreadcrumbList","@id":"https:\/\/antersystem.com\/de\/nachrichten\/forbes-diamonds-2024\/#breadcrumb","itemListElement":[{"@type":"ListItem","position":1,"name":"AnterSystem","item":"https:\/\/antersystem.com\/de\/"},{"@type":"ListItem","position":2,"name":"Nachrichten","item":"https:\/\/antersystem.com\/de\/nachrichten\/"},{"@type":"ListItem","position":3,"name":"Forbes Diamanten 2024"}]},{"@type":"WebSite","@id":"https:\/\/antersystem.com\/de\/#website","url":"https:\/\/antersystem.com\/de\/","name":"Anter System","description":"Jeste\u015bmy polskim producentem elastycznych barier ochronnych wykonywanych z polimerowych tworzyw sztucznych. Na rynku krajowym i zagranicznym dzia\u0142amy od ponad 15 lat dbaj\u0105c o zapewnienie bezpiecze\u0144stwa w zak\u0142adach produkcyjnych, magazynach oraz centrach logistycznych.","potentialAction":[{"@type":"SearchAction","target":{"@type":"EntryPoint","urlTemplate":"https:\/\/antersystem.com\/de\/?s={search_term_string}"},"query-input":{"@type":"PropertyValueSpecification","valueRequired":true,"valueName":"search_term_string"}}],"inLanguage":"de"}]}},"_links":{"self":[{"href":"https:\/\/antersystem.com\/de\/wp-json\/wp\/v2\/pages\/15532","targetHints":{"allow":["GET"]}}],"collection":[{"href":"https:\/\/antersystem.com\/de\/wp-json\/wp\/v2\/pages"}],"about":[{"href":"https:\/\/antersystem.com\/de\/wp-json\/wp\/v2\/types\/page"}],"author":[{"embeddable":true,"href":"https:\/\/antersystem.com\/de\/wp-json\/wp\/v2\/users\/1"}],"replies":[{"embeddable":true,"href":"https:\/\/antersystem.com\/de\/wp-json\/wp\/v2\/comments?post=15532"}],"version-history":[{"count":1,"href":"https:\/\/antersystem.com\/de\/wp-json\/wp\/v2\/pages\/15532\/revisions"}],"predecessor-version":[{"id":15538,"href":"https:\/\/antersystem.com\/de\/wp-json\/wp\/v2\/pages\/15532\/revisions\/15538"}],"up":[{"embeddable":true,"href":"https:\/\/antersystem.com\/de\/wp-json\/wp\/v2\/pages\/30484"}],"wp:attachment":[{"href":"https:\/\/antersystem.com\/de\/wp-json\/wp\/v2\/media?parent=15532"}],"curies":[{"name":"wp","href":"https:\/\/api.w.org\/{rel}","templated":true}]}}