{"id":15584,"date":"2024-03-26T13:03:30","date_gmt":"2024-03-26T12:03:30","guid":{"rendered":"https:\/\/new.antersystem.com\/sawo-2024\/"},"modified":"2026-01-30T14:30:42","modified_gmt":"2026-01-30T13:30:42","slug":"sawo-2024","status":"publish","type":"page","link":"https:\/\/antersystem.com\/de\/nachrichten\/sawo-2024\/","title":{"rendered":"SAWO Messen"},"content":{"rendered":"\n<div class=\"wp-block-columns is-layout-flex wp-container-core-columns-is-layout-9d6595d7 wp-block-columns-is-layout-flex\">\n<div class=\"wp-block-column is-layout-flow wp-block-column-is-layout-flow\" style=\"flex-basis:10%\"><\/div>\n\n\n\n<div class=\"wp-block-column is-layout-flow wp-block-column-is-layout-flow\">\n<h3 class=\"wp-block-heading\">Sicherheit am Arbeitsplatz und Notfallma\u00dfnahmen &#8211; SAWO&#8217;24 Messe in Pozna\u0144.<\/h3>\n\n\n\n<p>Wenn Produktionshallen, Lagerh\u00e4user und andere Industrieanlagen besser gesch\u00fctzt w\u00e4ren, w\u00e4re die Zahl der Unf\u00e4lle sicherlich viel geringer. Es scheint, dass die Erweiterung des Wissens in diesem Bereich endlos sein k\u00f6nnte &#8211; und das ist auch gut so. Eine weitere Gelegenheit dazu bietet sich in der zweiten Aprilh\u00e4lfte, vom 23. bis 25. April in Pozna\u0144. Die <strong>Internationale Fachmesse f\u00fcr Arbeitssicherheit, Brandschutz und Rettung SAWO<\/strong> ist die gr\u00f6\u00dfte Fachmesse f\u00fcr Arbeitsschutz in Mittel- und Osteuropa.<\/p>\n\n\n\n<p>W\u00e4hrend der Veranstaltung werden die neuesten Errungenschaften polnischer und internationaler <strong>Hersteller von Ger\u00e4ten und L\u00f6sungen f\u00fcr Sicherheit, Gesundheitsschutz und Arbeit<\/strong> vorgestellt. Die SAWO-Messe ist auch ein Ort, an dem fortschrittliche Technologien vorgestellt werden, die bei speziellen Rettungseins\u00e4tzen zum Einsatz kommen. Die Besucher erwartet nicht nur eine vielf\u00e4ltige Ausstellung, sondern auch die M\u00f6glichkeit, an thematischen Konferenzen und spektakul\u00e4ren Live-Vorf\u00fchrungen teilzunehmen.<\/p>\n\n\n\n<p>Seit Jahren wird dar\u00fcber diskutiert, wie man Mitarbeiter und Unternehmenswerte angemessen vor den Folgen menschlicher Fehler und Unf\u00e4lle sch\u00fctzen kann. Eine der wichtigsten Herausforderungen f\u00fcr moderne Arbeitgeber ist die Notwendigkeit, den Geb\u00e4udeschutz an die sich dynamisch ver\u00e4ndernden Marktbedingungen sowie an neue L\u00f6sungen und Technologien anzupassen. Wir wollen unser Wissen zu diesem Thema w\u00e4hrend der SAWO-Messe teilen.<\/p>\n\n\n\n<p>Zu den gr\u00f6\u00dften <a href=\"https:\/\/antersystem.com\/nasze-systemy\/\"><strong>Vorteile der flexiblen Barrieresysteme von Anter System<\/strong><\/a> sind ihre robuste Konstruktion und die M\u00f6glichkeit, sie mit zus\u00e4tzlichen Modulen flexibel zu erweitern. Ihr g\u00fcnstiger Preis &#8211; insbesondere im Verh\u00e4ltnis zur Produktqualit\u00e4t &#8211; ist ebenfalls von Bedeutung. Flexible Absperrungen erh\u00f6hen das Sicherheitsniveau bei Arbeiten mit Gabelstaplern und helfen, andere Mitarbeiter vor den Folgen von Bedienungsfehlern zu sch\u00fctzen. Gleichzeitig f\u00fchrt der Einsatz von energieabsorbierenden Barrieren in Industrieanlagen zu messbaren und langfristigen Kostensenkungen, dank eines besseren Ladungsschutzes und optimierter Lagerfl\u00e4che. Diese Produkte unterst\u00fctzen die sichere und bequeme Lagerung von G\u00fctern in gro\u00dfer H\u00f6he, ohne dass z.B. das Risiko eines versehentlichen Verrutschens besteht.<\/p>\n\n\n\n<p>Also, wir sehen uns bei der n\u00e4chsten Ausgabe! Wir laden Sie ein, unsere Produkte aus der N\u00e4he zu betrachten: <strong>Halle 3A (Erdgeschoss), Stand Nr. 121<\/strong>.<\/p>\n\n\n\n<p>Link zur Veranstaltung: <a href=\"https:\/\/targisawo.pl\/pl\/program-wydarzen\/\"><strong>targisawo.pl<\/strong><\/a><\/p>\n\n\n\n<p><strong>#SAWO #tradefair #Rettung #OHS<\/strong> <strong>#flexibleSicherheitsbarrieren<\/strong><\/p>\n<\/div>\n\n\n\n<div class=\"wp-block-column is-layout-flow wp-block-column-is-layout-flow\" style=\"flex-basis:10%\"><\/div>\n<\/div>\n<div class=\"wp-block-image\">\n<figure class=\"aligncenter size-large is-resized\"><img loading=\"lazy\" decoding=\"async\" width=\"1024\" height=\"535\" src=\"https:\/\/antersystem.com\/wp-content\/uploads\/SAWO-targi-ochrony-pracy-pozarnictwa-i-ratownictwa-Anter-System-1024x535.webp\" alt=\"\" class=\"wp-image-4389\" style=\"width:720px;height:auto\" srcset=\"https:\/\/antersystem.com\/wp-content\/uploads\/SAWO-targi-ochrony-pracy-pozarnictwa-i-ratownictwa-Anter-System-1024x535.webp 1024w, https:\/\/antersystem.com\/wp-content\/uploads\/SAWO-targi-ochrony-pracy-pozarnictwa-i-ratownictwa-Anter-System-300x157.webp 300w, https:\/\/antersystem.com\/wp-content\/uploads\/SAWO-targi-ochrony-pracy-pozarnictwa-i-ratownictwa-Anter-System-768x401.webp 768w, https:\/\/antersystem.com\/wp-content\/uploads\/SAWO-targi-ochrony-pracy-pozarnictwa-i-ratownictwa-Anter-System-450x235.webp 450w, https:\/\/antersystem.com\/wp-content\/uploads\/SAWO-targi-ochrony-pracy-pozarnictwa-i-ratownictwa-Anter-System-330x172.webp 330w, https:\/\/antersystem.com\/wp-content\/uploads\/SAWO-targi-ochrony-pracy-pozarnictwa-i-ratownictwa-Anter-System.webp 1200w\" sizes=\"auto, (max-width: 1024px) 100vw, 1024px\" \/><\/figure><\/div>","protected":false},"excerpt":{"rendered":"<p>Sicherheit am Arbeitsplatz und Notfallma\u00dfnahmen &#8211; SAWO&#8217;24 Messe in Pozna\u0144. Wenn Produktionshallen, Lagerh\u00e4user und andere Industrieanlagen besser gesch\u00fctzt w\u00e4ren, w\u00e4re die Zahl der Unf\u00e4lle sicherlich viel geringer. Es scheint, dass die Erweiterung des Wissens in diesem Bereich endlos sein k\u00f6nnte &#8211; und das ist auch gut so. Eine weitere Gelegenheit dazu bietet sich in der [&hellip;]<\/p>\n","protected":false},"author":1,"featured_media":0,"parent":30484,"menu_order":0,"comment_status":"closed","ping_status":"closed","template":"","meta":{"inline_featured_image":false,"ngg_post_thumbnail":0,"footnotes":""},"class_list":["post-15584","page","type-page","status-publish","hentry"],"acf":[],"yoast_head":"<!-- This site is optimized with the Yoast SEO plugin v27.0 - https:\/\/yoast.com\/product\/yoast-seo-wordpress\/ -->\n<title>SAWO Messen - Anter System<\/title>\n<meta name=\"description\" content=\"Sicherheit am Arbeitsplatz und Notfallma\u00dfnahmen - SAWO&#039;24 Messe in Pozna\u0144. Wenn Produktionshallen, Lagerh\u00e4user und andere Industrieanlagen besser\" \/>\n<meta name=\"robots\" content=\"index, follow, max-snippet:-1, max-image-preview:large, max-video-preview:-1\" \/>\n<link rel=\"canonical\" href=\"https:\/\/antersystem.com\/de\/nachrichten\/sawo-2024\/\" \/>\n<meta property=\"og:locale\" content=\"de_DE\" \/>\n<meta property=\"og:type\" content=\"article\" \/>\n<meta property=\"og:title\" content=\"SAWO Messen - Anter System\" \/>\n<meta property=\"og:description\" content=\"Sicherheit am Arbeitsplatz und Notfallma\u00dfnahmen - SAWO&#039;24 Messe in Pozna\u0144. Wenn Produktionshallen, Lagerh\u00e4user und andere Industrieanlagen besser\" \/>\n<meta property=\"og:url\" content=\"https:\/\/antersystem.com\/de\/nachrichten\/sawo-2024\/\" \/>\n<meta property=\"og:site_name\" content=\"Anter System\" \/>\n<meta property=\"article:modified_time\" content=\"2026-01-30T13:30:42+00:00\" \/>\n<meta property=\"og:image\" content=\"https:\/\/antersystem.com\/wp-content\/uploads\/SAWO-targi-ochrony-pracy-pozarnictwa-i-ratownictwa-Anter-System-1024x535.webp\" \/>\n<meta name=\"twitter:card\" content=\"summary_large_image\" \/>\n<meta name=\"twitter:label1\" content=\"Gesch\u00e4tzte Lesezeit\" \/>\n\t<meta name=\"twitter:data1\" content=\"2\u00a0Minuten\" \/>\n<script type=\"application\/ld+json\" class=\"yoast-schema-graph\">{\"@context\":\"https:\/\/schema.org\",\"@graph\":[{\"@type\":\"WebPage\",\"@id\":\"https:\/\/antersystem.com\/de\/nachrichten\/sawo-2024\/\",\"url\":\"https:\/\/antersystem.com\/de\/nachrichten\/sawo-2024\/\",\"name\":\"SAWO Messen - Anter System\",\"isPartOf\":{\"@id\":\"https:\/\/antersystem.com\/de\/#website\"},\"primaryImageOfPage\":{\"@id\":\"https:\/\/antersystem.com\/de\/nachrichten\/sawo-2024\/#primaryimage\"},\"image\":{\"@id\":\"https:\/\/antersystem.com\/de\/nachrichten\/sawo-2024\/#primaryimage\"},\"thumbnailUrl\":\"https:\/\/antersystem.com\/wp-content\/uploads\/SAWO-targi-ochrony-pracy-pozarnictwa-i-ratownictwa-Anter-System-1024x535.webp\",\"datePublished\":\"2024-03-26T12:03:30+00:00\",\"dateModified\":\"2026-01-30T13:30:42+00:00\",\"description\":\"Sicherheit am Arbeitsplatz und Notfallma\u00dfnahmen - SAWO'24 Messe in Pozna\u0144. Wenn Produktionshallen, Lagerh\u00e4user und andere Industrieanlagen besser\",\"breadcrumb\":{\"@id\":\"https:\/\/antersystem.com\/de\/nachrichten\/sawo-2024\/#breadcrumb\"},\"inLanguage\":\"de\",\"potentialAction\":[{\"@type\":\"ReadAction\",\"target\":[\"https:\/\/antersystem.com\/de\/nachrichten\/sawo-2024\/\"]}]},{\"@type\":\"ImageObject\",\"inLanguage\":\"de\",\"@id\":\"https:\/\/antersystem.com\/de\/nachrichten\/sawo-2024\/#primaryimage\",\"url\":\"https:\/\/antersystem.com\/wp-content\/uploads\/SAWO-targi-ochrony-pracy-pozarnictwa-i-ratownictwa-Anter-System-1024x535.webp\",\"contentUrl\":\"https:\/\/antersystem.com\/wp-content\/uploads\/SAWO-targi-ochrony-pracy-pozarnictwa-i-ratownictwa-Anter-System-1024x535.webp\"},{\"@type\":\"BreadcrumbList\",\"@id\":\"https:\/\/antersystem.com\/de\/nachrichten\/sawo-2024\/#breadcrumb\",\"itemListElement\":[{\"@type\":\"ListItem\",\"position\":1,\"name\":\"AnterSystem\",\"item\":\"https:\/\/antersystem.com\/de\/\"},{\"@type\":\"ListItem\",\"position\":2,\"name\":\"Nachrichten\",\"item\":\"https:\/\/antersystem.com\/de\/nachrichten\/\"},{\"@type\":\"ListItem\",\"position\":3,\"name\":\"SAWO Messen\"}]},{\"@type\":\"WebSite\",\"@id\":\"https:\/\/antersystem.com\/de\/#website\",\"url\":\"https:\/\/antersystem.com\/de\/\",\"name\":\"Anter System\",\"description\":\"Jeste\u015bmy polskim producentem elastycznych barier ochronnych wykonywanych z polimerowych tworzyw sztucznych. Na rynku krajowym i zagranicznym dzia\u0142amy od ponad 15 lat dbaj\u0105c o zapewnienie bezpiecze\u0144stwa w zak\u0142adach produkcyjnych, magazynach oraz centrach logistycznych.\",\"potentialAction\":[{\"@type\":\"SearchAction\",\"target\":{\"@type\":\"EntryPoint\",\"urlTemplate\":\"https:\/\/antersystem.com\/de\/?s={search_term_string}\"},\"query-input\":{\"@type\":\"PropertyValueSpecification\",\"valueRequired\":true,\"valueName\":\"search_term_string\"}}],\"inLanguage\":\"de\"}]}<\/script>\n<!-- \/ Yoast SEO plugin. -->","yoast_head_json":{"title":"SAWO Messen - Anter System","description":"Sicherheit am Arbeitsplatz und Notfallma\u00dfnahmen - SAWO'24 Messe in Pozna\u0144. Wenn Produktionshallen, Lagerh\u00e4user und andere Industrieanlagen besser","robots":{"index":"index","follow":"follow","max-snippet":"max-snippet:-1","max-image-preview":"max-image-preview:large","max-video-preview":"max-video-preview:-1"},"canonical":"https:\/\/antersystem.com\/de\/nachrichten\/sawo-2024\/","og_locale":"de_DE","og_type":"article","og_title":"SAWO Messen - Anter System","og_description":"Sicherheit am Arbeitsplatz und Notfallma\u00dfnahmen - SAWO'24 Messe in Pozna\u0144. Wenn Produktionshallen, Lagerh\u00e4user und andere Industrieanlagen besser","og_url":"https:\/\/antersystem.com\/de\/nachrichten\/sawo-2024\/","og_site_name":"Anter System","article_modified_time":"2026-01-30T13:30:42+00:00","og_image":[{"url":"https:\/\/antersystem.com\/wp-content\/uploads\/SAWO-targi-ochrony-pracy-pozarnictwa-i-ratownictwa-Anter-System-1024x535.webp","type":"","width":"","height":""}],"twitter_card":"summary_large_image","twitter_misc":{"Gesch\u00e4tzte Lesezeit":"2\u00a0Minuten"},"schema":{"@context":"https:\/\/schema.org","@graph":[{"@type":"WebPage","@id":"https:\/\/antersystem.com\/de\/nachrichten\/sawo-2024\/","url":"https:\/\/antersystem.com\/de\/nachrichten\/sawo-2024\/","name":"SAWO Messen - Anter System","isPartOf":{"@id":"https:\/\/antersystem.com\/de\/#website"},"primaryImageOfPage":{"@id":"https:\/\/antersystem.com\/de\/nachrichten\/sawo-2024\/#primaryimage"},"image":{"@id":"https:\/\/antersystem.com\/de\/nachrichten\/sawo-2024\/#primaryimage"},"thumbnailUrl":"https:\/\/antersystem.com\/wp-content\/uploads\/SAWO-targi-ochrony-pracy-pozarnictwa-i-ratownictwa-Anter-System-1024x535.webp","datePublished":"2024-03-26T12:03:30+00:00","dateModified":"2026-01-30T13:30:42+00:00","description":"Sicherheit am Arbeitsplatz und Notfallma\u00dfnahmen - SAWO'24 Messe in Pozna\u0144. Wenn Produktionshallen, Lagerh\u00e4user und andere Industrieanlagen besser","breadcrumb":{"@id":"https:\/\/antersystem.com\/de\/nachrichten\/sawo-2024\/#breadcrumb"},"inLanguage":"de","potentialAction":[{"@type":"ReadAction","target":["https:\/\/antersystem.com\/de\/nachrichten\/sawo-2024\/"]}]},{"@type":"ImageObject","inLanguage":"de","@id":"https:\/\/antersystem.com\/de\/nachrichten\/sawo-2024\/#primaryimage","url":"https:\/\/antersystem.com\/wp-content\/uploads\/SAWO-targi-ochrony-pracy-pozarnictwa-i-ratownictwa-Anter-System-1024x535.webp","contentUrl":"https:\/\/antersystem.com\/wp-content\/uploads\/SAWO-targi-ochrony-pracy-pozarnictwa-i-ratownictwa-Anter-System-1024x535.webp"},{"@type":"BreadcrumbList","@id":"https:\/\/antersystem.com\/de\/nachrichten\/sawo-2024\/#breadcrumb","itemListElement":[{"@type":"ListItem","position":1,"name":"AnterSystem","item":"https:\/\/antersystem.com\/de\/"},{"@type":"ListItem","position":2,"name":"Nachrichten","item":"https:\/\/antersystem.com\/de\/nachrichten\/"},{"@type":"ListItem","position":3,"name":"SAWO Messen"}]},{"@type":"WebSite","@id":"https:\/\/antersystem.com\/de\/#website","url":"https:\/\/antersystem.com\/de\/","name":"Anter System","description":"Jeste\u015bmy polskim producentem elastycznych barier ochronnych wykonywanych z polimerowych tworzyw sztucznych. Na rynku krajowym i zagranicznym dzia\u0142amy od ponad 15 lat dbaj\u0105c o zapewnienie bezpiecze\u0144stwa w zak\u0142adach produkcyjnych, magazynach oraz centrach logistycznych.","potentialAction":[{"@type":"SearchAction","target":{"@type":"EntryPoint","urlTemplate":"https:\/\/antersystem.com\/de\/?s={search_term_string}"},"query-input":{"@type":"PropertyValueSpecification","valueRequired":true,"valueName":"search_term_string"}}],"inLanguage":"de"}]}},"_links":{"self":[{"href":"https:\/\/antersystem.com\/de\/wp-json\/wp\/v2\/pages\/15584","targetHints":{"allow":["GET"]}}],"collection":[{"href":"https:\/\/antersystem.com\/de\/wp-json\/wp\/v2\/pages"}],"about":[{"href":"https:\/\/antersystem.com\/de\/wp-json\/wp\/v2\/types\/page"}],"author":[{"embeddable":true,"href":"https:\/\/antersystem.com\/de\/wp-json\/wp\/v2\/users\/1"}],"replies":[{"embeddable":true,"href":"https:\/\/antersystem.com\/de\/wp-json\/wp\/v2\/comments?post=15584"}],"version-history":[{"count":1,"href":"https:\/\/antersystem.com\/de\/wp-json\/wp\/v2\/pages\/15584\/revisions"}],"predecessor-version":[{"id":15587,"href":"https:\/\/antersystem.com\/de\/wp-json\/wp\/v2\/pages\/15584\/revisions\/15587"}],"up":[{"embeddable":true,"href":"https:\/\/antersystem.com\/de\/wp-json\/wp\/v2\/pages\/30484"}],"wp:attachment":[{"href":"https:\/\/antersystem.com\/de\/wp-json\/wp\/v2\/media?parent=15584"}],"curies":[{"name":"wp","href":"https:\/\/api.w.org\/{rel}","templated":true}]}}