{"id":15639,"date":"2023-10-09T09:58:06","date_gmt":"2023-10-09T07:58:06","guid":{"rendered":"https:\/\/new.antersystem.com\/modernlog-2023\/"},"modified":"2026-01-30T14:30:41","modified_gmt":"2026-01-30T13:30:41","slug":"modernlog-2023","status":"publish","type":"page","link":"https:\/\/antersystem.com\/de\/nachrichten\/modernlog-2023\/","title":{"rendered":"Modernlog 2023"},"content":{"rendered":"\n<div class=\"wp-block-columns is-layout-flex wp-container-core-columns-is-layout-9d6595d7 wp-block-columns-is-layout-flex\">\n<div class=\"wp-block-column is-layout-flow wp-block-column-is-layout-flow\" style=\"flex-basis:10%\"><\/div>\n\n\n\n<div class=\"wp-block-column is-layout-flow wp-block-column-is-layout-flow\">\n<h3 class=\"wp-block-heading\">Anter System auf dem Modernlog 2023<\/h3>\n\n\n\n<p style=\"text-align: left;\">Wir freuen uns, an der MODERNLOG teilgenommen zu haben &#8211; der f\u00fchrenden Fachmesse f\u00fcr die Logistik-, Lager- und Transportbranche. Als renommierter Hersteller von flexiblen Sicherheitsbarrieren hatte Anter System die gro\u00dfartige Gelegenheit, seine innovativen L\u00f6sungen einem breiten Fachpublikum zu pr\u00e4sentieren.<\/p>\n<p style=\"text-align: left;\">Wir laden Sie ein, sich unser Video mit der Zusammenfassung der Veranstaltung anzusehen. Entdecken Sie, wie wir unsere L\u00f6sungen zur Optimierung von Logistikabl\u00e4ufen durch mehr Sicherheit und Effizienz in Lagerumgebungen pr\u00e4sentieren. Das Video zeigt auch unsere Interaktionen mit Kunden und Partnern sowie unsere Teilnahme an inspirierenden Diskussionen \u00fcber die Zukunft des Sektors.<\/p>\n<p style=\"text-align: left;\">W\u00e4hrend der MODERNLOG wurden unsere flexiblen Sicherheitsbarrieren von vielen Fachleuten aus der Branche gew\u00fcrdigt, was best\u00e4tigt, dass Anter System an der Spitze der Innovation im Bereich der Lagersicherheit steht.<\/p>\n<p style=\"text-align: left;\">Wir laden Sie herzlich ein, sich das Video anzusehen und die Atmosph\u00e4re dieser inspirierenden Veranstaltung zu erleben. Sehen Sie, wie Anter System dazu beitr\u00e4gt, die Zukunft des Logistiksektors zu gestalten.<\/p>\n\n\n<p><video style=\"width: 100%; height: auto;\" controls><source src=\"https:\/\/antersystem.com\/wp-content\/uploads\/antersystem_small_Modernlog.mp4\" type=\"video\/mp4\"><\/video><\/p>\n<\/div>\n\n\n\n<div class=\"wp-block-column is-layout-flow wp-block-column-is-layout-flow\" style=\"flex-basis:10%\"><\/div>\n<\/div>\n","protected":false},"excerpt":{"rendered":"<p>Anter System auf dem Modernlog 2023 Wir freuen uns, an der MODERNLOG teilgenommen zu haben &#8211; der f\u00fchrenden Fachmesse f\u00fcr die Logistik-, Lager- und Transportbranche. Als renommierter Hersteller von flexiblen Sicherheitsbarrieren hatte Anter System die gro\u00dfartige Gelegenheit, seine innovativen L\u00f6sungen einem breiten Fachpublikum zu pr\u00e4sentieren. Wir laden Sie ein, sich unser Video mit der Zusammenfassung [&hellip;]<\/p>\n","protected":false},"author":1,"featured_media":0,"parent":30484,"menu_order":0,"comment_status":"closed","ping_status":"closed","template":"","meta":{"inline_featured_image":false,"ngg_post_thumbnail":0,"footnotes":""},"class_list":["post-15639","page","type-page","status-publish","hentry"],"acf":[],"yoast_head":"<!-- This site is optimized with the Yoast SEO plugin v27.0 - https:\/\/yoast.com\/product\/yoast-seo-wordpress\/ -->\n<title>Modernlog 2023 - Anter System<\/title>\n<meta name=\"description\" content=\"Anter System, ein renommierter Produzent elastycznych barier ochronnych, hat den Auftrag erhalten, in der Branche Modernlog 2023 eine neue Rolle zu \u00fcbernehmen.\" \/>\n<meta name=\"robots\" content=\"index, follow, max-snippet:-1, max-image-preview:large, max-video-preview:-1\" \/>\n<link rel=\"canonical\" href=\"https:\/\/antersystem.com\/de\/nachrichten\/modernlog-2023\/\" \/>\n<meta property=\"og:locale\" content=\"de_DE\" \/>\n<meta property=\"og:type\" content=\"article\" \/>\n<meta property=\"og:title\" content=\"Modernlog 2023 - Anter System\" \/>\n<meta property=\"og:description\" content=\"Anter System, ein renommierter Produzent elastycznych barier ochronnych, hat den Auftrag erhalten, in der Branche Modernlog 2023 eine neue Rolle zu \u00fcbernehmen.\" \/>\n<meta property=\"og:url\" content=\"https:\/\/antersystem.com\/de\/nachrichten\/modernlog-2023\/\" \/>\n<meta property=\"og:site_name\" content=\"Anter System\" \/>\n<meta property=\"article:modified_time\" content=\"2026-01-30T13:30:41+00:00\" \/>\n<meta name=\"twitter:card\" content=\"summary_large_image\" \/>\n<meta name=\"twitter:label1\" content=\"Gesch\u00e4tzte Lesezeit\" \/>\n\t<meta name=\"twitter:data1\" content=\"1\u00a0Minute\" \/>\n<script type=\"application\/ld+json\" class=\"yoast-schema-graph\">{\"@context\":\"https:\/\/schema.org\",\"@graph\":[{\"@type\":\"WebPage\",\"@id\":\"https:\/\/antersystem.com\/de\/nachrichten\/modernlog-2023\/\",\"url\":\"https:\/\/antersystem.com\/de\/nachrichten\/modernlog-2023\/\",\"name\":\"Modernlog 2023 - Anter System\",\"isPartOf\":{\"@id\":\"https:\/\/antersystem.com\/de\/#website\"},\"datePublished\":\"2023-10-09T07:58:06+00:00\",\"dateModified\":\"2026-01-30T13:30:41+00:00\",\"description\":\"Anter System, ein renommierter Produzent elastycznych barier ochronnych, hat den Auftrag erhalten, in der Branche Modernlog 2023 eine neue Rolle zu \u00fcbernehmen.\",\"breadcrumb\":{\"@id\":\"https:\/\/antersystem.com\/de\/nachrichten\/modernlog-2023\/#breadcrumb\"},\"inLanguage\":\"de\",\"potentialAction\":[{\"@type\":\"ReadAction\",\"target\":[\"https:\/\/antersystem.com\/de\/nachrichten\/modernlog-2023\/\"]}]},{\"@type\":\"BreadcrumbList\",\"@id\":\"https:\/\/antersystem.com\/de\/nachrichten\/modernlog-2023\/#breadcrumb\",\"itemListElement\":[{\"@type\":\"ListItem\",\"position\":1,\"name\":\"AnterSystem\",\"item\":\"https:\/\/antersystem.com\/de\/\"},{\"@type\":\"ListItem\",\"position\":2,\"name\":\"Nachrichten\",\"item\":\"https:\/\/antersystem.com\/de\/nachrichten\/\"},{\"@type\":\"ListItem\",\"position\":3,\"name\":\"Modernlog 2023\"}]},{\"@type\":\"WebSite\",\"@id\":\"https:\/\/antersystem.com\/de\/#website\",\"url\":\"https:\/\/antersystem.com\/de\/\",\"name\":\"Anter System\",\"description\":\"Jeste\u015bmy polskim producentem elastycznych barier ochronnych wykonywanych z polimerowych tworzyw sztucznych. Na rynku krajowym i zagranicznym dzia\u0142amy od ponad 15 lat dbaj\u0105c o zapewnienie bezpiecze\u0144stwa w zak\u0142adach produkcyjnych, magazynach oraz centrach logistycznych.\",\"potentialAction\":[{\"@type\":\"SearchAction\",\"target\":{\"@type\":\"EntryPoint\",\"urlTemplate\":\"https:\/\/antersystem.com\/de\/?s={search_term_string}\"},\"query-input\":{\"@type\":\"PropertyValueSpecification\",\"valueRequired\":true,\"valueName\":\"search_term_string\"}}],\"inLanguage\":\"de\"}]}<\/script>\n<!-- \/ Yoast SEO plugin. -->","yoast_head_json":{"title":"Modernlog 2023 - Anter System","description":"Anter System, ein renommierter Produzent elastycznych barier ochronnych, hat den Auftrag erhalten, in der Branche Modernlog 2023 eine neue Rolle zu \u00fcbernehmen.","robots":{"index":"index","follow":"follow","max-snippet":"max-snippet:-1","max-image-preview":"max-image-preview:large","max-video-preview":"max-video-preview:-1"},"canonical":"https:\/\/antersystem.com\/de\/nachrichten\/modernlog-2023\/","og_locale":"de_DE","og_type":"article","og_title":"Modernlog 2023 - Anter System","og_description":"Anter System, ein renommierter Produzent elastycznych barier ochronnych, hat den Auftrag erhalten, in der Branche Modernlog 2023 eine neue Rolle zu \u00fcbernehmen.","og_url":"https:\/\/antersystem.com\/de\/nachrichten\/modernlog-2023\/","og_site_name":"Anter System","article_modified_time":"2026-01-30T13:30:41+00:00","twitter_card":"summary_large_image","twitter_misc":{"Gesch\u00e4tzte Lesezeit":"1\u00a0Minute"},"schema":{"@context":"https:\/\/schema.org","@graph":[{"@type":"WebPage","@id":"https:\/\/antersystem.com\/de\/nachrichten\/modernlog-2023\/","url":"https:\/\/antersystem.com\/de\/nachrichten\/modernlog-2023\/","name":"Modernlog 2023 - Anter System","isPartOf":{"@id":"https:\/\/antersystem.com\/de\/#website"},"datePublished":"2023-10-09T07:58:06+00:00","dateModified":"2026-01-30T13:30:41+00:00","description":"Anter System, ein renommierter Produzent elastycznych barier ochronnych, hat den Auftrag erhalten, in der Branche Modernlog 2023 eine neue Rolle zu \u00fcbernehmen.","breadcrumb":{"@id":"https:\/\/antersystem.com\/de\/nachrichten\/modernlog-2023\/#breadcrumb"},"inLanguage":"de","potentialAction":[{"@type":"ReadAction","target":["https:\/\/antersystem.com\/de\/nachrichten\/modernlog-2023\/"]}]},{"@type":"BreadcrumbList","@id":"https:\/\/antersystem.com\/de\/nachrichten\/modernlog-2023\/#breadcrumb","itemListElement":[{"@type":"ListItem","position":1,"name":"AnterSystem","item":"https:\/\/antersystem.com\/de\/"},{"@type":"ListItem","position":2,"name":"Nachrichten","item":"https:\/\/antersystem.com\/de\/nachrichten\/"},{"@type":"ListItem","position":3,"name":"Modernlog 2023"}]},{"@type":"WebSite","@id":"https:\/\/antersystem.com\/de\/#website","url":"https:\/\/antersystem.com\/de\/","name":"Anter System","description":"Jeste\u015bmy polskim producentem elastycznych barier ochronnych wykonywanych z polimerowych tworzyw sztucznych. Na rynku krajowym i zagranicznym dzia\u0142amy od ponad 15 lat dbaj\u0105c o zapewnienie bezpiecze\u0144stwa w zak\u0142adach produkcyjnych, magazynach oraz centrach logistycznych.","potentialAction":[{"@type":"SearchAction","target":{"@type":"EntryPoint","urlTemplate":"https:\/\/antersystem.com\/de\/?s={search_term_string}"},"query-input":{"@type":"PropertyValueSpecification","valueRequired":true,"valueName":"search_term_string"}}],"inLanguage":"de"}]}},"_links":{"self":[{"href":"https:\/\/antersystem.com\/de\/wp-json\/wp\/v2\/pages\/15639","targetHints":{"allow":["GET"]}}],"collection":[{"href":"https:\/\/antersystem.com\/de\/wp-json\/wp\/v2\/pages"}],"about":[{"href":"https:\/\/antersystem.com\/de\/wp-json\/wp\/v2\/types\/page"}],"author":[{"embeddable":true,"href":"https:\/\/antersystem.com\/de\/wp-json\/wp\/v2\/users\/1"}],"replies":[{"embeddable":true,"href":"https:\/\/antersystem.com\/de\/wp-json\/wp\/v2\/comments?post=15639"}],"version-history":[{"count":1,"href":"https:\/\/antersystem.com\/de\/wp-json\/wp\/v2\/pages\/15639\/revisions"}],"predecessor-version":[{"id":15643,"href":"https:\/\/antersystem.com\/de\/wp-json\/wp\/v2\/pages\/15639\/revisions\/15643"}],"up":[{"embeddable":true,"href":"https:\/\/antersystem.com\/de\/wp-json\/wp\/v2\/pages\/30484"}],"wp:attachment":[{"href":"https:\/\/antersystem.com\/de\/wp-json\/wp\/v2\/media?parent=15639"}],"curies":[{"name":"wp","href":"https:\/\/api.w.org\/{rel}","templated":true}]}}