{"id":15645,"date":"2023-11-15T15:46:20","date_gmt":"2023-11-15T14:46:20","guid":{"rendered":"https:\/\/new.antersystem.com\/axon-intralogistyka-magazynowanie-2023\/"},"modified":"2026-01-30T14:30:42","modified_gmt":"2026-01-30T13:30:42","slug":"axon-intralogistyka-magazynowanie-2023","status":"publish","type":"page","link":"https:\/\/antersystem.com\/de\/nachrichten\/axon-intralogistyka-magazynowanie-2023\/","title":{"rendered":"Wie kann man Platz effizient nutzen und sicher lagern?"},"content":{"rendered":"\n<div class=\"wp-block-columns is-layout-flex wp-container-core-columns-is-layout-9d6595d7 wp-block-columns-is-layout-flex\">\n  \n  <div class=\"wp-block-column is-layout-flow wp-block-column-is-layout-flow\" style=\"flex-basis:10%\"><\/div>\n  \n\n  \n  <div class=\"wp-block-column is-layout-flow wp-block-column-is-layout-flow\">\n    \n    <h3 class=\"wp-block-heading\">Wie kann man den Platz effektiv nutzen und eine sichere Aufbewahrung gew\u00e4hrleisten?<\/h3>\n    \n\n    \n    <p><strong>Begleiten Sie uns am 23. November zu einer kostenlosen technischen Konferenz im <\/strong><strong>Terminal Hotel \/ Wroc\u0142aw &#8211; <\/strong><strong><a href=\"https:\/\/www.axonmedia.pl\/konferencje\/program\/intralogistyka-magazynowanie-2023-wroclaw\/\">&#8222;Rozwi\u0105zania intralogistyczne i magazynowe&#8220;<\/a><\/strong><\/p>\n    <p>Hier werden Praktiker und Experten aus verschiedenen Branchen ihr Wissen und ihre Erfahrungen bei der Verbesserung interner Prozesse weitergeben sowie Herausforderungen und Fehler diskutieren, die bei der Anpassung von Logistikabl\u00e4ufen an die Bed\u00fcrfnisse moderner Einrichtungen auftreten.<\/p>\n    <p>Experten von Anter System werden vor Ort sein, um zu zeigen, wie man L\u00f6sungen implementiert, die sowohl Zeit als auch Geld sparen. Sie finden sie im Ausstellungsraum der flexiblen Sicherheitsbarrieren. <a href=\"https:\/\/antersystem.com\/wiedza-i-nowosci\/bariery-ochronne-z-polimerowych-tworzyw\/\">Die neuesten Produkte<\/a> aus dieser Kategorie werden den ganzen Tag \u00fcber ausgestellt. Wenn Sie gerade dabei sind, Ihre Lieferkette neu zu gestalten, Ihre Produktionsabl\u00e4ufe zu optimieren oder Prozessautomatisierung zu implementieren &#8211; kommen Sie zu uns! Lassen Sie uns dar\u00fcber sprechen, wie Sie die Sicherheitsstandards in Ihren Einrichtungen erh\u00f6hen und Schutzeinrichtungen in Geb\u00e4udeautomationssysteme integrieren k\u00f6nnen. Selbst wenn Sie gerade erst anfangen, sich mit diesen Themen zu besch\u00e4ftigen, k\u00f6nnen Ihnen Sicherheitsbarrieren und Produkte wie Anh\u00e4ngerst\u00e4nder dabei helfen, zu erkennen, wie solche Verbesserungen sowohl die Qualit\u00e4t des Arbeitsplatzes als auch die finanzielle Effizienz steigern.<\/p>\n    <p><strong>Das Konferenzprogramm<\/strong> deckt eine breite Palette von Themen ab, so dass jeder Teilnehmer auf seine Bed\u00fcrfnisse zugeschnittene technologische L\u00f6sungen finden kann.<\/p>\n    <p>Am Tag zuvor, am <strong>22. November<\/strong>, findet am gleichen Ort eine weitere technische Konferenz statt &#8211; <strong>&#8222;Zuverl\u00e4ssigkeit und Wartung in Produktionsanlagen<\/strong> &#8220; &#8211; die wir im Namen des Veranstalters Axon Media ebenfalls w\u00e4rmstens empfehlen.<\/p>\n    <p>&nbsp;<\/p>\n    <p>Hotel Terminal &#8211; Dynamisches Kongresszentrum<br>Rakietowa 33<br>54-615 Breslau (Wroc\u0142aw)<\/p>\n    <p>&nbsp;<\/p>\n    \n\n    <div class=\"wp-block-image\">\n    <figure class=\"aligncenter size-large is-resized\"><img loading=\"lazy\" decoding=\"async\" width=\"1024\" height=\"535\" src=\"https:\/\/antersystem.com\/wp-content\/uploads\/Konferencja-Axon-Media-Anter-System-2023-2-1024x535.jpg\" alt=\"Anter System auf der Axon Media Technical Conference 2023\" class=\"wp-image-3540\" style=\"width:714px;height:auto\" srcset=\"https:\/\/antersystem.com\/wp-content\/uploads\/Konferencja-Axon-Media-Anter-System-2023-2-1024x535.jpg 1024w, https:\/\/antersystem.com\/wp-content\/uploads\/Konferencja-Axon-Media-Anter-System-2023-2-300x157.jpg 300w, https:\/\/antersystem.com\/wp-content\/uploads\/Konferencja-Axon-Media-Anter-System-2023-2-768x401.jpg 768w, https:\/\/antersystem.com\/wp-content\/uploads\/Konferencja-Axon-Media-Anter-System-2023-2-450x235.jpg 450w, https:\/\/antersystem.com\/wp-content\/uploads\/Konferencja-Axon-Media-Anter-System-2023-2-330x172.jpg 330w, https:\/\/antersystem.com\/wp-content\/uploads\/Konferencja-Axon-Media-Anter-System-2023-2.jpg 1200w\" sizes=\"auto, (max-width: 1024px) 100vw, 1024px\" \/><\/figure><\/div>\n  <\/div>\n  \n\n  \n  <div class=\"wp-block-column is-layout-flow wp-block-column-is-layout-flow\" style=\"flex-basis:10%\"><\/div>\n  \n<\/div>\n","protected":false},"excerpt":{"rendered":"<p>Wie kann man den Platz effektiv nutzen und eine sichere Aufbewahrung gew\u00e4hrleisten? Begleiten Sie uns am 23. November zu einer kostenlosen technischen Konferenz im Terminal Hotel \/ Wroc\u0142aw &#8211; &#8222;Rozwi\u0105zania intralogistyczne i magazynowe&#8220; Hier werden Praktiker und Experten aus verschiedenen Branchen ihr Wissen und ihre Erfahrungen bei der Verbesserung interner Prozesse weitergeben sowie Herausforderungen und [&hellip;]<\/p>\n","protected":false},"author":1,"featured_media":0,"parent":30484,"menu_order":0,"comment_status":"closed","ping_status":"closed","template":"","meta":{"inline_featured_image":false,"ngg_post_thumbnail":0,"footnotes":""},"class_list":["post-15645","page","type-page","status-publish","hentry"],"acf":[],"yoast_head":"<!-- This site is optimized with the Yoast SEO plugin v27.0 - https:\/\/yoast.com\/product\/yoast-seo-wordpress\/ -->\n<title>Wie kann man Platz effizient nutzen und sicher lagern? - Anter System<\/title>\n<meta name=\"description\" content=\"Wie kann man den Platz effektiv nutzen und eine sichere Aufbewahrung gew\u00e4hrleisten? Begleiten Sie uns am 23. November zu einer kostenlosen technischen\" \/>\n<meta name=\"robots\" content=\"index, follow, max-snippet:-1, max-image-preview:large, max-video-preview:-1\" \/>\n<link rel=\"canonical\" href=\"https:\/\/antersystem.com\/de\/nachrichten\/axon-intralogistyka-magazynowanie-2023\/\" \/>\n<meta property=\"og:locale\" content=\"de_DE\" \/>\n<meta property=\"og:type\" content=\"article\" \/>\n<meta property=\"og:title\" content=\"Wie kann man Platz effizient nutzen und sicher lagern? - Anter System\" \/>\n<meta property=\"og:description\" content=\"Wie kann man den Platz effektiv nutzen und eine sichere Aufbewahrung gew\u00e4hrleisten? Begleiten Sie uns am 23. November zu einer kostenlosen technischen\" \/>\n<meta property=\"og:url\" content=\"https:\/\/antersystem.com\/de\/nachrichten\/axon-intralogistyka-magazynowanie-2023\/\" \/>\n<meta property=\"og:site_name\" content=\"Anter System\" \/>\n<meta property=\"article:modified_time\" content=\"2026-01-30T13:30:42+00:00\" \/>\n<meta property=\"og:image\" content=\"https:\/\/antersystem.com\/wp-content\/uploads\/Konferencja-Axon-Media-Anter-System-2023-2-1024x535.jpg\" \/>\n<meta name=\"twitter:card\" content=\"summary_large_image\" \/>\n<meta name=\"twitter:label1\" content=\"Gesch\u00e4tzte Lesezeit\" \/>\n\t<meta name=\"twitter:data1\" content=\"1\u00a0Minute\" \/>\n<script type=\"application\/ld+json\" class=\"yoast-schema-graph\">{\"@context\":\"https:\/\/schema.org\",\"@graph\":[{\"@type\":\"WebPage\",\"@id\":\"https:\/\/antersystem.com\/de\/nachrichten\/axon-intralogistyka-magazynowanie-2023\/\",\"url\":\"https:\/\/antersystem.com\/de\/nachrichten\/axon-intralogistyka-magazynowanie-2023\/\",\"name\":\"Wie kann man Platz effizient nutzen und sicher lagern? - Anter System\",\"isPartOf\":{\"@id\":\"https:\/\/antersystem.com\/de\/#website\"},\"primaryImageOfPage\":{\"@id\":\"https:\/\/antersystem.com\/de\/nachrichten\/axon-intralogistyka-magazynowanie-2023\/#primaryimage\"},\"image\":{\"@id\":\"https:\/\/antersystem.com\/de\/nachrichten\/axon-intralogistyka-magazynowanie-2023\/#primaryimage\"},\"thumbnailUrl\":\"https:\/\/antersystem.com\/wp-content\/uploads\/Konferencja-Axon-Media-Anter-System-2023-2-1024x535.jpg\",\"datePublished\":\"2023-11-15T14:46:20+00:00\",\"dateModified\":\"2026-01-30T13:30:42+00:00\",\"description\":\"Wie kann man den Platz effektiv nutzen und eine sichere Aufbewahrung gew\u00e4hrleisten? Begleiten Sie uns am 23. November zu einer kostenlosen technischen\",\"breadcrumb\":{\"@id\":\"https:\/\/antersystem.com\/de\/nachrichten\/axon-intralogistyka-magazynowanie-2023\/#breadcrumb\"},\"inLanguage\":\"de\",\"potentialAction\":[{\"@type\":\"ReadAction\",\"target\":[\"https:\/\/antersystem.com\/de\/nachrichten\/axon-intralogistyka-magazynowanie-2023\/\"]}]},{\"@type\":\"ImageObject\",\"inLanguage\":\"de\",\"@id\":\"https:\/\/antersystem.com\/de\/nachrichten\/axon-intralogistyka-magazynowanie-2023\/#primaryimage\",\"url\":\"https:\/\/antersystem.com\/wp-content\/uploads\/Konferencja-Axon-Media-Anter-System-2023-2-1024x535.jpg\",\"contentUrl\":\"https:\/\/antersystem.com\/wp-content\/uploads\/Konferencja-Axon-Media-Anter-System-2023-2-1024x535.jpg\"},{\"@type\":\"BreadcrumbList\",\"@id\":\"https:\/\/antersystem.com\/de\/nachrichten\/axon-intralogistyka-magazynowanie-2023\/#breadcrumb\",\"itemListElement\":[{\"@type\":\"ListItem\",\"position\":1,\"name\":\"AnterSystem\",\"item\":\"https:\/\/antersystem.com\/de\/\"},{\"@type\":\"ListItem\",\"position\":2,\"name\":\"Nachrichten\",\"item\":\"https:\/\/antersystem.com\/de\/nachrichten\/\"},{\"@type\":\"ListItem\",\"position\":3,\"name\":\"Wie kann man Platz effizient nutzen und sicher lagern?\"}]},{\"@type\":\"WebSite\",\"@id\":\"https:\/\/antersystem.com\/de\/#website\",\"url\":\"https:\/\/antersystem.com\/de\/\",\"name\":\"Anter System\",\"description\":\"Jeste\u015bmy polskim producentem elastycznych barier ochronnych wykonywanych z polimerowych tworzyw sztucznych. Na rynku krajowym i zagranicznym dzia\u0142amy od ponad 15 lat dbaj\u0105c o zapewnienie bezpiecze\u0144stwa w zak\u0142adach produkcyjnych, magazynach oraz centrach logistycznych.\",\"potentialAction\":[{\"@type\":\"SearchAction\",\"target\":{\"@type\":\"EntryPoint\",\"urlTemplate\":\"https:\/\/antersystem.com\/de\/?s={search_term_string}\"},\"query-input\":{\"@type\":\"PropertyValueSpecification\",\"valueRequired\":true,\"valueName\":\"search_term_string\"}}],\"inLanguage\":\"de\"}]}<\/script>\n<!-- \/ Yoast SEO plugin. -->","yoast_head_json":{"title":"Wie kann man Platz effizient nutzen und sicher lagern? - Anter System","description":"Wie kann man den Platz effektiv nutzen und eine sichere Aufbewahrung gew\u00e4hrleisten? Begleiten Sie uns am 23. November zu einer kostenlosen technischen","robots":{"index":"index","follow":"follow","max-snippet":"max-snippet:-1","max-image-preview":"max-image-preview:large","max-video-preview":"max-video-preview:-1"},"canonical":"https:\/\/antersystem.com\/de\/nachrichten\/axon-intralogistyka-magazynowanie-2023\/","og_locale":"de_DE","og_type":"article","og_title":"Wie kann man Platz effizient nutzen und sicher lagern? - Anter System","og_description":"Wie kann man den Platz effektiv nutzen und eine sichere Aufbewahrung gew\u00e4hrleisten? Begleiten Sie uns am 23. November zu einer kostenlosen technischen","og_url":"https:\/\/antersystem.com\/de\/nachrichten\/axon-intralogistyka-magazynowanie-2023\/","og_site_name":"Anter System","article_modified_time":"2026-01-30T13:30:42+00:00","og_image":[{"url":"https:\/\/antersystem.com\/wp-content\/uploads\/Konferencja-Axon-Media-Anter-System-2023-2-1024x535.jpg","type":"","width":"","height":""}],"twitter_card":"summary_large_image","twitter_misc":{"Gesch\u00e4tzte Lesezeit":"1\u00a0Minute"},"schema":{"@context":"https:\/\/schema.org","@graph":[{"@type":"WebPage","@id":"https:\/\/antersystem.com\/de\/nachrichten\/axon-intralogistyka-magazynowanie-2023\/","url":"https:\/\/antersystem.com\/de\/nachrichten\/axon-intralogistyka-magazynowanie-2023\/","name":"Wie kann man Platz effizient nutzen und sicher lagern? - Anter System","isPartOf":{"@id":"https:\/\/antersystem.com\/de\/#website"},"primaryImageOfPage":{"@id":"https:\/\/antersystem.com\/de\/nachrichten\/axon-intralogistyka-magazynowanie-2023\/#primaryimage"},"image":{"@id":"https:\/\/antersystem.com\/de\/nachrichten\/axon-intralogistyka-magazynowanie-2023\/#primaryimage"},"thumbnailUrl":"https:\/\/antersystem.com\/wp-content\/uploads\/Konferencja-Axon-Media-Anter-System-2023-2-1024x535.jpg","datePublished":"2023-11-15T14:46:20+00:00","dateModified":"2026-01-30T13:30:42+00:00","description":"Wie kann man den Platz effektiv nutzen und eine sichere Aufbewahrung gew\u00e4hrleisten? Begleiten Sie uns am 23. November zu einer kostenlosen technischen","breadcrumb":{"@id":"https:\/\/antersystem.com\/de\/nachrichten\/axon-intralogistyka-magazynowanie-2023\/#breadcrumb"},"inLanguage":"de","potentialAction":[{"@type":"ReadAction","target":["https:\/\/antersystem.com\/de\/nachrichten\/axon-intralogistyka-magazynowanie-2023\/"]}]},{"@type":"ImageObject","inLanguage":"de","@id":"https:\/\/antersystem.com\/de\/nachrichten\/axon-intralogistyka-magazynowanie-2023\/#primaryimage","url":"https:\/\/antersystem.com\/wp-content\/uploads\/Konferencja-Axon-Media-Anter-System-2023-2-1024x535.jpg","contentUrl":"https:\/\/antersystem.com\/wp-content\/uploads\/Konferencja-Axon-Media-Anter-System-2023-2-1024x535.jpg"},{"@type":"BreadcrumbList","@id":"https:\/\/antersystem.com\/de\/nachrichten\/axon-intralogistyka-magazynowanie-2023\/#breadcrumb","itemListElement":[{"@type":"ListItem","position":1,"name":"AnterSystem","item":"https:\/\/antersystem.com\/de\/"},{"@type":"ListItem","position":2,"name":"Nachrichten","item":"https:\/\/antersystem.com\/de\/nachrichten\/"},{"@type":"ListItem","position":3,"name":"Wie kann man Platz effizient nutzen und sicher lagern?"}]},{"@type":"WebSite","@id":"https:\/\/antersystem.com\/de\/#website","url":"https:\/\/antersystem.com\/de\/","name":"Anter System","description":"Jeste\u015bmy polskim producentem elastycznych barier ochronnych wykonywanych z polimerowych tworzyw sztucznych. Na rynku krajowym i zagranicznym dzia\u0142amy od ponad 15 lat dbaj\u0105c o zapewnienie bezpiecze\u0144stwa w zak\u0142adach produkcyjnych, magazynach oraz centrach logistycznych.","potentialAction":[{"@type":"SearchAction","target":{"@type":"EntryPoint","urlTemplate":"https:\/\/antersystem.com\/de\/?s={search_term_string}"},"query-input":{"@type":"PropertyValueSpecification","valueRequired":true,"valueName":"search_term_string"}}],"inLanguage":"de"}]}},"_links":{"self":[{"href":"https:\/\/antersystem.com\/de\/wp-json\/wp\/v2\/pages\/15645","targetHints":{"allow":["GET"]}}],"collection":[{"href":"https:\/\/antersystem.com\/de\/wp-json\/wp\/v2\/pages"}],"about":[{"href":"https:\/\/antersystem.com\/de\/wp-json\/wp\/v2\/types\/page"}],"author":[{"embeddable":true,"href":"https:\/\/antersystem.com\/de\/wp-json\/wp\/v2\/users\/1"}],"replies":[{"embeddable":true,"href":"https:\/\/antersystem.com\/de\/wp-json\/wp\/v2\/comments?post=15645"}],"version-history":[{"count":1,"href":"https:\/\/antersystem.com\/de\/wp-json\/wp\/v2\/pages\/15645\/revisions"}],"predecessor-version":[{"id":15650,"href":"https:\/\/antersystem.com\/de\/wp-json\/wp\/v2\/pages\/15645\/revisions\/15650"}],"up":[{"embeddable":true,"href":"https:\/\/antersystem.com\/de\/wp-json\/wp\/v2\/pages\/30484"}],"wp:attachment":[{"href":"https:\/\/antersystem.com\/de\/wp-json\/wp\/v2\/media?parent=15645"}],"curies":[{"name":"wp","href":"https:\/\/api.w.org\/{rel}","templated":true}]}}