{"id":15700,"date":"2023-10-20T11:06:59","date_gmt":"2023-10-20T09:06:59","guid":{"rendered":"https:\/\/new.antersystem.com\/ecovadis-2023-anter-system\/"},"modified":"2026-01-30T14:30:42","modified_gmt":"2026-01-30T13:30:42","slug":"ecovadis-2023-anter-system","status":"publish","type":"page","link":"https:\/\/antersystem.com\/de\/nachrichten\/ecovadis-2023-anter-system\/","title":{"rendered":"EcoVadis Silber Nachhaltigkeitszertifikat"},"content":{"rendered":"\n<div class=\"wp-block-columns is-layout-flex wp-container-core-columns-is-layout-9d6595d7 wp-block-columns-is-layout-flex\">\n  \n  <div class=\"wp-block-column is-layout-flow wp-block-column-is-layout-flow\" style=\"flex-basis:10%\"><\/div>\n  \n\n  \n  <div class=\"wp-block-column is-layout-flow wp-block-column-is-layout-flow\">\n    \n    <h3 class=\"wp-block-heading\">Unternehmen sollten die Umwelt respektieren!  <br\/>Wir haben 2023 das EcoVadis Silber-Nachhaltigkeitszertifikat erhalten.<\/h3>\n    \n\n    \n    <p>Dies ist eine gro\u00dfe Ehre, die unsere Bem\u00fchungen um Umweltschutz und soziale Verantwortung kr\u00f6nt. Wenn wir diesen Ort weiterhin bewohnen wollen, m\u00fcssen wir klare und respektvolle Beziehungen zwischen der Gesellschaft, der Natur und ihrer kommerziellen Nutzung pflegen.<\/p>\n\n    <h4>EcoVadis-Zertifikat &#8211; Was bedeutet es?<\/h4>\n    <p>Das EcoVadis-Zertifikat best\u00e4tigt, dass ein Unternehmen seine <strong>CSR- (Corporate Social Responsibility)<\/strong> und <strong>ESG-Praktiken (Environmental, Social, and Governance)<\/strong> effektiv verwaltet. Es bewertet die Leistung anhand internationaler Standards in Bereichen wie <strong>Arbeitsrechte, Umweltauswirkungen, Ethik, nachhaltige Beschaffung und Menschenrechte<\/strong> &#8211; in 200 Kategorien.<\/p>\n\n    <p>Ein globales Team von Experten aus verschiedenen Disziplinen, das \u00fcber die EcoVadis-Technologieplattform arbeitet, bewertet Unternehmen auf der Grundlage einer umfassenden Nachhaltigkeits-Scorecard.  <strong>Nur 25 % der Unternehmen weltweit, die diesen Bewertungsprozess durchlaufen, erhalten das Silber-Zertifikat &#8211; und wir sind stolz darauf, zu diesen Unternehmen zu geh\u00f6ren.<\/strong><\/p>\n\n    <p>Wir haben die Bewertung erfolgreich abgeschlossen und ein starkes Managementsystem im Einklang mit der EcoVadis-Methodik nachgewiesen. Bei der Zertifizierung werden die folgenden internationalen Standards ber\u00fccksichtigt:<\/p>\n    <ul>\n      <li>UN Global Compact Netzwerk<\/li>\n      <li>Global Reporting Initiative (GRI)<\/li>\n      <li>Konventionen der Internationalen Arbeitsorganisation (ILO)<\/li>\n      <li>ISO 26000-Norm<\/li>\n      <li>UN-Leitprinzipien f\u00fcr Wirtschaft und Menschenrechte<\/li>\n      <li>CERES-Fahrplan<\/li>\n    <\/ul>\n\n    <p><strong>Wir danken allen unseren Mitarbeitern und Partnern f\u00fcr ihren Beitrag zum Erreichen dieses Meilensteins.<\/strong><\/p>\n    <p>&nbsp;<\/p>\n    \n  <\/div>\n  \n\n  \n  <div class=\"wp-block-column is-layout-flow wp-block-column-is-layout-flow\" style=\"flex-basis:10%\"><\/div>\n  \n<\/div>\n<div class=\"wp-block-image\">\n<figure class=\"aligncenter size-full is-resized\"><img loading=\"lazy\" decoding=\"async\" width=\"720\" height=\"480\" src=\"https:\/\/antersystem.com\/wp-content\/uploads\/eco-vadis-111-eng-edited.jpg\" alt=\"EcoVadis Silber Nachhaltigkeitszertifikat 2023\" class=\"wp-image-3096\" style=\"aspect-ratio:1.5;object-fit:cover;width:504px;height:auto\" srcset=\"https:\/\/antersystem.com\/wp-content\/uploads\/eco-vadis-111-eng-edited.jpg 720w, https:\/\/antersystem.com\/wp-content\/uploads\/eco-vadis-111-eng-edited-300x200.jpg 300w, https:\/\/antersystem.com\/wp-content\/uploads\/eco-vadis-111-eng-edited-450x300.jpg 450w, https:\/\/antersystem.com\/wp-content\/uploads\/eco-vadis-111-eng-edited-330x220.jpg 330w\" sizes=\"auto, (max-width: 720px) 100vw, 720px\" \/><\/figure><\/div>","protected":false},"excerpt":{"rendered":"<p>Unternehmen sollten die Umwelt respektieren! Wir haben 2023 das EcoVadis Silber-Nachhaltigkeitszertifikat erhalten. Dies ist eine gro\u00dfe Ehre, die unsere Bem\u00fchungen um Umweltschutz und soziale Verantwortung kr\u00f6nt. Wenn wir diesen Ort weiterhin bewohnen wollen, m\u00fcssen wir klare und respektvolle Beziehungen zwischen der Gesellschaft, der Natur und ihrer kommerziellen Nutzung pflegen. EcoVadis-Zertifikat &#8211; Was bedeutet es? Das [&hellip;]<\/p>\n","protected":false},"author":1,"featured_media":0,"parent":30484,"menu_order":0,"comment_status":"closed","ping_status":"closed","template":"","meta":{"inline_featured_image":false,"ngg_post_thumbnail":0,"footnotes":""},"class_list":["post-15700","page","type-page","status-publish","hentry"],"acf":[],"yoast_head":"<!-- This site is optimized with the Yoast SEO plugin v27.0 - https:\/\/yoast.com\/product\/yoast-seo-wordpress\/ -->\n<title>EcoVadis Silber Nachhaltigkeitszertifikat - Anter System<\/title>\n<meta name=\"description\" content=\"Unternehmen sollten die Umwelt respektieren! Wir haben 2023 das EcoVadis Silber-Nachhaltigkeitszertifikat erhalten. Dies ist eine gro\u00dfe Ehre, die unsere\" \/>\n<meta name=\"robots\" content=\"index, follow, max-snippet:-1, max-image-preview:large, max-video-preview:-1\" \/>\n<link rel=\"canonical\" href=\"https:\/\/antersystem.com\/de\/nachrichten\/ecovadis-2023-anter-system\/\" \/>\n<meta property=\"og:locale\" content=\"de_DE\" \/>\n<meta property=\"og:type\" content=\"article\" \/>\n<meta property=\"og:title\" content=\"EcoVadis Silber Nachhaltigkeitszertifikat - Anter System\" \/>\n<meta property=\"og:description\" content=\"Unternehmen sollten die Umwelt respektieren! Wir haben 2023 das EcoVadis Silber-Nachhaltigkeitszertifikat erhalten. Dies ist eine gro\u00dfe Ehre, die unsere\" \/>\n<meta property=\"og:url\" content=\"https:\/\/antersystem.com\/de\/nachrichten\/ecovadis-2023-anter-system\/\" \/>\n<meta property=\"og:site_name\" content=\"Anter System\" \/>\n<meta property=\"article:modified_time\" content=\"2026-01-30T13:30:42+00:00\" \/>\n<meta property=\"og:image\" content=\"https:\/\/antersystem.com\/wp-content\/uploads\/eco-vadis-111-eng-edited.jpg\" \/>\n<meta name=\"twitter:card\" content=\"summary_large_image\" \/>\n<meta name=\"twitter:label1\" content=\"Gesch\u00e4tzte Lesezeit\" \/>\n\t<meta name=\"twitter:data1\" content=\"1\u00a0Minute\" \/>\n<script type=\"application\/ld+json\" class=\"yoast-schema-graph\">{\"@context\":\"https:\/\/schema.org\",\"@graph\":[{\"@type\":\"WebPage\",\"@id\":\"https:\/\/antersystem.com\/de\/nachrichten\/ecovadis-2023-anter-system\/\",\"url\":\"https:\/\/antersystem.com\/de\/nachrichten\/ecovadis-2023-anter-system\/\",\"name\":\"EcoVadis Silber Nachhaltigkeitszertifikat - Anter System\",\"isPartOf\":{\"@id\":\"https:\/\/antersystem.com\/de\/#website\"},\"primaryImageOfPage\":{\"@id\":\"https:\/\/antersystem.com\/de\/nachrichten\/ecovadis-2023-anter-system\/#primaryimage\"},\"image\":{\"@id\":\"https:\/\/antersystem.com\/de\/nachrichten\/ecovadis-2023-anter-system\/#primaryimage\"},\"thumbnailUrl\":\"https:\/\/antersystem.com\/wp-content\/uploads\/eco-vadis-111-eng-edited.jpg\",\"datePublished\":\"2023-10-20T09:06:59+00:00\",\"dateModified\":\"2026-01-30T13:30:42+00:00\",\"description\":\"Unternehmen sollten die Umwelt respektieren! Wir haben 2023 das EcoVadis Silber-Nachhaltigkeitszertifikat erhalten. Dies ist eine gro\u00dfe Ehre, die unsere\",\"breadcrumb\":{\"@id\":\"https:\/\/antersystem.com\/de\/nachrichten\/ecovadis-2023-anter-system\/#breadcrumb\"},\"inLanguage\":\"de\",\"potentialAction\":[{\"@type\":\"ReadAction\",\"target\":[\"https:\/\/antersystem.com\/de\/nachrichten\/ecovadis-2023-anter-system\/\"]}]},{\"@type\":\"ImageObject\",\"inLanguage\":\"de\",\"@id\":\"https:\/\/antersystem.com\/de\/nachrichten\/ecovadis-2023-anter-system\/#primaryimage\",\"url\":\"https:\/\/antersystem.com\/wp-content\/uploads\/eco-vadis-111-eng-edited.jpg\",\"contentUrl\":\"https:\/\/antersystem.com\/wp-content\/uploads\/eco-vadis-111-eng-edited.jpg\"},{\"@type\":\"BreadcrumbList\",\"@id\":\"https:\/\/antersystem.com\/de\/nachrichten\/ecovadis-2023-anter-system\/#breadcrumb\",\"itemListElement\":[{\"@type\":\"ListItem\",\"position\":1,\"name\":\"AnterSystem\",\"item\":\"https:\/\/antersystem.com\/de\/\"},{\"@type\":\"ListItem\",\"position\":2,\"name\":\"Nachrichten\",\"item\":\"https:\/\/antersystem.com\/de\/nachrichten\/\"},{\"@type\":\"ListItem\",\"position\":3,\"name\":\"EcoVadis Silber Nachhaltigkeitszertifikat\"}]},{\"@type\":\"WebSite\",\"@id\":\"https:\/\/antersystem.com\/de\/#website\",\"url\":\"https:\/\/antersystem.com\/de\/\",\"name\":\"Anter System\",\"description\":\"Jeste\u015bmy polskim producentem elastycznych barier ochronnych wykonywanych z polimerowych tworzyw sztucznych. Na rynku krajowym i zagranicznym dzia\u0142amy od ponad 15 lat dbaj\u0105c o zapewnienie bezpiecze\u0144stwa w zak\u0142adach produkcyjnych, magazynach oraz centrach logistycznych.\",\"potentialAction\":[{\"@type\":\"SearchAction\",\"target\":{\"@type\":\"EntryPoint\",\"urlTemplate\":\"https:\/\/antersystem.com\/de\/?s={search_term_string}\"},\"query-input\":{\"@type\":\"PropertyValueSpecification\",\"valueRequired\":true,\"valueName\":\"search_term_string\"}}],\"inLanguage\":\"de\"}]}<\/script>\n<!-- \/ Yoast SEO plugin. -->","yoast_head_json":{"title":"EcoVadis Silber Nachhaltigkeitszertifikat - Anter System","description":"Unternehmen sollten die Umwelt respektieren! Wir haben 2023 das EcoVadis Silber-Nachhaltigkeitszertifikat erhalten. Dies ist eine gro\u00dfe Ehre, die unsere","robots":{"index":"index","follow":"follow","max-snippet":"max-snippet:-1","max-image-preview":"max-image-preview:large","max-video-preview":"max-video-preview:-1"},"canonical":"https:\/\/antersystem.com\/de\/nachrichten\/ecovadis-2023-anter-system\/","og_locale":"de_DE","og_type":"article","og_title":"EcoVadis Silber Nachhaltigkeitszertifikat - Anter System","og_description":"Unternehmen sollten die Umwelt respektieren! Wir haben 2023 das EcoVadis Silber-Nachhaltigkeitszertifikat erhalten. Dies ist eine gro\u00dfe Ehre, die unsere","og_url":"https:\/\/antersystem.com\/de\/nachrichten\/ecovadis-2023-anter-system\/","og_site_name":"Anter System","article_modified_time":"2026-01-30T13:30:42+00:00","og_image":[{"url":"https:\/\/antersystem.com\/wp-content\/uploads\/eco-vadis-111-eng-edited.jpg","type":"","width":"","height":""}],"twitter_card":"summary_large_image","twitter_misc":{"Gesch\u00e4tzte Lesezeit":"1\u00a0Minute"},"schema":{"@context":"https:\/\/schema.org","@graph":[{"@type":"WebPage","@id":"https:\/\/antersystem.com\/de\/nachrichten\/ecovadis-2023-anter-system\/","url":"https:\/\/antersystem.com\/de\/nachrichten\/ecovadis-2023-anter-system\/","name":"EcoVadis Silber Nachhaltigkeitszertifikat - Anter System","isPartOf":{"@id":"https:\/\/antersystem.com\/de\/#website"},"primaryImageOfPage":{"@id":"https:\/\/antersystem.com\/de\/nachrichten\/ecovadis-2023-anter-system\/#primaryimage"},"image":{"@id":"https:\/\/antersystem.com\/de\/nachrichten\/ecovadis-2023-anter-system\/#primaryimage"},"thumbnailUrl":"https:\/\/antersystem.com\/wp-content\/uploads\/eco-vadis-111-eng-edited.jpg","datePublished":"2023-10-20T09:06:59+00:00","dateModified":"2026-01-30T13:30:42+00:00","description":"Unternehmen sollten die Umwelt respektieren! Wir haben 2023 das EcoVadis Silber-Nachhaltigkeitszertifikat erhalten. Dies ist eine gro\u00dfe Ehre, die unsere","breadcrumb":{"@id":"https:\/\/antersystem.com\/de\/nachrichten\/ecovadis-2023-anter-system\/#breadcrumb"},"inLanguage":"de","potentialAction":[{"@type":"ReadAction","target":["https:\/\/antersystem.com\/de\/nachrichten\/ecovadis-2023-anter-system\/"]}]},{"@type":"ImageObject","inLanguage":"de","@id":"https:\/\/antersystem.com\/de\/nachrichten\/ecovadis-2023-anter-system\/#primaryimage","url":"https:\/\/antersystem.com\/wp-content\/uploads\/eco-vadis-111-eng-edited.jpg","contentUrl":"https:\/\/antersystem.com\/wp-content\/uploads\/eco-vadis-111-eng-edited.jpg"},{"@type":"BreadcrumbList","@id":"https:\/\/antersystem.com\/de\/nachrichten\/ecovadis-2023-anter-system\/#breadcrumb","itemListElement":[{"@type":"ListItem","position":1,"name":"AnterSystem","item":"https:\/\/antersystem.com\/de\/"},{"@type":"ListItem","position":2,"name":"Nachrichten","item":"https:\/\/antersystem.com\/de\/nachrichten\/"},{"@type":"ListItem","position":3,"name":"EcoVadis Silber Nachhaltigkeitszertifikat"}]},{"@type":"WebSite","@id":"https:\/\/antersystem.com\/de\/#website","url":"https:\/\/antersystem.com\/de\/","name":"Anter System","description":"Jeste\u015bmy polskim producentem elastycznych barier ochronnych wykonywanych z polimerowych tworzyw sztucznych. Na rynku krajowym i zagranicznym dzia\u0142amy od ponad 15 lat dbaj\u0105c o zapewnienie bezpiecze\u0144stwa w zak\u0142adach produkcyjnych, magazynach oraz centrach logistycznych.","potentialAction":[{"@type":"SearchAction","target":{"@type":"EntryPoint","urlTemplate":"https:\/\/antersystem.com\/de\/?s={search_term_string}"},"query-input":{"@type":"PropertyValueSpecification","valueRequired":true,"valueName":"search_term_string"}}],"inLanguage":"de"}]}},"_links":{"self":[{"href":"https:\/\/antersystem.com\/de\/wp-json\/wp\/v2\/pages\/15700","targetHints":{"allow":["GET"]}}],"collection":[{"href":"https:\/\/antersystem.com\/de\/wp-json\/wp\/v2\/pages"}],"about":[{"href":"https:\/\/antersystem.com\/de\/wp-json\/wp\/v2\/types\/page"}],"author":[{"embeddable":true,"href":"https:\/\/antersystem.com\/de\/wp-json\/wp\/v2\/users\/1"}],"replies":[{"embeddable":true,"href":"https:\/\/antersystem.com\/de\/wp-json\/wp\/v2\/comments?post=15700"}],"version-history":[{"count":1,"href":"https:\/\/antersystem.com\/de\/wp-json\/wp\/v2\/pages\/15700\/revisions"}],"predecessor-version":[{"id":15703,"href":"https:\/\/antersystem.com\/de\/wp-json\/wp\/v2\/pages\/15700\/revisions\/15703"}],"up":[{"embeddable":true,"href":"https:\/\/antersystem.com\/de\/wp-json\/wp\/v2\/pages\/30484"}],"wp:attachment":[{"href":"https:\/\/antersystem.com\/de\/wp-json\/wp\/v2\/media?parent=15700"}],"curies":[{"name":"wp","href":"https:\/\/api.w.org\/{rel}","templated":true}]}}