{"id":15740,"date":"2024-05-28T10:54:04","date_gmt":"2024-05-28T08:54:04","guid":{"rendered":"https:\/\/new.antersystem.com\/modernlog24\/"},"modified":"2026-01-30T14:30:42","modified_gmt":"2026-01-30T13:30:42","slug":"modernlog24","status":"publish","type":"page","link":"https:\/\/antersystem.com\/de\/nachrichten\/modernlog24\/","title":{"rendered":"MODERNLOG&#8217;24"},"content":{"rendered":"\n<div class=\"wp-block-columns is-layout-flex wp-container-core-columns-is-layout-9d6595d7 wp-block-columns-is-layout-flex\">\n<div class=\"wp-block-column is-layout-flow wp-block-column-is-layout-flow\" style=\"flex-basis:10%\"><\/div>\n\n\n\n<div class=\"wp-block-column is-layout-flow wp-block-column-is-layout-flow\">\n<h2 class=\"wp-block-heading\">Anter System &#8211; Technologiepartner von IN4LOG<\/h2>\n\n\n\n<h2 class=\"wp-block-heading\"><br\/>Die Fachmesse MODERNLOG findet vom 4. bis 7. Juni 2024 auf dem internationalen Messegel\u00e4nde in Pozna\u0144 in den Hallen 7, 7A, 8 und 8A statt.<\/h2>\n\n\n\n<p>Anfang Juni verspricht eine spannende Zeit auf dem internationalen Messegel\u00e4nde in Pozna\u0144 zu werden. <strong>Modernlog<\/strong> und die <strong>Smart Warehouse Conference<\/strong> finden parallel zur <strong>ITM Industry Europe<\/strong> statt &#8211; einer gro\u00dfen Messe, auf der die Errungenschaften der polnischen und globalen Industrie pr\u00e4sentiert werden. Zu den begleitenden Veranstaltungen geh\u00f6rt auch die <strong>Subcontracting Industrial Cooperation Fair<\/strong>. <a href=\"https:\/\/modernlog.pl\/pl\/aktualnosci\/wieksze-potrzeby-wieksza-powierzchnia-targi-modernlog-i-konferencja-smart-warehouse-z-nowa-lokalizacja\/\">Weitere Informationen finden Sie auf der Website des Veranstalters.<\/a> Besucher, die ihre Teilnahme planen, sollten ihre Route sorgf\u00e4ltig planen!<\/p>\n\n\n\n<p>Und nun zur\u00fcck zu Modernlog. Eine Hauptattraktion der <strong>Fachmesse f\u00fcr Logistik, Lagerhaltung und Transport<\/strong> sind die Live-Maschinenvorf\u00fchrungen in der <strong>In4Log-Zone<\/strong>, die in Zusammenarbeit mit Technologiepartnern organisiert werden. <strong>Hier finden Sie auch uns &#8211; wir stellen unsere flexiblen Sicherheitsbarrieren vor.<\/strong> Als Technologiepartner der Zone und der Konferenz wird <strong>Anter System<\/strong> Sicherheitssysteme f\u00fcr den In4Log-Bereich zur Verf\u00fcgung stellen. Viele der Schutzl\u00f6sungen, die wir hier laufend beschreiben, k\u00f6nnen Sie vor Ort in Augenschein nehmen.<\/p>\n\n\n\n<h3 class=\"wp-block-heading\">Optimierung in Aktion<\/h3>\n\n\n\n<p><strong>In4Log<\/strong> ist eine Live-Pr\u00e4sentation von Intralogistikprozessen, die kritische Vorg\u00e4nge aus Lager- und Logistikumgebungen nachstellt. Es ist der perfekte Ort, um Ihre aktuelle Ausr\u00fcstung aus einer neuen Perspektive zu betrachten und durch eine bessere Ressourcennutzung eine h\u00f6here Produktivit\u00e4t zu erreichen. Gute Praktiken und unterst\u00fctzende Produkte k\u00f6nnen zu einem kreativeren Ansatz in der Logistik anregen. Die Demonstrationen finden an jedem Tag der Veranstaltung statt.<\/p>\n\n\n\n<h3 class=\"wp-block-heading\">Zukunftstechnologien in der Logistik<\/h3>\n\n\n\n<p>Der diesj\u00e4hrige Modernlog ist vollgepackt mit Wissen. Besucher sind eingeladen, an der <strong>Smart Warehouse Conference<\/strong> teilzunehmen, auf der praktische Fallstudien, Einblicke in die <strong>Logistik 4.0<\/strong> und moderne L\u00f6sungen f\u00fcr die Lagerh\u00e4user der Zukunft vorgestellt werden. Das Programm umfasst thematische Panels wie:<\/p>\n\n\n\n<ul>\n<li>Manager, die sich den Herausforderungen der Logistik der Zukunft stellen<\/li>\n<li>Digitalisierung und IoT &#8211; Unterst\u00fctzung bei Lagerprozessen<\/li>\n<li>Intelligente Lagerh\u00e4user &#8211; Automatisierung und Transformation<\/li>\n<li>Roboter und zuk\u00fcnftige Technologien<\/li>\n<li>E-Commerce-Fulfillment &#8211; Wachsende Bed\u00fcrfnisse, neue Herausforderungen<\/li>\n<\/ul>\n\n\n\n<p>Ein besonders interessantes Highlight f\u00fcr alle, die sich f\u00fcr die Auswirkungen von KI auf den Arbeitsplatz interessieren, ist der Vortrag: <em>&#8222;Zwischen Sinn und Unsinn &#8211; Wie die technologische Entwicklung unsere Arbeitserfahrung ver\u00e4ndern wird&#8220;<\/em> (Tag 1, Sprecher: Bart\u0142omiej Brach).<\/p>\n\n\n\n<p>Unsere <strong>flexiblen Barrieren<\/strong> sind eine direkte Antwort auf die Herausforderungen einer sich schnell entwickelnden, technologiegetriebenen Welt. Sie erm\u00f6glichen eine dynamische Anpassung an sich \u00e4ndernde Betriebsbedingungen und bieten sowohl Kontrolle als auch Schutz, w\u00e4hrend die Vorteile der Automatisierung voll zum Tragen kommen.<\/p>\n\n\n\n<p>Wir laden Sie ein, die Vorteile flexibler Barrieren zu entdecken &#8211; Produkte mit vielen innovativen Eigenschaften, die es noch zu entdecken gilt. Wir werden auch <strong>die preisgekr\u00f6nten Innovationen von Anter System<\/strong> vorstellen, die bei wichtigen Branchenwettbewerben ausgezeichnet wurden. <strong>Freuen Sie sich auf fachkundige Beratung und ein ansprechendes, praktisches Erlebnis.<\/strong> Und f\u00fcr diejenigen, die sehen wollen, was sie erwartet &#8211; hier ist unser <strong><a href=\"https:\/\/antersystem.com\/wiedza-i-nowosci\/modernlog-targi-logistyki-magazynowania-i-transportu\/\">Zusammenfassung der letzten Ausgabe.<\/a><\/strong><\/p>\n\n\n\n<p>Bis bald auf der <strong>Modernlog 2024!<\/strong> Entdecken Sie, wie die L\u00f6sungen von Anter System Ihr Unternehmen ver\u00e4ndern k\u00f6nnen: <strong>Pavillon 7A, Stand 44.<\/strong><\/p>\n\n\n\n<p>Link zur Veranstaltung: <strong><a href=\"https:\/\/modernlog.pl\/pl\/\">MODERNLOG<\/a><\/strong><\/p>\n\n\n\n<p><strong>#MODERNLOG #Messe #Sicherheit #OHS #flexibleBarrieren<\/strong><\/p>\n<\/div>\n\n\n\n<div class=\"wp-block-column is-layout-flow wp-block-column-is-layout-flow\" style=\"flex-basis:10%\"><\/div>\n<\/div>\n<div class=\"wp-block-image\">\n<figure class=\"aligncenter size-large is-resized\"><img loading=\"lazy\" decoding=\"async\" width=\"1024\" height=\"535\" src=\"https:\/\/antersystem.com\/wp-content\/uploads\/ZAJAWKA-MODERNLOG-1024x535.webp\" alt=\"Anter System auf dem Modernlog 2024\" class=\"wp-image-4733\" style=\"width:720px;height:auto\" srcset=\"https:\/\/antersystem.com\/wp-content\/uploads\/ZAJAWKA-MODERNLOG-1024x535.webp 1024w, https:\/\/antersystem.com\/wp-content\/uploads\/ZAJAWKA-MODERNLOG-300x157.webp 300w, https:\/\/antersystem.com\/wp-content\/uploads\/ZAJAWKA-MODERNLOG-768x401.webp 768w, https:\/\/antersystem.com\/wp-content\/uploads\/ZAJAWKA-MODERNLOG-450x235.webp 450w, https:\/\/antersystem.com\/wp-content\/uploads\/ZAJAWKA-MODERNLOG-330x172.webp 330w, https:\/\/antersystem.com\/wp-content\/uploads\/ZAJAWKA-MODERNLOG.webp 1200w\" sizes=\"auto, (max-width: 1024px) 100vw, 1024px\" \/><\/figure><\/div>","protected":false},"excerpt":{"rendered":"<p>Anter System &#8211; Technologiepartner von IN4LOG Die Fachmesse MODERNLOG findet vom 4. bis 7. Juni 2024 auf dem internationalen Messegel\u00e4nde in Pozna\u0144 in den Hallen 7, 7A, 8 und 8A statt. Anfang Juni verspricht eine spannende Zeit auf dem internationalen Messegel\u00e4nde in Pozna\u0144 zu werden. Modernlog und die Smart Warehouse Conference finden parallel zur ITM [&hellip;]<\/p>\n","protected":false},"author":1,"featured_media":0,"parent":30484,"menu_order":0,"comment_status":"closed","ping_status":"closed","template":"","meta":{"inline_featured_image":false,"ngg_post_thumbnail":0,"footnotes":""},"class_list":["post-15740","page","type-page","status-publish","hentry"],"acf":[],"yoast_head":"<!-- This site is optimized with the Yoast SEO plugin v27.0 - https:\/\/yoast.com\/product\/yoast-seo-wordpress\/ -->\n<title>MODERNLOG&#039;24 - Anter System<\/title>\n<meta name=\"description\" content=\"Targi MODERNLOG potrwaj\u0105 od 4 do 7 czerwca&#039;24 na terenie Mi\u0119dzynarodowych Targ\u00f3w Pozna\u0144skich. Anter System unterst\u00fctzt Sie bei der Arbeit mit In4Log.\" \/>\n<meta name=\"robots\" content=\"index, follow, max-snippet:-1, max-image-preview:large, max-video-preview:-1\" \/>\n<link rel=\"canonical\" href=\"https:\/\/antersystem.com\/de\/nachrichten\/modernlog24\/\" \/>\n<meta property=\"og:locale\" content=\"de_DE\" \/>\n<meta property=\"og:type\" content=\"article\" \/>\n<meta property=\"og:title\" content=\"MODERNLOG&#039;24 - Anter System\" \/>\n<meta property=\"og:description\" content=\"Targi MODERNLOG potrwaj\u0105 od 4 do 7 czerwca&#039;24 na terenie Mi\u0119dzynarodowych Targ\u00f3w Pozna\u0144skich. Anter System unterst\u00fctzt Sie bei der Arbeit mit In4Log.\" \/>\n<meta property=\"og:url\" content=\"https:\/\/antersystem.com\/de\/nachrichten\/modernlog24\/\" \/>\n<meta property=\"og:site_name\" content=\"Anter System\" \/>\n<meta property=\"article:modified_time\" content=\"2026-01-30T13:30:42+00:00\" \/>\n<meta property=\"og:image\" content=\"https:\/\/antersystem.com\/wp-content\/uploads\/ZAJAWKA-MODERNLOG-1024x535.webp\" \/>\n<meta name=\"twitter:card\" content=\"summary_large_image\" \/>\n<meta name=\"twitter:label1\" content=\"Gesch\u00e4tzte Lesezeit\" \/>\n\t<meta name=\"twitter:data1\" content=\"3\u00a0Minuten\" \/>\n<script type=\"application\/ld+json\" class=\"yoast-schema-graph\">{\"@context\":\"https:\/\/schema.org\",\"@graph\":[{\"@type\":\"WebPage\",\"@id\":\"https:\/\/antersystem.com\/de\/nachrichten\/modernlog24\/\",\"url\":\"https:\/\/antersystem.com\/de\/nachrichten\/modernlog24\/\",\"name\":\"MODERNLOG'24 - Anter System\",\"isPartOf\":{\"@id\":\"https:\/\/antersystem.com\/de\/#website\"},\"primaryImageOfPage\":{\"@id\":\"https:\/\/antersystem.com\/de\/nachrichten\/modernlog24\/#primaryimage\"},\"image\":{\"@id\":\"https:\/\/antersystem.com\/de\/nachrichten\/modernlog24\/#primaryimage\"},\"thumbnailUrl\":\"https:\/\/antersystem.com\/wp-content\/uploads\/ZAJAWKA-MODERNLOG-1024x535.webp\",\"datePublished\":\"2024-05-28T08:54:04+00:00\",\"dateModified\":\"2026-01-30T13:30:42+00:00\",\"description\":\"Targi MODERNLOG potrwaj\u0105 od 4 do 7 czerwca'24 na terenie Mi\u0119dzynarodowych Targ\u00f3w Pozna\u0144skich. Anter System unterst\u00fctzt Sie bei der Arbeit mit In4Log.\",\"breadcrumb\":{\"@id\":\"https:\/\/antersystem.com\/de\/nachrichten\/modernlog24\/#breadcrumb\"},\"inLanguage\":\"de\",\"potentialAction\":[{\"@type\":\"ReadAction\",\"target\":[\"https:\/\/antersystem.com\/de\/nachrichten\/modernlog24\/\"]}]},{\"@type\":\"ImageObject\",\"inLanguage\":\"de\",\"@id\":\"https:\/\/antersystem.com\/de\/nachrichten\/modernlog24\/#primaryimage\",\"url\":\"https:\/\/antersystem.com\/wp-content\/uploads\/ZAJAWKA-MODERNLOG-1024x535.webp\",\"contentUrl\":\"https:\/\/antersystem.com\/wp-content\/uploads\/ZAJAWKA-MODERNLOG-1024x535.webp\"},{\"@type\":\"BreadcrumbList\",\"@id\":\"https:\/\/antersystem.com\/de\/nachrichten\/modernlog24\/#breadcrumb\",\"itemListElement\":[{\"@type\":\"ListItem\",\"position\":1,\"name\":\"AnterSystem\",\"item\":\"https:\/\/antersystem.com\/de\/\"},{\"@type\":\"ListItem\",\"position\":2,\"name\":\"Nachrichten\",\"item\":\"https:\/\/antersystem.com\/de\/nachrichten\/\"},{\"@type\":\"ListItem\",\"position\":3,\"name\":\"MODERNLOG&#8217;24\"}]},{\"@type\":\"WebSite\",\"@id\":\"https:\/\/antersystem.com\/de\/#website\",\"url\":\"https:\/\/antersystem.com\/de\/\",\"name\":\"Anter System\",\"description\":\"Jeste\u015bmy polskim producentem elastycznych barier ochronnych wykonywanych z polimerowych tworzyw sztucznych. Na rynku krajowym i zagranicznym dzia\u0142amy od ponad 15 lat dbaj\u0105c o zapewnienie bezpiecze\u0144stwa w zak\u0142adach produkcyjnych, magazynach oraz centrach logistycznych.\",\"potentialAction\":[{\"@type\":\"SearchAction\",\"target\":{\"@type\":\"EntryPoint\",\"urlTemplate\":\"https:\/\/antersystem.com\/de\/?s={search_term_string}\"},\"query-input\":{\"@type\":\"PropertyValueSpecification\",\"valueRequired\":true,\"valueName\":\"search_term_string\"}}],\"inLanguage\":\"de\"}]}<\/script>\n<!-- \/ Yoast SEO plugin. -->","yoast_head_json":{"title":"MODERNLOG'24 - Anter System","description":"Targi MODERNLOG potrwaj\u0105 od 4 do 7 czerwca'24 na terenie Mi\u0119dzynarodowych Targ\u00f3w Pozna\u0144skich. Anter System unterst\u00fctzt Sie bei der Arbeit mit In4Log.","robots":{"index":"index","follow":"follow","max-snippet":"max-snippet:-1","max-image-preview":"max-image-preview:large","max-video-preview":"max-video-preview:-1"},"canonical":"https:\/\/antersystem.com\/de\/nachrichten\/modernlog24\/","og_locale":"de_DE","og_type":"article","og_title":"MODERNLOG'24 - Anter System","og_description":"Targi MODERNLOG potrwaj\u0105 od 4 do 7 czerwca'24 na terenie Mi\u0119dzynarodowych Targ\u00f3w Pozna\u0144skich. Anter System unterst\u00fctzt Sie bei der Arbeit mit In4Log.","og_url":"https:\/\/antersystem.com\/de\/nachrichten\/modernlog24\/","og_site_name":"Anter System","article_modified_time":"2026-01-30T13:30:42+00:00","og_image":[{"url":"https:\/\/antersystem.com\/wp-content\/uploads\/ZAJAWKA-MODERNLOG-1024x535.webp","type":"","width":"","height":""}],"twitter_card":"summary_large_image","twitter_misc":{"Gesch\u00e4tzte Lesezeit":"3\u00a0Minuten"},"schema":{"@context":"https:\/\/schema.org","@graph":[{"@type":"WebPage","@id":"https:\/\/antersystem.com\/de\/nachrichten\/modernlog24\/","url":"https:\/\/antersystem.com\/de\/nachrichten\/modernlog24\/","name":"MODERNLOG'24 - Anter System","isPartOf":{"@id":"https:\/\/antersystem.com\/de\/#website"},"primaryImageOfPage":{"@id":"https:\/\/antersystem.com\/de\/nachrichten\/modernlog24\/#primaryimage"},"image":{"@id":"https:\/\/antersystem.com\/de\/nachrichten\/modernlog24\/#primaryimage"},"thumbnailUrl":"https:\/\/antersystem.com\/wp-content\/uploads\/ZAJAWKA-MODERNLOG-1024x535.webp","datePublished":"2024-05-28T08:54:04+00:00","dateModified":"2026-01-30T13:30:42+00:00","description":"Targi MODERNLOG potrwaj\u0105 od 4 do 7 czerwca'24 na terenie Mi\u0119dzynarodowych Targ\u00f3w Pozna\u0144skich. Anter System unterst\u00fctzt Sie bei der Arbeit mit In4Log.","breadcrumb":{"@id":"https:\/\/antersystem.com\/de\/nachrichten\/modernlog24\/#breadcrumb"},"inLanguage":"de","potentialAction":[{"@type":"ReadAction","target":["https:\/\/antersystem.com\/de\/nachrichten\/modernlog24\/"]}]},{"@type":"ImageObject","inLanguage":"de","@id":"https:\/\/antersystem.com\/de\/nachrichten\/modernlog24\/#primaryimage","url":"https:\/\/antersystem.com\/wp-content\/uploads\/ZAJAWKA-MODERNLOG-1024x535.webp","contentUrl":"https:\/\/antersystem.com\/wp-content\/uploads\/ZAJAWKA-MODERNLOG-1024x535.webp"},{"@type":"BreadcrumbList","@id":"https:\/\/antersystem.com\/de\/nachrichten\/modernlog24\/#breadcrumb","itemListElement":[{"@type":"ListItem","position":1,"name":"AnterSystem","item":"https:\/\/antersystem.com\/de\/"},{"@type":"ListItem","position":2,"name":"Nachrichten","item":"https:\/\/antersystem.com\/de\/nachrichten\/"},{"@type":"ListItem","position":3,"name":"MODERNLOG&#8217;24"}]},{"@type":"WebSite","@id":"https:\/\/antersystem.com\/de\/#website","url":"https:\/\/antersystem.com\/de\/","name":"Anter System","description":"Jeste\u015bmy polskim producentem elastycznych barier ochronnych wykonywanych z polimerowych tworzyw sztucznych. Na rynku krajowym i zagranicznym dzia\u0142amy od ponad 15 lat dbaj\u0105c o zapewnienie bezpiecze\u0144stwa w zak\u0142adach produkcyjnych, magazynach oraz centrach logistycznych.","potentialAction":[{"@type":"SearchAction","target":{"@type":"EntryPoint","urlTemplate":"https:\/\/antersystem.com\/de\/?s={search_term_string}"},"query-input":{"@type":"PropertyValueSpecification","valueRequired":true,"valueName":"search_term_string"}}],"inLanguage":"de"}]}},"_links":{"self":[{"href":"https:\/\/antersystem.com\/de\/wp-json\/wp\/v2\/pages\/15740","targetHints":{"allow":["GET"]}}],"collection":[{"href":"https:\/\/antersystem.com\/de\/wp-json\/wp\/v2\/pages"}],"about":[{"href":"https:\/\/antersystem.com\/de\/wp-json\/wp\/v2\/types\/page"}],"author":[{"embeddable":true,"href":"https:\/\/antersystem.com\/de\/wp-json\/wp\/v2\/users\/1"}],"replies":[{"embeddable":true,"href":"https:\/\/antersystem.com\/de\/wp-json\/wp\/v2\/comments?post=15740"}],"version-history":[{"count":1,"href":"https:\/\/antersystem.com\/de\/wp-json\/wp\/v2\/pages\/15740\/revisions"}],"predecessor-version":[{"id":15743,"href":"https:\/\/antersystem.com\/de\/wp-json\/wp\/v2\/pages\/15740\/revisions\/15743"}],"up":[{"embeddable":true,"href":"https:\/\/antersystem.com\/de\/wp-json\/wp\/v2\/pages\/30484"}],"wp:attachment":[{"href":"https:\/\/antersystem.com\/de\/wp-json\/wp\/v2\/media?parent=15740"}],"curies":[{"name":"wp","href":"https:\/\/api.w.org\/{rel}","templated":true}]}}