{"id":30602,"date":"2024-02-15T10:41:35","date_gmt":"2024-02-15T09:41:35","guid":{"rendered":"https:\/\/new.antersystem.com\/nachrichten\/logimat-2024\/"},"modified":"2026-01-30T14:34:44","modified_gmt":"2026-01-30T13:34:44","slug":"logimat-2024","status":"publish","type":"page","link":"https:\/\/antersystem.com\/de\/nachrichten\/logimat-2024\/","title":{"rendered":"LogiMAT 2024"},"content":{"rendered":"\n<div class=\"wp-block-columns is-layout-flex wp-container-core-columns-is-layout-9d6595d7 wp-block-columns-is-layout-flex\">\n  \n  <div class=\"wp-block-column is-layout-flow wp-block-column-is-layout-flow\" style=\"flex-basis:10%\"><\/div>\n  \n\n  \n  <div class=\"wp-block-column is-layout-flow wp-block-column-is-layout-flow\">\n    \n    <h3 class=\"wp-block-heading\">Einladung zur LogiMAT!<\/h3>\n    \n\n    \n    <p>In nur einem Monat beginnt die internationale <strong>Fachmesse LogiMAT<\/strong> in Stuttgart. Vom <strong>19. bis 21. M\u00e4rz<\/strong> stellen wir unsere Systeme vor, die die Sicherheit in Lagerh\u00e4usern und Logistikzentren erh\u00f6hen. Die Veranstaltung l\u00e4dt Sie dazu ein, neue Branchentrends und hochmoderne Produkte zu entdecken. Das Hauptthema der diesj\u00e4hrigen Wirtschaftsplattform: <strong>DEN WANDEL GEMEINSAM GESTALTEN<\/strong>.<\/p>\n    \n\n    \n    <h4 class=\"wp-block-heading\"><strong>Was erwartet Sie auf der LogiMAT 2024?<\/strong><\/h4>\n    \n\n    \n    <p>Neben den Welt- und Europapremieren werden die Fachbesucher der <strong>LogiMAT 2024<\/strong> ein breites Spektrum an neuen und verbesserten L\u00f6sungen zur Optimierung der intralogistischen Arbeitsabl\u00e4ufe entdecken. Das zentrale Thema in diesem Jahr ist die <strong>Lagermobilit\u00e4t<\/strong>, die von verschiedenen Ausstellern vorgestellt wird &#8211; von Maschinen- und Anlagenherstellern \u00fcber Entwickler von autonomen mobilen Robotern (AMR) bis hin zu Herstellern von Flurf\u00f6rderzeugen und Unternehmen wie uns, die <a href=\"https:\/\/antersystem.com\/produkty\/\">mobile und flexible Sicherheitsbarrieren<\/a> herstellen.<\/p>\n    \n\n    \n    <p>Tickets f\u00fcr die Veranstaltung k\u00f6nnen Sie hier reservieren: <a href=\"https:\/\/www.logimat-messe.de\/en\"><strong>logimat-messe.de\/de<\/strong><\/a><\/p>\n    \n\n    \n    <p><em>&#8222;Mit dem gesamten Spektrum an Innovationen, die die Aussteller nach Stuttgart bringen, spiegelt die LogiMAT 2024 die aktuellen Trends wider, die die gesamte Intralogistikbranche pr\u00e4gen&#8220;,<\/em> fasst Messeleiter <strong>Michael Ruchty<\/strong> zusammen. <em>&#8222;Die LogiMAT bietet Fachleuten die M\u00f6glichkeit, innovative L\u00f6sungen zu entdecken, die die Branche in den kommenden Jahren bestimmen werden.&#8220;<\/em><\/p>\n    \n\n    \n    <h4 class=\"wp-block-heading\"><strong>Wissen teilen<\/strong><\/h4>\n    \n\n    \n    <p>Wir bieten Expertenl\u00f6sungen zur St\u00e4rkung der Sicherheit am Arbeitsplatz in Ihrem Unternehmen. Wenn Sie daran interessiert sind, sich mit uns in Verbindung zu setzen, treffen wir uns gerne mit Ihnen und besprechen die einzelnen Optionen im Detail. Besuchen Sie uns in <strong>Halle 9, Stand 9A17<\/strong>. Wir bieten auch weiterhin ein <strong>kostenloses Sicherheitsaudit vor Ort<\/strong> an, das darauf abzielt, die Stabilit\u00e4t und Zuverl\u00e4ssigkeit von Arbeitsbereichen zu verbessern &#8211; um Ihr Audit zu planen, rufen Sie uns an unter <a href=\"tel:+48%20606%20116%20171\"><strong>+48 606 116 171<\/strong><\/a>.<\/p>\n    \n\n    \n    <hr class=\"wp-block-separator has-text-color has-white-color has-alpha-channel-opacity has-white-background-color has-background is-style-default\"\/>\n    \n  <\/div>\n  \n\n  \n  <div class=\"wp-block-column is-layout-flow wp-block-column-is-layout-flow\" style=\"flex-basis:10%\"><\/div>\n  \n<\/div>\n<div class=\"wp-block-image\">\n<figure class=\"aligncenter size-large is-resized\"><img loading=\"lazy\" decoding=\"async\" width=\"1024\" height=\"535\" src=\"https:\/\/antersystem.com\/wp-content\/uploads\/Logimat2024-Anter-System-invitation-2-1024x535.jpg\" alt=\"Anter System auf der LogiMAT 2024 Einladung\" class=\"wp-image-4227\" style=\"width:720px;height:auto\" srcset=\"https:\/\/antersystem.com\/wp-content\/uploads\/Logimat2024-Anter-System-invitation-2-1024x535.jpg 1024w, https:\/\/antersystem.com\/wp-content\/uploads\/Logimat2024-Anter-System-invitation-2-300x157.jpg 300w, https:\/\/antersystem.com\/wp-content\/uploads\/Logimat2024-Anter-System-invitation-2-768x401.jpg 768w, https:\/\/antersystem.com\/wp-content\/uploads\/Logimat2024-Anter-System-invitation-2-450x235.jpg 450w, https:\/\/antersystem.com\/wp-content\/uploads\/Logimat2024-Anter-System-invitation-2-330x172.jpg 330w, https:\/\/antersystem.com\/wp-content\/uploads\/Logimat2024-Anter-System-invitation-2.jpg 1200w\" sizes=\"auto, (max-width: 1024px) 100vw, 1024px\" \/><\/figure><\/div>","protected":false},"excerpt":{"rendered":"<p>Einladung zur LogiMAT! In nur einem Monat beginnt die internationale Fachmesse LogiMAT in Stuttgart. Vom 19. bis 21. M\u00e4rz stellen wir unsere Systeme vor, die die Sicherheit in Lagerh\u00e4usern und Logistikzentren erh\u00f6hen. Die Veranstaltung l\u00e4dt Sie dazu ein, neue Branchentrends und hochmoderne Produkte zu entdecken. Das Hauptthema der diesj\u00e4hrigen Wirtschaftsplattform: DEN WANDEL GEMEINSAM GESTALTEN. Was [&hellip;]<\/p>\n","protected":false},"author":1,"featured_media":0,"parent":30484,"menu_order":0,"comment_status":"closed","ping_status":"closed","template":"","meta":{"inline_featured_image":false,"ngg_post_thumbnail":0,"footnotes":""},"class_list":["post-30602","page","type-page","status-publish","hentry"],"acf":[],"yoast_head":"<!-- This site is optimized with the Yoast SEO plugin v27.0 - https:\/\/yoast.com\/product\/yoast-seo-wordpress\/ -->\n<title>LogiMAT 2024 - Anter System<\/title>\n<meta name=\"description\" content=\"Sie haben die M\u00f6glichkeit, Targi Logimat in Stuttgarcie zu besuchen. W dniach 19-21.03 b\u0119dziemy prezentowa\u0107 tam nasze systemy.\" \/>\n<meta name=\"robots\" content=\"index, follow, max-snippet:-1, max-image-preview:large, max-video-preview:-1\" \/>\n<link rel=\"canonical\" href=\"https:\/\/antersystem.com\/de\/nachrichten\/logimat-2024\/\" \/>\n<meta property=\"og:locale\" content=\"de_DE\" \/>\n<meta property=\"og:type\" content=\"article\" \/>\n<meta property=\"og:title\" content=\"LogiMAT 2024 - Anter System\" \/>\n<meta property=\"og:description\" content=\"Sie haben die M\u00f6glichkeit, Targi Logimat in Stuttgarcie zu besuchen. W dniach 19-21.03 b\u0119dziemy prezentowa\u0107 tam nasze systemy.\" \/>\n<meta property=\"og:url\" content=\"https:\/\/antersystem.com\/de\/nachrichten\/logimat-2024\/\" \/>\n<meta property=\"og:site_name\" content=\"Anter System\" \/>\n<meta property=\"article:modified_time\" content=\"2026-01-30T13:34:44+00:00\" \/>\n<meta property=\"og:image\" content=\"https:\/\/antersystem.com\/wp-content\/uploads\/Logimat2024-Anter-System-invitation-2-1024x535.jpg\" \/>\n<meta name=\"twitter:card\" content=\"summary_large_image\" \/>\n<meta name=\"twitter:label1\" content=\"Gesch\u00e4tzte Lesezeit\" \/>\n\t<meta name=\"twitter:data1\" content=\"1\u00a0Minute\" \/>\n<script type=\"application\/ld+json\" class=\"yoast-schema-graph\">{\"@context\":\"https:\/\/schema.org\",\"@graph\":[{\"@type\":\"WebPage\",\"@id\":\"https:\/\/antersystem.com\/de\/nachrichten\/logimat-2024\/\",\"url\":\"https:\/\/antersystem.com\/de\/nachrichten\/logimat-2024\/\",\"name\":\"LogiMAT 2024 - Anter System\",\"isPartOf\":{\"@id\":\"https:\/\/antersystem.com\/de\/#website\"},\"primaryImageOfPage\":{\"@id\":\"https:\/\/antersystem.com\/de\/nachrichten\/logimat-2024\/#primaryimage\"},\"image\":{\"@id\":\"https:\/\/antersystem.com\/de\/nachrichten\/logimat-2024\/#primaryimage\"},\"thumbnailUrl\":\"https:\/\/antersystem.com\/wp-content\/uploads\/Logimat2024-Anter-System-invitation-2-1024x535.jpg\",\"datePublished\":\"2024-02-15T09:41:35+00:00\",\"dateModified\":\"2026-01-30T13:34:44+00:00\",\"description\":\"Sie haben die M\u00f6glichkeit, Targi Logimat in Stuttgarcie zu besuchen. W dniach 19-21.03 b\u0119dziemy prezentowa\u0107 tam nasze systemy.\",\"breadcrumb\":{\"@id\":\"https:\/\/antersystem.com\/de\/nachrichten\/logimat-2024\/#breadcrumb\"},\"inLanguage\":\"de\",\"potentialAction\":[{\"@type\":\"ReadAction\",\"target\":[\"https:\/\/antersystem.com\/de\/nachrichten\/logimat-2024\/\"]}]},{\"@type\":\"ImageObject\",\"inLanguage\":\"de\",\"@id\":\"https:\/\/antersystem.com\/de\/nachrichten\/logimat-2024\/#primaryimage\",\"url\":\"https:\/\/antersystem.com\/wp-content\/uploads\/Logimat2024-Anter-System-invitation-2-1024x535.jpg\",\"contentUrl\":\"https:\/\/antersystem.com\/wp-content\/uploads\/Logimat2024-Anter-System-invitation-2-1024x535.jpg\"},{\"@type\":\"BreadcrumbList\",\"@id\":\"https:\/\/antersystem.com\/de\/nachrichten\/logimat-2024\/#breadcrumb\",\"itemListElement\":[{\"@type\":\"ListItem\",\"position\":1,\"name\":\"AnterSystem\",\"item\":\"https:\/\/antersystem.com\/de\/\"},{\"@type\":\"ListItem\",\"position\":2,\"name\":\"Nachrichten\",\"item\":\"https:\/\/antersystem.com\/de\/nachrichten\/\"},{\"@type\":\"ListItem\",\"position\":3,\"name\":\"LogiMAT 2024\"}]},{\"@type\":\"WebSite\",\"@id\":\"https:\/\/antersystem.com\/de\/#website\",\"url\":\"https:\/\/antersystem.com\/de\/\",\"name\":\"Anter System\",\"description\":\"Jeste\u015bmy polskim producentem elastycznych barier ochronnych wykonywanych z polimerowych tworzyw sztucznych. Na rynku krajowym i zagranicznym dzia\u0142amy od ponad 15 lat dbaj\u0105c o zapewnienie bezpiecze\u0144stwa w zak\u0142adach produkcyjnych, magazynach oraz centrach logistycznych.\",\"potentialAction\":[{\"@type\":\"SearchAction\",\"target\":{\"@type\":\"EntryPoint\",\"urlTemplate\":\"https:\/\/antersystem.com\/de\/?s={search_term_string}\"},\"query-input\":{\"@type\":\"PropertyValueSpecification\",\"valueRequired\":true,\"valueName\":\"search_term_string\"}}],\"inLanguage\":\"de\"}]}<\/script>\n<!-- \/ Yoast SEO plugin. -->","yoast_head_json":{"title":"LogiMAT 2024 - Anter System","description":"Sie haben die M\u00f6glichkeit, Targi Logimat in Stuttgarcie zu besuchen. W dniach 19-21.03 b\u0119dziemy prezentowa\u0107 tam nasze systemy.","robots":{"index":"index","follow":"follow","max-snippet":"max-snippet:-1","max-image-preview":"max-image-preview:large","max-video-preview":"max-video-preview:-1"},"canonical":"https:\/\/antersystem.com\/de\/nachrichten\/logimat-2024\/","og_locale":"de_DE","og_type":"article","og_title":"LogiMAT 2024 - Anter System","og_description":"Sie haben die M\u00f6glichkeit, Targi Logimat in Stuttgarcie zu besuchen. W dniach 19-21.03 b\u0119dziemy prezentowa\u0107 tam nasze systemy.","og_url":"https:\/\/antersystem.com\/de\/nachrichten\/logimat-2024\/","og_site_name":"Anter System","article_modified_time":"2026-01-30T13:34:44+00:00","og_image":[{"url":"https:\/\/antersystem.com\/wp-content\/uploads\/Logimat2024-Anter-System-invitation-2-1024x535.jpg","type":"","width":"","height":""}],"twitter_card":"summary_large_image","twitter_misc":{"Gesch\u00e4tzte Lesezeit":"1\u00a0Minute"},"schema":{"@context":"https:\/\/schema.org","@graph":[{"@type":"WebPage","@id":"https:\/\/antersystem.com\/de\/nachrichten\/logimat-2024\/","url":"https:\/\/antersystem.com\/de\/nachrichten\/logimat-2024\/","name":"LogiMAT 2024 - Anter System","isPartOf":{"@id":"https:\/\/antersystem.com\/de\/#website"},"primaryImageOfPage":{"@id":"https:\/\/antersystem.com\/de\/nachrichten\/logimat-2024\/#primaryimage"},"image":{"@id":"https:\/\/antersystem.com\/de\/nachrichten\/logimat-2024\/#primaryimage"},"thumbnailUrl":"https:\/\/antersystem.com\/wp-content\/uploads\/Logimat2024-Anter-System-invitation-2-1024x535.jpg","datePublished":"2024-02-15T09:41:35+00:00","dateModified":"2026-01-30T13:34:44+00:00","description":"Sie haben die M\u00f6glichkeit, Targi Logimat in Stuttgarcie zu besuchen. W dniach 19-21.03 b\u0119dziemy prezentowa\u0107 tam nasze systemy.","breadcrumb":{"@id":"https:\/\/antersystem.com\/de\/nachrichten\/logimat-2024\/#breadcrumb"},"inLanguage":"de","potentialAction":[{"@type":"ReadAction","target":["https:\/\/antersystem.com\/de\/nachrichten\/logimat-2024\/"]}]},{"@type":"ImageObject","inLanguage":"de","@id":"https:\/\/antersystem.com\/de\/nachrichten\/logimat-2024\/#primaryimage","url":"https:\/\/antersystem.com\/wp-content\/uploads\/Logimat2024-Anter-System-invitation-2-1024x535.jpg","contentUrl":"https:\/\/antersystem.com\/wp-content\/uploads\/Logimat2024-Anter-System-invitation-2-1024x535.jpg"},{"@type":"BreadcrumbList","@id":"https:\/\/antersystem.com\/de\/nachrichten\/logimat-2024\/#breadcrumb","itemListElement":[{"@type":"ListItem","position":1,"name":"AnterSystem","item":"https:\/\/antersystem.com\/de\/"},{"@type":"ListItem","position":2,"name":"Nachrichten","item":"https:\/\/antersystem.com\/de\/nachrichten\/"},{"@type":"ListItem","position":3,"name":"LogiMAT 2024"}]},{"@type":"WebSite","@id":"https:\/\/antersystem.com\/de\/#website","url":"https:\/\/antersystem.com\/de\/","name":"Anter System","description":"Jeste\u015bmy polskim producentem elastycznych barier ochronnych wykonywanych z polimerowych tworzyw sztucznych. Na rynku krajowym i zagranicznym dzia\u0142amy od ponad 15 lat dbaj\u0105c o zapewnienie bezpiecze\u0144stwa w zak\u0142adach produkcyjnych, magazynach oraz centrach logistycznych.","potentialAction":[{"@type":"SearchAction","target":{"@type":"EntryPoint","urlTemplate":"https:\/\/antersystem.com\/de\/?s={search_term_string}"},"query-input":{"@type":"PropertyValueSpecification","valueRequired":true,"valueName":"search_term_string"}}],"inLanguage":"de"}]}},"_links":{"self":[{"href":"https:\/\/antersystem.com\/de\/wp-json\/wp\/v2\/pages\/30602","targetHints":{"allow":["GET"]}}],"collection":[{"href":"https:\/\/antersystem.com\/de\/wp-json\/wp\/v2\/pages"}],"about":[{"href":"https:\/\/antersystem.com\/de\/wp-json\/wp\/v2\/types\/page"}],"author":[{"embeddable":true,"href":"https:\/\/antersystem.com\/de\/wp-json\/wp\/v2\/users\/1"}],"replies":[{"embeddable":true,"href":"https:\/\/antersystem.com\/de\/wp-json\/wp\/v2\/comments?post=30602"}],"version-history":[{"count":1,"href":"https:\/\/antersystem.com\/de\/wp-json\/wp\/v2\/pages\/30602\/revisions"}],"predecessor-version":[{"id":30603,"href":"https:\/\/antersystem.com\/de\/wp-json\/wp\/v2\/pages\/30602\/revisions\/30603"}],"up":[{"embeddable":true,"href":"https:\/\/antersystem.com\/de\/wp-json\/wp\/v2\/pages\/30484"}],"wp:attachment":[{"href":"https:\/\/antersystem.com\/de\/wp-json\/wp\/v2\/media?parent=30602"}],"curies":[{"name":"wp","href":"https:\/\/api.w.org\/{rel}","templated":true}]}}