{"id":38814,"date":"2025-06-11T10:14:00","date_gmt":"2025-06-11T08:14:00","guid":{"rendered":"https:\/\/antersystem.com\/nachrichten\/anter-system-gets-polska-nagroda-inteligentnego-rozwoju\/"},"modified":"2026-02-02T10:37:09","modified_gmt":"2026-02-02T09:37:09","slug":"anter-system-gets-polska-nagroda-inteligentnego-rozwoju","status":"publish","type":"page","link":"https:\/\/antersystem.com\/de\/nachrichten\/anter-system-gets-polska-nagroda-inteligentnego-rozwoju\/","title":{"rendered":"Anter System erh\u00e4lt Polska Nagroda Inteligentnego Rozwoju"},"content":{"rendered":"\n<div class=\"wp-block-columns is-layout-flex wp-container-core-columns-is-layout-9d6595d7 wp-block-columns-is-layout-flex\">\n<div class=\"wp-block-column is-layout-flow wp-block-column-is-layout-flow\">\n<div class=\"wp-block-columns is-layout-flex wp-container-core-columns-is-layout-9d6595d7 wp-block-columns-is-layout-flex\">\n<div class=\"wp-block-column is-layout-flow wp-block-column-is-layout-flow\">\n<p>Wir freuen uns, Ihnen mitteilen zu k\u00f6nnen, dass Anter System w\u00e4hrend der 10. Jubil\u00e4umsausgabe des Forums f\u00fcr intelligente Entwicklung in Uniej\u00f3w mit dem angesehenen polnischen Preis f\u00fcr intelligente Entwicklung ausgezeichnet wurde. Dieser Preis wird an Einzelpersonen, Unternehmen und Organisationen verliehen, deren Aktivit\u00e4ten zur Schaffung innovativer L\u00f6sungen beitragen, die die nachhaltige Entwicklung von Gesellschaft und Wirtschaft unterst\u00fctzen. <\/p>\n\n\n\n<p>Diese Auszeichnung ist eine gro\u00dfe Ehre f\u00fcr uns und eine Best\u00e4tigung daf\u00fcr, dass die von uns eingeschlagene Richtung &#8211; die Entwicklung intelligenter Technologien zum Schutz von Menschen und Infrastrukturen in Industriegebieten &#8211; nicht nur von unseren Kunden, sondern auch von Experten und Innovationsf\u00fchrern in Polen anerkannt wird.<\/p>\n\n\n\n<h2 class=\"wp-block-heading\">Ein Forum f\u00fcr die Zukunft, das Wissenschaft, Technologie und Wirtschaft miteinander verbindet<\/h2>\n\n\n\n<p>Das Forum f\u00fcr intelligente Entwicklung ist eines der inspirierendsten wirtschaftlichen und technologischen Ereignisse in Polen. Der Kongress bringt Vertreter der Wirtschaft, der Wissenschaft, der lokalen Regierungen und der Investorengemeinschaft zusammen, um gemeinsam zu erforschen, wie moderne Technologien einen echten Einfluss auf die Lebensqualit\u00e4t und das Wirtschaftswachstum haben k\u00f6nnen. Die Teilnahme an dieser Veranstaltung ist nicht nur eine Ehre, sondern auch eine Gelegenheit, Erfahrungen und Erkenntnisse mit anderen Innovationsf\u00fchrern auszutauschen.  <\/p>\n\n\n\n<h2 class=\"wp-block-heading\">Eine Pr\u00e4sentation \u00fcber Technologie, die sch\u00fctzt<\/h2>\n\n\n\n<p>Als Teil des Forums hatten wir auch die Gelegenheit, am Expertenprogramm teilzunehmen. Tomasz Bary\u0142a, Produktmanager bei Anter System, nahm am Panel &#8222;Future Technologies in Action &#8211; How Innovations Shape Science, Business, and Society&#8220; teil, wo er eine Pr\u00e4sentation mit dem Titel &#8222;Technology That Protects &#8211; Intelligent Safety Systems in Industrial Spaces&#8220; hielt. <\/p>\n\n\n\n<p>W\u00e4hrend seiner Rede sprach Tomasz unter anderem \u00fcber folgende Themen:<\/p>\n\n\n\n<ul class=\"wp-block-list\">\n<li>die aktuellen Sicherheitsherausforderungen in der Intralogistik,<\/li>\n\n\n\n<li>wie flexible Sicherheitsbarrieren in Kombination mit Automatisierungselementen die Sicherheit und Effizienz am Arbeitsplatz verbessern.<\/li>\n<\/ul>\n\n\n\n<h2 class=\"wp-block-heading\">Motivation f\u00fcr weiteres Wachstum<\/h2>\n\n\n\n<p>Die Auszeichnung, die wir erhalten haben, ist nicht nur eine Quelle des Prestiges &#8211; sie ist auch eine Verpflichtung, uns weiterzuentwickeln, neue Innovationen einzuf\u00fchren und die Sicherheitsstandards in der Industrie st\u00e4ndig zu erh\u00f6hen. Wir danken der Wettbewerbsjury f\u00fcr ihr Vertrauen und ihre Anerkennung und allen Forumsteilnehmern f\u00fcr wertvolle Gespr\u00e4che und inspirierende Begegnungen. <\/p>\n<\/div>\n<\/div>\n<\/div>\n<\/div>\n","protected":false},"excerpt":{"rendered":"<p>Wir freuen uns, Ihnen mitteilen zu k\u00f6nnen, dass Anter System w\u00e4hrend der 10. Jubil\u00e4umsausgabe des Forums f\u00fcr intelligente Entwicklung in Uniej\u00f3w mit dem angesehenen polnischen Preis f\u00fcr intelligente Entwicklung ausgezeichnet wurde. Dieser Preis wird an Einzelpersonen, Unternehmen und Organisationen verliehen, deren Aktivit\u00e4ten zur Schaffung innovativer L\u00f6sungen beitragen, die die nachhaltige Entwicklung von Gesellschaft und Wirtschaft [&hellip;]<\/p>\n","protected":false},"author":11,"featured_media":0,"parent":30484,"menu_order":0,"comment_status":"closed","ping_status":"closed","template":"","meta":{"inline_featured_image":false,"ngg_post_thumbnail":0,"footnotes":""},"class_list":["post-38814","page","type-page","status-publish","hentry"],"acf":[],"yoast_head":"<!-- This site is optimized with the Yoast SEO plugin v27.0 - https:\/\/yoast.com\/product\/yoast-seo-wordpress\/ -->\n<title>Anter System erh\u00e4lt Polska Nagroda Inteligentnego Rozwoju - Anter System<\/title>\n<meta name=\"description\" content=\"Wir freuen uns, Ihnen mitteilen zu k\u00f6nnen, dass Anter System w\u00e4hrend der 10. Jubil\u00e4umsausgabe des Forums f\u00fcr intelligente Entwicklung in Uniej\u00f3w mit dem\" \/>\n<meta name=\"robots\" content=\"index, follow, max-snippet:-1, max-image-preview:large, max-video-preview:-1\" \/>\n<link rel=\"canonical\" href=\"https:\/\/antersystem.com\/de\/nachrichten\/anter-system-gets-polska-nagroda-inteligentnego-rozwoju\/\" \/>\n<meta property=\"og:locale\" content=\"de_DE\" \/>\n<meta property=\"og:type\" content=\"article\" \/>\n<meta property=\"og:title\" content=\"Anter System erh\u00e4lt Polska Nagroda Inteligentnego Rozwoju - Anter System\" \/>\n<meta property=\"og:description\" content=\"Wir freuen uns, Ihnen mitteilen zu k\u00f6nnen, dass Anter System w\u00e4hrend der 10. Jubil\u00e4umsausgabe des Forums f\u00fcr intelligente Entwicklung in Uniej\u00f3w mit dem\" \/>\n<meta property=\"og:url\" content=\"https:\/\/antersystem.com\/de\/nachrichten\/anter-system-gets-polska-nagroda-inteligentnego-rozwoju\/\" \/>\n<meta property=\"og:site_name\" content=\"Anter System\" \/>\n<meta property=\"article:modified_time\" content=\"2026-02-02T09:37:09+00:00\" \/>\n<meta name=\"twitter:card\" content=\"summary_large_image\" \/>\n<meta name=\"twitter:label1\" content=\"Gesch\u00e4tzte Lesezeit\" \/>\n\t<meta name=\"twitter:data1\" content=\"2\u00a0Minuten\" \/>\n<script type=\"application\/ld+json\" class=\"yoast-schema-graph\">{\"@context\":\"https:\/\/schema.org\",\"@graph\":[{\"@type\":\"WebPage\",\"@id\":\"https:\/\/antersystem.com\/de\/nachrichten\/anter-system-gets-polska-nagroda-inteligentnego-rozwoju\/\",\"url\":\"https:\/\/antersystem.com\/de\/nachrichten\/anter-system-gets-polska-nagroda-inteligentnego-rozwoju\/\",\"name\":\"Anter System erh\u00e4lt Polska Nagroda Inteligentnego Rozwoju - Anter System\",\"isPartOf\":{\"@id\":\"https:\/\/antersystem.com\/de\/#website\"},\"datePublished\":\"2025-06-11T08:14:00+00:00\",\"dateModified\":\"2026-02-02T09:37:09+00:00\",\"description\":\"Wir freuen uns, Ihnen mitteilen zu k\u00f6nnen, dass Anter System w\u00e4hrend der 10. Jubil\u00e4umsausgabe des Forums f\u00fcr intelligente Entwicklung in Uniej\u00f3w mit dem\",\"breadcrumb\":{\"@id\":\"https:\/\/antersystem.com\/de\/nachrichten\/anter-system-gets-polska-nagroda-inteligentnego-rozwoju\/#breadcrumb\"},\"inLanguage\":\"de\",\"potentialAction\":[{\"@type\":\"ReadAction\",\"target\":[\"https:\/\/antersystem.com\/de\/nachrichten\/anter-system-gets-polska-nagroda-inteligentnego-rozwoju\/\"]}]},{\"@type\":\"BreadcrumbList\",\"@id\":\"https:\/\/antersystem.com\/de\/nachrichten\/anter-system-gets-polska-nagroda-inteligentnego-rozwoju\/#breadcrumb\",\"itemListElement\":[{\"@type\":\"ListItem\",\"position\":1,\"name\":\"AnterSystem\",\"item\":\"https:\/\/antersystem.com\/de\/\"},{\"@type\":\"ListItem\",\"position\":2,\"name\":\"Nachrichten\",\"item\":\"https:\/\/antersystem.com\/de\/nachrichten\/\"},{\"@type\":\"ListItem\",\"position\":3,\"name\":\"Anter System erh\u00e4lt Polska Nagroda Inteligentnego Rozwoju\"}]},{\"@type\":\"WebSite\",\"@id\":\"https:\/\/antersystem.com\/de\/#website\",\"url\":\"https:\/\/antersystem.com\/de\/\",\"name\":\"Anter System\",\"description\":\"Jeste\u015bmy polskim producentem elastycznych barier ochronnych wykonywanych z polimerowych tworzyw sztucznych. Na rynku krajowym i zagranicznym dzia\u0142amy od ponad 15 lat dbaj\u0105c o zapewnienie bezpiecze\u0144stwa w zak\u0142adach produkcyjnych, magazynach oraz centrach logistycznych.\",\"potentialAction\":[{\"@type\":\"SearchAction\",\"target\":{\"@type\":\"EntryPoint\",\"urlTemplate\":\"https:\/\/antersystem.com\/de\/?s={search_term_string}\"},\"query-input\":{\"@type\":\"PropertyValueSpecification\",\"valueRequired\":true,\"valueName\":\"search_term_string\"}}],\"inLanguage\":\"de\"}]}<\/script>\n<!-- \/ Yoast SEO plugin. -->","yoast_head_json":{"title":"Anter System erh\u00e4lt Polska Nagroda Inteligentnego Rozwoju - Anter System","description":"Wir freuen uns, Ihnen mitteilen zu k\u00f6nnen, dass Anter System w\u00e4hrend der 10. Jubil\u00e4umsausgabe des Forums f\u00fcr intelligente Entwicklung in Uniej\u00f3w mit dem","robots":{"index":"index","follow":"follow","max-snippet":"max-snippet:-1","max-image-preview":"max-image-preview:large","max-video-preview":"max-video-preview:-1"},"canonical":"https:\/\/antersystem.com\/de\/nachrichten\/anter-system-gets-polska-nagroda-inteligentnego-rozwoju\/","og_locale":"de_DE","og_type":"article","og_title":"Anter System erh\u00e4lt Polska Nagroda Inteligentnego Rozwoju - Anter System","og_description":"Wir freuen uns, Ihnen mitteilen zu k\u00f6nnen, dass Anter System w\u00e4hrend der 10. Jubil\u00e4umsausgabe des Forums f\u00fcr intelligente Entwicklung in Uniej\u00f3w mit dem","og_url":"https:\/\/antersystem.com\/de\/nachrichten\/anter-system-gets-polska-nagroda-inteligentnego-rozwoju\/","og_site_name":"Anter System","article_modified_time":"2026-02-02T09:37:09+00:00","twitter_card":"summary_large_image","twitter_misc":{"Gesch\u00e4tzte Lesezeit":"2\u00a0Minuten"},"schema":{"@context":"https:\/\/schema.org","@graph":[{"@type":"WebPage","@id":"https:\/\/antersystem.com\/de\/nachrichten\/anter-system-gets-polska-nagroda-inteligentnego-rozwoju\/","url":"https:\/\/antersystem.com\/de\/nachrichten\/anter-system-gets-polska-nagroda-inteligentnego-rozwoju\/","name":"Anter System erh\u00e4lt Polska Nagroda Inteligentnego Rozwoju - Anter System","isPartOf":{"@id":"https:\/\/antersystem.com\/de\/#website"},"datePublished":"2025-06-11T08:14:00+00:00","dateModified":"2026-02-02T09:37:09+00:00","description":"Wir freuen uns, Ihnen mitteilen zu k\u00f6nnen, dass Anter System w\u00e4hrend der 10. Jubil\u00e4umsausgabe des Forums f\u00fcr intelligente Entwicklung in Uniej\u00f3w mit dem","breadcrumb":{"@id":"https:\/\/antersystem.com\/de\/nachrichten\/anter-system-gets-polska-nagroda-inteligentnego-rozwoju\/#breadcrumb"},"inLanguage":"de","potentialAction":[{"@type":"ReadAction","target":["https:\/\/antersystem.com\/de\/nachrichten\/anter-system-gets-polska-nagroda-inteligentnego-rozwoju\/"]}]},{"@type":"BreadcrumbList","@id":"https:\/\/antersystem.com\/de\/nachrichten\/anter-system-gets-polska-nagroda-inteligentnego-rozwoju\/#breadcrumb","itemListElement":[{"@type":"ListItem","position":1,"name":"AnterSystem","item":"https:\/\/antersystem.com\/de\/"},{"@type":"ListItem","position":2,"name":"Nachrichten","item":"https:\/\/antersystem.com\/de\/nachrichten\/"},{"@type":"ListItem","position":3,"name":"Anter System erh\u00e4lt Polska Nagroda Inteligentnego Rozwoju"}]},{"@type":"WebSite","@id":"https:\/\/antersystem.com\/de\/#website","url":"https:\/\/antersystem.com\/de\/","name":"Anter System","description":"Jeste\u015bmy polskim producentem elastycznych barier ochronnych wykonywanych z polimerowych tworzyw sztucznych. Na rynku krajowym i zagranicznym dzia\u0142amy od ponad 15 lat dbaj\u0105c o zapewnienie bezpiecze\u0144stwa w zak\u0142adach produkcyjnych, magazynach oraz centrach logistycznych.","potentialAction":[{"@type":"SearchAction","target":{"@type":"EntryPoint","urlTemplate":"https:\/\/antersystem.com\/de\/?s={search_term_string}"},"query-input":{"@type":"PropertyValueSpecification","valueRequired":true,"valueName":"search_term_string"}}],"inLanguage":"de"}]}},"_links":{"self":[{"href":"https:\/\/antersystem.com\/de\/wp-json\/wp\/v2\/pages\/38814","targetHints":{"allow":["GET"]}}],"collection":[{"href":"https:\/\/antersystem.com\/de\/wp-json\/wp\/v2\/pages"}],"about":[{"href":"https:\/\/antersystem.com\/de\/wp-json\/wp\/v2\/types\/page"}],"author":[{"embeddable":true,"href":"https:\/\/antersystem.com\/de\/wp-json\/wp\/v2\/users\/11"}],"replies":[{"embeddable":true,"href":"https:\/\/antersystem.com\/de\/wp-json\/wp\/v2\/comments?post=38814"}],"version-history":[{"count":1,"href":"https:\/\/antersystem.com\/de\/wp-json\/wp\/v2\/pages\/38814\/revisions"}],"predecessor-version":[{"id":38815,"href":"https:\/\/antersystem.com\/de\/wp-json\/wp\/v2\/pages\/38814\/revisions\/38815"}],"up":[{"embeddable":true,"href":"https:\/\/antersystem.com\/de\/wp-json\/wp\/v2\/pages\/30484"}],"wp:attachment":[{"href":"https:\/\/antersystem.com\/de\/wp-json\/wp\/v2\/media?parent=38814"}],"curies":[{"name":"wp","href":"https:\/\/api.w.org\/{rel}","templated":true}]}}