{"id":38848,"date":"2024-06-14T14:17:21","date_gmt":"2024-06-14T12:17:21","guid":{"rendered":"https:\/\/antersystem.com\/nachrichten\/modernlog-2024\/"},"modified":"2026-02-02T14:14:43","modified_gmt":"2026-02-02T13:14:43","slug":"modernlog-2024","status":"publish","type":"page","link":"https:\/\/antersystem.com\/de\/nachrichten\/modernlog-2024\/","title":{"rendered":"Modernlog 2024"},"content":{"rendered":"\n<div class=\"wp-block-columns is-layout-flex wp-container-core-columns-is-layout-9d6595d7 wp-block-columns-is-layout-flex\">\n<div class=\"wp-block-column is-layout-flow wp-block-column-is-layout-flow\">\n<h2 class=\"wp-block-heading\">Bericht von Modernlog, 4. bis 7. Juni 2024<\/h2>\n\n\n\n<div class=\"wp-block-columns is-layout-flex wp-container-core-columns-is-layout-9d6595d7 wp-block-columns-is-layout-flex\">\n<div class=\"wp-block-column is-layout-flow wp-block-column-is-layout-flow\" style=\"flex-basis:10%\"><\/div>\n\n\n\n<div class=\"wp-block-column is-layout-flow wp-block-column-is-layout-flow\">\n<div class=\"wp-block-media-text has-media-on-the-right is-stacked-on-mobile\"><div class=\"wp-block-media-text__content\">\n<p>Das Fest der Logistikbranche in Pozna\u0144 &#8211; Teil des gr\u00f6\u00dften industriellen Veranstaltungsblocks f\u00fcr Industrie 4.0 in Polen &#8211; ist zu Ende gegangen. Vom 4. bis 7. Juni fand die <strong>Modernlog Messe<\/strong> auf dem internationalen Messegel\u00e4nde in Pozna\u0144 statt und bot Fachkonferenzen, Live-Demonstrationen und Networking-Sessions. Die Teilnehmer hatten die M\u00f6glichkeit, eine breite Palette von Angeboten der Aussteller zu erkunden, was zu zahlreichen neuen Gesch\u00e4ftsbeziehungen mit Unternehmen f\u00fchrte, die nach innovativen Logistikl\u00f6sungen suchen.  <\/p>\n<\/div><figure class=\"wp-block-media-text__media\"><img loading=\"lazy\" decoding=\"async\" width=\"1024\" height=\"683\" src=\"https:\/\/antersystem.com\/wp-content\/uploads\/2024-06-05_modernlog_fotobueno_-1836-1-1024x683.jpg\" alt=\"Modernlog 2024 Messe in Pozna\u0144\" class=\"wp-image-4800 size-full\" srcset=\"https:\/\/antersystem.com\/wp-content\/uploads\/2024-06-05_modernlog_fotobueno_-1836-1-1024x683.jpg 1024w, https:\/\/antersystem.com\/wp-content\/uploads\/2024-06-05_modernlog_fotobueno_-1836-1-300x200.jpg 300w, https:\/\/antersystem.com\/wp-content\/uploads\/2024-06-05_modernlog_fotobueno_-1836-1-768x512.jpg 768w, https:\/\/antersystem.com\/wp-content\/uploads\/2024-06-05_modernlog_fotobueno_-1836-1-1536x1024.jpg 1536w, https:\/\/antersystem.com\/wp-content\/uploads\/2024-06-05_modernlog_fotobueno_-1836-1-2048x1365.jpg 2048w, https:\/\/antersystem.com\/wp-content\/uploads\/2024-06-05_modernlog_fotobueno_-1836-1-450x300.jpg 450w, https:\/\/antersystem.com\/wp-content\/uploads\/2024-06-05_modernlog_fotobueno_-1836-1-330x220.jpg 330w\" sizes=\"auto, (max-width: 1024px) 100vw, 1024px\" \/><\/figure><\/div>\n\n\n\n<div class=\"wp-block-media-text is-stacked-on-mobile\"><figure class=\"wp-block-media-text__media\"><img loading=\"lazy\" decoding=\"async\" width=\"1024\" height=\"683\" src=\"https:\/\/antersystem.com\/wp-content\/uploads\/2024-06-05_modernlog_fotobueno_-1976-1-1024x683.jpg\" alt=\"Smart Warehouse-Konferenz auf der Modernlog 2024\" class=\"wp-image-4794 size-full\" srcset=\"https:\/\/antersystem.com\/wp-content\/uploads\/2024-06-05_modernlog_fotobueno_-1976-1-1024x683.jpg 1024w, https:\/\/antersystem.com\/wp-content\/uploads\/2024-06-05_modernlog_fotobueno_-1976-1-300x200.jpg 300w, https:\/\/antersystem.com\/wp-content\/uploads\/2024-06-05_modernlog_fotobueno_-1976-1-768x512.jpg 768w, https:\/\/antersystem.com\/wp-content\/uploads\/2024-06-05_modernlog_fotobueno_-1976-1-1536x1024.jpg 1536w, https:\/\/antersystem.com\/wp-content\/uploads\/2024-06-05_modernlog_fotobueno_-1976-1-2048x1365.jpg 2048w, https:\/\/antersystem.com\/wp-content\/uploads\/2024-06-05_modernlog_fotobueno_-1976-1-450x300.jpg 450w, https:\/\/antersystem.com\/wp-content\/uploads\/2024-06-05_modernlog_fotobueno_-1976-1-330x220.jpg 330w\" sizes=\"auto, (max-width: 1024px) 100vw, 1024px\" \/><\/figure><div class=\"wp-block-media-text__content\">\n<p>W\u00e4hrend der <strong>Smart Warehouse-Konferenz<\/strong> diskutierten Redner und Teilnehmer \u00fcber die k\u00fcnftige Ausrichtung der polnischen Lagerhaltung &#8211; mit Schwerpunkt auf Robotik, Automatisierung und dem Einsatz von k\u00fcnstlicher Intelligenz. Die Besucher konnten Logistiktechnologien erkunden, die von \u00fcber 100 Ausstellern pr\u00e4sentiert wurden. In der <strong>In4Log Zone<\/strong>, die in Zusammenarbeit mit dem MEDIALOG Verlag und Technologiepartnern geschaffen wurde, fanden Live-Vorf\u00fchrungen von Maschinen statt. In der simulierten Logistikanlage wurden modernste Lagerl\u00f6sungen f\u00fcr das 21. Jahrhundert vorgestellt &#8211; darunter auch Technologien von <strong>ANTER SYSTEM<\/strong>.   <\/p>\n<\/div><\/div>\n\n\n\n<div class=\"wp-block-media-text has-media-on-the-right is-stacked-on-mobile\"><div class=\"wp-block-media-text__content\">\n<p>Die diesj\u00e4hrige Veranstaltung war auch eine Gelegenheit, die wichtigsten Herausforderungen der Logistikbranche anzusprechen. Um wettbewerbsf\u00e4hig zu bleiben, muss die Branche einen technologischen und digitalen Wandel hin zu <strong>Industrie 4.0<\/strong> und einen gr\u00fcnen Wandel hin zu einer <strong>emissionsarmen Produktion<\/strong> vollziehen. Polen hat als einer der Vorreiter der Reindustrialisierung in Europa noch erhebliches Potenzial f\u00fcr die Entwicklung einer technologisch fortschrittlichen, automatisierten und robotisierten industriellen Basis.  <\/p>\n<\/div><figure class=\"wp-block-media-text__media\"><img loading=\"lazy\" decoding=\"async\" width=\"840\" height=\"560\" src=\"https:\/\/antersystem.com\/wp-content\/uploads\/2024-06-05_modernlog_fotobueno_-3154.jpg\" alt=\"Podiumsdiskussion auf der Modernlog 2024\" class=\"wp-image-4795 size-full\" srcset=\"https:\/\/antersystem.com\/wp-content\/uploads\/2024-06-05_modernlog_fotobueno_-3154.jpg 840w, https:\/\/antersystem.com\/wp-content\/uploads\/2024-06-05_modernlog_fotobueno_-3154-300x200.jpg 300w, https:\/\/antersystem.com\/wp-content\/uploads\/2024-06-05_modernlog_fotobueno_-3154-768x512.jpg 768w, https:\/\/antersystem.com\/wp-content\/uploads\/2024-06-05_modernlog_fotobueno_-3154-450x300.jpg 450w, https:\/\/antersystem.com\/wp-content\/uploads\/2024-06-05_modernlog_fotobueno_-3154-330x220.jpg 330w\" sizes=\"auto, (max-width: 840px) 100vw, 840px\" \/><\/figure><\/div>\n\n\n\n<div class=\"wp-block-media-text is-stacked-on-mobile\"><figure class=\"wp-block-media-text__media\"><img loading=\"lazy\" decoding=\"async\" width=\"1024\" height=\"683\" src=\"https:\/\/antersystem.com\/wp-content\/uploads\/2024-06-05_modernlog_fotobueno_-2950-1-1024x683.jpg\" alt=\"Er\u00f6ffnungsfeier der Modernlog 2024\" class=\"wp-image-4797 size-full\" srcset=\"https:\/\/antersystem.com\/wp-content\/uploads\/2024-06-05_modernlog_fotobueno_-2950-1-1024x683.jpg 1024w, https:\/\/antersystem.com\/wp-content\/uploads\/2024-06-05_modernlog_fotobueno_-2950-1-300x200.jpg 300w, https:\/\/antersystem.com\/wp-content\/uploads\/2024-06-05_modernlog_fotobueno_-2950-1-768x512.jpg 768w, https:\/\/antersystem.com\/wp-content\/uploads\/2024-06-05_modernlog_fotobueno_-2950-1-1536x1024.jpg 1536w, https:\/\/antersystem.com\/wp-content\/uploads\/2024-06-05_modernlog_fotobueno_-2950-1-2048x1365.jpg 2048w, https:\/\/antersystem.com\/wp-content\/uploads\/2024-06-05_modernlog_fotobueno_-2950-1-450x300.jpg 450w, https:\/\/antersystem.com\/wp-content\/uploads\/2024-06-05_modernlog_fotobueno_-2950-1-330x220.jpg 330w\" sizes=\"auto, (max-width: 1024px) 100vw, 1024px\" \/><\/figure><div class=\"wp-block-media-text__content\">\n<p>Die Er\u00f6ffnung der Messe wurde durch die Anwesenheit von <strong>Ignacy Niemczycki<\/strong>, Unterstaatssekret\u00e4r im Ministerium f\u00fcr Entwicklung und Technologie, gew\u00fcrdigt. Die Veranstaltung bot dynamische Podiumsdiskussionen, interessante Fallstudien und wertvolle Networking-M\u00f6glichkeiten. Die Teilnehmer konnten ihre beruflichen Kontakte zu Lieferanten, Beratern und Logistikunternehmen ausbauen, w\u00e4hrend sie sich \u00fcber die neuesten Trends informierten und diese mit den Gegebenheiten in ihren eigenen Unternehmen verglichen.  <\/p>\n<\/div><\/div>\n\n\n\n<div class=\"wp-block-media-text has-media-on-the-right is-stacked-on-mobile\"><div class=\"wp-block-media-text__content\">\n<p>Die <strong>Modernlog 2024<\/strong> war eine au\u00dfergew\u00f6hnliche Gelegenheit, Einblicke in die neuesten Logistiktechnologien und Industrie 4.0-Trends zu gewinnen sowie wertvolle Gesch\u00e4ftskontakte zu kn\u00fcpfen und Erfahrungen mit Branchenf\u00fchrern auszutauschen. Wir laden Sie ein, unsere Fotogalerie unten zu betrachten: <\/p>\n<\/div><figure class=\"wp-block-media-text__media\"><img loading=\"lazy\" decoding=\"async\" width=\"1024\" height=\"683\" src=\"https:\/\/antersystem.com\/wp-content\/uploads\/2024-06-05_modernlog_fotobueno_-1954-1-1024x683.jpg\" alt=\"Modernlog 2024 Fotoreportage\" class=\"wp-image-4798 size-full\" srcset=\"https:\/\/antersystem.com\/wp-content\/uploads\/2024-06-05_modernlog_fotobueno_-1954-1-1024x683.jpg 1024w, https:\/\/antersystem.com\/wp-content\/uploads\/2024-06-05_modernlog_fotobueno_-1954-1-300x200.jpg 300w, https:\/\/antersystem.com\/wp-content\/uploads\/2024-06-05_modernlog_fotobueno_-1954-1-768x512.jpg 768w, https:\/\/antersystem.com\/wp-content\/uploads\/2024-06-05_modernlog_fotobueno_-1954-1-1536x1024.jpg 1536w, https:\/\/antersystem.com\/wp-content\/uploads\/2024-06-05_modernlog_fotobueno_-1954-1-2048x1365.jpg 2048w, https:\/\/antersystem.com\/wp-content\/uploads\/2024-06-05_modernlog_fotobueno_-1954-1-450x300.jpg 450w, https:\/\/antersystem.com\/wp-content\/uploads\/2024-06-05_modernlog_fotobueno_-1954-1-330x220.jpg 330w\" sizes=\"auto, (max-width: 1024px) 100vw, 1024px\" \/><\/figure><\/div>\n<\/div>\n\n\n\n<div class=\"wp-block-column is-layout-flow wp-block-column-is-layout-flow\" style=\"flex-basis:10%\"><\/div>\n<\/div>\n\n\n\nngg_shortcode_0_placeholder\n<\/div>\n<\/div>\n\n<p><\/p>\n","protected":false},"excerpt":{"rendered":"<p>Bericht von Modernlog, 4. bis 7. Juni 2024 Das Fest der Logistikbranche in Pozna\u0144 &#8211; Teil des gr\u00f6\u00dften industriellen Veranstaltungsblocks f\u00fcr Industrie 4.0 in Polen &#8211; ist zu Ende gegangen. Vom 4. bis 7. Juni fand die Modernlog Messe auf dem internationalen Messegel\u00e4nde in Pozna\u0144 statt und bot Fachkonferenzen, Live-Demonstrationen und Networking-Sessions. Die Teilnehmer hatten [&hellip;]<\/p>\n","protected":false},"author":1,"featured_media":0,"parent":30484,"menu_order":0,"comment_status":"closed","ping_status":"closed","template":"","meta":{"inline_featured_image":false,"ngg_post_thumbnail":0,"footnotes":""},"class_list":["post-38848","page","type-page","status-publish","hentry"],"acf":[],"yoast_head":"<!-- This site is optimized with the Yoast SEO plugin v27.0 - https:\/\/yoast.com\/product\/yoast-seo-wordpress\/ -->\n<title>Modernlog 2024 - Anter System<\/title>\n<meta name=\"description\" content=\"W dniach 4-7 czerwca odby\u0142 si\u0119 Modernlog, kt\u00f3ry wype\u0142niony by\u0142 specjalistycznymi konferencjami i pokazami.\" \/>\n<meta name=\"robots\" content=\"index, follow, max-snippet:-1, max-image-preview:large, max-video-preview:-1\" \/>\n<link rel=\"canonical\" href=\"https:\/\/antersystem.com\/de\/nachrichten\/modernlog-2024\/\" \/>\n<meta property=\"og:locale\" content=\"de_DE\" \/>\n<meta property=\"og:type\" content=\"article\" \/>\n<meta property=\"og:title\" content=\"Modernlog 2024 - Anter System\" \/>\n<meta property=\"og:description\" content=\"W dniach 4-7 czerwca odby\u0142 si\u0119 Modernlog, kt\u00f3ry wype\u0142niony by\u0142 specjalistycznymi konferencjami i pokazami.\" \/>\n<meta property=\"og:url\" content=\"https:\/\/antersystem.com\/de\/nachrichten\/modernlog-2024\/\" \/>\n<meta property=\"og:site_name\" content=\"Anter System\" \/>\n<meta property=\"article:modified_time\" content=\"2026-02-02T13:14:43+00:00\" \/>\n<meta property=\"og:image\" content=\"https:\/\/antersystem.com\/wp-content\/uploads\/2024-06-05_modernlog_fotobueno_-1836-1-1024x683.jpg\" \/>\n<meta name=\"twitter:card\" content=\"summary_large_image\" \/>\n<meta name=\"twitter:label1\" content=\"Gesch\u00e4tzte Lesezeit\" \/>\n\t<meta name=\"twitter:data1\" content=\"2\u00a0Minuten\" \/>\n<script type=\"application\/ld+json\" class=\"yoast-schema-graph\">{\"@context\":\"https:\/\/schema.org\",\"@graph\":[{\"@type\":\"WebPage\",\"@id\":\"https:\/\/antersystem.com\/de\/nachrichten\/modernlog-2024\/\",\"url\":\"https:\/\/antersystem.com\/de\/nachrichten\/modernlog-2024\/\",\"name\":\"Modernlog 2024 - Anter System\",\"isPartOf\":{\"@id\":\"https:\/\/antersystem.com\/de\/#website\"},\"primaryImageOfPage\":{\"@id\":\"https:\/\/antersystem.com\/de\/nachrichten\/modernlog-2024\/#primaryimage\"},\"image\":{\"@id\":\"https:\/\/antersystem.com\/de\/nachrichten\/modernlog-2024\/#primaryimage\"},\"thumbnailUrl\":\"https:\/\/antersystem.com\/wp-content\/uploads\/2024-06-05_modernlog_fotobueno_-1836-1-1024x683.jpg\",\"datePublished\":\"2024-06-14T12:17:21+00:00\",\"dateModified\":\"2026-02-02T13:14:43+00:00\",\"description\":\"W dniach 4-7 czerwca odby\u0142 si\u0119 Modernlog, kt\u00f3ry wype\u0142niony by\u0142 specjalistycznymi konferencjami i pokazami.\",\"breadcrumb\":{\"@id\":\"https:\/\/antersystem.com\/de\/nachrichten\/modernlog-2024\/#breadcrumb\"},\"inLanguage\":\"de\",\"potentialAction\":[{\"@type\":\"ReadAction\",\"target\":[\"https:\/\/antersystem.com\/de\/nachrichten\/modernlog-2024\/\"]}]},{\"@type\":\"ImageObject\",\"inLanguage\":\"de\",\"@id\":\"https:\/\/antersystem.com\/de\/nachrichten\/modernlog-2024\/#primaryimage\",\"url\":\"https:\/\/antersystem.com\/wp-content\/uploads\/2024-06-05_modernlog_fotobueno_-1836-1-1024x683.jpg\",\"contentUrl\":\"https:\/\/antersystem.com\/wp-content\/uploads\/2024-06-05_modernlog_fotobueno_-1836-1-1024x683.jpg\"},{\"@type\":\"BreadcrumbList\",\"@id\":\"https:\/\/antersystem.com\/de\/nachrichten\/modernlog-2024\/#breadcrumb\",\"itemListElement\":[{\"@type\":\"ListItem\",\"position\":1,\"name\":\"AnterSystem\",\"item\":\"https:\/\/antersystem.com\/de\/\"},{\"@type\":\"ListItem\",\"position\":2,\"name\":\"Nachrichten\",\"item\":\"https:\/\/antersystem.com\/de\/nachrichten\/\"},{\"@type\":\"ListItem\",\"position\":3,\"name\":\"Modernlog 2024\"}]},{\"@type\":\"WebSite\",\"@id\":\"https:\/\/antersystem.com\/de\/#website\",\"url\":\"https:\/\/antersystem.com\/de\/\",\"name\":\"Anter System\",\"description\":\"Jeste\u015bmy polskim producentem elastycznych barier ochronnych wykonywanych z polimerowych tworzyw sztucznych. Na rynku krajowym i zagranicznym dzia\u0142amy od ponad 15 lat dbaj\u0105c o zapewnienie bezpiecze\u0144stwa w zak\u0142adach produkcyjnych, magazynach oraz centrach logistycznych.\",\"potentialAction\":[{\"@type\":\"SearchAction\",\"target\":{\"@type\":\"EntryPoint\",\"urlTemplate\":\"https:\/\/antersystem.com\/de\/?s={search_term_string}\"},\"query-input\":{\"@type\":\"PropertyValueSpecification\",\"valueRequired\":true,\"valueName\":\"search_term_string\"}}],\"inLanguage\":\"de\"}]}<\/script>\n<!-- \/ Yoast SEO plugin. -->","yoast_head_json":{"title":"Modernlog 2024 - Anter System","description":"W dniach 4-7 czerwca odby\u0142 si\u0119 Modernlog, kt\u00f3ry wype\u0142niony by\u0142 specjalistycznymi konferencjami i pokazami.","robots":{"index":"index","follow":"follow","max-snippet":"max-snippet:-1","max-image-preview":"max-image-preview:large","max-video-preview":"max-video-preview:-1"},"canonical":"https:\/\/antersystem.com\/de\/nachrichten\/modernlog-2024\/","og_locale":"de_DE","og_type":"article","og_title":"Modernlog 2024 - Anter System","og_description":"W dniach 4-7 czerwca odby\u0142 si\u0119 Modernlog, kt\u00f3ry wype\u0142niony by\u0142 specjalistycznymi konferencjami i pokazami.","og_url":"https:\/\/antersystem.com\/de\/nachrichten\/modernlog-2024\/","og_site_name":"Anter System","article_modified_time":"2026-02-02T13:14:43+00:00","og_image":[{"url":"https:\/\/antersystem.com\/wp-content\/uploads\/2024-06-05_modernlog_fotobueno_-1836-1-1024x683.jpg","type":"","width":"","height":""}],"twitter_card":"summary_large_image","twitter_misc":{"Gesch\u00e4tzte Lesezeit":"2\u00a0Minuten"},"schema":{"@context":"https:\/\/schema.org","@graph":[{"@type":"WebPage","@id":"https:\/\/antersystem.com\/de\/nachrichten\/modernlog-2024\/","url":"https:\/\/antersystem.com\/de\/nachrichten\/modernlog-2024\/","name":"Modernlog 2024 - Anter System","isPartOf":{"@id":"https:\/\/antersystem.com\/de\/#website"},"primaryImageOfPage":{"@id":"https:\/\/antersystem.com\/de\/nachrichten\/modernlog-2024\/#primaryimage"},"image":{"@id":"https:\/\/antersystem.com\/de\/nachrichten\/modernlog-2024\/#primaryimage"},"thumbnailUrl":"https:\/\/antersystem.com\/wp-content\/uploads\/2024-06-05_modernlog_fotobueno_-1836-1-1024x683.jpg","datePublished":"2024-06-14T12:17:21+00:00","dateModified":"2026-02-02T13:14:43+00:00","description":"W dniach 4-7 czerwca odby\u0142 si\u0119 Modernlog, kt\u00f3ry wype\u0142niony by\u0142 specjalistycznymi konferencjami i pokazami.","breadcrumb":{"@id":"https:\/\/antersystem.com\/de\/nachrichten\/modernlog-2024\/#breadcrumb"},"inLanguage":"de","potentialAction":[{"@type":"ReadAction","target":["https:\/\/antersystem.com\/de\/nachrichten\/modernlog-2024\/"]}]},{"@type":"ImageObject","inLanguage":"de","@id":"https:\/\/antersystem.com\/de\/nachrichten\/modernlog-2024\/#primaryimage","url":"https:\/\/antersystem.com\/wp-content\/uploads\/2024-06-05_modernlog_fotobueno_-1836-1-1024x683.jpg","contentUrl":"https:\/\/antersystem.com\/wp-content\/uploads\/2024-06-05_modernlog_fotobueno_-1836-1-1024x683.jpg"},{"@type":"BreadcrumbList","@id":"https:\/\/antersystem.com\/de\/nachrichten\/modernlog-2024\/#breadcrumb","itemListElement":[{"@type":"ListItem","position":1,"name":"AnterSystem","item":"https:\/\/antersystem.com\/de\/"},{"@type":"ListItem","position":2,"name":"Nachrichten","item":"https:\/\/antersystem.com\/de\/nachrichten\/"},{"@type":"ListItem","position":3,"name":"Modernlog 2024"}]},{"@type":"WebSite","@id":"https:\/\/antersystem.com\/de\/#website","url":"https:\/\/antersystem.com\/de\/","name":"Anter System","description":"Jeste\u015bmy polskim producentem elastycznych barier ochronnych wykonywanych z polimerowych tworzyw sztucznych. Na rynku krajowym i zagranicznym dzia\u0142amy od ponad 15 lat dbaj\u0105c o zapewnienie bezpiecze\u0144stwa w zak\u0142adach produkcyjnych, magazynach oraz centrach logistycznych.","potentialAction":[{"@type":"SearchAction","target":{"@type":"EntryPoint","urlTemplate":"https:\/\/antersystem.com\/de\/?s={search_term_string}"},"query-input":{"@type":"PropertyValueSpecification","valueRequired":true,"valueName":"search_term_string"}}],"inLanguage":"de"}]}},"_links":{"self":[{"href":"https:\/\/antersystem.com\/de\/wp-json\/wp\/v2\/pages\/38848","targetHints":{"allow":["GET"]}}],"collection":[{"href":"https:\/\/antersystem.com\/de\/wp-json\/wp\/v2\/pages"}],"about":[{"href":"https:\/\/antersystem.com\/de\/wp-json\/wp\/v2\/types\/page"}],"author":[{"embeddable":true,"href":"https:\/\/antersystem.com\/de\/wp-json\/wp\/v2\/users\/1"}],"replies":[{"embeddable":true,"href":"https:\/\/antersystem.com\/de\/wp-json\/wp\/v2\/comments?post=38848"}],"version-history":[{"count":1,"href":"https:\/\/antersystem.com\/de\/wp-json\/wp\/v2\/pages\/38848\/revisions"}],"predecessor-version":[{"id":38849,"href":"https:\/\/antersystem.com\/de\/wp-json\/wp\/v2\/pages\/38848\/revisions\/38849"}],"up":[{"embeddable":true,"href":"https:\/\/antersystem.com\/de\/wp-json\/wp\/v2\/pages\/30484"}],"wp:attachment":[{"href":"https:\/\/antersystem.com\/de\/wp-json\/wp\/v2\/media?parent=38848"}],"curies":[{"name":"wp","href":"https:\/\/api.w.org\/{rel}","templated":true}]}}