{"id":38883,"date":"2024-11-25T09:14:04","date_gmt":"2024-11-25T08:14:04","guid":{"rendered":"https:\/\/antersystem.com\/nachrichten\/anter-system-at-intralogistyka-i-magazynowanie-conference-2024\/"},"modified":"2026-02-02T14:15:46","modified_gmt":"2026-02-02T13:15:46","slug":"anter-system-at-intralogistyka-i-magazynowanie-conference-2024","status":"publish","type":"page","link":"https:\/\/antersystem.com\/de\/nachrichten\/anter-system-at-intralogistyka-i-magazynowanie-conference-2024\/","title":{"rendered":"Anter System auf der Konferenz &#8222;Intralogistyka i magazynowanie&#8220;."},"content":{"rendered":"\n<div class=\"wp-block-columns is-layout-flex wp-container-core-columns-is-layout-9d6595d7 wp-block-columns-is-layout-flex\">\n<div class=\"wp-block-column is-layout-flow wp-block-column-is-layout-flow\" style=\"flex-basis:10%\"><\/div>\n\n\n\n<div class=\"wp-block-column is-layout-flow wp-block-column-is-layout-flow\">\n<h2 class=\"wp-block-heading\">Entdecken Sie die neuesten Trends in der Intralogistik!<\/h2>\n\n\n\n<p>Wir freuen uns, Ihnen mitteilen zu k\u00f6nnen, dass Anter System Partner der Konferenz <strong>&#8222;Optimierung von Intralogistik- und Lagerprozessen&#8220;<\/strong> ist, die am <strong>5. Dezember 2024<\/strong> in Swarz\u0119dz bei Pozna\u0144 stattfinden wird. Das Hauptziel der Veranstaltung ist es, Experten aus den Bereichen Lagerlogistik, Industrie und Automatisierung zusammenzubringen und eine Plattform f\u00fcr den Wissensaustausch und die Pr\u00e4sentation der neuesten L\u00f6sungen zu schaffen. <\/p>\n\n\n\n<p><strong>Vortr\u00e4ge, Workshops, Business Networking<\/strong><\/p>\n\n\n\n<p>Die Konferenz befasst sich mit wichtigen Themen im Zusammenhang mit der <strong>Automatisierung von Lagerprozessen, der Implementierung innovativer Technologien<\/strong> und der <strong>Verbesserung der Sicherheit<\/strong> in Lagerumgebungen. Zu den besprochenen Themen geh\u00f6ren interne Transportsysteme, Lagerroboter, automatische Lager- und Kommissioniersysteme, RFID und drahtlose Identifikationstechnologien sowie die Programmierung f\u00fcr die Intralogistik. Die Teilnehmer werden auch die M\u00f6glichkeit haben, an technischen Workshops teilzunehmen &#8211; eine ausgezeichnete Gelegenheit, die praktischen F\u00e4higkeiten im Zusammenhang mit den Konferenzthemenn zu vertiefen. Ein weiterer Vorteil der Veranstaltung ist die <strong>M\u00f6glichkeit, wertvolle Gesch\u00e4ftsbeziehungen zu kn\u00fcpfen<\/strong>, die die berufliche Entwicklung unterst\u00fctzen oder zu neuen Partnerschaften f\u00fchren k\u00f6nnen.   <\/p>\n\n\n\n<p><strong>Lassen Sie uns \u00fcber Sicherheit sprechen<\/strong><\/p>\n\n\n\n<p>Als <strong>Partner der Veranstaltung wird Anter System auf der Konferenz anwesend sein<\/strong>, um Fragen zu den modernsten L\u00f6sungen zur Unterst\u00fctzung von Effizienz und Sicherheit in der Intralogistik zu beantworten. Die Teilnehmer haben die M\u00f6glichkeit, mehr \u00fcber unsere Systeme zum Schutz der Infrastruktur, unsere Produkte f\u00fcr die Lagerplatzverwaltung und unsere Sicherheitsl\u00f6sungen f\u00fcr Industrie- und Lagereinrichtungen zu erfahren. <\/p>\n\n\n\n<p>Wir laden Sie herzlich dazu ein, an der Konferenz teilzunehmen und mit unseren Vertretern zu sprechen.<\/p>\n\n\n\n<p><strong>Datum:<\/strong> 5. Dezember 2024, Swarz\u0119dz bei Pozna\u0144, 8:00 AM &#8211; 3:30 PM<br\/><strong>Veranstaltungsort:<\/strong> Hampton by Hilton Pozna\u0144 Swarz\u0119dz, 1 Antoniego Tabaki St., Swarz\u0119dz<\/p>\n\n\n\n<p>Die Teilnahme an der Konferenz ist kostenlos.<\/p>\n\n\n\n<p><strong>Weitere Informationen und Anmeldung:<\/strong> <em><a href=\"https:\/\/www.axonmedia.pl\/konferencje\/aktualne\/intralogistyka-magazynowanie-2024-poznan\/\">&#8222;Intralogistik und Lagerhaltung&#8220;<\/a><\/em><\/p>\n\n\n\n<p>Wir sehen uns in Swarz\u0119dz &#8211; lassen Sie uns gemeinsam die Zukunft der modernen Lagerh\u00e4user gestalten!<\/p>\n\n\n\n<p><\/p>\n\n\n\n<p><\/p>\n<\/div>\n\n\n\n<div class=\"wp-block-column is-layout-flow wp-block-column-is-layout-flow\" style=\"flex-basis:10%\"><\/div>\n<\/div>\n<div class=\"wp-block-image\">\n<figure class=\"aligncenter size-large is-resized\"><img loading=\"lazy\" decoding=\"async\" width=\"1024\" height=\"576\" src=\"https:\/\/antersystem.com\/wp-content\/uploads\/axon_12_2024_konferencja_Intralogistyka-1024x576.jpg\" alt=\"\" class=\"wp-image-5650\" style=\"width:620px;height:auto\" srcset=\"https:\/\/antersystem.com\/wp-content\/uploads\/axon_12_2024_konferencja_Intralogistyka-1024x576.jpg 1024w, https:\/\/antersystem.com\/wp-content\/uploads\/axon_12_2024_konferencja_Intralogistyka-300x169.jpg 300w, https:\/\/antersystem.com\/wp-content\/uploads\/axon_12_2024_konferencja_Intralogistyka-768x432.jpg 768w, https:\/\/antersystem.com\/wp-content\/uploads\/axon_12_2024_konferencja_Intralogistyka-450x253.jpg 450w, https:\/\/antersystem.com\/wp-content\/uploads\/axon_12_2024_konferencja_Intralogistyka-330x186.jpg 330w, https:\/\/antersystem.com\/wp-content\/uploads\/axon_12_2024_konferencja_Intralogistyka.jpg 1115w\" sizes=\"auto, (max-width: 1024px) 100vw, 1024px\" \/><\/figure><\/div>","protected":false},"excerpt":{"rendered":"<p>Entdecken Sie die neuesten Trends in der Intralogistik! Wir freuen uns, Ihnen mitteilen zu k\u00f6nnen, dass Anter System Partner der Konferenz &#8222;Optimierung von Intralogistik- und Lagerprozessen&#8220; ist, die am 5. Dezember 2024 in Swarz\u0119dz bei Pozna\u0144 stattfinden wird. Das Hauptziel der Veranstaltung ist es, Experten aus den Bereichen Lagerlogistik, Industrie und Automatisierung zusammenzubringen und eine [&hellip;]<\/p>\n","protected":false},"author":1,"featured_media":0,"parent":30484,"menu_order":0,"comment_status":"closed","ping_status":"closed","template":"","meta":{"inline_featured_image":false,"ngg_post_thumbnail":0,"footnotes":""},"class_list":["post-38883","page","type-page","status-publish","hentry"],"acf":[],"yoast_head":"<!-- This site is optimized with the Yoast SEO plugin v27.0 - https:\/\/yoast.com\/product\/yoast-seo-wordpress\/ -->\n<title>Anter System auf der Konferenz &quot;Intralogistyka i magazynowanie&quot;. - Anter System<\/title>\n<meta name=\"description\" content=\"Zapraszamy na konferencj\u0119 &quot;Intralogistyka i magazynowanie, kt\u00f3rej tematyka obejmuj mi\u0119dzy innymi zagadnienia zwi\u0105zane z bezpiecznym magazynem\" \/>\n<meta name=\"robots\" content=\"index, follow, max-snippet:-1, max-image-preview:large, max-video-preview:-1\" \/>\n<link rel=\"canonical\" href=\"https:\/\/antersystem.com\/de\/nachrichten\/anter-system-at-intralogistyka-i-magazynowanie-conference-2024\/\" \/>\n<meta property=\"og:locale\" content=\"de_DE\" \/>\n<meta property=\"og:type\" content=\"article\" \/>\n<meta property=\"og:title\" content=\"Anter System auf der Konferenz &quot;Intralogistyka i magazynowanie&quot;. - Anter System\" \/>\n<meta property=\"og:description\" content=\"Zapraszamy na konferencj\u0119 &quot;Intralogistyka i magazynowanie, kt\u00f3rej tematyka obejmuj mi\u0119dzy innymi zagadnienia zwi\u0105zane z bezpiecznym magazynem\" \/>\n<meta property=\"og:url\" content=\"https:\/\/antersystem.com\/de\/nachrichten\/anter-system-at-intralogistyka-i-magazynowanie-conference-2024\/\" \/>\n<meta property=\"og:site_name\" content=\"Anter System\" \/>\n<meta property=\"article:modified_time\" content=\"2026-02-02T13:15:46+00:00\" \/>\n<meta property=\"og:image\" content=\"https:\/\/antersystem.com\/wp-content\/uploads\/axon_12_2024_konferencja_Intralogistyka-1024x576.jpg\" \/>\n<meta name=\"twitter:card\" content=\"summary_large_image\" \/>\n<meta name=\"twitter:label1\" content=\"Gesch\u00e4tzte Lesezeit\" \/>\n\t<meta name=\"twitter:data1\" content=\"2\u00a0Minuten\" \/>\n<script type=\"application\/ld+json\" class=\"yoast-schema-graph\">{\"@context\":\"https:\/\/schema.org\",\"@graph\":[{\"@type\":\"WebPage\",\"@id\":\"https:\/\/antersystem.com\/de\/nachrichten\/anter-system-at-intralogistyka-i-magazynowanie-conference-2024\/\",\"url\":\"https:\/\/antersystem.com\/de\/nachrichten\/anter-system-at-intralogistyka-i-magazynowanie-conference-2024\/\",\"name\":\"Anter System auf der Konferenz \\\"Intralogistyka i magazynowanie\\\". - Anter System\",\"isPartOf\":{\"@id\":\"https:\/\/antersystem.com\/de\/#website\"},\"primaryImageOfPage\":{\"@id\":\"https:\/\/antersystem.com\/de\/nachrichten\/anter-system-at-intralogistyka-i-magazynowanie-conference-2024\/#primaryimage\"},\"image\":{\"@id\":\"https:\/\/antersystem.com\/de\/nachrichten\/anter-system-at-intralogistyka-i-magazynowanie-conference-2024\/#primaryimage\"},\"thumbnailUrl\":\"https:\/\/antersystem.com\/wp-content\/uploads\/axon_12_2024_konferencja_Intralogistyka-1024x576.jpg\",\"datePublished\":\"2024-11-25T08:14:04+00:00\",\"dateModified\":\"2026-02-02T13:15:46+00:00\",\"description\":\"Zapraszamy na konferencj\u0119 \\\"Intralogistyka i magazynowanie, kt\u00f3rej tematyka obejmuj mi\u0119dzy innymi zagadnienia zwi\u0105zane z bezpiecznym magazynem\",\"breadcrumb\":{\"@id\":\"https:\/\/antersystem.com\/de\/nachrichten\/anter-system-at-intralogistyka-i-magazynowanie-conference-2024\/#breadcrumb\"},\"inLanguage\":\"de\",\"potentialAction\":[{\"@type\":\"ReadAction\",\"target\":[\"https:\/\/antersystem.com\/de\/nachrichten\/anter-system-at-intralogistyka-i-magazynowanie-conference-2024\/\"]}]},{\"@type\":\"ImageObject\",\"inLanguage\":\"de\",\"@id\":\"https:\/\/antersystem.com\/de\/nachrichten\/anter-system-at-intralogistyka-i-magazynowanie-conference-2024\/#primaryimage\",\"url\":\"https:\/\/antersystem.com\/wp-content\/uploads\/axon_12_2024_konferencja_Intralogistyka-1024x576.jpg\",\"contentUrl\":\"https:\/\/antersystem.com\/wp-content\/uploads\/axon_12_2024_konferencja_Intralogistyka-1024x576.jpg\"},{\"@type\":\"BreadcrumbList\",\"@id\":\"https:\/\/antersystem.com\/de\/nachrichten\/anter-system-at-intralogistyka-i-magazynowanie-conference-2024\/#breadcrumb\",\"itemListElement\":[{\"@type\":\"ListItem\",\"position\":1,\"name\":\"AnterSystem\",\"item\":\"https:\/\/antersystem.com\/de\/\"},{\"@type\":\"ListItem\",\"position\":2,\"name\":\"Nachrichten\",\"item\":\"https:\/\/antersystem.com\/de\/nachrichten\/\"},{\"@type\":\"ListItem\",\"position\":3,\"name\":\"Anter System auf der Konferenz &#8220;Intralogistyka i magazynowanie&#8221;.\"}]},{\"@type\":\"WebSite\",\"@id\":\"https:\/\/antersystem.com\/de\/#website\",\"url\":\"https:\/\/antersystem.com\/de\/\",\"name\":\"Anter System\",\"description\":\"Jeste\u015bmy polskim producentem elastycznych barier ochronnych wykonywanych z polimerowych tworzyw sztucznych. Na rynku krajowym i zagranicznym dzia\u0142amy od ponad 15 lat dbaj\u0105c o zapewnienie bezpiecze\u0144stwa w zak\u0142adach produkcyjnych, magazynach oraz centrach logistycznych.\",\"potentialAction\":[{\"@type\":\"SearchAction\",\"target\":{\"@type\":\"EntryPoint\",\"urlTemplate\":\"https:\/\/antersystem.com\/de\/?s={search_term_string}\"},\"query-input\":{\"@type\":\"PropertyValueSpecification\",\"valueRequired\":true,\"valueName\":\"search_term_string\"}}],\"inLanguage\":\"de\"}]}<\/script>\n<!-- \/ Yoast SEO plugin. -->","yoast_head_json":{"title":"Anter System auf der Konferenz \"Intralogistyka i magazynowanie\". - Anter System","description":"Zapraszamy na konferencj\u0119 \"Intralogistyka i magazynowanie, kt\u00f3rej tematyka obejmuj mi\u0119dzy innymi zagadnienia zwi\u0105zane z bezpiecznym magazynem","robots":{"index":"index","follow":"follow","max-snippet":"max-snippet:-1","max-image-preview":"max-image-preview:large","max-video-preview":"max-video-preview:-1"},"canonical":"https:\/\/antersystem.com\/de\/nachrichten\/anter-system-at-intralogistyka-i-magazynowanie-conference-2024\/","og_locale":"de_DE","og_type":"article","og_title":"Anter System auf der Konferenz \"Intralogistyka i magazynowanie\". - Anter System","og_description":"Zapraszamy na konferencj\u0119 \"Intralogistyka i magazynowanie, kt\u00f3rej tematyka obejmuj mi\u0119dzy innymi zagadnienia zwi\u0105zane z bezpiecznym magazynem","og_url":"https:\/\/antersystem.com\/de\/nachrichten\/anter-system-at-intralogistyka-i-magazynowanie-conference-2024\/","og_site_name":"Anter System","article_modified_time":"2026-02-02T13:15:46+00:00","og_image":[{"url":"https:\/\/antersystem.com\/wp-content\/uploads\/axon_12_2024_konferencja_Intralogistyka-1024x576.jpg","type":"","width":"","height":""}],"twitter_card":"summary_large_image","twitter_misc":{"Gesch\u00e4tzte Lesezeit":"2\u00a0Minuten"},"schema":{"@context":"https:\/\/schema.org","@graph":[{"@type":"WebPage","@id":"https:\/\/antersystem.com\/de\/nachrichten\/anter-system-at-intralogistyka-i-magazynowanie-conference-2024\/","url":"https:\/\/antersystem.com\/de\/nachrichten\/anter-system-at-intralogistyka-i-magazynowanie-conference-2024\/","name":"Anter System auf der Konferenz \"Intralogistyka i magazynowanie\". - Anter System","isPartOf":{"@id":"https:\/\/antersystem.com\/de\/#website"},"primaryImageOfPage":{"@id":"https:\/\/antersystem.com\/de\/nachrichten\/anter-system-at-intralogistyka-i-magazynowanie-conference-2024\/#primaryimage"},"image":{"@id":"https:\/\/antersystem.com\/de\/nachrichten\/anter-system-at-intralogistyka-i-magazynowanie-conference-2024\/#primaryimage"},"thumbnailUrl":"https:\/\/antersystem.com\/wp-content\/uploads\/axon_12_2024_konferencja_Intralogistyka-1024x576.jpg","datePublished":"2024-11-25T08:14:04+00:00","dateModified":"2026-02-02T13:15:46+00:00","description":"Zapraszamy na konferencj\u0119 \"Intralogistyka i magazynowanie, kt\u00f3rej tematyka obejmuj mi\u0119dzy innymi zagadnienia zwi\u0105zane z bezpiecznym magazynem","breadcrumb":{"@id":"https:\/\/antersystem.com\/de\/nachrichten\/anter-system-at-intralogistyka-i-magazynowanie-conference-2024\/#breadcrumb"},"inLanguage":"de","potentialAction":[{"@type":"ReadAction","target":["https:\/\/antersystem.com\/de\/nachrichten\/anter-system-at-intralogistyka-i-magazynowanie-conference-2024\/"]}]},{"@type":"ImageObject","inLanguage":"de","@id":"https:\/\/antersystem.com\/de\/nachrichten\/anter-system-at-intralogistyka-i-magazynowanie-conference-2024\/#primaryimage","url":"https:\/\/antersystem.com\/wp-content\/uploads\/axon_12_2024_konferencja_Intralogistyka-1024x576.jpg","contentUrl":"https:\/\/antersystem.com\/wp-content\/uploads\/axon_12_2024_konferencja_Intralogistyka-1024x576.jpg"},{"@type":"BreadcrumbList","@id":"https:\/\/antersystem.com\/de\/nachrichten\/anter-system-at-intralogistyka-i-magazynowanie-conference-2024\/#breadcrumb","itemListElement":[{"@type":"ListItem","position":1,"name":"AnterSystem","item":"https:\/\/antersystem.com\/de\/"},{"@type":"ListItem","position":2,"name":"Nachrichten","item":"https:\/\/antersystem.com\/de\/nachrichten\/"},{"@type":"ListItem","position":3,"name":"Anter System auf der Konferenz &#8220;Intralogistyka i magazynowanie&#8221;."}]},{"@type":"WebSite","@id":"https:\/\/antersystem.com\/de\/#website","url":"https:\/\/antersystem.com\/de\/","name":"Anter System","description":"Jeste\u015bmy polskim producentem elastycznych barier ochronnych wykonywanych z polimerowych tworzyw sztucznych. Na rynku krajowym i zagranicznym dzia\u0142amy od ponad 15 lat dbaj\u0105c o zapewnienie bezpiecze\u0144stwa w zak\u0142adach produkcyjnych, magazynach oraz centrach logistycznych.","potentialAction":[{"@type":"SearchAction","target":{"@type":"EntryPoint","urlTemplate":"https:\/\/antersystem.com\/de\/?s={search_term_string}"},"query-input":{"@type":"PropertyValueSpecification","valueRequired":true,"valueName":"search_term_string"}}],"inLanguage":"de"}]}},"_links":{"self":[{"href":"https:\/\/antersystem.com\/de\/wp-json\/wp\/v2\/pages\/38883","targetHints":{"allow":["GET"]}}],"collection":[{"href":"https:\/\/antersystem.com\/de\/wp-json\/wp\/v2\/pages"}],"about":[{"href":"https:\/\/antersystem.com\/de\/wp-json\/wp\/v2\/types\/page"}],"author":[{"embeddable":true,"href":"https:\/\/antersystem.com\/de\/wp-json\/wp\/v2\/users\/1"}],"replies":[{"embeddable":true,"href":"https:\/\/antersystem.com\/de\/wp-json\/wp\/v2\/comments?post=38883"}],"version-history":[{"count":1,"href":"https:\/\/antersystem.com\/de\/wp-json\/wp\/v2\/pages\/38883\/revisions"}],"predecessor-version":[{"id":38884,"href":"https:\/\/antersystem.com\/de\/wp-json\/wp\/v2\/pages\/38883\/revisions\/38884"}],"up":[{"embeddable":true,"href":"https:\/\/antersystem.com\/de\/wp-json\/wp\/v2\/pages\/30484"}],"wp:attachment":[{"href":"https:\/\/antersystem.com\/de\/wp-json\/wp\/v2\/media?parent=38883"}],"curies":[{"name":"wp","href":"https:\/\/api.w.org\/{rel}","templated":true}]}}