{"id":38901,"date":"2023-10-16T09:34:17","date_gmt":"2023-10-16T07:34:17","guid":{"rendered":"https:\/\/antersystem.com\/nachrichten\/safety-by-the-wall-top-logistyk-magazine\/"},"modified":"2026-02-02T14:15:57","modified_gmt":"2026-02-02T13:15:57","slug":"safety-by-the-wall-top-logistyk-magazine","status":"publish","type":"page","link":"https:\/\/antersystem.com\/de\/nachrichten\/safety-by-the-wall-top-logistyk-magazine\/","title":{"rendered":"Sicherheit an der Wand &#8211; Top Logistyk Magazin"},"content":{"rendered":"\n<div class=\"wp-block-columns is-layout-flex wp-container-core-columns-is-layout-9d6595d7 wp-block-columns-is-layout-flex\">\n<div class=\"wp-block-column is-layout-flow wp-block-column-is-layout-flow\" style=\"flex-basis:10%\"><\/div>\n\n\n\n<div class=\"wp-block-column is-layout-flow wp-block-column-is-layout-flow\">\n<h3 class=\"wp-block-heading\">Sicherheit an der Wand &#8211; Top Logistyk Magazin<\/h3>\n\n\n\n<p style=\"text-align: left;\">Im August 2019 ver\u00f6ffentlichte die Zeitschrift <em>Top Logistyk<\/em> einen Artikel, in dem unsere Hochregalschutzbarrieren &#8211; WALL PROTECTOR &#8211; vorgestellt wurden. Diese Barrieren verbessern die Sicherheit in Lagerbereichen erheblich und erm\u00f6glichen gleichzeitig eine optimale Nutzung der Lagerfl\u00e4che. <\/p>\n<p>&nbsp;<\/p>\n<p>&nbsp;<\/p>\n<\/div>\n\n\n\n<div class=\"wp-block-column is-layout-flow wp-block-column-is-layout-flow\" style=\"flex-basis:10%\"><\/div>\n<\/div>\n\n<div data-wp-interactive=\"core\/file\" class=\"wp-block-file\"><object data-wp-bind--hidden=\"!state.hasPdfPreview\" hidden class=\"wp-block-file__embed\" data=\"https:\/\/antersystem.com\/wp-content\/uploads\/TL_70_anter-2.pdf\" type=\"application\/pdf\" style=\"width:100%;height:600px\" aria-label=\"Einbettung von TL_70_anter-2.\"><\/object><a id=\"wp-block-file--media-ee450cea-ca59-4ce4-8c22-729773c7fc8d\" href=\"https:\/\/antersystem.com\/wp-content\/uploads\/TL_70_anter-2.pdf\">TL_70_anter-2<\/a><a href=\"https:\/\/antersystem.com\/wp-content\/uploads\/TL_70_anter-2.pdf\" class=\"wp-block-file__button wp-element-button\" download=\"\" aria-describedby=\"wp-block-file--media-ee450cea-ca59-4ce4-8c22-729773c7fc8d\">Herunterladen<\/a><\/div>\n","protected":false},"excerpt":{"rendered":"<p>Sicherheit an der Wand &#8211; Top Logistyk Magazin Im August 2019 ver\u00f6ffentlichte die Zeitschrift Top Logistyk einen Artikel, in dem unsere Hochregalschutzbarrieren &#8211; WALL PROTECTOR &#8211; vorgestellt wurden. Diese Barrieren verbessern die Sicherheit in Lagerbereichen erheblich und erm\u00f6glichen gleichzeitig eine optimale Nutzung der Lagerfl\u00e4che. &nbsp; &nbsp;<\/p>\n","protected":false},"author":1,"featured_media":0,"parent":30484,"menu_order":0,"comment_status":"closed","ping_status":"closed","template":"","meta":{"inline_featured_image":false,"ngg_post_thumbnail":0,"footnotes":""},"class_list":["post-38901","page","type-page","status-publish","hentry"],"acf":[],"yoast_head":"<!-- This site is optimized with the Yoast SEO plugin v27.0 - https:\/\/yoast.com\/product\/yoast-seo-wordpress\/ -->\n<title>Sicherheit an der Wand - Top Logistyk Magazin - Anter System<\/title>\n<meta name=\"description\" content=\"Der Bariery Wall Protector ist ein Bariery Restrictor, der mit einem breiten Sortiment an Bariery Wall Protectoren ausgestattet ist, die in der Lage sind, die Bariery Wall Palety zu sch\u00fctzen. Dieser Typus wird in der Praxis umgesetzt.\" \/>\n<meta name=\"robots\" content=\"index, follow, max-snippet:-1, max-image-preview:large, max-video-preview:-1\" \/>\n<link rel=\"canonical\" href=\"https:\/\/antersystem.com\/de\/nachrichten\/safety-by-the-wall-top-logistyk-magazine\/\" \/>\n<meta property=\"og:locale\" content=\"de_DE\" \/>\n<meta property=\"og:type\" content=\"article\" \/>\n<meta property=\"og:title\" content=\"Sicherheit an der Wand - Top Logistyk Magazin - Anter System\" \/>\n<meta property=\"og:description\" content=\"Der Bariery Wall Protector ist ein Bariery Restrictor, der mit einem breiten Sortiment an Bariery Wall Protectoren ausgestattet ist, die in der Lage sind, die Bariery Wall Palety zu sch\u00fctzen. Dieser Typus wird in der Praxis umgesetzt.\" \/>\n<meta property=\"og:url\" content=\"https:\/\/antersystem.com\/de\/nachrichten\/safety-by-the-wall-top-logistyk-magazine\/\" \/>\n<meta property=\"og:site_name\" content=\"Anter System\" \/>\n<meta property=\"article:modified_time\" content=\"2026-02-02T13:15:57+00:00\" \/>\n<meta name=\"twitter:card\" content=\"summary_large_image\" \/>\n<script type=\"application\/ld+json\" class=\"yoast-schema-graph\">{\"@context\":\"https:\/\/schema.org\",\"@graph\":[{\"@type\":\"WebPage\",\"@id\":\"https:\/\/antersystem.com\/de\/nachrichten\/safety-by-the-wall-top-logistyk-magazine\/\",\"url\":\"https:\/\/antersystem.com\/de\/nachrichten\/safety-by-the-wall-top-logistyk-magazine\/\",\"name\":\"Sicherheit an der Wand - Top Logistyk Magazin - Anter System\",\"isPartOf\":{\"@id\":\"https:\/\/antersystem.com\/de\/#website\"},\"datePublished\":\"2023-10-16T07:34:17+00:00\",\"dateModified\":\"2026-02-02T13:15:57+00:00\",\"description\":\"Der Bariery Wall Protector ist ein Bariery Restrictor, der mit einem breiten Sortiment an Bariery Wall Protectoren ausgestattet ist, die in der Lage sind, die Bariery Wall Palety zu sch\u00fctzen. Dieser Typus wird in der Praxis umgesetzt.\",\"breadcrumb\":{\"@id\":\"https:\/\/antersystem.com\/de\/nachrichten\/safety-by-the-wall-top-logistyk-magazine\/#breadcrumb\"},\"inLanguage\":\"de\",\"potentialAction\":[{\"@type\":\"ReadAction\",\"target\":[\"https:\/\/antersystem.com\/de\/nachrichten\/safety-by-the-wall-top-logistyk-magazine\/\"]}]},{\"@type\":\"BreadcrumbList\",\"@id\":\"https:\/\/antersystem.com\/de\/nachrichten\/safety-by-the-wall-top-logistyk-magazine\/#breadcrumb\",\"itemListElement\":[{\"@type\":\"ListItem\",\"position\":1,\"name\":\"AnterSystem\",\"item\":\"https:\/\/antersystem.com\/de\/\"},{\"@type\":\"ListItem\",\"position\":2,\"name\":\"Nachrichten\",\"item\":\"https:\/\/antersystem.com\/de\/nachrichten\/\"},{\"@type\":\"ListItem\",\"position\":3,\"name\":\"Sicherheit an der Wand &#8211; Top Logistyk Magazin\"}]},{\"@type\":\"WebSite\",\"@id\":\"https:\/\/antersystem.com\/de\/#website\",\"url\":\"https:\/\/antersystem.com\/de\/\",\"name\":\"Anter System\",\"description\":\"Jeste\u015bmy polskim producentem elastycznych barier ochronnych wykonywanych z polimerowych tworzyw sztucznych. Na rynku krajowym i zagranicznym dzia\u0142amy od ponad 15 lat dbaj\u0105c o zapewnienie bezpiecze\u0144stwa w zak\u0142adach produkcyjnych, magazynach oraz centrach logistycznych.\",\"potentialAction\":[{\"@type\":\"SearchAction\",\"target\":{\"@type\":\"EntryPoint\",\"urlTemplate\":\"https:\/\/antersystem.com\/de\/?s={search_term_string}\"},\"query-input\":{\"@type\":\"PropertyValueSpecification\",\"valueRequired\":true,\"valueName\":\"search_term_string\"}}],\"inLanguage\":\"de\"}]}<\/script>\n<!-- \/ Yoast SEO plugin. -->","yoast_head_json":{"title":"Sicherheit an der Wand - Top Logistyk Magazin - Anter System","description":"Der Bariery Wall Protector ist ein Bariery Restrictor, der mit einem breiten Sortiment an Bariery Wall Protectoren ausgestattet ist, die in der Lage sind, die Bariery Wall Palety zu sch\u00fctzen. Dieser Typus wird in der Praxis umgesetzt.","robots":{"index":"index","follow":"follow","max-snippet":"max-snippet:-1","max-image-preview":"max-image-preview:large","max-video-preview":"max-video-preview:-1"},"canonical":"https:\/\/antersystem.com\/de\/nachrichten\/safety-by-the-wall-top-logistyk-magazine\/","og_locale":"de_DE","og_type":"article","og_title":"Sicherheit an der Wand - Top Logistyk Magazin - Anter System","og_description":"Der Bariery Wall Protector ist ein Bariery Restrictor, der mit einem breiten Sortiment an Bariery Wall Protectoren ausgestattet ist, die in der Lage sind, die Bariery Wall Palety zu sch\u00fctzen. Dieser Typus wird in der Praxis umgesetzt.","og_url":"https:\/\/antersystem.com\/de\/nachrichten\/safety-by-the-wall-top-logistyk-magazine\/","og_site_name":"Anter System","article_modified_time":"2026-02-02T13:15:57+00:00","twitter_card":"summary_large_image","schema":{"@context":"https:\/\/schema.org","@graph":[{"@type":"WebPage","@id":"https:\/\/antersystem.com\/de\/nachrichten\/safety-by-the-wall-top-logistyk-magazine\/","url":"https:\/\/antersystem.com\/de\/nachrichten\/safety-by-the-wall-top-logistyk-magazine\/","name":"Sicherheit an der Wand - Top Logistyk Magazin - Anter System","isPartOf":{"@id":"https:\/\/antersystem.com\/de\/#website"},"datePublished":"2023-10-16T07:34:17+00:00","dateModified":"2026-02-02T13:15:57+00:00","description":"Der Bariery Wall Protector ist ein Bariery Restrictor, der mit einem breiten Sortiment an Bariery Wall Protectoren ausgestattet ist, die in der Lage sind, die Bariery Wall Palety zu sch\u00fctzen. Dieser Typus wird in der Praxis umgesetzt.","breadcrumb":{"@id":"https:\/\/antersystem.com\/de\/nachrichten\/safety-by-the-wall-top-logistyk-magazine\/#breadcrumb"},"inLanguage":"de","potentialAction":[{"@type":"ReadAction","target":["https:\/\/antersystem.com\/de\/nachrichten\/safety-by-the-wall-top-logistyk-magazine\/"]}]},{"@type":"BreadcrumbList","@id":"https:\/\/antersystem.com\/de\/nachrichten\/safety-by-the-wall-top-logistyk-magazine\/#breadcrumb","itemListElement":[{"@type":"ListItem","position":1,"name":"AnterSystem","item":"https:\/\/antersystem.com\/de\/"},{"@type":"ListItem","position":2,"name":"Nachrichten","item":"https:\/\/antersystem.com\/de\/nachrichten\/"},{"@type":"ListItem","position":3,"name":"Sicherheit an der Wand &#8211; Top Logistyk Magazin"}]},{"@type":"WebSite","@id":"https:\/\/antersystem.com\/de\/#website","url":"https:\/\/antersystem.com\/de\/","name":"Anter System","description":"Jeste\u015bmy polskim producentem elastycznych barier ochronnych wykonywanych z polimerowych tworzyw sztucznych. Na rynku krajowym i zagranicznym dzia\u0142amy od ponad 15 lat dbaj\u0105c o zapewnienie bezpiecze\u0144stwa w zak\u0142adach produkcyjnych, magazynach oraz centrach logistycznych.","potentialAction":[{"@type":"SearchAction","target":{"@type":"EntryPoint","urlTemplate":"https:\/\/antersystem.com\/de\/?s={search_term_string}"},"query-input":{"@type":"PropertyValueSpecification","valueRequired":true,"valueName":"search_term_string"}}],"inLanguage":"de"}]}},"_links":{"self":[{"href":"https:\/\/antersystem.com\/de\/wp-json\/wp\/v2\/pages\/38901","targetHints":{"allow":["GET"]}}],"collection":[{"href":"https:\/\/antersystem.com\/de\/wp-json\/wp\/v2\/pages"}],"about":[{"href":"https:\/\/antersystem.com\/de\/wp-json\/wp\/v2\/types\/page"}],"author":[{"embeddable":true,"href":"https:\/\/antersystem.com\/de\/wp-json\/wp\/v2\/users\/1"}],"replies":[{"embeddable":true,"href":"https:\/\/antersystem.com\/de\/wp-json\/wp\/v2\/comments?post=38901"}],"version-history":[{"count":1,"href":"https:\/\/antersystem.com\/de\/wp-json\/wp\/v2\/pages\/38901\/revisions"}],"predecessor-version":[{"id":38902,"href":"https:\/\/antersystem.com\/de\/wp-json\/wp\/v2\/pages\/38901\/revisions\/38902"}],"up":[{"embeddable":true,"href":"https:\/\/antersystem.com\/de\/wp-json\/wp\/v2\/pages\/30484"}],"wp:attachment":[{"href":"https:\/\/antersystem.com\/de\/wp-json\/wp\/v2\/media?parent=38901"}],"curies":[{"name":"wp","href":"https:\/\/api.w.org\/{rel}","templated":true}]}}