{"id":38934,"date":"2023-10-11T14:02:03","date_gmt":"2023-10-11T12:02:03","guid":{"rendered":"https:\/\/antersystem.com\/nachrichten\/symbol-2019\/"},"modified":"2026-02-02T15:23:14","modified_gmt":"2026-02-02T14:23:14","slug":"symbol-2019","status":"publish","type":"page","link":"https:\/\/antersystem.com\/de\/nachrichten\/symbol-2019\/","title":{"rendered":"Symbol 2019"},"content":{"rendered":"\n<div class=\"wp-block-columns is-layout-flex wp-container-core-columns-is-layout-9d6595d7 wp-block-columns-is-layout-flex\">\n<div class=\"wp-block-column is-layout-flow wp-block-column-is-layout-flow\" style=\"flex-basis:10%\"><\/div>\n\n\n\n<div class=\"wp-block-column is-layout-flow wp-block-column-is-layout-flow\">\n<h3 class=\"wp-block-heading\">Symbol 2019 f\u00fcr Anter System<\/h3>\n\n\n\n<p style=\"text-align: left;\">Im Jahr 2019 wurde unser Unternehmen Preistr\u00e4ger des prestigetr\u00e4chtigen Wettbewerbs Symbol 2019. Symbol ist ein landesweites, mediengest\u00fctztes Werbeprogramm der Redaktion von &#8222;Monitor rynkowy&#8220;, einer unabh\u00e4ngigen Beilage der &#8222;Rzeczpospolita&#8220;, die zusammen mit &#8222;Dziennik Gazeta Prawna&#8220; und &#8222;Monitor Biznesu&#8220; vertrieben wird.<\/p>\n<p style=\"text-align: left;\">Er unterst\u00fctzt die Medien beim Aufbau eines starken und zuverl\u00e4ssigen Unternehmensimages. Die Auszeichnung ist eine Anerkennung der bisherigen Leistungen und Aktivit\u00e4ten. <\/p>\n<p>In dem Artikel von Jacek Bies <a href=\"https:\/\/monitorrynkowy.pl\/bezpiecznie-przy-maszynach\/\">&#8222;Bezpiecznie przy maszynach&#8220;<\/a> k\u00f6nnen Sie in der zitierten Erkl\u00e4rung von Tomasz Bary\u0142a, Vorstandsvorsitzender von Anter System, \u00fcber die Ausrichtung der Aktivit\u00e4ten des Unternehmens lesen.<\/p>\n<p>&nbsp;<\/p>\n\n\n<div class=\"wp-block-image\">\n<figure class=\"aligncenter size-large is-resized\"><img loading=\"lazy\" decoding=\"async\" src=\"https:\/\/antersystem.com\/wp-content\/uploads\/Symbol_2019_poziom-1-1024x525.png\" alt=\"Symbol 2019 Auszeichnung f&#xFC;r Anter System von Monitor rynkowy\" class=\"wp-image-2819\" style=\"width:509px;height:261px\" width=\"509\" height=\"261\"\/><\/figure><\/div><\/div>\n\n\n\n<div class=\"wp-block-column is-layout-flow wp-block-column-is-layout-flow\" style=\"flex-basis:10%\"><\/div>\n<\/div>\n","protected":false},"excerpt":{"rendered":"<p>Symbol 2019 f\u00fcr Anter System Im Jahr 2019 wurde unser Unternehmen Preistr\u00e4ger des prestigetr\u00e4chtigen Wettbewerbs Symbol 2019. Symbol ist ein landesweites, mediengest\u00fctztes Werbeprogramm der Redaktion von &#8222;Monitor rynkowy&#8220;, einer unabh\u00e4ngigen Beilage der &#8222;Rzeczpospolita&#8220;, die zusammen mit &#8222;Dziennik Gazeta Prawna&#8220; und &#8222;Monitor Biznesu&#8220; vertrieben wird. Er unterst\u00fctzt die Medien beim Aufbau eines starken und zuverl\u00e4ssigen Unternehmensimages. [&hellip;]<\/p>\n","protected":false},"author":1,"featured_media":0,"parent":30484,"menu_order":0,"comment_status":"closed","ping_status":"closed","template":"","meta":{"inline_featured_image":false,"ngg_post_thumbnail":0,"footnotes":""},"class_list":["post-38934","page","type-page","status-publish","hentry"],"acf":[],"yoast_head":"<!-- This site is optimized with the Yoast SEO plugin v27.0 - https:\/\/yoast.com\/product\/yoast-seo-wordpress\/ -->\n<title>Symbol 2019 - Anter System<\/title>\n<meta name=\"description\" content=\"Nasza firma zosta\u0142a w roku 2019 laureatem presti\u017cowego konkursu Symbol 2019. Symbol to og\u00f3lnopolski, medialny program promocyjny, prowadzony przez redakcj\u0119 &quot;Monitora rynkowego&quot;.\" \/>\n<meta name=\"robots\" content=\"index, follow, max-snippet:-1, max-image-preview:large, max-video-preview:-1\" \/>\n<link rel=\"canonical\" href=\"https:\/\/antersystem.com\/de\/nachrichten\/symbol-2019\/\" \/>\n<meta property=\"og:locale\" content=\"de_DE\" \/>\n<meta property=\"og:type\" content=\"article\" \/>\n<meta property=\"og:title\" content=\"Symbol 2019 - Anter System\" \/>\n<meta property=\"og:description\" content=\"Nasza firma zosta\u0142a w roku 2019 laureatem presti\u017cowego konkursu Symbol 2019. Symbol to og\u00f3lnopolski, medialny program promocyjny, prowadzony przez redakcj\u0119 &quot;Monitora rynkowego&quot;.\" \/>\n<meta property=\"og:url\" content=\"https:\/\/antersystem.com\/de\/nachrichten\/symbol-2019\/\" \/>\n<meta property=\"og:site_name\" content=\"Anter System\" \/>\n<meta property=\"article:modified_time\" content=\"2026-02-02T14:23:14+00:00\" \/>\n<meta property=\"og:image\" content=\"https:\/\/antersystem.com\/wp-content\/uploads\/Symbol_2019_poziom-1-1024x525.png\" \/>\n<meta name=\"twitter:card\" content=\"summary_large_image\" \/>\n<meta name=\"twitter:label1\" content=\"Gesch\u00e4tzte Lesezeit\" \/>\n\t<meta name=\"twitter:data1\" content=\"1\u00a0Minute\" \/>\n<script type=\"application\/ld+json\" class=\"yoast-schema-graph\">{\"@context\":\"https:\/\/schema.org\",\"@graph\":[{\"@type\":\"WebPage\",\"@id\":\"https:\/\/antersystem.com\/de\/nachrichten\/symbol-2019\/\",\"url\":\"https:\/\/antersystem.com\/de\/nachrichten\/symbol-2019\/\",\"name\":\"Symbol 2019 - Anter System\",\"isPartOf\":{\"@id\":\"https:\/\/antersystem.com\/de\/#website\"},\"primaryImageOfPage\":{\"@id\":\"https:\/\/antersystem.com\/de\/nachrichten\/symbol-2019\/#primaryimage\"},\"image\":{\"@id\":\"https:\/\/antersystem.com\/de\/nachrichten\/symbol-2019\/#primaryimage\"},\"thumbnailUrl\":\"https:\/\/antersystem.com\/wp-content\/uploads\/Symbol_2019_poziom-1-1024x525.png\",\"datePublished\":\"2023-10-11T12:02:03+00:00\",\"dateModified\":\"2026-02-02T14:23:14+00:00\",\"description\":\"Nasza firma zosta\u0142a w roku 2019 laureatem presti\u017cowego konkursu Symbol 2019. Symbol to og\u00f3lnopolski, medialny program promocyjny, prowadzony przez redakcj\u0119 \\\"Monitora rynkowego\\\".\",\"breadcrumb\":{\"@id\":\"https:\/\/antersystem.com\/de\/nachrichten\/symbol-2019\/#breadcrumb\"},\"inLanguage\":\"de\",\"potentialAction\":[{\"@type\":\"ReadAction\",\"target\":[\"https:\/\/antersystem.com\/de\/nachrichten\/symbol-2019\/\"]}]},{\"@type\":\"ImageObject\",\"inLanguage\":\"de\",\"@id\":\"https:\/\/antersystem.com\/de\/nachrichten\/symbol-2019\/#primaryimage\",\"url\":\"https:\/\/antersystem.com\/wp-content\/uploads\/Symbol_2019_poziom-1-1024x525.png\",\"contentUrl\":\"https:\/\/antersystem.com\/wp-content\/uploads\/Symbol_2019_poziom-1-1024x525.png\"},{\"@type\":\"BreadcrumbList\",\"@id\":\"https:\/\/antersystem.com\/de\/nachrichten\/symbol-2019\/#breadcrumb\",\"itemListElement\":[{\"@type\":\"ListItem\",\"position\":1,\"name\":\"AnterSystem\",\"item\":\"https:\/\/antersystem.com\/de\/\"},{\"@type\":\"ListItem\",\"position\":2,\"name\":\"Nachrichten\",\"item\":\"https:\/\/antersystem.com\/de\/nachrichten\/\"},{\"@type\":\"ListItem\",\"position\":3,\"name\":\"Symbol 2019\"}]},{\"@type\":\"WebSite\",\"@id\":\"https:\/\/antersystem.com\/de\/#website\",\"url\":\"https:\/\/antersystem.com\/de\/\",\"name\":\"Anter System\",\"description\":\"Jeste\u015bmy polskim producentem elastycznych barier ochronnych wykonywanych z polimerowych tworzyw sztucznych. Na rynku krajowym i zagranicznym dzia\u0142amy od ponad 15 lat dbaj\u0105c o zapewnienie bezpiecze\u0144stwa w zak\u0142adach produkcyjnych, magazynach oraz centrach logistycznych.\",\"potentialAction\":[{\"@type\":\"SearchAction\",\"target\":{\"@type\":\"EntryPoint\",\"urlTemplate\":\"https:\/\/antersystem.com\/de\/?s={search_term_string}\"},\"query-input\":{\"@type\":\"PropertyValueSpecification\",\"valueRequired\":true,\"valueName\":\"search_term_string\"}}],\"inLanguage\":\"de\"}]}<\/script>\n<!-- \/ Yoast SEO plugin. -->","yoast_head_json":{"title":"Symbol 2019 - Anter System","description":"Nasza firma zosta\u0142a w roku 2019 laureatem presti\u017cowego konkursu Symbol 2019. Symbol to og\u00f3lnopolski, medialny program promocyjny, prowadzony przez redakcj\u0119 \"Monitora rynkowego\".","robots":{"index":"index","follow":"follow","max-snippet":"max-snippet:-1","max-image-preview":"max-image-preview:large","max-video-preview":"max-video-preview:-1"},"canonical":"https:\/\/antersystem.com\/de\/nachrichten\/symbol-2019\/","og_locale":"de_DE","og_type":"article","og_title":"Symbol 2019 - Anter System","og_description":"Nasza firma zosta\u0142a w roku 2019 laureatem presti\u017cowego konkursu Symbol 2019. Symbol to og\u00f3lnopolski, medialny program promocyjny, prowadzony przez redakcj\u0119 \"Monitora rynkowego\".","og_url":"https:\/\/antersystem.com\/de\/nachrichten\/symbol-2019\/","og_site_name":"Anter System","article_modified_time":"2026-02-02T14:23:14+00:00","og_image":[{"url":"https:\/\/antersystem.com\/wp-content\/uploads\/Symbol_2019_poziom-1-1024x525.png","type":"","width":"","height":""}],"twitter_card":"summary_large_image","twitter_misc":{"Gesch\u00e4tzte Lesezeit":"1\u00a0Minute"},"schema":{"@context":"https:\/\/schema.org","@graph":[{"@type":"WebPage","@id":"https:\/\/antersystem.com\/de\/nachrichten\/symbol-2019\/","url":"https:\/\/antersystem.com\/de\/nachrichten\/symbol-2019\/","name":"Symbol 2019 - Anter System","isPartOf":{"@id":"https:\/\/antersystem.com\/de\/#website"},"primaryImageOfPage":{"@id":"https:\/\/antersystem.com\/de\/nachrichten\/symbol-2019\/#primaryimage"},"image":{"@id":"https:\/\/antersystem.com\/de\/nachrichten\/symbol-2019\/#primaryimage"},"thumbnailUrl":"https:\/\/antersystem.com\/wp-content\/uploads\/Symbol_2019_poziom-1-1024x525.png","datePublished":"2023-10-11T12:02:03+00:00","dateModified":"2026-02-02T14:23:14+00:00","description":"Nasza firma zosta\u0142a w roku 2019 laureatem presti\u017cowego konkursu Symbol 2019. Symbol to og\u00f3lnopolski, medialny program promocyjny, prowadzony przez redakcj\u0119 \"Monitora rynkowego\".","breadcrumb":{"@id":"https:\/\/antersystem.com\/de\/nachrichten\/symbol-2019\/#breadcrumb"},"inLanguage":"de","potentialAction":[{"@type":"ReadAction","target":["https:\/\/antersystem.com\/de\/nachrichten\/symbol-2019\/"]}]},{"@type":"ImageObject","inLanguage":"de","@id":"https:\/\/antersystem.com\/de\/nachrichten\/symbol-2019\/#primaryimage","url":"https:\/\/antersystem.com\/wp-content\/uploads\/Symbol_2019_poziom-1-1024x525.png","contentUrl":"https:\/\/antersystem.com\/wp-content\/uploads\/Symbol_2019_poziom-1-1024x525.png"},{"@type":"BreadcrumbList","@id":"https:\/\/antersystem.com\/de\/nachrichten\/symbol-2019\/#breadcrumb","itemListElement":[{"@type":"ListItem","position":1,"name":"AnterSystem","item":"https:\/\/antersystem.com\/de\/"},{"@type":"ListItem","position":2,"name":"Nachrichten","item":"https:\/\/antersystem.com\/de\/nachrichten\/"},{"@type":"ListItem","position":3,"name":"Symbol 2019"}]},{"@type":"WebSite","@id":"https:\/\/antersystem.com\/de\/#website","url":"https:\/\/antersystem.com\/de\/","name":"Anter System","description":"Jeste\u015bmy polskim producentem elastycznych barier ochronnych wykonywanych z polimerowych tworzyw sztucznych. Na rynku krajowym i zagranicznym dzia\u0142amy od ponad 15 lat dbaj\u0105c o zapewnienie bezpiecze\u0144stwa w zak\u0142adach produkcyjnych, magazynach oraz centrach logistycznych.","potentialAction":[{"@type":"SearchAction","target":{"@type":"EntryPoint","urlTemplate":"https:\/\/antersystem.com\/de\/?s={search_term_string}"},"query-input":{"@type":"PropertyValueSpecification","valueRequired":true,"valueName":"search_term_string"}}],"inLanguage":"de"}]}},"_links":{"self":[{"href":"https:\/\/antersystem.com\/de\/wp-json\/wp\/v2\/pages\/38934","targetHints":{"allow":["GET"]}}],"collection":[{"href":"https:\/\/antersystem.com\/de\/wp-json\/wp\/v2\/pages"}],"about":[{"href":"https:\/\/antersystem.com\/de\/wp-json\/wp\/v2\/types\/page"}],"author":[{"embeddable":true,"href":"https:\/\/antersystem.com\/de\/wp-json\/wp\/v2\/users\/1"}],"replies":[{"embeddable":true,"href":"https:\/\/antersystem.com\/de\/wp-json\/wp\/v2\/comments?post=38934"}],"version-history":[{"count":1,"href":"https:\/\/antersystem.com\/de\/wp-json\/wp\/v2\/pages\/38934\/revisions"}],"predecessor-version":[{"id":38937,"href":"https:\/\/antersystem.com\/de\/wp-json\/wp\/v2\/pages\/38934\/revisions\/38937"}],"up":[{"embeddable":true,"href":"https:\/\/antersystem.com\/de\/wp-json\/wp\/v2\/pages\/30484"}],"wp:attachment":[{"href":"https:\/\/antersystem.com\/de\/wp-json\/wp\/v2\/media?parent=38934"}],"curies":[{"name":"wp","href":"https:\/\/api.w.org\/{rel}","templated":true}]}}