{"id":38954,"date":"2024-12-12T15:46:51","date_gmt":"2024-12-12T14:46:51","guid":{"rendered":"https:\/\/antersystem.com\/nachrichten\/anter-system-expert-commentary-for-kaizen-magazine\/"},"modified":"2026-02-02T15:23:18","modified_gmt":"2026-02-02T14:23:18","slug":"anter-system-expert-commentary-for-kaizen-magazine","status":"publish","type":"page","link":"https:\/\/antersystem.com\/de\/nachrichten\/anter-system-expert-commentary-for-kaizen-magazine\/","title":{"rendered":"Expertenkommentar von Anter System f\u00fcr die Zeitschrift KAIZEN"},"content":{"rendered":"\n<div class=\"wp-block-columns is-layout-flex wp-container-core-columns-is-layout-9d6595d7 wp-block-columns-is-layout-flex\">\n  \n  <div class=\"wp-block-column is-layout-flow wp-block-column-is-layout-flow\" style=\"flex-basis:10%\"><\/div>\n  \n\n  \n  <div class=\"wp-block-column is-layout-flow wp-block-column-is-layout-flow\">\n    \n    <h2 class=\"wp-block-heading\">Ein paar Worte von Anter System zum Thema Arbeitssicherheit f\u00fcr die Zeitschrift <em>Kaizen<\/em> <\/h2>\n    \n\n    \n    <p>Wir freuen uns, Ihnen mitteilen zu k\u00f6nnen, dass in der neuesten Ausgabe der Zeitschrift <em>Kaizen<\/em> (Oktober &#8211; November 2024, Nr. 5(70)\/2024) ein Expertenkommentar von <strong>Natalia Margatis, Projektmanagerin bei Anter System<\/strong>, erschienen ist. Der Kommentar ist Teil eines Artikels von Micha\u0142 Jurczak mit dem Titel <em>&#8222;Verkehrszone. Wie und womit sichert man Bewegungsbereiche f\u00fcr Ger\u00e4te und Personen in Industriehallen?&#8220;,<\/em> der die <strong>aktuellen Trends in der Arbeitssicherheit in industriellen Umgebungen<\/strong> untersucht <strong>.<\/strong> Der Artikel gibt einen \u00dcberblick \u00fcber eine breite Palette moderner L\u00f6sungen &#8211; von IT-Systemen bis hin zu physischen Schutzma\u00dfnahmen. <\/p>\n    \n\n    \n    <p><strong>Unser Expertenkommentar<\/strong> konzentriert sich auf das wachsende Bewusstsein f\u00fcr die Unfallverh\u00fctung in modernen Industrieanlagen, die Zusammenarbeit mit Fachleuten f\u00fcr Arbeitssicherheit bei Sicherheitsaudits und die neuesten Innovationen aus dem von Anter System entwickelten modularen System flexibler Schutzbarrieren.<\/p>\n    \n\n    \n    <blockquote class=\"wp-block-quote is-layout-flow wp-block-quote-is-layout-flow\">\n      \n      <p><em>&#8222;[&#8230;] Physische Sicherheitsbarrieren sind nach wie vor ein Schl\u00fcsselelement der Schutzsysteme in Industriehallen. Sie tragen dazu bei, das Risiko von Unf\u00e4llen mit Fu\u00dfg\u00e4ngern zu minimieren und Maschinen, Regale, Infrastruktur und andere Bereiche, die Sch\u00e4den ausgesetzt sind, wirksam zu sch\u00fctzen. Bei der Auswahl des richtigen Schutzes spielt das verwendete Material eine entscheidende Rolle. Es lohnt sich, die Haltbarkeit, Lebensdauer, Wartungsfreundlichkeit und \u00c4sthetik der angebotenen L\u00f6sungen zu ber\u00fccksichtigen. [&#8230;]      <\/em><\/p>\n      \n\n      \n      <p><em>Diese modernen Systeme bieten auch zus\u00e4tzliche Funktionen wie Warnleuchten oder akustische Signale. Immer beliebter werden auch L\u00f6sungen, die Schutzt\u00fcren blockieren, wenn ein sich n\u00e4herndes Fahrzeug erkannt wird. All diese Funktionen zielen darauf ab, Kollisionen zwischen Fu\u00dfg\u00e4ngern und Fahrzeugen in besonders sto\u00dfgef\u00e4hrdeten Bereichen zu verhindern.&#8220;  <\/em><\/p>\n      \n      <cite>Natalia Margatis, Projektleiterin bei Anter System, <em>Kaizen<\/em> Nr. 5(70)\/2024<\/cite>\n    <\/blockquote>\n    \n\n    \n    <p>Der vollst\u00e4ndige Artikel ist online verf\u00fcgbar unter: <a href=\"https:\/\/www.logistyczny.com\/sklep24\/index.php\/kaizen\/2024\/kaizen-5-2024-e-wydanie.html\"><em>Kaizen 5\/2024 e-edition &#8211; 2024 &#8211; Kaizen<\/em><\/a><\/p>\n    \n\n    \n    <p>Die neueste Ausgabe enth\u00e4lt auch viele andere aufschlussreiche Themen f\u00fcr Fachleute im Industriesektor &#8211; \u00fcber Management, Automatisierung, Robotik und KI in der Fertigung &#8211; sowie einen interessanten j\u00e4hrlichen zusammenfassenden Artikel: <em>&#8222;F\u00fcnf Trends. Neue Technologien in Logistik und Industrie im Jahr 2024 &#8211; von KI bis Elektrifizierung&#8220;.<\/em> Wir empfehlen die Lekt\u00fcre sehr!<\/p>\n    \n\n    \n    <p>&#8212;&#8212;&#8212;&#8212;&#8212;&#8212;&#8212;&#8212;&#8212;&#8212;&#8212;&#8212;-<\/p>\n    \n\n    \n    <p><em>&#8222;Kaizen. Ein Magazin \u00fcber Werkzeuge zur kontinuierlichen Verbesserung in der schlanken Produktion&#8220;<\/em> ist die einzige polnische Publikation, die sich an Kaizen\/Lean-Koordinatoren und Fachleute richtet, die Lean-Management-Strategien in Unternehmen umsetzen &#8211; mit besonderem Schwerpunkt auf Produktionsbereichen und -prozessen. Zu den erg\u00e4nzenden Inhalten geh\u00f6ren Materialien \u00fcber die in den Produktionslinien verwendete Hardware-Infrastruktur, L\u00f6sungen zur Automatisierung des Material- und Produktflusses sowie IT-Systeme zur Steuerung der Produktionsprozesse. <\/p>\n    \n\n    \n    <p><em>Quelle: <a href=\"https:\/\/www.logistyczny.com\/\">www.logistyczny.com<\/a><\/em><\/p>\n    \n  <\/div>\n  \n\n  \n  <div class=\"wp-block-column is-layout-flow wp-block-column-is-layout-flow\" style=\"flex-basis:10%\"><\/div>\n  \n<\/div>\n","protected":false},"excerpt":{"rendered":"<p>Ein paar Worte von Anter System zum Thema Arbeitssicherheit f\u00fcr die Zeitschrift Kaizen Wir freuen uns, Ihnen mitteilen zu k\u00f6nnen, dass in der neuesten Ausgabe der Zeitschrift Kaizen (Oktober &#8211; November 2024, Nr. 5(70)\/2024) ein Expertenkommentar von Natalia Margatis, Projektmanagerin bei Anter System, erschienen ist. Der Kommentar ist Teil eines Artikels von Micha\u0142 Jurczak mit [&hellip;]<\/p>\n","protected":false},"author":1,"featured_media":0,"parent":30484,"menu_order":0,"comment_status":"closed","ping_status":"closed","template":"","meta":{"inline_featured_image":false,"ngg_post_thumbnail":0,"footnotes":""},"class_list":["post-38954","page","type-page","status-publish","hentry"],"acf":[],"yoast_head":"<!-- This site is optimized with the Yoast SEO plugin v27.0 - https:\/\/yoast.com\/product\/yoast-seo-wordpress\/ -->\n<title>Expertenkommentar von Anter System f\u00fcr die Zeitschrift KAIZEN - Anter System<\/title>\n<meta name=\"description\" content=\"Zapraszamy do lektury najnowszego wydania magazynu KAIZEN, w kt\u00f3rym ukaza\u0142 si\u0119 komentarz ekspercki firmy Anter System\" \/>\n<meta name=\"robots\" content=\"index, follow, max-snippet:-1, max-image-preview:large, max-video-preview:-1\" \/>\n<link rel=\"canonical\" href=\"https:\/\/antersystem.com\/de\/nachrichten\/anter-system-expert-commentary-for-kaizen-magazine\/\" \/>\n<meta property=\"og:locale\" content=\"de_DE\" \/>\n<meta property=\"og:type\" content=\"article\" \/>\n<meta property=\"og:title\" content=\"Expertenkommentar von Anter System f\u00fcr die Zeitschrift KAIZEN - Anter System\" \/>\n<meta property=\"og:description\" content=\"Zapraszamy do lektury najnowszego wydania magazynu KAIZEN, w kt\u00f3rym ukaza\u0142 si\u0119 komentarz ekspercki firmy Anter System\" \/>\n<meta property=\"og:url\" content=\"https:\/\/antersystem.com\/de\/nachrichten\/anter-system-expert-commentary-for-kaizen-magazine\/\" \/>\n<meta property=\"og:site_name\" content=\"Anter System\" \/>\n<meta property=\"article:modified_time\" content=\"2026-02-02T14:23:18+00:00\" \/>\n<meta name=\"twitter:card\" content=\"summary_large_image\" \/>\n<meta name=\"twitter:label1\" content=\"Gesch\u00e4tzte Lesezeit\" \/>\n\t<meta name=\"twitter:data1\" content=\"2\u00a0Minuten\" \/>\n<script type=\"application\/ld+json\" class=\"yoast-schema-graph\">{\"@context\":\"https:\/\/schema.org\",\"@graph\":[{\"@type\":\"WebPage\",\"@id\":\"https:\/\/antersystem.com\/de\/nachrichten\/anter-system-expert-commentary-for-kaizen-magazine\/\",\"url\":\"https:\/\/antersystem.com\/de\/nachrichten\/anter-system-expert-commentary-for-kaizen-magazine\/\",\"name\":\"Expertenkommentar von Anter System f\u00fcr die Zeitschrift KAIZEN - Anter System\",\"isPartOf\":{\"@id\":\"https:\/\/antersystem.com\/de\/#website\"},\"datePublished\":\"2024-12-12T14:46:51+00:00\",\"dateModified\":\"2026-02-02T14:23:18+00:00\",\"description\":\"Zapraszamy do lektury najnowszego wydania magazynu KAIZEN, w kt\u00f3rym ukaza\u0142 si\u0119 komentarz ekspercki firmy Anter System\",\"breadcrumb\":{\"@id\":\"https:\/\/antersystem.com\/de\/nachrichten\/anter-system-expert-commentary-for-kaizen-magazine\/#breadcrumb\"},\"inLanguage\":\"de\",\"potentialAction\":[{\"@type\":\"ReadAction\",\"target\":[\"https:\/\/antersystem.com\/de\/nachrichten\/anter-system-expert-commentary-for-kaizen-magazine\/\"]}]},{\"@type\":\"BreadcrumbList\",\"@id\":\"https:\/\/antersystem.com\/de\/nachrichten\/anter-system-expert-commentary-for-kaizen-magazine\/#breadcrumb\",\"itemListElement\":[{\"@type\":\"ListItem\",\"position\":1,\"name\":\"AnterSystem\",\"item\":\"https:\/\/antersystem.com\/de\/\"},{\"@type\":\"ListItem\",\"position\":2,\"name\":\"Nachrichten\",\"item\":\"https:\/\/antersystem.com\/de\/nachrichten\/\"},{\"@type\":\"ListItem\",\"position\":3,\"name\":\"Expertenkommentar von Anter System f\u00fcr die Zeitschrift KAIZEN\"}]},{\"@type\":\"WebSite\",\"@id\":\"https:\/\/antersystem.com\/de\/#website\",\"url\":\"https:\/\/antersystem.com\/de\/\",\"name\":\"Anter System\",\"description\":\"Jeste\u015bmy polskim producentem elastycznych barier ochronnych wykonywanych z polimerowych tworzyw sztucznych. Na rynku krajowym i zagranicznym dzia\u0142amy od ponad 15 lat dbaj\u0105c o zapewnienie bezpiecze\u0144stwa w zak\u0142adach produkcyjnych, magazynach oraz centrach logistycznych.\",\"potentialAction\":[{\"@type\":\"SearchAction\",\"target\":{\"@type\":\"EntryPoint\",\"urlTemplate\":\"https:\/\/antersystem.com\/de\/?s={search_term_string}\"},\"query-input\":{\"@type\":\"PropertyValueSpecification\",\"valueRequired\":true,\"valueName\":\"search_term_string\"}}],\"inLanguage\":\"de\"}]}<\/script>\n<!-- \/ Yoast SEO plugin. -->","yoast_head_json":{"title":"Expertenkommentar von Anter System f\u00fcr die Zeitschrift KAIZEN - Anter System","description":"Zapraszamy do lektury najnowszego wydania magazynu KAIZEN, w kt\u00f3rym ukaza\u0142 si\u0119 komentarz ekspercki firmy Anter System","robots":{"index":"index","follow":"follow","max-snippet":"max-snippet:-1","max-image-preview":"max-image-preview:large","max-video-preview":"max-video-preview:-1"},"canonical":"https:\/\/antersystem.com\/de\/nachrichten\/anter-system-expert-commentary-for-kaizen-magazine\/","og_locale":"de_DE","og_type":"article","og_title":"Expertenkommentar von Anter System f\u00fcr die Zeitschrift KAIZEN - Anter System","og_description":"Zapraszamy do lektury najnowszego wydania magazynu KAIZEN, w kt\u00f3rym ukaza\u0142 si\u0119 komentarz ekspercki firmy Anter System","og_url":"https:\/\/antersystem.com\/de\/nachrichten\/anter-system-expert-commentary-for-kaizen-magazine\/","og_site_name":"Anter System","article_modified_time":"2026-02-02T14:23:18+00:00","twitter_card":"summary_large_image","twitter_misc":{"Gesch\u00e4tzte Lesezeit":"2\u00a0Minuten"},"schema":{"@context":"https:\/\/schema.org","@graph":[{"@type":"WebPage","@id":"https:\/\/antersystem.com\/de\/nachrichten\/anter-system-expert-commentary-for-kaizen-magazine\/","url":"https:\/\/antersystem.com\/de\/nachrichten\/anter-system-expert-commentary-for-kaizen-magazine\/","name":"Expertenkommentar von Anter System f\u00fcr die Zeitschrift KAIZEN - Anter System","isPartOf":{"@id":"https:\/\/antersystem.com\/de\/#website"},"datePublished":"2024-12-12T14:46:51+00:00","dateModified":"2026-02-02T14:23:18+00:00","description":"Zapraszamy do lektury najnowszego wydania magazynu KAIZEN, w kt\u00f3rym ukaza\u0142 si\u0119 komentarz ekspercki firmy Anter System","breadcrumb":{"@id":"https:\/\/antersystem.com\/de\/nachrichten\/anter-system-expert-commentary-for-kaizen-magazine\/#breadcrumb"},"inLanguage":"de","potentialAction":[{"@type":"ReadAction","target":["https:\/\/antersystem.com\/de\/nachrichten\/anter-system-expert-commentary-for-kaizen-magazine\/"]}]},{"@type":"BreadcrumbList","@id":"https:\/\/antersystem.com\/de\/nachrichten\/anter-system-expert-commentary-for-kaizen-magazine\/#breadcrumb","itemListElement":[{"@type":"ListItem","position":1,"name":"AnterSystem","item":"https:\/\/antersystem.com\/de\/"},{"@type":"ListItem","position":2,"name":"Nachrichten","item":"https:\/\/antersystem.com\/de\/nachrichten\/"},{"@type":"ListItem","position":3,"name":"Expertenkommentar von Anter System f\u00fcr die Zeitschrift KAIZEN"}]},{"@type":"WebSite","@id":"https:\/\/antersystem.com\/de\/#website","url":"https:\/\/antersystem.com\/de\/","name":"Anter System","description":"Jeste\u015bmy polskim producentem elastycznych barier ochronnych wykonywanych z polimerowych tworzyw sztucznych. Na rynku krajowym i zagranicznym dzia\u0142amy od ponad 15 lat dbaj\u0105c o zapewnienie bezpiecze\u0144stwa w zak\u0142adach produkcyjnych, magazynach oraz centrach logistycznych.","potentialAction":[{"@type":"SearchAction","target":{"@type":"EntryPoint","urlTemplate":"https:\/\/antersystem.com\/de\/?s={search_term_string}"},"query-input":{"@type":"PropertyValueSpecification","valueRequired":true,"valueName":"search_term_string"}}],"inLanguage":"de"}]}},"_links":{"self":[{"href":"https:\/\/antersystem.com\/de\/wp-json\/wp\/v2\/pages\/38954","targetHints":{"allow":["GET"]}}],"collection":[{"href":"https:\/\/antersystem.com\/de\/wp-json\/wp\/v2\/pages"}],"about":[{"href":"https:\/\/antersystem.com\/de\/wp-json\/wp\/v2\/types\/page"}],"author":[{"embeddable":true,"href":"https:\/\/antersystem.com\/de\/wp-json\/wp\/v2\/users\/1"}],"replies":[{"embeddable":true,"href":"https:\/\/antersystem.com\/de\/wp-json\/wp\/v2\/comments?post=38954"}],"version-history":[{"count":1,"href":"https:\/\/antersystem.com\/de\/wp-json\/wp\/v2\/pages\/38954\/revisions"}],"predecessor-version":[{"id":38956,"href":"https:\/\/antersystem.com\/de\/wp-json\/wp\/v2\/pages\/38954\/revisions\/38956"}],"up":[{"embeddable":true,"href":"https:\/\/antersystem.com\/de\/wp-json\/wp\/v2\/pages\/30484"}],"wp:attachment":[{"href":"https:\/\/antersystem.com\/de\/wp-json\/wp\/v2\/media?parent=38954"}],"curies":[{"name":"wp","href":"https:\/\/api.w.org\/{rel}","templated":true}]}}